{"id":8442,"date":"2023-08-25T11:52:28","date_gmt":"2023-08-25T09:52:28","guid":{"rendered":"https:\/\/tollscout.eu\/katschbergtunneln-vaegtull-oesterrike\/"},"modified":"2024-08-01T01:51:46","modified_gmt":"2024-07-31T23:51:46","slug":"katschbergtunneln-vaegtull-oesterrike","status":"publish","type":"page","link":"https:\/\/tollscout.eu\/sv\/katschbergtunneln-vaegtull-oesterrike\/","title":{"rendered":"Katschbergtunneln v\u00e4gtull \u00d6sterrike"},"content":{"rendered":"\n<div class=\"wp-block-uagb-container uagb-block-c1e2fce7 alignfull uagb-is-root-container\"><div class=\"uagb-container-inner-blocks-wrap\">\n<div class=\"wp-block-uagb-advanced-heading uagb-block-c767fabd\"><h1 class=\"uagb-heading-text\">Katschbergtunneln v\u00e4gtull \u00d6sterrike<\/h1><\/div>\n<\/div><\/div>\n\n<div class=\"wp-block-uagb-container uagb-block-7d404a70 alignfull uagb-is-root-container\"><div class=\"uagb-container-inner-blocks-wrap\">\n<div id=\"app\" data-context=\"at\"><\/div>\n<\/div><\/div>\n\n<div class=\"wp-block-uagb-container uagb-block-f356067b alignfull uagb-is-root-container\"><div class=\"uagb-container-inner-blocks-wrap\">\n<div class=\"wp-block-uagb-advanced-heading uagb-block-32bca494\"><h2 class=\"uagb-heading-text\">Katschbergtunnel v\u00e4gtull \u00d6sterrike (A 10 Tauern motorv\u00e4g)<\/h2><\/div>\n\n\n\n<p class=\"has-text-align-center\">Katschbergtunneln str\u00e4cker sig \u00f6ver en l\u00e4ngd av 5 898 meter och \u00e4r en del av Tauern Autobahn (A 10). Den fungerar ocks\u00e5 som en gr\u00e4nstunnel mellan de \u00f6sterrikiska delstaterna K\u00e4rnten och Salzburg. Denna tunnel spelar en avg\u00f6rande roll f\u00f6r att f\u00f6rbinda K\u00e4rnten Katschtal via Katschberg med Lungau i Salzburg. Det \u00e4r d\u00e4rf\u00f6r av stor betydelse f\u00f6r trafikleden fr\u00e5n Villach till Salzburg. Avsnitten mellan Katschbergtunneln och <a href=\"https:\/\/tollscout.eu\/sv\/tauerntunnel-vaegtull-oesterrike\/\">Tauerntunneln<\/a>, inklusive passagen genom sj\u00e4lva b\u00e5da tunnlarna, klassas som s\u00e5 kallade s\u00e4rskilda v\u00e4gtullar. Det inneb\u00e4r att de \u00e4r undantagna fr\u00e5n vinjettkravet, precis som alla andra s\u00e4rskilda v\u00e4gtullar i \u00d6sterrike.      <\/p>\n<\/div><\/div>\n\n<div class=\"wp-block-uagb-container uagb-block-7efd3c31 alignfull uagb-is-root-container\"><div class=\"uagb-container-inner-blocks-wrap\">\n<div class=\"wp-block-uagb-advanced-heading uagb-block-4602874c\"><h2 class=\"uagb-heading-text\">FAQ<\/h2><p class=\"uagb-desc-text\">H\u00e4r svarar vi p\u00e5 alla fr\u00e5gor om Katschbergtunneln i \u00d6sterrike<\/p><\/div>\n\n\n<div class=\"wp-block-uagb-faq uagb-faq__outer-wrap uagb-block-4fe496d4 uagb-faq-icon-row-reverse uagb-faq-layout-accordion uagb-faq-expand-first-false uagb-faq-inactive-other-true uagb-faq__wrap uagb-buttons-layout-wrap uagb-faq-equal-height     \" data-faqtoggle=\"true\" role=\"tablist\"><div class=\"wp-block-uagb-faq-child uagb-faq-child__outer-wrap uagb-faq-item uagb-block-1a70522e \" role=\"tab\" tabindex=\"0\"><div class=\"uagb-faq-questions-button uagb-faq-questions\">\t\t\t<span class=\"uagb-icon uagb-faq-icon-wrap\">\n\t\t\t\t\t\t\t<\/span>\n\t\t\t\t\t\t<span class=\"uagb-icon-active uagb-faq-icon-wrap\">\n\t\t\t\t\t\t\t\t<svg xmlns=\"https:\/\/www.w3.org\/2000\/svg\" viewBox= \"0 0 320 512\"><path d=\"M9.39 265.4l127.1-128C143.6 131.1 151.8 128 160 128s16.38 3.125 22.63 9.375l127.1 128c9.156 9.156 11.9 22.91 6.943 34.88S300.9 320 287.1 320H32.01c-12.94 0-24.62-7.781-29.58-19.75S.2333 274.5 9.39 265.4z\"><\/path><\/svg>\n\t\t\t\t\t\t\t<\/span>\n\t\t\t<h3 class=\"uagb-question\">N\u00e4r \u00f6ppnades Katschbergtunneln f\u00f6r trafik?<\/h3><\/div><div class=\"uagb-faq-content\"><p>Katschbergtunnelns f\u00f6rsta r\u00f6r \u00f6ppnades f\u00f6r trafik den 21 december 1974. Katschbergtunneln planerades fr\u00e5n b\u00f6rjan som en tv\u00e5r\u00f6rstunnel. Men 1988 stoppades planerna f\u00f6r det andra r\u00f6ret av kostnadssk\u00e4l och p\u00e5 grund av den l\u00e4gre trafikvolymen. Bygget \u00e5terupptogs inte f\u00f6rr\u00e4n 2004 och \u00f6ppnades f\u00f6r trafik i april 2009.    <\/p><\/div><\/div><div class=\"wp-block-uagb-faq-child uagb-faq-child__outer-wrap uagb-faq-item uagb-block-bd4b64b2 \" role=\"tab\" tabindex=\"0\"><div class=\"uagb-faq-questions-button uagb-faq-questions\">\t\t\t<span class=\"uagb-icon uagb-faq-icon-wrap\">\n\t\t\t\t\t\t\t<\/span>\n\t\t\t\t\t\t<span class=\"uagb-icon-active uagb-faq-icon-wrap\">\n\t\t\t\t\t\t\t\t<svg xmlns=\"https:\/\/www.w3.org\/2000\/svg\" viewBox= \"0 0 320 512\"><path d=\"M9.39 265.4l127.1-128C143.6 131.1 151.8 128 160 128s16.38 3.125 22.63 9.375l127.1 128c9.156 9.156 11.9 22.91 6.943 34.88S300.9 320 287.1 320H32.01c-12.94 0-24.62-7.781-29.58-19.75S.2333 274.5 9.39 265.4z\"><\/path><\/svg>\n\t\t\t\t\t\t\t<\/span>\n\t\t\t<h3 class=\"uagb-question\">Hur l\u00e5ng \u00e4r Katschbergtunneln (A10 Tauernautobahn)?<\/h3><\/div><div class=\"uagb-faq-content\"><p>Katschbergtunnelns f\u00f6rsta r\u00f6r (v\u00e4stra r\u00f6ret) \u00e4r 5 898 meter l\u00e5ngt och f\u00f6rbinder K\u00e4rnten Katschtal genom <a href=\"https:\/\/de.wikipedia.org\/wiki\/Katschberg\">Katschberg <\/a>med Lungau i Salzburg. Katschbergtunnelns andra r\u00f6r (\u00f6stra r\u00f6ret) \u00e4r 5 565 meter l\u00e5ngt. Katschbergtunneln och Tauerntunneln \u00e4r delar av Tauernautobahn (A10) som \u00e4r undantagna fr\u00e5n vinjettkravet men som \u00e4r f\u00f6rem\u00e5l f\u00f6r en s\u00e4rskild v\u00e4gtull.  <\/p><\/div><\/div><div class=\"wp-block-uagb-faq-child uagb-faq-child__outer-wrap uagb-faq-item uagb-block-49ae175a \" role=\"tab\" tabindex=\"0\"><div class=\"uagb-faq-questions-button uagb-faq-questions\">\t\t\t<span class=\"uagb-icon uagb-faq-icon-wrap\">\n\t\t\t\t\t\t\t<\/span>\n\t\t\t\t\t\t<span class=\"uagb-icon-active uagb-faq-icon-wrap\">\n\t\t\t\t\t\t\t\t<svg xmlns=\"https:\/\/www.w3.org\/2000\/svg\" viewBox= \"0 0 320 512\"><path d=\"M9.39 265.4l127.1-128C143.6 131.1 151.8 128 160 128s16.38 3.125 22.63 9.375l127.1 128c9.156 9.156 11.9 22.91 6.943 34.88S300.9 320 287.1 320H32.01c-12.94 0-24.62-7.781-29.58-19.75S.2333 274.5 9.39 265.4z\"><\/path><\/svg>\n\t\t\t\t\t\t\t<\/span>\n\t\t\t<h3 class=\"uagb-question\">Varf\u00f6r \u00e4r Katschbergtunneln undantagen fr\u00e5n vinjettkravet? <\/h3><\/div><div class=\"uagb-faq-content\"><p>Katschbergtunneln \u00e4r en del av str\u00e4ckan som \u00e4r undantagen fr\u00e5n vinjettkravet, men som \u00e4r belagd med en s\u00e4rskild v\u00e4gtull. V\u00e4gtullen f\u00f6r Tauernautobahn A10 kan k\u00f6pas snabbt och bekv\u00e4mt online via v\u00e5r onlinebutik. <\/p><\/div><\/div><div class=\"wp-block-uagb-faq-child uagb-faq-child__outer-wrap uagb-faq-item uagb-block-c7b6f203 \" role=\"tab\" tabindex=\"0\"><div class=\"uagb-faq-questions-button uagb-faq-questions\">\t\t\t<span class=\"uagb-icon uagb-faq-icon-wrap\">\n\t\t\t\t\t\t\t<\/span>\n\t\t\t\t\t\t<span class=\"uagb-icon-active uagb-faq-icon-wrap\">\n\t\t\t\t\t\t\t\t<svg xmlns=\"https:\/\/www.w3.org\/2000\/svg\" viewBox= \"0 0 320 512\"><path d=\"M9.39 265.4l127.1-128C143.6 131.1 151.8 128 160 128s16.38 3.125 22.63 9.375l127.1 128c9.156 9.156 11.9 22.91 6.943 34.88S300.9 320 287.1 320H32.01c-12.94 0-24.62-7.781-29.58-19.75S.2333 274.5 9.39 265.4z\"><\/path><\/svg>\n\t\t\t\t\t\t\t<\/span>\n\t\t\t<h3 class=\"uagb-question\">Hur mycket kostar v\u00e4gtullen f\u00f6r Katschbergtunneln i \u00d6sterrike? <\/h3><\/div><div class=\"uagb-faq-content\"><p>Kostnaden f\u00f6r en enkel passage genom Katschbergtunneln \u00e4r 13,50 \u20ac (fr\u00e5n 2023).<\/p><\/div><\/div><div class=\"wp-block-uagb-faq-child uagb-faq-child__outer-wrap uagb-faq-item uagb-block-66a7673f \" role=\"tab\" tabindex=\"0\"><div class=\"uagb-faq-questions-button uagb-faq-questions\">\t\t\t<span class=\"uagb-icon uagb-faq-icon-wrap\">\n\t\t\t\t\t\t\t<\/span>\n\t\t\t\t\t\t<span class=\"uagb-icon-active uagb-faq-icon-wrap\">\n\t\t\t\t\t\t\t\t<svg xmlns=\"https:\/\/www.w3.org\/2000\/svg\" viewBox= \"0 0 320 512\"><path d=\"M9.39 265.4l127.1-128C143.6 131.1 151.8 128 160 128s16.38 3.125 22.63 9.375l127.1 128c9.156 9.156 11.9 22.91 6.943 34.88S300.9 320 287.1 320H32.01c-12.94 0-24.62-7.781-29.58-19.75S.2333 274.5 9.39 265.4z\"><\/path><\/svg>\n\t\t\t\t\t\t\t<\/span>\n\t\t\t<h3 class=\"uagb-question\">Hur l\u00e5ng tid tar resan genom Katschbergtunneln?<\/h3><\/div><div class=\"uagb-faq-content\"><p>Resan genom Katschbergtunneln tar cirka 10 minuter.<\/p><\/div><\/div><div class=\"wp-block-uagb-faq-child uagb-faq-child__outer-wrap uagb-faq-item uagb-block-88984a11 \" role=\"tab\" tabindex=\"0\"><div class=\"uagb-faq-questions-button uagb-faq-questions\">\t\t\t<span class=\"uagb-icon uagb-faq-icon-wrap\">\n\t\t\t\t\t\t\t<\/span>\n\t\t\t\t\t\t<span class=\"uagb-icon-active uagb-faq-icon-wrap\">\n\t\t\t\t\t\t\t\t<svg xmlns=\"https:\/\/www.w3.org\/2000\/svg\" viewBox= \"0 0 320 512\"><path d=\"M9.39 265.4l127.1-128C143.6 131.1 151.8 128 160 128s16.38 3.125 22.63 9.375l127.1 128c9.156 9.156 11.9 22.91 6.943 34.88S300.9 320 287.1 320H32.01c-12.94 0-24.62-7.781-29.58-19.75S.2333 274.5 9.39 265.4z\"><\/path><\/svg>\n\t\t\t\t\t\t\t<\/span>\n\t\t\t<h3 class=\"uagb-question\">Hur bred och h\u00f6g \u00e4r Katschbergtunneln?<\/h3><\/div><div class=\"uagb-faq-content\"><p>K\u00f6rv\u00e4gsbredden p\u00e5 de \u00f6stra och v\u00e4stra r\u00f6ren \u00e4r 7,50 meter. H\u00f6jden p\u00e5 Katschbergtunneln \u00e4r 4,70 meter. <\/p><\/div><\/div><\/div><\/div><\/div>\n","protected":false},"excerpt":{"rendered":"<p>Katschbergtunneln v\u00e4gtull \u00d6sterrike Katschbergtunnel v\u00e4gtull \u00d6sterrike (A 10 Tauern motorv\u00e4g) Katschbergtunneln str\u00e4cker sig \u00f6ver en l\u00e4ngd av 5 898 meter [&hellip;]<\/p>\n","protected":false},"author":2,"featured_media":0,"parent":0,"menu_order":0,"comment_status":"closed","ping_status":"closed","template":"","meta":{"_uag_custom_page_level_css":"","site-sidebar-layout":"no-sidebar","site-content-layout":"","ast-site-content-layout":"normal-width-container","site-content-style":"unboxed","site-sidebar-style":"unboxed","ast-global-header-display":"","ast-banner-title-visibility":"","ast-main-header-display":"","ast-hfb-above-header-display":"","ast-hfb-below-header-display":"","ast-hfb-mobile-header-display":"","site-post-title":"disabled","ast-breadcrumbs-content":"","ast-featured-img":"","footer-sml-layout":"","ast-disable-related-posts":"","theme-transparent-header-meta":"enabled","adv-header-id-meta":"","stick-header-meta":"","header-above-stick-meta":"","header-main-stick-meta":"","header-below-stick-meta":"","astra-migrate-meta-layouts":"default","ast-page-background-enabled":"default","ast-page-background-meta":{"desktop":{"background-color":"var(--ast-global-color-5)","background-image":"","background-repeat":"repeat","background-position":"center center","background-size":"auto","background-attachment":"scroll","background-type":"","background-media":"","overlay-type":"","overlay-color":"","overlay-opacity":"","overlay-gradient":""},"tablet":{"background-color":"","background-image":"","background-repeat":"repeat","background-position":"center center","background-size":"auto","background-attachment":"scroll","background-type":"","background-media":"","overlay-type":"","overlay-color":"","overlay-opacity":"","overlay-gradient":""},"mobile":{"background-color":"","background-image":"","background-repeat":"repeat","background-position":"center center","background-size":"auto","background-attachment":"scroll","background-type":"","background-media":"","overlay-type":"","overlay-color":"","overlay-opacity":"","overlay-gradient":""}},"ast-content-background-meta":{"desktop":{"background-color":"var(--ast-global-color-4)","background-image":"","background-repeat":"repeat","background-position":"center center","background-size":"auto","background-attachment":"scroll","background-type":"","background-media":"","overlay-type":"","overlay-color":"","overlay-opacity":"","overlay-gradient":""},"tablet":{"background-color":"var(--ast-global-color-4)","background-image":"","background-repeat":"repeat","background-position":"center center","background-size":"auto","background-attachment":"scroll","background-type":"","background-media":"","overlay-type":"","overlay-color":"","overlay-opacity":"","overlay-gradient":""},"mobile":{"background-color":"var(--ast-global-color-4)","background-image":"","background-repeat":"repeat","background-position":"center center","background-size":"auto","background-attachment":"scroll","background-type":"","background-media":"","overlay-type":"","overlay-color":"","overlay-opacity":"","overlay-gradient":""}},"footnotes":""},"class_list":["post-8442","page","type-page","status-publish","hentry"],"yoast_head":"<!-- This site is optimized with the Yoast SEO plugin v27.1.1 - https:\/\/yoast.com\/product\/yoast-seo-wordpress\/ -->\n<title>Katschbergtunnelavgift \u00d6sterrike - digital v\u00e4gtull<\/title>\n<meta name=\"description\" content=\"K\u00f6p Katschbergtunnel toll \u00d6sterrike p\u00e5 Tauernautobahn A10 snabbt och bekv\u00e4mt online i v\u00e5r onlinebutik. G\u00e4ller omedelbart.\" \/>\n<meta name=\"robots\" content=\"index, follow, max-snippet:-1, max-image-preview:large, max-video-preview:-1\" \/>\n<link rel=\"canonical\" href=\"https:\/\/tollscout.eu\/sv\/katschbergtunneln-vaegtull-oesterrike\/\" \/>\n<meta property=\"og:locale\" content=\"sv_SE\" \/>\n<meta property=\"og:type\" content=\"article\" \/>\n<meta property=\"og:title\" content=\"Katschbergtunnelavgift \u00d6sterrike - digital v\u00e4gtull\" \/>\n<meta property=\"og:description\" content=\"K\u00f6p Katschbergtunnel toll \u00d6sterrike p\u00e5 Tauernautobahn A10 snabbt och bekv\u00e4mt online i v\u00e5r onlinebutik. G\u00e4ller omedelbart.\" \/>\n<meta property=\"og:url\" content=\"https:\/\/tollscout.eu\/sv\/katschbergtunneln-vaegtull-oesterrike\/\" \/>\n<meta property=\"og:site_name\" content=\"Tollscout\u00ae\" \/>\n<meta property=\"article:publisher\" content=\"https:\/\/facebook.com\/tollscout\" \/>\n<meta property=\"article:modified_time\" content=\"2024-07-31T23:51:46+00:00\" \/>\n<meta property=\"og:image\" content=\"https:\/\/tollscout.eu\/wp-content\/uploads\/2023\/08\/logo_color_360x92px.png\" \/>\n\t<meta property=\"og:image:width\" content=\"360\" \/>\n\t<meta property=\"og:image:height\" content=\"92\" \/>\n\t<meta property=\"og:image:type\" content=\"image\/png\" \/>\n<meta name=\"twitter:card\" content=\"summary_large_image\" \/>\n<meta name=\"twitter:site\" content=\"@tollscout\" \/>\n<meta name=\"twitter:label1\" content=\"Ber\u00e4knad l\u00e4stid\" \/>\n\t<meta name=\"twitter:data1\" content=\"1 minut\" \/>\n<script type=\"application\/ld+json\" class=\"yoast-schema-graph\">{\"@context\":\"https:\/\/schema.org\",\"@graph\":[{\"@type\":\"WebPage\",\"@id\":\"https:\/\/tollscout.eu\/sv\/katschbergtunneln-vaegtull-oesterrike\/\",\"url\":\"https:\/\/tollscout.eu\/sv\/katschbergtunneln-vaegtull-oesterrike\/\",\"name\":\"Katschbergtunnelavgift \u00d6sterrike - digital v\u00e4gtull\",\"isPartOf\":{\"@id\":\"https:\/\/tollscout.eu\/sv\/#website\"},\"datePublished\":\"2023-08-25T09:52:28+00:00\",\"dateModified\":\"2024-07-31T23:51:46+00:00\",\"description\":\"K\u00f6p Katschbergtunnel toll \u00d6sterrike p\u00e5 Tauernautobahn A10 snabbt och bekv\u00e4mt online i v\u00e5r onlinebutik. G\u00e4ller omedelbart.\",\"breadcrumb\":{\"@id\":\"https:\/\/tollscout.eu\/sv\/katschbergtunneln-vaegtull-oesterrike\/#breadcrumb\"},\"inLanguage\":\"sv-SE\",\"potentialAction\":[{\"@type\":\"ReadAction\",\"target\":[\"https:\/\/tollscout.eu\/sv\/katschbergtunneln-vaegtull-oesterrike\/\"]}]},{\"@type\":\"BreadcrumbList\",\"@id\":\"https:\/\/tollscout.eu\/sv\/katschbergtunneln-vaegtull-oesterrike\/#breadcrumb\",\"itemListElement\":[{\"@type\":\"ListItem\",\"position\":1,\"name\":\"Startseite\",\"item\":\"https:\/\/tollscout.eu\/sv\/\"},{\"@type\":\"ListItem\",\"position\":2,\"name\":\"Katschbergtunneln v\u00e4gtull \u00d6sterrike\"}]},{\"@type\":\"WebSite\",\"@id\":\"https:\/\/tollscout.eu\/sv\/#website\",\"url\":\"https:\/\/tollscout.eu\/sv\/\",\"name\":\"Tollscout\u00ae\",\"description\":\"\",\"publisher\":{\"@id\":\"https:\/\/tollscout.eu\/sv\/#organization\"},\"potentialAction\":[{\"@type\":\"SearchAction\",\"target\":{\"@type\":\"EntryPoint\",\"urlTemplate\":\"https:\/\/tollscout.eu\/sv\/?s={search_term_string}\"},\"query-input\":{\"@type\":\"PropertyValueSpecification\",\"valueRequired\":true,\"valueName\":\"search_term_string\"}}],\"inLanguage\":\"sv-SE\"},{\"@type\":\"Organization\",\"@id\":\"https:\/\/tollscout.eu\/sv\/#organization\",\"name\":\"TollScout\",\"alternateName\":\"TollScout\",\"url\":\"https:\/\/tollscout.eu\/sv\/\",\"logo\":{\"@type\":\"ImageObject\",\"inLanguage\":\"sv-SE\",\"@id\":\"https:\/\/tollscout.eu\/sv\/#\/schema\/logo\/image\/\",\"url\":\"https:\/\/tollscout.eu\/wp-content\/uploads\/2023\/11\/logo_social_media_1024.png\",\"contentUrl\":\"https:\/\/tollscout.eu\/wp-content\/uploads\/2023\/11\/logo_social_media_1024.png\",\"width\":1024,\"height\":1024,\"caption\":\"TollScout\"},\"image\":{\"@id\":\"https:\/\/tollscout.eu\/sv\/#\/schema\/logo\/image\/\"},\"sameAs\":[\"https:\/\/facebook.com\/tollscout\",\"https:\/\/x.com\/tollscout\",\"https:\/\/instagram.com\/tollscout\"]}]}<\/script>\n<!-- \/ Yoast SEO plugin. -->","yoast_head_json":{"title":"Katschbergtunnelavgift \u00d6sterrike - digital v\u00e4gtull","description":"K\u00f6p Katschbergtunnel toll \u00d6sterrike p\u00e5 Tauernautobahn A10 snabbt och bekv\u00e4mt online i v\u00e5r onlinebutik. G\u00e4ller omedelbart.","robots":{"index":"index","follow":"follow","max-snippet":"max-snippet:-1","max-image-preview":"max-image-preview:large","max-video-preview":"max-video-preview:-1"},"canonical":"https:\/\/tollscout.eu\/sv\/katschbergtunneln-vaegtull-oesterrike\/","og_locale":"sv_SE","og_type":"article","og_title":"Katschbergtunnelavgift \u00d6sterrike - digital v\u00e4gtull","og_description":"K\u00f6p Katschbergtunnel toll \u00d6sterrike p\u00e5 Tauernautobahn A10 snabbt och bekv\u00e4mt online i v\u00e5r onlinebutik. G\u00e4ller omedelbart.","og_url":"https:\/\/tollscout.eu\/sv\/katschbergtunneln-vaegtull-oesterrike\/","og_site_name":"Tollscout\u00ae","article_publisher":"https:\/\/facebook.com\/tollscout","article_modified_time":"2024-07-31T23:51:46+00:00","og_image":[{"width":360,"height":92,"url":"https:\/\/tollscout.eu\/wp-content\/uploads\/2023\/08\/logo_color_360x92px.png","type":"image\/png"}],"twitter_card":"summary_large_image","twitter_site":"@tollscout","twitter_misc":{"Ber\u00e4knad l\u00e4stid":"1 minut"},"schema":{"@context":"https:\/\/schema.org","@graph":[{"@type":"WebPage","@id":"https:\/\/tollscout.eu\/sv\/katschbergtunneln-vaegtull-oesterrike\/","url":"https:\/\/tollscout.eu\/sv\/katschbergtunneln-vaegtull-oesterrike\/","name":"Katschbergtunnelavgift \u00d6sterrike - digital v\u00e4gtull","isPartOf":{"@id":"https:\/\/tollscout.eu\/sv\/#website"},"datePublished":"2023-08-25T09:52:28+00:00","dateModified":"2024-07-31T23:51:46+00:00","description":"K\u00f6p Katschbergtunnel toll \u00d6sterrike p\u00e5 Tauernautobahn A10 snabbt och bekv\u00e4mt online i v\u00e5r onlinebutik. G\u00e4ller omedelbart.","breadcrumb":{"@id":"https:\/\/tollscout.eu\/sv\/katschbergtunneln-vaegtull-oesterrike\/#breadcrumb"},"inLanguage":"sv-SE","potentialAction":[{"@type":"ReadAction","target":["https:\/\/tollscout.eu\/sv\/katschbergtunneln-vaegtull-oesterrike\/"]}]},{"@type":"BreadcrumbList","@id":"https:\/\/tollscout.eu\/sv\/katschbergtunneln-vaegtull-oesterrike\/#breadcrumb","itemListElement":[{"@type":"ListItem","position":1,"name":"Startseite","item":"https:\/\/tollscout.eu\/sv\/"},{"@type":"ListItem","position":2,"name":"Katschbergtunneln v\u00e4gtull \u00d6sterrike"}]},{"@type":"WebSite","@id":"https:\/\/tollscout.eu\/sv\/#website","url":"https:\/\/tollscout.eu\/sv\/","name":"Tollscout\u00ae","description":"","publisher":{"@id":"https:\/\/tollscout.eu\/sv\/#organization"},"potentialAction":[{"@type":"SearchAction","target":{"@type":"EntryPoint","urlTemplate":"https:\/\/tollscout.eu\/sv\/?s={search_term_string}"},"query-input":{"@type":"PropertyValueSpecification","valueRequired":true,"valueName":"search_term_string"}}],"inLanguage":"sv-SE"},{"@type":"Organization","@id":"https:\/\/tollscout.eu\/sv\/#organization","name":"TollScout","alternateName":"TollScout","url":"https:\/\/tollscout.eu\/sv\/","logo":{"@type":"ImageObject","inLanguage":"sv-SE","@id":"https:\/\/tollscout.eu\/sv\/#\/schema\/logo\/image\/","url":"https:\/\/tollscout.eu\/wp-content\/uploads\/2023\/11\/logo_social_media_1024.png","contentUrl":"https:\/\/tollscout.eu\/wp-content\/uploads\/2023\/11\/logo_social_media_1024.png","width":1024,"height":1024,"caption":"TollScout"},"image":{"@id":"https:\/\/tollscout.eu\/sv\/#\/schema\/logo\/image\/"},"sameAs":["https:\/\/facebook.com\/tollscout","https:\/\/x.com\/tollscout","https:\/\/instagram.com\/tollscout"]}]}},"uagb_featured_image_src":{"full":false,"thumbnail":false,"medium":false,"medium_large":false,"large":false,"1536x1536":false,"2048x2048":false,"gform-image-choice-sm":false,"gform-image-choice-md":false,"gform-image-choice-lg":false},"uagb_author_info":{"display_name":"Tollscout","author_link":"https:\/\/tollscout.eu\/sv\/author\/m-hemm\/"},"uagb_comment_info":0,"uagb_excerpt":"Katschbergtunneln v\u00e4gtull \u00d6sterrike Katschbergtunnel v\u00e4gtull \u00d6sterrike (A 10 Tauern motorv\u00e4g) Katschbergtunneln str\u00e4cker sig \u00f6ver en l\u00e4ngd av 5 898 meter [&hellip;]","_links":{"self":[{"href":"https:\/\/tollscout.eu\/sv\/wp-json\/wp\/v2\/pages\/8442","targetHints":{"allow":["GET"]}}],"collection":[{"href":"https:\/\/tollscout.eu\/sv\/wp-json\/wp\/v2\/pages"}],"about":[{"href":"https:\/\/tollscout.eu\/sv\/wp-json\/wp\/v2\/types\/page"}],"author":[{"embeddable":true,"href":"https:\/\/tollscout.eu\/sv\/wp-json\/wp\/v2\/users\/2"}],"replies":[{"embeddable":true,"href":"https:\/\/tollscout.eu\/sv\/wp-json\/wp\/v2\/comments?post=8442"}],"version-history":[{"count":2,"href":"https:\/\/tollscout.eu\/sv\/wp-json\/wp\/v2\/pages\/8442\/revisions"}],"predecessor-version":[{"id":9085,"href":"https:\/\/tollscout.eu\/sv\/wp-json\/wp\/v2\/pages\/8442\/revisions\/9085"}],"wp:attachment":[{"href":"https:\/\/tollscout.eu\/sv\/wp-json\/wp\/v2\/media?parent=8442"}],"curies":[{"name":"wp","href":"https:\/\/api.w.org\/{rel}","templated":true}]}}