{"id":8385,"date":"2023-09-08T12:48:12","date_gmt":"2023-09-08T10:48:12","guid":{"rendered":"https:\/\/tollscout.eu\/koep-digital-vaegtull-online\/"},"modified":"2024-07-31T13:13:05","modified_gmt":"2024-07-31T11:13:05","slug":"koep-digital-vaegtull-online","status":"publish","type":"page","link":"https:\/\/tollscout.eu\/sv\/koep-digital-vaegtull-online\/","title":{"rendered":"K\u00f6p digital v\u00e4gtull online"},"content":{"rendered":"\n<div class=\"wp-block-uagb-container uagb-block-c1e2fce7 alignfull uagb-is-root-container\"><div class=\"uagb-container-inner-blocks-wrap\">\n<div class=\"wp-block-uagb-advanced-heading uagb-block-c767fabd\"><h1 class=\"uagb-heading-text\">K\u00f6p digital v\u00e4gtull online<\/h1><\/div>\n<\/div><\/div>\n\n<div class=\"wp-block-uagb-container uagb-block-610baaad alignfull uagb-is-root-container\"><div class=\"uagb-container-inner-blocks-wrap\">\n<div class=\"wp-block-uagb-container uagb-block-31b295f2\">\n<div class=\"wp-block-uagb-info-box uagb-block-2a89b7d9 uagb-infobox__content-wrap  uagb-infobox-icon-above-title uagb-infobox-image-valign-top\"><div class=\"uagb-ifb-content\"><div class=\"uagb-ifb-title-wrap\"><h2 class=\"uagb-ifb-title\">Digital v\u00e4gtull \u00d6sterrike<\/h2><\/div><p class=\"uagb-ifb-desc\">Den digitala v\u00e4gtullen \u00d6sterrike \u00e4r din nyckel till s\u00f6ml\u00f6sa motorv\u00e4gsresor i hj\u00e4rtat av Alperna. Bekv\u00e4mt k\u00f6pt online, det m\u00f6jligg\u00f6r stressfria resor, utan irriterande klisterm\u00e4rken eller tidsbegr\u00e4nsningar. Uppt\u00e4ck \u00d6sterrikes majest\u00e4tiska landskap och historiska st\u00e4der medan du reser bekymmersfritt p\u00e5 v\u00e4garna.  <\/p><div class=\"uagb-ifb-button-wrapper wp-block-button\"><a href=\"https:\/\/tollscout.eu\/digitale-streckenmaut-oesterreich\/\" class=\"uagb-infobox-cta-link wp-block-button__link\" target=\"_self\" rel=\"noopener noreferrer\" onclick=\"return true;\" alt=\"\"><span class=\"uagb-inline-editing\">K\u00f6p p\u00e5 n\u00e4tet<\/span><\/a><\/div><\/div><\/div>\n<\/div>\n\n\n\n<div class=\"wp-block-uagb-container uagb-block-7db25ae8\">\n<div class=\"wp-block-uagb-image uagb-block-f23a0025 wp-block-uagb-image--layout-default wp-block-uagb-image--effect-static wp-block-uagb-image--align-none\"><figure class=\"wp-block-uagb-image__figure\"><img decoding=\"async\" srcset=\"https:\/\/tollscout.eu\/wp-content\/uploads\/2024\/02\/nikolett-emmert-0kSrcV46cI4-unsplash-1024x683.jpg ,https:\/\/tollscout.eu\/wp-content\/uploads\/2024\/02\/nikolett-emmert-0kSrcV46cI4-unsplash-scaled.jpg 780w, https:\/\/tollscout.eu\/wp-content\/uploads\/2024\/02\/nikolett-emmert-0kSrcV46cI4-unsplash-scaled.jpg 360w\" sizes=\"auto, (max-width: 480px) 150px\" src=\"https:\/\/tollscout.eu\/wp-content\/uploads\/2024\/02\/nikolett-emmert-0kSrcV46cI4-unsplash-1024x683.jpg\" alt=\"Faaker See n\u00e4ra Villach, K\u00e4rnten, p\u00e5 avst\u00e5nd.\" class=\"uag-image-5315\" width=\"1024\" height=\"683\" title=\"\" loading=\"lazy\"><\/figure><\/div>\n<\/div>\n<\/div><\/div>\n\n<div class=\"wp-block-uagb-container uagb-block-0fa8dc87 alignfull uagb-is-root-container\"><div class=\"uagb-container-inner-blocks-wrap\">\n<div class=\"wp-block-uagb-container uagb-block-aaa491a8\">\n<div class=\"wp-block-uagb-image uagb-block-95ad5af2 wp-block-uagb-image--layout-default wp-block-uagb-image--effect-static wp-block-uagb-image--align-none\"><figure class=\"wp-block-uagb-image__figure\"><img decoding=\"async\" srcset=\"https:\/\/tollscout.eu\/wp-content\/uploads\/2024\/02\/louismoto-PuUzm0Npxz4-unsplash-1024x767.jpg ,https:\/\/tollscout.eu\/wp-content\/uploads\/2024\/02\/louismoto-PuUzm0Npxz4-unsplash-scaled.jpg 780w, https:\/\/tollscout.eu\/wp-content\/uploads\/2024\/02\/louismoto-PuUzm0Npxz4-unsplash-scaled.jpg 360w\" sizes=\"auto, (max-width: 480px) 150px\" src=\"https:\/\/tollscout.eu\/wp-content\/uploads\/2024\/02\/louismoto-PuUzm0Npxz4-unsplash-1024x767.jpg\" alt=\"En v\u00e4g i Sloveniens st\u00e4pp\" class=\"uag-image-5320\" width=\"1024\" height=\"767\" title=\"\" loading=\"lazy\"><\/figure><\/div>\n<\/div>\n\n\n\n<div class=\"wp-block-uagb-container uagb-block-273f62cc\">\n<div class=\"wp-block-uagb-info-box uagb-block-f179cbd3 uagb-infobox__content-wrap  uagb-infobox-icon-above-title uagb-infobox-image-valign-top\"><div class=\"uagb-ifb-content\"><div class=\"uagb-ifb-title-wrap\"><h2 class=\"uagb-ifb-title\">Digital v\u00e4gtull Slovenien<\/h2><\/div><p class=\"uagb-ifb-desc\">Digital v\u00e4gtullar till Slovenien \u00f6ppnar d\u00f6rren till of\u00f6rgl\u00f6mliga v\u00e4g\u00e4ventyr i detta f\u00f6rtrollade land. K\u00f6pt med bara n\u00e5gra f\u00e5 onlineklick ger den smidiga turer och tillg\u00e5ng till Sloveniens natursk\u00f6na stigar. Utforska m\u00e5ngfalden av Sloveniens landskap och f\u00f6rdjupa dig i dess rika kultur, utan lim eller tidsbegr\u00e4nsningar.  <\/p><div class=\"uagb-ifb-button-wrapper wp-block-button\"><a href=\"https:\/\/tollscout.eu\/digitale-vignette-slowenien-online\/\" class=\"uagb-infobox-cta-link wp-block-button__link\" target=\"_self\" rel=\"noopener noreferrer\" onclick=\"return true;\" alt=\"\"><span class=\"uagb-inline-editing\">Mer information<\/span><\/a><\/div><\/div><\/div>\n<\/div>\n<\/div><\/div>\n","protected":false},"excerpt":{"rendered":"<p>K\u00f6p digital v\u00e4gtull online<\/p>\n","protected":false},"author":2,"featured_media":0,"parent":0,"menu_order":0,"comment_status":"closed","ping_status":"closed","template":"","meta":{"_uag_custom_page_level_css":"","site-sidebar-layout":"no-sidebar","site-content-layout":"","ast-site-content-layout":"normal-width-container","site-content-style":"unboxed","site-sidebar-style":"unboxed","ast-global-header-display":"","ast-banner-title-visibility":"","ast-main-header-display":"","ast-hfb-above-header-display":"","ast-hfb-below-header-display":"","ast-hfb-mobile-header-display":"","site-post-title":"disabled","ast-breadcrumbs-content":"","ast-featured-img":"","footer-sml-layout":"","ast-disable-related-posts":"","theme-transparent-header-meta":"enabled","adv-header-id-meta":"","stick-header-meta":"","header-above-stick-meta":"","header-main-stick-meta":"","header-below-stick-meta":"","astra-migrate-meta-layouts":"default","ast-page-background-enabled":"default","ast-page-background-meta":{"desktop":{"background-color":"var(--ast-global-color-5)","background-image":"","background-repeat":"repeat","background-position":"center center","background-size":"auto","background-attachment":"scroll","background-type":"","background-media":"","overlay-type":"","overlay-color":"","overlay-opacity":"","overlay-gradient":""},"tablet":{"background-color":"","background-image":"","background-repeat":"repeat","background-position":"center center","background-size":"auto","background-attachment":"scroll","background-type":"","background-media":"","overlay-type":"","overlay-color":"","overlay-opacity":"","overlay-gradient":""},"mobile":{"background-color":"","background-image":"","background-repeat":"repeat","background-position":"center center","background-size":"auto","background-attachment":"scroll","background-type":"","background-media":"","overlay-type":"","overlay-color":"","overlay-opacity":"","overlay-gradient":""}},"ast-content-background-meta":{"desktop":{"background-color":"var(--ast-global-color-4)","background-image":"","background-repeat":"repeat","background-position":"center center","background-size":"auto","background-attachment":"scroll","background-type":"","background-media":"","overlay-type":"","overlay-color":"","overlay-opacity":"","overlay-gradient":""},"tablet":{"background-color":"var(--ast-global-color-4)","background-image":"","background-repeat":"repeat","background-position":"center center","background-size":"auto","background-attachment":"scroll","background-type":"","background-media":"","overlay-type":"","overlay-color":"","overlay-opacity":"","overlay-gradient":""},"mobile":{"background-color":"var(--ast-global-color-4)","background-image":"","background-repeat":"repeat","background-position":"center center","background-size":"auto","background-attachment":"scroll","background-type":"","background-media":"","overlay-type":"","overlay-color":"","overlay-opacity":"","overlay-gradient":""}},"footnotes":""},"class_list":["post-8385","page","type-page","status-publish","hentry"],"yoast_head":"<!-- This site is optimized with the Yoast SEO plugin v27.1.1 - https:\/\/yoast.com\/product\/yoast-seo-wordpress\/ -->\n<title>K\u00f6p digital v\u00e4gtull online Europa - giltig omedelbart<\/title>\n<meta name=\"description\" content=\"K\u00f6p digital v\u00e4gtull online f\u00f6r hela Europa. Registrera digitala v\u00e4gtullar enkelt, snabbt och s\u00e4kert. G\u00e4ller omedelbart.\" \/>\n<meta name=\"robots\" content=\"index, follow, max-snippet:-1, max-image-preview:large, max-video-preview:-1\" \/>\n<link rel=\"canonical\" href=\"https:\/\/tollscout.eu\/sv\/koep-digital-vaegtull-online\/\" \/>\n<meta property=\"og:locale\" content=\"sv_SE\" \/>\n<meta property=\"og:type\" content=\"article\" \/>\n<meta property=\"og:title\" content=\"K\u00f6p digital v\u00e4gtull online Europa - giltig omedelbart\" \/>\n<meta property=\"og:description\" content=\"K\u00f6p digital v\u00e4gtull online f\u00f6r hela Europa. Registrera digitala v\u00e4gtullar enkelt, snabbt och s\u00e4kert. G\u00e4ller omedelbart.\" \/>\n<meta property=\"og:url\" content=\"https:\/\/tollscout.eu\/sv\/koep-digital-vaegtull-online\/\" \/>\n<meta property=\"og:site_name\" content=\"Tollscout\u00ae\" \/>\n<meta property=\"article:publisher\" content=\"https:\/\/facebook.com\/tollscout\" \/>\n<meta property=\"article:modified_time\" content=\"2024-07-31T11:13:05+00:00\" \/>\n<meta property=\"og:image\" content=\"https:\/\/tollscout.eu\/wp-content\/uploads\/2024\/02\/nikolett-emmert-0kSrcV46cI4-unsplash-1024x683.jpg\" \/>\n<meta name=\"twitter:card\" content=\"summary_large_image\" \/>\n<meta name=\"twitter:site\" content=\"@tollscout\" \/>\n<meta name=\"twitter:label1\" content=\"Ber\u00e4knad l\u00e4stid\" \/>\n\t<meta name=\"twitter:data1\" content=\"1 minut\" \/>\n<script type=\"application\/ld+json\" class=\"yoast-schema-graph\">{\"@context\":\"https:\/\/schema.org\",\"@graph\":[{\"@type\":\"WebPage\",\"@id\":\"https:\/\/tollscout.eu\/sv\/koep-digital-vaegtull-online\/\",\"url\":\"https:\/\/tollscout.eu\/sv\/koep-digital-vaegtull-online\/\",\"name\":\"K\u00f6p digital v\u00e4gtull online Europa - giltig omedelbart\",\"isPartOf\":{\"@id\":\"https:\/\/tollscout.eu\/sv\/#website\"},\"primaryImageOfPage\":{\"@id\":\"https:\/\/tollscout.eu\/sv\/koep-digital-vaegtull-online\/#primaryimage\"},\"image\":{\"@id\":\"https:\/\/tollscout.eu\/sv\/koep-digital-vaegtull-online\/#primaryimage\"},\"thumbnailUrl\":\"https:\/\/tollscout.eu\/wp-content\/uploads\/2024\/02\/nikolett-emmert-0kSrcV46cI4-unsplash-1024x683.jpg\",\"datePublished\":\"2023-09-08T10:48:12+00:00\",\"dateModified\":\"2024-07-31T11:13:05+00:00\",\"description\":\"K\u00f6p digital v\u00e4gtull online f\u00f6r hela Europa. Registrera digitala v\u00e4gtullar enkelt, snabbt och s\u00e4kert. G\u00e4ller omedelbart.\",\"breadcrumb\":{\"@id\":\"https:\/\/tollscout.eu\/sv\/koep-digital-vaegtull-online\/#breadcrumb\"},\"inLanguage\":\"sv-SE\",\"potentialAction\":[{\"@type\":\"ReadAction\",\"target\":[\"https:\/\/tollscout.eu\/sv\/koep-digital-vaegtull-online\/\"]}]},{\"@type\":\"ImageObject\",\"inLanguage\":\"sv-SE\",\"@id\":\"https:\/\/tollscout.eu\/sv\/koep-digital-vaegtull-online\/#primaryimage\",\"url\":\"https:\/\/tollscout.eu\/wp-content\/uploads\/2024\/02\/nikolett-emmert-0kSrcV46cI4-unsplash-1024x683.jpg\",\"contentUrl\":\"https:\/\/tollscout.eu\/wp-content\/uploads\/2024\/02\/nikolett-emmert-0kSrcV46cI4-unsplash-1024x683.jpg\"},{\"@type\":\"BreadcrumbList\",\"@id\":\"https:\/\/tollscout.eu\/sv\/koep-digital-vaegtull-online\/#breadcrumb\",\"itemListElement\":[{\"@type\":\"ListItem\",\"position\":1,\"name\":\"Startseite\",\"item\":\"https:\/\/tollscout.eu\/sv\/\"},{\"@type\":\"ListItem\",\"position\":2,\"name\":\"K\u00f6p digital v\u00e4gtull online\"}]},{\"@type\":\"WebSite\",\"@id\":\"https:\/\/tollscout.eu\/sv\/#website\",\"url\":\"https:\/\/tollscout.eu\/sv\/\",\"name\":\"Tollscout\u00ae\",\"description\":\"\",\"publisher\":{\"@id\":\"https:\/\/tollscout.eu\/sv\/#organization\"},\"potentialAction\":[{\"@type\":\"SearchAction\",\"target\":{\"@type\":\"EntryPoint\",\"urlTemplate\":\"https:\/\/tollscout.eu\/sv\/?s={search_term_string}\"},\"query-input\":{\"@type\":\"PropertyValueSpecification\",\"valueRequired\":true,\"valueName\":\"search_term_string\"}}],\"inLanguage\":\"sv-SE\"},{\"@type\":\"Organization\",\"@id\":\"https:\/\/tollscout.eu\/sv\/#organization\",\"name\":\"TollScout\",\"alternateName\":\"TollScout\",\"url\":\"https:\/\/tollscout.eu\/sv\/\",\"logo\":{\"@type\":\"ImageObject\",\"inLanguage\":\"sv-SE\",\"@id\":\"https:\/\/tollscout.eu\/sv\/#\/schema\/logo\/image\/\",\"url\":\"https:\/\/tollscout.eu\/wp-content\/uploads\/2023\/11\/logo_social_media_1024.png\",\"contentUrl\":\"https:\/\/tollscout.eu\/wp-content\/uploads\/2023\/11\/logo_social_media_1024.png\",\"width\":1024,\"height\":1024,\"caption\":\"TollScout\"},\"image\":{\"@id\":\"https:\/\/tollscout.eu\/sv\/#\/schema\/logo\/image\/\"},\"sameAs\":[\"https:\/\/facebook.com\/tollscout\",\"https:\/\/x.com\/tollscout\",\"https:\/\/instagram.com\/tollscout\"]}]}<\/script>\n<!-- \/ Yoast SEO plugin. -->","yoast_head_json":{"title":"K\u00f6p digital v\u00e4gtull online Europa - giltig omedelbart","description":"K\u00f6p digital v\u00e4gtull online f\u00f6r hela Europa. Registrera digitala v\u00e4gtullar enkelt, snabbt och s\u00e4kert. G\u00e4ller omedelbart.","robots":{"index":"index","follow":"follow","max-snippet":"max-snippet:-1","max-image-preview":"max-image-preview:large","max-video-preview":"max-video-preview:-1"},"canonical":"https:\/\/tollscout.eu\/sv\/koep-digital-vaegtull-online\/","og_locale":"sv_SE","og_type":"article","og_title":"K\u00f6p digital v\u00e4gtull online Europa - giltig omedelbart","og_description":"K\u00f6p digital v\u00e4gtull online f\u00f6r hela Europa. Registrera digitala v\u00e4gtullar enkelt, snabbt och s\u00e4kert. G\u00e4ller omedelbart.","og_url":"https:\/\/tollscout.eu\/sv\/koep-digital-vaegtull-online\/","og_site_name":"Tollscout\u00ae","article_publisher":"https:\/\/facebook.com\/tollscout","article_modified_time":"2024-07-31T11:13:05+00:00","og_image":[{"url":"https:\/\/tollscout.eu\/wp-content\/uploads\/2024\/02\/nikolett-emmert-0kSrcV46cI4-unsplash-1024x683.jpg","type":"","width":"","height":""}],"twitter_card":"summary_large_image","twitter_site":"@tollscout","twitter_misc":{"Ber\u00e4knad l\u00e4stid":"1 minut"},"schema":{"@context":"https:\/\/schema.org","@graph":[{"@type":"WebPage","@id":"https:\/\/tollscout.eu\/sv\/koep-digital-vaegtull-online\/","url":"https:\/\/tollscout.eu\/sv\/koep-digital-vaegtull-online\/","name":"K\u00f6p digital v\u00e4gtull online Europa - giltig omedelbart","isPartOf":{"@id":"https:\/\/tollscout.eu\/sv\/#website"},"primaryImageOfPage":{"@id":"https:\/\/tollscout.eu\/sv\/koep-digital-vaegtull-online\/#primaryimage"},"image":{"@id":"https:\/\/tollscout.eu\/sv\/koep-digital-vaegtull-online\/#primaryimage"},"thumbnailUrl":"https:\/\/tollscout.eu\/wp-content\/uploads\/2024\/02\/nikolett-emmert-0kSrcV46cI4-unsplash-1024x683.jpg","datePublished":"2023-09-08T10:48:12+00:00","dateModified":"2024-07-31T11:13:05+00:00","description":"K\u00f6p digital v\u00e4gtull online f\u00f6r hela Europa. Registrera digitala v\u00e4gtullar enkelt, snabbt och s\u00e4kert. G\u00e4ller omedelbart.","breadcrumb":{"@id":"https:\/\/tollscout.eu\/sv\/koep-digital-vaegtull-online\/#breadcrumb"},"inLanguage":"sv-SE","potentialAction":[{"@type":"ReadAction","target":["https:\/\/tollscout.eu\/sv\/koep-digital-vaegtull-online\/"]}]},{"@type":"ImageObject","inLanguage":"sv-SE","@id":"https:\/\/tollscout.eu\/sv\/koep-digital-vaegtull-online\/#primaryimage","url":"https:\/\/tollscout.eu\/wp-content\/uploads\/2024\/02\/nikolett-emmert-0kSrcV46cI4-unsplash-1024x683.jpg","contentUrl":"https:\/\/tollscout.eu\/wp-content\/uploads\/2024\/02\/nikolett-emmert-0kSrcV46cI4-unsplash-1024x683.jpg"},{"@type":"BreadcrumbList","@id":"https:\/\/tollscout.eu\/sv\/koep-digital-vaegtull-online\/#breadcrumb","itemListElement":[{"@type":"ListItem","position":1,"name":"Startseite","item":"https:\/\/tollscout.eu\/sv\/"},{"@type":"ListItem","position":2,"name":"K\u00f6p digital v\u00e4gtull online"}]},{"@type":"WebSite","@id":"https:\/\/tollscout.eu\/sv\/#website","url":"https:\/\/tollscout.eu\/sv\/","name":"Tollscout\u00ae","description":"","publisher":{"@id":"https:\/\/tollscout.eu\/sv\/#organization"},"potentialAction":[{"@type":"SearchAction","target":{"@type":"EntryPoint","urlTemplate":"https:\/\/tollscout.eu\/sv\/?s={search_term_string}"},"query-input":{"@type":"PropertyValueSpecification","valueRequired":true,"valueName":"search_term_string"}}],"inLanguage":"sv-SE"},{"@type":"Organization","@id":"https:\/\/tollscout.eu\/sv\/#organization","name":"TollScout","alternateName":"TollScout","url":"https:\/\/tollscout.eu\/sv\/","logo":{"@type":"ImageObject","inLanguage":"sv-SE","@id":"https:\/\/tollscout.eu\/sv\/#\/schema\/logo\/image\/","url":"https:\/\/tollscout.eu\/wp-content\/uploads\/2023\/11\/logo_social_media_1024.png","contentUrl":"https:\/\/tollscout.eu\/wp-content\/uploads\/2023\/11\/logo_social_media_1024.png","width":1024,"height":1024,"caption":"TollScout"},"image":{"@id":"https:\/\/tollscout.eu\/sv\/#\/schema\/logo\/image\/"},"sameAs":["https:\/\/facebook.com\/tollscout","https:\/\/x.com\/tollscout","https:\/\/instagram.com\/tollscout"]}]}},"uagb_featured_image_src":{"full":false,"thumbnail":false,"medium":false,"medium_large":false,"large":false,"1536x1536":false,"2048x2048":false,"gform-image-choice-sm":false,"gform-image-choice-md":false,"gform-image-choice-lg":false},"uagb_author_info":{"display_name":"Tollscout","author_link":"https:\/\/tollscout.eu\/sv\/author\/m-hemm\/"},"uagb_comment_info":0,"uagb_excerpt":"K\u00f6p digital v\u00e4gtull online","_links":{"self":[{"href":"https:\/\/tollscout.eu\/sv\/wp-json\/wp\/v2\/pages\/8385","targetHints":{"allow":["GET"]}}],"collection":[{"href":"https:\/\/tollscout.eu\/sv\/wp-json\/wp\/v2\/pages"}],"about":[{"href":"https:\/\/tollscout.eu\/sv\/wp-json\/wp\/v2\/types\/page"}],"author":[{"embeddable":true,"href":"https:\/\/tollscout.eu\/sv\/wp-json\/wp\/v2\/users\/2"}],"replies":[{"embeddable":true,"href":"https:\/\/tollscout.eu\/sv\/wp-json\/wp\/v2\/comments?post=8385"}],"version-history":[{"count":1,"href":"https:\/\/tollscout.eu\/sv\/wp-json\/wp\/v2\/pages\/8385\/revisions"}],"predecessor-version":[{"id":8386,"href":"https:\/\/tollscout.eu\/sv\/wp-json\/wp\/v2\/pages\/8385\/revisions\/8386"}],"wp:attachment":[{"href":"https:\/\/tollscout.eu\/sv\/wp-json\/wp\/v2\/media?parent=8385"}],"curies":[{"name":"wp","href":"https:\/\/api.w.org\/{rel}","templated":true}]}}