{"id":8383,"date":"2023-08-25T12:00:01","date_gmt":"2023-08-25T10:00:01","guid":{"rendered":"https:\/\/tollscout.eu\/brenner-vaegtull-oesterrike\/"},"modified":"2024-08-01T01:57:54","modified_gmt":"2024-07-31T23:57:54","slug":"brenner-vaegtull-oesterrike","status":"publish","type":"page","link":"https:\/\/tollscout.eu\/sv\/brenner-vaegtull-oesterrike\/","title":{"rendered":"Brenner v\u00e4gtull \u00d6sterrike"},"content":{"rendered":"\n<div class=\"wp-block-uagb-container uagb-block-c1e2fce7 alignfull uagb-is-root-container\"><div class=\"uagb-container-inner-blocks-wrap\">\n<div class=\"wp-block-uagb-advanced-heading uagb-block-c767fabd\"><h1 class=\"uagb-heading-text\">Brenner v\u00e4gtull online \u00d6sterrike<\/h1><\/div>\n<\/div><\/div>\n\n<div class=\"wp-block-uagb-container uagb-block-03d628be alignfull uagb-is-root-container\"><div class=\"uagb-container-inner-blocks-wrap\">\n<div id=\"app\" data-context=\"at\"><\/div>\n<\/div><\/div>\n\n<div class=\"wp-block-uagb-container uagb-block-f356067b alignfull uagb-is-root-container\"><div class=\"uagb-container-inner-blocks-wrap\">\n<div class=\"wp-block-uagb-advanced-heading uagb-block-e02782db\"><h2 class=\"uagb-heading-text\">Brenner v\u00e4gtull online \u00d6sterrike<\/h2><p class=\"uagb-desc-text\">Brennermotorv\u00e4gen A 13, en del av Europav\u00e4g 45, str\u00e4cker sig genom Tyrolen och \u00e4r en integrerad del av Brennermotorv\u00e4gen, som byggdes p\u00e5 1960-talet och anses vara en av de f\u00f6rsta bergsmotorv\u00e4garna i v\u00e4rlden. Det \u00e4r den \u00f6sterrikiska delen av Brenner Autobahn. Den 5 april 1971 \u00f6ppnades hon officiellt f\u00f6r trafik mellan \u00d6sterrike och Italien. A 13 g\u00e5r fr\u00e5n Innsbruck (avfart Inntal Autobahn A 12) genom Wipptal till Brennerpasset, som har utgjort gr\u00e4nsen mellan Italien och \u00d6sterrike sedan 1920 enligt Saint-Germain-f\u00f6rdraget. Den efterf\u00f6ljande str\u00e4ckan p\u00e5 italienskt territorium kallas A 22, Brennermotorv\u00e4gen\/Autostrada del Brennero eller helt enkelt Autobrennero.    <\/p><\/div>\n<\/div><\/div>\n\n<div class=\"wp-block-uagb-container uagb-block-7efd3c31 alignfull uagb-is-root-container\"><div class=\"uagb-container-inner-blocks-wrap\">\n<div class=\"wp-block-uagb-advanced-heading uagb-block-4602874c\"><h2 class=\"uagb-heading-text\">FAQ<\/h2><p class=\"uagb-desc-text\">H\u00e4r svarar vi p\u00e5 alla fr\u00e5gor om Brenner v\u00e4gtull \u00d6sterrike.<\/p><\/div>\n\n\n<div class=\"wp-block-uagb-faq uagb-faq__outer-wrap uagb-block-4fe496d4 uagb-faq-icon-row-reverse uagb-faq-layout-accordion uagb-faq-expand-first-false uagb-faq-inactive-other-true uagb-faq__wrap uagb-buttons-layout-wrap uagb-faq-equal-height     \" data-faqtoggle=\"true\" role=\"tablist\"><div class=\"wp-block-uagb-faq-child uagb-faq-child__outer-wrap uagb-faq-item uagb-block-1a70522e \" role=\"tab\" tabindex=\"0\"><div class=\"uagb-faq-questions-button uagb-faq-questions\">\t\t\t<span class=\"uagb-icon uagb-faq-icon-wrap\">\n\t\t\t\t\t\t\t<\/span>\n\t\t\t\t\t\t<span class=\"uagb-icon-active uagb-faq-icon-wrap\">\n\t\t\t\t\t\t\t\t<svg xmlns=\"https:\/\/www.w3.org\/2000\/svg\" viewBox= \"0 0 320 512\"><path d=\"M9.39 265.4l127.1-128C143.6 131.1 151.8 128 160 128s16.38 3.125 22.63 9.375l127.1 128c9.156 9.156 11.9 22.91 6.943 34.88S300.9 320 287.1 320H32.01c-12.94 0-24.62-7.781-29.58-19.75S.2333 274.5 9.39 265.4z\"><\/path><\/svg>\n\t\t\t\t\t\t\t<\/span>\n\t\t\t<h3 class=\"uagb-question\">Hur mycket kostar Brenner-tullen i \u00d6sterrike? <\/h3><\/div><div class=\"uagb-faq-content\"><p>Avgifterna f\u00f6r Brennermotorv\u00e4gen (A13) kan variera beroende p\u00e5 fordonstyp, tid p\u00e5 \u00e5ret och ruttavsnitt. Det \u00e4r tillr\u00e5dligt att kontrollera de aktuella tarifferna p\u00e5 operat\u00f6rens officiella webbplats eller vid betalstationer, eftersom de kan komma att \u00e4ndras. Avgifterna ber\u00e4knas vanligtvis utifr\u00e5n k\u00f6rstr\u00e4cka och fordonskategori, med olika priser som g\u00e4ller f\u00f6r bilar, husbilar, lastbilar och bussar. Det \u00e4r ocks\u00e5 m\u00f6jligt att anv\u00e4nda olika betalningsalternativ som kontanter eller elektroniska v\u00e4gtullssystem f\u00f6r att betala v\u00e4gtullen p\u00e5 Brennermotorv\u00e4gen.   <\/p><\/div><\/div><div class=\"wp-block-uagb-faq-child uagb-faq-child__outer-wrap uagb-faq-item uagb-block-bd4b64b2 \" role=\"tab\" tabindex=\"0\"><div class=\"uagb-faq-questions-button uagb-faq-questions\">\t\t\t<span class=\"uagb-icon uagb-faq-icon-wrap\">\n\t\t\t\t\t\t\t<\/span>\n\t\t\t\t\t\t<span class=\"uagb-icon-active uagb-faq-icon-wrap\">\n\t\t\t\t\t\t\t\t<svg xmlns=\"https:\/\/www.w3.org\/2000\/svg\" viewBox= \"0 0 320 512\"><path d=\"M9.39 265.4l127.1-128C143.6 131.1 151.8 128 160 128s16.38 3.125 22.63 9.375l127.1 128c9.156 9.156 11.9 22.91 6.943 34.88S300.9 320 287.1 320H32.01c-12.94 0-24.62-7.781-29.58-19.75S.2333 274.5 9.39 265.4z\"><\/path><\/svg>\n\t\t\t\t\t\t\t<\/span>\n\t\t\t<h3 class=\"uagb-question\">Hur betalar du v\u00e4gtullen vid Brennerpasset? <\/h3><\/div><div class=\"uagb-faq-content\"><p>Den digitala v\u00e4gtullen f\u00f6r den \u00f6sterrikiska delen av Brenner Autobahn A13 kan k\u00f6pas b\u00e5de online fr\u00e5n oss och offline p\u00e5 v\u00e4gtullar och bensinstationer. Onlinek\u00f6p \u00e4r inte m\u00f6jliga f\u00f6r den italienska delen av motorv\u00e4g A22 Brenner. Detta beror p\u00e5 att \u00d6sterrike och Italien har olika v\u00e4gtullsystem. Av denna anledning m\u00e5ste v\u00e4gavgiften betalas i tullstationen.   <\/p><\/div><\/div><div class=\"wp-block-uagb-faq-child uagb-faq-child__outer-wrap uagb-faq-item uagb-block-49ae175a \" role=\"tab\" tabindex=\"0\"><div class=\"uagb-faq-questions-button uagb-faq-questions\">\t\t\t<span class=\"uagb-icon uagb-faq-icon-wrap\">\n\t\t\t\t\t\t\t<\/span>\n\t\t\t\t\t\t<span class=\"uagb-icon-active uagb-faq-icon-wrap\">\n\t\t\t\t\t\t\t\t<svg xmlns=\"https:\/\/www.w3.org\/2000\/svg\" viewBox= \"0 0 320 512\"><path d=\"M9.39 265.4l127.1-128C143.6 131.1 151.8 128 160 128s16.38 3.125 22.63 9.375l127.1 128c9.156 9.156 11.9 22.91 6.943 34.88S300.9 320 287.1 320H32.01c-12.94 0-24.62-7.781-29.58-19.75S.2333 274.5 9.39 265.4z\"><\/path><\/svg>\n\t\t\t\t\t\t\t<\/span>\n\t\t\t<h3 class=\"uagb-question\">Var betalas Brenneravgiften?<\/h3><\/div><div class=\"uagb-faq-content\"><p>Avgiften p\u00e5 den italienska delen av Brennermotorv\u00e4gen, <a href=\"https:\/\/de.wikipedia.org\/wiki\/Autostrada_A22\">Autostrada A22<\/a>, betalas vid betalstationer l\u00e4ngs motorv\u00e4gen. F\u00f6rare m\u00e5ste betala en avgift p\u00e5 dessa stationer f\u00f6r att kunna anv\u00e4nda motorv\u00e4gen. Det finns inget alternativ att betala online eller f\u00f6rskottsbetala v\u00e4gavgiften. V\u00e4gtullen f\u00f6r den <a href=\"https:\/\/de.wikipedia.org\/wiki\/Brenner_Autobahn\">\u00f6sterrikiska delen av Brenner Autobahn A13<\/a> kan k\u00f6pas b\u00e5de offline och online i v\u00e5r onlinebutik.   <\/p><\/div><\/div><div class=\"wp-block-uagb-faq-child uagb-faq-child__outer-wrap uagb-faq-item uagb-block-c7b6f203 \" role=\"tab\" tabindex=\"0\"><div class=\"uagb-faq-questions-button uagb-faq-questions\">\t\t\t<span class=\"uagb-icon uagb-faq-icon-wrap\">\n\t\t\t\t\t\t\t<\/span>\n\t\t\t\t\t\t<span class=\"uagb-icon-active uagb-faq-icon-wrap\">\n\t\t\t\t\t\t\t\t<svg xmlns=\"https:\/\/www.w3.org\/2000\/svg\" viewBox= \"0 0 320 512\"><path d=\"M9.39 265.4l127.1-128C143.6 131.1 151.8 128 160 128s16.38 3.125 22.63 9.375l127.1 128c9.156 9.156 11.9 22.91 6.943 34.88S300.9 320 287.1 320H32.01c-12.94 0-24.62-7.781-29.58-19.75S.2333 274.5 9.39 265.4z\"><\/path><\/svg>\n\t\t\t\t\t\t\t<\/span>\n\t\t\t<h3 class=\"uagb-question\">Vilken vinjett eller v\u00e4gtull beh\u00f6ver jag f\u00f6r Brenner?<\/h3><\/div><div class=\"uagb-faq-content\"><p>Vilka vinjetter och\/eller v\u00e4gtullar som kr\u00e4vs f\u00f6r Brennerpasset beror p\u00e5 start och destination. Beroende p\u00e5 vilket h\u00f6rn av Europa du vill n\u00e5 destinationer efter Brenner, skiljer sig n\u00f6dv\u00e4ndiga vinjetter och v\u00e4gtullar. Du kan k\u00f6pa <a href=\"https:\/\/tollscout.eu\/digitale-vignette-oestehttps:\/\/tollscout.eu\/digitale-vignette-oesterreich-online\/rreich-online\/\">vinjetter f\u00f6r \u00d6sterrike<\/a>, Slovenien, Schweiz, Rum\u00e4nien, Bulgarien, Slovakien, Ungern och Tjeckien i v\u00e5r onlinebutik. V\u00e4gtullar f\u00f6r \u00d6sterrike \u00e4r ocks\u00e5 tillg\u00e4ngliga fr\u00e5n oss.    <\/p><\/div><\/div><div class=\"wp-block-uagb-faq-child uagb-faq-child__outer-wrap uagb-faq-item uagb-block-66a7673f \" role=\"tab\" tabindex=\"0\"><div class=\"uagb-faq-questions-button uagb-faq-questions\">\t\t\t<span class=\"uagb-icon uagb-faq-icon-wrap\">\n\t\t\t\t\t\t\t<\/span>\n\t\t\t\t\t\t<span class=\"uagb-icon-active uagb-faq-icon-wrap\">\n\t\t\t\t\t\t\t\t<svg xmlns=\"https:\/\/www.w3.org\/2000\/svg\" viewBox= \"0 0 320 512\"><path d=\"M9.39 265.4l127.1-128C143.6 131.1 151.8 128 160 128s16.38 3.125 22.63 9.375l127.1 128c9.156 9.156 11.9 22.91 6.943 34.88S300.9 320 287.1 320H32.01c-12.94 0-24.62-7.781-29.58-19.75S.2333 274.5 9.39 265.4z\"><\/path><\/svg>\n\t\t\t\t\t\t\t<\/span>\n\t\t\t<h3 class=\"uagb-question\">Hur mycket kostar Brenner-tullen f\u00f6r Bolzano?<\/h3><\/div><div class=\"uagb-faq-content\"><p>Det g\u00e5r inte att s\u00e4ga generellt vad v\u00e4gtullen blir \u00f6ver Brennerpasset till Bolzano, eftersom det beror p\u00e5 var du kommer ifr\u00e5n. Om du k\u00f6r fr\u00e5n Tyskland eller \u00d6sterrike via Brennerpasset mot Bolzano m\u00e5ste du vanligtvis betala en \u00f6sterrikisk vinjett samt v\u00e4gtullar f\u00f6r den \u00f6sterrikiska delen av Brenner Autobahn A13 och den italienska Brenner Autobahn A22.  <\/p><\/div><\/div><div class=\"wp-block-uagb-faq-child uagb-faq-child__outer-wrap uagb-faq-item uagb-block-fe87bb9c \" role=\"tab\" tabindex=\"0\"><div class=\"uagb-faq-questions-button uagb-faq-questions\">\t\t\t<span class=\"uagb-icon uagb-faq-icon-wrap\">\n\t\t\t\t\t\t\t<\/span>\n\t\t\t\t\t\t<span class=\"uagb-icon-active uagb-faq-icon-wrap\">\n\t\t\t\t\t\t\t\t<svg xmlns=\"https:\/\/www.w3.org\/2000\/svg\" viewBox= \"0 0 320 512\"><path d=\"M9.39 265.4l127.1-128C143.6 131.1 151.8 128 160 128s16.38 3.125 22.63 9.375l127.1 128c9.156 9.156 11.9 22.91 6.943 34.88S300.9 320 287.1 320H32.01c-12.94 0-24.62-7.781-29.58-19.75S.2333 274.5 9.39 265.4z\"><\/path><\/svg>\n\t\t\t\t\t\t\t<\/span>\n\t\t\t<h3 class=\"uagb-question\">Hur mycket v\u00e4gtull betalar du till Gardasj\u00f6n?<\/h3><\/div><div class=\"uagb-faq-content\"><p>N\u00e4r det g\u00e4ller v\u00e4gtullen \u00f6ver Brennerpasset till Gardasj\u00f6n finns det inget generellt svar d\u00e5 det beror p\u00e5 vilket h\u00e5ll du kommer ifr\u00e5n. Om du k\u00f6r fr\u00e5n Tyskland eller \u00d6sterrike \u00f6ver Brennerpasset mot Gardasj\u00f6n m\u00e5ste du vanligtvis betala en \u00f6sterrikisk vinjett samt v\u00e4gtullar f\u00f6r den \u00f6sterrikiska delen av Brenner Autobahn A13 och den italienska Brenner Autobahn A22. <\/p><\/div><\/div><\/div><\/div><\/div>\n","protected":false},"excerpt":{"rendered":"<p>Brenner v\u00e4gtull online \u00d6sterrike Brenner v\u00e4gtull online \u00d6sterrike Brennermotorv\u00e4gen A 13, en del av Europav\u00e4g 45, str\u00e4cker sig genom Tyrolen [&hellip;]<\/p>\n","protected":false},"author":2,"featured_media":0,"parent":0,"menu_order":0,"comment_status":"closed","ping_status":"closed","template":"","meta":{"_uag_custom_page_level_css":"","site-sidebar-layout":"no-sidebar","site-content-layout":"","ast-site-content-layout":"normal-width-container","site-content-style":"unboxed","site-sidebar-style":"unboxed","ast-global-header-display":"","ast-banner-title-visibility":"","ast-main-header-display":"","ast-hfb-above-header-display":"","ast-hfb-below-header-display":"","ast-hfb-mobile-header-display":"","site-post-title":"disabled","ast-breadcrumbs-content":"","ast-featured-img":"","footer-sml-layout":"","ast-disable-related-posts":"","theme-transparent-header-meta":"enabled","adv-header-id-meta":"","stick-header-meta":"","header-above-stick-meta":"","header-main-stick-meta":"","header-below-stick-meta":"","astra-migrate-meta-layouts":"default","ast-page-background-enabled":"default","ast-page-background-meta":{"desktop":{"background-color":"var(--ast-global-color-5)","background-image":"","background-repeat":"repeat","background-position":"center center","background-size":"auto","background-attachment":"scroll","background-type":"","background-media":"","overlay-type":"","overlay-color":"","overlay-opacity":"","overlay-gradient":""},"tablet":{"background-color":"","background-image":"","background-repeat":"repeat","background-position":"center center","background-size":"auto","background-attachment":"scroll","background-type":"","background-media":"","overlay-type":"","overlay-color":"","overlay-opacity":"","overlay-gradient":""},"mobile":{"background-color":"","background-image":"","background-repeat":"repeat","background-position":"center center","background-size":"auto","background-attachment":"scroll","background-type":"","background-media":"","overlay-type":"","overlay-color":"","overlay-opacity":"","overlay-gradient":""}},"ast-content-background-meta":{"desktop":{"background-color":"var(--ast-global-color-4)","background-image":"","background-repeat":"repeat","background-position":"center center","background-size":"auto","background-attachment":"scroll","background-type":"","background-media":"","overlay-type":"","overlay-color":"","overlay-opacity":"","overlay-gradient":""},"tablet":{"background-color":"var(--ast-global-color-4)","background-image":"","background-repeat":"repeat","background-position":"center center","background-size":"auto","background-attachment":"scroll","background-type":"","background-media":"","overlay-type":"","overlay-color":"","overlay-opacity":"","overlay-gradient":""},"mobile":{"background-color":"var(--ast-global-color-4)","background-image":"","background-repeat":"repeat","background-position":"center center","background-size":"auto","background-attachment":"scroll","background-type":"","background-media":"","overlay-type":"","overlay-color":"","overlay-opacity":"","overlay-gradient":""}},"footnotes":""},"class_list":["post-8383","page","type-page","status-publish","hentry"],"yoast_head":"<!-- This site is optimized with the Yoast SEO plugin v27.1.1 - https:\/\/yoast.com\/product\/yoast-seo-wordpress\/ -->\n<title>Brenner Toll Online \u00d6sterrike - G\u00e4ller omedelbart<\/title>\n<meta name=\"description\" content=\"Brenner v\u00e4gtull online \u00d6sterrike. K\u00f6p den digitala v\u00e4gtullen f\u00f6r motorv\u00e4g A13 Brenner snabbt och enkelt online. G\u00e4ller omedelbart.\" \/>\n<meta name=\"robots\" content=\"index, follow, max-snippet:-1, max-image-preview:large, max-video-preview:-1\" \/>\n<link rel=\"canonical\" href=\"https:\/\/tollscout.eu\/sv\/brenner-vaegtull-oesterrike\/\" \/>\n<meta property=\"og:locale\" content=\"sv_SE\" \/>\n<meta property=\"og:type\" content=\"article\" \/>\n<meta property=\"og:title\" content=\"Brenner Toll Online \u00d6sterrike - G\u00e4ller omedelbart\" \/>\n<meta property=\"og:description\" content=\"Brenner v\u00e4gtull online \u00d6sterrike. K\u00f6p den digitala v\u00e4gtullen f\u00f6r motorv\u00e4g A13 Brenner snabbt och enkelt online. G\u00e4ller omedelbart.\" \/>\n<meta property=\"og:url\" content=\"https:\/\/tollscout.eu\/sv\/brenner-vaegtull-oesterrike\/\" \/>\n<meta property=\"og:site_name\" content=\"Tollscout\u00ae\" \/>\n<meta property=\"article:publisher\" content=\"https:\/\/facebook.com\/tollscout\" \/>\n<meta property=\"article:modified_time\" content=\"2024-07-31T23:57:54+00:00\" \/>\n<meta property=\"og:image\" content=\"https:\/\/tollscout.eu\/wp-content\/uploads\/2023\/08\/logo_color_360x92px.png\" \/>\n<meta name=\"twitter:card\" content=\"summary_large_image\" \/>\n<meta name=\"twitter:image\" content=\"https:\/\/tollscout.eu\/wp-content\/uploads\/2023\/08\/logo_color_360x92px.png\" \/>\n<meta name=\"twitter:site\" content=\"@tollscout\" \/>\n<meta name=\"twitter:label1\" content=\"Ber\u00e4knad l\u00e4stid\" \/>\n\t<meta name=\"twitter:data1\" content=\"1 minut\" \/>\n<script type=\"application\/ld+json\" class=\"yoast-schema-graph\">{\"@context\":\"https:\/\/schema.org\",\"@graph\":[{\"@type\":\"WebPage\",\"@id\":\"https:\/\/tollscout.eu\/sv\/brenner-vaegtull-oesterrike\/\",\"url\":\"https:\/\/tollscout.eu\/sv\/brenner-vaegtull-oesterrike\/\",\"name\":\"Brenner Toll Online \u00d6sterrike - G\u00e4ller omedelbart\",\"isPartOf\":{\"@id\":\"https:\/\/tollscout.eu\/sv\/#website\"},\"datePublished\":\"2023-08-25T10:00:01+00:00\",\"dateModified\":\"2024-07-31T23:57:54+00:00\",\"description\":\"Brenner v\u00e4gtull online \u00d6sterrike. K\u00f6p den digitala v\u00e4gtullen f\u00f6r motorv\u00e4g A13 Brenner snabbt och enkelt online. G\u00e4ller omedelbart.\",\"breadcrumb\":{\"@id\":\"https:\/\/tollscout.eu\/sv\/brenner-vaegtull-oesterrike\/#breadcrumb\"},\"inLanguage\":\"sv-SE\",\"potentialAction\":[{\"@type\":\"ReadAction\",\"target\":[\"https:\/\/tollscout.eu\/sv\/brenner-vaegtull-oesterrike\/\"]}]},{\"@type\":\"BreadcrumbList\",\"@id\":\"https:\/\/tollscout.eu\/sv\/brenner-vaegtull-oesterrike\/#breadcrumb\",\"itemListElement\":[{\"@type\":\"ListItem\",\"position\":1,\"name\":\"Startseite\",\"item\":\"https:\/\/tollscout.eu\/sv\/\"},{\"@type\":\"ListItem\",\"position\":2,\"name\":\"Brenner v\u00e4gtull \u00d6sterrike\"}]},{\"@type\":\"WebSite\",\"@id\":\"https:\/\/tollscout.eu\/sv\/#website\",\"url\":\"https:\/\/tollscout.eu\/sv\/\",\"name\":\"Tollscout\u00ae\",\"description\":\"\",\"publisher\":{\"@id\":\"https:\/\/tollscout.eu\/sv\/#organization\"},\"potentialAction\":[{\"@type\":\"SearchAction\",\"target\":{\"@type\":\"EntryPoint\",\"urlTemplate\":\"https:\/\/tollscout.eu\/sv\/?s={search_term_string}\"},\"query-input\":{\"@type\":\"PropertyValueSpecification\",\"valueRequired\":true,\"valueName\":\"search_term_string\"}}],\"inLanguage\":\"sv-SE\"},{\"@type\":\"Organization\",\"@id\":\"https:\/\/tollscout.eu\/sv\/#organization\",\"name\":\"TollScout\",\"alternateName\":\"TollScout\",\"url\":\"https:\/\/tollscout.eu\/sv\/\",\"logo\":{\"@type\":\"ImageObject\",\"inLanguage\":\"sv-SE\",\"@id\":\"https:\/\/tollscout.eu\/sv\/#\/schema\/logo\/image\/\",\"url\":\"https:\/\/tollscout.eu\/wp-content\/uploads\/2023\/11\/logo_social_media_1024.png\",\"contentUrl\":\"https:\/\/tollscout.eu\/wp-content\/uploads\/2023\/11\/logo_social_media_1024.png\",\"width\":1024,\"height\":1024,\"caption\":\"TollScout\"},\"image\":{\"@id\":\"https:\/\/tollscout.eu\/sv\/#\/schema\/logo\/image\/\"},\"sameAs\":[\"https:\/\/facebook.com\/tollscout\",\"https:\/\/x.com\/tollscout\",\"https:\/\/instagram.com\/tollscout\"]}]}<\/script>\n<!-- \/ Yoast SEO plugin. -->","yoast_head_json":{"title":"Brenner Toll Online \u00d6sterrike - G\u00e4ller omedelbart","description":"Brenner v\u00e4gtull online \u00d6sterrike. K\u00f6p den digitala v\u00e4gtullen f\u00f6r motorv\u00e4g A13 Brenner snabbt och enkelt online. G\u00e4ller omedelbart.","robots":{"index":"index","follow":"follow","max-snippet":"max-snippet:-1","max-image-preview":"max-image-preview:large","max-video-preview":"max-video-preview:-1"},"canonical":"https:\/\/tollscout.eu\/sv\/brenner-vaegtull-oesterrike\/","og_locale":"sv_SE","og_type":"article","og_title":"Brenner Toll Online \u00d6sterrike - G\u00e4ller omedelbart","og_description":"Brenner v\u00e4gtull online \u00d6sterrike. K\u00f6p den digitala v\u00e4gtullen f\u00f6r motorv\u00e4g A13 Brenner snabbt och enkelt online. G\u00e4ller omedelbart.","og_url":"https:\/\/tollscout.eu\/sv\/brenner-vaegtull-oesterrike\/","og_site_name":"Tollscout\u00ae","article_publisher":"https:\/\/facebook.com\/tollscout","article_modified_time":"2024-07-31T23:57:54+00:00","og_image":[{"url":"https:\/\/tollscout.eu\/wp-content\/uploads\/2023\/08\/logo_color_360x92px.png","type":"","width":"","height":""}],"twitter_card":"summary_large_image","twitter_image":"https:\/\/tollscout.eu\/wp-content\/uploads\/2023\/08\/logo_color_360x92px.png","twitter_site":"@tollscout","twitter_misc":{"Ber\u00e4knad l\u00e4stid":"1 minut"},"schema":{"@context":"https:\/\/schema.org","@graph":[{"@type":"WebPage","@id":"https:\/\/tollscout.eu\/sv\/brenner-vaegtull-oesterrike\/","url":"https:\/\/tollscout.eu\/sv\/brenner-vaegtull-oesterrike\/","name":"Brenner Toll Online \u00d6sterrike - G\u00e4ller omedelbart","isPartOf":{"@id":"https:\/\/tollscout.eu\/sv\/#website"},"datePublished":"2023-08-25T10:00:01+00:00","dateModified":"2024-07-31T23:57:54+00:00","description":"Brenner v\u00e4gtull online \u00d6sterrike. K\u00f6p den digitala v\u00e4gtullen f\u00f6r motorv\u00e4g A13 Brenner snabbt och enkelt online. G\u00e4ller omedelbart.","breadcrumb":{"@id":"https:\/\/tollscout.eu\/sv\/brenner-vaegtull-oesterrike\/#breadcrumb"},"inLanguage":"sv-SE","potentialAction":[{"@type":"ReadAction","target":["https:\/\/tollscout.eu\/sv\/brenner-vaegtull-oesterrike\/"]}]},{"@type":"BreadcrumbList","@id":"https:\/\/tollscout.eu\/sv\/brenner-vaegtull-oesterrike\/#breadcrumb","itemListElement":[{"@type":"ListItem","position":1,"name":"Startseite","item":"https:\/\/tollscout.eu\/sv\/"},{"@type":"ListItem","position":2,"name":"Brenner v\u00e4gtull \u00d6sterrike"}]},{"@type":"WebSite","@id":"https:\/\/tollscout.eu\/sv\/#website","url":"https:\/\/tollscout.eu\/sv\/","name":"Tollscout\u00ae","description":"","publisher":{"@id":"https:\/\/tollscout.eu\/sv\/#organization"},"potentialAction":[{"@type":"SearchAction","target":{"@type":"EntryPoint","urlTemplate":"https:\/\/tollscout.eu\/sv\/?s={search_term_string}"},"query-input":{"@type":"PropertyValueSpecification","valueRequired":true,"valueName":"search_term_string"}}],"inLanguage":"sv-SE"},{"@type":"Organization","@id":"https:\/\/tollscout.eu\/sv\/#organization","name":"TollScout","alternateName":"TollScout","url":"https:\/\/tollscout.eu\/sv\/","logo":{"@type":"ImageObject","inLanguage":"sv-SE","@id":"https:\/\/tollscout.eu\/sv\/#\/schema\/logo\/image\/","url":"https:\/\/tollscout.eu\/wp-content\/uploads\/2023\/11\/logo_social_media_1024.png","contentUrl":"https:\/\/tollscout.eu\/wp-content\/uploads\/2023\/11\/logo_social_media_1024.png","width":1024,"height":1024,"caption":"TollScout"},"image":{"@id":"https:\/\/tollscout.eu\/sv\/#\/schema\/logo\/image\/"},"sameAs":["https:\/\/facebook.com\/tollscout","https:\/\/x.com\/tollscout","https:\/\/instagram.com\/tollscout"]}]}},"uagb_featured_image_src":{"full":false,"thumbnail":false,"medium":false,"medium_large":false,"large":false,"1536x1536":false,"2048x2048":false,"gform-image-choice-sm":false,"gform-image-choice-md":false,"gform-image-choice-lg":false},"uagb_author_info":{"display_name":"Tollscout","author_link":"https:\/\/tollscout.eu\/sv\/author\/m-hemm\/"},"uagb_comment_info":0,"uagb_excerpt":"Brenner v\u00e4gtull online \u00d6sterrike Brenner v\u00e4gtull online \u00d6sterrike Brennermotorv\u00e4gen A 13, en del av Europav\u00e4g 45, str\u00e4cker sig genom Tyrolen [&hellip;]","_links":{"self":[{"href":"https:\/\/tollscout.eu\/sv\/wp-json\/wp\/v2\/pages\/8383","targetHints":{"allow":["GET"]}}],"collection":[{"href":"https:\/\/tollscout.eu\/sv\/wp-json\/wp\/v2\/pages"}],"about":[{"href":"https:\/\/tollscout.eu\/sv\/wp-json\/wp\/v2\/types\/page"}],"author":[{"embeddable":true,"href":"https:\/\/tollscout.eu\/sv\/wp-json\/wp\/v2\/users\/2"}],"replies":[{"embeddable":true,"href":"https:\/\/tollscout.eu\/sv\/wp-json\/wp\/v2\/comments?post=8383"}],"version-history":[{"count":2,"href":"https:\/\/tollscout.eu\/sv\/wp-json\/wp\/v2\/pages\/8383\/revisions"}],"predecessor-version":[{"id":9109,"href":"https:\/\/tollscout.eu\/sv\/wp-json\/wp\/v2\/pages\/8383\/revisions\/9109"}],"wp:attachment":[{"href":"https:\/\/tollscout.eu\/sv\/wp-json\/wp\/v2\/media?parent=8383"}],"curies":[{"name":"wp","href":"https:\/\/api.w.org\/{rel}","templated":true}]}}