{"id":5445,"date":"2023-08-25T11:52:28","date_gmt":"2023-08-25T09:52:28","guid":{"rendered":"https:\/\/tollscout.eu\/cestnina-za-predor-katschberg-avstrija\/"},"modified":"2024-08-01T01:50:15","modified_gmt":"2024-07-31T23:50:15","slug":"cestnina-za-predor-katschberg-avstrija","status":"publish","type":"page","link":"https:\/\/tollscout.eu\/sl\/cestnina-za-predor-katschberg-avstrija\/","title":{"rendered":"Cestnina za predor Katschberg Avstrija"},"content":{"rendered":"\n<div class=\"wp-block-uagb-container uagb-block-c1e2fce7 alignfull uagb-is-root-container\"><div class=\"uagb-container-inner-blocks-wrap\">\n<div class=\"wp-block-uagb-advanced-heading uagb-block-c767fabd\"><h1 class=\"uagb-heading-text\">Cestnina za predor Katschberg Avstrija<\/h1><\/div>\n<\/div><\/div>\n\n<div class=\"wp-block-uagb-container uagb-block-7d404a70 alignfull uagb-is-root-container\"><div class=\"uagb-container-inner-blocks-wrap\">\n<div id=\"app\" data-context=\"at\"><\/div>\n<\/div><\/div>\n\n<div class=\"wp-block-uagb-container uagb-block-f356067b alignfull uagb-is-root-container\"><div class=\"uagb-container-inner-blocks-wrap\">\n<div class=\"wp-block-uagb-advanced-heading uagb-block-32bca494\"><h2 class=\"uagb-heading-text\">Cestnina za predor Katschberg Avstrija (avtocesta A 10 Tauern)<\/h2><\/div>\n\n\n\n<p class=\"has-text-align-center\">Predor Katschberg se razprostira na dol\u017eini 5898 metrov in je del Tauern Autobahn (A 10). Deluje tudi kot mejni predor med avstrijskima zveznima de\u017eelama Koro\u0161ko in Salzburgom. Ta predor igra klju\u010dno vlogo pri povezovanju koro\u0161kega Katschtala preko Katschberga z Lungauom v Salzburgu. Zato je velikega pomena za prometno pot od Beljaka do Salzburga. Odseki med predoroma Katschberg in <a href=\"https:\/\/tollscout.eu\/sl\/tauerntunnel-cestnina-avstrija\/\">Tauern predorom<\/a>, vklju\u010dno s samim prehodom skozi oba predora, se uvr\u0161\u010dajo med tako imenovane posebne cestninske poti. To pomeni, da so izvzete iz obveznosti vinjete, tako kot vse druge posebne cestninske poti v Avstriji.      <\/p>\n<\/div><\/div>\n\n<div class=\"wp-block-uagb-container uagb-block-7efd3c31 alignfull uagb-is-root-container\"><div class=\"uagb-container-inner-blocks-wrap\">\n<div class=\"wp-block-uagb-advanced-heading uagb-block-4602874c\"><h2 class=\"uagb-heading-text\">Pogosta vpra\u0161anja<\/h2><p class=\"uagb-desc-text\">Tukaj odgovarjamo na vsa vpra\u0161anja o cestnini za predor Katschberg v Avstriji.\u200b<\/p><\/div>\n\n\n<div class=\"wp-block-uagb-faq uagb-faq__outer-wrap uagb-block-4fe496d4 uagb-faq-icon-row-reverse uagb-faq-layout-accordion uagb-faq-expand-first-false uagb-faq-inactive-other-true uagb-faq__wrap uagb-buttons-layout-wrap uagb-faq-equal-height     \" data-faqtoggle=\"true\" role=\"tablist\"><div class=\"wp-block-uagb-faq-child uagb-faq-child__outer-wrap uagb-faq-item uagb-block-1a70522e \" role=\"tab\" tabindex=\"0\"><div class=\"uagb-faq-questions-button uagb-faq-questions\">\t\t\t<span class=\"uagb-icon uagb-faq-icon-wrap\">\n\t\t\t\t\t\t\t<\/span>\n\t\t\t\t\t\t<span class=\"uagb-icon-active uagb-faq-icon-wrap\">\n\t\t\t\t\t\t\t\t<svg xmlns=\"https:\/\/www.w3.org\/2000\/svg\" viewBox= \"0 0 320 512\"><path d=\"M9.39 265.4l127.1-128C143.6 131.1 151.8 128 160 128s16.38 3.125 22.63 9.375l127.1 128c9.156 9.156 11.9 22.91 6.943 34.88S300.9 320 287.1 320H32.01c-12.94 0-24.62-7.781-29.58-19.75S.2333 274.5 9.39 265.4z\"><\/path><\/svg>\n\t\t\t\t\t\t\t<\/span>\n\t\t\t<h3 class=\"uagb-question\">Kdaj je bil predor Katschberg odprt za promet?<\/h3><\/div><div class=\"uagb-faq-content\"><p>Prva cev predora Katschberg je bila odprta za promet 21. decembra 1974. Predor Katschberg je bil \u017ee od za\u010detka na\u010drtovan kot dvocevni predor. Vendar so bili leta 1988 na\u010drti za drugo cev ustavljeni zaradi stro\u0161kov in manj\u0161ega obsega prometa. Gradnja se je nadaljevala \u0161ele leta 2004 in je bila odprta za promet aprila 2009.    <\/p><\/div><\/div><div class=\"wp-block-uagb-faq-child uagb-faq-child__outer-wrap uagb-faq-item uagb-block-bd4b64b2 \" role=\"tab\" tabindex=\"0\"><div class=\"uagb-faq-questions-button uagb-faq-questions\">\t\t\t<span class=\"uagb-icon uagb-faq-icon-wrap\">\n\t\t\t\t\t\t\t<\/span>\n\t\t\t\t\t\t<span class=\"uagb-icon-active uagb-faq-icon-wrap\">\n\t\t\t\t\t\t\t\t<svg xmlns=\"https:\/\/www.w3.org\/2000\/svg\" viewBox= \"0 0 320 512\"><path d=\"M9.39 265.4l127.1-128C143.6 131.1 151.8 128 160 128s16.38 3.125 22.63 9.375l127.1 128c9.156 9.156 11.9 22.91 6.943 34.88S300.9 320 287.1 320H32.01c-12.94 0-24.62-7.781-29.58-19.75S.2333 274.5 9.39 265.4z\"><\/path><\/svg>\n\t\t\t\t\t\t\t<\/span>\n\t\t\t<h3 class=\"uagb-question\">Kako dolg je predor Katschberg (A10 Tauernautobahn)?<\/h3><\/div><div class=\"uagb-faq-content\"><p>Prva cev (zahodna cev) predora Katschberg je dolga 5898 metrov in povezuje koro\u0161ki Katschtal skozi <a href=\"https:\/\/de.wikipedia.org\/wiki\/Katschberg\">Katschberg<\/a> z Lungauom v Salzburgu. Druga cev (vzhodna cev) predora Katschberg je dolga 5565 metrov. Predor Katschberg in Tauerntunnel sta odseka Tauernautobahna (A10), ki sta izvzeta iz zahteve po vinjeti, vendar sta predmet posebne cestnine.<\/p><\/div><\/div><div class=\"wp-block-uagb-faq-child uagb-faq-child__outer-wrap uagb-faq-item uagb-block-49ae175a \" role=\"tab\" tabindex=\"0\"><div class=\"uagb-faq-questions-button uagb-faq-questions\">\t\t\t<span class=\"uagb-icon uagb-faq-icon-wrap\">\n\t\t\t\t\t\t\t<\/span>\n\t\t\t\t\t\t<span class=\"uagb-icon-active uagb-faq-icon-wrap\">\n\t\t\t\t\t\t\t\t<svg xmlns=\"https:\/\/www.w3.org\/2000\/svg\" viewBox= \"0 0 320 512\"><path d=\"M9.39 265.4l127.1-128C143.6 131.1 151.8 128 160 128s16.38 3.125 22.63 9.375l127.1 128c9.156 9.156 11.9 22.91 6.943 34.88S300.9 320 287.1 320H32.01c-12.94 0-24.62-7.781-29.58-19.75S.2333 274.5 9.39 265.4z\"><\/path><\/svg>\n\t\t\t\t\t\t\t<\/span>\n\t\t\t<h3 class=\"uagb-question\">Zakaj je predor Katschberg izvzet iz zahteve po vinjeti? <\/h3><\/div><div class=\"uagb-faq-content\"><p>Predor Katschberg je odsek poti, ki je izvzet iz obveznosti vinjet, vendar je predmet posebne cestnine. Cestnino za Tauernautobahn A10 lahko hitro in udobno kupite prek spleta v na\u0161i spletni trgovini. <\/p><\/div><\/div><div class=\"wp-block-uagb-faq-child uagb-faq-child__outer-wrap uagb-faq-item uagb-block-c7b6f203 \" role=\"tab\" tabindex=\"0\"><div class=\"uagb-faq-questions-button uagb-faq-questions\">\t\t\t<span class=\"uagb-icon uagb-faq-icon-wrap\">\n\t\t\t\t\t\t\t<\/span>\n\t\t\t\t\t\t<span class=\"uagb-icon-active uagb-faq-icon-wrap\">\n\t\t\t\t\t\t\t\t<svg xmlns=\"https:\/\/www.w3.org\/2000\/svg\" viewBox= \"0 0 320 512\"><path d=\"M9.39 265.4l127.1-128C143.6 131.1 151.8 128 160 128s16.38 3.125 22.63 9.375l127.1 128c9.156 9.156 11.9 22.91 6.943 34.88S300.9 320 287.1 320H32.01c-12.94 0-24.62-7.781-29.58-19.75S.2333 274.5 9.39 265.4z\"><\/path><\/svg>\n\t\t\t\t\t\t\t<\/span>\n\t\t\t<h3 class=\"uagb-question\">Koliko stane cestnina za predor Katschberg v Avstriji? <\/h3><\/div><div class=\"uagb-faq-content\"><p>Cena enega samega prehoda skozi predor Katschberg je 13,50 \u20ac (od leta 2023).<\/p><\/div><\/div><div class=\"wp-block-uagb-faq-child uagb-faq-child__outer-wrap uagb-faq-item uagb-block-66a7673f \" role=\"tab\" tabindex=\"0\"><div class=\"uagb-faq-questions-button uagb-faq-questions\">\t\t\t<span class=\"uagb-icon uagb-faq-icon-wrap\">\n\t\t\t\t\t\t\t<\/span>\n\t\t\t\t\t\t<span class=\"uagb-icon-active uagb-faq-icon-wrap\">\n\t\t\t\t\t\t\t\t<svg xmlns=\"https:\/\/www.w3.org\/2000\/svg\" viewBox= \"0 0 320 512\"><path d=\"M9.39 265.4l127.1-128C143.6 131.1 151.8 128 160 128s16.38 3.125 22.63 9.375l127.1 128c9.156 9.156 11.9 22.91 6.943 34.88S300.9 320 287.1 320H32.01c-12.94 0-24.62-7.781-29.58-19.75S.2333 274.5 9.39 265.4z\"><\/path><\/svg>\n\t\t\t\t\t\t\t<\/span>\n\t\t\t<h3 class=\"uagb-question\">Koliko \u010dasa traja vo\u017enja skozi predor Katschberg?<\/h3><\/div><div class=\"uagb-faq-content\"><p>Vo\u017enja skozi predor Katschberg traja pribli\u017eno 10 minut.<\/p><\/div><\/div><div class=\"wp-block-uagb-faq-child uagb-faq-child__outer-wrap uagb-faq-item uagb-block-88984a11 \" role=\"tab\" tabindex=\"0\"><div class=\"uagb-faq-questions-button uagb-faq-questions\">\t\t\t<span class=\"uagb-icon uagb-faq-icon-wrap\">\n\t\t\t\t\t\t\t<\/span>\n\t\t\t\t\t\t<span class=\"uagb-icon-active uagb-faq-icon-wrap\">\n\t\t\t\t\t\t\t\t<svg xmlns=\"https:\/\/www.w3.org\/2000\/svg\" viewBox= \"0 0 320 512\"><path d=\"M9.39 265.4l127.1-128C143.6 131.1 151.8 128 160 128s16.38 3.125 22.63 9.375l127.1 128c9.156 9.156 11.9 22.91 6.943 34.88S300.9 320 287.1 320H32.01c-12.94 0-24.62-7.781-29.58-19.75S.2333 274.5 9.39 265.4z\"><\/path><\/svg>\n\t\t\t\t\t\t\t<\/span>\n\t\t\t<h3 class=\"uagb-question\">Kako \u0161irok in visok je predor Katschberg?<\/h3><\/div><div class=\"uagb-faq-content\"><p>\u0160irina vozi\u0161\u010da vzhodne in zahodne cevi je 7,50 m. Vi\u0161ina predora Katschberg je 4,70 metra. <\/p><\/div><\/div><\/div><\/div><\/div>\n","protected":false},"excerpt":{"rendered":"<p>Cestnina za predor Katschberg Avstrija Cestnina za predor Katschberg Avstrija (avtocesta A 10 Tauern) Predor Katschberg se razprostira na dol\u017eini [&hellip;]<\/p>\n","protected":false},"author":2,"featured_media":0,"parent":0,"menu_order":0,"comment_status":"closed","ping_status":"closed","template":"","meta":{"_uag_custom_page_level_css":"","site-sidebar-layout":"no-sidebar","site-content-layout":"","ast-site-content-layout":"normal-width-container","site-content-style":"unboxed","site-sidebar-style":"unboxed","ast-global-header-display":"","ast-banner-title-visibility":"","ast-main-header-display":"","ast-hfb-above-header-display":"","ast-hfb-below-header-display":"","ast-hfb-mobile-header-display":"","site-post-title":"disabled","ast-breadcrumbs-content":"","ast-featured-img":"","footer-sml-layout":"","ast-disable-related-posts":"","theme-transparent-header-meta":"enabled","adv-header-id-meta":"","stick-header-meta":"","header-above-stick-meta":"","header-main-stick-meta":"","header-below-stick-meta":"","astra-migrate-meta-layouts":"set","ast-page-background-enabled":"default","ast-page-background-meta":{"desktop":{"background-color":"var(--ast-global-color-5)","background-image":"","background-repeat":"repeat","background-position":"center center","background-size":"auto","background-attachment":"scroll","background-type":"","background-media":"","overlay-type":"","overlay-color":"","overlay-opacity":"","overlay-gradient":""},"tablet":{"background-color":"","background-image":"","background-repeat":"repeat","background-position":"center center","background-size":"auto","background-attachment":"scroll","background-type":"","background-media":"","overlay-type":"","overlay-color":"","overlay-opacity":"","overlay-gradient":""},"mobile":{"background-color":"","background-image":"","background-repeat":"repeat","background-position":"center center","background-size":"auto","background-attachment":"scroll","background-type":"","background-media":"","overlay-type":"","overlay-color":"","overlay-opacity":"","overlay-gradient":""}},"ast-content-background-meta":{"desktop":{"background-color":"var(--ast-global-color-4)","background-image":"","background-repeat":"repeat","background-position":"center center","background-size":"auto","background-attachment":"scroll","background-type":"","background-media":"","overlay-type":"","overlay-color":"","overlay-opacity":"","overlay-gradient":""},"tablet":{"background-color":"var(--ast-global-color-4)","background-image":"","background-repeat":"repeat","background-position":"center center","background-size":"auto","background-attachment":"scroll","background-type":"","background-media":"","overlay-type":"","overlay-color":"","overlay-opacity":"","overlay-gradient":""},"mobile":{"background-color":"var(--ast-global-color-4)","background-image":"","background-repeat":"repeat","background-position":"center center","background-size":"auto","background-attachment":"scroll","background-type":"","background-media":"","overlay-type":"","overlay-color":"","overlay-opacity":"","overlay-gradient":""}},"footnotes":""},"class_list":["post-5445","page","type-page","status-publish","hentry"],"yoast_head":"<!-- This site is optimized with the Yoast SEO plugin v27.1.1 - https:\/\/yoast.com\/product\/yoast-seo-wordpress\/ -->\n<title>Cestnina za predor Katschberg Avstrija - Digitalna cestnina<\/title>\n<meta name=\"description\" content=\"Kupite Katschbergtunnel cestnina Avstrija na Tauernautobahn A10 hitro in ugodno prek spleta v na\u0161i spletni trgovini. Velja takoj.\" \/>\n<meta name=\"robots\" content=\"index, follow, max-snippet:-1, max-image-preview:large, max-video-preview:-1\" \/>\n<link rel=\"canonical\" href=\"https:\/\/tollscout.eu\/sl\/cestnina-za-predor-katschberg-avstrija\/\" \/>\n<meta property=\"og:locale\" content=\"sl_SI\" \/>\n<meta property=\"og:type\" content=\"article\" \/>\n<meta property=\"og:title\" content=\"Cestnina za predor Katschberg Avstrija - Digitalna cestnina\" \/>\n<meta property=\"og:description\" content=\"Kupite Katschbergtunnel cestnina Avstrija na Tauernautobahn A10 hitro in ugodno prek spleta v na\u0161i spletni trgovini. Velja takoj.\" \/>\n<meta property=\"og:url\" content=\"https:\/\/tollscout.eu\/sl\/cestnina-za-predor-katschberg-avstrija\/\" \/>\n<meta property=\"og:site_name\" content=\"Tollscout\u00ae\" \/>\n<meta property=\"article:publisher\" content=\"https:\/\/facebook.com\/tollscout\" \/>\n<meta property=\"article:modified_time\" content=\"2024-07-31T23:50:15+00:00\" \/>\n<meta property=\"og:image\" content=\"https:\/\/tollscout.eu\/wp-content\/uploads\/2023\/08\/logo_color_360x92px.png\" \/>\n\t<meta property=\"og:image:width\" content=\"360\" \/>\n\t<meta property=\"og:image:height\" content=\"92\" \/>\n\t<meta property=\"og:image:type\" content=\"image\/png\" \/>\n<meta name=\"twitter:card\" content=\"summary_large_image\" \/>\n<meta name=\"twitter:site\" content=\"@tollscout\" \/>\n<meta name=\"twitter:label1\" content=\"Est. reading time\" \/>\n\t<meta name=\"twitter:data1\" content=\"2 minuti\" \/>\n<script type=\"application\/ld+json\" class=\"yoast-schema-graph\">{\"@context\":\"https:\/\/schema.org\",\"@graph\":[{\"@type\":\"WebPage\",\"@id\":\"https:\/\/tollscout.eu\/sl\/cestnina-za-predor-katschberg-avstrija\/\",\"url\":\"https:\/\/tollscout.eu\/sl\/cestnina-za-predor-katschberg-avstrija\/\",\"name\":\"Cestnina za predor Katschberg Avstrija - Digitalna cestnina\",\"isPartOf\":{\"@id\":\"https:\/\/tollscout.eu\/sl\/#website\"},\"datePublished\":\"2023-08-25T09:52:28+00:00\",\"dateModified\":\"2024-07-31T23:50:15+00:00\",\"description\":\"Kupite Katschbergtunnel cestnina Avstrija na Tauernautobahn A10 hitro in ugodno prek spleta v na\u0161i spletni trgovini. Velja takoj.\",\"breadcrumb\":{\"@id\":\"https:\/\/tollscout.eu\/sl\/cestnina-za-predor-katschberg-avstrija\/#breadcrumb\"},\"inLanguage\":\"sl-SI\",\"potentialAction\":[{\"@type\":\"ReadAction\",\"target\":[\"https:\/\/tollscout.eu\/sl\/cestnina-za-predor-katschberg-avstrija\/\"]}]},{\"@type\":\"BreadcrumbList\",\"@id\":\"https:\/\/tollscout.eu\/sl\/cestnina-za-predor-katschberg-avstrija\/#breadcrumb\",\"itemListElement\":[{\"@type\":\"ListItem\",\"position\":1,\"name\":\"Startseite\",\"item\":\"https:\/\/tollscout.eu\/sl\/\"},{\"@type\":\"ListItem\",\"position\":2,\"name\":\"Cestnina za predor Katschberg Avstrija\"}]},{\"@type\":\"WebSite\",\"@id\":\"https:\/\/tollscout.eu\/sl\/#website\",\"url\":\"https:\/\/tollscout.eu\/sl\/\",\"name\":\"Tollscout\u00ae\",\"description\":\"\",\"publisher\":{\"@id\":\"https:\/\/tollscout.eu\/sl\/#organization\"},\"potentialAction\":[{\"@type\":\"SearchAction\",\"target\":{\"@type\":\"EntryPoint\",\"urlTemplate\":\"https:\/\/tollscout.eu\/sl\/?s={search_term_string}\"},\"query-input\":{\"@type\":\"PropertyValueSpecification\",\"valueRequired\":true,\"valueName\":\"search_term_string\"}}],\"inLanguage\":\"sl-SI\"},{\"@type\":\"Organization\",\"@id\":\"https:\/\/tollscout.eu\/sl\/#organization\",\"name\":\"TollScout\",\"alternateName\":\"TollScout\",\"url\":\"https:\/\/tollscout.eu\/sl\/\",\"logo\":{\"@type\":\"ImageObject\",\"inLanguage\":\"sl-SI\",\"@id\":\"https:\/\/tollscout.eu\/sl\/#\/schema\/logo\/image\/\",\"url\":\"https:\/\/tollscout.eu\/wp-content\/uploads\/2023\/11\/logo_social_media_1024.png\",\"contentUrl\":\"https:\/\/tollscout.eu\/wp-content\/uploads\/2023\/11\/logo_social_media_1024.png\",\"width\":1024,\"height\":1024,\"caption\":\"TollScout\"},\"image\":{\"@id\":\"https:\/\/tollscout.eu\/sl\/#\/schema\/logo\/image\/\"},\"sameAs\":[\"https:\/\/facebook.com\/tollscout\",\"https:\/\/x.com\/tollscout\",\"https:\/\/instagram.com\/tollscout\"]}]}<\/script>\n<!-- \/ Yoast SEO plugin. -->","yoast_head_json":{"title":"Cestnina za predor Katschberg Avstrija - Digitalna cestnina","description":"Kupite Katschbergtunnel cestnina Avstrija na Tauernautobahn A10 hitro in ugodno prek spleta v na\u0161i spletni trgovini. Velja takoj.","robots":{"index":"index","follow":"follow","max-snippet":"max-snippet:-1","max-image-preview":"max-image-preview:large","max-video-preview":"max-video-preview:-1"},"canonical":"https:\/\/tollscout.eu\/sl\/cestnina-za-predor-katschberg-avstrija\/","og_locale":"sl_SI","og_type":"article","og_title":"Cestnina za predor Katschberg Avstrija - Digitalna cestnina","og_description":"Kupite Katschbergtunnel cestnina Avstrija na Tauernautobahn A10 hitro in ugodno prek spleta v na\u0161i spletni trgovini. Velja takoj.","og_url":"https:\/\/tollscout.eu\/sl\/cestnina-za-predor-katschberg-avstrija\/","og_site_name":"Tollscout\u00ae","article_publisher":"https:\/\/facebook.com\/tollscout","article_modified_time":"2024-07-31T23:50:15+00:00","og_image":[{"width":360,"height":92,"url":"https:\/\/tollscout.eu\/wp-content\/uploads\/2023\/08\/logo_color_360x92px.png","type":"image\/png"}],"twitter_card":"summary_large_image","twitter_site":"@tollscout","twitter_misc":{"Est. reading time":"2 minuti"},"schema":{"@context":"https:\/\/schema.org","@graph":[{"@type":"WebPage","@id":"https:\/\/tollscout.eu\/sl\/cestnina-za-predor-katschberg-avstrija\/","url":"https:\/\/tollscout.eu\/sl\/cestnina-za-predor-katschberg-avstrija\/","name":"Cestnina za predor Katschberg Avstrija - Digitalna cestnina","isPartOf":{"@id":"https:\/\/tollscout.eu\/sl\/#website"},"datePublished":"2023-08-25T09:52:28+00:00","dateModified":"2024-07-31T23:50:15+00:00","description":"Kupite Katschbergtunnel cestnina Avstrija na Tauernautobahn A10 hitro in ugodno prek spleta v na\u0161i spletni trgovini. Velja takoj.","breadcrumb":{"@id":"https:\/\/tollscout.eu\/sl\/cestnina-za-predor-katschberg-avstrija\/#breadcrumb"},"inLanguage":"sl-SI","potentialAction":[{"@type":"ReadAction","target":["https:\/\/tollscout.eu\/sl\/cestnina-za-predor-katschberg-avstrija\/"]}]},{"@type":"BreadcrumbList","@id":"https:\/\/tollscout.eu\/sl\/cestnina-za-predor-katschberg-avstrija\/#breadcrumb","itemListElement":[{"@type":"ListItem","position":1,"name":"Startseite","item":"https:\/\/tollscout.eu\/sl\/"},{"@type":"ListItem","position":2,"name":"Cestnina za predor Katschberg Avstrija"}]},{"@type":"WebSite","@id":"https:\/\/tollscout.eu\/sl\/#website","url":"https:\/\/tollscout.eu\/sl\/","name":"Tollscout\u00ae","description":"","publisher":{"@id":"https:\/\/tollscout.eu\/sl\/#organization"},"potentialAction":[{"@type":"SearchAction","target":{"@type":"EntryPoint","urlTemplate":"https:\/\/tollscout.eu\/sl\/?s={search_term_string}"},"query-input":{"@type":"PropertyValueSpecification","valueRequired":true,"valueName":"search_term_string"}}],"inLanguage":"sl-SI"},{"@type":"Organization","@id":"https:\/\/tollscout.eu\/sl\/#organization","name":"TollScout","alternateName":"TollScout","url":"https:\/\/tollscout.eu\/sl\/","logo":{"@type":"ImageObject","inLanguage":"sl-SI","@id":"https:\/\/tollscout.eu\/sl\/#\/schema\/logo\/image\/","url":"https:\/\/tollscout.eu\/wp-content\/uploads\/2023\/11\/logo_social_media_1024.png","contentUrl":"https:\/\/tollscout.eu\/wp-content\/uploads\/2023\/11\/logo_social_media_1024.png","width":1024,"height":1024,"caption":"TollScout"},"image":{"@id":"https:\/\/tollscout.eu\/sl\/#\/schema\/logo\/image\/"},"sameAs":["https:\/\/facebook.com\/tollscout","https:\/\/x.com\/tollscout","https:\/\/instagram.com\/tollscout"]}]}},"uagb_featured_image_src":{"full":false,"thumbnail":false,"medium":false,"medium_large":false,"large":false,"1536x1536":false,"2048x2048":false,"gform-image-choice-sm":false,"gform-image-choice-md":false,"gform-image-choice-lg":false},"uagb_author_info":{"display_name":"Tollscout","author_link":"https:\/\/tollscout.eu\/sl\/author\/m-hemm\/"},"uagb_comment_info":0,"uagb_excerpt":"Cestnina za predor Katschberg Avstrija Cestnina za predor Katschberg Avstrija (avtocesta A 10 Tauern) Predor Katschberg se razprostira na dol\u017eini [&hellip;]","_links":{"self":[{"href":"https:\/\/tollscout.eu\/sl\/wp-json\/wp\/v2\/pages\/5445","targetHints":{"allow":["GET"]}}],"collection":[{"href":"https:\/\/tollscout.eu\/sl\/wp-json\/wp\/v2\/pages"}],"about":[{"href":"https:\/\/tollscout.eu\/sl\/wp-json\/wp\/v2\/types\/page"}],"author":[{"embeddable":true,"href":"https:\/\/tollscout.eu\/sl\/wp-json\/wp\/v2\/users\/2"}],"replies":[{"embeddable":true,"href":"https:\/\/tollscout.eu\/sl\/wp-json\/wp\/v2\/comments?post=5445"}],"version-history":[{"count":7,"href":"https:\/\/tollscout.eu\/sl\/wp-json\/wp\/v2\/pages\/5445\/revisions"}],"predecessor-version":[{"id":9073,"href":"https:\/\/tollscout.eu\/sl\/wp-json\/wp\/v2\/pages\/5445\/revisions\/9073"}],"wp:attachment":[{"href":"https:\/\/tollscout.eu\/sl\/wp-json\/wp\/v2\/media?parent=5445"}],"curies":[{"name":"wp","href":"https:\/\/api.w.org\/{rel}","templated":true}]}}