{"id":5393,"date":"2023-09-08T12:48:12","date_gmt":"2023-09-08T10:48:12","guid":{"rendered":"https:\/\/tollscout.eu\/kupite-digitalno-cestnino-na-spletu\/"},"modified":"2024-07-31T06:03:58","modified_gmt":"2024-07-31T04:03:58","slug":"kupite-digitalno-cestnino-na-spletu","status":"publish","type":"page","link":"https:\/\/tollscout.eu\/sl\/kupite-digitalno-cestnino-na-spletu\/","title":{"rendered":"Kupite digitalno cestnino na spletu"},"content":{"rendered":"\n<div class=\"wp-block-uagb-container uagb-block-c1e2fce7 alignfull uagb-is-root-container\"><div class=\"uagb-container-inner-blocks-wrap\">\n<div class=\"wp-block-uagb-advanced-heading uagb-block-c767fabd\"><h1 class=\"uagb-heading-text\">Kupite digitalno cestnino na spletu<\/h1><\/div>\n<\/div><\/div>\n\n<div class=\"wp-block-uagb-container uagb-block-610baaad alignfull uagb-is-root-container\"><div class=\"uagb-container-inner-blocks-wrap\">\n<div class=\"wp-block-uagb-container uagb-block-31b295f2\">\n<div class=\"wp-block-uagb-info-box uagb-block-2a89b7d9 uagb-infobox__content-wrap  uagb-infobox-icon-above-title uagb-infobox-image-valign-top\"><div class=\"uagb-ifb-content\"><div class=\"uagb-ifb-title-wrap\"><h2 class=\"uagb-ifb-title\">Digitalna cestnina Avstrija<\/h2><\/div><p class=\"uagb-ifb-desc\">Digitalna cestnina Avstrija je va\u0161 klju\u010d do brezhibnih potovanj po avtocestah v osr\u010dju Alp. Priro\u010den nakup preko spleta omogo\u010da potovanje brez stresa, brez nadle\u017enih nalepk ali \u010dasovnih omejitev. Odkrijte veli\u010dastne avstrijske pokrajine in zgodovinska mesta med brezskrbnim potovanjem po cestah.  <\/p><div class=\"uagb-ifb-button-wrapper wp-block-button\"><a href=\"https:\/\/tollscout.eu\/digitale-streckenmaut-oesterreich\/\" class=\"uagb-infobox-cta-link wp-block-button__link\" target=\"_self\" rel=\"noopener noreferrer\" onclick=\"return true;\" alt=\"\"><span class=\"uagb-inline-editing\">Kupiti na spletu<\/span><\/a><\/div><\/div><\/div>\n<\/div>\n\n\n\n<div class=\"wp-block-uagb-container uagb-block-7db25ae8\">\n<div class=\"wp-block-uagb-image uagb-block-f23a0025 wp-block-uagb-image--layout-default wp-block-uagb-image--effect-static wp-block-uagb-image--align-none\"><figure class=\"wp-block-uagb-image__figure\"><img decoding=\"async\" srcset=\"https:\/\/tollscout.eu\/wp-content\/uploads\/2024\/02\/nikolett-emmert-0kSrcV46cI4-unsplash-1024x683.jpg ,https:\/\/tollscout.eu\/wp-content\/uploads\/2024\/02\/nikolett-emmert-0kSrcV46cI4-unsplash-scaled.jpg 780w, https:\/\/tollscout.eu\/wp-content\/uploads\/2024\/02\/nikolett-emmert-0kSrcV46cI4-unsplash-scaled.jpg 360w\" sizes=\"auto, (max-width: 480px) 150px\" src=\"https:\/\/tollscout.eu\/wp-content\/uploads\/2024\/02\/nikolett-emmert-0kSrcV46cI4-unsplash-1024x683.jpg\" alt=\"Faaker See pri Beljaku, Koro\u0161ka, od dale\u010d.\" class=\"uag-image-5315\" width=\"1024\" height=\"683\" title=\"\" loading=\"lazy\"><\/figure><\/div>\n<\/div>\n<\/div><\/div>\n\n<div class=\"wp-block-uagb-container uagb-block-0fa8dc87 alignfull uagb-is-root-container\"><div class=\"uagb-container-inner-blocks-wrap\">\n<div class=\"wp-block-uagb-container uagb-block-aaa491a8\">\n<div class=\"wp-block-uagb-image uagb-block-95ad5af2 wp-block-uagb-image--layout-default wp-block-uagb-image--effect-static wp-block-uagb-image--align-none\"><figure class=\"wp-block-uagb-image__figure\"><img decoding=\"async\" srcset=\"https:\/\/tollscout.eu\/wp-content\/uploads\/2024\/02\/louismoto-PuUzm0Npxz4-unsplash-1024x767.jpg ,https:\/\/tollscout.eu\/wp-content\/uploads\/2024\/02\/louismoto-PuUzm0Npxz4-unsplash-scaled.jpg 780w, https:\/\/tollscout.eu\/wp-content\/uploads\/2024\/02\/louismoto-PuUzm0Npxz4-unsplash-scaled.jpg 360w\" sizes=\"auto, (max-width: 480px) 150px\" src=\"https:\/\/tollscout.eu\/wp-content\/uploads\/2024\/02\/louismoto-PuUzm0Npxz4-unsplash-1024x767.jpg\" alt=\"Cesta v slovenski stepi\" class=\"uag-image-5320\" width=\"1024\" height=\"767\" title=\"\" loading=\"lazy\"><\/figure><\/div>\n<\/div>\n\n\n\n<div class=\"wp-block-uagb-container uagb-block-273f62cc\">\n<div class=\"wp-block-uagb-info-box uagb-block-f179cbd3 uagb-infobox__content-wrap  uagb-infobox-icon-above-title uagb-infobox-image-valign-top\"><div class=\"uagb-ifb-content\"><div class=\"uagb-ifb-title-wrap\"><h2 class=\"uagb-ifb-title\">Digitalna cestnina Slovenija<\/h2><\/div><p class=\"uagb-ifb-desc\">Digitalno cestninjenje Slovenija odpira vrata nepozabnim cestnim dogodiv\u0161\u010dinam v tej za\u010darani de\u017eeli. Kupljen z le nekaj spletnimi kliki omogo\u010da nemoteno vo\u017enjo in dostop do slovenskih razglednih poti. Razi\u0161\u010dite pestrost slovenske pokrajine in se potopite v njeno bogato kulturo, brez lepilnih in \u010dasovnih omejitev.  <\/p><div class=\"uagb-ifb-button-wrapper wp-block-button\"><a href=\"https:\/\/tollscout.eu\/digitale-vignette-slowenien-online\/\" class=\"uagb-infobox-cta-link wp-block-button__link\" target=\"_self\" rel=\"noopener noreferrer\" onclick=\"return true;\" alt=\"\"><span class=\"uagb-inline-editing\">Ve\u010d informacij<\/span><\/a><\/div><\/div><\/div>\n<\/div>\n<\/div><\/div>\n","protected":false},"excerpt":{"rendered":"<p>Kupite digitalno cestnino na spletu<\/p>\n","protected":false},"author":2,"featured_media":0,"parent":0,"menu_order":0,"comment_status":"closed","ping_status":"closed","template":"","meta":{"_uag_custom_page_level_css":"","site-sidebar-layout":"no-sidebar","site-content-layout":"","ast-site-content-layout":"normal-width-container","site-content-style":"unboxed","site-sidebar-style":"unboxed","ast-global-header-display":"","ast-banner-title-visibility":"","ast-main-header-display":"","ast-hfb-above-header-display":"","ast-hfb-below-header-display":"","ast-hfb-mobile-header-display":"","site-post-title":"disabled","ast-breadcrumbs-content":"","ast-featured-img":"","footer-sml-layout":"","ast-disable-related-posts":"","theme-transparent-header-meta":"enabled","adv-header-id-meta":"","stick-header-meta":"","header-above-stick-meta":"","header-main-stick-meta":"","header-below-stick-meta":"","astra-migrate-meta-layouts":"set","ast-page-background-enabled":"default","ast-page-background-meta":{"desktop":{"background-color":"var(--ast-global-color-5)","background-image":"","background-repeat":"repeat","background-position":"center center","background-size":"auto","background-attachment":"scroll","background-type":"","background-media":"","overlay-type":"","overlay-color":"","overlay-opacity":"","overlay-gradient":""},"tablet":{"background-color":"","background-image":"","background-repeat":"repeat","background-position":"center center","background-size":"auto","background-attachment":"scroll","background-type":"","background-media":"","overlay-type":"","overlay-color":"","overlay-opacity":"","overlay-gradient":""},"mobile":{"background-color":"","background-image":"","background-repeat":"repeat","background-position":"center center","background-size":"auto","background-attachment":"scroll","background-type":"","background-media":"","overlay-type":"","overlay-color":"","overlay-opacity":"","overlay-gradient":""}},"ast-content-background-meta":{"desktop":{"background-color":"var(--ast-global-color-4)","background-image":"","background-repeat":"repeat","background-position":"center center","background-size":"auto","background-attachment":"scroll","background-type":"","background-media":"","overlay-type":"","overlay-color":"","overlay-opacity":"","overlay-gradient":""},"tablet":{"background-color":"var(--ast-global-color-4)","background-image":"","background-repeat":"repeat","background-position":"center center","background-size":"auto","background-attachment":"scroll","background-type":"","background-media":"","overlay-type":"","overlay-color":"","overlay-opacity":"","overlay-gradient":""},"mobile":{"background-color":"var(--ast-global-color-4)","background-image":"","background-repeat":"repeat","background-position":"center center","background-size":"auto","background-attachment":"scroll","background-type":"","background-media":"","overlay-type":"","overlay-color":"","overlay-opacity":"","overlay-gradient":""}},"footnotes":""},"class_list":["post-5393","page","type-page","status-publish","hentry"],"yoast_head":"<!-- This site is optimized with the Yoast SEO plugin v27.1.1 - https:\/\/yoast.com\/product\/yoast-seo-wordpress\/ -->\n<title>Kupite digitalno cestnino na spletu Evropa - velja takoj<\/title>\n<meta name=\"description\" content=\"Kupite digitalno cestnino na spletu za vso Evropo. Preprosto, hitro in varno registrirajte digitalne cestnine. Velja takoj.\" \/>\n<meta name=\"robots\" content=\"index, follow, max-snippet:-1, max-image-preview:large, max-video-preview:-1\" \/>\n<link rel=\"canonical\" href=\"https:\/\/tollscout.eu\/sl\/kupite-digitalno-cestnino-na-spletu\/\" \/>\n<meta property=\"og:locale\" content=\"sl_SI\" \/>\n<meta property=\"og:type\" content=\"article\" \/>\n<meta property=\"og:title\" content=\"Kupite digitalno cestnino na spletu Evropa - velja takoj\" \/>\n<meta property=\"og:description\" content=\"Kupite digitalno cestnino na spletu za vso Evropo. Preprosto, hitro in varno registrirajte digitalne cestnine. Velja takoj.\" \/>\n<meta property=\"og:url\" content=\"https:\/\/tollscout.eu\/sl\/kupite-digitalno-cestnino-na-spletu\/\" \/>\n<meta property=\"og:site_name\" content=\"Tollscout\u00ae\" \/>\n<meta property=\"article:publisher\" content=\"https:\/\/facebook.com\/tollscout\" \/>\n<meta property=\"article:modified_time\" content=\"2024-07-31T04:03:58+00:00\" \/>\n<meta property=\"og:image\" content=\"https:\/\/tollscout.eu\/wp-content\/uploads\/2024\/02\/nikolett-emmert-0kSrcV46cI4-unsplash-1024x683.jpg\" \/>\n<meta name=\"twitter:card\" content=\"summary_large_image\" \/>\n<meta name=\"twitter:site\" content=\"@tollscout\" \/>\n<meta name=\"twitter:label1\" content=\"Est. reading time\" \/>\n\t<meta name=\"twitter:data1\" content=\"1 minuta\" \/>\n<script type=\"application\/ld+json\" class=\"yoast-schema-graph\">{\"@context\":\"https:\/\/schema.org\",\"@graph\":[{\"@type\":\"WebPage\",\"@id\":\"https:\/\/tollscout.eu\/sl\/kupite-digitalno-cestnino-na-spletu\/\",\"url\":\"https:\/\/tollscout.eu\/sl\/kupite-digitalno-cestnino-na-spletu\/\",\"name\":\"Kupite digitalno cestnino na spletu Evropa - velja takoj\",\"isPartOf\":{\"@id\":\"https:\/\/tollscout.eu\/sl\/#website\"},\"primaryImageOfPage\":{\"@id\":\"https:\/\/tollscout.eu\/sl\/kupite-digitalno-cestnino-na-spletu\/#primaryimage\"},\"image\":{\"@id\":\"https:\/\/tollscout.eu\/sl\/kupite-digitalno-cestnino-na-spletu\/#primaryimage\"},\"thumbnailUrl\":\"https:\/\/tollscout.eu\/wp-content\/uploads\/2024\/02\/nikolett-emmert-0kSrcV46cI4-unsplash-1024x683.jpg\",\"datePublished\":\"2023-09-08T10:48:12+00:00\",\"dateModified\":\"2024-07-31T04:03:58+00:00\",\"description\":\"Kupite digitalno cestnino na spletu za vso Evropo. Preprosto, hitro in varno registrirajte digitalne cestnine. Velja takoj.\",\"breadcrumb\":{\"@id\":\"https:\/\/tollscout.eu\/sl\/kupite-digitalno-cestnino-na-spletu\/#breadcrumb\"},\"inLanguage\":\"sl-SI\",\"potentialAction\":[{\"@type\":\"ReadAction\",\"target\":[\"https:\/\/tollscout.eu\/sl\/kupite-digitalno-cestnino-na-spletu\/\"]}]},{\"@type\":\"ImageObject\",\"inLanguage\":\"sl-SI\",\"@id\":\"https:\/\/tollscout.eu\/sl\/kupite-digitalno-cestnino-na-spletu\/#primaryimage\",\"url\":\"https:\/\/tollscout.eu\/wp-content\/uploads\/2024\/02\/nikolett-emmert-0kSrcV46cI4-unsplash-1024x683.jpg\",\"contentUrl\":\"https:\/\/tollscout.eu\/wp-content\/uploads\/2024\/02\/nikolett-emmert-0kSrcV46cI4-unsplash-1024x683.jpg\"},{\"@type\":\"BreadcrumbList\",\"@id\":\"https:\/\/tollscout.eu\/sl\/kupite-digitalno-cestnino-na-spletu\/#breadcrumb\",\"itemListElement\":[{\"@type\":\"ListItem\",\"position\":1,\"name\":\"Startseite\",\"item\":\"https:\/\/tollscout.eu\/sl\/\"},{\"@type\":\"ListItem\",\"position\":2,\"name\":\"Kupite digitalno cestnino na spletu\"}]},{\"@type\":\"WebSite\",\"@id\":\"https:\/\/tollscout.eu\/sl\/#website\",\"url\":\"https:\/\/tollscout.eu\/sl\/\",\"name\":\"Tollscout\u00ae\",\"description\":\"\",\"publisher\":{\"@id\":\"https:\/\/tollscout.eu\/sl\/#organization\"},\"potentialAction\":[{\"@type\":\"SearchAction\",\"target\":{\"@type\":\"EntryPoint\",\"urlTemplate\":\"https:\/\/tollscout.eu\/sl\/?s={search_term_string}\"},\"query-input\":{\"@type\":\"PropertyValueSpecification\",\"valueRequired\":true,\"valueName\":\"search_term_string\"}}],\"inLanguage\":\"sl-SI\"},{\"@type\":\"Organization\",\"@id\":\"https:\/\/tollscout.eu\/sl\/#organization\",\"name\":\"TollScout\",\"alternateName\":\"TollScout\",\"url\":\"https:\/\/tollscout.eu\/sl\/\",\"logo\":{\"@type\":\"ImageObject\",\"inLanguage\":\"sl-SI\",\"@id\":\"https:\/\/tollscout.eu\/sl\/#\/schema\/logo\/image\/\",\"url\":\"https:\/\/tollscout.eu\/wp-content\/uploads\/2023\/11\/logo_social_media_1024.png\",\"contentUrl\":\"https:\/\/tollscout.eu\/wp-content\/uploads\/2023\/11\/logo_social_media_1024.png\",\"width\":1024,\"height\":1024,\"caption\":\"TollScout\"},\"image\":{\"@id\":\"https:\/\/tollscout.eu\/sl\/#\/schema\/logo\/image\/\"},\"sameAs\":[\"https:\/\/facebook.com\/tollscout\",\"https:\/\/x.com\/tollscout\",\"https:\/\/instagram.com\/tollscout\"]}]}<\/script>\n<!-- \/ Yoast SEO plugin. -->","yoast_head_json":{"title":"Kupite digitalno cestnino na spletu Evropa - velja takoj","description":"Kupite digitalno cestnino na spletu za vso Evropo. Preprosto, hitro in varno registrirajte digitalne cestnine. Velja takoj.","robots":{"index":"index","follow":"follow","max-snippet":"max-snippet:-1","max-image-preview":"max-image-preview:large","max-video-preview":"max-video-preview:-1"},"canonical":"https:\/\/tollscout.eu\/sl\/kupite-digitalno-cestnino-na-spletu\/","og_locale":"sl_SI","og_type":"article","og_title":"Kupite digitalno cestnino na spletu Evropa - velja takoj","og_description":"Kupite digitalno cestnino na spletu za vso Evropo. Preprosto, hitro in varno registrirajte digitalne cestnine. Velja takoj.","og_url":"https:\/\/tollscout.eu\/sl\/kupite-digitalno-cestnino-na-spletu\/","og_site_name":"Tollscout\u00ae","article_publisher":"https:\/\/facebook.com\/tollscout","article_modified_time":"2024-07-31T04:03:58+00:00","og_image":[{"url":"https:\/\/tollscout.eu\/wp-content\/uploads\/2024\/02\/nikolett-emmert-0kSrcV46cI4-unsplash-1024x683.jpg","type":"","width":"","height":""}],"twitter_card":"summary_large_image","twitter_site":"@tollscout","twitter_misc":{"Est. reading time":"1 minuta"},"schema":{"@context":"https:\/\/schema.org","@graph":[{"@type":"WebPage","@id":"https:\/\/tollscout.eu\/sl\/kupite-digitalno-cestnino-na-spletu\/","url":"https:\/\/tollscout.eu\/sl\/kupite-digitalno-cestnino-na-spletu\/","name":"Kupite digitalno cestnino na spletu Evropa - velja takoj","isPartOf":{"@id":"https:\/\/tollscout.eu\/sl\/#website"},"primaryImageOfPage":{"@id":"https:\/\/tollscout.eu\/sl\/kupite-digitalno-cestnino-na-spletu\/#primaryimage"},"image":{"@id":"https:\/\/tollscout.eu\/sl\/kupite-digitalno-cestnino-na-spletu\/#primaryimage"},"thumbnailUrl":"https:\/\/tollscout.eu\/wp-content\/uploads\/2024\/02\/nikolett-emmert-0kSrcV46cI4-unsplash-1024x683.jpg","datePublished":"2023-09-08T10:48:12+00:00","dateModified":"2024-07-31T04:03:58+00:00","description":"Kupite digitalno cestnino na spletu za vso Evropo. Preprosto, hitro in varno registrirajte digitalne cestnine. Velja takoj.","breadcrumb":{"@id":"https:\/\/tollscout.eu\/sl\/kupite-digitalno-cestnino-na-spletu\/#breadcrumb"},"inLanguage":"sl-SI","potentialAction":[{"@type":"ReadAction","target":["https:\/\/tollscout.eu\/sl\/kupite-digitalno-cestnino-na-spletu\/"]}]},{"@type":"ImageObject","inLanguage":"sl-SI","@id":"https:\/\/tollscout.eu\/sl\/kupite-digitalno-cestnino-na-spletu\/#primaryimage","url":"https:\/\/tollscout.eu\/wp-content\/uploads\/2024\/02\/nikolett-emmert-0kSrcV46cI4-unsplash-1024x683.jpg","contentUrl":"https:\/\/tollscout.eu\/wp-content\/uploads\/2024\/02\/nikolett-emmert-0kSrcV46cI4-unsplash-1024x683.jpg"},{"@type":"BreadcrumbList","@id":"https:\/\/tollscout.eu\/sl\/kupite-digitalno-cestnino-na-spletu\/#breadcrumb","itemListElement":[{"@type":"ListItem","position":1,"name":"Startseite","item":"https:\/\/tollscout.eu\/sl\/"},{"@type":"ListItem","position":2,"name":"Kupite digitalno cestnino na spletu"}]},{"@type":"WebSite","@id":"https:\/\/tollscout.eu\/sl\/#website","url":"https:\/\/tollscout.eu\/sl\/","name":"Tollscout\u00ae","description":"","publisher":{"@id":"https:\/\/tollscout.eu\/sl\/#organization"},"potentialAction":[{"@type":"SearchAction","target":{"@type":"EntryPoint","urlTemplate":"https:\/\/tollscout.eu\/sl\/?s={search_term_string}"},"query-input":{"@type":"PropertyValueSpecification","valueRequired":true,"valueName":"search_term_string"}}],"inLanguage":"sl-SI"},{"@type":"Organization","@id":"https:\/\/tollscout.eu\/sl\/#organization","name":"TollScout","alternateName":"TollScout","url":"https:\/\/tollscout.eu\/sl\/","logo":{"@type":"ImageObject","inLanguage":"sl-SI","@id":"https:\/\/tollscout.eu\/sl\/#\/schema\/logo\/image\/","url":"https:\/\/tollscout.eu\/wp-content\/uploads\/2023\/11\/logo_social_media_1024.png","contentUrl":"https:\/\/tollscout.eu\/wp-content\/uploads\/2023\/11\/logo_social_media_1024.png","width":1024,"height":1024,"caption":"TollScout"},"image":{"@id":"https:\/\/tollscout.eu\/sl\/#\/schema\/logo\/image\/"},"sameAs":["https:\/\/facebook.com\/tollscout","https:\/\/x.com\/tollscout","https:\/\/instagram.com\/tollscout"]}]}},"uagb_featured_image_src":{"full":false,"thumbnail":false,"medium":false,"medium_large":false,"large":false,"1536x1536":false,"2048x2048":false,"gform-image-choice-sm":false,"gform-image-choice-md":false,"gform-image-choice-lg":false},"uagb_author_info":{"display_name":"Tollscout","author_link":"https:\/\/tollscout.eu\/sl\/author\/m-hemm\/"},"uagb_comment_info":0,"uagb_excerpt":"Kupite digitalno cestnino na spletu","_links":{"self":[{"href":"https:\/\/tollscout.eu\/sl\/wp-json\/wp\/v2\/pages\/5393","targetHints":{"allow":["GET"]}}],"collection":[{"href":"https:\/\/tollscout.eu\/sl\/wp-json\/wp\/v2\/pages"}],"about":[{"href":"https:\/\/tollscout.eu\/sl\/wp-json\/wp\/v2\/types\/page"}],"author":[{"embeddable":true,"href":"https:\/\/tollscout.eu\/sl\/wp-json\/wp\/v2\/users\/2"}],"replies":[{"embeddable":true,"href":"https:\/\/tollscout.eu\/sl\/wp-json\/wp\/v2\/comments?post=5393"}],"version-history":[{"count":5,"href":"https:\/\/tollscout.eu\/sl\/wp-json\/wp\/v2\/pages\/5393\/revisions"}],"predecessor-version":[{"id":8278,"href":"https:\/\/tollscout.eu\/sl\/wp-json\/wp\/v2\/pages\/5393\/revisions\/8278"}],"wp:attachment":[{"href":"https:\/\/tollscout.eu\/sl\/wp-json\/wp\/v2\/media?parent=5393"}],"curies":[{"name":"wp","href":"https:\/\/api.w.org\/{rel}","templated":true}]}}