{"id":5377,"date":"2023-09-08T13:49:33","date_gmt":"2023-09-08T11:49:33","guid":{"rendered":"https:\/\/tollscout.eu\/digitalna-cestnina-avstrija\/"},"modified":"2024-08-01T01:58:31","modified_gmt":"2024-07-31T23:58:31","slug":"digitalna-cestnina-avstrija","status":"publish","type":"page","link":"https:\/\/tollscout.eu\/sl\/digitalna-cestnina-avstrija\/","title":{"rendered":"Digitalna cestnina Avstrija"},"content":{"rendered":"\n<div class=\"wp-block-uagb-container uagb-block-c1e2fce7 alignfull uagb-is-root-container\"><div class=\"uagb-container-inner-blocks-wrap\">\n<div class=\"wp-block-uagb-advanced-heading uagb-block-c767fabd\"><h1 class=\"uagb-heading-text\">Digitalna cestnina Avstrija<\/h1><\/div>\n<\/div><\/div>\n\n<div class=\"wp-block-uagb-container uagb-block-84db5ed9 alignfull uagb-is-root-container\"><div class=\"uagb-container-inner-blocks-wrap\">\n<div id=\"app\" data-context=\"cart\"><\/div>\n<\/div><\/div>\n\n<div class=\"wp-block-uagb-container uagb-block-7efd3c31 alignfull uagb-is-root-container\"><div class=\"uagb-container-inner-blocks-wrap\">\n<div class=\"wp-block-uagb-advanced-heading uagb-block-4602874c\"><h2 class=\"uagb-heading-text\">Pogosta vpra\u0161anja<\/h2><p class=\"uagb-desc-text\">Tukaj odgovarjamo na vsa vpra\u0161anja o digitalni cestnini v Avstriji. Kaj je cestnina in kaj je digitalna cestnina? Ali obstaja razlika med digitalno vinjeto in digitalno cestnino? Vpra\u0161anja na vpra\u0161anja in mi vam bomo posredovali odgovore. \u010ce na\u0161a pogosta vpra\u0161anja ne najdejo odgovora na katero od va\u0161ih vpra\u0161anj, <a href=\"https:\/\/tollscout.eu\/kontakt\/\">se obrnite na slu\u017ebo za stranke. <\/a> <\/p><\/div>\n\n\n<div class=\"wp-block-uagb-faq uagb-faq__outer-wrap uagb-block-4fe496d4 uagb-faq-icon-row-reverse uagb-faq-layout-accordion uagb-faq-expand-first-false uagb-faq-inactive-other-true uagb-faq__wrap uagb-buttons-layout-wrap uagb-faq-equal-height     \" data-faqtoggle=\"true\" role=\"tablist\"><div class=\"wp-block-uagb-faq-child uagb-faq-child__outer-wrap uagb-faq-item uagb-block-1a70522e \" role=\"tab\" tabindex=\"0\"><div class=\"uagb-faq-questions-button uagb-faq-questions\">\t\t\t<span class=\"uagb-icon uagb-faq-icon-wrap\">\n\t\t\t\t\t\t\t\t<svg xmlns=\"https:\/\/www.w3.org\/2000\/svg\" viewBox= \"0 0 320 512\"><path d=\"M310.6 246.6l-127.1 128C176.4 380.9 168.2 384 160 384s-16.38-3.125-22.63-9.375l-127.1-128C.2244 237.5-2.516 223.7 2.438 211.8S19.07 192 32 192h255.1c12.94 0 24.62 7.781 29.58 19.75S319.8 237.5 310.6 246.6z\"><\/path><\/svg>\n\t\t\t\t\t\t\t<\/span>\n\t\t\t\t\t\t<span class=\"uagb-icon-active uagb-faq-icon-wrap\">\n\t\t\t\t\t\t\t\t<svg xmlns=\"https:\/\/www.w3.org\/2000\/svg\" viewBox= \"0 0 320 512\"><path d=\"M9.39 265.4l127.1-128C143.6 131.1 151.8 128 160 128s16.38 3.125 22.63 9.375l127.1 128c9.156 9.156 11.9 22.91 6.943 34.88S300.9 320 287.1 320H32.01c-12.94 0-24.62-7.781-29.58-19.75S.2333 274.5 9.39 265.4z\"><\/path><\/svg>\n\t\t\t\t\t\t\t<\/span>\n\t\t\t<h3 class=\"uagb-question\">Kaj je cestnina ali cestnina, ki je odvisna od poti?<\/h3><\/div><div class=\"uagb-faq-content\"><p>Na\u010deloma, z nekaj izjemami, vinjeta velja za vse avtoceste v Avstriji. Cestnina ali cestnina v odvisnosti od relacije je posebna cestnina, ki se pla\u010da za posebej stro\u0161kovno intenzivne odseke avtocest ali hitrih cest. Razlog za dodatno cestnino, poleg vinjete, je v tem, da gre za posebej zahtevne odseke, ki so bili zgrajeni s posebnimi objekti, kot so predori ali prehodi, z visokimi stro\u0161ki gradnje. Cestnina slu\u017ei za refinanciranje stro\u0161kov gradnje in vzdr\u017eevanja zadevnih odsekov. V celotnem avstrijskem omre\u017eju avtocest in hitrih cest je le 6 odsekov, na katerih se zara\u010dunava cestnina.    <\/p><\/div><\/div><div class=\"wp-block-uagb-faq-child uagb-faq-child__outer-wrap uagb-faq-item uagb-block-94ad7915 \" role=\"tab\" tabindex=\"0\"><div class=\"uagb-faq-questions-button uagb-faq-questions\">\t\t\t<span class=\"uagb-icon uagb-faq-icon-wrap\">\n\t\t\t\t\t\t\t\t<svg xmlns=\"https:\/\/www.w3.org\/2000\/svg\" viewBox= \"0 0 320 512\"><path d=\"M310.6 246.6l-127.1 128C176.4 380.9 168.2 384 160 384s-16.38-3.125-22.63-9.375l-127.1-128C.2244 237.5-2.516 223.7 2.438 211.8S19.07 192 32 192h255.1c12.94 0 24.62 7.781 29.58 19.75S319.8 237.5 310.6 246.6z\"><\/path><\/svg>\n\t\t\t\t\t\t\t<\/span>\n\t\t\t\t\t\t<span class=\"uagb-icon-active uagb-faq-icon-wrap\">\n\t\t\t\t\t\t\t\t<svg xmlns=\"https:\/\/www.w3.org\/2000\/svg\" viewBox= \"0 0 320 512\"><path d=\"M9.39 265.4l127.1-128C143.6 131.1 151.8 128 160 128s16.38 3.125 22.63 9.375l127.1 128c9.156 9.156 11.9 22.91 6.943 34.88S300.9 320 287.1 320H32.01c-12.94 0-24.62-7.781-29.58-19.75S.2333 274.5 9.39 265.4z\"><\/path><\/svg>\n\t\t\t\t\t\t\t<\/span>\n\t\t\t<h3 class=\"uagb-question\">Kaj je digitalna cestnina in kak\u0161ne prednosti ima?<\/h3><\/div><div class=\"uagb-faq-content\"><p>Digitalna cestnina je elektronska pristojbina, ki se zara\u010dunava za uporabo dolo\u010denih cestnih odsekov ali avtocest. V nasprotju s klasi\u010dnimi fizi\u010dnimi vinjetami ali cestninskimi postajami se pla\u010devanje in evidentiranje digitalnih cestnin izvaja popolnoma elektronsko. Za Avstrijo je digitalno cestnino mogo\u010de kupiti prek spleta. Tukaj je nekaj prednosti:   <br><br><strong>Udobje<\/strong>: digitalno cestninjenje omogo\u010da voznikom, da cestnino pla\u010dajo prek spleta, ne da bi se jim bilo treba ustavljati na cestninskih postajah ali pritrditi fizi\u010dne vinjete. To prihrani \u010das in zmanj\u0161a zamude. <br><br><strong>Prihranek \u010dasa:<\/strong> Ker na cestninskih postajah ni \u010dakalnih dob, so vo\u017enje opravljene hitreje in u\u010dinkoviteje.<br><br><strong>Prilagodljivost:<\/strong> Digitalni cestninski sistemi pogosto ponujajo razli\u010dne mo\u017enosti pla\u010dila, vklju\u010dno z dnevnimi, tedenskimi ali letnimi vinjetami, odvisno od individualnih potovalnih potreb.<br><br><strong>Prijaznost do okolja:<\/strong> Manj \u010dakalnih dob in zamud zmanj\u0161a porabo goriva in s tem vpliv na okolje.<br><br><strong>Bolj\u0161e spremljanje:<\/strong> digitalni sistemi omogo\u010dajo u\u010dinkovitej\u0161e spremljanje in nadzor cestnin, kar zmanj\u0161uje goljufije in izgubljeni prihodek.<br><br><strong>Prilagodljivost:<\/strong> Digitalni sistemi cestninjenja se zlahka prilagajajo spreminjajo\u010dim se prometnim razmeram ali prilagoditvam tarif, ne da bi bilo treba tiskati ali zamenjati fizi\u010dne vinjete.<br><br><strong>Zmanj\u0161anje papirnih odpadkov:<\/strong> Ker niso potrebne fizi\u010dne nalepke ali vozovnice, digitalni sistemi cestninjenja pomagajo zmanj\u0161ati papirne odpadke.<br><br>Na splo\u0161no digitalno cestninjenje ponuja sodobnej\u0161i in u\u010dinkovitej\u0161i na\u010din pobiranja cestnin, izbolj\u0161a pretok prometa in naredi potovalno izku\u0161njo za uporabnike prijetnej\u0161o.<\/p><\/div><\/div><div class=\"wp-block-uagb-faq-child uagb-faq-child__outer-wrap uagb-faq-item uagb-block-bd4b64b2 \" role=\"tab\" tabindex=\"0\"><div class=\"uagb-faq-questions-button uagb-faq-questions\">\t\t\t<span class=\"uagb-icon uagb-faq-icon-wrap\">\n\t\t\t\t\t\t\t\t<svg xmlns=\"https:\/\/www.w3.org\/2000\/svg\" viewBox= \"0 0 320 512\"><path d=\"M310.6 246.6l-127.1 128C176.4 380.9 168.2 384 160 384s-16.38-3.125-22.63-9.375l-127.1-128C.2244 237.5-2.516 223.7 2.438 211.8S19.07 192 32 192h255.1c12.94 0 24.62 7.781 29.58 19.75S319.8 237.5 310.6 246.6z\"><\/path><\/svg>\n\t\t\t\t\t\t\t<\/span>\n\t\t\t\t\t\t<span class=\"uagb-icon-active uagb-faq-icon-wrap\">\n\t\t\t\t\t\t\t\t<svg xmlns=\"https:\/\/www.w3.org\/2000\/svg\" viewBox= \"0 0 320 512\"><path d=\"M9.39 265.4l127.1-128C143.6 131.1 151.8 128 160 128s16.38 3.125 22.63 9.375l127.1 128c9.156 9.156 11.9 22.91 6.943 34.88S300.9 320 287.1 320H32.01c-12.94 0-24.62-7.781-29.58-19.75S.2333 274.5 9.39 265.4z\"><\/path><\/svg>\n\t\t\t\t\t\t\t<\/span>\n\t\t\t<span class=\"uagb-question\">Kak\u0161na je razlika med digitalno vinjeto in digitalno cestnino v Avstriji? <\/span><\/div><div class=\"uagb-faq-content\"><p>Niti v Avstriji ni velike razlike med digitalno vinjeto in digitalno cestnino. Obe razli\u010dici cestnine omogo\u010data vo\u017enjo po avtocestah in hitrih cestah v Avstriji. <a href=\"https:\/\/tollscout.eu\/sl\/digitalna-vinjeta-avstrija-na-spletu\/\">Digitalna vinjeta Avstrija<\/a> je obvezna za vse avtomobile in mobilne hi\u0161ice z najve\u010djo dovoljeno maso do 3,5 t. Izjema so le motocikli. Digitalna cestnina se zara\u010dunava poleg vinjete za posebej drage odseke poti. Za te odseke vinjeta ni potrebna, ampak se zara\u010duna cestnina glede na pot.       <\/p><\/div><\/div><div class=\"wp-block-uagb-faq-child uagb-faq-child__outer-wrap uagb-faq-item uagb-block-49ae175a \" role=\"tab\" tabindex=\"0\"><div class=\"uagb-faq-questions-button uagb-faq-questions\">\t\t\t<span class=\"uagb-icon uagb-faq-icon-wrap\">\n\t\t\t\t\t\t\t\t<svg xmlns=\"https:\/\/www.w3.org\/2000\/svg\" viewBox= \"0 0 320 512\"><path d=\"M310.6 246.6l-127.1 128C176.4 380.9 168.2 384 160 384s-16.38-3.125-22.63-9.375l-127.1-128C.2244 237.5-2.516 223.7 2.438 211.8S19.07 192 32 192h255.1c12.94 0 24.62 7.781 29.58 19.75S319.8 237.5 310.6 246.6z\"><\/path><\/svg>\n\t\t\t\t\t\t\t<\/span>\n\t\t\t\t\t\t<span class=\"uagb-icon-active uagb-faq-icon-wrap\">\n\t\t\t\t\t\t\t\t<svg xmlns=\"https:\/\/www.w3.org\/2000\/svg\" viewBox= \"0 0 320 512\"><path d=\"M9.39 265.4l127.1-128C143.6 131.1 151.8 128 160 128s16.38 3.125 22.63 9.375l127.1 128c9.156 9.156 11.9 22.91 6.943 34.88S300.9 320 287.1 320H32.01c-12.94 0-24.62-7.781-29.58-19.75S.2333 274.5 9.39 265.4z\"><\/path><\/svg>\n\t\t\t\t\t\t\t<\/span>\n\t\t\t<h3 class=\"uagb-question\">Kako deluje digitalna cestnina v Avstriji? <\/h3><\/div><div class=\"uagb-faq-content\"><p>\u010ce imate digitalno cestninjenje, bo sistem samodejno prepoznal va\u0161o shranjeno \u0161tevilko registrske tablice vozila, ko greste mimo cestninske postaje. V tem primeru se pregrada samodejno odpre. <br><br>Imate mo\u017enost, da uporabite skrajni levi pas, ozna\u010den z zeleno, da mimo cestninske postaje brez ustavljanja. Lahko pa uporabite tudi druge pasove za prijavo, razen skrajnega desnega GO pasu, ki je namenjen predvsem vozilom z najve\u010djo dovoljeno skupno maso nad 3,5 tone. <br><br>Upo\u0161tevajte, da je na avtocesti A 13 Brenner z veljavno digitalno cestnino dovoljena tudi uporaba voznega pasu GO.<\/p><\/div><\/div><div class=\"wp-block-uagb-faq-child uagb-faq-child__outer-wrap uagb-faq-item uagb-block-c7b6f203 \" role=\"tab\" tabindex=\"0\"><div class=\"uagb-faq-questions-button uagb-faq-questions\">\t\t\t<span class=\"uagb-icon uagb-faq-icon-wrap\">\n\t\t\t\t\t\t\t\t<svg xmlns=\"https:\/\/www.w3.org\/2000\/svg\" viewBox= \"0 0 320 512\"><path d=\"M310.6 246.6l-127.1 128C176.4 380.9 168.2 384 160 384s-16.38-3.125-22.63-9.375l-127.1-128C.2244 237.5-2.516 223.7 2.438 211.8S19.07 192 32 192h255.1c12.94 0 24.62 7.781 29.58 19.75S319.8 237.5 310.6 246.6z\"><\/path><\/svg>\n\t\t\t\t\t\t\t<\/span>\n\t\t\t\t\t\t<span class=\"uagb-icon-active uagb-faq-icon-wrap\">\n\t\t\t\t\t\t\t\t<svg xmlns=\"https:\/\/www.w3.org\/2000\/svg\" viewBox= \"0 0 320 512\"><path d=\"M9.39 265.4l127.1-128C143.6 131.1 151.8 128 160 128s16.38 3.125 22.63 9.375l127.1 128c9.156 9.156 11.9 22.91 6.943 34.88S300.9 320 287.1 320H32.01c-12.94 0-24.62-7.781-29.58-19.75S.2333 274.5 9.39 265.4z\"><\/path><\/svg>\n\t\t\t\t\t\t\t<\/span>\n\t\t\t<h3 class=\"uagb-question\">Ali digitalna cestnina za Avstrijo velja takoj? <\/h3><\/div><div class=\"uagb-faq-content\"><p>\u010ce digitalno cestnino kupite pri nas, 18-dnevni rok ne velja in va\u0161a digitalna cestnina za\u010dne veljati takoj. Upo\u0161tevajte, da potrditev naro\u010dila ne pomeni, da smo registrirali va\u0161o registrsko tablico pri avstrijski cestninski upravi ASFiNAG. Pred vo\u017enjo po cestninskih odsekih v Avstriji po\u010dakajte na potrditev registracije.   <\/p><\/div><\/div><div class=\"wp-block-uagb-faq-child uagb-faq-child__outer-wrap uagb-faq-item uagb-block-66a7673f \" role=\"tab\" tabindex=\"0\"><div class=\"uagb-faq-questions-button uagb-faq-questions\">\t\t\t<span class=\"uagb-icon uagb-faq-icon-wrap\">\n\t\t\t\t\t\t\t\t<svg xmlns=\"https:\/\/www.w3.org\/2000\/svg\" viewBox= \"0 0 320 512\"><path d=\"M310.6 246.6l-127.1 128C176.4 380.9 168.2 384 160 384s-16.38-3.125-22.63-9.375l-127.1-128C.2244 237.5-2.516 223.7 2.438 211.8S19.07 192 32 192h255.1c12.94 0 24.62 7.781 29.58 19.75S319.8 237.5 310.6 246.6z\"><\/path><\/svg>\n\t\t\t\t\t\t\t<\/span>\n\t\t\t\t\t\t<span class=\"uagb-icon-active uagb-faq-icon-wrap\">\n\t\t\t\t\t\t\t\t<svg xmlns=\"https:\/\/www.w3.org\/2000\/svg\" viewBox= \"0 0 320 512\"><path d=\"M9.39 265.4l127.1-128C143.6 131.1 151.8 128 160 128s16.38 3.125 22.63 9.375l127.1 128c9.156 9.156 11.9 22.91 6.943 34.88S300.9 320 287.1 320H32.01c-12.94 0-24.62-7.781-29.58-19.75S.2333 274.5 9.39 265.4z\"><\/path><\/svg>\n\t\t\t\t\t\t\t<\/span>\n\t\t\t<span class=\"uagb-question\">Na katerih avtocestah moram pla\u010dati dodatno cestnino?<\/span><\/div><div class=\"uagb-faq-content\"><p>Digitalna cestnina se pobira na skupno 6 odsekih avstrijskega omre\u017eja avtocest in hitrih cest. Za te odseke obstaja obveznost pla\u010dila cestnine. To lahko storite enostavno, varno in hitro prek na\u0161ega spletnega mesta. Digitalna cestnina se pla\u010da za naslednje odseke poti:    <br><br>A9 Pyhrn Bosrucktunnel<br>A9 Pyhrn Gleinalmtunnel<br>A9 Pyhrn Bosruck- und Gleinalmtunnel<br><a href=\"https:\/\/tollscout.eu\/sl\/cestnina-za-predor-katschberg-avstrija\/\">A10 Tauern Autobahn<\/a><br>A11 Karawanken Autobahn Richtung S\u00fcd<br>S16 Arlberg Stra\u00dfentunnel<\/p><\/div><\/div><div class=\"wp-block-uagb-faq-child uagb-faq-child__outer-wrap uagb-faq-item uagb-block-b2283dc5 \" role=\"tab\" tabindex=\"0\"><div class=\"uagb-faq-questions-button uagb-faq-questions\">\t\t\t<span class=\"uagb-icon uagb-faq-icon-wrap\">\n\t\t\t\t\t\t\t\t<svg xmlns=\"https:\/\/www.w3.org\/2000\/svg\" viewBox= \"0 0 320 512\"><path d=\"M310.6 246.6l-127.1 128C176.4 380.9 168.2 384 160 384s-16.38-3.125-22.63-9.375l-127.1-128C.2244 237.5-2.516 223.7 2.438 211.8S19.07 192 32 192h255.1c12.94 0 24.62 7.781 29.58 19.75S319.8 237.5 310.6 246.6z\"><\/path><\/svg>\n\t\t\t\t\t\t\t<\/span>\n\t\t\t\t\t\t<span class=\"uagb-icon-active uagb-faq-icon-wrap\">\n\t\t\t\t\t\t\t\t<svg xmlns=\"https:\/\/www.w3.org\/2000\/svg\" viewBox= \"0 0 320 512\"><path d=\"M9.39 265.4l127.1-128C143.6 131.1 151.8 128 160 128s16.38 3.125 22.63 9.375l127.1 128c9.156 9.156 11.9 22.91 6.943 34.88S300.9 320 287.1 320H32.01c-12.94 0-24.62-7.781-29.58-19.75S.2333 274.5 9.39 265.4z\"><\/path><\/svg>\n\t\t\t\t\t\t\t<\/span>\n\t\t\t<h3 class=\"uagb-question\">Zakaj ne morem kupiti digitalnih cestnin za odsek A11 Karawanken Autobahn proti severu?<\/h3><\/div><div class=\"uagb-faq-content\"><p>Za avtocesto A11 Karawanken Autobahn lahko digitalno cestnino pla\u010date samo v smeri proti jugu, saj cestnino proti severu zara\u010dunava dru\u017eba za avtoceste v <a href=\"https:\/\/evinjeta.dars.si\/de\/karawankentunnel\">Sloveniji DARS.<\/a> Zaradi tega je cestnino v smeri proti severu mogo\u010de pla\u010dati le lokalno na cestninski postaji Hrusica v Sloveniji. V na\u0161i spletni trgovini lahko preprosto kupite ju\u017eno pot. <\/p><\/div><\/div><\/div><\/div><\/div>\n","protected":false},"excerpt":{"rendered":"<p>Digitalna cestnina Avstrija Pogosta vpra\u0161anja Tukaj odgovarjamo na vsa vpra\u0161anja o digitalni cestnini v Avstriji. Kaj je cestnina in kaj [&hellip;]<\/p>\n","protected":false},"author":2,"featured_media":0,"parent":0,"menu_order":0,"comment_status":"closed","ping_status":"closed","template":"","meta":{"_uag_custom_page_level_css":"","site-sidebar-layout":"no-sidebar","site-content-layout":"","ast-site-content-layout":"normal-width-container","site-content-style":"unboxed","site-sidebar-style":"unboxed","ast-global-header-display":"","ast-banner-title-visibility":"","ast-main-header-display":"","ast-hfb-above-header-display":"","ast-hfb-below-header-display":"","ast-hfb-mobile-header-display":"","site-post-title":"disabled","ast-breadcrumbs-content":"","ast-featured-img":"","footer-sml-layout":"","ast-disable-related-posts":"","theme-transparent-header-meta":"enabled","adv-header-id-meta":"","stick-header-meta":"","header-above-stick-meta":"","header-main-stick-meta":"","header-below-stick-meta":"","astra-migrate-meta-layouts":"set","ast-page-background-enabled":"default","ast-page-background-meta":{"desktop":{"background-color":"var(--ast-global-color-5)","background-image":"","background-repeat":"repeat","background-position":"center center","background-size":"auto","background-attachment":"scroll","background-type":"","background-media":"","overlay-type":"","overlay-color":"","overlay-opacity":"","overlay-gradient":""},"tablet":{"background-color":"","background-image":"","background-repeat":"repeat","background-position":"center center","background-size":"auto","background-attachment":"scroll","background-type":"","background-media":"","overlay-type":"","overlay-color":"","overlay-opacity":"","overlay-gradient":""},"mobile":{"background-color":"","background-image":"","background-repeat":"repeat","background-position":"center center","background-size":"auto","background-attachment":"scroll","background-type":"","background-media":"","overlay-type":"","overlay-color":"","overlay-opacity":"","overlay-gradient":""}},"ast-content-background-meta":{"desktop":{"background-color":"var(--ast-global-color-4)","background-image":"","background-repeat":"repeat","background-position":"center center","background-size":"auto","background-attachment":"scroll","background-type":"","background-media":"","overlay-type":"","overlay-color":"","overlay-opacity":"","overlay-gradient":""},"tablet":{"background-color":"var(--ast-global-color-4)","background-image":"","background-repeat":"repeat","background-position":"center center","background-size":"auto","background-attachment":"scroll","background-type":"","background-media":"","overlay-type":"","overlay-color":"","overlay-opacity":"","overlay-gradient":""},"mobile":{"background-color":"var(--ast-global-color-4)","background-image":"","background-repeat":"repeat","background-position":"center center","background-size":"auto","background-attachment":"scroll","background-type":"","background-media":"","overlay-type":"","overlay-color":"","overlay-opacity":"","overlay-gradient":""}},"footnotes":""},"class_list":["post-5377","page","type-page","status-publish","hentry"],"yoast_head":"<!-- This site is optimized with the Yoast SEO plugin v27.1.1 - https:\/\/yoast.com\/product\/yoast-seo-wordpress\/ -->\n<title>Kupite digitalno cestnino Avstrija na spletu. Velja takoj<\/title>\n<meta name=\"description\" content=\"Kupite digitalno cestnino Avstrija na spletu. Preprosto, hitro in varno registrirajte digitalne cestnine. Velja takoj.\" \/>\n<meta name=\"robots\" content=\"index, follow, max-snippet:-1, max-image-preview:large, max-video-preview:-1\" \/>\n<link rel=\"canonical\" href=\"https:\/\/tollscout.eu\/sl\/digitalna-cestnina-avstrija\/\" \/>\n<meta property=\"og:locale\" content=\"sl_SI\" \/>\n<meta property=\"og:type\" content=\"article\" \/>\n<meta property=\"og:title\" content=\"Kupite digitalno cestnino Avstrija na spletu. Velja takoj\" \/>\n<meta property=\"og:description\" content=\"Kupite digitalno cestnino Avstrija na spletu. Preprosto, hitro in varno registrirajte digitalne cestnine. Velja takoj.\" \/>\n<meta property=\"og:url\" content=\"https:\/\/tollscout.eu\/sl\/digitalna-cestnina-avstrija\/\" \/>\n<meta property=\"og:site_name\" content=\"Tollscout\u00ae\" \/>\n<meta property=\"article:publisher\" content=\"https:\/\/facebook.com\/tollscout\" \/>\n<meta property=\"article:modified_time\" content=\"2024-07-31T23:58:31+00:00\" \/>\n<meta property=\"og:image\" content=\"https:\/\/tollscout.eu\/wp-content\/uploads\/2023\/08\/logo_color_360x92px.png\" \/>\n\t<meta property=\"og:image:width\" content=\"360\" \/>\n\t<meta property=\"og:image:height\" content=\"92\" \/>\n\t<meta property=\"og:image:type\" content=\"image\/png\" \/>\n<meta name=\"twitter:card\" content=\"summary_large_image\" \/>\n<meta name=\"twitter:site\" content=\"@tollscout\" \/>\n<meta name=\"twitter:label1\" content=\"Est. reading time\" \/>\n\t<meta name=\"twitter:data1\" content=\"5 minut\" \/>\n<script type=\"application\/ld+json\" class=\"yoast-schema-graph\">{\"@context\":\"https:\/\/schema.org\",\"@graph\":[{\"@type\":\"WebPage\",\"@id\":\"https:\/\/tollscout.eu\/sl\/digitalna-cestnina-avstrija\/\",\"url\":\"https:\/\/tollscout.eu\/sl\/digitalna-cestnina-avstrija\/\",\"name\":\"Kupite digitalno cestnino Avstrija na spletu. Velja takoj\",\"isPartOf\":{\"@id\":\"https:\/\/tollscout.eu\/sl\/#website\"},\"datePublished\":\"2023-09-08T11:49:33+00:00\",\"dateModified\":\"2024-07-31T23:58:31+00:00\",\"description\":\"Kupite digitalno cestnino Avstrija na spletu. Preprosto, hitro in varno registrirajte digitalne cestnine. Velja takoj.\",\"breadcrumb\":{\"@id\":\"https:\/\/tollscout.eu\/sl\/digitalna-cestnina-avstrija\/#breadcrumb\"},\"inLanguage\":\"sl-SI\",\"potentialAction\":[{\"@type\":\"ReadAction\",\"target\":[\"https:\/\/tollscout.eu\/sl\/digitalna-cestnina-avstrija\/\"]}]},{\"@type\":\"BreadcrumbList\",\"@id\":\"https:\/\/tollscout.eu\/sl\/digitalna-cestnina-avstrija\/#breadcrumb\",\"itemListElement\":[{\"@type\":\"ListItem\",\"position\":1,\"name\":\"Startseite\",\"item\":\"https:\/\/tollscout.eu\/sl\/\"},{\"@type\":\"ListItem\",\"position\":2,\"name\":\"Digitalna cestnina Avstrija\"}]},{\"@type\":\"WebSite\",\"@id\":\"https:\/\/tollscout.eu\/sl\/#website\",\"url\":\"https:\/\/tollscout.eu\/sl\/\",\"name\":\"Tollscout\u00ae\",\"description\":\"\",\"publisher\":{\"@id\":\"https:\/\/tollscout.eu\/sl\/#organization\"},\"potentialAction\":[{\"@type\":\"SearchAction\",\"target\":{\"@type\":\"EntryPoint\",\"urlTemplate\":\"https:\/\/tollscout.eu\/sl\/?s={search_term_string}\"},\"query-input\":{\"@type\":\"PropertyValueSpecification\",\"valueRequired\":true,\"valueName\":\"search_term_string\"}}],\"inLanguage\":\"sl-SI\"},{\"@type\":\"Organization\",\"@id\":\"https:\/\/tollscout.eu\/sl\/#organization\",\"name\":\"TollScout\",\"alternateName\":\"TollScout\",\"url\":\"https:\/\/tollscout.eu\/sl\/\",\"logo\":{\"@type\":\"ImageObject\",\"inLanguage\":\"sl-SI\",\"@id\":\"https:\/\/tollscout.eu\/sl\/#\/schema\/logo\/image\/\",\"url\":\"https:\/\/tollscout.eu\/wp-content\/uploads\/2023\/11\/logo_social_media_1024.png\",\"contentUrl\":\"https:\/\/tollscout.eu\/wp-content\/uploads\/2023\/11\/logo_social_media_1024.png\",\"width\":1024,\"height\":1024,\"caption\":\"TollScout\"},\"image\":{\"@id\":\"https:\/\/tollscout.eu\/sl\/#\/schema\/logo\/image\/\"},\"sameAs\":[\"https:\/\/facebook.com\/tollscout\",\"https:\/\/x.com\/tollscout\",\"https:\/\/instagram.com\/tollscout\"]}]}<\/script>\n<!-- \/ Yoast SEO plugin. -->","yoast_head_json":{"title":"Kupite digitalno cestnino Avstrija na spletu. Velja takoj","description":"Kupite digitalno cestnino Avstrija na spletu. Preprosto, hitro in varno registrirajte digitalne cestnine. Velja takoj.","robots":{"index":"index","follow":"follow","max-snippet":"max-snippet:-1","max-image-preview":"max-image-preview:large","max-video-preview":"max-video-preview:-1"},"canonical":"https:\/\/tollscout.eu\/sl\/digitalna-cestnina-avstrija\/","og_locale":"sl_SI","og_type":"article","og_title":"Kupite digitalno cestnino Avstrija na spletu. Velja takoj","og_description":"Kupite digitalno cestnino Avstrija na spletu. Preprosto, hitro in varno registrirajte digitalne cestnine. Velja takoj.","og_url":"https:\/\/tollscout.eu\/sl\/digitalna-cestnina-avstrija\/","og_site_name":"Tollscout\u00ae","article_publisher":"https:\/\/facebook.com\/tollscout","article_modified_time":"2024-07-31T23:58:31+00:00","og_image":[{"width":360,"height":92,"url":"https:\/\/tollscout.eu\/wp-content\/uploads\/2023\/08\/logo_color_360x92px.png","type":"image\/png"}],"twitter_card":"summary_large_image","twitter_site":"@tollscout","twitter_misc":{"Est. reading time":"5 minut"},"schema":{"@context":"https:\/\/schema.org","@graph":[{"@type":"WebPage","@id":"https:\/\/tollscout.eu\/sl\/digitalna-cestnina-avstrija\/","url":"https:\/\/tollscout.eu\/sl\/digitalna-cestnina-avstrija\/","name":"Kupite digitalno cestnino Avstrija na spletu. Velja takoj","isPartOf":{"@id":"https:\/\/tollscout.eu\/sl\/#website"},"datePublished":"2023-09-08T11:49:33+00:00","dateModified":"2024-07-31T23:58:31+00:00","description":"Kupite digitalno cestnino Avstrija na spletu. Preprosto, hitro in varno registrirajte digitalne cestnine. Velja takoj.","breadcrumb":{"@id":"https:\/\/tollscout.eu\/sl\/digitalna-cestnina-avstrija\/#breadcrumb"},"inLanguage":"sl-SI","potentialAction":[{"@type":"ReadAction","target":["https:\/\/tollscout.eu\/sl\/digitalna-cestnina-avstrija\/"]}]},{"@type":"BreadcrumbList","@id":"https:\/\/tollscout.eu\/sl\/digitalna-cestnina-avstrija\/#breadcrumb","itemListElement":[{"@type":"ListItem","position":1,"name":"Startseite","item":"https:\/\/tollscout.eu\/sl\/"},{"@type":"ListItem","position":2,"name":"Digitalna cestnina Avstrija"}]},{"@type":"WebSite","@id":"https:\/\/tollscout.eu\/sl\/#website","url":"https:\/\/tollscout.eu\/sl\/","name":"Tollscout\u00ae","description":"","publisher":{"@id":"https:\/\/tollscout.eu\/sl\/#organization"},"potentialAction":[{"@type":"SearchAction","target":{"@type":"EntryPoint","urlTemplate":"https:\/\/tollscout.eu\/sl\/?s={search_term_string}"},"query-input":{"@type":"PropertyValueSpecification","valueRequired":true,"valueName":"search_term_string"}}],"inLanguage":"sl-SI"},{"@type":"Organization","@id":"https:\/\/tollscout.eu\/sl\/#organization","name":"TollScout","alternateName":"TollScout","url":"https:\/\/tollscout.eu\/sl\/","logo":{"@type":"ImageObject","inLanguage":"sl-SI","@id":"https:\/\/tollscout.eu\/sl\/#\/schema\/logo\/image\/","url":"https:\/\/tollscout.eu\/wp-content\/uploads\/2023\/11\/logo_social_media_1024.png","contentUrl":"https:\/\/tollscout.eu\/wp-content\/uploads\/2023\/11\/logo_social_media_1024.png","width":1024,"height":1024,"caption":"TollScout"},"image":{"@id":"https:\/\/tollscout.eu\/sl\/#\/schema\/logo\/image\/"},"sameAs":["https:\/\/facebook.com\/tollscout","https:\/\/x.com\/tollscout","https:\/\/instagram.com\/tollscout"]}]}},"uagb_featured_image_src":{"full":false,"thumbnail":false,"medium":false,"medium_large":false,"large":false,"1536x1536":false,"2048x2048":false,"gform-image-choice-sm":false,"gform-image-choice-md":false,"gform-image-choice-lg":false},"uagb_author_info":{"display_name":"Tollscout","author_link":"https:\/\/tollscout.eu\/sl\/author\/m-hemm\/"},"uagb_comment_info":0,"uagb_excerpt":"Digitalna cestnina Avstrija Pogosta vpra\u0161anja Tukaj odgovarjamo na vsa vpra\u0161anja o digitalni cestnini v Avstriji. Kaj je cestnina in kaj [&hellip;]","_links":{"self":[{"href":"https:\/\/tollscout.eu\/sl\/wp-json\/wp\/v2\/pages\/5377","targetHints":{"allow":["GET"]}}],"collection":[{"href":"https:\/\/tollscout.eu\/sl\/wp-json\/wp\/v2\/pages"}],"about":[{"href":"https:\/\/tollscout.eu\/sl\/wp-json\/wp\/v2\/types\/page"}],"author":[{"embeddable":true,"href":"https:\/\/tollscout.eu\/sl\/wp-json\/wp\/v2\/users\/2"}],"replies":[{"embeddable":true,"href":"https:\/\/tollscout.eu\/sl\/wp-json\/wp\/v2\/comments?post=5377"}],"version-history":[{"count":8,"href":"https:\/\/tollscout.eu\/sl\/wp-json\/wp\/v2\/pages\/5377\/revisions"}],"predecessor-version":[{"id":9110,"href":"https:\/\/tollscout.eu\/sl\/wp-json\/wp\/v2\/pages\/5377\/revisions\/9110"}],"wp:attachment":[{"href":"https:\/\/tollscout.eu\/sl\/wp-json\/wp\/v2\/media?parent=5377"}],"curies":[{"name":"wp","href":"https:\/\/api.w.org\/{rel}","templated":true}]}}