{"id":5998,"date":"2023-08-24T17:48:25","date_gmt":"2023-08-24T15:48:25","guid":{"rendered":"https:\/\/tollscout.eu\/tauerntunnel-myto-v-rakusku\/"},"modified":"2024-08-01T01:46:27","modified_gmt":"2024-07-31T23:46:27","slug":"tauerntunnel-myto-v-rakusku","status":"publish","type":"page","link":"https:\/\/tollscout.eu\/sk\/tauerntunnel-myto-v-rakusku\/","title":{"rendered":"Tauerntunnel m\u00fdto v Rak\u00fasku"},"content":{"rendered":"\n<div class=\"wp-block-uagb-container uagb-block-c1e2fce7 alignfull uagb-is-root-container\"><div class=\"uagb-container-inner-blocks-wrap\">\n<div class=\"wp-block-uagb-advanced-heading uagb-block-c767fabd\"><h1 class=\"uagb-heading-text\">Tauerntunnel m\u00fdto v Rak\u00fasku<\/h1><\/div>\n<\/div><\/div>\n\n<div class=\"wp-block-uagb-container uagb-block-f0fe747c alignfull uagb-is-root-container\"><div class=\"uagb-container-inner-blocks-wrap\">\n<div id=\"app\" data-context=\"at\"><\/div>\n<\/div><\/div>\n\n<div class=\"wp-block-uagb-container uagb-block-f356067b alignfull uagb-is-root-container\"><div class=\"uagb-container-inner-blocks-wrap\">\n<div class=\"wp-block-uagb-advanced-heading uagb-block-e02782db\"><h2 class=\"uagb-heading-text\">Tauerntunnel m\u00fdto v Rak\u00fasku<\/h2><p class=\"uagb-desc-text\">Tauernsk\u00fd tunel je 6 546 metrov dlh\u00fd cestn\u00fd tunel na Tauern Autobahn A 10. Spolu s Katschbergsk\u00fdm tunelom tvor\u00ed rozhoduj\u00facu \u010das\u0165 spojenia medzi Villachom a Salzburgom. Prejazd medzi tunelmi Katschberg a Tauern vr\u00e1tane cesty oboma tunelmi je klasifikovan\u00fd ako \u0161peci\u00e1lna spoplatnen\u00e1 trasa a vy\u017eaduje si poplatok 13,50 eura. T\u00e1to trasa, rovnako ako v\u0161etky ostatn\u00e9 \u0161peci\u00e1lne spoplatnen\u00e9 trasy v Rak\u00fasku, je vy\u0148at\u00e1 z povinnosti dia\u013eni\u010dnej zn\u00e1mky.   <\/p><\/div>\n<\/div><\/div>\n\n<div class=\"wp-block-uagb-container uagb-block-7efd3c31 alignfull uagb-is-root-container\"><div class=\"uagb-container-inner-blocks-wrap\">\n<div class=\"wp-block-uagb-advanced-heading uagb-block-4602874c\"><h2 class=\"uagb-heading-text\">FAQ<\/h2><p class=\"uagb-desc-text\">Tu odpovieme na v\u0161etky ot\u00e1zky t\u00fdkaj\u00face sa m\u00fdta v Tauernskom tuneli v Rak\u00fasku.\u200b<\/p><\/div>\n\n\n<div class=\"wp-block-uagb-faq uagb-faq__outer-wrap uagb-block-4fe496d4 uagb-faq-icon-row-reverse uagb-faq-layout-accordion uagb-faq-expand-first-false uagb-faq-inactive-other-true uagb-faq__wrap uagb-buttons-layout-wrap uagb-faq-equal-height     \" data-faqtoggle=\"true\" role=\"tablist\"><div class=\"wp-block-uagb-faq-child uagb-faq-child__outer-wrap uagb-faq-item uagb-block-1a70522e wp-block-uagb-faq-child uagb-faq-child__outer-wrap uagb-faq-item uagb-block-1a70522e\" role=\"tab\" tabindex=\"0\"><div class=\"uagb-faq-questions-button uagb-faq-questions\">\t\t\t<span class=\"uagb-icon uagb-faq-icon-wrap\">\n\t\t\t\t\t\t\t<\/span>\n\t\t\t\t\t\t<span class=\"uagb-icon-active uagb-faq-icon-wrap\">\n\t\t\t\t\t\t\t\t<svg xmlns=\"https:\/\/www.w3.org\/2000\/svg\" viewBox= \"0 0 320 512\"><path d=\"M9.39 265.4l127.1-128C143.6 131.1 151.8 128 160 128s16.38 3.125 22.63 9.375l127.1 128c9.156 9.156 11.9 22.91 6.943 34.88S300.9 320 287.1 320H32.01c-12.94 0-24.62-7.781-29.58-19.75S.2333 274.5 9.39 265.4z\"><\/path><\/svg>\n\t\t\t\t\t\t\t<\/span>\n\t\t\t<h3 class=\"uagb-question\"><strong>Kedy bol Tauernsk\u00fd tunel otvoren\u00fd pre prem\u00e1vku?<\/strong><\/h3><\/div><div class=\"uagb-faq-content\"><p>Tauernsk\u00fd tunel, podobne ako <a href=\"https:\/\/tollscout.eu\/sk\/myto-v-tuneli-katschberg-v-rakusku\/\">Katschbergsk\u00fd tunel<\/a>, bol p\u00f4vodne pl\u00e1novan\u00fd ako dvojr\u00farov\u00fd dia\u013eni\u010dn\u00fd tunel. Z finan\u010dn\u00fdch d\u00f4vodov a pre ni\u017e\u0161iu ako predpokladan\u00fa intenzitu dopravy bol v\u0161ak v roku 1975 dokon\u010den\u00fd len jeden z dvoch tubusov, ktor\u00fd je dlh\u00fd 6 401 metrov. Od pl\u00e1nov na druh\u00fa r\u00faru sa v roku 1988 do\u010dasne upustilo.<\/p><\/div><\/div><div class=\"wp-block-uagb-faq-child uagb-faq-child__outer-wrap uagb-faq-item uagb-block-bd4b64b2 \" role=\"tab\" tabindex=\"0\"><div class=\"uagb-faq-questions-button uagb-faq-questions\">\t\t\t<span class=\"uagb-icon uagb-faq-icon-wrap\">\n\t\t\t\t\t\t\t<\/span>\n\t\t\t\t\t\t<span class=\"uagb-icon-active uagb-faq-icon-wrap\">\n\t\t\t\t\t\t\t\t<svg xmlns=\"https:\/\/www.w3.org\/2000\/svg\" viewBox= \"0 0 320 512\"><path d=\"M9.39 265.4l127.1-128C143.6 131.1 151.8 128 160 128s16.38 3.125 22.63 9.375l127.1 128c9.156 9.156 11.9 22.91 6.943 34.88S300.9 320 287.1 320H32.01c-12.94 0-24.62-7.781-29.58-19.75S.2333 274.5 9.39 265.4z\"><\/path><\/svg>\n\t\t\t\t\t\t\t<\/span>\n\t\t\t<h3 class=\"uagb-question\"><strong>Ako dlho je Tauerntunnel (A10 Tauernautobahn)?<\/strong><\/h3><\/div><div class=\"uagb-faq-content\"><p>Prv\u00e1 r\u00fara Tauernsk\u00e9ho tunela bola dokon\u010den\u00e1 v roku 1975 a je dlh\u00e1 6 401 metrov. Druh\u00fd tubus, ktor\u00fd bol dokon\u010den\u00fd v roku 2010, je dlh\u00fd 6 546 metrov.  <\/p><\/div><\/div><div class=\"wp-block-uagb-faq-child uagb-faq-child__outer-wrap uagb-faq-item uagb-block-49ae175a \" role=\"tab\" tabindex=\"0\"><div class=\"uagb-faq-questions-button uagb-faq-questions\">\t\t\t<span class=\"uagb-icon uagb-faq-icon-wrap\">\n\t\t\t\t\t\t\t<\/span>\n\t\t\t\t\t\t<span class=\"uagb-icon-active uagb-faq-icon-wrap\">\n\t\t\t\t\t\t\t\t<svg xmlns=\"https:\/\/www.w3.org\/2000\/svg\" viewBox= \"0 0 320 512\"><path d=\"M9.39 265.4l127.1-128C143.6 131.1 151.8 128 160 128s16.38 3.125 22.63 9.375l127.1 128c9.156 9.156 11.9 22.91 6.943 34.88S300.9 320 287.1 320H32.01c-12.94 0-24.62-7.781-29.58-19.75S.2333 274.5 9.39 265.4z\"><\/path><\/svg>\n\t\t\t\t\t\t\t<\/span>\n\t\t\t<h3 class=\"uagb-question\"><strong>Pre\u010do je Tauernsk\u00fd tunel vy\u0148at\u00fd z po\u017eiadavky na zn\u00e1mku?<\/strong><\/h3><\/div><div class=\"uagb-faq-content\"><p>Tauernsk\u00fd tunel je \u00fasek trasy, ktor\u00fd je osloboden\u00fd od povinnosti dia\u013eni\u010dnej zn\u00e1mky, ale podlieha \u0161peci\u00e1lnemu m\u00fdtu. Cestovn\u00e9 m\u00fdto pre Tauernautobahn A10 si m\u00f4\u017eete r\u00fdchlo a pohodlne zak\u00fapi\u0165 online prostredn\u00edctvom n\u00e1\u0161ho internetov\u00e9ho obchodu. <\/p><\/div><\/div><div class=\"wp-block-uagb-faq-child uagb-faq-child__outer-wrap uagb-faq-item uagb-block-c7b6f203 \" role=\"tab\" tabindex=\"0\"><div class=\"uagb-faq-questions-button uagb-faq-questions\">\t\t\t<span class=\"uagb-icon uagb-faq-icon-wrap\">\n\t\t\t\t\t\t\t<\/span>\n\t\t\t\t\t\t<span class=\"uagb-icon-active uagb-faq-icon-wrap\">\n\t\t\t\t\t\t\t\t<svg xmlns=\"https:\/\/www.w3.org\/2000\/svg\" viewBox= \"0 0 320 512\"><path d=\"M9.39 265.4l127.1-128C143.6 131.1 151.8 128 160 128s16.38 3.125 22.63 9.375l127.1 128c9.156 9.156 11.9 22.91 6.943 34.88S300.9 320 287.1 320H32.01c-12.94 0-24.62-7.781-29.58-19.75S.2333 274.5 9.39 265.4z\"><\/path><\/svg>\n\t\t\t\t\t\t\t<\/span>\n\t\t\t<h3 class=\"uagb-question\"><strong>Ko\u013eko stoj\u00ed m\u00fdto za Tauernsk\u00fd tunel v Rak\u00fasku?<\/strong><\/h3><\/div><div class=\"uagb-faq-content\"><p>Cena jednosmernej cesty cez Tauernsk\u00fd tunel je 13,50 EUR (od roku 2023).<\/p><\/div><\/div><div class=\"wp-block-uagb-faq-child uagb-faq-child__outer-wrap uagb-faq-item uagb-block-66a7673f \" role=\"tab\" tabindex=\"0\"><div class=\"uagb-faq-questions-button uagb-faq-questions\">\t\t\t<span class=\"uagb-icon uagb-faq-icon-wrap\">\n\t\t\t\t\t\t\t<\/span>\n\t\t\t\t\t\t<span class=\"uagb-icon-active uagb-faq-icon-wrap\">\n\t\t\t\t\t\t\t\t<svg xmlns=\"https:\/\/www.w3.org\/2000\/svg\" viewBox= \"0 0 320 512\"><path d=\"M9.39 265.4l127.1-128C143.6 131.1 151.8 128 160 128s16.38 3.125 22.63 9.375l127.1 128c9.156 9.156 11.9 22.91 6.943 34.88S300.9 320 287.1 320H32.01c-12.94 0-24.62-7.781-29.58-19.75S.2333 274.5 9.39 265.4z\"><\/path><\/svg>\n\t\t\t\t\t\t\t<\/span>\n\t\t\t<h3 class=\"uagb-question\"><strong>Ako dlho trv\u00e1 cesta cez Tauernsk\u00fd tunel?<\/strong><\/h3><\/div><div class=\"uagb-faq-content\"><p>Cesta cez Tauernsk\u00fd tunel trv\u00e1 pribli\u017ene 12 min\u00fat.<\/p><\/div><\/div><div class=\"wp-block-uagb-faq-child uagb-faq-child__outer-wrap uagb-faq-item uagb-block-33295dba \" role=\"tab\" tabindex=\"0\"><div class=\"uagb-faq-questions-button uagb-faq-questions\">\t\t\t<span class=\"uagb-icon uagb-faq-icon-wrap\">\n\t\t\t\t\t\t\t<\/span>\n\t\t\t\t\t\t<span class=\"uagb-icon-active uagb-faq-icon-wrap\">\n\t\t\t\t\t\t\t\t<svg xmlns=\"https:\/\/www.w3.org\/2000\/svg\" viewBox= \"0 0 320 512\"><path d=\"M9.39 265.4l127.1-128C143.6 131.1 151.8 128 160 128s16.38 3.125 22.63 9.375l127.1 128c9.156 9.156 11.9 22.91 6.943 34.88S300.9 320 287.1 320H32.01c-12.94 0-24.62-7.781-29.58-19.75S.2333 274.5 9.39 265.4z\"><\/path><\/svg>\n\t\t\t\t\t\t\t<\/span>\n\t\t\t<h3 class=\"uagb-question\"><strong><strong>Ak\u00fd \u0161irok\u00fd a vysok\u00fd je Tauernsk\u00fd tunel?<\/strong><\/strong><\/h3><\/div><div class=\"uagb-faq-content\"><p>\u0160\u00edrka prv\u00e9ho a druh\u00e9ho tubusu je 7,50 metra. V\u00fd\u0161ka <a href=\"https:\/\/de.wikipedia.org\/wiki\/Tauerntunnel_(Autobahn)\">Tauernsk\u00e9ho tunela<\/a> je 4,70 metra. <\/p><\/div><\/div><\/div><\/div><\/div>\n","protected":false},"excerpt":{"rendered":"<p>Tauerntunnel m\u00fdto v Rak\u00fasku Tauerntunnel m\u00fdto v Rak\u00fasku Tauernsk\u00fd tunel je 6 546 metrov dlh\u00fd cestn\u00fd tunel na Tauern Autobahn [&hellip;]<\/p>\n","protected":false},"author":2,"featured_media":0,"parent":0,"menu_order":0,"comment_status":"closed","ping_status":"closed","template":"","meta":{"_uag_custom_page_level_css":"","site-sidebar-layout":"no-sidebar","site-content-layout":"","ast-site-content-layout":"normal-width-container","site-content-style":"unboxed","site-sidebar-style":"unboxed","ast-global-header-display":"","ast-banner-title-visibility":"","ast-main-header-display":"","ast-hfb-above-header-display":"","ast-hfb-below-header-display":"","ast-hfb-mobile-header-display":"","site-post-title":"disabled","ast-breadcrumbs-content":"","ast-featured-img":"","footer-sml-layout":"","ast-disable-related-posts":"","theme-transparent-header-meta":"enabled","adv-header-id-meta":"","stick-header-meta":"","header-above-stick-meta":"","header-main-stick-meta":"","header-below-stick-meta":"","astra-migrate-meta-layouts":"default","ast-page-background-enabled":"default","ast-page-background-meta":{"desktop":{"background-color":"var(--ast-global-color-5)","background-image":"","background-repeat":"repeat","background-position":"center center","background-size":"auto","background-attachment":"scroll","background-type":"","background-media":"","overlay-type":"","overlay-color":"","overlay-opacity":"","overlay-gradient":""},"tablet":{"background-color":"","background-image":"","background-repeat":"repeat","background-position":"center center","background-size":"auto","background-attachment":"scroll","background-type":"","background-media":"","overlay-type":"","overlay-color":"","overlay-opacity":"","overlay-gradient":""},"mobile":{"background-color":"","background-image":"","background-repeat":"repeat","background-position":"center center","background-size":"auto","background-attachment":"scroll","background-type":"","background-media":"","overlay-type":"","overlay-color":"","overlay-opacity":"","overlay-gradient":""}},"ast-content-background-meta":{"desktop":{"background-color":"var(--ast-global-color-4)","background-image":"","background-repeat":"repeat","background-position":"center center","background-size":"auto","background-attachment":"scroll","background-type":"","background-media":"","overlay-type":"","overlay-color":"","overlay-opacity":"","overlay-gradient":""},"tablet":{"background-color":"var(--ast-global-color-4)","background-image":"","background-repeat":"repeat","background-position":"center center","background-size":"auto","background-attachment":"scroll","background-type":"","background-media":"","overlay-type":"","overlay-color":"","overlay-opacity":"","overlay-gradient":""},"mobile":{"background-color":"var(--ast-global-color-4)","background-image":"","background-repeat":"repeat","background-position":"center center","background-size":"auto","background-attachment":"scroll","background-type":"","background-media":"","overlay-type":"","overlay-color":"","overlay-opacity":"","overlay-gradient":""}},"footnotes":""},"class_list":["post-5998","page","type-page","status-publish","hentry"],"yoast_head":"<!-- This site is optimized with the Yoast SEO plugin v27.1.1 - https:\/\/yoast.com\/product\/yoast-seo-wordpress\/ -->\n<title>Tauern Tunnel Toll Rak\u00fasko - K\u00fapte si digit\u00e1lne m\u00fdto<\/title>\n<meta name=\"description\" content=\"Tauerntunnel m\u00fdto v Rak\u00fasku. K\u00fapte si digit\u00e1lne cestn\u00e9 m\u00fdto pre Tauern Autobahn r\u00fdchlo a pohodlne online v na\u0161om internetovom obchode. Okam\u017eit\u00e1 platnos\u0165\" \/>\n<meta name=\"robots\" content=\"index, follow, max-snippet:-1, max-image-preview:large, max-video-preview:-1\" \/>\n<link rel=\"canonical\" href=\"https:\/\/tollscout.eu\/sk\/tauerntunnel-myto-v-rakusku\/\" \/>\n<meta property=\"og:locale\" content=\"sk_SK\" \/>\n<meta property=\"og:type\" content=\"article\" \/>\n<meta property=\"og:title\" content=\"Tauern Tunnel Toll Rak\u00fasko - K\u00fapte si digit\u00e1lne m\u00fdto\" \/>\n<meta property=\"og:description\" content=\"Tauerntunnel m\u00fdto v Rak\u00fasku. K\u00fapte si digit\u00e1lne cestn\u00e9 m\u00fdto pre Tauern Autobahn r\u00fdchlo a pohodlne online v na\u0161om internetovom obchode. Okam\u017eit\u00e1 platnos\u0165\" \/>\n<meta property=\"og:url\" content=\"https:\/\/tollscout.eu\/sk\/tauerntunnel-myto-v-rakusku\/\" \/>\n<meta property=\"og:site_name\" content=\"Tollscout\u00ae\" \/>\n<meta property=\"article:publisher\" content=\"https:\/\/facebook.com\/tollscout\" \/>\n<meta property=\"article:modified_time\" content=\"2024-07-31T23:46:27+00:00\" \/>\n<meta property=\"og:image\" content=\"https:\/\/tollscout.eu\/wp-content\/uploads\/2023\/08\/logo_color_360x92px.png\" \/>\n\t<meta property=\"og:image:width\" content=\"360\" \/>\n\t<meta property=\"og:image:height\" content=\"92\" \/>\n\t<meta property=\"og:image:type\" content=\"image\/png\" \/>\n<meta name=\"twitter:card\" content=\"summary_large_image\" \/>\n<meta name=\"twitter:site\" content=\"@tollscout\" \/>\n<meta name=\"twitter:label1\" content=\"Predpokladan\u00fd \u010das \u010d\u00edtania\" \/>\n\t<meta name=\"twitter:data1\" content=\"1 min\u00fata\" \/>\n<script type=\"application\/ld+json\" class=\"yoast-schema-graph\">{\"@context\":\"https:\/\/schema.org\",\"@graph\":[{\"@type\":\"WebPage\",\"@id\":\"https:\/\/tollscout.eu\/sk\/tauerntunnel-myto-v-rakusku\/\",\"url\":\"https:\/\/tollscout.eu\/sk\/tauerntunnel-myto-v-rakusku\/\",\"name\":\"Tauern Tunnel Toll Rak\u00fasko - K\u00fapte si digit\u00e1lne m\u00fdto\",\"isPartOf\":{\"@id\":\"https:\/\/tollscout.eu\/sk\/#website\"},\"datePublished\":\"2023-08-24T15:48:25+00:00\",\"dateModified\":\"2024-07-31T23:46:27+00:00\",\"description\":\"Tauerntunnel m\u00fdto v Rak\u00fasku. K\u00fapte si digit\u00e1lne cestn\u00e9 m\u00fdto pre Tauern Autobahn r\u00fdchlo a pohodlne online v na\u0161om internetovom obchode. Okam\u017eit\u00e1 platnos\u0165\",\"breadcrumb\":{\"@id\":\"https:\/\/tollscout.eu\/sk\/tauerntunnel-myto-v-rakusku\/#breadcrumb\"},\"inLanguage\":\"sk-SK\",\"potentialAction\":[{\"@type\":\"ReadAction\",\"target\":[\"https:\/\/tollscout.eu\/sk\/tauerntunnel-myto-v-rakusku\/\"]}]},{\"@type\":\"BreadcrumbList\",\"@id\":\"https:\/\/tollscout.eu\/sk\/tauerntunnel-myto-v-rakusku\/#breadcrumb\",\"itemListElement\":[{\"@type\":\"ListItem\",\"position\":1,\"name\":\"Startseite\",\"item\":\"https:\/\/tollscout.eu\/sk\/\"},{\"@type\":\"ListItem\",\"position\":2,\"name\":\"Tauerntunnel m\u00fdto v Rak\u00fasku\"}]},{\"@type\":\"WebSite\",\"@id\":\"https:\/\/tollscout.eu\/sk\/#website\",\"url\":\"https:\/\/tollscout.eu\/sk\/\",\"name\":\"Tollscout\u00ae\",\"description\":\"\",\"publisher\":{\"@id\":\"https:\/\/tollscout.eu\/sk\/#organization\"},\"potentialAction\":[{\"@type\":\"SearchAction\",\"target\":{\"@type\":\"EntryPoint\",\"urlTemplate\":\"https:\/\/tollscout.eu\/sk\/?s={search_term_string}\"},\"query-input\":{\"@type\":\"PropertyValueSpecification\",\"valueRequired\":true,\"valueName\":\"search_term_string\"}}],\"inLanguage\":\"sk-SK\"},{\"@type\":\"Organization\",\"@id\":\"https:\/\/tollscout.eu\/sk\/#organization\",\"name\":\"TollScout\",\"alternateName\":\"TollScout\",\"url\":\"https:\/\/tollscout.eu\/sk\/\",\"logo\":{\"@type\":\"ImageObject\",\"inLanguage\":\"sk-SK\",\"@id\":\"https:\/\/tollscout.eu\/sk\/#\/schema\/logo\/image\/\",\"url\":\"https:\/\/tollscout.eu\/wp-content\/uploads\/2023\/11\/logo_social_media_1024.png\",\"contentUrl\":\"https:\/\/tollscout.eu\/wp-content\/uploads\/2023\/11\/logo_social_media_1024.png\",\"width\":1024,\"height\":1024,\"caption\":\"TollScout\"},\"image\":{\"@id\":\"https:\/\/tollscout.eu\/sk\/#\/schema\/logo\/image\/\"},\"sameAs\":[\"https:\/\/facebook.com\/tollscout\",\"https:\/\/x.com\/tollscout\",\"https:\/\/instagram.com\/tollscout\"]}]}<\/script>\n<!-- \/ Yoast SEO plugin. -->","yoast_head_json":{"title":"Tauern Tunnel Toll Rak\u00fasko - K\u00fapte si digit\u00e1lne m\u00fdto","description":"Tauerntunnel m\u00fdto v Rak\u00fasku. K\u00fapte si digit\u00e1lne cestn\u00e9 m\u00fdto pre Tauern Autobahn r\u00fdchlo a pohodlne online v na\u0161om internetovom obchode. Okam\u017eit\u00e1 platnos\u0165","robots":{"index":"index","follow":"follow","max-snippet":"max-snippet:-1","max-image-preview":"max-image-preview:large","max-video-preview":"max-video-preview:-1"},"canonical":"https:\/\/tollscout.eu\/sk\/tauerntunnel-myto-v-rakusku\/","og_locale":"sk_SK","og_type":"article","og_title":"Tauern Tunnel Toll Rak\u00fasko - K\u00fapte si digit\u00e1lne m\u00fdto","og_description":"Tauerntunnel m\u00fdto v Rak\u00fasku. K\u00fapte si digit\u00e1lne cestn\u00e9 m\u00fdto pre Tauern Autobahn r\u00fdchlo a pohodlne online v na\u0161om internetovom obchode. Okam\u017eit\u00e1 platnos\u0165","og_url":"https:\/\/tollscout.eu\/sk\/tauerntunnel-myto-v-rakusku\/","og_site_name":"Tollscout\u00ae","article_publisher":"https:\/\/facebook.com\/tollscout","article_modified_time":"2024-07-31T23:46:27+00:00","og_image":[{"width":360,"height":92,"url":"https:\/\/tollscout.eu\/wp-content\/uploads\/2023\/08\/logo_color_360x92px.png","type":"image\/png"}],"twitter_card":"summary_large_image","twitter_site":"@tollscout","twitter_misc":{"Predpokladan\u00fd \u010das \u010d\u00edtania":"1 min\u00fata"},"schema":{"@context":"https:\/\/schema.org","@graph":[{"@type":"WebPage","@id":"https:\/\/tollscout.eu\/sk\/tauerntunnel-myto-v-rakusku\/","url":"https:\/\/tollscout.eu\/sk\/tauerntunnel-myto-v-rakusku\/","name":"Tauern Tunnel Toll Rak\u00fasko - K\u00fapte si digit\u00e1lne m\u00fdto","isPartOf":{"@id":"https:\/\/tollscout.eu\/sk\/#website"},"datePublished":"2023-08-24T15:48:25+00:00","dateModified":"2024-07-31T23:46:27+00:00","description":"Tauerntunnel m\u00fdto v Rak\u00fasku. K\u00fapte si digit\u00e1lne cestn\u00e9 m\u00fdto pre Tauern Autobahn r\u00fdchlo a pohodlne online v na\u0161om internetovom obchode. Okam\u017eit\u00e1 platnos\u0165","breadcrumb":{"@id":"https:\/\/tollscout.eu\/sk\/tauerntunnel-myto-v-rakusku\/#breadcrumb"},"inLanguage":"sk-SK","potentialAction":[{"@type":"ReadAction","target":["https:\/\/tollscout.eu\/sk\/tauerntunnel-myto-v-rakusku\/"]}]},{"@type":"BreadcrumbList","@id":"https:\/\/tollscout.eu\/sk\/tauerntunnel-myto-v-rakusku\/#breadcrumb","itemListElement":[{"@type":"ListItem","position":1,"name":"Startseite","item":"https:\/\/tollscout.eu\/sk\/"},{"@type":"ListItem","position":2,"name":"Tauerntunnel m\u00fdto v Rak\u00fasku"}]},{"@type":"WebSite","@id":"https:\/\/tollscout.eu\/sk\/#website","url":"https:\/\/tollscout.eu\/sk\/","name":"Tollscout\u00ae","description":"","publisher":{"@id":"https:\/\/tollscout.eu\/sk\/#organization"},"potentialAction":[{"@type":"SearchAction","target":{"@type":"EntryPoint","urlTemplate":"https:\/\/tollscout.eu\/sk\/?s={search_term_string}"},"query-input":{"@type":"PropertyValueSpecification","valueRequired":true,"valueName":"search_term_string"}}],"inLanguage":"sk-SK"},{"@type":"Organization","@id":"https:\/\/tollscout.eu\/sk\/#organization","name":"TollScout","alternateName":"TollScout","url":"https:\/\/tollscout.eu\/sk\/","logo":{"@type":"ImageObject","inLanguage":"sk-SK","@id":"https:\/\/tollscout.eu\/sk\/#\/schema\/logo\/image\/","url":"https:\/\/tollscout.eu\/wp-content\/uploads\/2023\/11\/logo_social_media_1024.png","contentUrl":"https:\/\/tollscout.eu\/wp-content\/uploads\/2023\/11\/logo_social_media_1024.png","width":1024,"height":1024,"caption":"TollScout"},"image":{"@id":"https:\/\/tollscout.eu\/sk\/#\/schema\/logo\/image\/"},"sameAs":["https:\/\/facebook.com\/tollscout","https:\/\/x.com\/tollscout","https:\/\/instagram.com\/tollscout"]}]}},"uagb_featured_image_src":{"full":false,"thumbnail":false,"medium":false,"medium_large":false,"large":false,"1536x1536":false,"2048x2048":false,"gform-image-choice-sm":false,"gform-image-choice-md":false,"gform-image-choice-lg":false},"uagb_author_info":{"display_name":"Tollscout","author_link":"https:\/\/tollscout.eu\/sk\/author\/m-hemm\/"},"uagb_comment_info":0,"uagb_excerpt":"Tauerntunnel m\u00fdto v Rak\u00fasku Tauerntunnel m\u00fdto v Rak\u00fasku Tauernsk\u00fd tunel je 6 546 metrov dlh\u00fd cestn\u00fd tunel na Tauern Autobahn [&hellip;]","_links":{"self":[{"href":"https:\/\/tollscout.eu\/sk\/wp-json\/wp\/v2\/pages\/5998","targetHints":{"allow":["GET"]}}],"collection":[{"href":"https:\/\/tollscout.eu\/sk\/wp-json\/wp\/v2\/pages"}],"about":[{"href":"https:\/\/tollscout.eu\/sk\/wp-json\/wp\/v2\/types\/page"}],"author":[{"embeddable":true,"href":"https:\/\/tollscout.eu\/sk\/wp-json\/wp\/v2\/users\/2"}],"replies":[{"embeddable":true,"href":"https:\/\/tollscout.eu\/sk\/wp-json\/wp\/v2\/comments?post=5998"}],"version-history":[{"count":6,"href":"https:\/\/tollscout.eu\/sk\/wp-json\/wp\/v2\/pages\/5998\/revisions"}],"predecessor-version":[{"id":9062,"href":"https:\/\/tollscout.eu\/sk\/wp-json\/wp\/v2\/pages\/5998\/revisions\/9062"}],"wp:attachment":[{"href":"https:\/\/tollscout.eu\/sk\/wp-json\/wp\/v2\/media?parent=5998"}],"curies":[{"name":"wp","href":"https:\/\/api.w.org\/{rel}","templated":true}]}}