{"id":5919,"date":"2023-08-25T12:00:01","date_gmt":"2023-08-25T10:00:01","guid":{"rendered":"https:\/\/tollscout.eu\/brennerske-myto-rakusko\/"},"modified":"2024-08-01T01:55:58","modified_gmt":"2024-07-31T23:55:58","slug":"brennerske-myto-rakusko","status":"publish","type":"page","link":"https:\/\/tollscout.eu\/sk\/brennerske-myto-rakusko\/","title":{"rendered":"Brennersk\u00e9 m\u00fdto Rak\u00fasko"},"content":{"rendered":"\n<div class=\"wp-block-uagb-container uagb-block-c1e2fce7 alignfull uagb-is-root-container\"><div class=\"uagb-container-inner-blocks-wrap\">\n<div class=\"wp-block-uagb-advanced-heading uagb-block-c767fabd\"><h1 class=\"uagb-heading-text\">Brennersk\u00e9 m\u00fdto online Rak\u00fasko<\/h1><\/div>\n<\/div><\/div>\n\n<div class=\"wp-block-uagb-container uagb-block-03d628be alignfull uagb-is-root-container\"><div class=\"uagb-container-inner-blocks-wrap\">\n<div id=\"app\" data-context=\"at\"><\/div>\n<\/div><\/div>\n\n<div class=\"wp-block-uagb-container uagb-block-f356067b alignfull uagb-is-root-container\"><div class=\"uagb-container-inner-blocks-wrap\">\n<div class=\"wp-block-uagb-advanced-heading uagb-block-e02782db\"><h2 class=\"uagb-heading-text\">Brennersk\u00e9 m\u00fdto online Rak\u00fasko<\/h2><p class=\"uagb-desc-text\">Brennersk\u00e1 dia\u013enica A 13, s\u00fa\u010das\u0165 eur\u00f3pskej cesty 45, sa tiahne Tirolskom a je neoddelite\u013enou s\u00fa\u010das\u0165ou Brennerskej dia\u013enice, ktor\u00e1 bola postaven\u00e1 v 60. rokoch minul\u00e9ho storo\u010dia a je pova\u017eovan\u00e1 za jednu z prv\u00fdch horsk\u00fdch dia\u013enic na svete. Ide o rak\u00fasky \u00fasek Brennerskej dia\u013enice. 5. apr\u00edla 1971 bola ofici\u00e1lne otvoren\u00e1 pre dopravu medzi Rak\u00faskom a Talianskom. A 13 vedie z Innsbrucku (kri\u017eovatka Inntal Autobahn A 12) cez Wipptal do Brennersk\u00e9ho priesmyku, ktor\u00fd tvor\u00ed hranicu medzi Talianskom a Rak\u00faskom od roku 1920 pod\u013ea zmluvy zo Saint-Germain. Nasleduj\u00faci \u00fasek na talianskom \u00fazem\u00ed sa ozna\u010duje ako A 22, Brennersk\u00e1 dia\u013enica\/Autostrada del Brennero alebo jednoducho Autobrennero.    <\/p><\/div>\n<\/div><\/div>\n\n<div class=\"wp-block-uagb-container uagb-block-7efd3c31 alignfull uagb-is-root-container\"><div class=\"uagb-container-inner-blocks-wrap\">\n<div class=\"wp-block-uagb-advanced-heading uagb-block-4602874c\"><h2 class=\"uagb-heading-text\">FAQ<\/h2><p class=\"uagb-desc-text\">Tu odpovieme na v\u0161etky ot\u00e1zky t\u00fdkaj\u00face sa Brennersk\u00e9ho m\u00fdta v Rak\u00fasku.\u200b<\/p><\/div>\n\n\n<div class=\"wp-block-uagb-faq uagb-faq__outer-wrap uagb-block-4fe496d4 uagb-faq-icon-row-reverse uagb-faq-layout-accordion uagb-faq-expand-first-false uagb-faq-inactive-other-true uagb-faq__wrap uagb-buttons-layout-wrap uagb-faq-equal-height     \" data-faqtoggle=\"true\" role=\"tablist\"><div class=\"wp-block-uagb-faq-child uagb-faq-child__outer-wrap uagb-faq-item uagb-block-1a70522e \" role=\"tab\" tabindex=\"0\"><div class=\"uagb-faq-questions-button uagb-faq-questions\">\t\t\t<span class=\"uagb-icon uagb-faq-icon-wrap\">\n\t\t\t\t\t\t\t<\/span>\n\t\t\t\t\t\t<span class=\"uagb-icon-active uagb-faq-icon-wrap\">\n\t\t\t\t\t\t\t\t<svg xmlns=\"https:\/\/www.w3.org\/2000\/svg\" viewBox= \"0 0 320 512\"><path d=\"M9.39 265.4l127.1-128C143.6 131.1 151.8 128 160 128s16.38 3.125 22.63 9.375l127.1 128c9.156 9.156 11.9 22.91 6.943 34.88S300.9 320 287.1 320H32.01c-12.94 0-24.62-7.781-29.58-19.75S.2333 274.5 9.39 265.4z\"><\/path><\/svg>\n\t\t\t\t\t\t\t<\/span>\n\t\t\t<h3 class=\"uagb-question\">Ko\u013eko stoj\u00ed Brennersk\u00e9 m\u00fdto v Rak\u00fasku? <\/h3><\/div><div class=\"uagb-faq-content\"><p>Poplatky za brennersk\u00fa dia\u013enicu (A13) sa m\u00f4\u017eu l\u00ed\u0161i\u0165 v z\u00e1vislosti od typu vozidla, ro\u010dn\u00e9ho obdobia a \u00faseku trasy. Aktu\u00e1lne tarify je vhodn\u00e9 skontrolova\u0165 na ofici\u00e1lnej str\u00e1nke oper\u00e1tora alebo na m\u00fdtniciach, preto\u017ee sa m\u00f4\u017eu meni\u0165. Poplatky sa zvy\u010dajne vypo\u010d\u00edtavaj\u00fa na z\u00e1klade najazden\u00fdch kilometrov a kateg\u00f3rie vozidla, pri\u010dom r\u00f4zne ceny platia pre osobn\u00e9 automobily, obytn\u00e9 automobily, n\u00e1kladn\u00e9 aut\u00e1 a autobusy. Na zaplatenie m\u00fdta na Brennerskej dia\u013enici je mo\u017en\u00e9 vyu\u017ei\u0165 aj r\u00f4zne mo\u017enosti platby, ako je hotovos\u0165 alebo elektronick\u00e9 m\u00fdtne syst\u00e9my.   <\/p><\/div><\/div><div class=\"wp-block-uagb-faq-child uagb-faq-child__outer-wrap uagb-faq-item uagb-block-bd4b64b2 \" role=\"tab\" tabindex=\"0\"><div class=\"uagb-faq-questions-button uagb-faq-questions\">\t\t\t<span class=\"uagb-icon uagb-faq-icon-wrap\">\n\t\t\t\t\t\t\t<\/span>\n\t\t\t\t\t\t<span class=\"uagb-icon-active uagb-faq-icon-wrap\">\n\t\t\t\t\t\t\t\t<svg xmlns=\"https:\/\/www.w3.org\/2000\/svg\" viewBox= \"0 0 320 512\"><path d=\"M9.39 265.4l127.1-128C143.6 131.1 151.8 128 160 128s16.38 3.125 22.63 9.375l127.1 128c9.156 9.156 11.9 22.91 6.943 34.88S300.9 320 287.1 320H32.01c-12.94 0-24.62-7.781-29.58-19.75S.2333 274.5 9.39 265.4z\"><\/path><\/svg>\n\t\t\t\t\t\t\t<\/span>\n\t\t\t<h3 class=\"uagb-question\">Ako sa plat\u00ed m\u00fdto na Brennerskom priesmyku? <\/h3><\/div><div class=\"uagb-faq-content\"><p>Digit\u00e1lne tra\u0165ov\u00e9 m\u00fdto pre rak\u00fasku \u010das\u0165 Brennerskej dia\u013enice A13 je mo\u017en\u00e9 zak\u00fapi\u0165 online u n\u00e1s aj offline na m\u00fdtnych a \u010derpac\u00edch staniciach. Online n\u00e1kupy nie s\u00fa mo\u017en\u00e9 pre taliansky \u00fasek brennerskej dia\u013enice A22. Je to preto, \u017ee Rak\u00fasko a Taliansko maj\u00fa odli\u0161n\u00e9 m\u00fdtne syst\u00e9my. Z tohto d\u00f4vodu je potrebn\u00e9 zaplati\u0165 m\u00fdto na m\u00fdtnici.   <\/p><\/div><\/div><div class=\"wp-block-uagb-faq-child uagb-faq-child__outer-wrap uagb-faq-item uagb-block-49ae175a \" role=\"tab\" tabindex=\"0\"><div class=\"uagb-faq-questions-button uagb-faq-questions\">\t\t\t<span class=\"uagb-icon uagb-faq-icon-wrap\">\n\t\t\t\t\t\t\t<\/span>\n\t\t\t\t\t\t<span class=\"uagb-icon-active uagb-faq-icon-wrap\">\n\t\t\t\t\t\t\t\t<svg xmlns=\"https:\/\/www.w3.org\/2000\/svg\" viewBox= \"0 0 320 512\"><path d=\"M9.39 265.4l127.1-128C143.6 131.1 151.8 128 160 128s16.38 3.125 22.63 9.375l127.1 128c9.156 9.156 11.9 22.91 6.943 34.88S300.9 320 287.1 320H32.01c-12.94 0-24.62-7.781-29.58-19.75S.2333 274.5 9.39 265.4z\"><\/path><\/svg>\n\t\t\t\t\t\t\t<\/span>\n\t\t\t<h3 class=\"uagb-question\">Kde sa plat\u00ed Brennersk\u00e9 m\u00fdto?<\/h3><\/div><div class=\"uagb-faq-content\"><p>M\u00fdto na talianskom \u00faseku Brennerskej dia\u013enice, <a href=\"https:\/\/de.wikipedia.org\/wiki\/Autostrada_A22\">Autostrada A22<\/a>, sa plat\u00ed na m\u00fdtnych staniciach, ktor\u00e9 sa nach\u00e1dzaj\u00fa pozd\u013a\u017e dia\u013enice. Za pou\u017eitie dia\u013enice s\u00fa vodi\u010di povinn\u00ed na t\u00fdchto staniciach zaplati\u0165 poplatok. Neexistuje mo\u017enos\u0165 plati\u0165 online alebo predplati\u0165 m\u00fdto. Tra\u0165ov\u00e9 m\u00fdto pre r<a href=\"https:\/\/de.wikipedia.org\/wiki\/Brenner_Autobahn\">ak\u00fasku \u010das\u0165 Brennerskej dia\u013enice A13<\/a> je mo\u017en\u00e9 zak\u00fapi\u0165 offline aj online v na\u0161om internetovom obchode.<\/p><\/div><\/div><div class=\"wp-block-uagb-faq-child uagb-faq-child__outer-wrap uagb-faq-item uagb-block-c7b6f203 \" role=\"tab\" tabindex=\"0\"><div class=\"uagb-faq-questions-button uagb-faq-questions\">\t\t\t<span class=\"uagb-icon uagb-faq-icon-wrap\">\n\t\t\t\t\t\t\t<\/span>\n\t\t\t\t\t\t<span class=\"uagb-icon-active uagb-faq-icon-wrap\">\n\t\t\t\t\t\t\t\t<svg xmlns=\"https:\/\/www.w3.org\/2000\/svg\" viewBox= \"0 0 320 512\"><path d=\"M9.39 265.4l127.1-128C143.6 131.1 151.8 128 160 128s16.38 3.125 22.63 9.375l127.1 128c9.156 9.156 11.9 22.91 6.943 34.88S300.9 320 287.1 320H32.01c-12.94 0-24.62-7.781-29.58-19.75S.2333 274.5 9.39 265.4z\"><\/path><\/svg>\n\t\t\t\t\t\t\t<\/span>\n\t\t\t<h3 class=\"uagb-question\">Ak\u00fa dia\u013eni\u010dn\u00fa zn\u00e1mku alebo m\u00fdto potrebujem pre Brenner?<\/h3><\/div><div class=\"uagb-faq-content\"><p>Ktor\u00e9 dia\u013eni\u010dn\u00e9 zn\u00e1mky a\/alebo poplatky za trasu s\u00fa potrebn\u00e9 pre Brennersk\u00fd priesmyk, z\u00e1vis\u00ed od \u0161tartu a cie\u013ea. V z\u00e1vislosti od toho, do ktor\u00e9ho k\u00fata Eur\u00f3py sa chcete dosta\u0165 po Brenneri, sa potrebn\u00e9 dia\u013eni\u010dn\u00e9 zn\u00e1mky a poplatky za trasy l\u00ed\u0161ia. V na\u0161om internetovom obchode si m\u00f4\u017eete zak\u00fapi\u0165 <a href=\"https:\/\/tollscout.eu\/digitale-vignette-oestehttps:\/\/tollscout.eu\/digitale-vignette-oesterreich-online\/rreich-online\/\">vinety pre Rak\u00fasko<\/a>, Slovinsko, \u0160vaj\u010diarsko, Rumunsko, Bulharsko, Slovensko, Ma\u010farsko a \u010cesk\u00fa republiku. Trasov\u00e9 m\u00fdto pre Rak\u00fasko s\u00fa dostupn\u00e9 aj u n\u00e1s.    <\/p><\/div><\/div><div class=\"wp-block-uagb-faq-child uagb-faq-child__outer-wrap uagb-faq-item uagb-block-66a7673f \" role=\"tab\" tabindex=\"0\"><div class=\"uagb-faq-questions-button uagb-faq-questions\">\t\t\t<span class=\"uagb-icon uagb-faq-icon-wrap\">\n\t\t\t\t\t\t\t<\/span>\n\t\t\t\t\t\t<span class=\"uagb-icon-active uagb-faq-icon-wrap\">\n\t\t\t\t\t\t\t\t<svg xmlns=\"https:\/\/www.w3.org\/2000\/svg\" viewBox= \"0 0 320 512\"><path d=\"M9.39 265.4l127.1-128C143.6 131.1 151.8 128 160 128s16.38 3.125 22.63 9.375l127.1 128c9.156 9.156 11.9 22.91 6.943 34.88S300.9 320 287.1 320H32.01c-12.94 0-24.62-7.781-29.58-19.75S.2333 274.5 9.39 265.4z\"><\/path><\/svg>\n\t\t\t\t\t\t\t<\/span>\n\t\t\t<h3 class=\"uagb-question\">Ko\u013eko sa \u00fa\u010dtuje Brennersk\u00e9 m\u00fdto do Bolzana?<\/h3><\/div><div class=\"uagb-faq-content\"><p>Ned\u00e1 sa v\u0161eobecne poveda\u0165, ak\u00e9 bude m\u00fdto cez Brennersk\u00fd priesmyk do Bolzana, preto\u017ee to z\u00e1vis\u00ed od toho, odkia\u013e poch\u00e1dzate. Ak idete z Nemecka alebo Rak\u00faska cez Brennersk\u00fd priesmyk smerom na Bolzano, zvy\u010dajne budete musie\u0165 zaplati\u0165 rak\u00fasku dia\u013eni\u010dn\u00fa zn\u00e1mku, ako aj dia\u013eni\u010dn\u00e9 poplatky za rak\u00fasku \u010das\u0165 Brennerskej dia\u013enice A13 a taliansku Brennersk\u00fa dia\u013enicu A22.  <\/p><\/div><\/div><div class=\"wp-block-uagb-faq-child uagb-faq-child__outer-wrap uagb-faq-item uagb-block-fe87bb9c \" role=\"tab\" tabindex=\"0\"><div class=\"uagb-faq-questions-button uagb-faq-questions\">\t\t\t<span class=\"uagb-icon uagb-faq-icon-wrap\">\n\t\t\t\t\t\t\t<\/span>\n\t\t\t\t\t\t<span class=\"uagb-icon-active uagb-faq-icon-wrap\">\n\t\t\t\t\t\t\t\t<svg xmlns=\"https:\/\/www.w3.org\/2000\/svg\" viewBox= \"0 0 320 512\"><path d=\"M9.39 265.4l127.1-128C143.6 131.1 151.8 128 160 128s16.38 3.125 22.63 9.375l127.1 128c9.156 9.156 11.9 22.91 6.943 34.88S300.9 320 287.1 320H32.01c-12.94 0-24.62-7.781-29.58-19.75S.2333 274.5 9.39 265.4z\"><\/path><\/svg>\n\t\t\t\t\t\t\t<\/span>\n\t\t\t<h3 class=\"uagb-question\">Ko\u013eko m\u00fdta plat\u00edte pri jazere Lago di Garda?<\/h3><\/div><div class=\"uagb-faq-content\"><p>\u010co sa t\u00fdka m\u00fdta cez Brennersk\u00fd priesmyk k jazeru Lago di Garda, neexistuje v\u0161eobecn\u00e1 odpove\u010f, preto\u017ee z\u00e1vis\u00ed od toho, z ktor\u00e9ho smeru prich\u00e1dzate. Ak idete z Nemecka alebo Rak\u00faska cez Brennersk\u00fd priesmyk smerom k jazeru Lago di Garda, zvy\u010dajne budete musie\u0165 zaplati\u0165 rak\u00fasku dia\u013eni\u010dn\u00fa zn\u00e1mku, ako aj dia\u013eni\u010dn\u00e9 poplatky za rak\u00fasku \u010das\u0165 Brennerskej dia\u013enice A13 a taliansku Brennersk\u00fa dia\u013enicu A22. <\/p><\/div><\/div><\/div><\/div><\/div>\n","protected":false},"excerpt":{"rendered":"<p>Brennersk\u00e9 m\u00fdto online Rak\u00fasko Brennersk\u00e9 m\u00fdto online Rak\u00fasko Brennersk\u00e1 dia\u013enica A 13, s\u00fa\u010das\u0165 eur\u00f3pskej cesty 45, sa tiahne Tirolskom a [&hellip;]<\/p>\n","protected":false},"author":2,"featured_media":0,"parent":0,"menu_order":0,"comment_status":"closed","ping_status":"closed","template":"","meta":{"_uag_custom_page_level_css":"","site-sidebar-layout":"no-sidebar","site-content-layout":"","ast-site-content-layout":"normal-width-container","site-content-style":"unboxed","site-sidebar-style":"unboxed","ast-global-header-display":"","ast-banner-title-visibility":"","ast-main-header-display":"","ast-hfb-above-header-display":"","ast-hfb-below-header-display":"","ast-hfb-mobile-header-display":"","site-post-title":"disabled","ast-breadcrumbs-content":"","ast-featured-img":"","footer-sml-layout":"","ast-disable-related-posts":"","theme-transparent-header-meta":"enabled","adv-header-id-meta":"","stick-header-meta":"","header-above-stick-meta":"","header-main-stick-meta":"","header-below-stick-meta":"","astra-migrate-meta-layouts":"default","ast-page-background-enabled":"default","ast-page-background-meta":{"desktop":{"background-color":"var(--ast-global-color-5)","background-image":"","background-repeat":"repeat","background-position":"center center","background-size":"auto","background-attachment":"scroll","background-type":"","background-media":"","overlay-type":"","overlay-color":"","overlay-opacity":"","overlay-gradient":""},"tablet":{"background-color":"","background-image":"","background-repeat":"repeat","background-position":"center center","background-size":"auto","background-attachment":"scroll","background-type":"","background-media":"","overlay-type":"","overlay-color":"","overlay-opacity":"","overlay-gradient":""},"mobile":{"background-color":"","background-image":"","background-repeat":"repeat","background-position":"center center","background-size":"auto","background-attachment":"scroll","background-type":"","background-media":"","overlay-type":"","overlay-color":"","overlay-opacity":"","overlay-gradient":""}},"ast-content-background-meta":{"desktop":{"background-color":"var(--ast-global-color-4)","background-image":"","background-repeat":"repeat","background-position":"center center","background-size":"auto","background-attachment":"scroll","background-type":"","background-media":"","overlay-type":"","overlay-color":"","overlay-opacity":"","overlay-gradient":""},"tablet":{"background-color":"var(--ast-global-color-4)","background-image":"","background-repeat":"repeat","background-position":"center center","background-size":"auto","background-attachment":"scroll","background-type":"","background-media":"","overlay-type":"","overlay-color":"","overlay-opacity":"","overlay-gradient":""},"mobile":{"background-color":"var(--ast-global-color-4)","background-image":"","background-repeat":"repeat","background-position":"center center","background-size":"auto","background-attachment":"scroll","background-type":"","background-media":"","overlay-type":"","overlay-color":"","overlay-opacity":"","overlay-gradient":""}},"footnotes":""},"class_list":["post-5919","page","type-page","status-publish","hentry"],"yoast_head":"<!-- This site is optimized with the Yoast SEO plugin v27.1.1 - https:\/\/yoast.com\/product\/yoast-seo-wordpress\/ -->\n<title>Brennersk\u00e9 m\u00fdto online Rak\u00fasko \u2013 Plat\u00ed ihne\u010f<\/title>\n<meta name=\"description\" content=\"Brennersk\u00e9 m\u00fdto online Rak\u00fasko. K\u00fapte si digit\u00e1lne m\u00fdto na dia\u013enici A13 Brenner r\u00fdchlo a jednoducho online. Okam\u017eit\u00e1 platnos\u0165.\" \/>\n<meta name=\"robots\" content=\"index, follow, max-snippet:-1, max-image-preview:large, max-video-preview:-1\" \/>\n<link rel=\"canonical\" href=\"https:\/\/tollscout.eu\/sk\/brennerske-myto-rakusko\/\" \/>\n<meta property=\"og:locale\" content=\"sk_SK\" \/>\n<meta property=\"og:type\" content=\"article\" \/>\n<meta property=\"og:title\" content=\"Brennersk\u00e9 m\u00fdto online Rak\u00fasko \u2013 Plat\u00ed ihne\u010f\" \/>\n<meta property=\"og:description\" content=\"Brennersk\u00e9 m\u00fdto online Rak\u00fasko. K\u00fapte si digit\u00e1lne m\u00fdto na dia\u013enici A13 Brenner r\u00fdchlo a jednoducho online. Okam\u017eit\u00e1 platnos\u0165.\" \/>\n<meta property=\"og:url\" content=\"https:\/\/tollscout.eu\/sk\/brennerske-myto-rakusko\/\" \/>\n<meta property=\"og:site_name\" content=\"Tollscout\u00ae\" \/>\n<meta property=\"article:publisher\" content=\"https:\/\/facebook.com\/tollscout\" \/>\n<meta property=\"article:modified_time\" content=\"2024-07-31T23:55:58+00:00\" \/>\n<meta property=\"og:image\" content=\"https:\/\/tollscout.eu\/wp-content\/uploads\/2023\/08\/logo_color_360x92px.png\" \/>\n<meta name=\"twitter:card\" content=\"summary_large_image\" \/>\n<meta name=\"twitter:image\" content=\"https:\/\/tollscout.eu\/wp-content\/uploads\/2023\/08\/logo_color_360x92px.png\" \/>\n<meta name=\"twitter:site\" content=\"@tollscout\" \/>\n<meta name=\"twitter:label1\" content=\"Predpokladan\u00fd \u010das \u010d\u00edtania\" \/>\n\t<meta name=\"twitter:data1\" content=\"1 min\u00fata\" \/>\n<script type=\"application\/ld+json\" class=\"yoast-schema-graph\">{\"@context\":\"https:\/\/schema.org\",\"@graph\":[{\"@type\":\"WebPage\",\"@id\":\"https:\/\/tollscout.eu\/sk\/brennerske-myto-rakusko\/\",\"url\":\"https:\/\/tollscout.eu\/sk\/brennerske-myto-rakusko\/\",\"name\":\"Brennersk\u00e9 m\u00fdto online Rak\u00fasko \u2013 Plat\u00ed ihne\u010f\",\"isPartOf\":{\"@id\":\"https:\/\/tollscout.eu\/sk\/#website\"},\"datePublished\":\"2023-08-25T10:00:01+00:00\",\"dateModified\":\"2024-07-31T23:55:58+00:00\",\"description\":\"Brennersk\u00e9 m\u00fdto online Rak\u00fasko. K\u00fapte si digit\u00e1lne m\u00fdto na dia\u013enici A13 Brenner r\u00fdchlo a jednoducho online. Okam\u017eit\u00e1 platnos\u0165.\",\"breadcrumb\":{\"@id\":\"https:\/\/tollscout.eu\/sk\/brennerske-myto-rakusko\/#breadcrumb\"},\"inLanguage\":\"sk-SK\",\"potentialAction\":[{\"@type\":\"ReadAction\",\"target\":[\"https:\/\/tollscout.eu\/sk\/brennerske-myto-rakusko\/\"]}]},{\"@type\":\"BreadcrumbList\",\"@id\":\"https:\/\/tollscout.eu\/sk\/brennerske-myto-rakusko\/#breadcrumb\",\"itemListElement\":[{\"@type\":\"ListItem\",\"position\":1,\"name\":\"Startseite\",\"item\":\"https:\/\/tollscout.eu\/sk\/\"},{\"@type\":\"ListItem\",\"position\":2,\"name\":\"Brennersk\u00e9 m\u00fdto Rak\u00fasko\"}]},{\"@type\":\"WebSite\",\"@id\":\"https:\/\/tollscout.eu\/sk\/#website\",\"url\":\"https:\/\/tollscout.eu\/sk\/\",\"name\":\"Tollscout\u00ae\",\"description\":\"\",\"publisher\":{\"@id\":\"https:\/\/tollscout.eu\/sk\/#organization\"},\"potentialAction\":[{\"@type\":\"SearchAction\",\"target\":{\"@type\":\"EntryPoint\",\"urlTemplate\":\"https:\/\/tollscout.eu\/sk\/?s={search_term_string}\"},\"query-input\":{\"@type\":\"PropertyValueSpecification\",\"valueRequired\":true,\"valueName\":\"search_term_string\"}}],\"inLanguage\":\"sk-SK\"},{\"@type\":\"Organization\",\"@id\":\"https:\/\/tollscout.eu\/sk\/#organization\",\"name\":\"TollScout\",\"alternateName\":\"TollScout\",\"url\":\"https:\/\/tollscout.eu\/sk\/\",\"logo\":{\"@type\":\"ImageObject\",\"inLanguage\":\"sk-SK\",\"@id\":\"https:\/\/tollscout.eu\/sk\/#\/schema\/logo\/image\/\",\"url\":\"https:\/\/tollscout.eu\/wp-content\/uploads\/2023\/11\/logo_social_media_1024.png\",\"contentUrl\":\"https:\/\/tollscout.eu\/wp-content\/uploads\/2023\/11\/logo_social_media_1024.png\",\"width\":1024,\"height\":1024,\"caption\":\"TollScout\"},\"image\":{\"@id\":\"https:\/\/tollscout.eu\/sk\/#\/schema\/logo\/image\/\"},\"sameAs\":[\"https:\/\/facebook.com\/tollscout\",\"https:\/\/x.com\/tollscout\",\"https:\/\/instagram.com\/tollscout\"]}]}<\/script>\n<!-- \/ Yoast SEO plugin. -->","yoast_head_json":{"title":"Brennersk\u00e9 m\u00fdto online Rak\u00fasko \u2013 Plat\u00ed ihne\u010f","description":"Brennersk\u00e9 m\u00fdto online Rak\u00fasko. K\u00fapte si digit\u00e1lne m\u00fdto na dia\u013enici A13 Brenner r\u00fdchlo a jednoducho online. Okam\u017eit\u00e1 platnos\u0165.","robots":{"index":"index","follow":"follow","max-snippet":"max-snippet:-1","max-image-preview":"max-image-preview:large","max-video-preview":"max-video-preview:-1"},"canonical":"https:\/\/tollscout.eu\/sk\/brennerske-myto-rakusko\/","og_locale":"sk_SK","og_type":"article","og_title":"Brennersk\u00e9 m\u00fdto online Rak\u00fasko \u2013 Plat\u00ed ihne\u010f","og_description":"Brennersk\u00e9 m\u00fdto online Rak\u00fasko. K\u00fapte si digit\u00e1lne m\u00fdto na dia\u013enici A13 Brenner r\u00fdchlo a jednoducho online. Okam\u017eit\u00e1 platnos\u0165.","og_url":"https:\/\/tollscout.eu\/sk\/brennerske-myto-rakusko\/","og_site_name":"Tollscout\u00ae","article_publisher":"https:\/\/facebook.com\/tollscout","article_modified_time":"2024-07-31T23:55:58+00:00","og_image":[{"url":"https:\/\/tollscout.eu\/wp-content\/uploads\/2023\/08\/logo_color_360x92px.png","type":"","width":"","height":""}],"twitter_card":"summary_large_image","twitter_image":"https:\/\/tollscout.eu\/wp-content\/uploads\/2023\/08\/logo_color_360x92px.png","twitter_site":"@tollscout","twitter_misc":{"Predpokladan\u00fd \u010das \u010d\u00edtania":"1 min\u00fata"},"schema":{"@context":"https:\/\/schema.org","@graph":[{"@type":"WebPage","@id":"https:\/\/tollscout.eu\/sk\/brennerske-myto-rakusko\/","url":"https:\/\/tollscout.eu\/sk\/brennerske-myto-rakusko\/","name":"Brennersk\u00e9 m\u00fdto online Rak\u00fasko \u2013 Plat\u00ed ihne\u010f","isPartOf":{"@id":"https:\/\/tollscout.eu\/sk\/#website"},"datePublished":"2023-08-25T10:00:01+00:00","dateModified":"2024-07-31T23:55:58+00:00","description":"Brennersk\u00e9 m\u00fdto online Rak\u00fasko. K\u00fapte si digit\u00e1lne m\u00fdto na dia\u013enici A13 Brenner r\u00fdchlo a jednoducho online. Okam\u017eit\u00e1 platnos\u0165.","breadcrumb":{"@id":"https:\/\/tollscout.eu\/sk\/brennerske-myto-rakusko\/#breadcrumb"},"inLanguage":"sk-SK","potentialAction":[{"@type":"ReadAction","target":["https:\/\/tollscout.eu\/sk\/brennerske-myto-rakusko\/"]}]},{"@type":"BreadcrumbList","@id":"https:\/\/tollscout.eu\/sk\/brennerske-myto-rakusko\/#breadcrumb","itemListElement":[{"@type":"ListItem","position":1,"name":"Startseite","item":"https:\/\/tollscout.eu\/sk\/"},{"@type":"ListItem","position":2,"name":"Brennersk\u00e9 m\u00fdto Rak\u00fasko"}]},{"@type":"WebSite","@id":"https:\/\/tollscout.eu\/sk\/#website","url":"https:\/\/tollscout.eu\/sk\/","name":"Tollscout\u00ae","description":"","publisher":{"@id":"https:\/\/tollscout.eu\/sk\/#organization"},"potentialAction":[{"@type":"SearchAction","target":{"@type":"EntryPoint","urlTemplate":"https:\/\/tollscout.eu\/sk\/?s={search_term_string}"},"query-input":{"@type":"PropertyValueSpecification","valueRequired":true,"valueName":"search_term_string"}}],"inLanguage":"sk-SK"},{"@type":"Organization","@id":"https:\/\/tollscout.eu\/sk\/#organization","name":"TollScout","alternateName":"TollScout","url":"https:\/\/tollscout.eu\/sk\/","logo":{"@type":"ImageObject","inLanguage":"sk-SK","@id":"https:\/\/tollscout.eu\/sk\/#\/schema\/logo\/image\/","url":"https:\/\/tollscout.eu\/wp-content\/uploads\/2023\/11\/logo_social_media_1024.png","contentUrl":"https:\/\/tollscout.eu\/wp-content\/uploads\/2023\/11\/logo_social_media_1024.png","width":1024,"height":1024,"caption":"TollScout"},"image":{"@id":"https:\/\/tollscout.eu\/sk\/#\/schema\/logo\/image\/"},"sameAs":["https:\/\/facebook.com\/tollscout","https:\/\/x.com\/tollscout","https:\/\/instagram.com\/tollscout"]}]}},"uagb_featured_image_src":{"full":false,"thumbnail":false,"medium":false,"medium_large":false,"large":false,"1536x1536":false,"2048x2048":false,"gform-image-choice-sm":false,"gform-image-choice-md":false,"gform-image-choice-lg":false},"uagb_author_info":{"display_name":"Tollscout","author_link":"https:\/\/tollscout.eu\/sk\/author\/m-hemm\/"},"uagb_comment_info":0,"uagb_excerpt":"Brennersk\u00e9 m\u00fdto online Rak\u00fasko Brennersk\u00e9 m\u00fdto online Rak\u00fasko Brennersk\u00e1 dia\u013enica A 13, s\u00fa\u010das\u0165 eur\u00f3pskej cesty 45, sa tiahne Tirolskom a [&hellip;]","_links":{"self":[{"href":"https:\/\/tollscout.eu\/sk\/wp-json\/wp\/v2\/pages\/5919","targetHints":{"allow":["GET"]}}],"collection":[{"href":"https:\/\/tollscout.eu\/sk\/wp-json\/wp\/v2\/pages"}],"about":[{"href":"https:\/\/tollscout.eu\/sk\/wp-json\/wp\/v2\/types\/page"}],"author":[{"embeddable":true,"href":"https:\/\/tollscout.eu\/sk\/wp-json\/wp\/v2\/users\/2"}],"replies":[{"embeddable":true,"href":"https:\/\/tollscout.eu\/sk\/wp-json\/wp\/v2\/comments?post=5919"}],"version-history":[{"count":3,"href":"https:\/\/tollscout.eu\/sk\/wp-json\/wp\/v2\/pages\/5919\/revisions"}],"predecessor-version":[{"id":9102,"href":"https:\/\/tollscout.eu\/sk\/wp-json\/wp\/v2\/pages\/5919\/revisions\/9102"}],"wp:attachment":[{"href":"https:\/\/tollscout.eu\/sk\/wp-json\/wp\/v2\/media?parent=5919"}],"curies":[{"name":"wp","href":"https:\/\/api.w.org\/{rel}","templated":true}]}}