{"id":5891,"date":"2023-09-08T12:48:12","date_gmt":"2023-09-08T10:48:12","guid":{"rendered":"https:\/\/tollscout.eu\/kupte-si-digitalne-myto-online\/"},"modified":"2024-07-31T06:03:03","modified_gmt":"2024-07-31T04:03:03","slug":"kupte-si-digitalne-myto-online","status":"publish","type":"page","link":"https:\/\/tollscout.eu\/sk\/kupte-si-digitalne-myto-online\/","title":{"rendered":"K\u00fapte si digit\u00e1lne m\u00fdto online"},"content":{"rendered":"\n<div class=\"wp-block-uagb-container uagb-block-c1e2fce7 alignfull uagb-is-root-container\"><div class=\"uagb-container-inner-blocks-wrap\">\n<div class=\"wp-block-uagb-advanced-heading uagb-block-c767fabd\"><h1 class=\"uagb-heading-text\">K\u00fapte si digit\u00e1lne m\u00fdto online<\/h1><\/div>\n<\/div><\/div>\n\n<div class=\"wp-block-uagb-container uagb-block-610baaad alignfull uagb-is-root-container\"><div class=\"uagb-container-inner-blocks-wrap\">\n<div class=\"wp-block-uagb-container uagb-block-31b295f2\">\n<div class=\"wp-block-uagb-info-box uagb-block-2a89b7d9 uagb-infobox__content-wrap  uagb-infobox-icon-above-title uagb-infobox-image-valign-top\"><div class=\"uagb-ifb-content\"><div class=\"uagb-ifb-title-wrap\"><h2 class=\"uagb-ifb-title\">Digit\u00e1lne cestn\u00e9 m\u00fdto v Rak\u00fasku<\/h2><\/div><p class=\"uagb-ifb-desc\">Digit\u00e1lne cestn\u00e9 m\u00fdto v Rak\u00fasku je k\u013e\u00fa\u010dom k bezprobl\u00e9mov\u00fdm cest\u00e1m po dia\u013enici v srdci \u00c1lp. Pohodlne zak\u00fapen\u00fd online umo\u017e\u0148uje cestovanie bez stresu, bez otravn\u00fdch n\u00e1lepiek alebo \u010dasov\u00e9ho obmedzenia. Objavte rak\u00fasku majest\u00e1tnu krajinu a historick\u00e9 mest\u00e1 a cestujte bez starost\u00ed po cest\u00e1ch.  <\/p><div class=\"uagb-ifb-button-wrapper wp-block-button\"><a href=\"https:\/\/tollscout.eu\/digitale-streckenmaut-oesterreich\/\" class=\"uagb-infobox-cta-link wp-block-button__link\" target=\"_self\" rel=\"noopener noreferrer\" onclick=\"return true;\" alt=\"\"><span class=\"uagb-inline-editing\">K\u00fap online<\/span><\/a><\/div><\/div><\/div>\n<\/div>\n\n\n\n<div class=\"wp-block-uagb-container uagb-block-7db25ae8\">\n<div class=\"wp-block-uagb-image uagb-block-f23a0025 wp-block-uagb-image--layout-default wp-block-uagb-image--effect-static wp-block-uagb-image--align-none\"><figure class=\"wp-block-uagb-image__figure\"><img decoding=\"async\" srcset=\"https:\/\/tollscout.eu\/wp-content\/uploads\/2024\/02\/nikolett-emmert-0kSrcV46cI4-unsplash-1024x683.jpg ,https:\/\/tollscout.eu\/wp-content\/uploads\/2024\/02\/nikolett-emmert-0kSrcV46cI4-unsplash-scaled.jpg 780w, https:\/\/tollscout.eu\/wp-content\/uploads\/2024\/02\/nikolett-emmert-0kSrcV46cI4-unsplash-scaled.jpg 360w\" sizes=\"auto, (max-width: 480px) 150px\" src=\"https:\/\/tollscout.eu\/wp-content\/uploads\/2024\/02\/nikolett-emmert-0kSrcV46cI4-unsplash-1024x683.jpg\" alt=\"Faaker See ne\u010faleko Villachu v Korut\u00e1nsku z dia\u013eky.\" class=\"uag-image-5315\" width=\"1024\" height=\"683\" title=\"\" loading=\"lazy\"><\/figure><\/div>\n<\/div>\n<\/div><\/div>\n\n<div class=\"wp-block-uagb-container uagb-block-0fa8dc87 alignfull uagb-is-root-container\"><div class=\"uagb-container-inner-blocks-wrap\">\n<div class=\"wp-block-uagb-container uagb-block-aaa491a8\">\n<div class=\"wp-block-uagb-image uagb-block-95ad5af2 wp-block-uagb-image--layout-default wp-block-uagb-image--effect-static wp-block-uagb-image--align-none\"><figure class=\"wp-block-uagb-image__figure\"><img decoding=\"async\" srcset=\"https:\/\/tollscout.eu\/wp-content\/uploads\/2024\/02\/louismoto-PuUzm0Npxz4-unsplash-1024x767.jpg ,https:\/\/tollscout.eu\/wp-content\/uploads\/2024\/02\/louismoto-PuUzm0Npxz4-unsplash-scaled.jpg 780w, https:\/\/tollscout.eu\/wp-content\/uploads\/2024\/02\/louismoto-PuUzm0Npxz4-unsplash-scaled.jpg 360w\" sizes=\"auto, (max-width: 480px) 150px\" src=\"https:\/\/tollscout.eu\/wp-content\/uploads\/2024\/02\/louismoto-PuUzm0Npxz4-unsplash-1024x767.jpg\" alt=\"Cesta v stepi Slovenska\" class=\"uag-image-5320\" width=\"1024\" height=\"767\" title=\"\" loading=\"lazy\"><\/figure><\/div>\n<\/div>\n\n\n\n<div class=\"wp-block-uagb-container uagb-block-273f62cc\">\n<div class=\"wp-block-uagb-info-box uagb-block-f179cbd3 uagb-infobox__content-wrap  uagb-infobox-icon-above-title uagb-infobox-image-valign-top\"><div class=\"uagb-ifb-content\"><div class=\"uagb-ifb-title-wrap\"><h2 class=\"uagb-ifb-title\">Digit\u00e1lne cestn\u00e9 m\u00fdto Slovinsko<\/h2><\/div><p class=\"uagb-ifb-desc\">Digit\u00e1lna cesta spoplatnen\u00e1 Slovinskom otv\u00e1ra dvere nezabudnute\u013en\u00fdm cestn\u00fdm dobrodru\u017estv\u00e1m v tejto \u010darovnej krajine. Zak\u00fapen\u00fd len nieko\u013ek\u00fdmi kliknutiami online umo\u017e\u0148uje plynul\u00e9 jazdy a pr\u00edstup k malebn\u00fdm tras\u00e1m Slovinska. Presk\u00famajte rozmanitos\u0165 slovinskej krajiny a ponorte sa do jej bohatej kult\u00fary bez lepkav\u00fdch a \u010dasov\u00fdch obmedzen\u00ed.  <\/p><div class=\"uagb-ifb-button-wrapper wp-block-button\"><a href=\"https:\/\/tollscout.eu\/digitale-vignette-slowenien-online\/\" class=\"uagb-infobox-cta-link wp-block-button__link\" target=\"_self\" rel=\"noopener noreferrer\" onclick=\"return true;\" alt=\"\"><span class=\"uagb-inline-editing\">Viac inform\u00e1ci\u00ed<\/span><\/a><\/div><\/div><\/div>\n<\/div>\n<\/div><\/div>\n","protected":false},"excerpt":{"rendered":"<p>K\u00fapte si digit\u00e1lne m\u00fdto online<\/p>\n","protected":false},"author":2,"featured_media":0,"parent":0,"menu_order":0,"comment_status":"closed","ping_status":"closed","template":"","meta":{"_uag_custom_page_level_css":"","site-sidebar-layout":"no-sidebar","site-content-layout":"","ast-site-content-layout":"normal-width-container","site-content-style":"unboxed","site-sidebar-style":"unboxed","ast-global-header-display":"","ast-banner-title-visibility":"","ast-main-header-display":"","ast-hfb-above-header-display":"","ast-hfb-below-header-display":"","ast-hfb-mobile-header-display":"","site-post-title":"disabled","ast-breadcrumbs-content":"","ast-featured-img":"","footer-sml-layout":"","ast-disable-related-posts":"","theme-transparent-header-meta":"enabled","adv-header-id-meta":"","stick-header-meta":"","header-above-stick-meta":"","header-main-stick-meta":"","header-below-stick-meta":"","astra-migrate-meta-layouts":"default","ast-page-background-enabled":"default","ast-page-background-meta":{"desktop":{"background-color":"var(--ast-global-color-5)","background-image":"","background-repeat":"repeat","background-position":"center center","background-size":"auto","background-attachment":"scroll","background-type":"","background-media":"","overlay-type":"","overlay-color":"","overlay-opacity":"","overlay-gradient":""},"tablet":{"background-color":"","background-image":"","background-repeat":"repeat","background-position":"center center","background-size":"auto","background-attachment":"scroll","background-type":"","background-media":"","overlay-type":"","overlay-color":"","overlay-opacity":"","overlay-gradient":""},"mobile":{"background-color":"","background-image":"","background-repeat":"repeat","background-position":"center center","background-size":"auto","background-attachment":"scroll","background-type":"","background-media":"","overlay-type":"","overlay-color":"","overlay-opacity":"","overlay-gradient":""}},"ast-content-background-meta":{"desktop":{"background-color":"var(--ast-global-color-4)","background-image":"","background-repeat":"repeat","background-position":"center center","background-size":"auto","background-attachment":"scroll","background-type":"","background-media":"","overlay-type":"","overlay-color":"","overlay-opacity":"","overlay-gradient":""},"tablet":{"background-color":"var(--ast-global-color-4)","background-image":"","background-repeat":"repeat","background-position":"center center","background-size":"auto","background-attachment":"scroll","background-type":"","background-media":"","overlay-type":"","overlay-color":"","overlay-opacity":"","overlay-gradient":""},"mobile":{"background-color":"var(--ast-global-color-4)","background-image":"","background-repeat":"repeat","background-position":"center center","background-size":"auto","background-attachment":"scroll","background-type":"","background-media":"","overlay-type":"","overlay-color":"","overlay-opacity":"","overlay-gradient":""}},"footnotes":""},"class_list":["post-5891","page","type-page","status-publish","hentry"],"yoast_head":"<!-- This site is optimized with the Yoast SEO plugin v27.1.1 - https:\/\/yoast.com\/product\/yoast-seo-wordpress\/ -->\n<title>K\u00fapte si digit\u00e1lne cestn\u00e9 m\u00fdto online v Eur\u00f3pe \u2013 Plat\u00ed okam\u017eite<\/title>\n<meta name=\"description\" content=\"K\u00fapte si digit\u00e1lne m\u00fdto online pre cel\u00fa Eur\u00f3pu. Zaregistrujte digit\u00e1lne m\u00fdto jednoducho, r\u00fdchlo a bezpe\u010dne. Okam\u017eit\u00e1 platnos\u0165.\" \/>\n<meta name=\"robots\" content=\"index, follow, max-snippet:-1, max-image-preview:large, max-video-preview:-1\" \/>\n<link rel=\"canonical\" href=\"https:\/\/tollscout.eu\/sk\/kupte-si-digitalne-myto-online\/\" \/>\n<meta property=\"og:locale\" content=\"sk_SK\" \/>\n<meta property=\"og:type\" content=\"article\" \/>\n<meta property=\"og:title\" content=\"K\u00fapte si digit\u00e1lne cestn\u00e9 m\u00fdto online v Eur\u00f3pe \u2013 Plat\u00ed okam\u017eite\" \/>\n<meta property=\"og:description\" content=\"K\u00fapte si digit\u00e1lne m\u00fdto online pre cel\u00fa Eur\u00f3pu. Zaregistrujte digit\u00e1lne m\u00fdto jednoducho, r\u00fdchlo a bezpe\u010dne. Okam\u017eit\u00e1 platnos\u0165.\" \/>\n<meta property=\"og:url\" content=\"https:\/\/tollscout.eu\/sk\/kupte-si-digitalne-myto-online\/\" \/>\n<meta property=\"og:site_name\" content=\"Tollscout\u00ae\" \/>\n<meta property=\"article:publisher\" content=\"https:\/\/facebook.com\/tollscout\" \/>\n<meta property=\"article:modified_time\" content=\"2024-07-31T04:03:03+00:00\" \/>\n<meta property=\"og:image\" content=\"https:\/\/tollscout.eu\/wp-content\/uploads\/2024\/02\/nikolett-emmert-0kSrcV46cI4-unsplash-1024x683.jpg\" \/>\n<meta name=\"twitter:card\" content=\"summary_large_image\" \/>\n<meta name=\"twitter:site\" content=\"@tollscout\" \/>\n<meta name=\"twitter:label1\" content=\"Predpokladan\u00fd \u010das \u010d\u00edtania\" \/>\n\t<meta name=\"twitter:data1\" content=\"1 min\u00fata\" \/>\n<script type=\"application\/ld+json\" class=\"yoast-schema-graph\">{\"@context\":\"https:\/\/schema.org\",\"@graph\":[{\"@type\":\"WebPage\",\"@id\":\"https:\/\/tollscout.eu\/sk\/kupte-si-digitalne-myto-online\/\",\"url\":\"https:\/\/tollscout.eu\/sk\/kupte-si-digitalne-myto-online\/\",\"name\":\"K\u00fapte si digit\u00e1lne cestn\u00e9 m\u00fdto online v Eur\u00f3pe \u2013 Plat\u00ed okam\u017eite\",\"isPartOf\":{\"@id\":\"https:\/\/tollscout.eu\/sk\/#website\"},\"primaryImageOfPage\":{\"@id\":\"https:\/\/tollscout.eu\/sk\/kupte-si-digitalne-myto-online\/#primaryimage\"},\"image\":{\"@id\":\"https:\/\/tollscout.eu\/sk\/kupte-si-digitalne-myto-online\/#primaryimage\"},\"thumbnailUrl\":\"https:\/\/tollscout.eu\/wp-content\/uploads\/2024\/02\/nikolett-emmert-0kSrcV46cI4-unsplash-1024x683.jpg\",\"datePublished\":\"2023-09-08T10:48:12+00:00\",\"dateModified\":\"2024-07-31T04:03:03+00:00\",\"description\":\"K\u00fapte si digit\u00e1lne m\u00fdto online pre cel\u00fa Eur\u00f3pu. Zaregistrujte digit\u00e1lne m\u00fdto jednoducho, r\u00fdchlo a bezpe\u010dne. Okam\u017eit\u00e1 platnos\u0165.\",\"breadcrumb\":{\"@id\":\"https:\/\/tollscout.eu\/sk\/kupte-si-digitalne-myto-online\/#breadcrumb\"},\"inLanguage\":\"sk-SK\",\"potentialAction\":[{\"@type\":\"ReadAction\",\"target\":[\"https:\/\/tollscout.eu\/sk\/kupte-si-digitalne-myto-online\/\"]}]},{\"@type\":\"ImageObject\",\"inLanguage\":\"sk-SK\",\"@id\":\"https:\/\/tollscout.eu\/sk\/kupte-si-digitalne-myto-online\/#primaryimage\",\"url\":\"https:\/\/tollscout.eu\/wp-content\/uploads\/2024\/02\/nikolett-emmert-0kSrcV46cI4-unsplash-1024x683.jpg\",\"contentUrl\":\"https:\/\/tollscout.eu\/wp-content\/uploads\/2024\/02\/nikolett-emmert-0kSrcV46cI4-unsplash-1024x683.jpg\"},{\"@type\":\"BreadcrumbList\",\"@id\":\"https:\/\/tollscout.eu\/sk\/kupte-si-digitalne-myto-online\/#breadcrumb\",\"itemListElement\":[{\"@type\":\"ListItem\",\"position\":1,\"name\":\"Startseite\",\"item\":\"https:\/\/tollscout.eu\/sk\/\"},{\"@type\":\"ListItem\",\"position\":2,\"name\":\"K\u00fapte si digit\u00e1lne m\u00fdto online\"}]},{\"@type\":\"WebSite\",\"@id\":\"https:\/\/tollscout.eu\/sk\/#website\",\"url\":\"https:\/\/tollscout.eu\/sk\/\",\"name\":\"Tollscout\u00ae\",\"description\":\"\",\"publisher\":{\"@id\":\"https:\/\/tollscout.eu\/sk\/#organization\"},\"potentialAction\":[{\"@type\":\"SearchAction\",\"target\":{\"@type\":\"EntryPoint\",\"urlTemplate\":\"https:\/\/tollscout.eu\/sk\/?s={search_term_string}\"},\"query-input\":{\"@type\":\"PropertyValueSpecification\",\"valueRequired\":true,\"valueName\":\"search_term_string\"}}],\"inLanguage\":\"sk-SK\"},{\"@type\":\"Organization\",\"@id\":\"https:\/\/tollscout.eu\/sk\/#organization\",\"name\":\"TollScout\",\"alternateName\":\"TollScout\",\"url\":\"https:\/\/tollscout.eu\/sk\/\",\"logo\":{\"@type\":\"ImageObject\",\"inLanguage\":\"sk-SK\",\"@id\":\"https:\/\/tollscout.eu\/sk\/#\/schema\/logo\/image\/\",\"url\":\"https:\/\/tollscout.eu\/wp-content\/uploads\/2023\/11\/logo_social_media_1024.png\",\"contentUrl\":\"https:\/\/tollscout.eu\/wp-content\/uploads\/2023\/11\/logo_social_media_1024.png\",\"width\":1024,\"height\":1024,\"caption\":\"TollScout\"},\"image\":{\"@id\":\"https:\/\/tollscout.eu\/sk\/#\/schema\/logo\/image\/\"},\"sameAs\":[\"https:\/\/facebook.com\/tollscout\",\"https:\/\/x.com\/tollscout\",\"https:\/\/instagram.com\/tollscout\"]}]}<\/script>\n<!-- \/ Yoast SEO plugin. -->","yoast_head_json":{"title":"K\u00fapte si digit\u00e1lne cestn\u00e9 m\u00fdto online v Eur\u00f3pe \u2013 Plat\u00ed okam\u017eite","description":"K\u00fapte si digit\u00e1lne m\u00fdto online pre cel\u00fa Eur\u00f3pu. Zaregistrujte digit\u00e1lne m\u00fdto jednoducho, r\u00fdchlo a bezpe\u010dne. Okam\u017eit\u00e1 platnos\u0165.","robots":{"index":"index","follow":"follow","max-snippet":"max-snippet:-1","max-image-preview":"max-image-preview:large","max-video-preview":"max-video-preview:-1"},"canonical":"https:\/\/tollscout.eu\/sk\/kupte-si-digitalne-myto-online\/","og_locale":"sk_SK","og_type":"article","og_title":"K\u00fapte si digit\u00e1lne cestn\u00e9 m\u00fdto online v Eur\u00f3pe \u2013 Plat\u00ed okam\u017eite","og_description":"K\u00fapte si digit\u00e1lne m\u00fdto online pre cel\u00fa Eur\u00f3pu. Zaregistrujte digit\u00e1lne m\u00fdto jednoducho, r\u00fdchlo a bezpe\u010dne. Okam\u017eit\u00e1 platnos\u0165.","og_url":"https:\/\/tollscout.eu\/sk\/kupte-si-digitalne-myto-online\/","og_site_name":"Tollscout\u00ae","article_publisher":"https:\/\/facebook.com\/tollscout","article_modified_time":"2024-07-31T04:03:03+00:00","og_image":[{"url":"https:\/\/tollscout.eu\/wp-content\/uploads\/2024\/02\/nikolett-emmert-0kSrcV46cI4-unsplash-1024x683.jpg","type":"","width":"","height":""}],"twitter_card":"summary_large_image","twitter_site":"@tollscout","twitter_misc":{"Predpokladan\u00fd \u010das \u010d\u00edtania":"1 min\u00fata"},"schema":{"@context":"https:\/\/schema.org","@graph":[{"@type":"WebPage","@id":"https:\/\/tollscout.eu\/sk\/kupte-si-digitalne-myto-online\/","url":"https:\/\/tollscout.eu\/sk\/kupte-si-digitalne-myto-online\/","name":"K\u00fapte si digit\u00e1lne cestn\u00e9 m\u00fdto online v Eur\u00f3pe \u2013 Plat\u00ed okam\u017eite","isPartOf":{"@id":"https:\/\/tollscout.eu\/sk\/#website"},"primaryImageOfPage":{"@id":"https:\/\/tollscout.eu\/sk\/kupte-si-digitalne-myto-online\/#primaryimage"},"image":{"@id":"https:\/\/tollscout.eu\/sk\/kupte-si-digitalne-myto-online\/#primaryimage"},"thumbnailUrl":"https:\/\/tollscout.eu\/wp-content\/uploads\/2024\/02\/nikolett-emmert-0kSrcV46cI4-unsplash-1024x683.jpg","datePublished":"2023-09-08T10:48:12+00:00","dateModified":"2024-07-31T04:03:03+00:00","description":"K\u00fapte si digit\u00e1lne m\u00fdto online pre cel\u00fa Eur\u00f3pu. Zaregistrujte digit\u00e1lne m\u00fdto jednoducho, r\u00fdchlo a bezpe\u010dne. Okam\u017eit\u00e1 platnos\u0165.","breadcrumb":{"@id":"https:\/\/tollscout.eu\/sk\/kupte-si-digitalne-myto-online\/#breadcrumb"},"inLanguage":"sk-SK","potentialAction":[{"@type":"ReadAction","target":["https:\/\/tollscout.eu\/sk\/kupte-si-digitalne-myto-online\/"]}]},{"@type":"ImageObject","inLanguage":"sk-SK","@id":"https:\/\/tollscout.eu\/sk\/kupte-si-digitalne-myto-online\/#primaryimage","url":"https:\/\/tollscout.eu\/wp-content\/uploads\/2024\/02\/nikolett-emmert-0kSrcV46cI4-unsplash-1024x683.jpg","contentUrl":"https:\/\/tollscout.eu\/wp-content\/uploads\/2024\/02\/nikolett-emmert-0kSrcV46cI4-unsplash-1024x683.jpg"},{"@type":"BreadcrumbList","@id":"https:\/\/tollscout.eu\/sk\/kupte-si-digitalne-myto-online\/#breadcrumb","itemListElement":[{"@type":"ListItem","position":1,"name":"Startseite","item":"https:\/\/tollscout.eu\/sk\/"},{"@type":"ListItem","position":2,"name":"K\u00fapte si digit\u00e1lne m\u00fdto online"}]},{"@type":"WebSite","@id":"https:\/\/tollscout.eu\/sk\/#website","url":"https:\/\/tollscout.eu\/sk\/","name":"Tollscout\u00ae","description":"","publisher":{"@id":"https:\/\/tollscout.eu\/sk\/#organization"},"potentialAction":[{"@type":"SearchAction","target":{"@type":"EntryPoint","urlTemplate":"https:\/\/tollscout.eu\/sk\/?s={search_term_string}"},"query-input":{"@type":"PropertyValueSpecification","valueRequired":true,"valueName":"search_term_string"}}],"inLanguage":"sk-SK"},{"@type":"Organization","@id":"https:\/\/tollscout.eu\/sk\/#organization","name":"TollScout","alternateName":"TollScout","url":"https:\/\/tollscout.eu\/sk\/","logo":{"@type":"ImageObject","inLanguage":"sk-SK","@id":"https:\/\/tollscout.eu\/sk\/#\/schema\/logo\/image\/","url":"https:\/\/tollscout.eu\/wp-content\/uploads\/2023\/11\/logo_social_media_1024.png","contentUrl":"https:\/\/tollscout.eu\/wp-content\/uploads\/2023\/11\/logo_social_media_1024.png","width":1024,"height":1024,"caption":"TollScout"},"image":{"@id":"https:\/\/tollscout.eu\/sk\/#\/schema\/logo\/image\/"},"sameAs":["https:\/\/facebook.com\/tollscout","https:\/\/x.com\/tollscout","https:\/\/instagram.com\/tollscout"]}]}},"uagb_featured_image_src":{"full":false,"thumbnail":false,"medium":false,"medium_large":false,"large":false,"1536x1536":false,"2048x2048":false,"gform-image-choice-sm":false,"gform-image-choice-md":false,"gform-image-choice-lg":false},"uagb_author_info":{"display_name":"Tollscout","author_link":"https:\/\/tollscout.eu\/sk\/author\/m-hemm\/"},"uagb_comment_info":0,"uagb_excerpt":"K\u00fapte si digit\u00e1lne m\u00fdto online","_links":{"self":[{"href":"https:\/\/tollscout.eu\/sk\/wp-json\/wp\/v2\/pages\/5891","targetHints":{"allow":["GET"]}}],"collection":[{"href":"https:\/\/tollscout.eu\/sk\/wp-json\/wp\/v2\/pages"}],"about":[{"href":"https:\/\/tollscout.eu\/sk\/wp-json\/wp\/v2\/types\/page"}],"author":[{"embeddable":true,"href":"https:\/\/tollscout.eu\/sk\/wp-json\/wp\/v2\/users\/2"}],"replies":[{"embeddable":true,"href":"https:\/\/tollscout.eu\/sk\/wp-json\/wp\/v2\/comments?post=5891"}],"version-history":[{"count":2,"href":"https:\/\/tollscout.eu\/sk\/wp-json\/wp\/v2\/pages\/5891\/revisions"}],"predecessor-version":[{"id":8277,"href":"https:\/\/tollscout.eu\/sk\/wp-json\/wp\/v2\/pages\/5891\/revisions\/8277"}],"wp:attachment":[{"href":"https:\/\/tollscout.eu\/sk\/wp-json\/wp\/v2\/media?parent=5891"}],"curies":[{"name":"wp","href":"https:\/\/api.w.org\/{rel}","templated":true}]}}