{"id":9518,"date":"2024-08-06T12:17:44","date_gmt":"2024-08-06T10:17:44","guid":{"rendered":"https:\/\/tollscout.eu\/newsletter\/"},"modified":"2024-08-07T12:47:33","modified_gmt":"2024-08-07T10:47:33","slug":"newsletter","status":"publish","type":"page","link":"https:\/\/tollscout.eu\/ro\/newsletter\/","title":{"rendered":"Newsletter"},"content":{"rendered":"\n<div class=\"wp-block-uagb-container uagb-block-c1e2fce7 alignfull uagb-is-root-container\"><div class=\"uagb-container-inner-blocks-wrap\">\n<div class=\"wp-block-uagb-advanced-heading uagb-block-c767fabd\"><h1 class=\"uagb-heading-text\">Buletin informativ Vignettes<\/h1><\/div>\n<\/div><\/div>\n\n<div class=\"wp-block-uagb-container uagb-block-f356067b alignfull uagb-is-root-container\"><div class=\"uagb-container-inner-blocks-wrap\">\n<div class=\"wp-block-uagb-advanced-heading uagb-block-e02782db\"><h2 class=\"uagb-heading-text\">Abona\u021bi-v\u0103 la newsletter-ul nostru!<\/h2><\/div>\n<\/div><\/div>\n\n<div class=\"wp-block-uagb-container uagb-block-e15c9e9d alignfull uagb-is-root-container\"><div class=\"uagb-container-inner-blocks-wrap\">\n<div id=\"app\" data-context=\"newsletterSignup\"><\/div>\n<\/div><\/div>\n\n<div class=\"wp-block-uagb-container uagb-block-e14bf70a alignfull uagb-is-root-container\"><div class=\"uagb-container-inner-blocks-wrap\">\n<p>Cu buletinul nostru informativ cu vignette vei fi mereu la curent. V\u0103 vom informa despre modific\u0103rile \u0219i inova\u021biile aduse serviciilor noastre, precum \u0219i autorit\u0103\u021bile oficiale de taxare din \u021b\u0103rile respective.  <br\/><br\/>V\u0103 respect\u0103m dorin\u021ba pentru con\u021binut \u0219i informa\u021bii semnificative. Prin urmare, nu trebuie s\u0103 v\u0103 face\u021bi griji cu privire la spam.  <br\/><br\/>Ne pas\u0103 \u0219i de protec\u021bia datelor. Datele pe care le furniza\u021bi vor fi tratate ca fiind strict confiden\u021biale. Adresa dumneavoastr\u0103 de e-mail nu va fi folosit\u0103 \u00een niciun alt scop sau transmis\u0103 ter\u021bilor.   <\/p>\n<\/div><\/div>\n","protected":false},"excerpt":{"rendered":"<p>Buletin informativ Vignettes Abona\u021bi-v\u0103 la newsletter-ul nostru! Cu buletinul nostru informativ cu vignette vei fi mereu la curent. V\u0103 vom [&hellip;]<\/p>\n","protected":false},"author":2,"featured_media":0,"parent":0,"menu_order":0,"comment_status":"closed","ping_status":"closed","template":"","meta":{"_uag_custom_page_level_css":"","site-sidebar-layout":"no-sidebar","site-content-layout":"","ast-site-content-layout":"normal-width-container","site-content-style":"unboxed","site-sidebar-style":"unboxed","ast-global-header-display":"","ast-banner-title-visibility":"","ast-main-header-display":"","ast-hfb-above-header-display":"","ast-hfb-below-header-display":"","ast-hfb-mobile-header-display":"","site-post-title":"disabled","ast-breadcrumbs-content":"","ast-featured-img":"","footer-sml-layout":"","ast-disable-related-posts":"","theme-transparent-header-meta":"enabled","adv-header-id-meta":"","stick-header-meta":"","header-above-stick-meta":"","header-main-stick-meta":"","header-below-stick-meta":"","astra-migrate-meta-layouts":"default","ast-page-background-enabled":"default","ast-page-background-meta":{"desktop":{"background-color":"var(--ast-global-color-5)","background-image":"","background-repeat":"repeat","background-position":"center center","background-size":"auto","background-attachment":"scroll","background-type":"","background-media":"","overlay-type":"","overlay-color":"","overlay-opacity":"","overlay-gradient":""},"tablet":{"background-color":"","background-image":"","background-repeat":"repeat","background-position":"center center","background-size":"auto","background-attachment":"scroll","background-type":"","background-media":"","overlay-type":"","overlay-color":"","overlay-opacity":"","overlay-gradient":""},"mobile":{"background-color":"","background-image":"","background-repeat":"repeat","background-position":"center center","background-size":"auto","background-attachment":"scroll","background-type":"","background-media":"","overlay-type":"","overlay-color":"","overlay-opacity":"","overlay-gradient":""}},"ast-content-background-meta":{"desktop":{"background-color":"var(--ast-global-color-4)","background-image":"","background-repeat":"repeat","background-position":"center center","background-size":"auto","background-attachment":"scroll","background-type":"","background-media":"","overlay-type":"","overlay-color":"","overlay-opacity":"","overlay-gradient":""},"tablet":{"background-color":"var(--ast-global-color-4)","background-image":"","background-repeat":"repeat","background-position":"center center","background-size":"auto","background-attachment":"scroll","background-type":"","background-media":"","overlay-type":"","overlay-color":"","overlay-opacity":"","overlay-gradient":""},"mobile":{"background-color":"var(--ast-global-color-4)","background-image":"","background-repeat":"repeat","background-position":"center center","background-size":"auto","background-attachment":"scroll","background-type":"","background-media":"","overlay-type":"","overlay-color":"","overlay-opacity":"","overlay-gradient":""}},"footnotes":""},"class_list":["post-9518","page","type-page","status-publish","hentry"],"yoast_head":"<!-- This site is optimized with the Yoast SEO plugin v27.1.1 - https:\/\/yoast.com\/product\/yoast-seo-wordpress\/ -->\n<title>Buletin informativ Vignette - informa\u021bii pe tema vignetelor digitale<\/title>\n<meta name=\"description\" content=\"Abona\u021bi-v\u0103 la buletinul nostru informativ cu vignette \u0219i fi\u021bi la curent cu vignetele digitale \u0219i taxele rutelor din Europa.\" \/>\n<meta name=\"robots\" content=\"index, follow, max-snippet:-1, max-image-preview:large, max-video-preview:-1\" \/>\n<link rel=\"canonical\" href=\"https:\/\/tollscout.eu\/ro\/newsletter\/\" \/>\n<meta property=\"og:locale\" content=\"ro_RO\" \/>\n<meta property=\"og:type\" content=\"article\" \/>\n<meta property=\"og:title\" content=\"Buletin informativ Vignette - informa\u021bii pe tema vignetelor digitale\" \/>\n<meta property=\"og:description\" content=\"Abona\u021bi-v\u0103 la buletinul nostru informativ cu vignette \u0219i fi\u021bi la curent cu vignetele digitale \u0219i taxele rutelor din Europa.\" \/>\n<meta property=\"og:url\" content=\"https:\/\/tollscout.eu\/ro\/newsletter\/\" \/>\n<meta property=\"og:site_name\" content=\"Tollscout\u00ae\" \/>\n<meta property=\"article:publisher\" content=\"https:\/\/facebook.com\/tollscout\" \/>\n<meta property=\"article:modified_time\" content=\"2024-08-07T10:47:33+00:00\" \/>\n<meta property=\"og:image\" content=\"https:\/\/tollscout.eu\/wp-content\/uploads\/2023\/08\/logo_color_360x92px.png\" \/>\n\t<meta property=\"og:image:width\" content=\"360\" \/>\n\t<meta property=\"og:image:height\" content=\"92\" \/>\n\t<meta property=\"og:image:type\" content=\"image\/png\" \/>\n<meta name=\"twitter:card\" content=\"summary_large_image\" \/>\n<meta name=\"twitter:site\" content=\"@tollscout\" \/>\n<meta name=\"twitter:label1\" content=\"Timp estimat pentru citire\" \/>\n\t<meta name=\"twitter:data1\" content=\"1 minut\" \/>\n<script type=\"application\/ld+json\" class=\"yoast-schema-graph\">{\"@context\":\"https:\/\/schema.org\",\"@graph\":[{\"@type\":\"WebPage\",\"@id\":\"https:\/\/tollscout.eu\/ro\/newsletter\/\",\"url\":\"https:\/\/tollscout.eu\/ro\/newsletter\/\",\"name\":\"Buletin informativ Vignette - informa\u021bii pe tema vignetelor digitale\",\"isPartOf\":{\"@id\":\"https:\/\/tollscout.eu\/ro\/#website\"},\"datePublished\":\"2024-08-06T10:17:44+00:00\",\"dateModified\":\"2024-08-07T10:47:33+00:00\",\"description\":\"Abona\u021bi-v\u0103 la buletinul nostru informativ cu vignette \u0219i fi\u021bi la curent cu vignetele digitale \u0219i taxele rutelor din Europa.\",\"breadcrumb\":{\"@id\":\"https:\/\/tollscout.eu\/ro\/newsletter\/#breadcrumb\"},\"inLanguage\":\"ro-RO\",\"potentialAction\":[{\"@type\":\"ReadAction\",\"target\":[\"https:\/\/tollscout.eu\/ro\/newsletter\/\"]}]},{\"@type\":\"BreadcrumbList\",\"@id\":\"https:\/\/tollscout.eu\/ro\/newsletter\/#breadcrumb\",\"itemListElement\":[{\"@type\":\"ListItem\",\"position\":1,\"name\":\"Startseite\",\"item\":\"https:\/\/tollscout.eu\/ro\/\"},{\"@type\":\"ListItem\",\"position\":2,\"name\":\"Newsletter\"}]},{\"@type\":\"WebSite\",\"@id\":\"https:\/\/tollscout.eu\/ro\/#website\",\"url\":\"https:\/\/tollscout.eu\/ro\/\",\"name\":\"Tollscout\u00ae\",\"description\":\"\",\"publisher\":{\"@id\":\"https:\/\/tollscout.eu\/ro\/#organization\"},\"potentialAction\":[{\"@type\":\"SearchAction\",\"target\":{\"@type\":\"EntryPoint\",\"urlTemplate\":\"https:\/\/tollscout.eu\/ro\/?s={search_term_string}\"},\"query-input\":{\"@type\":\"PropertyValueSpecification\",\"valueRequired\":true,\"valueName\":\"search_term_string\"}}],\"inLanguage\":\"ro-RO\"},{\"@type\":\"Organization\",\"@id\":\"https:\/\/tollscout.eu\/ro\/#organization\",\"name\":\"TollScout\",\"alternateName\":\"TollScout\",\"url\":\"https:\/\/tollscout.eu\/ro\/\",\"logo\":{\"@type\":\"ImageObject\",\"inLanguage\":\"ro-RO\",\"@id\":\"https:\/\/tollscout.eu\/ro\/#\/schema\/logo\/image\/\",\"url\":\"https:\/\/tollscout.eu\/wp-content\/uploads\/2023\/11\/logo_social_media_1024.png\",\"contentUrl\":\"https:\/\/tollscout.eu\/wp-content\/uploads\/2023\/11\/logo_social_media_1024.png\",\"width\":1024,\"height\":1024,\"caption\":\"TollScout\"},\"image\":{\"@id\":\"https:\/\/tollscout.eu\/ro\/#\/schema\/logo\/image\/\"},\"sameAs\":[\"https:\/\/facebook.com\/tollscout\",\"https:\/\/x.com\/tollscout\",\"https:\/\/instagram.com\/tollscout\"]}]}<\/script>\n<!-- \/ Yoast SEO plugin. -->","yoast_head_json":{"title":"Buletin informativ Vignette - informa\u021bii pe tema vignetelor digitale","description":"Abona\u021bi-v\u0103 la buletinul nostru informativ cu vignette \u0219i fi\u021bi la curent cu vignetele digitale \u0219i taxele rutelor din Europa.","robots":{"index":"index","follow":"follow","max-snippet":"max-snippet:-1","max-image-preview":"max-image-preview:large","max-video-preview":"max-video-preview:-1"},"canonical":"https:\/\/tollscout.eu\/ro\/newsletter\/","og_locale":"ro_RO","og_type":"article","og_title":"Buletin informativ Vignette - informa\u021bii pe tema vignetelor digitale","og_description":"Abona\u021bi-v\u0103 la buletinul nostru informativ cu vignette \u0219i fi\u021bi la curent cu vignetele digitale \u0219i taxele rutelor din Europa.","og_url":"https:\/\/tollscout.eu\/ro\/newsletter\/","og_site_name":"Tollscout\u00ae","article_publisher":"https:\/\/facebook.com\/tollscout","article_modified_time":"2024-08-07T10:47:33+00:00","og_image":[{"width":360,"height":92,"url":"https:\/\/tollscout.eu\/wp-content\/uploads\/2023\/08\/logo_color_360x92px.png","type":"image\/png"}],"twitter_card":"summary_large_image","twitter_site":"@tollscout","twitter_misc":{"Timp estimat pentru citire":"1 minut"},"schema":{"@context":"https:\/\/schema.org","@graph":[{"@type":"WebPage","@id":"https:\/\/tollscout.eu\/ro\/newsletter\/","url":"https:\/\/tollscout.eu\/ro\/newsletter\/","name":"Buletin informativ Vignette - informa\u021bii pe tema vignetelor digitale","isPartOf":{"@id":"https:\/\/tollscout.eu\/ro\/#website"},"datePublished":"2024-08-06T10:17:44+00:00","dateModified":"2024-08-07T10:47:33+00:00","description":"Abona\u021bi-v\u0103 la buletinul nostru informativ cu vignette \u0219i fi\u021bi la curent cu vignetele digitale \u0219i taxele rutelor din Europa.","breadcrumb":{"@id":"https:\/\/tollscout.eu\/ro\/newsletter\/#breadcrumb"},"inLanguage":"ro-RO","potentialAction":[{"@type":"ReadAction","target":["https:\/\/tollscout.eu\/ro\/newsletter\/"]}]},{"@type":"BreadcrumbList","@id":"https:\/\/tollscout.eu\/ro\/newsletter\/#breadcrumb","itemListElement":[{"@type":"ListItem","position":1,"name":"Startseite","item":"https:\/\/tollscout.eu\/ro\/"},{"@type":"ListItem","position":2,"name":"Newsletter"}]},{"@type":"WebSite","@id":"https:\/\/tollscout.eu\/ro\/#website","url":"https:\/\/tollscout.eu\/ro\/","name":"Tollscout\u00ae","description":"","publisher":{"@id":"https:\/\/tollscout.eu\/ro\/#organization"},"potentialAction":[{"@type":"SearchAction","target":{"@type":"EntryPoint","urlTemplate":"https:\/\/tollscout.eu\/ro\/?s={search_term_string}"},"query-input":{"@type":"PropertyValueSpecification","valueRequired":true,"valueName":"search_term_string"}}],"inLanguage":"ro-RO"},{"@type":"Organization","@id":"https:\/\/tollscout.eu\/ro\/#organization","name":"TollScout","alternateName":"TollScout","url":"https:\/\/tollscout.eu\/ro\/","logo":{"@type":"ImageObject","inLanguage":"ro-RO","@id":"https:\/\/tollscout.eu\/ro\/#\/schema\/logo\/image\/","url":"https:\/\/tollscout.eu\/wp-content\/uploads\/2023\/11\/logo_social_media_1024.png","contentUrl":"https:\/\/tollscout.eu\/wp-content\/uploads\/2023\/11\/logo_social_media_1024.png","width":1024,"height":1024,"caption":"TollScout"},"image":{"@id":"https:\/\/tollscout.eu\/ro\/#\/schema\/logo\/image\/"},"sameAs":["https:\/\/facebook.com\/tollscout","https:\/\/x.com\/tollscout","https:\/\/instagram.com\/tollscout"]}]}},"uagb_featured_image_src":{"full":false,"thumbnail":false,"medium":false,"medium_large":false,"large":false,"1536x1536":false,"2048x2048":false,"gform-image-choice-sm":false,"gform-image-choice-md":false,"gform-image-choice-lg":false},"uagb_author_info":{"display_name":"Tollscout","author_link":"https:\/\/tollscout.eu\/ro\/author\/m-hemm\/"},"uagb_comment_info":0,"uagb_excerpt":"Buletin informativ Vignettes Abona\u021bi-v\u0103 la newsletter-ul nostru! Cu buletinul nostru informativ cu vignette vei fi mereu la curent. V\u0103 vom [&hellip;]","_links":{"self":[{"href":"https:\/\/tollscout.eu\/ro\/wp-json\/wp\/v2\/pages\/9518","targetHints":{"allow":["GET"]}}],"collection":[{"href":"https:\/\/tollscout.eu\/ro\/wp-json\/wp\/v2\/pages"}],"about":[{"href":"https:\/\/tollscout.eu\/ro\/wp-json\/wp\/v2\/types\/page"}],"author":[{"embeddable":true,"href":"https:\/\/tollscout.eu\/ro\/wp-json\/wp\/v2\/users\/2"}],"replies":[{"embeddable":true,"href":"https:\/\/tollscout.eu\/ro\/wp-json\/wp\/v2\/comments?post=9518"}],"version-history":[{"count":2,"href":"https:\/\/tollscout.eu\/ro\/wp-json\/wp\/v2\/pages\/9518\/revisions"}],"predecessor-version":[{"id":9574,"href":"https:\/\/tollscout.eu\/ro\/wp-json\/wp\/v2\/pages\/9518\/revisions\/9574"}],"wp:attachment":[{"href":"https:\/\/tollscout.eu\/ro\/wp-json\/wp\/v2\/media?parent=9518"}],"curies":[{"name":"wp","href":"https:\/\/api.w.org\/{rel}","templated":true}]}}