{"id":7763,"date":"2024-07-29T12:58:00","date_gmt":"2024-07-29T10:58:00","guid":{"rendered":"https:\/\/tollscout.eu\/shop\/vinieta\/vigneta-slovacia\/"},"modified":"2024-08-07T13:04:18","modified_gmt":"2024-08-07T11:04:18","slug":"slovacia","status":"publish","type":"page","link":"https:\/\/tollscout.eu\/ro\/shop\/vinieta\/slovacia\/","title":{"rendered":"Vigneta Slovacia"},"content":{"rendered":"\n<div class=\"wp-block-uagb-container uagb-block-c1e2fce7 alignfull uagb-is-root-container\"><div class=\"uagb-container-inner-blocks-wrap\">\n<div class=\"wp-block-uagb-advanced-heading uagb-block-c767fabd\"><h1 class=\"uagb-heading-text\">Vignete digitale pentru Slovacia<\/h1><\/div>\n<\/div><\/div>\n\n<div class=\"wp-block-uagb-container uagb-block-f8fde258 alignfull uagb-is-root-container\"><div class=\"uagb-container-inner-blocks-wrap\">\n<div id=\"app\" data-context=\"sk\"><\/div>\n<\/div><\/div>\n\n<div class=\"wp-block-uagb-container uagb-block-f0c3f6d5 alignfull uagb-is-root-container\">\n<hr class=\"wp-block-separator has-text-color has-alpha-channel-opacity has-background is-style-wide\" style=\"margin-top:0;margin-bottom:0;background-color:#dbe8eb;color:#dbe8eb\"\/>\n\n\n<nav style=\"font-size:14px;\" class=\"is-responsive items-justified-center alignwide wp-block-navigation is-content-justification-center is-layout-flex wp-container-core-navigation-is-layout-a89b3969 wp-block-navigation-is-layout-flex\" aria-label=\"TollScout\" \n\t\t data-wp-interactive=\"core\/navigation\" data-wp-context='{\"overlayOpenedBy\":{\"click\":false,\"hover\":false,\"focus\":false},\"type\":\"overlay\",\"roleAttribute\":\"\",\"ariaLabel\":\"Meniu\"}'><button aria-haspopup=\"dialog\" aria-label=\"Deschide meniul\" class=\"wp-block-navigation__responsive-container-open\" \n\t\t\t\tdata-wp-on--click=\"actions.openMenuOnClick\"\n\t\t\t\tdata-wp-on--keydown=\"actions.handleMenuKeydown\"\n\t\t\t><svg width=\"24\" height=\"24\" xmlns=\"http:\/\/www.w3.org\/2000\/svg\" viewBox=\"0 0 24 24\" aria-hidden=\"true\" focusable=\"false\"><path d=\"M4 7.5h16v1.5H4z\"><\/path><path d=\"M4 15h16v1.5H4z\"><\/path><\/svg><\/button>\n\t\t\t\t<div class=\"wp-block-navigation__responsive-container\"  id=\"modal-1\" \n\t\t\t\tdata-wp-class--has-modal-open=\"state.isMenuOpen\"\n\t\t\t\tdata-wp-class--is-menu-open=\"state.isMenuOpen\"\n\t\t\t\tdata-wp-watch=\"callbacks.initMenu\"\n\t\t\t\tdata-wp-on--keydown=\"actions.handleMenuKeydown\"\n\t\t\t\tdata-wp-on--focusout=\"actions.handleMenuFocusout\"\n\t\t\t\ttabindex=\"-1\"\n\t\t\t>\n\t\t\t\t\t<div class=\"wp-block-navigation__responsive-close\" tabindex=\"-1\">\n\t\t\t\t\t\t<div class=\"wp-block-navigation__responsive-dialog\" \n\t\t\t\tdata-wp-bind--aria-modal=\"state.ariaModal\"\n\t\t\t\tdata-wp-bind--aria-label=\"state.ariaLabel\"\n\t\t\t\tdata-wp-bind--role=\"state.roleAttribute\"\n\t\t\t>\n\t\t\t\t\t\t\t<button aria-label=\"\u00cenchide meniul\" class=\"wp-block-navigation__responsive-container-close\" \n\t\t\t\tdata-wp-on--click=\"actions.closeMenuOnClick\"\n\t\t\t><svg xmlns=\"http:\/\/www.w3.org\/2000\/svg\" viewBox=\"0 0 24 24\" width=\"24\" height=\"24\" aria-hidden=\"true\" focusable=\"false\"><path d=\"m13.06 12 6.47-6.47-1.06-1.06L12 10.94 5.53 4.47 4.47 5.53 10.94 12l-6.47 6.47 1.06 1.06L12 13.06l6.47 6.47 1.06-1.06L13.06 12Z\"><\/path><\/svg><\/button>\n\t\t\t\t\t\t\t<div class=\"wp-block-navigation__responsive-container-content\" \n\t\t\t\tdata-wp-watch=\"callbacks.focusFirstElement\"\n\t\t\t id=\"modal-1-content\">\n\t\t\t\t\t\t\t\t<ul style=\"font-size:14px;\" class=\"wp-block-navigation__container is-responsive items-justified-center alignwide wp-block-navigation\"><li style=\"font-size: 14px;\" class=\" wp-block-navigation-item wp-block-navigation-link\"><a class=\"wp-block-navigation-item__content\"  href=\"https:\/\/tollscout.eu\/faq\/\"><span class=\"wp-block-navigation-item__label\">FAQ<\/span><\/a><\/li><li style=\"font-size: 14px;\" class=\" wp-block-navigation-item wp-block-navigation-link\"><a class=\"wp-block-navigation-item__content\"  href=\"https:\/\/tollscout.eu\/agb\/\"><span class=\"wp-block-navigation-item__label\">AGB<\/span><\/a><\/li><li style=\"font-size: 14px;\" class=\" wp-block-navigation-item wp-block-navigation-link\"><a class=\"wp-block-navigation-item__content\"  href=\"https:\/\/tollscout.eu\/kontakt\"><span class=\"wp-block-navigation-item__label\">Kontakt<\/span><\/a><\/li><li style=\"font-size: 14px;\" class=\" wp-block-navigation-item wp-block-navigation-link\"><a class=\"wp-block-navigation-item__content\"  href=\"https:\/\/tollscout.eu\/impressum\"><span class=\"wp-block-navigation-item__label\">Impressum<\/span><\/a><\/li><li style=\"font-size: 14px;\" class=\" wp-block-navigation-item wp-block-navigation-link\"><a class=\"wp-block-navigation-item__content\"  href=\"https:\/\/tollscout.eu\/datenschutz\"><span class=\"wp-block-navigation-item__label\">Datenschutz<\/span><\/a><\/li><li style=\"font-size: 14px;\" class=\" wp-block-navigation-item wp-block-navigation-link\"><a class=\"wp-block-navigation-item__content\"  href=\"https:\/\/tollscout.eu\/widerrufsrecht\/\"><span class=\"wp-block-navigation-item__label\">Widerrufsrecht<\/span><\/a><\/li><li style=\"font-size: 14px;\" class=\" wp-block-navigation-item wp-block-navigation-link\"><a class=\"wp-block-navigation-item__content\"  href=\"https:\/\/tollscout.eu\/verbraucherhinweis\/\"><span class=\"wp-block-navigation-item__label\">Verbraucherhinweis<\/span><\/a><\/li><\/ul>\n\t\t\t\t\t\t\t<\/div>\n\t\t\t\t\t\t<\/div>\n\t\t\t\t\t<\/div>\n\t\t\t\t<\/div><\/nav>\n\n\n<p class=\"has-text-align-center\" style=\"font-size:14px\">Copyright \u00a9 2024 TollScout\u00ae<\/p>\n<\/div>\n","protected":false},"excerpt":{"rendered":"<p>Vignete digitale pentru Slovacia<\/p>\n","protected":false},"author":2,"featured_media":0,"parent":6616,"menu_order":0,"comment_status":"closed","ping_status":"closed","template":"","meta":{"_uag_custom_page_level_css":"","site-sidebar-layout":"no-sidebar","site-content-layout":"","ast-site-content-layout":"full-width-container","site-content-style":"unboxed","site-sidebar-style":"unboxed","ast-global-header-display":"","ast-banner-title-visibility":"","ast-main-header-display":"","ast-hfb-above-header-display":"","ast-hfb-below-header-display":"","ast-hfb-mobile-header-display":"","site-post-title":"disabled","ast-breadcrumbs-content":"","ast-featured-img":"","footer-sml-layout":"disabled","ast-disable-related-posts":"","theme-transparent-header-meta":"enabled","adv-header-id-meta":"","stick-header-meta":"","header-above-stick-meta":"","header-main-stick-meta":"","header-below-stick-meta":"","astra-migrate-meta-layouts":"default","ast-page-background-enabled":"default","ast-page-background-meta":{"desktop":{"background-color":"var(--ast-global-color-5)","background-image":"","background-repeat":"repeat","background-position":"center center","background-size":"auto","background-attachment":"scroll","background-type":"","background-media":"","overlay-type":"","overlay-color":"","overlay-opacity":"","overlay-gradient":""},"tablet":{"background-color":"","background-image":"","background-repeat":"repeat","background-position":"center center","background-size":"auto","background-attachment":"scroll","background-type":"","background-media":"","overlay-type":"","overlay-color":"","overlay-opacity":"","overlay-gradient":""},"mobile":{"background-color":"","background-image":"","background-repeat":"repeat","background-position":"center center","background-size":"auto","background-attachment":"scroll","background-type":"","background-media":"","overlay-type":"","overlay-color":"","overlay-opacity":"","overlay-gradient":""}},"ast-content-background-meta":{"desktop":{"background-color":"var(--ast-global-color-4)","background-image":"","background-repeat":"repeat","background-position":"center center","background-size":"auto","background-attachment":"scroll","background-type":"","background-media":"","overlay-type":"","overlay-color":"","overlay-opacity":"","overlay-gradient":""},"tablet":{"background-color":"var(--ast-global-color-4)","background-image":"","background-repeat":"repeat","background-position":"center center","background-size":"auto","background-attachment":"scroll","background-type":"","background-media":"","overlay-type":"","overlay-color":"","overlay-opacity":"","overlay-gradient":""},"mobile":{"background-color":"var(--ast-global-color-4)","background-image":"","background-repeat":"repeat","background-position":"center center","background-size":"auto","background-attachment":"scroll","background-type":"","background-media":"","overlay-type":"","overlay-color":"","overlay-opacity":"","overlay-gradient":""}},"footnotes":""},"class_list":["post-7763","page","type-page","status-publish","hentry"],"yoast_head":"<!-- This site is optimized with the Yoast SEO plugin v27.1.1 - https:\/\/yoast.com\/product\/yoast-seo-wordpress\/ -->\n<title>Vigneta digitala Slovacia - Inregistrare online - Valabil imediat<\/title>\n<meta name=\"description\" content=\"\u00cenregistra\u021bi-v\u0103 vigneta digital\u0103 Slovacia rapid \u0219i u\u0219or online. F\u0103r\u0103 lipire, f\u0103r\u0103 stres. Sigur \u0219i confortabil. Valabil imediat.\" \/>\n<meta name=\"robots\" content=\"index, follow, max-snippet:-1, max-image-preview:large, max-video-preview:-1\" \/>\n<link rel=\"canonical\" href=\"https:\/\/tollscout.eu\/ro\/shop\/vinieta\/slovacia\/\" \/>\n<meta property=\"og:locale\" content=\"ro_RO\" \/>\n<meta property=\"og:type\" content=\"article\" \/>\n<meta property=\"og:title\" content=\"Vigneta digitala Slovacia - Inregistrare online - Valabil imediat\" \/>\n<meta property=\"og:description\" content=\"\u00cenregistra\u021bi-v\u0103 vigneta digital\u0103 Slovacia rapid \u0219i u\u0219or online. F\u0103r\u0103 lipire, f\u0103r\u0103 stres. Sigur \u0219i confortabil. Valabil imediat.\" \/>\n<meta property=\"og:url\" content=\"https:\/\/tollscout.eu\/ro\/shop\/vinieta\/slovacia\/\" \/>\n<meta property=\"og:site_name\" content=\"Tollscout\u00ae\" \/>\n<meta property=\"article:publisher\" content=\"https:\/\/facebook.com\/tollscout\" \/>\n<meta property=\"article:modified_time\" content=\"2024-08-07T11:04:18+00:00\" \/>\n<meta property=\"og:image\" content=\"https:\/\/tollscout.eu\/wp-content\/uploads\/2023\/08\/logo_color_360x92px.png\" \/>\n\t<meta property=\"og:image:width\" content=\"360\" \/>\n\t<meta property=\"og:image:height\" content=\"92\" \/>\n\t<meta property=\"og:image:type\" content=\"image\/png\" \/>\n<meta name=\"twitter:card\" content=\"summary_large_image\" \/>\n<meta name=\"twitter:site\" content=\"@tollscout\" \/>\n<script type=\"application\/ld+json\" class=\"yoast-schema-graph\">{\"@context\":\"https:\/\/schema.org\",\"@graph\":[{\"@type\":\"WebPage\",\"@id\":\"https:\/\/tollscout.eu\/ro\/shop\/vinieta\/slovacia\/\",\"url\":\"https:\/\/tollscout.eu\/ro\/shop\/vinieta\/slovacia\/\",\"name\":\"Vigneta digitala Slovacia - Inregistrare online - Valabil imediat\",\"isPartOf\":{\"@id\":\"https:\/\/tollscout.eu\/ro\/#website\"},\"datePublished\":\"2024-07-29T10:58:00+00:00\",\"dateModified\":\"2024-08-07T11:04:18+00:00\",\"description\":\"\u00cenregistra\u021bi-v\u0103 vigneta digital\u0103 Slovacia rapid \u0219i u\u0219or online. F\u0103r\u0103 lipire, f\u0103r\u0103 stres. Sigur \u0219i confortabil. Valabil imediat.\",\"breadcrumb\":{\"@id\":\"https:\/\/tollscout.eu\/ro\/shop\/vinieta\/slovacia\/#breadcrumb\"},\"inLanguage\":\"ro-RO\",\"potentialAction\":[{\"@type\":\"ReadAction\",\"target\":[\"https:\/\/tollscout.eu\/ro\/shop\/vinieta\/slovacia\/\"]}]},{\"@type\":\"BreadcrumbList\",\"@id\":\"https:\/\/tollscout.eu\/ro\/shop\/vinieta\/slovacia\/#breadcrumb\",\"itemListElement\":[{\"@type\":\"ListItem\",\"position\":1,\"name\":\"Startseite\",\"item\":\"https:\/\/tollscout.eu\/ro\/\"},{\"@type\":\"ListItem\",\"position\":2,\"name\":\"Magazin\",\"item\":\"https:\/\/tollscout.eu\/ro\/shop\/\"},{\"@type\":\"ListItem\",\"position\":3,\"name\":\"Vinieta\",\"item\":\"https:\/\/tollscout.eu\/ro\/shop\/vinieta\/\"},{\"@type\":\"ListItem\",\"position\":4,\"name\":\"Vigneta Slovacia\"}]},{\"@type\":\"WebSite\",\"@id\":\"https:\/\/tollscout.eu\/ro\/#website\",\"url\":\"https:\/\/tollscout.eu\/ro\/\",\"name\":\"Tollscout\u00ae\",\"description\":\"\",\"publisher\":{\"@id\":\"https:\/\/tollscout.eu\/ro\/#organization\"},\"potentialAction\":[{\"@type\":\"SearchAction\",\"target\":{\"@type\":\"EntryPoint\",\"urlTemplate\":\"https:\/\/tollscout.eu\/ro\/?s={search_term_string}\"},\"query-input\":{\"@type\":\"PropertyValueSpecification\",\"valueRequired\":true,\"valueName\":\"search_term_string\"}}],\"inLanguage\":\"ro-RO\"},{\"@type\":\"Organization\",\"@id\":\"https:\/\/tollscout.eu\/ro\/#organization\",\"name\":\"TollScout\",\"alternateName\":\"TollScout\",\"url\":\"https:\/\/tollscout.eu\/ro\/\",\"logo\":{\"@type\":\"ImageObject\",\"inLanguage\":\"ro-RO\",\"@id\":\"https:\/\/tollscout.eu\/ro\/#\/schema\/logo\/image\/\",\"url\":\"https:\/\/tollscout.eu\/wp-content\/uploads\/2023\/11\/logo_social_media_1024.png\",\"contentUrl\":\"https:\/\/tollscout.eu\/wp-content\/uploads\/2023\/11\/logo_social_media_1024.png\",\"width\":1024,\"height\":1024,\"caption\":\"TollScout\"},\"image\":{\"@id\":\"https:\/\/tollscout.eu\/ro\/#\/schema\/logo\/image\/\"},\"sameAs\":[\"https:\/\/facebook.com\/tollscout\",\"https:\/\/x.com\/tollscout\",\"https:\/\/instagram.com\/tollscout\"]}]}<\/script>\n<!-- \/ Yoast SEO plugin. -->","yoast_head_json":{"title":"Vigneta digitala Slovacia - Inregistrare online - Valabil imediat","description":"\u00cenregistra\u021bi-v\u0103 vigneta digital\u0103 Slovacia rapid \u0219i u\u0219or online. F\u0103r\u0103 lipire, f\u0103r\u0103 stres. Sigur \u0219i confortabil. Valabil imediat.","robots":{"index":"index","follow":"follow","max-snippet":"max-snippet:-1","max-image-preview":"max-image-preview:large","max-video-preview":"max-video-preview:-1"},"canonical":"https:\/\/tollscout.eu\/ro\/shop\/vinieta\/slovacia\/","og_locale":"ro_RO","og_type":"article","og_title":"Vigneta digitala Slovacia - Inregistrare online - Valabil imediat","og_description":"\u00cenregistra\u021bi-v\u0103 vigneta digital\u0103 Slovacia rapid \u0219i u\u0219or online. F\u0103r\u0103 lipire, f\u0103r\u0103 stres. Sigur \u0219i confortabil. Valabil imediat.","og_url":"https:\/\/tollscout.eu\/ro\/shop\/vinieta\/slovacia\/","og_site_name":"Tollscout\u00ae","article_publisher":"https:\/\/facebook.com\/tollscout","article_modified_time":"2024-08-07T11:04:18+00:00","og_image":[{"width":360,"height":92,"url":"https:\/\/tollscout.eu\/wp-content\/uploads\/2023\/08\/logo_color_360x92px.png","type":"image\/png"}],"twitter_card":"summary_large_image","twitter_site":"@tollscout","schema":{"@context":"https:\/\/schema.org","@graph":[{"@type":"WebPage","@id":"https:\/\/tollscout.eu\/ro\/shop\/vinieta\/slovacia\/","url":"https:\/\/tollscout.eu\/ro\/shop\/vinieta\/slovacia\/","name":"Vigneta digitala Slovacia - Inregistrare online - Valabil imediat","isPartOf":{"@id":"https:\/\/tollscout.eu\/ro\/#website"},"datePublished":"2024-07-29T10:58:00+00:00","dateModified":"2024-08-07T11:04:18+00:00","description":"\u00cenregistra\u021bi-v\u0103 vigneta digital\u0103 Slovacia rapid \u0219i u\u0219or online. F\u0103r\u0103 lipire, f\u0103r\u0103 stres. Sigur \u0219i confortabil. Valabil imediat.","breadcrumb":{"@id":"https:\/\/tollscout.eu\/ro\/shop\/vinieta\/slovacia\/#breadcrumb"},"inLanguage":"ro-RO","potentialAction":[{"@type":"ReadAction","target":["https:\/\/tollscout.eu\/ro\/shop\/vinieta\/slovacia\/"]}]},{"@type":"BreadcrumbList","@id":"https:\/\/tollscout.eu\/ro\/shop\/vinieta\/slovacia\/#breadcrumb","itemListElement":[{"@type":"ListItem","position":1,"name":"Startseite","item":"https:\/\/tollscout.eu\/ro\/"},{"@type":"ListItem","position":2,"name":"Magazin","item":"https:\/\/tollscout.eu\/ro\/shop\/"},{"@type":"ListItem","position":3,"name":"Vinieta","item":"https:\/\/tollscout.eu\/ro\/shop\/vinieta\/"},{"@type":"ListItem","position":4,"name":"Vigneta Slovacia"}]},{"@type":"WebSite","@id":"https:\/\/tollscout.eu\/ro\/#website","url":"https:\/\/tollscout.eu\/ro\/","name":"Tollscout\u00ae","description":"","publisher":{"@id":"https:\/\/tollscout.eu\/ro\/#organization"},"potentialAction":[{"@type":"SearchAction","target":{"@type":"EntryPoint","urlTemplate":"https:\/\/tollscout.eu\/ro\/?s={search_term_string}"},"query-input":{"@type":"PropertyValueSpecification","valueRequired":true,"valueName":"search_term_string"}}],"inLanguage":"ro-RO"},{"@type":"Organization","@id":"https:\/\/tollscout.eu\/ro\/#organization","name":"TollScout","alternateName":"TollScout","url":"https:\/\/tollscout.eu\/ro\/","logo":{"@type":"ImageObject","inLanguage":"ro-RO","@id":"https:\/\/tollscout.eu\/ro\/#\/schema\/logo\/image\/","url":"https:\/\/tollscout.eu\/wp-content\/uploads\/2023\/11\/logo_social_media_1024.png","contentUrl":"https:\/\/tollscout.eu\/wp-content\/uploads\/2023\/11\/logo_social_media_1024.png","width":1024,"height":1024,"caption":"TollScout"},"image":{"@id":"https:\/\/tollscout.eu\/ro\/#\/schema\/logo\/image\/"},"sameAs":["https:\/\/facebook.com\/tollscout","https:\/\/x.com\/tollscout","https:\/\/instagram.com\/tollscout"]}]}},"uagb_featured_image_src":{"full":false,"thumbnail":false,"medium":false,"medium_large":false,"large":false,"1536x1536":false,"2048x2048":false,"gform-image-choice-sm":false,"gform-image-choice-md":false,"gform-image-choice-lg":false},"uagb_author_info":{"display_name":"Tollscout","author_link":"https:\/\/tollscout.eu\/ro\/author\/m-hemm\/"},"uagb_comment_info":0,"uagb_excerpt":"Vignete digitale pentru Slovacia","_links":{"self":[{"href":"https:\/\/tollscout.eu\/ro\/wp-json\/wp\/v2\/pages\/7763","targetHints":{"allow":["GET"]}}],"collection":[{"href":"https:\/\/tollscout.eu\/ro\/wp-json\/wp\/v2\/pages"}],"about":[{"href":"https:\/\/tollscout.eu\/ro\/wp-json\/wp\/v2\/types\/page"}],"author":[{"embeddable":true,"href":"https:\/\/tollscout.eu\/ro\/wp-json\/wp\/v2\/users\/2"}],"replies":[{"embeddable":true,"href":"https:\/\/tollscout.eu\/ro\/wp-json\/wp\/v2\/comments?post=7763"}],"version-history":[{"count":4,"href":"https:\/\/tollscout.eu\/ro\/wp-json\/wp\/v2\/pages\/7763\/revisions"}],"predecessor-version":[{"id":9600,"href":"https:\/\/tollscout.eu\/ro\/wp-json\/wp\/v2\/pages\/7763\/revisions\/9600"}],"up":[{"embeddable":true,"href":"https:\/\/tollscout.eu\/ro\/wp-json\/wp\/v2\/pages\/6616"}],"wp:attachment":[{"href":"https:\/\/tollscout.eu\/ro\/wp-json\/wp\/v2\/media?parent=7763"}],"curies":[{"name":"wp","href":"https:\/\/api.w.org\/{rel}","templated":true}]}}