{"id":6634,"date":"2023-08-24T17:48:25","date_gmt":"2023-08-24T15:48:25","guid":{"rendered":"https:\/\/tollscout.eu\/taxa-de-trecere-a-tunelului-tauern-austria\/"},"modified":"2024-08-01T01:46:27","modified_gmt":"2024-07-31T23:46:27","slug":"taxa-de-trecere-a-tunelului-tauern-austria","status":"publish","type":"page","link":"https:\/\/tollscout.eu\/ro\/taxa-de-trecere-a-tunelului-tauern-austria\/","title":{"rendered":"Taxa de trecere a tunelului Tauern Austria"},"content":{"rendered":"\n<div class=\"wp-block-uagb-container uagb-block-c1e2fce7 alignfull uagb-is-root-container\"><div class=\"uagb-container-inner-blocks-wrap\">\n<div class=\"wp-block-uagb-advanced-heading uagb-block-c767fabd\"><h1 class=\"uagb-heading-text\">Taxa de trecere a tunelului Tauern Austria<\/h1><\/div>\n<\/div><\/div>\n\n<div class=\"wp-block-uagb-container uagb-block-f0fe747c alignfull uagb-is-root-container\"><div class=\"uagb-container-inner-blocks-wrap\">\n<div id=\"app\" data-context=\"at\"><\/div>\n<\/div><\/div>\n\n<div class=\"wp-block-uagb-container uagb-block-f356067b alignfull uagb-is-root-container\"><div class=\"uagb-container-inner-blocks-wrap\">\n<div class=\"wp-block-uagb-advanced-heading uagb-block-e02782db\"><h2 class=\"uagb-heading-text\">Taxa de trecere a tunelului Tauern Austria<\/h2><p class=\"uagb-desc-text\">Tunelul Tauern este un tunel rutier lung de 6.546 de metri pe autostrada Tauern A 10. \u00cempreun\u0103 cu tunelul Katschberg, formeaz\u0103 o parte crucial\u0103 a conexiunii dintre Villach \u0219i Salzburg. Trecerea dintre tunelurile Katschberg \u0219i Tauern, inclusiv c\u0103l\u0103toria prin ambele tuneluri, este clasificat\u0103 ca rut\u0103 special\u0103 cu tax\u0103 \u0219i necesit\u0103 o tax\u0103 de 13,50 euro. Aceast\u0103 rut\u0103, ca toate celelalte rute speciale cu tax\u0103 din Austria, este scutit\u0103 de obliga\u021bia de vignet\u0103.   <\/p><\/div>\n<\/div><\/div>\n\n<div class=\"wp-block-uagb-container uagb-block-7efd3c31 alignfull uagb-is-root-container\"><div class=\"uagb-container-inner-blocks-wrap\">\n<div class=\"wp-block-uagb-advanced-heading uagb-block-4602874c\"><h2 class=\"uagb-heading-text\">\u00ceNTREB\u0102RI FRECVENTE<\/h2><p class=\"uagb-desc-text\">Aici v\u0103 r\u0103spundem la toate \u00eentreb\u0103rile despre taxa de trecere a tunelului Tauern Austria<\/p><\/div>\n\n\n<div class=\"wp-block-uagb-faq uagb-faq__outer-wrap uagb-block-4fe496d4 uagb-faq-icon-row-reverse uagb-faq-layout-accordion uagb-faq-expand-first-false uagb-faq-inactive-other-true uagb-faq__wrap uagb-buttons-layout-wrap uagb-faq-equal-height     \" data-faqtoggle=\"true\" role=\"tablist\"><div class=\"wp-block-uagb-faq-child uagb-faq-child__outer-wrap uagb-faq-item uagb-block-1a70522e wp-block-uagb-faq-child uagb-faq-child__outer-wrap uagb-faq-item uagb-block-1a70522e\" role=\"tab\" tabindex=\"0\"><div class=\"uagb-faq-questions-button uagb-faq-questions\">\t\t\t<span class=\"uagb-icon uagb-faq-icon-wrap\">\n\t\t\t\t\t\t\t<\/span>\n\t\t\t\t\t\t<span class=\"uagb-icon-active uagb-faq-icon-wrap\">\n\t\t\t\t\t\t\t\t<svg xmlns=\"https:\/\/www.w3.org\/2000\/svg\" viewBox= \"0 0 320 512\"><path d=\"M9.39 265.4l127.1-128C143.6 131.1 151.8 128 160 128s16.38 3.125 22.63 9.375l127.1 128c9.156 9.156 11.9 22.91 6.943 34.88S300.9 320 287.1 320H32.01c-12.94 0-24.62-7.781-29.58-19.75S.2333 274.5 9.39 265.4z\"><\/path><\/svg>\n\t\t\t\t\t\t\t<\/span>\n\t\t\t<h3 class=\"uagb-question\"><strong>C\u00e2nd a fost deschis pentru trafic tunelul Tauern?<\/strong><\/h3><\/div><div class=\"uagb-faq-content\"><p>Ini\u021bial, tunelul Tauern, ca \u0219i <a href=\"https:\/\/tollscout.eu\/ro\/taxa-de-trecere-a-tunelului-katschberg-austria\/\">tunelul Katschberg<\/a>, a fost proiectat ca un tunel de autostrad\u0103 cu dou\u0103 tuburi. Cu toate acestea, din motive financiare \u0219i din cauza volumelor de trafic mai mici dec\u00e2t se a\u0219teptau, doar unul dintre cele dou\u0103 tuburi a fost finalizat \u00een 1975, cu o lungime de 6.401 metri. Planurile pentru cel de-al doilea tub au fost abandonate temporar \u00een 1988.<\/p><\/div><\/div><div class=\"wp-block-uagb-faq-child uagb-faq-child__outer-wrap uagb-faq-item uagb-block-bd4b64b2 \" role=\"tab\" tabindex=\"0\"><div class=\"uagb-faq-questions-button uagb-faq-questions\">\t\t\t<span class=\"uagb-icon uagb-faq-icon-wrap\">\n\t\t\t\t\t\t\t<\/span>\n\t\t\t\t\t\t<span class=\"uagb-icon-active uagb-faq-icon-wrap\">\n\t\t\t\t\t\t\t\t<svg xmlns=\"https:\/\/www.w3.org\/2000\/svg\" viewBox= \"0 0 320 512\"><path d=\"M9.39 265.4l127.1-128C143.6 131.1 151.8 128 160 128s16.38 3.125 22.63 9.375l127.1 128c9.156 9.156 11.9 22.91 6.943 34.88S300.9 320 287.1 320H32.01c-12.94 0-24.62-7.781-29.58-19.75S.2333 274.5 9.39 265.4z\"><\/path><\/svg>\n\t\t\t\t\t\t\t<\/span>\n\t\t\t<h3 class=\"uagb-question\"><strong>C\u00e2t de lung este tunelul Tauern (autostrada A10 Tauern)?<\/strong><\/h3><\/div><div class=\"uagb-faq-content\"><p>Primul tub al tunelului Tauern a fost finalizat \u00een 1975 \u0219i are 6.401 metri lungime. Al doilea tub, care a fost finalizat \u00een 2010, are 6.546 de metri lungime.  <\/p><\/div><\/div><div class=\"wp-block-uagb-faq-child uagb-faq-child__outer-wrap uagb-faq-item uagb-block-49ae175a \" role=\"tab\" tabindex=\"0\"><div class=\"uagb-faq-questions-button uagb-faq-questions\">\t\t\t<span class=\"uagb-icon uagb-faq-icon-wrap\">\n\t\t\t\t\t\t\t<\/span>\n\t\t\t\t\t\t<span class=\"uagb-icon-active uagb-faq-icon-wrap\">\n\t\t\t\t\t\t\t\t<svg xmlns=\"https:\/\/www.w3.org\/2000\/svg\" viewBox= \"0 0 320 512\"><path d=\"M9.39 265.4l127.1-128C143.6 131.1 151.8 128 160 128s16.38 3.125 22.63 9.375l127.1 128c9.156 9.156 11.9 22.91 6.943 34.88S300.9 320 287.1 320H32.01c-12.94 0-24.62-7.781-29.58-19.75S.2333 274.5 9.39 265.4z\"><\/path><\/svg>\n\t\t\t\t\t\t\t<\/span>\n\t\t\t<h3 class=\"uagb-question\"><strong>De ce este tunelul Tauern exceptat de la cerin\u021ba vinietei?<\/strong><\/h3><\/div><div class=\"uagb-faq-content\"><p>Tunelul Tauern este o sec\u021biune a traseului care este scutit\u0103 de cerin\u021ba vignetei, dar este supus\u0103 unei taxe speciale. Taxa de drum pentru Tauernautobahn A10 poate fi achizi\u021bionat rapid \u0219i convenabil online prin intermediul magazinului nostru web. <\/p><\/div><\/div><div class=\"wp-block-uagb-faq-child uagb-faq-child__outer-wrap uagb-faq-item uagb-block-c7b6f203 \" role=\"tab\" tabindex=\"0\"><div class=\"uagb-faq-questions-button uagb-faq-questions\">\t\t\t<span class=\"uagb-icon uagb-faq-icon-wrap\">\n\t\t\t\t\t\t\t<\/span>\n\t\t\t\t\t\t<span class=\"uagb-icon-active uagb-faq-icon-wrap\">\n\t\t\t\t\t\t\t\t<svg xmlns=\"https:\/\/www.w3.org\/2000\/svg\" viewBox= \"0 0 320 512\"><path d=\"M9.39 265.4l127.1-128C143.6 131.1 151.8 128 160 128s16.38 3.125 22.63 9.375l127.1 128c9.156 9.156 11.9 22.91 6.943 34.88S300.9 320 287.1 320H32.01c-12.94 0-24.62-7.781-29.58-19.75S.2333 274.5 9.39 265.4z\"><\/path><\/svg>\n\t\t\t\t\t\t\t<\/span>\n\t\t\t<h3 class=\"uagb-question\"><strong>C\u00e2t cost\u0103 taxa de trecere a tunelului Tauern \u00een Austria?<\/strong><\/h3><\/div><div class=\"uagb-faq-content\"><p>Costul unei c\u0103l\u0103torii dus-\u00eentors prin tunelul Tauern este de 13,50 euro (\u00eencep\u00e2nd din 2023).<\/p><\/div><\/div><div class=\"wp-block-uagb-faq-child uagb-faq-child__outer-wrap uagb-faq-item uagb-block-66a7673f \" role=\"tab\" tabindex=\"0\"><div class=\"uagb-faq-questions-button uagb-faq-questions\">\t\t\t<span class=\"uagb-icon uagb-faq-icon-wrap\">\n\t\t\t\t\t\t\t<\/span>\n\t\t\t\t\t\t<span class=\"uagb-icon-active uagb-faq-icon-wrap\">\n\t\t\t\t\t\t\t\t<svg xmlns=\"https:\/\/www.w3.org\/2000\/svg\" viewBox= \"0 0 320 512\"><path d=\"M9.39 265.4l127.1-128C143.6 131.1 151.8 128 160 128s16.38 3.125 22.63 9.375l127.1 128c9.156 9.156 11.9 22.91 6.943 34.88S300.9 320 287.1 320H32.01c-12.94 0-24.62-7.781-29.58-19.75S.2333 274.5 9.39 265.4z\"><\/path><\/svg>\n\t\t\t\t\t\t\t<\/span>\n\t\t\t<h3 class=\"uagb-question\"><strong>C\u00e2t dureaz\u0103 c\u0103l\u0103toria prin tunelul Tauern?<\/strong><\/h3><\/div><div class=\"uagb-faq-content\"><p>C\u0103l\u0103toria prin tunelul Tauern dureaz\u0103 aproximativ 12 minute.<\/p><\/div><\/div><div class=\"wp-block-uagb-faq-child uagb-faq-child__outer-wrap uagb-faq-item uagb-block-33295dba \" role=\"tab\" tabindex=\"0\"><div class=\"uagb-faq-questions-button uagb-faq-questions\">\t\t\t<span class=\"uagb-icon uagb-faq-icon-wrap\">\n\t\t\t\t\t\t\t<\/span>\n\t\t\t\t\t\t<span class=\"uagb-icon-active uagb-faq-icon-wrap\">\n\t\t\t\t\t\t\t\t<svg xmlns=\"https:\/\/www.w3.org\/2000\/svg\" viewBox= \"0 0 320 512\"><path d=\"M9.39 265.4l127.1-128C143.6 131.1 151.8 128 160 128s16.38 3.125 22.63 9.375l127.1 128c9.156 9.156 11.9 22.91 6.943 34.88S300.9 320 287.1 320H32.01c-12.94 0-24.62-7.781-29.58-19.75S.2333 274.5 9.39 265.4z\"><\/path><\/svg>\n\t\t\t\t\t\t\t<\/span>\n\t\t\t<h3 class=\"uagb-question\"><strong><strong>C\u00e2t de lat \u0219i de \u00eenalt este tunelul Tauern?<\/strong><\/strong><\/h3><\/div><div class=\"uagb-faq-content\"><p>L\u0103\u021bimea primului \u0219i celui de-al doilea tub este de 7,50 metri. \u00cen\u0103l\u021bimea<a href=\"https:\/\/de.wikipedia.org\/wiki\/Tauerntunnel_(Autobahn)\"> tunelului Tauern<\/a> este de 4,70 metri. <\/p><\/div><\/div><\/div><\/div><\/div>\n","protected":false},"excerpt":{"rendered":"<p>Taxa de trecere a tunelului Tauern Austria Taxa de trecere a tunelului Tauern Austria Tunelul Tauern este un tunel rutier [&hellip;]<\/p>\n","protected":false},"author":2,"featured_media":0,"parent":0,"menu_order":0,"comment_status":"closed","ping_status":"closed","template":"","meta":{"_uag_custom_page_level_css":"","site-sidebar-layout":"no-sidebar","site-content-layout":"","ast-site-content-layout":"normal-width-container","site-content-style":"unboxed","site-sidebar-style":"unboxed","ast-global-header-display":"","ast-banner-title-visibility":"","ast-main-header-display":"","ast-hfb-above-header-display":"","ast-hfb-below-header-display":"","ast-hfb-mobile-header-display":"","site-post-title":"disabled","ast-breadcrumbs-content":"","ast-featured-img":"","footer-sml-layout":"","ast-disable-related-posts":"","theme-transparent-header-meta":"enabled","adv-header-id-meta":"","stick-header-meta":"","header-above-stick-meta":"","header-main-stick-meta":"","header-below-stick-meta":"","astra-migrate-meta-layouts":"default","ast-page-background-enabled":"default","ast-page-background-meta":{"desktop":{"background-color":"var(--ast-global-color-5)","background-image":"","background-repeat":"repeat","background-position":"center center","background-size":"auto","background-attachment":"scroll","background-type":"","background-media":"","overlay-type":"","overlay-color":"","overlay-opacity":"","overlay-gradient":""},"tablet":{"background-color":"","background-image":"","background-repeat":"repeat","background-position":"center center","background-size":"auto","background-attachment":"scroll","background-type":"","background-media":"","overlay-type":"","overlay-color":"","overlay-opacity":"","overlay-gradient":""},"mobile":{"background-color":"","background-image":"","background-repeat":"repeat","background-position":"center center","background-size":"auto","background-attachment":"scroll","background-type":"","background-media":"","overlay-type":"","overlay-color":"","overlay-opacity":"","overlay-gradient":""}},"ast-content-background-meta":{"desktop":{"background-color":"var(--ast-global-color-4)","background-image":"","background-repeat":"repeat","background-position":"center center","background-size":"auto","background-attachment":"scroll","background-type":"","background-media":"","overlay-type":"","overlay-color":"","overlay-opacity":"","overlay-gradient":""},"tablet":{"background-color":"var(--ast-global-color-4)","background-image":"","background-repeat":"repeat","background-position":"center center","background-size":"auto","background-attachment":"scroll","background-type":"","background-media":"","overlay-type":"","overlay-color":"","overlay-opacity":"","overlay-gradient":""},"mobile":{"background-color":"var(--ast-global-color-4)","background-image":"","background-repeat":"repeat","background-position":"center center","background-size":"auto","background-attachment":"scroll","background-type":"","background-media":"","overlay-type":"","overlay-color":"","overlay-opacity":"","overlay-gradient":""}},"footnotes":""},"class_list":["post-6634","page","type-page","status-publish","hentry"],"yoast_head":"<!-- This site is optimized with the Yoast SEO plugin v27.1.1 - https:\/\/yoast.com\/product\/yoast-seo-wordpress\/ -->\n<title>Taxa de trecere a tunelului Tauern Austria - Cump\u0103ra\u021bi tax\u0103 de drum digital\u0103<\/title>\n<meta name=\"description\" content=\"Tauerntunnel taxa Austria. Cump\u0103ra\u021bi taxe digitale de rut\u0103 pentru Autobahn Tauern rapid \u0219i convenabil online, \u00een magazinul nostru web. Valabil imediat\" \/>\n<meta name=\"robots\" content=\"index, follow, max-snippet:-1, max-image-preview:large, max-video-preview:-1\" \/>\n<link rel=\"canonical\" href=\"https:\/\/tollscout.eu\/ro\/taxa-de-trecere-a-tunelului-tauern-austria\/\" \/>\n<meta property=\"og:locale\" content=\"ro_RO\" \/>\n<meta property=\"og:type\" content=\"article\" \/>\n<meta property=\"og:title\" content=\"Taxa de trecere a tunelului Tauern Austria - Cump\u0103ra\u021bi tax\u0103 de drum digital\u0103\" \/>\n<meta property=\"og:description\" content=\"Tauerntunnel taxa Austria. Cump\u0103ra\u021bi taxe digitale de rut\u0103 pentru Autobahn Tauern rapid \u0219i convenabil online, \u00een magazinul nostru web. Valabil imediat\" \/>\n<meta property=\"og:url\" content=\"https:\/\/tollscout.eu\/ro\/taxa-de-trecere-a-tunelului-tauern-austria\/\" \/>\n<meta property=\"og:site_name\" content=\"Tollscout\u00ae\" \/>\n<meta property=\"article:publisher\" content=\"https:\/\/facebook.com\/tollscout\" \/>\n<meta property=\"article:modified_time\" content=\"2024-07-31T23:46:27+00:00\" \/>\n<meta property=\"og:image\" content=\"https:\/\/tollscout.eu\/wp-content\/uploads\/2023\/08\/logo_color_360x92px.png\" \/>\n\t<meta property=\"og:image:width\" content=\"360\" \/>\n\t<meta property=\"og:image:height\" content=\"92\" \/>\n\t<meta property=\"og:image:type\" content=\"image\/png\" \/>\n<meta name=\"twitter:card\" content=\"summary_large_image\" \/>\n<meta name=\"twitter:site\" content=\"@tollscout\" \/>\n<meta name=\"twitter:label1\" content=\"Timp estimat pentru citire\" \/>\n\t<meta name=\"twitter:data1\" content=\"1 minut\" \/>\n<script type=\"application\/ld+json\" class=\"yoast-schema-graph\">{\"@context\":\"https:\/\/schema.org\",\"@graph\":[{\"@type\":\"WebPage\",\"@id\":\"https:\/\/tollscout.eu\/ro\/taxa-de-trecere-a-tunelului-tauern-austria\/\",\"url\":\"https:\/\/tollscout.eu\/ro\/taxa-de-trecere-a-tunelului-tauern-austria\/\",\"name\":\"Taxa de trecere a tunelului Tauern Austria - Cump\u0103ra\u021bi tax\u0103 de drum digital\u0103\",\"isPartOf\":{\"@id\":\"https:\/\/tollscout.eu\/ro\/#website\"},\"datePublished\":\"2023-08-24T15:48:25+00:00\",\"dateModified\":\"2024-07-31T23:46:27+00:00\",\"description\":\"Tauerntunnel taxa Austria. Cump\u0103ra\u021bi taxe digitale de rut\u0103 pentru Autobahn Tauern rapid \u0219i convenabil online, \u00een magazinul nostru web. Valabil imediat\",\"breadcrumb\":{\"@id\":\"https:\/\/tollscout.eu\/ro\/taxa-de-trecere-a-tunelului-tauern-austria\/#breadcrumb\"},\"inLanguage\":\"ro-RO\",\"potentialAction\":[{\"@type\":\"ReadAction\",\"target\":[\"https:\/\/tollscout.eu\/ro\/taxa-de-trecere-a-tunelului-tauern-austria\/\"]}]},{\"@type\":\"BreadcrumbList\",\"@id\":\"https:\/\/tollscout.eu\/ro\/taxa-de-trecere-a-tunelului-tauern-austria\/#breadcrumb\",\"itemListElement\":[{\"@type\":\"ListItem\",\"position\":1,\"name\":\"Startseite\",\"item\":\"https:\/\/tollscout.eu\/ro\/\"},{\"@type\":\"ListItem\",\"position\":2,\"name\":\"Taxa de trecere a tunelului Tauern Austria\"}]},{\"@type\":\"WebSite\",\"@id\":\"https:\/\/tollscout.eu\/ro\/#website\",\"url\":\"https:\/\/tollscout.eu\/ro\/\",\"name\":\"Tollscout\u00ae\",\"description\":\"\",\"publisher\":{\"@id\":\"https:\/\/tollscout.eu\/ro\/#organization\"},\"potentialAction\":[{\"@type\":\"SearchAction\",\"target\":{\"@type\":\"EntryPoint\",\"urlTemplate\":\"https:\/\/tollscout.eu\/ro\/?s={search_term_string}\"},\"query-input\":{\"@type\":\"PropertyValueSpecification\",\"valueRequired\":true,\"valueName\":\"search_term_string\"}}],\"inLanguage\":\"ro-RO\"},{\"@type\":\"Organization\",\"@id\":\"https:\/\/tollscout.eu\/ro\/#organization\",\"name\":\"TollScout\",\"alternateName\":\"TollScout\",\"url\":\"https:\/\/tollscout.eu\/ro\/\",\"logo\":{\"@type\":\"ImageObject\",\"inLanguage\":\"ro-RO\",\"@id\":\"https:\/\/tollscout.eu\/ro\/#\/schema\/logo\/image\/\",\"url\":\"https:\/\/tollscout.eu\/wp-content\/uploads\/2023\/11\/logo_social_media_1024.png\",\"contentUrl\":\"https:\/\/tollscout.eu\/wp-content\/uploads\/2023\/11\/logo_social_media_1024.png\",\"width\":1024,\"height\":1024,\"caption\":\"TollScout\"},\"image\":{\"@id\":\"https:\/\/tollscout.eu\/ro\/#\/schema\/logo\/image\/\"},\"sameAs\":[\"https:\/\/facebook.com\/tollscout\",\"https:\/\/x.com\/tollscout\",\"https:\/\/instagram.com\/tollscout\"]}]}<\/script>\n<!-- \/ Yoast SEO plugin. -->","yoast_head_json":{"title":"Taxa de trecere a tunelului Tauern Austria - Cump\u0103ra\u021bi tax\u0103 de drum digital\u0103","description":"Tauerntunnel taxa Austria. Cump\u0103ra\u021bi taxe digitale de rut\u0103 pentru Autobahn Tauern rapid \u0219i convenabil online, \u00een magazinul nostru web. Valabil imediat","robots":{"index":"index","follow":"follow","max-snippet":"max-snippet:-1","max-image-preview":"max-image-preview:large","max-video-preview":"max-video-preview:-1"},"canonical":"https:\/\/tollscout.eu\/ro\/taxa-de-trecere-a-tunelului-tauern-austria\/","og_locale":"ro_RO","og_type":"article","og_title":"Taxa de trecere a tunelului Tauern Austria - Cump\u0103ra\u021bi tax\u0103 de drum digital\u0103","og_description":"Tauerntunnel taxa Austria. Cump\u0103ra\u021bi taxe digitale de rut\u0103 pentru Autobahn Tauern rapid \u0219i convenabil online, \u00een magazinul nostru web. Valabil imediat","og_url":"https:\/\/tollscout.eu\/ro\/taxa-de-trecere-a-tunelului-tauern-austria\/","og_site_name":"Tollscout\u00ae","article_publisher":"https:\/\/facebook.com\/tollscout","article_modified_time":"2024-07-31T23:46:27+00:00","og_image":[{"width":360,"height":92,"url":"https:\/\/tollscout.eu\/wp-content\/uploads\/2023\/08\/logo_color_360x92px.png","type":"image\/png"}],"twitter_card":"summary_large_image","twitter_site":"@tollscout","twitter_misc":{"Timp estimat pentru citire":"1 minut"},"schema":{"@context":"https:\/\/schema.org","@graph":[{"@type":"WebPage","@id":"https:\/\/tollscout.eu\/ro\/taxa-de-trecere-a-tunelului-tauern-austria\/","url":"https:\/\/tollscout.eu\/ro\/taxa-de-trecere-a-tunelului-tauern-austria\/","name":"Taxa de trecere a tunelului Tauern Austria - Cump\u0103ra\u021bi tax\u0103 de drum digital\u0103","isPartOf":{"@id":"https:\/\/tollscout.eu\/ro\/#website"},"datePublished":"2023-08-24T15:48:25+00:00","dateModified":"2024-07-31T23:46:27+00:00","description":"Tauerntunnel taxa Austria. Cump\u0103ra\u021bi taxe digitale de rut\u0103 pentru Autobahn Tauern rapid \u0219i convenabil online, \u00een magazinul nostru web. Valabil imediat","breadcrumb":{"@id":"https:\/\/tollscout.eu\/ro\/taxa-de-trecere-a-tunelului-tauern-austria\/#breadcrumb"},"inLanguage":"ro-RO","potentialAction":[{"@type":"ReadAction","target":["https:\/\/tollscout.eu\/ro\/taxa-de-trecere-a-tunelului-tauern-austria\/"]}]},{"@type":"BreadcrumbList","@id":"https:\/\/tollscout.eu\/ro\/taxa-de-trecere-a-tunelului-tauern-austria\/#breadcrumb","itemListElement":[{"@type":"ListItem","position":1,"name":"Startseite","item":"https:\/\/tollscout.eu\/ro\/"},{"@type":"ListItem","position":2,"name":"Taxa de trecere a tunelului Tauern Austria"}]},{"@type":"WebSite","@id":"https:\/\/tollscout.eu\/ro\/#website","url":"https:\/\/tollscout.eu\/ro\/","name":"Tollscout\u00ae","description":"","publisher":{"@id":"https:\/\/tollscout.eu\/ro\/#organization"},"potentialAction":[{"@type":"SearchAction","target":{"@type":"EntryPoint","urlTemplate":"https:\/\/tollscout.eu\/ro\/?s={search_term_string}"},"query-input":{"@type":"PropertyValueSpecification","valueRequired":true,"valueName":"search_term_string"}}],"inLanguage":"ro-RO"},{"@type":"Organization","@id":"https:\/\/tollscout.eu\/ro\/#organization","name":"TollScout","alternateName":"TollScout","url":"https:\/\/tollscout.eu\/ro\/","logo":{"@type":"ImageObject","inLanguage":"ro-RO","@id":"https:\/\/tollscout.eu\/ro\/#\/schema\/logo\/image\/","url":"https:\/\/tollscout.eu\/wp-content\/uploads\/2023\/11\/logo_social_media_1024.png","contentUrl":"https:\/\/tollscout.eu\/wp-content\/uploads\/2023\/11\/logo_social_media_1024.png","width":1024,"height":1024,"caption":"TollScout"},"image":{"@id":"https:\/\/tollscout.eu\/ro\/#\/schema\/logo\/image\/"},"sameAs":["https:\/\/facebook.com\/tollscout","https:\/\/x.com\/tollscout","https:\/\/instagram.com\/tollscout"]}]}},"uagb_featured_image_src":{"full":false,"thumbnail":false,"medium":false,"medium_large":false,"large":false,"1536x1536":false,"2048x2048":false,"gform-image-choice-sm":false,"gform-image-choice-md":false,"gform-image-choice-lg":false},"uagb_author_info":{"display_name":"Tollscout","author_link":"https:\/\/tollscout.eu\/ro\/author\/m-hemm\/"},"uagb_comment_info":0,"uagb_excerpt":"Taxa de trecere a tunelului Tauern Austria Taxa de trecere a tunelului Tauern Austria Tunelul Tauern este un tunel rutier [&hellip;]","_links":{"self":[{"href":"https:\/\/tollscout.eu\/ro\/wp-json\/wp\/v2\/pages\/6634","targetHints":{"allow":["GET"]}}],"collection":[{"href":"https:\/\/tollscout.eu\/ro\/wp-json\/wp\/v2\/pages"}],"about":[{"href":"https:\/\/tollscout.eu\/ro\/wp-json\/wp\/v2\/types\/page"}],"author":[{"embeddable":true,"href":"https:\/\/tollscout.eu\/ro\/wp-json\/wp\/v2\/users\/2"}],"replies":[{"embeddable":true,"href":"https:\/\/tollscout.eu\/ro\/wp-json\/wp\/v2\/comments?post=6634"}],"version-history":[{"count":6,"href":"https:\/\/tollscout.eu\/ro\/wp-json\/wp\/v2\/pages\/6634\/revisions"}],"predecessor-version":[{"id":9064,"href":"https:\/\/tollscout.eu\/ro\/wp-json\/wp\/v2\/pages\/6634\/revisions\/9064"}],"wp:attachment":[{"href":"https:\/\/tollscout.eu\/ro\/wp-json\/wp\/v2\/media?parent=6634"}],"curies":[{"name":"wp","href":"https:\/\/api.w.org\/{rel}","templated":true}]}}