{"id":6604,"date":"2023-08-25T11:52:28","date_gmt":"2023-08-25T09:52:28","guid":{"rendered":"https:\/\/tollscout.eu\/taxa-de-trecere-a-tunelului-katschberg-austria\/"},"modified":"2024-08-01T01:50:15","modified_gmt":"2024-07-31T23:50:15","slug":"taxa-de-trecere-a-tunelului-katschberg-austria","status":"publish","type":"page","link":"https:\/\/tollscout.eu\/ro\/taxa-de-trecere-a-tunelului-katschberg-austria\/","title":{"rendered":"Taxa de trecere a tunelului Katschberg Austria"},"content":{"rendered":"\n<div class=\"wp-block-uagb-container uagb-block-c1e2fce7 alignfull uagb-is-root-container\"><div class=\"uagb-container-inner-blocks-wrap\">\n<div class=\"wp-block-uagb-advanced-heading uagb-block-c767fabd\"><h1 class=\"uagb-heading-text\">Taxa de trecere a tunelului Katschberg Austria<\/h1><\/div>\n<\/div><\/div>\n\n<div class=\"wp-block-uagb-container uagb-block-7d404a70 alignfull uagb-is-root-container\"><div class=\"uagb-container-inner-blocks-wrap\">\n<div id=\"app\" data-context=\"at\"><\/div>\n<\/div><\/div>\n\n<div class=\"wp-block-uagb-container uagb-block-f356067b alignfull uagb-is-root-container\"><div class=\"uagb-container-inner-blocks-wrap\">\n<div class=\"wp-block-uagb-advanced-heading uagb-block-32bca494\"><h2 class=\"uagb-heading-text\">Taxa de trecere a tunelului Katschberg Austria (Autostrada A 10 Tauern)<\/h2><\/div>\n\n\n\n<p class=\"has-text-align-center\">Tunelul Katschberg se \u00eentinde pe o lungime de 5.898 de metri \u0219i face parte din Autobahn Tauern (A 10). De asemenea, func\u021bioneaz\u0103 ca un tunel de frontier\u0103 \u00eentre statele federale austriece Carintia \u0219i Salzburg. Acest tunel joac\u0103 un rol crucial \u00een conectarea Katschtal din Carintia prin Katschberg cu Lungau din Salzburg. Prin urmare, este de mare importan\u021b\u0103 pentru ruta de circula\u021bie de la Villach la Salzburg. Sec\u021biunile dintre tunelul Katschberg \u0219i <a href=\"https:\/\/tollscout.eu\/ro\/taxa-de-trecere-a-tunelului-tauern-austria\/\">tunelul Tauern<\/a>, inclusiv trecerea prin ambele tuneluri, sunt clasificate ca a\u0219a-numite rute speciale de taxare. Aceasta \u00eenseamn\u0103 c\u0103 sunt scuti\u021bi de obliga\u021bia de vignet\u0103, la fel ca toate celelalte rute speciale de taxare din Austria.      <\/p>\n<\/div><\/div>\n\n<div class=\"wp-block-uagb-container uagb-block-7efd3c31 alignfull uagb-is-root-container\"><div class=\"uagb-container-inner-blocks-wrap\">\n<div class=\"wp-block-uagb-advanced-heading uagb-block-4602874c\"><h2 class=\"uagb-heading-text\">\u00ceNTREB\u0102RI FRECVENTE<\/h2><p class=\"uagb-desc-text\">Aici v\u0103 r\u0103spundem la toate \u00eentreb\u0103rile despre taxa de trecere a tunelului Katschberg din Austria.<\/p><\/div>\n\n\n<div class=\"wp-block-uagb-faq uagb-faq__outer-wrap uagb-block-4fe496d4 uagb-faq-icon-row-reverse uagb-faq-layout-accordion uagb-faq-expand-first-false uagb-faq-inactive-other-true uagb-faq__wrap uagb-buttons-layout-wrap uagb-faq-equal-height     \" data-faqtoggle=\"true\" role=\"tablist\"><div class=\"wp-block-uagb-faq-child uagb-faq-child__outer-wrap uagb-faq-item uagb-block-1a70522e \" role=\"tab\" tabindex=\"0\"><div class=\"uagb-faq-questions-button uagb-faq-questions\">\t\t\t<span class=\"uagb-icon uagb-faq-icon-wrap\">\n\t\t\t\t\t\t\t<\/span>\n\t\t\t\t\t\t<span class=\"uagb-icon-active uagb-faq-icon-wrap\">\n\t\t\t\t\t\t\t\t<svg xmlns=\"https:\/\/www.w3.org\/2000\/svg\" viewBox= \"0 0 320 512\"><path d=\"M9.39 265.4l127.1-128C143.6 131.1 151.8 128 160 128s16.38 3.125 22.63 9.375l127.1 128c9.156 9.156 11.9 22.91 6.943 34.88S300.9 320 287.1 320H32.01c-12.94 0-24.62-7.781-29.58-19.75S.2333 274.5 9.39 265.4z\"><\/path><\/svg>\n\t\t\t\t\t\t\t<\/span>\n\t\t\t<h3 class=\"uagb-question\">C\u00e2nd a fost deschis pentru trafic tunelul Katschberg?<\/h3><\/div><div class=\"uagb-faq-content\"><p>Primul tub al tunelului Katschberg a fost deschis traficului pe 21 decembrie 1974. Tunelul Katschberg a fost planificat de la \u00eenceput ca un tunel cu dou\u0103 tuburi. Cu toate acestea, \u00een 1988 planurile pentru al doilea tub au fost oprite din motive de cost \u0219i din cauza volumului mai mic de trafic. Construc\u021bia a fost reluat\u0103 p\u00e2n\u0103 \u00een 2004 \u0219i a fost deschis\u0103 circula\u021biei \u00een aprilie 2009.    <\/p><\/div><\/div><div class=\"wp-block-uagb-faq-child uagb-faq-child__outer-wrap uagb-faq-item uagb-block-bd4b64b2 \" role=\"tab\" tabindex=\"0\"><div class=\"uagb-faq-questions-button uagb-faq-questions\">\t\t\t<span class=\"uagb-icon uagb-faq-icon-wrap\">\n\t\t\t\t\t\t\t<\/span>\n\t\t\t\t\t\t<span class=\"uagb-icon-active uagb-faq-icon-wrap\">\n\t\t\t\t\t\t\t\t<svg xmlns=\"https:\/\/www.w3.org\/2000\/svg\" viewBox= \"0 0 320 512\"><path d=\"M9.39 265.4l127.1-128C143.6 131.1 151.8 128 160 128s16.38 3.125 22.63 9.375l127.1 128c9.156 9.156 11.9 22.91 6.943 34.88S300.9 320 287.1 320H32.01c-12.94 0-24.62-7.781-29.58-19.75S.2333 274.5 9.39 265.4z\"><\/path><\/svg>\n\t\t\t\t\t\t\t<\/span>\n\t\t\t<h3 class=\"uagb-question\">C\u00e2t de lung este tunelul Katschberg (autostrada A10 Tauern)?<\/h3><\/div><div class=\"uagb-faq-content\"><p>Primul tub (tubul vestic) al tunelului Katschberg are o lungime de 5898 de metri \u0219i leag\u0103 Valea Katsch din Carintia prin <a href=\"https:\/\/de.wikipedia.org\/wiki\/Katschberg\">Katschberg<\/a> de Salzburg Lungau. Cel de-al doilea tub (tubul de est) al tunelului Katschberg are o lungime de 5565 de metri. Tunelul Katschberg \u0219i tunelul Tauern sunt sec\u021biuni ale autostr\u0103zii Tauern (A10) care sunt scutite de obliga\u021bia de a utiliza vinieta, dar care sunt supuse unei taxe de trecere speciale.<\/p><\/div><\/div><div class=\"wp-block-uagb-faq-child uagb-faq-child__outer-wrap uagb-faq-item uagb-block-49ae175a \" role=\"tab\" tabindex=\"0\"><div class=\"uagb-faq-questions-button uagb-faq-questions\">\t\t\t<span class=\"uagb-icon uagb-faq-icon-wrap\">\n\t\t\t\t\t\t\t<\/span>\n\t\t\t\t\t\t<span class=\"uagb-icon-active uagb-faq-icon-wrap\">\n\t\t\t\t\t\t\t\t<svg xmlns=\"https:\/\/www.w3.org\/2000\/svg\" viewBox= \"0 0 320 512\"><path d=\"M9.39 265.4l127.1-128C143.6 131.1 151.8 128 160 128s16.38 3.125 22.63 9.375l127.1 128c9.156 9.156 11.9 22.91 6.943 34.88S300.9 320 287.1 320H32.01c-12.94 0-24.62-7.781-29.58-19.75S.2333 274.5 9.39 265.4z\"><\/path><\/svg>\n\t\t\t\t\t\t\t<\/span>\n\t\t\t<h3 class=\"uagb-question\">De ce este tunelul Katschberg exceptat de la cerin\u021ba privind vinieta? <\/h3><\/div><div class=\"uagb-faq-content\"><p>Tunelul Katschberg este o sec\u021biune a traseului care este scutit\u0103 de cerin\u021ba vignetei, dar este supus\u0103 unei taxe speciale. Taxa de drum pentru Tauernautobahn A10 poate fi achizi\u021bionat rapid \u0219i convenabil online, prin intermediul magazinului nostru online. <\/p><\/div><\/div><div class=\"wp-block-uagb-faq-child uagb-faq-child__outer-wrap uagb-faq-item uagb-block-c7b6f203 \" role=\"tab\" tabindex=\"0\"><div class=\"uagb-faq-questions-button uagb-faq-questions\">\t\t\t<span class=\"uagb-icon uagb-faq-icon-wrap\">\n\t\t\t\t\t\t\t<\/span>\n\t\t\t\t\t\t<span class=\"uagb-icon-active uagb-faq-icon-wrap\">\n\t\t\t\t\t\t\t\t<svg xmlns=\"https:\/\/www.w3.org\/2000\/svg\" viewBox= \"0 0 320 512\"><path d=\"M9.39 265.4l127.1-128C143.6 131.1 151.8 128 160 128s16.38 3.125 22.63 9.375l127.1 128c9.156 9.156 11.9 22.91 6.943 34.88S300.9 320 287.1 320H32.01c-12.94 0-24.62-7.781-29.58-19.75S.2333 274.5 9.39 265.4z\"><\/path><\/svg>\n\t\t\t\t\t\t\t<\/span>\n\t\t\t<h3 class=\"uagb-question\">C\u00e2t cost\u0103 taxa de trecere a tunelului Katschberg \u00een Austria? <\/h3><\/div><div class=\"uagb-faq-content\"><p>Costul unei singure c\u0103l\u0103torii prin tunelul Katschberg este de 13,50 euro (\u00eencep\u00e2nd din 2023).<\/p><\/div><\/div><div class=\"wp-block-uagb-faq-child uagb-faq-child__outer-wrap uagb-faq-item uagb-block-66a7673f \" role=\"tab\" tabindex=\"0\"><div class=\"uagb-faq-questions-button uagb-faq-questions\">\t\t\t<span class=\"uagb-icon uagb-faq-icon-wrap\">\n\t\t\t\t\t\t\t<\/span>\n\t\t\t\t\t\t<span class=\"uagb-icon-active uagb-faq-icon-wrap\">\n\t\t\t\t\t\t\t\t<svg xmlns=\"https:\/\/www.w3.org\/2000\/svg\" viewBox= \"0 0 320 512\"><path d=\"M9.39 265.4l127.1-128C143.6 131.1 151.8 128 160 128s16.38 3.125 22.63 9.375l127.1 128c9.156 9.156 11.9 22.91 6.943 34.88S300.9 320 287.1 320H32.01c-12.94 0-24.62-7.781-29.58-19.75S.2333 274.5 9.39 265.4z\"><\/path><\/svg>\n\t\t\t\t\t\t\t<\/span>\n\t\t\t<h3 class=\"uagb-question\">C\u00e2t dureaz\u0103 c\u0103l\u0103toria prin tunelul Katschberg?<\/h3><\/div><div class=\"uagb-faq-content\"><p>C\u0103l\u0103toria prin tunelul Katschberg dureaz\u0103 aproximativ 10 minute.<\/p><\/div><\/div><div class=\"wp-block-uagb-faq-child uagb-faq-child__outer-wrap uagb-faq-item uagb-block-88984a11 \" role=\"tab\" tabindex=\"0\"><div class=\"uagb-faq-questions-button uagb-faq-questions\">\t\t\t<span class=\"uagb-icon uagb-faq-icon-wrap\">\n\t\t\t\t\t\t\t<\/span>\n\t\t\t\t\t\t<span class=\"uagb-icon-active uagb-faq-icon-wrap\">\n\t\t\t\t\t\t\t\t<svg xmlns=\"https:\/\/www.w3.org\/2000\/svg\" viewBox= \"0 0 320 512\"><path d=\"M9.39 265.4l127.1-128C143.6 131.1 151.8 128 160 128s16.38 3.125 22.63 9.375l127.1 128c9.156 9.156 11.9 22.91 6.943 34.88S300.9 320 287.1 320H32.01c-12.94 0-24.62-7.781-29.58-19.75S.2333 274.5 9.39 265.4z\"><\/path><\/svg>\n\t\t\t\t\t\t\t<\/span>\n\t\t\t<h3 class=\"uagb-question\">C\u00e2t de lat \u0219i de \u00eenalt este tunelul Katschberg?<\/h3><\/div><div class=\"uagb-faq-content\"><p>L\u0103\u021bimea carosabilului tuburilor est \u0219i vest este de 7,50 metri. \u00cen\u0103l\u021bimea tunelului Katschberg este de 4,70 metri. <\/p><\/div><\/div><\/div><\/div><\/div>\n","protected":false},"excerpt":{"rendered":"<p>Taxa de trecere a tunelului Katschberg Austria Taxa de trecere a tunelului Katschberg Austria (Autostrada A 10 Tauern) Tunelul Katschberg [&hellip;]<\/p>\n","protected":false},"author":2,"featured_media":0,"parent":0,"menu_order":0,"comment_status":"closed","ping_status":"closed","template":"","meta":{"_uag_custom_page_level_css":"","site-sidebar-layout":"no-sidebar","site-content-layout":"","ast-site-content-layout":"normal-width-container","site-content-style":"unboxed","site-sidebar-style":"unboxed","ast-global-header-display":"","ast-banner-title-visibility":"","ast-main-header-display":"","ast-hfb-above-header-display":"","ast-hfb-below-header-display":"","ast-hfb-mobile-header-display":"","site-post-title":"disabled","ast-breadcrumbs-content":"","ast-featured-img":"","footer-sml-layout":"","ast-disable-related-posts":"","theme-transparent-header-meta":"enabled","adv-header-id-meta":"","stick-header-meta":"","header-above-stick-meta":"","header-main-stick-meta":"","header-below-stick-meta":"","astra-migrate-meta-layouts":"default","ast-page-background-enabled":"default","ast-page-background-meta":{"desktop":{"background-color":"var(--ast-global-color-5)","background-image":"","background-repeat":"repeat","background-position":"center center","background-size":"auto","background-attachment":"scroll","background-type":"","background-media":"","overlay-type":"","overlay-color":"","overlay-opacity":"","overlay-gradient":""},"tablet":{"background-color":"","background-image":"","background-repeat":"repeat","background-position":"center center","background-size":"auto","background-attachment":"scroll","background-type":"","background-media":"","overlay-type":"","overlay-color":"","overlay-opacity":"","overlay-gradient":""},"mobile":{"background-color":"","background-image":"","background-repeat":"repeat","background-position":"center center","background-size":"auto","background-attachment":"scroll","background-type":"","background-media":"","overlay-type":"","overlay-color":"","overlay-opacity":"","overlay-gradient":""}},"ast-content-background-meta":{"desktop":{"background-color":"var(--ast-global-color-4)","background-image":"","background-repeat":"repeat","background-position":"center center","background-size":"auto","background-attachment":"scroll","background-type":"","background-media":"","overlay-type":"","overlay-color":"","overlay-opacity":"","overlay-gradient":""},"tablet":{"background-color":"var(--ast-global-color-4)","background-image":"","background-repeat":"repeat","background-position":"center center","background-size":"auto","background-attachment":"scroll","background-type":"","background-media":"","overlay-type":"","overlay-color":"","overlay-opacity":"","overlay-gradient":""},"mobile":{"background-color":"var(--ast-global-color-4)","background-image":"","background-repeat":"repeat","background-position":"center center","background-size":"auto","background-attachment":"scroll","background-type":"","background-media":"","overlay-type":"","overlay-color":"","overlay-opacity":"","overlay-gradient":""}},"footnotes":""},"class_list":["post-6604","page","type-page","status-publish","hentry"],"yoast_head":"<!-- This site is optimized with the Yoast SEO plugin v27.1.1 - https:\/\/yoast.com\/product\/yoast-seo-wordpress\/ -->\n<title>Taxa de trecere a tunelului Katschberg Austria - Tax\u0103 de trecere pe ruta digital\u0103<\/title>\n<meta name=\"description\" content=\"Cump\u0103ra\u021bi taxa Katschbergtunnel Austria pe autostrada A10 Tauern rapid \u0219i convenabil online, \u00een magazinul nostru online. Valabil imediat.\" \/>\n<meta name=\"robots\" content=\"index, follow, max-snippet:-1, max-image-preview:large, max-video-preview:-1\" \/>\n<link rel=\"canonical\" href=\"https:\/\/tollscout.eu\/ro\/taxa-de-trecere-a-tunelului-katschberg-austria\/\" \/>\n<meta property=\"og:locale\" content=\"ro_RO\" \/>\n<meta property=\"og:type\" content=\"article\" \/>\n<meta property=\"og:title\" content=\"Taxa de trecere a tunelului Katschberg Austria - Tax\u0103 de trecere pe ruta digital\u0103\" \/>\n<meta property=\"og:description\" content=\"Cump\u0103ra\u021bi taxa Katschbergtunnel Austria pe autostrada A10 Tauern rapid \u0219i convenabil online, \u00een magazinul nostru online. Valabil imediat.\" \/>\n<meta property=\"og:url\" content=\"https:\/\/tollscout.eu\/ro\/taxa-de-trecere-a-tunelului-katschberg-austria\/\" \/>\n<meta property=\"og:site_name\" content=\"Tollscout\u00ae\" \/>\n<meta property=\"article:publisher\" content=\"https:\/\/facebook.com\/tollscout\" \/>\n<meta property=\"article:modified_time\" content=\"2024-07-31T23:50:15+00:00\" \/>\n<meta property=\"og:image\" content=\"https:\/\/tollscout.eu\/wp-content\/uploads\/2023\/08\/logo_color_360x92px.png\" \/>\n\t<meta property=\"og:image:width\" content=\"360\" \/>\n\t<meta property=\"og:image:height\" content=\"92\" \/>\n\t<meta property=\"og:image:type\" content=\"image\/png\" \/>\n<meta name=\"twitter:card\" content=\"summary_large_image\" \/>\n<meta name=\"twitter:site\" content=\"@tollscout\" \/>\n<meta name=\"twitter:label1\" content=\"Timp estimat pentru citire\" \/>\n\t<meta name=\"twitter:data1\" content=\"1 minut\" \/>\n<script type=\"application\/ld+json\" class=\"yoast-schema-graph\">{\"@context\":\"https:\/\/schema.org\",\"@graph\":[{\"@type\":\"WebPage\",\"@id\":\"https:\/\/tollscout.eu\/ro\/taxa-de-trecere-a-tunelului-katschberg-austria\/\",\"url\":\"https:\/\/tollscout.eu\/ro\/taxa-de-trecere-a-tunelului-katschberg-austria\/\",\"name\":\"Taxa de trecere a tunelului Katschberg Austria - Tax\u0103 de trecere pe ruta digital\u0103\",\"isPartOf\":{\"@id\":\"https:\/\/tollscout.eu\/ro\/#website\"},\"datePublished\":\"2023-08-25T09:52:28+00:00\",\"dateModified\":\"2024-07-31T23:50:15+00:00\",\"description\":\"Cump\u0103ra\u021bi taxa Katschbergtunnel Austria pe autostrada A10 Tauern rapid \u0219i convenabil online, \u00een magazinul nostru online. Valabil imediat.\",\"breadcrumb\":{\"@id\":\"https:\/\/tollscout.eu\/ro\/taxa-de-trecere-a-tunelului-katschberg-austria\/#breadcrumb\"},\"inLanguage\":\"ro-RO\",\"potentialAction\":[{\"@type\":\"ReadAction\",\"target\":[\"https:\/\/tollscout.eu\/ro\/taxa-de-trecere-a-tunelului-katschberg-austria\/\"]}]},{\"@type\":\"BreadcrumbList\",\"@id\":\"https:\/\/tollscout.eu\/ro\/taxa-de-trecere-a-tunelului-katschberg-austria\/#breadcrumb\",\"itemListElement\":[{\"@type\":\"ListItem\",\"position\":1,\"name\":\"Startseite\",\"item\":\"https:\/\/tollscout.eu\/ro\/\"},{\"@type\":\"ListItem\",\"position\":2,\"name\":\"Taxa de trecere a tunelului Katschberg Austria\"}]},{\"@type\":\"WebSite\",\"@id\":\"https:\/\/tollscout.eu\/ro\/#website\",\"url\":\"https:\/\/tollscout.eu\/ro\/\",\"name\":\"Tollscout\u00ae\",\"description\":\"\",\"publisher\":{\"@id\":\"https:\/\/tollscout.eu\/ro\/#organization\"},\"potentialAction\":[{\"@type\":\"SearchAction\",\"target\":{\"@type\":\"EntryPoint\",\"urlTemplate\":\"https:\/\/tollscout.eu\/ro\/?s={search_term_string}\"},\"query-input\":{\"@type\":\"PropertyValueSpecification\",\"valueRequired\":true,\"valueName\":\"search_term_string\"}}],\"inLanguage\":\"ro-RO\"},{\"@type\":\"Organization\",\"@id\":\"https:\/\/tollscout.eu\/ro\/#organization\",\"name\":\"TollScout\",\"alternateName\":\"TollScout\",\"url\":\"https:\/\/tollscout.eu\/ro\/\",\"logo\":{\"@type\":\"ImageObject\",\"inLanguage\":\"ro-RO\",\"@id\":\"https:\/\/tollscout.eu\/ro\/#\/schema\/logo\/image\/\",\"url\":\"https:\/\/tollscout.eu\/wp-content\/uploads\/2023\/11\/logo_social_media_1024.png\",\"contentUrl\":\"https:\/\/tollscout.eu\/wp-content\/uploads\/2023\/11\/logo_social_media_1024.png\",\"width\":1024,\"height\":1024,\"caption\":\"TollScout\"},\"image\":{\"@id\":\"https:\/\/tollscout.eu\/ro\/#\/schema\/logo\/image\/\"},\"sameAs\":[\"https:\/\/facebook.com\/tollscout\",\"https:\/\/x.com\/tollscout\",\"https:\/\/instagram.com\/tollscout\"]}]}<\/script>\n<!-- \/ Yoast SEO plugin. -->","yoast_head_json":{"title":"Taxa de trecere a tunelului Katschberg Austria - Tax\u0103 de trecere pe ruta digital\u0103","description":"Cump\u0103ra\u021bi taxa Katschbergtunnel Austria pe autostrada A10 Tauern rapid \u0219i convenabil online, \u00een magazinul nostru online. Valabil imediat.","robots":{"index":"index","follow":"follow","max-snippet":"max-snippet:-1","max-image-preview":"max-image-preview:large","max-video-preview":"max-video-preview:-1"},"canonical":"https:\/\/tollscout.eu\/ro\/taxa-de-trecere-a-tunelului-katschberg-austria\/","og_locale":"ro_RO","og_type":"article","og_title":"Taxa de trecere a tunelului Katschberg Austria - Tax\u0103 de trecere pe ruta digital\u0103","og_description":"Cump\u0103ra\u021bi taxa Katschbergtunnel Austria pe autostrada A10 Tauern rapid \u0219i convenabil online, \u00een magazinul nostru online. Valabil imediat.","og_url":"https:\/\/tollscout.eu\/ro\/taxa-de-trecere-a-tunelului-katschberg-austria\/","og_site_name":"Tollscout\u00ae","article_publisher":"https:\/\/facebook.com\/tollscout","article_modified_time":"2024-07-31T23:50:15+00:00","og_image":[{"width":360,"height":92,"url":"https:\/\/tollscout.eu\/wp-content\/uploads\/2023\/08\/logo_color_360x92px.png","type":"image\/png"}],"twitter_card":"summary_large_image","twitter_site":"@tollscout","twitter_misc":{"Timp estimat pentru citire":"1 minut"},"schema":{"@context":"https:\/\/schema.org","@graph":[{"@type":"WebPage","@id":"https:\/\/tollscout.eu\/ro\/taxa-de-trecere-a-tunelului-katschberg-austria\/","url":"https:\/\/tollscout.eu\/ro\/taxa-de-trecere-a-tunelului-katschberg-austria\/","name":"Taxa de trecere a tunelului Katschberg Austria - Tax\u0103 de trecere pe ruta digital\u0103","isPartOf":{"@id":"https:\/\/tollscout.eu\/ro\/#website"},"datePublished":"2023-08-25T09:52:28+00:00","dateModified":"2024-07-31T23:50:15+00:00","description":"Cump\u0103ra\u021bi taxa Katschbergtunnel Austria pe autostrada A10 Tauern rapid \u0219i convenabil online, \u00een magazinul nostru online. Valabil imediat.","breadcrumb":{"@id":"https:\/\/tollscout.eu\/ro\/taxa-de-trecere-a-tunelului-katschberg-austria\/#breadcrumb"},"inLanguage":"ro-RO","potentialAction":[{"@type":"ReadAction","target":["https:\/\/tollscout.eu\/ro\/taxa-de-trecere-a-tunelului-katschberg-austria\/"]}]},{"@type":"BreadcrumbList","@id":"https:\/\/tollscout.eu\/ro\/taxa-de-trecere-a-tunelului-katschberg-austria\/#breadcrumb","itemListElement":[{"@type":"ListItem","position":1,"name":"Startseite","item":"https:\/\/tollscout.eu\/ro\/"},{"@type":"ListItem","position":2,"name":"Taxa de trecere a tunelului Katschberg Austria"}]},{"@type":"WebSite","@id":"https:\/\/tollscout.eu\/ro\/#website","url":"https:\/\/tollscout.eu\/ro\/","name":"Tollscout\u00ae","description":"","publisher":{"@id":"https:\/\/tollscout.eu\/ro\/#organization"},"potentialAction":[{"@type":"SearchAction","target":{"@type":"EntryPoint","urlTemplate":"https:\/\/tollscout.eu\/ro\/?s={search_term_string}"},"query-input":{"@type":"PropertyValueSpecification","valueRequired":true,"valueName":"search_term_string"}}],"inLanguage":"ro-RO"},{"@type":"Organization","@id":"https:\/\/tollscout.eu\/ro\/#organization","name":"TollScout","alternateName":"TollScout","url":"https:\/\/tollscout.eu\/ro\/","logo":{"@type":"ImageObject","inLanguage":"ro-RO","@id":"https:\/\/tollscout.eu\/ro\/#\/schema\/logo\/image\/","url":"https:\/\/tollscout.eu\/wp-content\/uploads\/2023\/11\/logo_social_media_1024.png","contentUrl":"https:\/\/tollscout.eu\/wp-content\/uploads\/2023\/11\/logo_social_media_1024.png","width":1024,"height":1024,"caption":"TollScout"},"image":{"@id":"https:\/\/tollscout.eu\/ro\/#\/schema\/logo\/image\/"},"sameAs":["https:\/\/facebook.com\/tollscout","https:\/\/x.com\/tollscout","https:\/\/instagram.com\/tollscout"]}]}},"uagb_featured_image_src":{"full":false,"thumbnail":false,"medium":false,"medium_large":false,"large":false,"1536x1536":false,"2048x2048":false,"gform-image-choice-sm":false,"gform-image-choice-md":false,"gform-image-choice-lg":false},"uagb_author_info":{"display_name":"Tollscout","author_link":"https:\/\/tollscout.eu\/ro\/author\/m-hemm\/"},"uagb_comment_info":0,"uagb_excerpt":"Taxa de trecere a tunelului Katschberg Austria Taxa de trecere a tunelului Katschberg Austria (Autostrada A 10 Tauern) Tunelul Katschberg [&hellip;]","_links":{"self":[{"href":"https:\/\/tollscout.eu\/ro\/wp-json\/wp\/v2\/pages\/6604","targetHints":{"allow":["GET"]}}],"collection":[{"href":"https:\/\/tollscout.eu\/ro\/wp-json\/wp\/v2\/pages"}],"about":[{"href":"https:\/\/tollscout.eu\/ro\/wp-json\/wp\/v2\/types\/page"}],"author":[{"embeddable":true,"href":"https:\/\/tollscout.eu\/ro\/wp-json\/wp\/v2\/users\/2"}],"replies":[{"embeddable":true,"href":"https:\/\/tollscout.eu\/ro\/wp-json\/wp\/v2\/comments?post=6604"}],"version-history":[{"count":6,"href":"https:\/\/tollscout.eu\/ro\/wp-json\/wp\/v2\/pages\/6604\/revisions"}],"predecessor-version":[{"id":9077,"href":"https:\/\/tollscout.eu\/ro\/wp-json\/wp\/v2\/pages\/6604\/revisions\/9077"}],"wp:attachment":[{"href":"https:\/\/tollscout.eu\/ro\/wp-json\/wp\/v2\/media?parent=6604"}],"curies":[{"name":"wp","href":"https:\/\/api.w.org\/{rel}","templated":true}]}}