{"id":6600,"date":"2023-08-24T17:31:39","date_gmt":"2023-08-24T15:31:39","guid":{"rendered":"https:\/\/tollscout.eu\/taxa-de-trecere-a-tunelului-karawanken-austria\/"},"modified":"2024-08-01T01:52:39","modified_gmt":"2024-07-31T23:52:39","slug":"taxa-de-trecere-a-tunelului-karawanken-austria","status":"publish","type":"page","link":"https:\/\/tollscout.eu\/ro\/taxa-de-trecere-a-tunelului-karawanken-austria\/","title":{"rendered":"Taxa de trecere a tunelului Karawanken Austria"},"content":{"rendered":"\n<div class=\"wp-block-uagb-container uagb-block-c1e2fce7 alignfull uagb-is-root-container\"><div class=\"uagb-container-inner-blocks-wrap\">\n<div class=\"wp-block-uagb-advanced-heading uagb-block-c767fabd\"><h1 class=\"uagb-heading-text\">Taxa de trecere a tunelului Karawanken Austria<\/h1><\/div>\n<\/div><\/div>\n\n<div class=\"wp-block-uagb-container uagb-block-dc200595 alignfull uagb-is-root-container\"><div class=\"uagb-container-inner-blocks-wrap\">\n<div id=\"app\" data-context=\"at\"><\/div>\n<\/div><\/div>\n\n<div class=\"wp-block-uagb-container uagb-block-f356067b alignfull uagb-is-root-container\"><div class=\"uagb-container-inner-blocks-wrap\">\n<div class=\"wp-block-uagb-advanced-heading uagb-block-e02782db\"><h2 class=\"uagb-heading-text\">Taxa de trecere a tunelului Karawanken Austria<\/h2><p class=\"uagb-desc-text\">Tunelul Karawanken (cunoscut \u0219i ca Predor Karavanke \u00een sloven\u0103) se \u00eentinde pe aproape 8 kilometri la grani\u021ba dintre Austria \u0219i Slovenia. Acesta conecteaz\u0103 autostrada austriac\u0103 Karawanken cu autostrada sloven\u0103 Avtocesta A2 \u00een direc\u021bia Ljubljana. Tunelul trece \u00eentre ora\u0219ele Jesenice \u0219i Rosenbach, parte din Sankt Jakob im Rosental, \u0219i traverseaz\u0103 lan\u021bul muntos Karawanken, care face parte din sudul Alpilor de calcar.  <\/p><\/div>\n<\/div><\/div>\n\n<div class=\"wp-block-uagb-container uagb-block-7efd3c31 alignfull uagb-is-root-container\"><div class=\"uagb-container-inner-blocks-wrap\">\n<div class=\"wp-block-uagb-advanced-heading uagb-block-4602874c\"><h2 class=\"uagb-heading-text\">\u00ceNTREB\u0102RI FRECVENTE<\/h2><p class=\"uagb-desc-text\">Aici v\u0103 r\u0103spundem la toate \u00eentreb\u0103rile legate de taxa de trecere a tunelului Karawanken din Austria.<\/p><\/div>\n\n\n<div class=\"wp-block-uagb-faq uagb-faq__outer-wrap uagb-block-4fe496d4 uagb-faq-icon-row-reverse uagb-faq-layout-accordion uagb-faq-expand-first-false uagb-faq-inactive-other-true uagb-faq__wrap uagb-buttons-layout-wrap uagb-faq-equal-height     \" data-faqtoggle=\"true\" role=\"tablist\"><div class=\"wp-block-uagb-faq-child uagb-faq-child__outer-wrap uagb-faq-item uagb-block-1a70522e \" role=\"tab\" tabindex=\"0\"><div class=\"uagb-faq-questions-button uagb-faq-questions\">\t\t\t<span class=\"uagb-icon uagb-faq-icon-wrap\">\n\t\t\t\t\t\t\t<\/span>\n\t\t\t\t\t\t<span class=\"uagb-icon-active uagb-faq-icon-wrap\">\n\t\t\t\t\t\t\t\t<svg xmlns=\"https:\/\/www.w3.org\/2000\/svg\" viewBox= \"0 0 320 512\"><path d=\"M9.39 265.4l127.1-128C143.6 131.1 151.8 128 160 128s16.38 3.125 22.63 9.375l127.1 128c9.156 9.156 11.9 22.91 6.943 34.88S300.9 320 287.1 320H32.01c-12.94 0-24.62-7.781-29.58-19.75S.2333 274.5 9.39 265.4z\"><\/path><\/svg>\n\t\t\t\t\t\t\t<\/span>\n\t\t\t<h3 class=\"uagb-question\"><strong>C\u00e2nd a fost deschis pentru trafic tunelul Karawanken?<\/strong><\/h3><\/div><div class=\"uagb-faq-content\"><p>Construc\u021bia tubului de vest al tunelului Karawanken a \u00eenceput pe 12 august 1986, dup\u0103 ce planurile pentru construc\u021bia tunelului fuseser\u0103 deja f\u0103cute \u00een avans. A fost finalizat\u0103 \u00een 1991. Lucr\u0103rile de construc\u021bie la tubul de est au \u00eenceput \u00een 2018. Este programat\u0103 s\u0103 fie finalizat\u0103 p\u00e2n\u0103 \u00een 2025. Dup\u0103 ce tubul de est a fost finalizat, tubul de vest va fi complet renovat. Ambele tuburi vor fi puse \u00een func\u021biune din nou \u00een 2027.     <\/p><\/div><\/div><div class=\"wp-block-uagb-faq-child uagb-faq-child__outer-wrap uagb-faq-item uagb-block-bd4b64b2 \" role=\"tab\" tabindex=\"0\"><div class=\"uagb-faq-questions-button uagb-faq-questions\">\t\t\t<span class=\"uagb-icon uagb-faq-icon-wrap\">\n\t\t\t\t\t\t\t<\/span>\n\t\t\t\t\t\t<span class=\"uagb-icon-active uagb-faq-icon-wrap\">\n\t\t\t\t\t\t\t\t<svg xmlns=\"https:\/\/www.w3.org\/2000\/svg\" viewBox= \"0 0 320 512\"><path d=\"M9.39 265.4l127.1-128C143.6 131.1 151.8 128 160 128s16.38 3.125 22.63 9.375l127.1 128c9.156 9.156 11.9 22.91 6.943 34.88S300.9 320 287.1 320H32.01c-12.94 0-24.62-7.781-29.58-19.75S.2333 274.5 9.39 265.4z\"><\/path><\/svg>\n\t\t\t\t\t\t\t<\/span>\n\t\t\t<h3 class=\"uagb-question\"><strong>C\u00e2t de lung este tunelul Karawanken (autostrada A11 Karawanken)?<\/strong><\/h3><\/div><div class=\"uagb-faq-content\"><p>Tubul vestic al tunelului Karawanken are o lungime de 7864 de metri \u0219i face leg\u0103tura \u00eentre autostrada austriac\u0103 Karawanken \u0219i autostrada sloven\u0103 Avtocesta A2 \u00een direc\u021bia <a href=\"https:\/\/de.wikipedia.org\/wiki\/Ljubljana\">Ljubljana<\/a>. Tunelul Karawanken este o sec\u021biune a autostr\u0103zii Karawanken (A11) care este scutit\u0103 de obligativitatea vinietei, dar care este supus\u0103 unei taxe speciale de trecere. <\/p><\/div><\/div><div class=\"wp-block-uagb-faq-child uagb-faq-child__outer-wrap uagb-faq-item uagb-block-49ae175a wp-block-uagb-faq-child uagb-faq-child__outer-wrap uagb-faq-item uagb-block-49ae175a\" role=\"tab\" tabindex=\"0\"><div class=\"uagb-faq-questions-button uagb-faq-questions\">\t\t\t<span class=\"uagb-icon uagb-faq-icon-wrap\">\n\t\t\t\t\t\t\t<\/span>\n\t\t\t\t\t\t<span class=\"uagb-icon-active uagb-faq-icon-wrap\">\n\t\t\t\t\t\t\t\t<svg xmlns=\"https:\/\/www.w3.org\/2000\/svg\" viewBox= \"0 0 320 512\"><path d=\"M9.39 265.4l127.1-128C143.6 131.1 151.8 128 160 128s16.38 3.125 22.63 9.375l127.1 128c9.156 9.156 11.9 22.91 6.943 34.88S300.9 320 287.1 320H32.01c-12.94 0-24.62-7.781-29.58-19.75S.2333 274.5 9.39 265.4z\"><\/path><\/svg>\n\t\t\t\t\t\t\t<\/span>\n\t\t\t<h3 class=\"uagb-question\"><strong>De ce este tunelul Karawanken exceptat de la cerin\u021ba vinietei?<\/strong><\/h3><\/div><div class=\"uagb-faq-content\"><p>Tunelul Karawanken este o sec\u021biune a traseului care este scutit\u0103 de cerin\u021ba vignetei, dar este supus\u0103 unei taxe speciale. Taxa de rut\u0103 pentru Karawankenautobahn A11 \u0219i <a href=\"https:\/\/tollscout.eu\/ro\/taxa-de-trecere-a-tunelului-tauern-austria\/\">Tauernautobahn A10<\/a> poate fi achizi\u021bionat rapid \u0219i convenabil online prin intermediul magazinului nostru online. <\/p><\/div><\/div><div class=\"wp-block-uagb-faq-child uagb-faq-child__outer-wrap uagb-faq-item uagb-block-c7b6f203 \" role=\"tab\" tabindex=\"0\"><div class=\"uagb-faq-questions-button uagb-faq-questions\">\t\t\t<span class=\"uagb-icon uagb-faq-icon-wrap\">\n\t\t\t\t\t\t\t<\/span>\n\t\t\t\t\t\t<span class=\"uagb-icon-active uagb-faq-icon-wrap\">\n\t\t\t\t\t\t\t\t<svg xmlns=\"https:\/\/www.w3.org\/2000\/svg\" viewBox= \"0 0 320 512\"><path d=\"M9.39 265.4l127.1-128C143.6 131.1 151.8 128 160 128s16.38 3.125 22.63 9.375l127.1 128c9.156 9.156 11.9 22.91 6.943 34.88S300.9 320 287.1 320H32.01c-12.94 0-24.62-7.781-29.58-19.75S.2333 274.5 9.39 265.4z\"><\/path><\/svg>\n\t\t\t\t\t\t\t<\/span>\n\t\t\t<h3 class=\"uagb-question\"><strong>C\u00e2t cost\u0103 taxa de trecere a tunelului Karawanken \u00een Austria?<\/strong><\/h3><\/div><div class=\"uagb-faq-content\"><p>Costul unei singure c\u0103l\u0103torii prin tunelul Karawanken este de 7,80 euro (\u00eencep\u00e2nd din 2023).<\/p><\/div><\/div><div class=\"wp-block-uagb-faq-child uagb-faq-child__outer-wrap uagb-faq-item uagb-block-66a7673f \" role=\"tab\" tabindex=\"0\"><div class=\"uagb-faq-questions-button uagb-faq-questions\">\t\t\t<span class=\"uagb-icon uagb-faq-icon-wrap\">\n\t\t\t\t\t\t\t<\/span>\n\t\t\t\t\t\t<span class=\"uagb-icon-active uagb-faq-icon-wrap\">\n\t\t\t\t\t\t\t\t<svg xmlns=\"https:\/\/www.w3.org\/2000\/svg\" viewBox= \"0 0 320 512\"><path d=\"M9.39 265.4l127.1-128C143.6 131.1 151.8 128 160 128s16.38 3.125 22.63 9.375l127.1 128c9.156 9.156 11.9 22.91 6.943 34.88S300.9 320 287.1 320H32.01c-12.94 0-24.62-7.781-29.58-19.75S.2333 274.5 9.39 265.4z\"><\/path><\/svg>\n\t\t\t\t\t\t\t<\/span>\n\t\t\t<h3 class=\"uagb-question\"><strong>C\u00e2t dureaz\u0103 c\u0103l\u0103toria prin tunelul Karawanken?<\/strong><\/h3><\/div><div class=\"uagb-faq-content\"><p>C\u0103l\u0103toria prin tunelul Karawanken dureaz\u0103 aproximativ 10 minute.<\/p><\/div><\/div><div class=\"wp-block-uagb-faq-child uagb-faq-child__outer-wrap uagb-faq-item uagb-block-24d1f8b5 \" role=\"tab\" tabindex=\"0\"><div class=\"uagb-faq-questions-button uagb-faq-questions\">\t\t\t<span class=\"uagb-icon uagb-faq-icon-wrap\">\n\t\t\t\t\t\t\t<\/span>\n\t\t\t\t\t\t<span class=\"uagb-icon-active uagb-faq-icon-wrap\">\n\t\t\t\t\t\t\t\t<svg xmlns=\"https:\/\/www.w3.org\/2000\/svg\" viewBox= \"0 0 320 512\"><path d=\"M9.39 265.4l127.1-128C143.6 131.1 151.8 128 160 128s16.38 3.125 22.63 9.375l127.1 128c9.156 9.156 11.9 22.91 6.943 34.88S300.9 320 287.1 320H32.01c-12.94 0-24.62-7.781-29.58-19.75S.2333 274.5 9.39 265.4z\"><\/path><\/svg>\n\t\t\t\t\t\t\t<\/span>\n\t\t\t<h3 class=\"uagb-question\"><strong><strong>C\u00e2t de lat \u0219i de \u00eenalt este tunelul Karawanken?<\/strong><\/strong><\/h3><\/div><div class=\"uagb-faq-content\"><p>L\u0103\u021bimea carosabilului tuburilor est \u0219i vest este de 7,50 metri. \u00cen\u0103l\u021bimea tunelului Karawanken este de 4,70 metri. <\/p><\/div><\/div><\/div><\/div><\/div>\n","protected":false},"excerpt":{"rendered":"<p>Taxa de trecere a tunelului Karawanken Austria Taxa de trecere a tunelului Karawanken Austria Tunelul Karawanken (cunoscut \u0219i ca Predor [&hellip;]<\/p>\n","protected":false},"author":2,"featured_media":0,"parent":0,"menu_order":0,"comment_status":"closed","ping_status":"closed","template":"","meta":{"_uag_custom_page_level_css":"","site-sidebar-layout":"no-sidebar","site-content-layout":"","ast-site-content-layout":"normal-width-container","site-content-style":"unboxed","site-sidebar-style":"unboxed","ast-global-header-display":"","ast-banner-title-visibility":"","ast-main-header-display":"","ast-hfb-above-header-display":"","ast-hfb-below-header-display":"","ast-hfb-mobile-header-display":"","site-post-title":"disabled","ast-breadcrumbs-content":"","ast-featured-img":"","footer-sml-layout":"","ast-disable-related-posts":"","theme-transparent-header-meta":"enabled","adv-header-id-meta":"","stick-header-meta":"","header-above-stick-meta":"","header-main-stick-meta":"","header-below-stick-meta":"","astra-migrate-meta-layouts":"default","ast-page-background-enabled":"default","ast-page-background-meta":{"desktop":{"background-color":"var(--ast-global-color-5)","background-image":"","background-repeat":"repeat","background-position":"center center","background-size":"auto","background-attachment":"scroll","background-type":"","background-media":"","overlay-type":"","overlay-color":"","overlay-opacity":"","overlay-gradient":""},"tablet":{"background-color":"","background-image":"","background-repeat":"repeat","background-position":"center center","background-size":"auto","background-attachment":"scroll","background-type":"","background-media":"","overlay-type":"","overlay-color":"","overlay-opacity":"","overlay-gradient":""},"mobile":{"background-color":"","background-image":"","background-repeat":"repeat","background-position":"center center","background-size":"auto","background-attachment":"scroll","background-type":"","background-media":"","overlay-type":"","overlay-color":"","overlay-opacity":"","overlay-gradient":""}},"ast-content-background-meta":{"desktop":{"background-color":"var(--ast-global-color-4)","background-image":"","background-repeat":"repeat","background-position":"center center","background-size":"auto","background-attachment":"scroll","background-type":"","background-media":"","overlay-type":"","overlay-color":"","overlay-opacity":"","overlay-gradient":""},"tablet":{"background-color":"var(--ast-global-color-4)","background-image":"","background-repeat":"repeat","background-position":"center center","background-size":"auto","background-attachment":"scroll","background-type":"","background-media":"","overlay-type":"","overlay-color":"","overlay-opacity":"","overlay-gradient":""},"mobile":{"background-color":"var(--ast-global-color-4)","background-image":"","background-repeat":"repeat","background-position":"center center","background-size":"auto","background-attachment":"scroll","background-type":"","background-media":"","overlay-type":"","overlay-color":"","overlay-opacity":"","overlay-gradient":""}},"footnotes":""},"class_list":["post-6600","page","type-page","status-publish","hentry"],"yoast_head":"<!-- This site is optimized with the Yoast SEO plugin v27.1.1 - https:\/\/yoast.com\/product\/yoast-seo-wordpress\/ -->\n<title>Taxa de trecere a tunelului Karawanken Austria Cump\u0103ra\u021bi online - Valabil imediat<\/title>\n<meta name=\"description\" content=\"Tajajul Karawankentunnel Austria poate fi achizi\u021bionat rapid \u0219i u\u0219or online de la noi. F\u0103r\u0103 lipire, f\u0103r\u0103 stres. Valabil imediat\" \/>\n<meta name=\"robots\" content=\"index, follow, max-snippet:-1, max-image-preview:large, max-video-preview:-1\" \/>\n<link rel=\"canonical\" href=\"https:\/\/tollscout.eu\/ro\/taxa-de-trecere-a-tunelului-karawanken-austria\/\" \/>\n<meta property=\"og:locale\" content=\"ro_RO\" \/>\n<meta property=\"og:type\" content=\"article\" \/>\n<meta property=\"og:title\" content=\"Taxa de trecere a tunelului Karawanken Austria Cump\u0103ra\u021bi online - Valabil imediat\" \/>\n<meta property=\"og:description\" content=\"Tajajul Karawankentunnel Austria poate fi achizi\u021bionat rapid \u0219i u\u0219or online de la noi. F\u0103r\u0103 lipire, f\u0103r\u0103 stres. Valabil imediat\" \/>\n<meta property=\"og:url\" content=\"https:\/\/tollscout.eu\/ro\/taxa-de-trecere-a-tunelului-karawanken-austria\/\" \/>\n<meta property=\"og:site_name\" content=\"Tollscout\u00ae\" \/>\n<meta property=\"article:publisher\" content=\"https:\/\/facebook.com\/tollscout\" \/>\n<meta property=\"article:modified_time\" content=\"2024-07-31T23:52:39+00:00\" \/>\n<meta property=\"og:image\" content=\"https:\/\/tollscout.eu\/wp-content\/uploads\/2023\/08\/logo_color_360x92px.png\" \/>\n\t<meta property=\"og:image:width\" content=\"360\" \/>\n\t<meta property=\"og:image:height\" content=\"92\" \/>\n\t<meta property=\"og:image:type\" content=\"image\/png\" \/>\n<meta name=\"twitter:card\" content=\"summary_large_image\" \/>\n<meta name=\"twitter:site\" content=\"@tollscout\" \/>\n<script type=\"application\/ld+json\" class=\"yoast-schema-graph\">{\"@context\":\"https:\/\/schema.org\",\"@graph\":[{\"@type\":\"WebPage\",\"@id\":\"https:\/\/tollscout.eu\/ro\/taxa-de-trecere-a-tunelului-karawanken-austria\/\",\"url\":\"https:\/\/tollscout.eu\/ro\/taxa-de-trecere-a-tunelului-karawanken-austria\/\",\"name\":\"Taxa de trecere a tunelului Karawanken Austria Cump\u0103ra\u021bi online - Valabil imediat\",\"isPartOf\":{\"@id\":\"https:\/\/tollscout.eu\/ro\/#website\"},\"datePublished\":\"2023-08-24T15:31:39+00:00\",\"dateModified\":\"2024-07-31T23:52:39+00:00\",\"description\":\"Tajajul Karawankentunnel Austria poate fi achizi\u021bionat rapid \u0219i u\u0219or online de la noi. F\u0103r\u0103 lipire, f\u0103r\u0103 stres. Valabil imediat\",\"breadcrumb\":{\"@id\":\"https:\/\/tollscout.eu\/ro\/taxa-de-trecere-a-tunelului-karawanken-austria\/#breadcrumb\"},\"inLanguage\":\"ro-RO\",\"potentialAction\":[{\"@type\":\"ReadAction\",\"target\":[\"https:\/\/tollscout.eu\/ro\/taxa-de-trecere-a-tunelului-karawanken-austria\/\"]}]},{\"@type\":\"BreadcrumbList\",\"@id\":\"https:\/\/tollscout.eu\/ro\/taxa-de-trecere-a-tunelului-karawanken-austria\/#breadcrumb\",\"itemListElement\":[{\"@type\":\"ListItem\",\"position\":1,\"name\":\"Startseite\",\"item\":\"https:\/\/tollscout.eu\/ro\/\"},{\"@type\":\"ListItem\",\"position\":2,\"name\":\"Taxa de trecere a tunelului Karawanken Austria\"}]},{\"@type\":\"WebSite\",\"@id\":\"https:\/\/tollscout.eu\/ro\/#website\",\"url\":\"https:\/\/tollscout.eu\/ro\/\",\"name\":\"Tollscout\u00ae\",\"description\":\"\",\"publisher\":{\"@id\":\"https:\/\/tollscout.eu\/ro\/#organization\"},\"potentialAction\":[{\"@type\":\"SearchAction\",\"target\":{\"@type\":\"EntryPoint\",\"urlTemplate\":\"https:\/\/tollscout.eu\/ro\/?s={search_term_string}\"},\"query-input\":{\"@type\":\"PropertyValueSpecification\",\"valueRequired\":true,\"valueName\":\"search_term_string\"}}],\"inLanguage\":\"ro-RO\"},{\"@type\":\"Organization\",\"@id\":\"https:\/\/tollscout.eu\/ro\/#organization\",\"name\":\"TollScout\",\"alternateName\":\"TollScout\",\"url\":\"https:\/\/tollscout.eu\/ro\/\",\"logo\":{\"@type\":\"ImageObject\",\"inLanguage\":\"ro-RO\",\"@id\":\"https:\/\/tollscout.eu\/ro\/#\/schema\/logo\/image\/\",\"url\":\"https:\/\/tollscout.eu\/wp-content\/uploads\/2023\/11\/logo_social_media_1024.png\",\"contentUrl\":\"https:\/\/tollscout.eu\/wp-content\/uploads\/2023\/11\/logo_social_media_1024.png\",\"width\":1024,\"height\":1024,\"caption\":\"TollScout\"},\"image\":{\"@id\":\"https:\/\/tollscout.eu\/ro\/#\/schema\/logo\/image\/\"},\"sameAs\":[\"https:\/\/facebook.com\/tollscout\",\"https:\/\/x.com\/tollscout\",\"https:\/\/instagram.com\/tollscout\"]}]}<\/script>\n<!-- \/ Yoast SEO plugin. -->","yoast_head_json":{"title":"Taxa de trecere a tunelului Karawanken Austria Cump\u0103ra\u021bi online - Valabil imediat","description":"Tajajul Karawankentunnel Austria poate fi achizi\u021bionat rapid \u0219i u\u0219or online de la noi. F\u0103r\u0103 lipire, f\u0103r\u0103 stres. Valabil imediat","robots":{"index":"index","follow":"follow","max-snippet":"max-snippet:-1","max-image-preview":"max-image-preview:large","max-video-preview":"max-video-preview:-1"},"canonical":"https:\/\/tollscout.eu\/ro\/taxa-de-trecere-a-tunelului-karawanken-austria\/","og_locale":"ro_RO","og_type":"article","og_title":"Taxa de trecere a tunelului Karawanken Austria Cump\u0103ra\u021bi online - Valabil imediat","og_description":"Tajajul Karawankentunnel Austria poate fi achizi\u021bionat rapid \u0219i u\u0219or online de la noi. F\u0103r\u0103 lipire, f\u0103r\u0103 stres. Valabil imediat","og_url":"https:\/\/tollscout.eu\/ro\/taxa-de-trecere-a-tunelului-karawanken-austria\/","og_site_name":"Tollscout\u00ae","article_publisher":"https:\/\/facebook.com\/tollscout","article_modified_time":"2024-07-31T23:52:39+00:00","og_image":[{"width":360,"height":92,"url":"https:\/\/tollscout.eu\/wp-content\/uploads\/2023\/08\/logo_color_360x92px.png","type":"image\/png"}],"twitter_card":"summary_large_image","twitter_site":"@tollscout","schema":{"@context":"https:\/\/schema.org","@graph":[{"@type":"WebPage","@id":"https:\/\/tollscout.eu\/ro\/taxa-de-trecere-a-tunelului-karawanken-austria\/","url":"https:\/\/tollscout.eu\/ro\/taxa-de-trecere-a-tunelului-karawanken-austria\/","name":"Taxa de trecere a tunelului Karawanken Austria Cump\u0103ra\u021bi online - Valabil imediat","isPartOf":{"@id":"https:\/\/tollscout.eu\/ro\/#website"},"datePublished":"2023-08-24T15:31:39+00:00","dateModified":"2024-07-31T23:52:39+00:00","description":"Tajajul Karawankentunnel Austria poate fi achizi\u021bionat rapid \u0219i u\u0219or online de la noi. F\u0103r\u0103 lipire, f\u0103r\u0103 stres. Valabil imediat","breadcrumb":{"@id":"https:\/\/tollscout.eu\/ro\/taxa-de-trecere-a-tunelului-karawanken-austria\/#breadcrumb"},"inLanguage":"ro-RO","potentialAction":[{"@type":"ReadAction","target":["https:\/\/tollscout.eu\/ro\/taxa-de-trecere-a-tunelului-karawanken-austria\/"]}]},{"@type":"BreadcrumbList","@id":"https:\/\/tollscout.eu\/ro\/taxa-de-trecere-a-tunelului-karawanken-austria\/#breadcrumb","itemListElement":[{"@type":"ListItem","position":1,"name":"Startseite","item":"https:\/\/tollscout.eu\/ro\/"},{"@type":"ListItem","position":2,"name":"Taxa de trecere a tunelului Karawanken Austria"}]},{"@type":"WebSite","@id":"https:\/\/tollscout.eu\/ro\/#website","url":"https:\/\/tollscout.eu\/ro\/","name":"Tollscout\u00ae","description":"","publisher":{"@id":"https:\/\/tollscout.eu\/ro\/#organization"},"potentialAction":[{"@type":"SearchAction","target":{"@type":"EntryPoint","urlTemplate":"https:\/\/tollscout.eu\/ro\/?s={search_term_string}"},"query-input":{"@type":"PropertyValueSpecification","valueRequired":true,"valueName":"search_term_string"}}],"inLanguage":"ro-RO"},{"@type":"Organization","@id":"https:\/\/tollscout.eu\/ro\/#organization","name":"TollScout","alternateName":"TollScout","url":"https:\/\/tollscout.eu\/ro\/","logo":{"@type":"ImageObject","inLanguage":"ro-RO","@id":"https:\/\/tollscout.eu\/ro\/#\/schema\/logo\/image\/","url":"https:\/\/tollscout.eu\/wp-content\/uploads\/2023\/11\/logo_social_media_1024.png","contentUrl":"https:\/\/tollscout.eu\/wp-content\/uploads\/2023\/11\/logo_social_media_1024.png","width":1024,"height":1024,"caption":"TollScout"},"image":{"@id":"https:\/\/tollscout.eu\/ro\/#\/schema\/logo\/image\/"},"sameAs":["https:\/\/facebook.com\/tollscout","https:\/\/x.com\/tollscout","https:\/\/instagram.com\/tollscout"]}]}},"uagb_featured_image_src":{"full":false,"thumbnail":false,"medium":false,"medium_large":false,"large":false,"1536x1536":false,"2048x2048":false,"gform-image-choice-sm":false,"gform-image-choice-md":false,"gform-image-choice-lg":false},"uagb_author_info":{"display_name":"Tollscout","author_link":"https:\/\/tollscout.eu\/ro\/author\/m-hemm\/"},"uagb_comment_info":0,"uagb_excerpt":"Taxa de trecere a tunelului Karawanken Austria Taxa de trecere a tunelului Karawanken Austria Tunelul Karawanken (cunoscut \u0219i ca Predor [&hellip;]","_links":{"self":[{"href":"https:\/\/tollscout.eu\/ro\/wp-json\/wp\/v2\/pages\/6600","targetHints":{"allow":["GET"]}}],"collection":[{"href":"https:\/\/tollscout.eu\/ro\/wp-json\/wp\/v2\/pages"}],"about":[{"href":"https:\/\/tollscout.eu\/ro\/wp-json\/wp\/v2\/types\/page"}],"author":[{"embeddable":true,"href":"https:\/\/tollscout.eu\/ro\/wp-json\/wp\/v2\/users\/2"}],"replies":[{"embeddable":true,"href":"https:\/\/tollscout.eu\/ro\/wp-json\/wp\/v2\/comments?post=6600"}],"version-history":[{"count":8,"href":"https:\/\/tollscout.eu\/ro\/wp-json\/wp\/v2\/pages\/6600\/revisions"}],"predecessor-version":[{"id":9090,"href":"https:\/\/tollscout.eu\/ro\/wp-json\/wp\/v2\/pages\/6600\/revisions\/9090"}],"wp:attachment":[{"href":"https:\/\/tollscout.eu\/ro\/wp-json\/wp\/v2\/media?parent=6600"}],"curies":[{"name":"wp","href":"https:\/\/api.w.org\/{rel}","templated":true}]}}