{"id":6515,"date":"2023-08-25T12:00:01","date_gmt":"2023-08-25T10:00:01","guid":{"rendered":"https:\/\/tollscout.eu\/brenner-toll-austria\/"},"modified":"2024-08-01T01:55:58","modified_gmt":"2024-07-31T23:55:58","slug":"taxa-de-drum-brenner","status":"publish","type":"page","link":"https:\/\/tollscout.eu\/ro\/taxa-de-drum-brenner\/","title":{"rendered":"Brenner Toll Austria"},"content":{"rendered":"\n<div class=\"wp-block-uagb-container uagb-block-c1e2fce7 alignfull uagb-is-root-container\"><div class=\"uagb-container-inner-blocks-wrap\">\n<div class=\"wp-block-uagb-advanced-heading uagb-block-c767fabd\"><h1 class=\"uagb-heading-text\">Brenner Toll Online Austria<\/h1><\/div>\n<\/div><\/div>\n\n<div class=\"wp-block-uagb-container uagb-block-03d628be alignfull uagb-is-root-container\"><div class=\"uagb-container-inner-blocks-wrap\">\n<div id=\"app\" data-context=\"at\"><\/div>\n<\/div><\/div>\n\n<div class=\"wp-block-uagb-container uagb-block-f356067b alignfull uagb-is-root-container\"><div class=\"uagb-container-inner-blocks-wrap\">\n<div class=\"wp-block-uagb-advanced-heading uagb-block-e02782db\"><h2 class=\"uagb-heading-text\">Brenner Toll Online Austria<\/h2><p class=\"uagb-desc-text\">Autostrada Brenner A 13, parte a Rutei Europene 45, se \u00eentinde prin Tirol \u0219i este parte integrant\u0103 a Autostr\u0103zii Brenner, care a fost construit\u0103 \u00een anii 1960 \u0219i este considerat\u0103 una dintre primele autostr\u0103zi montane din lume. Este tronsonul austriac al autostr\u0103zii Brenner. La 5 aprilie 1971, a fost deschis\u0103 oficial pentru traficul dintre Austria \u0219i Italia. A 13 trece de la Innsbruck (intersec\u021bia Inntal Autobahn A 12) prin Wipptal p\u00e2n\u0103 la Pasul Brenner, care a format grani\u021ba dintre Italia \u0219i Austria din 1920 conform Tratatului de la Saint-Germain. Sec\u021biunea ulterioar\u0103 de pe teritoriul italian este denumit\u0103 A 22, Autostrada Brenner\/Autostrada del Brennero sau pur \u0219i simplu Autobrennero.    <\/p><\/div>\n<\/div><\/div>\n\n<div class=\"wp-block-uagb-container uagb-block-7efd3c31 alignfull uagb-is-root-container\"><div class=\"uagb-container-inner-blocks-wrap\">\n<div class=\"wp-block-uagb-advanced-heading uagb-block-4602874c\"><h2 class=\"uagb-heading-text\">\u00ceNTREB\u0102RI FRECVENTE<\/h2><p class=\"uagb-desc-text\">Aici v\u0103 r\u0103spundem la toate \u00eentreb\u0103rile despre taxa de trecere Brenner din Austria.<\/p><\/div>\n\n\n<div class=\"wp-block-uagb-faq uagb-faq__outer-wrap uagb-block-4fe496d4 uagb-faq-icon-row-reverse uagb-faq-layout-accordion uagb-faq-expand-first-false uagb-faq-inactive-other-true uagb-faq__wrap uagb-buttons-layout-wrap uagb-faq-equal-height     \" data-faqtoggle=\"true\" role=\"tablist\"><div class=\"wp-block-uagb-faq-child uagb-faq-child__outer-wrap uagb-faq-item uagb-block-1a70522e \" role=\"tab\" tabindex=\"0\"><div class=\"uagb-faq-questions-button uagb-faq-questions\">\t\t\t<span class=\"uagb-icon uagb-faq-icon-wrap\">\n\t\t\t\t\t\t\t<\/span>\n\t\t\t\t\t\t<span class=\"uagb-icon-active uagb-faq-icon-wrap\">\n\t\t\t\t\t\t\t\t<svg xmlns=\"https:\/\/www.w3.org\/2000\/svg\" viewBox= \"0 0 320 512\"><path d=\"M9.39 265.4l127.1-128C143.6 131.1 151.8 128 160 128s16.38 3.125 22.63 9.375l127.1 128c9.156 9.156 11.9 22.91 6.943 34.88S300.9 320 287.1 320H32.01c-12.94 0-24.62-7.781-29.58-19.75S.2333 274.5 9.39 265.4z\"><\/path><\/svg>\n\t\t\t\t\t\t\t<\/span>\n\t\t\t<h3 class=\"uagb-question\">C\u00e2t cost\u0103 taxa de drum Brenner \u00een Austria? <\/h3><\/div><div class=\"uagb-faq-content\"><p>Taxele pentru autostrada Brenner (A13) pot varia \u00een func\u021bie de tipul vehiculului, perioada anului \u0219i sec\u021biunea de rut\u0103. Este indicat s\u0103 verifica\u021bi tarifele actuale pe site-ul oficial al operatorului sau la cabinele de taxare, acestea put\u00e2nd fi modificate. Taxele sunt de obicei calculate pe baza kilometrajului \u0219i categoriei de vehicule, cu pre\u021buri diferite aplicabile pentru ma\u0219ini, RV-uri, camioane \u0219i autobuze. De asemenea, este posibil s\u0103 utiliza\u021bi diverse op\u021biuni de plat\u0103, cum ar fi numerar sau sisteme electronice de taxare pentru a pl\u0103ti taxa pe autostrada Brenner.   <\/p><\/div><\/div><div class=\"wp-block-uagb-faq-child uagb-faq-child__outer-wrap uagb-faq-item uagb-block-bd4b64b2 \" role=\"tab\" tabindex=\"0\"><div class=\"uagb-faq-questions-button uagb-faq-questions\">\t\t\t<span class=\"uagb-icon uagb-faq-icon-wrap\">\n\t\t\t\t\t\t\t<\/span>\n\t\t\t\t\t\t<span class=\"uagb-icon-active uagb-faq-icon-wrap\">\n\t\t\t\t\t\t\t\t<svg xmlns=\"https:\/\/www.w3.org\/2000\/svg\" viewBox= \"0 0 320 512\"><path d=\"M9.39 265.4l127.1-128C143.6 131.1 151.8 128 160 128s16.38 3.125 22.63 9.375l127.1 128c9.156 9.156 11.9 22.91 6.943 34.88S300.9 320 287.1 320H32.01c-12.94 0-24.62-7.781-29.58-19.75S.2333 274.5 9.39 265.4z\"><\/path><\/svg>\n\t\t\t\t\t\t\t<\/span>\n\t\t\t<h3 class=\"uagb-question\">Cum se pl\u0103te\u0219te taxa de trecere \u00een Pasul Brenner? <\/h3><\/div><div class=\"uagb-faq-content\"><p>Taxa digital\u0103 de rut\u0103 pentru por\u021biunea austriac\u0103 a autostr\u0103zii Brenner A13 poate fi achizi\u021bionat\u0103 at\u00e2t online de la noi, c\u00e2t \u0219i offline la sta\u021biile de taxare \u0219i benzin\u0103. Nu sunt posibile achizi\u021bii online pentru tronsonul italian al autostr\u0103zii A22 Brenner. Acest lucru se datoreaz\u0103 faptului c\u0103 Austria \u0219i Italia au sisteme de taxare diferite. Din acest motiv, taxa trebuie achitat\u0103 la cabina de taxare.   <\/p><\/div><\/div><div class=\"wp-block-uagb-faq-child uagb-faq-child__outer-wrap uagb-faq-item uagb-block-49ae175a \" role=\"tab\" tabindex=\"0\"><div class=\"uagb-faq-questions-button uagb-faq-questions\">\t\t\t<span class=\"uagb-icon uagb-faq-icon-wrap\">\n\t\t\t\t\t\t\t<\/span>\n\t\t\t\t\t\t<span class=\"uagb-icon-active uagb-faq-icon-wrap\">\n\t\t\t\t\t\t\t\t<svg xmlns=\"https:\/\/www.w3.org\/2000\/svg\" viewBox= \"0 0 320 512\"><path d=\"M9.39 265.4l127.1-128C143.6 131.1 151.8 128 160 128s16.38 3.125 22.63 9.375l127.1 128c9.156 9.156 11.9 22.91 6.943 34.88S300.9 320 287.1 320H32.01c-12.94 0-24.62-7.781-29.58-19.75S.2333 274.5 9.39 265.4z\"><\/path><\/svg>\n\t\t\t\t\t\t\t<\/span>\n\t\t\t<h3 class=\"uagb-question\">Unde se pl\u0103te\u0219te taxa de drum Brenner?<\/h3><\/div><div class=\"uagb-faq-content\"><p>Taxa de trecere pe sec\u021biunea italian\u0103 a autostr\u0103zii Brenner, <a href=\"https:\/\/de.wikipedia.org\/wiki\/Autostrada_A22\">Autostrada A22<\/a>, se pl\u0103te\u0219te la sta\u021biile de taxare situate de-a lungul autostr\u0103zii. \u0218oferii sunt obliga\u021bi s\u0103 pl\u0103teasc\u0103 o tax\u0103 la aceste sta\u021bii pentru a putea circula pe autostrad\u0103. Nu exist\u0103 op\u021biunea de a pl\u0103ti online sau de a pl\u0103ti taxa de drum \u00een avans. Taxa de drum pentru <a href=\"https:\/\/de.wikipedia.org\/wiki\/Brenner_Autobahn\">sec\u021biunea austriac\u0103 a autostr\u0103zii A13 Brenner<\/a> poate fi achizi\u021bionat\u0103 at\u00e2t offline, c\u00e2t \u0219i online, \u00een magazinul nostru online.<\/p><\/div><\/div><div class=\"wp-block-uagb-faq-child uagb-faq-child__outer-wrap uagb-faq-item uagb-block-c7b6f203 \" role=\"tab\" tabindex=\"0\"><div class=\"uagb-faq-questions-button uagb-faq-questions\">\t\t\t<span class=\"uagb-icon uagb-faq-icon-wrap\">\n\t\t\t\t\t\t\t<\/span>\n\t\t\t\t\t\t<span class=\"uagb-icon-active uagb-faq-icon-wrap\">\n\t\t\t\t\t\t\t\t<svg xmlns=\"https:\/\/www.w3.org\/2000\/svg\" viewBox= \"0 0 320 512\"><path d=\"M9.39 265.4l127.1-128C143.6 131.1 151.8 128 160 128s16.38 3.125 22.63 9.375l127.1 128c9.156 9.156 11.9 22.91 6.943 34.88S300.9 320 287.1 320H32.01c-12.94 0-24.62-7.781-29.58-19.75S.2333 274.5 9.39 265.4z\"><\/path><\/svg>\n\t\t\t\t\t\t\t<\/span>\n\t\t\t<h3 class=\"uagb-question\">De ce viniete sau taxe de drum am nevoie pentru Brenner Pass?<\/h3><\/div><div class=\"uagb-faq-content\"><p>Ce vignete \u0219i\/sau taxe de rut\u0103 sunt necesare pentru trecerea Brenner depind de \u00eenceput \u0219i destina\u021bie. \u00cen func\u021bie de ce col\u021b al Europei dori\u021bi s\u0103 ajunge\u021bi \u00een destina\u021bii dup\u0103 Brenner, vinietele necesare \u0219i taxele de rut\u0103 difer\u0103. Pute\u021bi cump\u0103ra <a href=\"https:\/\/tollscout.eu\/digitale-vignette-oestehttps:\/\/tollscout.eu\/digitale-vignette-oesterreich-online\/rreich-online\/\">viniete pentru Austria<\/a>, Slovenia, Elve\u021bia, Rom\u00e2nia, Bulgaria, Slovacia, Ungaria \u0219i Republica Ceh\u0103 din magazinul nostru online. Taxele de rut\u0103 pentru Austria sunt, de asemenea, disponibile de la noi.    <\/p><\/div><\/div><div class=\"wp-block-uagb-faq-child uagb-faq-child__outer-wrap uagb-faq-item uagb-block-66a7673f \" role=\"tab\" tabindex=\"0\"><div class=\"uagb-faq-questions-button uagb-faq-questions\">\t\t\t<span class=\"uagb-icon uagb-faq-icon-wrap\">\n\t\t\t\t\t\t\t<\/span>\n\t\t\t\t\t\t<span class=\"uagb-icon-active uagb-faq-icon-wrap\">\n\t\t\t\t\t\t\t\t<svg xmlns=\"https:\/\/www.w3.org\/2000\/svg\" viewBox= \"0 0 320 512\"><path d=\"M9.39 265.4l127.1-128C143.6 131.1 151.8 128 160 128s16.38 3.125 22.63 9.375l127.1 128c9.156 9.156 11.9 22.91 6.943 34.88S300.9 320 287.1 320H32.01c-12.94 0-24.62-7.781-29.58-19.75S.2333 274.5 9.39 265.4z\"><\/path><\/svg>\n\t\t\t\t\t\t\t<\/span>\n\t\t\t<h3 class=\"uagb-question\">C\u00e2t cost\u0103 taxa de trecere Brenner p\u00e2n\u0103 la Bolzano?<\/h3><\/div><div class=\"uagb-faq-content\"><p>Nu po\u021bi spune \u00een termeni generali care va fi taxa peste pasul Brenner c\u0103tre Bolzano, deoarece depinde de unde vii. Dac\u0103 conduce\u021bi din Germania sau Austria prin pasul Brenner spre Bolzano, de obicei va trebui s\u0103 pl\u0103ti\u021bi o viniet\u0103 austriac\u0103, precum \u0219i taxe de rut\u0103 pentru por\u021biunea austriac\u0103 a autostr\u0103zii Brenner A13 \u0219i autostrada Brenner italian\u0103 A22.  <\/p><\/div><\/div><div class=\"wp-block-uagb-faq-child uagb-faq-child__outer-wrap uagb-faq-item uagb-block-fe87bb9c \" role=\"tab\" tabindex=\"0\"><div class=\"uagb-faq-questions-button uagb-faq-questions\">\t\t\t<span class=\"uagb-icon uagb-faq-icon-wrap\">\n\t\t\t\t\t\t\t<\/span>\n\t\t\t\t\t\t<span class=\"uagb-icon-active uagb-faq-icon-wrap\">\n\t\t\t\t\t\t\t\t<svg xmlns=\"https:\/\/www.w3.org\/2000\/svg\" viewBox= \"0 0 320 512\"><path d=\"M9.39 265.4l127.1-128C143.6 131.1 151.8 128 160 128s16.38 3.125 22.63 9.375l127.1 128c9.156 9.156 11.9 22.91 6.943 34.88S300.9 320 287.1 320H32.01c-12.94 0-24.62-7.781-29.58-19.75S.2333 274.5 9.39 265.4z\"><\/path><\/svg>\n\t\t\t\t\t\t\t<\/span>\n\t\t\t<h3 class=\"uagb-question\">C\u00e2t cost\u0103 taxa de drum p\u00e2n\u0103 la Lacul Garda?<\/h3><\/div><div class=\"uagb-faq-content\"><p>\u00cen ceea ce prive\u0219te taxa de trecere a pasului Brenner c\u0103tre Lacul Garda, nu exist\u0103 un r\u0103spuns general, deoarece depinde de direc\u021bia din care veni\u021bi. Dac\u0103 conduce\u021bi din Germania sau Austria peste pasul Brenner spre Lacul Garda, de obicei va trebui s\u0103 pl\u0103ti\u021bi o viniet\u0103 austriac\u0103, precum \u0219i taxe de drum pentru por\u021biunea austriac\u0103 a autostr\u0103zii Brenner A13 \u0219i autostrada Brenner A22 italian\u0103. <\/p><\/div><\/div><\/div><\/div><\/div>\n","protected":false},"excerpt":{"rendered":"<p>Brenner Toll Online Austria Brenner Toll Online Austria Autostrada Brenner A 13, parte a Rutei Europene 45, se \u00eentinde prin [&hellip;]<\/p>\n","protected":false},"author":2,"featured_media":0,"parent":0,"menu_order":0,"comment_status":"closed","ping_status":"closed","template":"","meta":{"_uag_custom_page_level_css":"","site-sidebar-layout":"no-sidebar","site-content-layout":"","ast-site-content-layout":"normal-width-container","site-content-style":"unboxed","site-sidebar-style":"unboxed","ast-global-header-display":"","ast-banner-title-visibility":"","ast-main-header-display":"","ast-hfb-above-header-display":"","ast-hfb-below-header-display":"","ast-hfb-mobile-header-display":"","site-post-title":"disabled","ast-breadcrumbs-content":"","ast-featured-img":"","footer-sml-layout":"","ast-disable-related-posts":"","theme-transparent-header-meta":"enabled","adv-header-id-meta":"","stick-header-meta":"","header-above-stick-meta":"","header-main-stick-meta":"","header-below-stick-meta":"","astra-migrate-meta-layouts":"default","ast-page-background-enabled":"default","ast-page-background-meta":{"desktop":{"background-color":"var(--ast-global-color-5)","background-image":"","background-repeat":"repeat","background-position":"center center","background-size":"auto","background-attachment":"scroll","background-type":"","background-media":"","overlay-type":"","overlay-color":"","overlay-opacity":"","overlay-gradient":""},"tablet":{"background-color":"","background-image":"","background-repeat":"repeat","background-position":"center center","background-size":"auto","background-attachment":"scroll","background-type":"","background-media":"","overlay-type":"","overlay-color":"","overlay-opacity":"","overlay-gradient":""},"mobile":{"background-color":"","background-image":"","background-repeat":"repeat","background-position":"center center","background-size":"auto","background-attachment":"scroll","background-type":"","background-media":"","overlay-type":"","overlay-color":"","overlay-opacity":"","overlay-gradient":""}},"ast-content-background-meta":{"desktop":{"background-color":"var(--ast-global-color-4)","background-image":"","background-repeat":"repeat","background-position":"center center","background-size":"auto","background-attachment":"scroll","background-type":"","background-media":"","overlay-type":"","overlay-color":"","overlay-opacity":"","overlay-gradient":""},"tablet":{"background-color":"var(--ast-global-color-4)","background-image":"","background-repeat":"repeat","background-position":"center center","background-size":"auto","background-attachment":"scroll","background-type":"","background-media":"","overlay-type":"","overlay-color":"","overlay-opacity":"","overlay-gradient":""},"mobile":{"background-color":"var(--ast-global-color-4)","background-image":"","background-repeat":"repeat","background-position":"center center","background-size":"auto","background-attachment":"scroll","background-type":"","background-media":"","overlay-type":"","overlay-color":"","overlay-opacity":"","overlay-gradient":""}},"footnotes":""},"class_list":["post-6515","page","type-page","status-publish","hentry"],"yoast_head":"<!-- This site is optimized with the Yoast SEO plugin v27.1.1 - https:\/\/yoast.com\/product\/yoast-seo-wordpress\/ -->\n<title>Brenner Toll Online Austria - Valabil imediat<\/title>\n<meta name=\"description\" content=\"Brenner taxeaz\u0103 online Austria. Cump\u0103ra\u021bi rapid \u0219i u\u0219or online taxa de rut\u0103 digital\u0103 pentru autostrada A13 Brenner. Valabil imediat.\" \/>\n<meta name=\"robots\" content=\"index, follow, max-snippet:-1, max-image-preview:large, max-video-preview:-1\" \/>\n<link rel=\"canonical\" href=\"https:\/\/tollscout.eu\/ro\/taxa-de-drum-brenner\/\" \/>\n<meta property=\"og:locale\" content=\"ro_RO\" \/>\n<meta property=\"og:type\" content=\"article\" \/>\n<meta property=\"og:title\" content=\"Brenner Toll Online Austria - Valabil imediat\" \/>\n<meta property=\"og:description\" content=\"Brenner taxeaz\u0103 online Austria. Cump\u0103ra\u021bi rapid \u0219i u\u0219or online taxa de rut\u0103 digital\u0103 pentru autostrada A13 Brenner. Valabil imediat.\" \/>\n<meta property=\"og:url\" content=\"https:\/\/tollscout.eu\/ro\/taxa-de-drum-brenner\/\" \/>\n<meta property=\"og:site_name\" content=\"Tollscout\u00ae\" \/>\n<meta property=\"article:publisher\" content=\"https:\/\/facebook.com\/tollscout\" \/>\n<meta property=\"article:modified_time\" content=\"2024-07-31T23:55:58+00:00\" \/>\n<meta property=\"og:image\" content=\"https:\/\/tollscout.eu\/wp-content\/uploads\/2023\/08\/logo_color_360x92px.png\" \/>\n<meta name=\"twitter:card\" content=\"summary_large_image\" \/>\n<meta name=\"twitter:image\" content=\"https:\/\/tollscout.eu\/wp-content\/uploads\/2023\/08\/logo_color_360x92px.png\" \/>\n<meta name=\"twitter:site\" content=\"@tollscout\" \/>\n<meta name=\"twitter:label1\" content=\"Timp estimat pentru citire\" \/>\n\t<meta name=\"twitter:data1\" content=\"1 minut\" \/>\n<script type=\"application\/ld+json\" class=\"yoast-schema-graph\">{\"@context\":\"https:\/\/schema.org\",\"@graph\":[{\"@type\":\"WebPage\",\"@id\":\"https:\/\/tollscout.eu\/ro\/taxa-de-drum-brenner\/\",\"url\":\"https:\/\/tollscout.eu\/ro\/taxa-de-drum-brenner\/\",\"name\":\"Brenner Toll Online Austria - Valabil imediat\",\"isPartOf\":{\"@id\":\"https:\/\/tollscout.eu\/ro\/#website\"},\"datePublished\":\"2023-08-25T10:00:01+00:00\",\"dateModified\":\"2024-07-31T23:55:58+00:00\",\"description\":\"Brenner taxeaz\u0103 online Austria. Cump\u0103ra\u021bi rapid \u0219i u\u0219or online taxa de rut\u0103 digital\u0103 pentru autostrada A13 Brenner. Valabil imediat.\",\"breadcrumb\":{\"@id\":\"https:\/\/tollscout.eu\/ro\/taxa-de-drum-brenner\/#breadcrumb\"},\"inLanguage\":\"ro-RO\",\"potentialAction\":[{\"@type\":\"ReadAction\",\"target\":[\"https:\/\/tollscout.eu\/ro\/taxa-de-drum-brenner\/\"]}]},{\"@type\":\"BreadcrumbList\",\"@id\":\"https:\/\/tollscout.eu\/ro\/taxa-de-drum-brenner\/#breadcrumb\",\"itemListElement\":[{\"@type\":\"ListItem\",\"position\":1,\"name\":\"Startseite\",\"item\":\"https:\/\/tollscout.eu\/ro\/\"},{\"@type\":\"ListItem\",\"position\":2,\"name\":\"Brenner Toll Austria\"}]},{\"@type\":\"WebSite\",\"@id\":\"https:\/\/tollscout.eu\/ro\/#website\",\"url\":\"https:\/\/tollscout.eu\/ro\/\",\"name\":\"Tollscout\u00ae\",\"description\":\"\",\"publisher\":{\"@id\":\"https:\/\/tollscout.eu\/ro\/#organization\"},\"potentialAction\":[{\"@type\":\"SearchAction\",\"target\":{\"@type\":\"EntryPoint\",\"urlTemplate\":\"https:\/\/tollscout.eu\/ro\/?s={search_term_string}\"},\"query-input\":{\"@type\":\"PropertyValueSpecification\",\"valueRequired\":true,\"valueName\":\"search_term_string\"}}],\"inLanguage\":\"ro-RO\"},{\"@type\":\"Organization\",\"@id\":\"https:\/\/tollscout.eu\/ro\/#organization\",\"name\":\"TollScout\",\"alternateName\":\"TollScout\",\"url\":\"https:\/\/tollscout.eu\/ro\/\",\"logo\":{\"@type\":\"ImageObject\",\"inLanguage\":\"ro-RO\",\"@id\":\"https:\/\/tollscout.eu\/ro\/#\/schema\/logo\/image\/\",\"url\":\"https:\/\/tollscout.eu\/wp-content\/uploads\/2023\/11\/logo_social_media_1024.png\",\"contentUrl\":\"https:\/\/tollscout.eu\/wp-content\/uploads\/2023\/11\/logo_social_media_1024.png\",\"width\":1024,\"height\":1024,\"caption\":\"TollScout\"},\"image\":{\"@id\":\"https:\/\/tollscout.eu\/ro\/#\/schema\/logo\/image\/\"},\"sameAs\":[\"https:\/\/facebook.com\/tollscout\",\"https:\/\/x.com\/tollscout\",\"https:\/\/instagram.com\/tollscout\"]}]}<\/script>\n<!-- \/ Yoast SEO plugin. -->","yoast_head_json":{"title":"Brenner Toll Online Austria - Valabil imediat","description":"Brenner taxeaz\u0103 online Austria. Cump\u0103ra\u021bi rapid \u0219i u\u0219or online taxa de rut\u0103 digital\u0103 pentru autostrada A13 Brenner. Valabil imediat.","robots":{"index":"index","follow":"follow","max-snippet":"max-snippet:-1","max-image-preview":"max-image-preview:large","max-video-preview":"max-video-preview:-1"},"canonical":"https:\/\/tollscout.eu\/ro\/taxa-de-drum-brenner\/","og_locale":"ro_RO","og_type":"article","og_title":"Brenner Toll Online Austria - Valabil imediat","og_description":"Brenner taxeaz\u0103 online Austria. Cump\u0103ra\u021bi rapid \u0219i u\u0219or online taxa de rut\u0103 digital\u0103 pentru autostrada A13 Brenner. Valabil imediat.","og_url":"https:\/\/tollscout.eu\/ro\/taxa-de-drum-brenner\/","og_site_name":"Tollscout\u00ae","article_publisher":"https:\/\/facebook.com\/tollscout","article_modified_time":"2024-07-31T23:55:58+00:00","og_image":[{"url":"https:\/\/tollscout.eu\/wp-content\/uploads\/2023\/08\/logo_color_360x92px.png","type":"","width":"","height":""}],"twitter_card":"summary_large_image","twitter_image":"https:\/\/tollscout.eu\/wp-content\/uploads\/2023\/08\/logo_color_360x92px.png","twitter_site":"@tollscout","twitter_misc":{"Timp estimat pentru citire":"1 minut"},"schema":{"@context":"https:\/\/schema.org","@graph":[{"@type":"WebPage","@id":"https:\/\/tollscout.eu\/ro\/taxa-de-drum-brenner\/","url":"https:\/\/tollscout.eu\/ro\/taxa-de-drum-brenner\/","name":"Brenner Toll Online Austria - Valabil imediat","isPartOf":{"@id":"https:\/\/tollscout.eu\/ro\/#website"},"datePublished":"2023-08-25T10:00:01+00:00","dateModified":"2024-07-31T23:55:58+00:00","description":"Brenner taxeaz\u0103 online Austria. Cump\u0103ra\u021bi rapid \u0219i u\u0219or online taxa de rut\u0103 digital\u0103 pentru autostrada A13 Brenner. Valabil imediat.","breadcrumb":{"@id":"https:\/\/tollscout.eu\/ro\/taxa-de-drum-brenner\/#breadcrumb"},"inLanguage":"ro-RO","potentialAction":[{"@type":"ReadAction","target":["https:\/\/tollscout.eu\/ro\/taxa-de-drum-brenner\/"]}]},{"@type":"BreadcrumbList","@id":"https:\/\/tollscout.eu\/ro\/taxa-de-drum-brenner\/#breadcrumb","itemListElement":[{"@type":"ListItem","position":1,"name":"Startseite","item":"https:\/\/tollscout.eu\/ro\/"},{"@type":"ListItem","position":2,"name":"Brenner Toll Austria"}]},{"@type":"WebSite","@id":"https:\/\/tollscout.eu\/ro\/#website","url":"https:\/\/tollscout.eu\/ro\/","name":"Tollscout\u00ae","description":"","publisher":{"@id":"https:\/\/tollscout.eu\/ro\/#organization"},"potentialAction":[{"@type":"SearchAction","target":{"@type":"EntryPoint","urlTemplate":"https:\/\/tollscout.eu\/ro\/?s={search_term_string}"},"query-input":{"@type":"PropertyValueSpecification","valueRequired":true,"valueName":"search_term_string"}}],"inLanguage":"ro-RO"},{"@type":"Organization","@id":"https:\/\/tollscout.eu\/ro\/#organization","name":"TollScout","alternateName":"TollScout","url":"https:\/\/tollscout.eu\/ro\/","logo":{"@type":"ImageObject","inLanguage":"ro-RO","@id":"https:\/\/tollscout.eu\/ro\/#\/schema\/logo\/image\/","url":"https:\/\/tollscout.eu\/wp-content\/uploads\/2023\/11\/logo_social_media_1024.png","contentUrl":"https:\/\/tollscout.eu\/wp-content\/uploads\/2023\/11\/logo_social_media_1024.png","width":1024,"height":1024,"caption":"TollScout"},"image":{"@id":"https:\/\/tollscout.eu\/ro\/#\/schema\/logo\/image\/"},"sameAs":["https:\/\/facebook.com\/tollscout","https:\/\/x.com\/tollscout","https:\/\/instagram.com\/tollscout"]}]}},"uagb_featured_image_src":{"full":false,"thumbnail":false,"medium":false,"medium_large":false,"large":false,"1536x1536":false,"2048x2048":false,"gform-image-choice-sm":false,"gform-image-choice-md":false,"gform-image-choice-lg":false},"uagb_author_info":{"display_name":"Tollscout","author_link":"https:\/\/tollscout.eu\/ro\/author\/m-hemm\/"},"uagb_comment_info":0,"uagb_excerpt":"Brenner Toll Online Austria Brenner Toll Online Austria Autostrada Brenner A 13, parte a Rutei Europene 45, se \u00eentinde prin [&hellip;]","_links":{"self":[{"href":"https:\/\/tollscout.eu\/ro\/wp-json\/wp\/v2\/pages\/6515","targetHints":{"allow":["GET"]}}],"collection":[{"href":"https:\/\/tollscout.eu\/ro\/wp-json\/wp\/v2\/pages"}],"about":[{"href":"https:\/\/tollscout.eu\/ro\/wp-json\/wp\/v2\/types\/page"}],"author":[{"embeddable":true,"href":"https:\/\/tollscout.eu\/ro\/wp-json\/wp\/v2\/users\/2"}],"replies":[{"embeddable":true,"href":"https:\/\/tollscout.eu\/ro\/wp-json\/wp\/v2\/comments?post=6515"}],"version-history":[{"count":7,"href":"https:\/\/tollscout.eu\/ro\/wp-json\/wp\/v2\/pages\/6515\/revisions"}],"predecessor-version":[{"id":9104,"href":"https:\/\/tollscout.eu\/ro\/wp-json\/wp\/v2\/pages\/6515\/revisions\/9104"}],"wp:attachment":[{"href":"https:\/\/tollscout.eu\/ro\/wp-json\/wp\/v2\/media?parent=6515"}],"curies":[{"name":"wp","href":"https:\/\/api.w.org\/{rel}","templated":true}]}}