{"id":8700,"date":"2023-08-24T17:48:25","date_gmt":"2023-08-24T15:48:25","guid":{"rendered":"https:\/\/tollscout.eu\/oplata-za-przejazd-tunelem-tauern-w-austrii\/"},"modified":"2024-08-01T01:49:36","modified_gmt":"2024-07-31T23:49:36","slug":"oplata-za-przejazd-tunelem-tauern-w-austrii","status":"publish","type":"page","link":"https:\/\/tollscout.eu\/pl\/oplata-za-przejazd-tunelem-tauern-w-austrii\/","title":{"rendered":"Op\u0142ata za przejazd tunelem Tauern w Austrii"},"content":{"rendered":"\n<div class=\"wp-block-uagb-container uagb-block-c1e2fce7 alignfull uagb-is-root-container\"><div class=\"uagb-container-inner-blocks-wrap\">\n<div class=\"wp-block-uagb-advanced-heading uagb-block-c767fabd\"><h1 class=\"uagb-heading-text\">Op\u0142ata za przejazd tunelem Tauern w Austrii<\/h1><\/div>\n<\/div><\/div>\n\n<div class=\"wp-block-uagb-container uagb-block-f0fe747c alignfull uagb-is-root-container\"><div class=\"uagb-container-inner-blocks-wrap\">\n<div id=\"app\" data-context=\"at\"><\/div>\n<\/div><\/div>\n\n<div class=\"wp-block-uagb-container uagb-block-f356067b alignfull uagb-is-root-container\"><div class=\"uagb-container-inner-blocks-wrap\">\n<div class=\"wp-block-uagb-advanced-heading uagb-block-e02782db\"><h2 class=\"uagb-heading-text\">Op\u0142ata za przejazd tunelem Tauern w Austrii<\/h2><p class=\"uagb-desc-text\">Tunel Tauern to tunel drogowy o d\u0142ugo\u015bci 6546 metr\u00f3w na autostradzie A 10 Tauern. Wraz z tunelem Katschberg stanowi kluczow\u0105 cz\u0119\u015b\u0107 po\u0142\u0105czenia pomi\u0119dzy Villach i Salzburgiem. Przejazd tunelami Katschberg i Tauern, obejmuj\u0105cy przejazd obydwoma tunelami, zaliczany jest do trasy specjalnej p\u0142atnej i wymaga uiszczenia op\u0142aty w wysoko\u015bci 13,50 euro. Trasa ta, podobnie jak wszystkie inne specjalne trasy p\u0142atne w Austrii, jest zwolniona z obowi\u0105zku winiety.   <\/p><\/div>\n<\/div><\/div>\n\n<div class=\"wp-block-uagb-container uagb-block-7efd3c31 alignfull uagb-is-root-container\"><div class=\"uagb-container-inner-blocks-wrap\">\n<div class=\"wp-block-uagb-advanced-heading uagb-block-4602874c\"><h2 class=\"uagb-heading-text\">FAQ<\/h2><p class=\"uagb-desc-text\">Tutaj odpowiadamy na wszystkie pytania dotycz\u0105ce op\u0142at za przejazd tunelem Tauern w Austrii.<\/p><\/div>\n\n\n<div class=\"wp-block-uagb-faq uagb-faq__outer-wrap uagb-block-4fe496d4 uagb-faq-icon-row-reverse uagb-faq-layout-accordion uagb-faq-expand-first-false uagb-faq-inactive-other-true uagb-faq__wrap uagb-buttons-layout-wrap uagb-faq-equal-height     \" data-faqtoggle=\"true\" role=\"tablist\"><div class=\"wp-block-uagb-faq-child uagb-faq-child__outer-wrap uagb-faq-item uagb-block-1a70522e wp-block-uagb-faq-child uagb-faq-child__outer-wrap uagb-faq-item uagb-block-1a70522e\" role=\"tab\" tabindex=\"0\"><div class=\"uagb-faq-questions-button uagb-faq-questions\">\t\t\t<span class=\"uagb-icon uagb-faq-icon-wrap\">\n\t\t\t\t\t\t\t<\/span>\n\t\t\t\t\t\t<span class=\"uagb-icon-active uagb-faq-icon-wrap\">\n\t\t\t\t\t\t\t\t<svg xmlns=\"https:\/\/www.w3.org\/2000\/svg\" viewBox= \"0 0 320 512\"><path d=\"M9.39 265.4l127.1-128C143.6 131.1 151.8 128 160 128s16.38 3.125 22.63 9.375l127.1 128c9.156 9.156 11.9 22.91 6.943 34.88S300.9 320 287.1 320H32.01c-12.94 0-24.62-7.781-29.58-19.75S.2333 274.5 9.39 265.4z\"><\/path><\/svg>\n\t\t\t\t\t\t\t<\/span>\n\t\t\t<h3 class=\"uagb-question\"><strong>Kiedy tunel Tauern zosta\u0142 otwarty dla ruchu?<\/strong><\/h3><\/div><div class=\"uagb-faq-content\"><p>Tunel Tauern, podobnie jak <a href=\"https:\/\/tollscout.eu\/pl\/tunel-katschberg-platny-w-austrii\/\">tunel Katschberg<\/a>, by\u0142 pierwotnie planowany jako dwunawowy tunel autostradowy. Jednak ze wzgl\u0119d\u00f3w finansowych i mniejszego ni\u017c przewidywano nat\u0119\u017cenia ruchu w 1975 roku uko\u0144czono budow\u0119 tylko jednej z dw\u00f3ch nitek o d\u0142ugo\u015bci 6401 metr\u00f3w. Plany drugiej tuby zosta\u0142y tymczasowo porzucone w 1988 roku.  <\/p><\/div><\/div><div class=\"wp-block-uagb-faq-child uagb-faq-child__outer-wrap uagb-faq-item uagb-block-bd4b64b2 \" role=\"tab\" tabindex=\"0\"><div class=\"uagb-faq-questions-button uagb-faq-questions\">\t\t\t<span class=\"uagb-icon uagb-faq-icon-wrap\">\n\t\t\t\t\t\t\t<\/span>\n\t\t\t\t\t\t<span class=\"uagb-icon-active uagb-faq-icon-wrap\">\n\t\t\t\t\t\t\t\t<svg xmlns=\"https:\/\/www.w3.org\/2000\/svg\" viewBox= \"0 0 320 512\"><path d=\"M9.39 265.4l127.1-128C143.6 131.1 151.8 128 160 128s16.38 3.125 22.63 9.375l127.1 128c9.156 9.156 11.9 22.91 6.943 34.88S300.9 320 287.1 320H32.01c-12.94 0-24.62-7.781-29.58-19.75S.2333 274.5 9.39 265.4z\"><\/path><\/svg>\n\t\t\t\t\t\t\t<\/span>\n\t\t\t<h3 class=\"uagb-question\"><strong>Jak d\u0142ugi jest tunel Tauerntunnel (A10 Tauernautobahn)?<\/strong><\/h3><\/div><div class=\"uagb-faq-content\"><p>Pierwsza rura tunelu Tauern zosta\u0142a uko\u0144czona w 1975 roku i ma d\u0142ugo\u015b\u0107 6401 metr\u00f3w. Druga rura, uko\u0144czona w 2010 roku, ma d\u0142ugo\u015b\u0107 6546 metr\u00f3w.  <\/p><\/div><\/div><div class=\"wp-block-uagb-faq-child uagb-faq-child__outer-wrap uagb-faq-item uagb-block-49ae175a \" role=\"tab\" tabindex=\"0\"><div class=\"uagb-faq-questions-button uagb-faq-questions\">\t\t\t<span class=\"uagb-icon uagb-faq-icon-wrap\">\n\t\t\t\t\t\t\t<\/span>\n\t\t\t\t\t\t<span class=\"uagb-icon-active uagb-faq-icon-wrap\">\n\t\t\t\t\t\t\t\t<svg xmlns=\"https:\/\/www.w3.org\/2000\/svg\" viewBox= \"0 0 320 512\"><path d=\"M9.39 265.4l127.1-128C143.6 131.1 151.8 128 160 128s16.38 3.125 22.63 9.375l127.1 128c9.156 9.156 11.9 22.91 6.943 34.88S300.9 320 287.1 320H32.01c-12.94 0-24.62-7.781-29.58-19.75S.2333 274.5 9.39 265.4z\"><\/path><\/svg>\n\t\t\t\t\t\t\t<\/span>\n\t\t\t<h3 class=\"uagb-question\"><strong>Dlaczego Tunel Tauern jest zwolniony z obowi\u0105zku winiety?<\/strong><\/h3><\/div><div class=\"uagb-faq-content\"><p>Tunel Tauern to odcinek trasy zwolniony z obowi\u0105zku posiadania winiety, jednak obj\u0119ty specjaln\u0105 op\u0142at\u0105. Op\u0142at\u0119 za przejazd Tauernautobahn A10 mo\u017cna szybko i wygodnie kupi\u0107 online za po\u015brednictwem naszego sklepu internetowego. <\/p><\/div><\/div><div class=\"wp-block-uagb-faq-child uagb-faq-child__outer-wrap uagb-faq-item uagb-block-c7b6f203 \" role=\"tab\" tabindex=\"0\"><div class=\"uagb-faq-questions-button uagb-faq-questions\">\t\t\t<span class=\"uagb-icon uagb-faq-icon-wrap\">\n\t\t\t\t\t\t\t<\/span>\n\t\t\t\t\t\t<span class=\"uagb-icon-active uagb-faq-icon-wrap\">\n\t\t\t\t\t\t\t\t<svg xmlns=\"https:\/\/www.w3.org\/2000\/svg\" viewBox= \"0 0 320 512\"><path d=\"M9.39 265.4l127.1-128C143.6 131.1 151.8 128 160 128s16.38 3.125 22.63 9.375l127.1 128c9.156 9.156 11.9 22.91 6.943 34.88S300.9 320 287.1 320H32.01c-12.94 0-24.62-7.781-29.58-19.75S.2333 274.5 9.39 265.4z\"><\/path><\/svg>\n\t\t\t\t\t\t\t<\/span>\n\t\t\t<h3 class=\"uagb-question\"><strong>Ile kosztuje przejazd tunelem Tauern w Austrii?<\/strong><\/h3><\/div><div class=\"uagb-faq-content\"><p>Koszt podr\u00f3\u017cy w jedn\u0105 stron\u0119 przez tunel Tauern wynosi 13,50 euro (stan na 2023 r.).<\/p><\/div><\/div><div class=\"wp-block-uagb-faq-child uagb-faq-child__outer-wrap uagb-faq-item uagb-block-66a7673f \" role=\"tab\" tabindex=\"0\"><div class=\"uagb-faq-questions-button uagb-faq-questions\">\t\t\t<span class=\"uagb-icon uagb-faq-icon-wrap\">\n\t\t\t\t\t\t\t<\/span>\n\t\t\t\t\t\t<span class=\"uagb-icon-active uagb-faq-icon-wrap\">\n\t\t\t\t\t\t\t\t<svg xmlns=\"https:\/\/www.w3.org\/2000\/svg\" viewBox= \"0 0 320 512\"><path d=\"M9.39 265.4l127.1-128C143.6 131.1 151.8 128 160 128s16.38 3.125 22.63 9.375l127.1 128c9.156 9.156 11.9 22.91 6.943 34.88S300.9 320 287.1 320H32.01c-12.94 0-24.62-7.781-29.58-19.75S.2333 274.5 9.39 265.4z\"><\/path><\/svg>\n\t\t\t\t\t\t\t<\/span>\n\t\t\t<h3 class=\"uagb-question\"><strong>Ile czasu zajmuje podr\u00f3\u017c tunelem Tauern?<\/strong><\/h3><\/div><div class=\"uagb-faq-content\"><p>Podr\u00f3\u017c tunelem Tauern zajmuje oko\u0142o 12 minut.<\/p><\/div><\/div><div class=\"wp-block-uagb-faq-child uagb-faq-child__outer-wrap uagb-faq-item uagb-block-33295dba \" role=\"tab\" tabindex=\"0\"><div class=\"uagb-faq-questions-button uagb-faq-questions\">\t\t\t<span class=\"uagb-icon uagb-faq-icon-wrap\">\n\t\t\t\t\t\t\t<\/span>\n\t\t\t\t\t\t<span class=\"uagb-icon-active uagb-faq-icon-wrap\">\n\t\t\t\t\t\t\t\t<svg xmlns=\"https:\/\/www.w3.org\/2000\/svg\" viewBox= \"0 0 320 512\"><path d=\"M9.39 265.4l127.1-128C143.6 131.1 151.8 128 160 128s16.38 3.125 22.63 9.375l127.1 128c9.156 9.156 11.9 22.91 6.943 34.88S300.9 320 287.1 320H32.01c-12.94 0-24.62-7.781-29.58-19.75S.2333 274.5 9.39 265.4z\"><\/path><\/svg>\n\t\t\t\t\t\t\t<\/span>\n\t\t\t<h3 class=\"uagb-question\"><strong><strong>Jak szeroki i wysoki jest tunel Tauern?<\/strong><\/strong><\/h3><\/div><div class=\"uagb-faq-content\"><p>Szeroko\u015b\u0107 pierwszej i drugiej rury wynosi 7,50 metra. Wysoko\u015b\u0107 <a href=\"https:\/\/de.wikipedia.org\/wiki\/Tauerntunnel_(Autobahn)\">tunelu Tauern<\/a> wynosi 4,70 metra. <\/p><\/div><\/div><\/div><\/div><\/div>\n","protected":false},"excerpt":{"rendered":"<p>Op\u0142ata za przejazd tunelem Tauern w Austrii Op\u0142ata za przejazd tunelem Tauern w Austrii Tunel Tauern to tunel drogowy o [&hellip;]<\/p>\n","protected":false},"author":2,"featured_media":0,"parent":0,"menu_order":0,"comment_status":"closed","ping_status":"closed","template":"","meta":{"_uag_custom_page_level_css":"","site-sidebar-layout":"no-sidebar","site-content-layout":"","ast-site-content-layout":"normal-width-container","site-content-style":"unboxed","site-sidebar-style":"unboxed","ast-global-header-display":"","ast-banner-title-visibility":"","ast-main-header-display":"","ast-hfb-above-header-display":"","ast-hfb-below-header-display":"","ast-hfb-mobile-header-display":"","site-post-title":"disabled","ast-breadcrumbs-content":"","ast-featured-img":"","footer-sml-layout":"","ast-disable-related-posts":"","theme-transparent-header-meta":"enabled","adv-header-id-meta":"","stick-header-meta":"","header-above-stick-meta":"","header-main-stick-meta":"","header-below-stick-meta":"","astra-migrate-meta-layouts":"default","ast-page-background-enabled":"default","ast-page-background-meta":{"desktop":{"background-color":"var(--ast-global-color-5)","background-image":"","background-repeat":"repeat","background-position":"center center","background-size":"auto","background-attachment":"scroll","background-type":"","background-media":"","overlay-type":"","overlay-color":"","overlay-opacity":"","overlay-gradient":""},"tablet":{"background-color":"","background-image":"","background-repeat":"repeat","background-position":"center center","background-size":"auto","background-attachment":"scroll","background-type":"","background-media":"","overlay-type":"","overlay-color":"","overlay-opacity":"","overlay-gradient":""},"mobile":{"background-color":"","background-image":"","background-repeat":"repeat","background-position":"center center","background-size":"auto","background-attachment":"scroll","background-type":"","background-media":"","overlay-type":"","overlay-color":"","overlay-opacity":"","overlay-gradient":""}},"ast-content-background-meta":{"desktop":{"background-color":"var(--ast-global-color-4)","background-image":"","background-repeat":"repeat","background-position":"center center","background-size":"auto","background-attachment":"scroll","background-type":"","background-media":"","overlay-type":"","overlay-color":"","overlay-opacity":"","overlay-gradient":""},"tablet":{"background-color":"var(--ast-global-color-4)","background-image":"","background-repeat":"repeat","background-position":"center center","background-size":"auto","background-attachment":"scroll","background-type":"","background-media":"","overlay-type":"","overlay-color":"","overlay-opacity":"","overlay-gradient":""},"mobile":{"background-color":"var(--ast-global-color-4)","background-image":"","background-repeat":"repeat","background-position":"center center","background-size":"auto","background-attachment":"scroll","background-type":"","background-media":"","overlay-type":"","overlay-color":"","overlay-opacity":"","overlay-gradient":""}},"footnotes":""},"class_list":["post-8700","page","type-page","status-publish","hentry"],"yoast_head":"<!-- This site is optimized with the Yoast SEO plugin v27.1.1 - https:\/\/yoast.com\/product\/yoast-seo-wordpress\/ -->\n<title>Op\u0142ata za przejazd tunelem Tauern Austria - Kup op\u0142at\u0119 za tras\u0119 cyfrow\u0105<\/title>\n<meta name=\"description\" content=\"Op\u0142ata za przejazd tunelem Tauern w Austrii. Kupuj cyfrowe op\u0142aty za przejazd autostrad\u0105 Tauern szybko i wygodnie online w naszym sklepie internetowym. Obowi\u0105zuje natychmiast\" \/>\n<meta name=\"robots\" content=\"index, follow, max-snippet:-1, max-image-preview:large, max-video-preview:-1\" \/>\n<link rel=\"canonical\" href=\"https:\/\/tollscout.eu\/pl\/oplata-za-przejazd-tunelem-tauern-w-austrii\/\" \/>\n<meta property=\"og:locale\" content=\"pl_PL\" \/>\n<meta property=\"og:type\" content=\"article\" \/>\n<meta property=\"og:title\" content=\"Op\u0142ata za przejazd tunelem Tauern Austria - Kup op\u0142at\u0119 za tras\u0119 cyfrow\u0105\" \/>\n<meta property=\"og:description\" content=\"Op\u0142ata za przejazd tunelem Tauern w Austrii. Kupuj cyfrowe op\u0142aty za przejazd autostrad\u0105 Tauern szybko i wygodnie online w naszym sklepie internetowym. Obowi\u0105zuje natychmiast\" \/>\n<meta property=\"og:url\" content=\"https:\/\/tollscout.eu\/pl\/oplata-za-przejazd-tunelem-tauern-w-austrii\/\" \/>\n<meta property=\"og:site_name\" content=\"Tollscout\u00ae\" \/>\n<meta property=\"article:publisher\" content=\"https:\/\/facebook.com\/tollscout\" \/>\n<meta property=\"article:modified_time\" content=\"2024-07-31T23:49:36+00:00\" \/>\n<meta property=\"og:image\" content=\"https:\/\/tollscout.eu\/wp-content\/uploads\/2023\/08\/logo_color_360x92px.png\" \/>\n\t<meta property=\"og:image:width\" content=\"360\" \/>\n\t<meta property=\"og:image:height\" content=\"92\" \/>\n\t<meta property=\"og:image:type\" content=\"image\/png\" \/>\n<meta name=\"twitter:card\" content=\"summary_large_image\" \/>\n<meta name=\"twitter:site\" content=\"@tollscout\" \/>\n<meta name=\"twitter:label1\" content=\"Szacowany czas czytania\" \/>\n\t<meta name=\"twitter:data1\" content=\"1 minuta\" \/>\n<script type=\"application\/ld+json\" class=\"yoast-schema-graph\">{\"@context\":\"https:\/\/schema.org\",\"@graph\":[{\"@type\":\"WebPage\",\"@id\":\"https:\/\/tollscout.eu\/pl\/oplata-za-przejazd-tunelem-tauern-w-austrii\/\",\"url\":\"https:\/\/tollscout.eu\/pl\/oplata-za-przejazd-tunelem-tauern-w-austrii\/\",\"name\":\"Op\u0142ata za przejazd tunelem Tauern Austria - Kup op\u0142at\u0119 za tras\u0119 cyfrow\u0105\",\"isPartOf\":{\"@id\":\"https:\/\/tollscout.eu\/pl\/#website\"},\"datePublished\":\"2023-08-24T15:48:25+00:00\",\"dateModified\":\"2024-07-31T23:49:36+00:00\",\"description\":\"Op\u0142ata za przejazd tunelem Tauern w Austrii. Kupuj cyfrowe op\u0142aty za przejazd autostrad\u0105 Tauern szybko i wygodnie online w naszym sklepie internetowym. Obowi\u0105zuje natychmiast\",\"breadcrumb\":{\"@id\":\"https:\/\/tollscout.eu\/pl\/oplata-za-przejazd-tunelem-tauern-w-austrii\/#breadcrumb\"},\"inLanguage\":\"pl-PL\",\"potentialAction\":[{\"@type\":\"ReadAction\",\"target\":[\"https:\/\/tollscout.eu\/pl\/oplata-za-przejazd-tunelem-tauern-w-austrii\/\"]}]},{\"@type\":\"BreadcrumbList\",\"@id\":\"https:\/\/tollscout.eu\/pl\/oplata-za-przejazd-tunelem-tauern-w-austrii\/#breadcrumb\",\"itemListElement\":[{\"@type\":\"ListItem\",\"position\":1,\"name\":\"Startseite\",\"item\":\"https:\/\/tollscout.eu\/pl\/\"},{\"@type\":\"ListItem\",\"position\":2,\"name\":\"Op\u0142ata za przejazd tunelem Tauern w Austrii\"}]},{\"@type\":\"WebSite\",\"@id\":\"https:\/\/tollscout.eu\/pl\/#website\",\"url\":\"https:\/\/tollscout.eu\/pl\/\",\"name\":\"Tollscout\u00ae\",\"description\":\"\",\"publisher\":{\"@id\":\"https:\/\/tollscout.eu\/pl\/#organization\"},\"potentialAction\":[{\"@type\":\"SearchAction\",\"target\":{\"@type\":\"EntryPoint\",\"urlTemplate\":\"https:\/\/tollscout.eu\/pl\/?s={search_term_string}\"},\"query-input\":{\"@type\":\"PropertyValueSpecification\",\"valueRequired\":true,\"valueName\":\"search_term_string\"}}],\"inLanguage\":\"pl-PL\"},{\"@type\":\"Organization\",\"@id\":\"https:\/\/tollscout.eu\/pl\/#organization\",\"name\":\"TollScout\",\"alternateName\":\"TollScout\",\"url\":\"https:\/\/tollscout.eu\/pl\/\",\"logo\":{\"@type\":\"ImageObject\",\"inLanguage\":\"pl-PL\",\"@id\":\"https:\/\/tollscout.eu\/pl\/#\/schema\/logo\/image\/\",\"url\":\"https:\/\/tollscout.eu\/wp-content\/uploads\/2023\/11\/logo_social_media_1024.png\",\"contentUrl\":\"https:\/\/tollscout.eu\/wp-content\/uploads\/2023\/11\/logo_social_media_1024.png\",\"width\":1024,\"height\":1024,\"caption\":\"TollScout\"},\"image\":{\"@id\":\"https:\/\/tollscout.eu\/pl\/#\/schema\/logo\/image\/\"},\"sameAs\":[\"https:\/\/facebook.com\/tollscout\",\"https:\/\/x.com\/tollscout\",\"https:\/\/instagram.com\/tollscout\"]}]}<\/script>\n<!-- \/ Yoast SEO plugin. -->","yoast_head_json":{"title":"Op\u0142ata za przejazd tunelem Tauern Austria - Kup op\u0142at\u0119 za tras\u0119 cyfrow\u0105","description":"Op\u0142ata za przejazd tunelem Tauern w Austrii. Kupuj cyfrowe op\u0142aty za przejazd autostrad\u0105 Tauern szybko i wygodnie online w naszym sklepie internetowym. Obowi\u0105zuje natychmiast","robots":{"index":"index","follow":"follow","max-snippet":"max-snippet:-1","max-image-preview":"max-image-preview:large","max-video-preview":"max-video-preview:-1"},"canonical":"https:\/\/tollscout.eu\/pl\/oplata-za-przejazd-tunelem-tauern-w-austrii\/","og_locale":"pl_PL","og_type":"article","og_title":"Op\u0142ata za przejazd tunelem Tauern Austria - Kup op\u0142at\u0119 za tras\u0119 cyfrow\u0105","og_description":"Op\u0142ata za przejazd tunelem Tauern w Austrii. Kupuj cyfrowe op\u0142aty za przejazd autostrad\u0105 Tauern szybko i wygodnie online w naszym sklepie internetowym. Obowi\u0105zuje natychmiast","og_url":"https:\/\/tollscout.eu\/pl\/oplata-za-przejazd-tunelem-tauern-w-austrii\/","og_site_name":"Tollscout\u00ae","article_publisher":"https:\/\/facebook.com\/tollscout","article_modified_time":"2024-07-31T23:49:36+00:00","og_image":[{"width":360,"height":92,"url":"https:\/\/tollscout.eu\/wp-content\/uploads\/2023\/08\/logo_color_360x92px.png","type":"image\/png"}],"twitter_card":"summary_large_image","twitter_site":"@tollscout","twitter_misc":{"Szacowany czas czytania":"1 minuta"},"schema":{"@context":"https:\/\/schema.org","@graph":[{"@type":"WebPage","@id":"https:\/\/tollscout.eu\/pl\/oplata-za-przejazd-tunelem-tauern-w-austrii\/","url":"https:\/\/tollscout.eu\/pl\/oplata-za-przejazd-tunelem-tauern-w-austrii\/","name":"Op\u0142ata za przejazd tunelem Tauern Austria - Kup op\u0142at\u0119 za tras\u0119 cyfrow\u0105","isPartOf":{"@id":"https:\/\/tollscout.eu\/pl\/#website"},"datePublished":"2023-08-24T15:48:25+00:00","dateModified":"2024-07-31T23:49:36+00:00","description":"Op\u0142ata za przejazd tunelem Tauern w Austrii. Kupuj cyfrowe op\u0142aty za przejazd autostrad\u0105 Tauern szybko i wygodnie online w naszym sklepie internetowym. Obowi\u0105zuje natychmiast","breadcrumb":{"@id":"https:\/\/tollscout.eu\/pl\/oplata-za-przejazd-tunelem-tauern-w-austrii\/#breadcrumb"},"inLanguage":"pl-PL","potentialAction":[{"@type":"ReadAction","target":["https:\/\/tollscout.eu\/pl\/oplata-za-przejazd-tunelem-tauern-w-austrii\/"]}]},{"@type":"BreadcrumbList","@id":"https:\/\/tollscout.eu\/pl\/oplata-za-przejazd-tunelem-tauern-w-austrii\/#breadcrumb","itemListElement":[{"@type":"ListItem","position":1,"name":"Startseite","item":"https:\/\/tollscout.eu\/pl\/"},{"@type":"ListItem","position":2,"name":"Op\u0142ata za przejazd tunelem Tauern w Austrii"}]},{"@type":"WebSite","@id":"https:\/\/tollscout.eu\/pl\/#website","url":"https:\/\/tollscout.eu\/pl\/","name":"Tollscout\u00ae","description":"","publisher":{"@id":"https:\/\/tollscout.eu\/pl\/#organization"},"potentialAction":[{"@type":"SearchAction","target":{"@type":"EntryPoint","urlTemplate":"https:\/\/tollscout.eu\/pl\/?s={search_term_string}"},"query-input":{"@type":"PropertyValueSpecification","valueRequired":true,"valueName":"search_term_string"}}],"inLanguage":"pl-PL"},{"@type":"Organization","@id":"https:\/\/tollscout.eu\/pl\/#organization","name":"TollScout","alternateName":"TollScout","url":"https:\/\/tollscout.eu\/pl\/","logo":{"@type":"ImageObject","inLanguage":"pl-PL","@id":"https:\/\/tollscout.eu\/pl\/#\/schema\/logo\/image\/","url":"https:\/\/tollscout.eu\/wp-content\/uploads\/2023\/11\/logo_social_media_1024.png","contentUrl":"https:\/\/tollscout.eu\/wp-content\/uploads\/2023\/11\/logo_social_media_1024.png","width":1024,"height":1024,"caption":"TollScout"},"image":{"@id":"https:\/\/tollscout.eu\/pl\/#\/schema\/logo\/image\/"},"sameAs":["https:\/\/facebook.com\/tollscout","https:\/\/x.com\/tollscout","https:\/\/instagram.com\/tollscout"]}]}},"uagb_featured_image_src":{"full":false,"thumbnail":false,"medium":false,"medium_large":false,"large":false,"1536x1536":false,"2048x2048":false,"gform-image-choice-sm":false,"gform-image-choice-md":false,"gform-image-choice-lg":false},"uagb_author_info":{"display_name":"Tollscout","author_link":"https:\/\/tollscout.eu\/pl\/author\/m-hemm\/"},"uagb_comment_info":0,"uagb_excerpt":"Op\u0142ata za przejazd tunelem Tauern w Austrii Op\u0142ata za przejazd tunelem Tauern w Austrii Tunel Tauern to tunel drogowy o [&hellip;]","_links":{"self":[{"href":"https:\/\/tollscout.eu\/pl\/wp-json\/wp\/v2\/pages\/8700","targetHints":{"allow":["GET"]}}],"collection":[{"href":"https:\/\/tollscout.eu\/pl\/wp-json\/wp\/v2\/pages"}],"about":[{"href":"https:\/\/tollscout.eu\/pl\/wp-json\/wp\/v2\/types\/page"}],"author":[{"embeddable":true,"href":"https:\/\/tollscout.eu\/pl\/wp-json\/wp\/v2\/users\/2"}],"replies":[{"embeddable":true,"href":"https:\/\/tollscout.eu\/pl\/wp-json\/wp\/v2\/comments?post=8700"}],"version-history":[{"count":2,"href":"https:\/\/tollscout.eu\/pl\/wp-json\/wp\/v2\/pages\/8700\/revisions"}],"predecessor-version":[{"id":9071,"href":"https:\/\/tollscout.eu\/pl\/wp-json\/wp\/v2\/pages\/8700\/revisions\/9071"}],"wp:attachment":[{"href":"https:\/\/tollscout.eu\/pl\/wp-json\/wp\/v2\/media?parent=8700"}],"curies":[{"name":"wp","href":"https:\/\/api.w.org\/{rel}","templated":true}]}}