{"id":8672,"date":"2023-08-25T11:52:28","date_gmt":"2023-08-25T09:52:28","guid":{"rendered":"https:\/\/tollscout.eu\/tunel-katschberg-platny-w-austrii\/"},"modified":"2024-08-01T01:51:14","modified_gmt":"2024-07-31T23:51:14","slug":"tunel-katschberg-platny-w-austrii","status":"publish","type":"page","link":"https:\/\/tollscout.eu\/pl\/tunel-katschberg-platny-w-austrii\/","title":{"rendered":"Tunel Katschberg p\u0142atny w Austrii"},"content":{"rendered":"\n<div class=\"wp-block-uagb-container uagb-block-c1e2fce7 alignfull uagb-is-root-container\"><div class=\"uagb-container-inner-blocks-wrap\">\n<div class=\"wp-block-uagb-advanced-heading uagb-block-c767fabd\"><h1 class=\"uagb-heading-text\">Tunel Katschberg p\u0142atny w Austrii<\/h1><\/div>\n<\/div><\/div>\n\n<div class=\"wp-block-uagb-container uagb-block-7d404a70 alignfull uagb-is-root-container\"><div class=\"uagb-container-inner-blocks-wrap\">\n<div id=\"app\" data-context=\"at\"><\/div>\n<\/div><\/div>\n\n<div class=\"wp-block-uagb-container uagb-block-f356067b alignfull uagb-is-root-container\"><div class=\"uagb-container-inner-blocks-wrap\">\n<div class=\"wp-block-uagb-advanced-heading uagb-block-32bca494\"><h2 class=\"uagb-heading-text\">Op\u0142ata za przejazd tunelem Katschberg w Austrii (autostrada A 10 Tauern)<\/h2><\/div>\n\n\n\n<p class=\"has-text-align-center\">Tunel Katschberg rozci\u0105ga si\u0119 na d\u0142ugo\u015bci 5898 metr\u00f3w i jest cz\u0119\u015bci\u0105 autostrady Tauern Autobahn (A 10). Pe\u0142ni tak\u017ce funkcj\u0119 tunelu granicznego pomi\u0119dzy austriackimi krajami zwi\u0105zkowymi Karyntia i Salzburg. Tunel ten odgrywa kluczow\u0105 rol\u0119 w \u0142\u0105czeniu Karyntii Katschtal przez Katschberg z Lungau w Salzburgu. Ma zatem ogromne znaczenie dla szlaku komunikacyjnego z Villach do Salzburga. Odcinki pomi\u0119dzy tunelem Katschberg a <a href=\"https:\/\/tollscout.eu\/pl\/oplata-za-przejazd-tunelem-tauern-w-austrii\/\">tunelem Tauern<\/a>, \u0142\u0105cznie z przej\u015bciem przez oba tunele, zaliczane s\u0105 do tzw. specjalnych tras p\u0142atnych. Oznacza to, \u017ce s\u0105 one zwolnione z obowi\u0105zku winiety, podobnie jak wszystkie inne specjalne trasy p\u0142atne w Austrii.      <\/p>\n<\/div><\/div>\n\n<div class=\"wp-block-uagb-container uagb-block-7efd3c31 alignfull uagb-is-root-container\"><div class=\"uagb-container-inner-blocks-wrap\">\n<div class=\"wp-block-uagb-advanced-heading uagb-block-4602874c\"><h2 class=\"uagb-heading-text\">FAQ<\/h2><p class=\"uagb-desc-text\">Tutaj odpowiadamy na wszystkie pytania dotycz\u0105ce op\u0142at za przejazd tunelem Katschberg w Austrii.<\/p><\/div>\n\n\n<div class=\"wp-block-uagb-faq uagb-faq__outer-wrap uagb-block-4fe496d4 uagb-faq-icon-row-reverse uagb-faq-layout-accordion uagb-faq-expand-first-false uagb-faq-inactive-other-true uagb-faq__wrap uagb-buttons-layout-wrap uagb-faq-equal-height     \" data-faqtoggle=\"true\" role=\"tablist\"><div class=\"wp-block-uagb-faq-child uagb-faq-child__outer-wrap uagb-faq-item uagb-block-1a70522e \" role=\"tab\" tabindex=\"0\"><div class=\"uagb-faq-questions-button uagb-faq-questions\">\t\t\t<span class=\"uagb-icon uagb-faq-icon-wrap\">\n\t\t\t\t\t\t\t<\/span>\n\t\t\t\t\t\t<span class=\"uagb-icon-active uagb-faq-icon-wrap\">\n\t\t\t\t\t\t\t\t<svg xmlns=\"https:\/\/www.w3.org\/2000\/svg\" viewBox= \"0 0 320 512\"><path d=\"M9.39 265.4l127.1-128C143.6 131.1 151.8 128 160 128s16.38 3.125 22.63 9.375l127.1 128c9.156 9.156 11.9 22.91 6.943 34.88S300.9 320 287.1 320H32.01c-12.94 0-24.62-7.781-29.58-19.75S.2333 274.5 9.39 265.4z\"><\/path><\/svg>\n\t\t\t\t\t\t\t<\/span>\n\t\t\t<h3 class=\"uagb-question\">Kiedy tunel Katschberg zosta\u0142 otwarty dla ruchu?<\/h3><\/div><div class=\"uagb-faq-content\"><p>Pierwsza rura tunelu Katschberg zosta\u0142a otwarta dla ruchu 21 grudnia 1974 r. Tunel Katschberg od pocz\u0105tku planowano jako tunel dwunawowy. Jednak w 1988 roku plany drugiej metra zosta\u0142y wstrzymane ze wzgl\u0119du na koszty i mniejsze nat\u0119\u017cenie ruchu. Budowa zosta\u0142a wznowiona dopiero w 2004 roku i zosta\u0142a otwarta dla ruchu w kwietniu 2009 roku.    <\/p><\/div><\/div><div class=\"wp-block-uagb-faq-child uagb-faq-child__outer-wrap uagb-faq-item uagb-block-bd4b64b2 \" role=\"tab\" tabindex=\"0\"><div class=\"uagb-faq-questions-button uagb-faq-questions\">\t\t\t<span class=\"uagb-icon uagb-faq-icon-wrap\">\n\t\t\t\t\t\t\t<\/span>\n\t\t\t\t\t\t<span class=\"uagb-icon-active uagb-faq-icon-wrap\">\n\t\t\t\t\t\t\t\t<svg xmlns=\"https:\/\/www.w3.org\/2000\/svg\" viewBox= \"0 0 320 512\"><path d=\"M9.39 265.4l127.1-128C143.6 131.1 151.8 128 160 128s16.38 3.125 22.63 9.375l127.1 128c9.156 9.156 11.9 22.91 6.943 34.88S300.9 320 287.1 320H32.01c-12.94 0-24.62-7.781-29.58-19.75S.2333 274.5 9.39 265.4z\"><\/path><\/svg>\n\t\t\t\t\t\t\t<\/span>\n\t\t\t<h3 class=\"uagb-question\">Jak d\u0142ugi jest tunel Katschberg (A10 Tauernautobahn)?<\/h3><\/div><div class=\"uagb-faq-content\"><p>Pierwsza rura (zachodnia) tunelu Katschberg ma d\u0142ugo\u015b\u0107 5898 metr\u00f3w i \u0142\u0105czy Karynti\u0119 Katschtal przez <a href=\"https:\/\/de.wikipedia.org\/wiki\/Katschberg\">Katschberg <\/a>z Lungau w Salzburgu. Druga rura (wschodnia) tunelu Katschberg ma d\u0142ugo\u015b\u0107 5565 metr\u00f3w. Katschbergtunnel i Tauerntunnel to odcinki autostrady Tauernautobahn (A10), kt\u00f3re s\u0105 zwolnione z obowi\u0105zku posiadania winiety, ale podlegaj\u0105 specjalnej op\u0142acie.  <\/p><\/div><\/div><div class=\"wp-block-uagb-faq-child uagb-faq-child__outer-wrap uagb-faq-item uagb-block-49ae175a \" role=\"tab\" tabindex=\"0\"><div class=\"uagb-faq-questions-button uagb-faq-questions\">\t\t\t<span class=\"uagb-icon uagb-faq-icon-wrap\">\n\t\t\t\t\t\t\t<\/span>\n\t\t\t\t\t\t<span class=\"uagb-icon-active uagb-faq-icon-wrap\">\n\t\t\t\t\t\t\t\t<svg xmlns=\"https:\/\/www.w3.org\/2000\/svg\" viewBox= \"0 0 320 512\"><path d=\"M9.39 265.4l127.1-128C143.6 131.1 151.8 128 160 128s16.38 3.125 22.63 9.375l127.1 128c9.156 9.156 11.9 22.91 6.943 34.88S300.9 320 287.1 320H32.01c-12.94 0-24.62-7.781-29.58-19.75S.2333 274.5 9.39 265.4z\"><\/path><\/svg>\n\t\t\t\t\t\t\t<\/span>\n\t\t\t<h3 class=\"uagb-question\">Dlaczego tunel Katschberg jest zwolniony z obowi\u0105zku winiety? <\/h3><\/div><div class=\"uagb-faq-content\"><p>Tunel Katschberg to odcinek trasy zwolniony z obowi\u0105zku posiadania winiety, jednak obj\u0119ty specjaln\u0105 op\u0142at\u0105. Op\u0142at\u0119 za przejazd Tauernautobahn A10 mo\u017cna szybko i wygodnie kupi\u0107 online za po\u015brednictwem naszego sklepu internetowego. <\/p><\/div><\/div><div class=\"wp-block-uagb-faq-child uagb-faq-child__outer-wrap uagb-faq-item uagb-block-c7b6f203 \" role=\"tab\" tabindex=\"0\"><div class=\"uagb-faq-questions-button uagb-faq-questions\">\t\t\t<span class=\"uagb-icon uagb-faq-icon-wrap\">\n\t\t\t\t\t\t\t<\/span>\n\t\t\t\t\t\t<span class=\"uagb-icon-active uagb-faq-icon-wrap\">\n\t\t\t\t\t\t\t\t<svg xmlns=\"https:\/\/www.w3.org\/2000\/svg\" viewBox= \"0 0 320 512\"><path d=\"M9.39 265.4l127.1-128C143.6 131.1 151.8 128 160 128s16.38 3.125 22.63 9.375l127.1 128c9.156 9.156 11.9 22.91 6.943 34.88S300.9 320 287.1 320H32.01c-12.94 0-24.62-7.781-29.58-19.75S.2333 274.5 9.39 265.4z\"><\/path><\/svg>\n\t\t\t\t\t\t\t<\/span>\n\t\t\t<h3 class=\"uagb-question\">Ile kosztuje przejazd tunelem Katschberg w Austrii? <\/h3><\/div><div class=\"uagb-faq-content\"><p>Koszt pojedynczego przejazdu tunelem Katschberg wynosi 13,50 euro (stan na 2023 r.).<\/p><\/div><\/div><div class=\"wp-block-uagb-faq-child uagb-faq-child__outer-wrap uagb-faq-item uagb-block-66a7673f \" role=\"tab\" tabindex=\"0\"><div class=\"uagb-faq-questions-button uagb-faq-questions\">\t\t\t<span class=\"uagb-icon uagb-faq-icon-wrap\">\n\t\t\t\t\t\t\t<\/span>\n\t\t\t\t\t\t<span class=\"uagb-icon-active uagb-faq-icon-wrap\">\n\t\t\t\t\t\t\t\t<svg xmlns=\"https:\/\/www.w3.org\/2000\/svg\" viewBox= \"0 0 320 512\"><path d=\"M9.39 265.4l127.1-128C143.6 131.1 151.8 128 160 128s16.38 3.125 22.63 9.375l127.1 128c9.156 9.156 11.9 22.91 6.943 34.88S300.9 320 287.1 320H32.01c-12.94 0-24.62-7.781-29.58-19.75S.2333 274.5 9.39 265.4z\"><\/path><\/svg>\n\t\t\t\t\t\t\t<\/span>\n\t\t\t<h3 class=\"uagb-question\">Ile czasu zajmuje podr\u00f3\u017c tunelem Katschberg?<\/h3><\/div><div class=\"uagb-faq-content\"><p>Podr\u00f3\u017c tunelem Katschberg zajmuje oko\u0142o 10 minut.<\/p><\/div><\/div><div class=\"wp-block-uagb-faq-child uagb-faq-child__outer-wrap uagb-faq-item uagb-block-88984a11 \" role=\"tab\" tabindex=\"0\"><div class=\"uagb-faq-questions-button uagb-faq-questions\">\t\t\t<span class=\"uagb-icon uagb-faq-icon-wrap\">\n\t\t\t\t\t\t\t<\/span>\n\t\t\t\t\t\t<span class=\"uagb-icon-active uagb-faq-icon-wrap\">\n\t\t\t\t\t\t\t\t<svg xmlns=\"https:\/\/www.w3.org\/2000\/svg\" viewBox= \"0 0 320 512\"><path d=\"M9.39 265.4l127.1-128C143.6 131.1 151.8 128 160 128s16.38 3.125 22.63 9.375l127.1 128c9.156 9.156 11.9 22.91 6.943 34.88S300.9 320 287.1 320H32.01c-12.94 0-24.62-7.781-29.58-19.75S.2333 274.5 9.39 265.4z\"><\/path><\/svg>\n\t\t\t\t\t\t\t<\/span>\n\t\t\t<h3 class=\"uagb-question\">Jak szeroki i wysoki jest tunel Katschberg?<\/h3><\/div><div class=\"uagb-faq-content\"><p>Szeroko\u015b\u0107 jezdni nitki wschodniej i zachodniej wynosi 7,50 m. Wysoko\u015b\u0107 tunelu Katschberg wynosi 4,70 metra. <\/p><\/div><\/div><\/div><\/div><\/div>\n","protected":false},"excerpt":{"rendered":"<p>Tunel Katschberg p\u0142atny w Austrii Op\u0142ata za przejazd tunelem Katschberg w Austrii (autostrada A 10 Tauern) Tunel Katschberg rozci\u0105ga si\u0119 [&hellip;]<\/p>\n","protected":false},"author":2,"featured_media":0,"parent":0,"menu_order":0,"comment_status":"closed","ping_status":"closed","template":"","meta":{"_uag_custom_page_level_css":"","site-sidebar-layout":"no-sidebar","site-content-layout":"","ast-site-content-layout":"normal-width-container","site-content-style":"unboxed","site-sidebar-style":"unboxed","ast-global-header-display":"","ast-banner-title-visibility":"","ast-main-header-display":"","ast-hfb-above-header-display":"","ast-hfb-below-header-display":"","ast-hfb-mobile-header-display":"","site-post-title":"disabled","ast-breadcrumbs-content":"","ast-featured-img":"","footer-sml-layout":"","ast-disable-related-posts":"","theme-transparent-header-meta":"enabled","adv-header-id-meta":"","stick-header-meta":"","header-above-stick-meta":"","header-main-stick-meta":"","header-below-stick-meta":"","astra-migrate-meta-layouts":"default","ast-page-background-enabled":"default","ast-page-background-meta":{"desktop":{"background-color":"var(--ast-global-color-5)","background-image":"","background-repeat":"repeat","background-position":"center center","background-size":"auto","background-attachment":"scroll","background-type":"","background-media":"","overlay-type":"","overlay-color":"","overlay-opacity":"","overlay-gradient":""},"tablet":{"background-color":"","background-image":"","background-repeat":"repeat","background-position":"center center","background-size":"auto","background-attachment":"scroll","background-type":"","background-media":"","overlay-type":"","overlay-color":"","overlay-opacity":"","overlay-gradient":""},"mobile":{"background-color":"","background-image":"","background-repeat":"repeat","background-position":"center center","background-size":"auto","background-attachment":"scroll","background-type":"","background-media":"","overlay-type":"","overlay-color":"","overlay-opacity":"","overlay-gradient":""}},"ast-content-background-meta":{"desktop":{"background-color":"var(--ast-global-color-4)","background-image":"","background-repeat":"repeat","background-position":"center center","background-size":"auto","background-attachment":"scroll","background-type":"","background-media":"","overlay-type":"","overlay-color":"","overlay-opacity":"","overlay-gradient":""},"tablet":{"background-color":"var(--ast-global-color-4)","background-image":"","background-repeat":"repeat","background-position":"center center","background-size":"auto","background-attachment":"scroll","background-type":"","background-media":"","overlay-type":"","overlay-color":"","overlay-opacity":"","overlay-gradient":""},"mobile":{"background-color":"var(--ast-global-color-4)","background-image":"","background-repeat":"repeat","background-position":"center center","background-size":"auto","background-attachment":"scroll","background-type":"","background-media":"","overlay-type":"","overlay-color":"","overlay-opacity":"","overlay-gradient":""}},"footnotes":""},"class_list":["post-8672","page","type-page","status-publish","hentry"],"yoast_head":"<!-- This site is optimized with the Yoast SEO plugin v27.1.1 - https:\/\/yoast.com\/product\/yoast-seo-wordpress\/ -->\n<title>Op\u0142ata za przejazd tunelem Katschberg w Austrii \u2013 op\u0142ata za tras\u0119 cyfrow\u0105<\/title>\n<meta name=\"description\" content=\"Kup p\u0142atny tunel Katschbergtunnel w Austrii na autostradzie A10 Tauern szybko i wygodnie online w naszym sklepie internetowym. Obowi\u0105zuje natychmiast.\" \/>\n<meta name=\"robots\" content=\"index, follow, max-snippet:-1, max-image-preview:large, max-video-preview:-1\" \/>\n<link rel=\"canonical\" href=\"https:\/\/tollscout.eu\/pl\/tunel-katschberg-platny-w-austrii\/\" \/>\n<meta property=\"og:locale\" content=\"pl_PL\" \/>\n<meta property=\"og:type\" content=\"article\" \/>\n<meta property=\"og:title\" content=\"Op\u0142ata za przejazd tunelem Katschberg w Austrii \u2013 op\u0142ata za tras\u0119 cyfrow\u0105\" \/>\n<meta property=\"og:description\" content=\"Kup p\u0142atny tunel Katschbergtunnel w Austrii na autostradzie A10 Tauern szybko i wygodnie online w naszym sklepie internetowym. Obowi\u0105zuje natychmiast.\" \/>\n<meta property=\"og:url\" content=\"https:\/\/tollscout.eu\/pl\/tunel-katschberg-platny-w-austrii\/\" \/>\n<meta property=\"og:site_name\" content=\"Tollscout\u00ae\" \/>\n<meta property=\"article:publisher\" content=\"https:\/\/facebook.com\/tollscout\" \/>\n<meta property=\"article:modified_time\" content=\"2024-07-31T23:51:14+00:00\" \/>\n<meta property=\"og:image\" content=\"https:\/\/tollscout.eu\/wp-content\/uploads\/2023\/08\/logo_color_360x92px.png\" \/>\n\t<meta property=\"og:image:width\" content=\"360\" \/>\n\t<meta property=\"og:image:height\" content=\"92\" \/>\n\t<meta property=\"og:image:type\" content=\"image\/png\" \/>\n<meta name=\"twitter:card\" content=\"summary_large_image\" \/>\n<meta name=\"twitter:site\" content=\"@tollscout\" \/>\n<meta name=\"twitter:label1\" content=\"Szacowany czas czytania\" \/>\n\t<meta name=\"twitter:data1\" content=\"1 minuta\" \/>\n<script type=\"application\/ld+json\" class=\"yoast-schema-graph\">{\"@context\":\"https:\/\/schema.org\",\"@graph\":[{\"@type\":\"WebPage\",\"@id\":\"https:\/\/tollscout.eu\/pl\/tunel-katschberg-platny-w-austrii\/\",\"url\":\"https:\/\/tollscout.eu\/pl\/tunel-katschberg-platny-w-austrii\/\",\"name\":\"Op\u0142ata za przejazd tunelem Katschberg w Austrii \u2013 op\u0142ata za tras\u0119 cyfrow\u0105\",\"isPartOf\":{\"@id\":\"https:\/\/tollscout.eu\/pl\/#website\"},\"datePublished\":\"2023-08-25T09:52:28+00:00\",\"dateModified\":\"2024-07-31T23:51:14+00:00\",\"description\":\"Kup p\u0142atny tunel Katschbergtunnel w Austrii na autostradzie A10 Tauern szybko i wygodnie online w naszym sklepie internetowym. Obowi\u0105zuje natychmiast.\",\"breadcrumb\":{\"@id\":\"https:\/\/tollscout.eu\/pl\/tunel-katschberg-platny-w-austrii\/#breadcrumb\"},\"inLanguage\":\"pl-PL\",\"potentialAction\":[{\"@type\":\"ReadAction\",\"target\":[\"https:\/\/tollscout.eu\/pl\/tunel-katschberg-platny-w-austrii\/\"]}]},{\"@type\":\"BreadcrumbList\",\"@id\":\"https:\/\/tollscout.eu\/pl\/tunel-katschberg-platny-w-austrii\/#breadcrumb\",\"itemListElement\":[{\"@type\":\"ListItem\",\"position\":1,\"name\":\"Startseite\",\"item\":\"https:\/\/tollscout.eu\/pl\/\"},{\"@type\":\"ListItem\",\"position\":2,\"name\":\"Tunel Katschberg p\u0142atny w Austrii\"}]},{\"@type\":\"WebSite\",\"@id\":\"https:\/\/tollscout.eu\/pl\/#website\",\"url\":\"https:\/\/tollscout.eu\/pl\/\",\"name\":\"Tollscout\u00ae\",\"description\":\"\",\"publisher\":{\"@id\":\"https:\/\/tollscout.eu\/pl\/#organization\"},\"potentialAction\":[{\"@type\":\"SearchAction\",\"target\":{\"@type\":\"EntryPoint\",\"urlTemplate\":\"https:\/\/tollscout.eu\/pl\/?s={search_term_string}\"},\"query-input\":{\"@type\":\"PropertyValueSpecification\",\"valueRequired\":true,\"valueName\":\"search_term_string\"}}],\"inLanguage\":\"pl-PL\"},{\"@type\":\"Organization\",\"@id\":\"https:\/\/tollscout.eu\/pl\/#organization\",\"name\":\"TollScout\",\"alternateName\":\"TollScout\",\"url\":\"https:\/\/tollscout.eu\/pl\/\",\"logo\":{\"@type\":\"ImageObject\",\"inLanguage\":\"pl-PL\",\"@id\":\"https:\/\/tollscout.eu\/pl\/#\/schema\/logo\/image\/\",\"url\":\"https:\/\/tollscout.eu\/wp-content\/uploads\/2023\/11\/logo_social_media_1024.png\",\"contentUrl\":\"https:\/\/tollscout.eu\/wp-content\/uploads\/2023\/11\/logo_social_media_1024.png\",\"width\":1024,\"height\":1024,\"caption\":\"TollScout\"},\"image\":{\"@id\":\"https:\/\/tollscout.eu\/pl\/#\/schema\/logo\/image\/\"},\"sameAs\":[\"https:\/\/facebook.com\/tollscout\",\"https:\/\/x.com\/tollscout\",\"https:\/\/instagram.com\/tollscout\"]}]}<\/script>\n<!-- \/ Yoast SEO plugin. -->","yoast_head_json":{"title":"Op\u0142ata za przejazd tunelem Katschberg w Austrii \u2013 op\u0142ata za tras\u0119 cyfrow\u0105","description":"Kup p\u0142atny tunel Katschbergtunnel w Austrii na autostradzie A10 Tauern szybko i wygodnie online w naszym sklepie internetowym. Obowi\u0105zuje natychmiast.","robots":{"index":"index","follow":"follow","max-snippet":"max-snippet:-1","max-image-preview":"max-image-preview:large","max-video-preview":"max-video-preview:-1"},"canonical":"https:\/\/tollscout.eu\/pl\/tunel-katschberg-platny-w-austrii\/","og_locale":"pl_PL","og_type":"article","og_title":"Op\u0142ata za przejazd tunelem Katschberg w Austrii \u2013 op\u0142ata za tras\u0119 cyfrow\u0105","og_description":"Kup p\u0142atny tunel Katschbergtunnel w Austrii na autostradzie A10 Tauern szybko i wygodnie online w naszym sklepie internetowym. Obowi\u0105zuje natychmiast.","og_url":"https:\/\/tollscout.eu\/pl\/tunel-katschberg-platny-w-austrii\/","og_site_name":"Tollscout\u00ae","article_publisher":"https:\/\/facebook.com\/tollscout","article_modified_time":"2024-07-31T23:51:14+00:00","og_image":[{"width":360,"height":92,"url":"https:\/\/tollscout.eu\/wp-content\/uploads\/2023\/08\/logo_color_360x92px.png","type":"image\/png"}],"twitter_card":"summary_large_image","twitter_site":"@tollscout","twitter_misc":{"Szacowany czas czytania":"1 minuta"},"schema":{"@context":"https:\/\/schema.org","@graph":[{"@type":"WebPage","@id":"https:\/\/tollscout.eu\/pl\/tunel-katschberg-platny-w-austrii\/","url":"https:\/\/tollscout.eu\/pl\/tunel-katschberg-platny-w-austrii\/","name":"Op\u0142ata za przejazd tunelem Katschberg w Austrii \u2013 op\u0142ata za tras\u0119 cyfrow\u0105","isPartOf":{"@id":"https:\/\/tollscout.eu\/pl\/#website"},"datePublished":"2023-08-25T09:52:28+00:00","dateModified":"2024-07-31T23:51:14+00:00","description":"Kup p\u0142atny tunel Katschbergtunnel w Austrii na autostradzie A10 Tauern szybko i wygodnie online w naszym sklepie internetowym. Obowi\u0105zuje natychmiast.","breadcrumb":{"@id":"https:\/\/tollscout.eu\/pl\/tunel-katschberg-platny-w-austrii\/#breadcrumb"},"inLanguage":"pl-PL","potentialAction":[{"@type":"ReadAction","target":["https:\/\/tollscout.eu\/pl\/tunel-katschberg-platny-w-austrii\/"]}]},{"@type":"BreadcrumbList","@id":"https:\/\/tollscout.eu\/pl\/tunel-katschberg-platny-w-austrii\/#breadcrumb","itemListElement":[{"@type":"ListItem","position":1,"name":"Startseite","item":"https:\/\/tollscout.eu\/pl\/"},{"@type":"ListItem","position":2,"name":"Tunel Katschberg p\u0142atny w Austrii"}]},{"@type":"WebSite","@id":"https:\/\/tollscout.eu\/pl\/#website","url":"https:\/\/tollscout.eu\/pl\/","name":"Tollscout\u00ae","description":"","publisher":{"@id":"https:\/\/tollscout.eu\/pl\/#organization"},"potentialAction":[{"@type":"SearchAction","target":{"@type":"EntryPoint","urlTemplate":"https:\/\/tollscout.eu\/pl\/?s={search_term_string}"},"query-input":{"@type":"PropertyValueSpecification","valueRequired":true,"valueName":"search_term_string"}}],"inLanguage":"pl-PL"},{"@type":"Organization","@id":"https:\/\/tollscout.eu\/pl\/#organization","name":"TollScout","alternateName":"TollScout","url":"https:\/\/tollscout.eu\/pl\/","logo":{"@type":"ImageObject","inLanguage":"pl-PL","@id":"https:\/\/tollscout.eu\/pl\/#\/schema\/logo\/image\/","url":"https:\/\/tollscout.eu\/wp-content\/uploads\/2023\/11\/logo_social_media_1024.png","contentUrl":"https:\/\/tollscout.eu\/wp-content\/uploads\/2023\/11\/logo_social_media_1024.png","width":1024,"height":1024,"caption":"TollScout"},"image":{"@id":"https:\/\/tollscout.eu\/pl\/#\/schema\/logo\/image\/"},"sameAs":["https:\/\/facebook.com\/tollscout","https:\/\/x.com\/tollscout","https:\/\/instagram.com\/tollscout"]}]}},"uagb_featured_image_src":{"full":false,"thumbnail":false,"medium":false,"medium_large":false,"large":false,"1536x1536":false,"2048x2048":false,"gform-image-choice-sm":false,"gform-image-choice-md":false,"gform-image-choice-lg":false},"uagb_author_info":{"display_name":"Tollscout","author_link":"https:\/\/tollscout.eu\/pl\/author\/m-hemm\/"},"uagb_comment_info":0,"uagb_excerpt":"Tunel Katschberg p\u0142atny w Austrii Op\u0142ata za przejazd tunelem Katschberg w Austrii (autostrada A 10 Tauern) Tunel Katschberg rozci\u0105ga si\u0119 [&hellip;]","_links":{"self":[{"href":"https:\/\/tollscout.eu\/pl\/wp-json\/wp\/v2\/pages\/8672","targetHints":{"allow":["GET"]}}],"collection":[{"href":"https:\/\/tollscout.eu\/pl\/wp-json\/wp\/v2\/pages"}],"about":[{"href":"https:\/\/tollscout.eu\/pl\/wp-json\/wp\/v2\/types\/page"}],"author":[{"embeddable":true,"href":"https:\/\/tollscout.eu\/pl\/wp-json\/wp\/v2\/users\/2"}],"replies":[{"embeddable":true,"href":"https:\/\/tollscout.eu\/pl\/wp-json\/wp\/v2\/comments?post=8672"}],"version-history":[{"count":2,"href":"https:\/\/tollscout.eu\/pl\/wp-json\/wp\/v2\/pages\/8672\/revisions"}],"predecessor-version":[{"id":9084,"href":"https:\/\/tollscout.eu\/pl\/wp-json\/wp\/v2\/pages\/8672\/revisions\/9084"}],"wp:attachment":[{"href":"https:\/\/tollscout.eu\/pl\/wp-json\/wp\/v2\/media?parent=8672"}],"curies":[{"name":"wp","href":"https:\/\/api.w.org\/{rel}","templated":true}]}}