{"id":8670,"date":"2023-08-24T17:31:39","date_gmt":"2023-08-24T15:31:39","guid":{"rendered":"https:\/\/tollscout.eu\/oplata-za-przejazd-tunelem-karawanken-w-austrii\/"},"modified":"2024-08-01T01:54:03","modified_gmt":"2024-07-31T23:54:03","slug":"oplata-za-przejazd-tunelem-karawanken-w-austrii","status":"publish","type":"page","link":"https:\/\/tollscout.eu\/pl\/oplata-za-przejazd-tunelem-karawanken-w-austrii\/","title":{"rendered":"Op\u0142ata za przejazd tunelem Karawanken w Austrii"},"content":{"rendered":"\n<div class=\"wp-block-uagb-container uagb-block-c1e2fce7 alignfull uagb-is-root-container\"><div class=\"uagb-container-inner-blocks-wrap\">\n<div class=\"wp-block-uagb-advanced-heading uagb-block-c767fabd\"><h1 class=\"uagb-heading-text\">Op\u0142ata za przejazd tunelem Karawanken w Austrii<\/h1><\/div>\n<\/div><\/div>\n\n<div class=\"wp-block-uagb-container uagb-block-dc200595 alignfull uagb-is-root-container\"><div class=\"uagb-container-inner-blocks-wrap\">\n<div id=\"app\" data-context=\"at\"><\/div>\n<\/div><\/div>\n\n<div class=\"wp-block-uagb-container uagb-block-f356067b alignfull uagb-is-root-container\"><div class=\"uagb-container-inner-blocks-wrap\">\n<div class=\"wp-block-uagb-advanced-heading uagb-block-e02782db\"><h2 class=\"uagb-heading-text\">Op\u0142ata za przejazd tunelem Karawanken w Austrii<\/h2><p class=\"uagb-desc-text\">Tunel Karawanken (w j\u0119zyku s\u0142owe\u0144skim znany r\u00f3wnie\u017c jako Predor Karavanke) rozci\u0105ga si\u0119 na d\u0142ugo\u015bci prawie 8 kilometr\u00f3w na granicy austriacko-s\u0142owe\u0144skiej. \u0141\u0105czy austriack\u0105 autostrad\u0119 Karawanken ze s\u0142owe\u0144sk\u0105 autostrad\u0105 A2 w kierunku Lublany. Tunel biegnie mi\u0119dzy miastami Jesenice i Rosenbach, cz\u0119\u015bci\u0105 Sankt Jakob im Rosental, i przecina pasmo g\u00f3rskie Karawanken, kt\u00f3re jest cz\u0119\u015bci\u0105 po\u0142udniowych Alp Wapiennych.  <\/p><\/div>\n<\/div><\/div>\n\n<div class=\"wp-block-uagb-container uagb-block-7efd3c31 alignfull uagb-is-root-container\"><div class=\"uagb-container-inner-blocks-wrap\">\n<div class=\"wp-block-uagb-advanced-heading uagb-block-4602874c\"><h2 class=\"uagb-heading-text\">FAQ<\/h2><p class=\"uagb-desc-text\">Tutaj odpowiadamy na wszystkie pytania dotycz\u0105ce op\u0142at za przejazd tunelem Karawanken w Austrii.<\/p><\/div>\n\n\n<div class=\"wp-block-uagb-faq uagb-faq__outer-wrap uagb-block-4fe496d4 uagb-faq-icon-row-reverse uagb-faq-layout-accordion uagb-faq-expand-first-false uagb-faq-inactive-other-true uagb-faq__wrap uagb-buttons-layout-wrap uagb-faq-equal-height     \" data-faqtoggle=\"true\" role=\"tablist\"><div class=\"wp-block-uagb-faq-child uagb-faq-child__outer-wrap uagb-faq-item uagb-block-1a70522e \" role=\"tab\" tabindex=\"0\"><div class=\"uagb-faq-questions-button uagb-faq-questions\">\t\t\t<span class=\"uagb-icon uagb-faq-icon-wrap\">\n\t\t\t\t\t\t\t<\/span>\n\t\t\t\t\t\t<span class=\"uagb-icon-active uagb-faq-icon-wrap\">\n\t\t\t\t\t\t\t\t<svg xmlns=\"https:\/\/www.w3.org\/2000\/svg\" viewBox= \"0 0 320 512\"><path d=\"M9.39 265.4l127.1-128C143.6 131.1 151.8 128 160 128s16.38 3.125 22.63 9.375l127.1 128c9.156 9.156 11.9 22.91 6.943 34.88S300.9 320 287.1 320H32.01c-12.94 0-24.62-7.781-29.58-19.75S.2333 274.5 9.39 265.4z\"><\/path><\/svg>\n\t\t\t\t\t\t\t<\/span>\n\t\t\t<h3 class=\"uagb-question\"><strong>Kiedy tunel Karawanken zosta\u0142 otwarty dla ruchu?<\/strong><\/h3><\/div><div class=\"uagb-faq-content\"><p>Budowa zachodniej rury tunelu Karawanken rozpocz\u0119\u0142a si\u0119 12 sierpnia 1986 r., po wcze\u015bniejszym sporz\u0105dzeniu plan\u00f3w budowy tunelu. Uko\u0144czono go w 1991 r. Prace budowlane na wschodniej metrze rozpocz\u0119\u0142y si\u0119 w 2018 r. Zako\u0144czenie zaplanowano na 2025 r. Po uko\u0144czeniu wschodniej rury, zachodnia rura zostanie ca\u0142kowicie odnowiona. Obie lampy zostan\u0105 ponownie oddane do u\u017cytku w 2027 roku.     <\/p><\/div><\/div><div class=\"wp-block-uagb-faq-child uagb-faq-child__outer-wrap uagb-faq-item uagb-block-bd4b64b2 \" role=\"tab\" tabindex=\"0\"><div class=\"uagb-faq-questions-button uagb-faq-questions\">\t\t\t<span class=\"uagb-icon uagb-faq-icon-wrap\">\n\t\t\t\t\t\t\t<\/span>\n\t\t\t\t\t\t<span class=\"uagb-icon-active uagb-faq-icon-wrap\">\n\t\t\t\t\t\t\t\t<svg xmlns=\"https:\/\/www.w3.org\/2000\/svg\" viewBox= \"0 0 320 512\"><path d=\"M9.39 265.4l127.1-128C143.6 131.1 151.8 128 160 128s16.38 3.125 22.63 9.375l127.1 128c9.156 9.156 11.9 22.91 6.943 34.88S300.9 320 287.1 320H32.01c-12.94 0-24.62-7.781-29.58-19.75S.2333 274.5 9.39 265.4z\"><\/path><\/svg>\n\t\t\t\t\t\t\t<\/span>\n\t\t\t<h3 class=\"uagb-question\"><strong>Jak d\u0142ugi jest tunel Karawanken (autostrada A11 Karawanken)?<\/strong><\/h3><\/div><div class=\"uagb-faq-content\"><p>Zachodnia rura tunelu Karawanken ma d\u0142ugo\u015b\u0107 7864 metr\u00f3w i \u0142\u0105czy austriack\u0105 autostrad\u0119 Karawanken ze s\u0142owe\u0144sk\u0105 autostrad\u0105 Avtocesta A2 w kierunku <a href=\"https:\/\/de.wikipedia.org\/wiki\/Ljubljana\">Lublany<\/a>. Tunel Karawanken to odcinek autostrady Karawanken (A11), kt\u00f3ry jest zwolniony z obowi\u0105zku posiadania winiety, ale podlega specjalnej op\u0142acie.  <\/p><\/div><\/div><div class=\"wp-block-uagb-faq-child uagb-faq-child__outer-wrap uagb-faq-item uagb-block-49ae175a wp-block-uagb-faq-child uagb-faq-child__outer-wrap uagb-faq-item uagb-block-49ae175a\" role=\"tab\" tabindex=\"0\"><div class=\"uagb-faq-questions-button uagb-faq-questions\">\t\t\t<span class=\"uagb-icon uagb-faq-icon-wrap\">\n\t\t\t\t\t\t\t<\/span>\n\t\t\t\t\t\t<span class=\"uagb-icon-active uagb-faq-icon-wrap\">\n\t\t\t\t\t\t\t\t<svg xmlns=\"https:\/\/www.w3.org\/2000\/svg\" viewBox= \"0 0 320 512\"><path d=\"M9.39 265.4l127.1-128C143.6 131.1 151.8 128 160 128s16.38 3.125 22.63 9.375l127.1 128c9.156 9.156 11.9 22.91 6.943 34.88S300.9 320 287.1 320H32.01c-12.94 0-24.62-7.781-29.58-19.75S.2333 274.5 9.39 265.4z\"><\/path><\/svg>\n\t\t\t\t\t\t\t<\/span>\n\t\t\t<h3 class=\"uagb-question\"><strong>Dlaczego tunel Karawanken jest zwolniony z obowi\u0105zku winiety?<\/strong><\/h3><\/div><div class=\"uagb-faq-content\"><p>Tunel Karawanken to odcinek trasy zwolniony z obowi\u0105zku winiety, jednak obj\u0119ty specjaln\u0105 op\u0142at\u0105. Op\u0142aty za przejazdy Karawankenautobahn A11 i <a href=\"https:\/\/tollscout.eu\/pl\/oplata-za-przejazd-tunelem-tauern-w-austrii\/\">Tauernautobahn A10<\/a> mo\u017cna szybko i wygodnie kupi\u0107 online za po\u015brednictwem naszego sklepu internetowego. <\/p><\/div><\/div><div class=\"wp-block-uagb-faq-child uagb-faq-child__outer-wrap uagb-faq-item uagb-block-c7b6f203 \" role=\"tab\" tabindex=\"0\"><div class=\"uagb-faq-questions-button uagb-faq-questions\">\t\t\t<span class=\"uagb-icon uagb-faq-icon-wrap\">\n\t\t\t\t\t\t\t<\/span>\n\t\t\t\t\t\t<span class=\"uagb-icon-active uagb-faq-icon-wrap\">\n\t\t\t\t\t\t\t\t<svg xmlns=\"https:\/\/www.w3.org\/2000\/svg\" viewBox= \"0 0 320 512\"><path d=\"M9.39 265.4l127.1-128C143.6 131.1 151.8 128 160 128s16.38 3.125 22.63 9.375l127.1 128c9.156 9.156 11.9 22.91 6.943 34.88S300.9 320 287.1 320H32.01c-12.94 0-24.62-7.781-29.58-19.75S.2333 274.5 9.39 265.4z\"><\/path><\/svg>\n\t\t\t\t\t\t\t<\/span>\n\t\t\t<h3 class=\"uagb-question\"><strong>Ile kosztuje przejazd tunelem Karawanken w Austrii?<\/strong><\/h3><\/div><div class=\"uagb-faq-content\"><p>Koszt pojedynczego przejazdu tunelem Karawanken wynosi 7,80 euro (stan na 2023 r.).<\/p><\/div><\/div><div class=\"wp-block-uagb-faq-child uagb-faq-child__outer-wrap uagb-faq-item uagb-block-66a7673f \" role=\"tab\" tabindex=\"0\"><div class=\"uagb-faq-questions-button uagb-faq-questions\">\t\t\t<span class=\"uagb-icon uagb-faq-icon-wrap\">\n\t\t\t\t\t\t\t<\/span>\n\t\t\t\t\t\t<span class=\"uagb-icon-active uagb-faq-icon-wrap\">\n\t\t\t\t\t\t\t\t<svg xmlns=\"https:\/\/www.w3.org\/2000\/svg\" viewBox= \"0 0 320 512\"><path d=\"M9.39 265.4l127.1-128C143.6 131.1 151.8 128 160 128s16.38 3.125 22.63 9.375l127.1 128c9.156 9.156 11.9 22.91 6.943 34.88S300.9 320 287.1 320H32.01c-12.94 0-24.62-7.781-29.58-19.75S.2333 274.5 9.39 265.4z\"><\/path><\/svg>\n\t\t\t\t\t\t\t<\/span>\n\t\t\t<h3 class=\"uagb-question\"><strong>Ile czasu zajmuje podr\u00f3\u017c tunelem Karawanken?<\/strong><\/h3><\/div><div class=\"uagb-faq-content\"><p>Podr\u00f3\u017c tunelem Karawanken zajmuje oko\u0142o 10 minut.<\/p><\/div><\/div><div class=\"wp-block-uagb-faq-child uagb-faq-child__outer-wrap uagb-faq-item uagb-block-24d1f8b5 \" role=\"tab\" tabindex=\"0\"><div class=\"uagb-faq-questions-button uagb-faq-questions\">\t\t\t<span class=\"uagb-icon uagb-faq-icon-wrap\">\n\t\t\t\t\t\t\t<\/span>\n\t\t\t\t\t\t<span class=\"uagb-icon-active uagb-faq-icon-wrap\">\n\t\t\t\t\t\t\t\t<svg xmlns=\"https:\/\/www.w3.org\/2000\/svg\" viewBox= \"0 0 320 512\"><path d=\"M9.39 265.4l127.1-128C143.6 131.1 151.8 128 160 128s16.38 3.125 22.63 9.375l127.1 128c9.156 9.156 11.9 22.91 6.943 34.88S300.9 320 287.1 320H32.01c-12.94 0-24.62-7.781-29.58-19.75S.2333 274.5 9.39 265.4z\"><\/path><\/svg>\n\t\t\t\t\t\t\t<\/span>\n\t\t\t<h3 class=\"uagb-question\"><strong><strong>Jak szeroki i wysoki jest tunel Karawanken?<\/strong><\/strong><\/h3><\/div><div class=\"uagb-faq-content\"><p>Szeroko\u015b\u0107 jezdni nitki wschodniej i zachodniej wynosi 7,50 m. Wysoko\u015b\u0107 tunelu Karawanken wynosi 4,70 metra. <\/p><\/div><\/div><\/div><\/div><\/div>\n","protected":false},"excerpt":{"rendered":"<p>Op\u0142ata za przejazd tunelem Karawanken w Austrii Op\u0142ata za przejazd tunelem Karawanken w Austrii Tunel Karawanken (w j\u0119zyku s\u0142owe\u0144skim znany [&hellip;]<\/p>\n","protected":false},"author":2,"featured_media":0,"parent":0,"menu_order":0,"comment_status":"closed","ping_status":"closed","template":"","meta":{"_uag_custom_page_level_css":"","site-sidebar-layout":"no-sidebar","site-content-layout":"","ast-site-content-layout":"normal-width-container","site-content-style":"unboxed","site-sidebar-style":"unboxed","ast-global-header-display":"","ast-banner-title-visibility":"","ast-main-header-display":"","ast-hfb-above-header-display":"","ast-hfb-below-header-display":"","ast-hfb-mobile-header-display":"","site-post-title":"disabled","ast-breadcrumbs-content":"","ast-featured-img":"","footer-sml-layout":"","ast-disable-related-posts":"","theme-transparent-header-meta":"enabled","adv-header-id-meta":"","stick-header-meta":"","header-above-stick-meta":"","header-main-stick-meta":"","header-below-stick-meta":"","astra-migrate-meta-layouts":"default","ast-page-background-enabled":"default","ast-page-background-meta":{"desktop":{"background-color":"var(--ast-global-color-5)","background-image":"","background-repeat":"repeat","background-position":"center center","background-size":"auto","background-attachment":"scroll","background-type":"","background-media":"","overlay-type":"","overlay-color":"","overlay-opacity":"","overlay-gradient":""},"tablet":{"background-color":"","background-image":"","background-repeat":"repeat","background-position":"center center","background-size":"auto","background-attachment":"scroll","background-type":"","background-media":"","overlay-type":"","overlay-color":"","overlay-opacity":"","overlay-gradient":""},"mobile":{"background-color":"","background-image":"","background-repeat":"repeat","background-position":"center center","background-size":"auto","background-attachment":"scroll","background-type":"","background-media":"","overlay-type":"","overlay-color":"","overlay-opacity":"","overlay-gradient":""}},"ast-content-background-meta":{"desktop":{"background-color":"var(--ast-global-color-4)","background-image":"","background-repeat":"repeat","background-position":"center center","background-size":"auto","background-attachment":"scroll","background-type":"","background-media":"","overlay-type":"","overlay-color":"","overlay-opacity":"","overlay-gradient":""},"tablet":{"background-color":"var(--ast-global-color-4)","background-image":"","background-repeat":"repeat","background-position":"center center","background-size":"auto","background-attachment":"scroll","background-type":"","background-media":"","overlay-type":"","overlay-color":"","overlay-opacity":"","overlay-gradient":""},"mobile":{"background-color":"var(--ast-global-color-4)","background-image":"","background-repeat":"repeat","background-position":"center center","background-size":"auto","background-attachment":"scroll","background-type":"","background-media":"","overlay-type":"","overlay-color":"","overlay-opacity":"","overlay-gradient":""}},"footnotes":""},"class_list":["post-8670","page","type-page","status-publish","hentry"],"yoast_head":"<!-- This site is optimized with the Yoast SEO plugin v27.1.1 - https:\/\/yoast.com\/product\/yoast-seo-wordpress\/ -->\n<title>Kup op\u0142at\u0119 za przejazd Karawankentunnel w Austrii online \u2013 obowi\u0105zuje natychmiast<\/title>\n<meta name=\"description\" content=\"Op\u0142aty za przejazd Karawankentunnel w Austrii mo\u017cna u nas szybko i \u0142atwo kupi\u0107 online. Bez sklejania, bez stresu. Obowi\u0105zuje natychmiast\" \/>\n<meta name=\"robots\" content=\"index, follow, max-snippet:-1, max-image-preview:large, max-video-preview:-1\" \/>\n<link rel=\"canonical\" href=\"https:\/\/tollscout.eu\/pl\/oplata-za-przejazd-tunelem-karawanken-w-austrii\/\" \/>\n<meta property=\"og:locale\" content=\"pl_PL\" \/>\n<meta property=\"og:type\" content=\"article\" \/>\n<meta property=\"og:title\" content=\"Kup op\u0142at\u0119 za przejazd Karawankentunnel w Austrii online \u2013 obowi\u0105zuje natychmiast\" \/>\n<meta property=\"og:description\" content=\"Op\u0142aty za przejazd Karawankentunnel w Austrii mo\u017cna u nas szybko i \u0142atwo kupi\u0107 online. Bez sklejania, bez stresu. Obowi\u0105zuje natychmiast\" \/>\n<meta property=\"og:url\" content=\"https:\/\/tollscout.eu\/pl\/oplata-za-przejazd-tunelem-karawanken-w-austrii\/\" \/>\n<meta property=\"og:site_name\" content=\"Tollscout\u00ae\" \/>\n<meta property=\"article:publisher\" content=\"https:\/\/facebook.com\/tollscout\" \/>\n<meta property=\"article:modified_time\" content=\"2024-07-31T23:54:03+00:00\" \/>\n<meta property=\"og:image\" content=\"https:\/\/tollscout.eu\/wp-content\/uploads\/2023\/08\/logo_color_360x92px.png\" \/>\n\t<meta property=\"og:image:width\" content=\"360\" \/>\n\t<meta property=\"og:image:height\" content=\"92\" \/>\n\t<meta property=\"og:image:type\" content=\"image\/png\" \/>\n<meta name=\"twitter:card\" content=\"summary_large_image\" \/>\n<meta name=\"twitter:site\" content=\"@tollscout\" \/>\n<meta name=\"twitter:label1\" content=\"Szacowany czas czytania\" \/>\n\t<meta name=\"twitter:data1\" content=\"1 minuta\" \/>\n<script type=\"application\/ld+json\" class=\"yoast-schema-graph\">{\"@context\":\"https:\/\/schema.org\",\"@graph\":[{\"@type\":\"WebPage\",\"@id\":\"https:\/\/tollscout.eu\/pl\/oplata-za-przejazd-tunelem-karawanken-w-austrii\/\",\"url\":\"https:\/\/tollscout.eu\/pl\/oplata-za-przejazd-tunelem-karawanken-w-austrii\/\",\"name\":\"Kup op\u0142at\u0119 za przejazd Karawankentunnel w Austrii online \u2013 obowi\u0105zuje natychmiast\",\"isPartOf\":{\"@id\":\"https:\/\/tollscout.eu\/pl\/#website\"},\"datePublished\":\"2023-08-24T15:31:39+00:00\",\"dateModified\":\"2024-07-31T23:54:03+00:00\",\"description\":\"Op\u0142aty za przejazd Karawankentunnel w Austrii mo\u017cna u nas szybko i \u0142atwo kupi\u0107 online. Bez sklejania, bez stresu. Obowi\u0105zuje natychmiast\",\"breadcrumb\":{\"@id\":\"https:\/\/tollscout.eu\/pl\/oplata-za-przejazd-tunelem-karawanken-w-austrii\/#breadcrumb\"},\"inLanguage\":\"pl-PL\",\"potentialAction\":[{\"@type\":\"ReadAction\",\"target\":[\"https:\/\/tollscout.eu\/pl\/oplata-za-przejazd-tunelem-karawanken-w-austrii\/\"]}]},{\"@type\":\"BreadcrumbList\",\"@id\":\"https:\/\/tollscout.eu\/pl\/oplata-za-przejazd-tunelem-karawanken-w-austrii\/#breadcrumb\",\"itemListElement\":[{\"@type\":\"ListItem\",\"position\":1,\"name\":\"Startseite\",\"item\":\"https:\/\/tollscout.eu\/pl\/\"},{\"@type\":\"ListItem\",\"position\":2,\"name\":\"Op\u0142ata za przejazd tunelem Karawanken w Austrii\"}]},{\"@type\":\"WebSite\",\"@id\":\"https:\/\/tollscout.eu\/pl\/#website\",\"url\":\"https:\/\/tollscout.eu\/pl\/\",\"name\":\"Tollscout\u00ae\",\"description\":\"\",\"publisher\":{\"@id\":\"https:\/\/tollscout.eu\/pl\/#organization\"},\"potentialAction\":[{\"@type\":\"SearchAction\",\"target\":{\"@type\":\"EntryPoint\",\"urlTemplate\":\"https:\/\/tollscout.eu\/pl\/?s={search_term_string}\"},\"query-input\":{\"@type\":\"PropertyValueSpecification\",\"valueRequired\":true,\"valueName\":\"search_term_string\"}}],\"inLanguage\":\"pl-PL\"},{\"@type\":\"Organization\",\"@id\":\"https:\/\/tollscout.eu\/pl\/#organization\",\"name\":\"TollScout\",\"alternateName\":\"TollScout\",\"url\":\"https:\/\/tollscout.eu\/pl\/\",\"logo\":{\"@type\":\"ImageObject\",\"inLanguage\":\"pl-PL\",\"@id\":\"https:\/\/tollscout.eu\/pl\/#\/schema\/logo\/image\/\",\"url\":\"https:\/\/tollscout.eu\/wp-content\/uploads\/2023\/11\/logo_social_media_1024.png\",\"contentUrl\":\"https:\/\/tollscout.eu\/wp-content\/uploads\/2023\/11\/logo_social_media_1024.png\",\"width\":1024,\"height\":1024,\"caption\":\"TollScout\"},\"image\":{\"@id\":\"https:\/\/tollscout.eu\/pl\/#\/schema\/logo\/image\/\"},\"sameAs\":[\"https:\/\/facebook.com\/tollscout\",\"https:\/\/x.com\/tollscout\",\"https:\/\/instagram.com\/tollscout\"]}]}<\/script>\n<!-- \/ Yoast SEO plugin. -->","yoast_head_json":{"title":"Kup op\u0142at\u0119 za przejazd Karawankentunnel w Austrii online \u2013 obowi\u0105zuje natychmiast","description":"Op\u0142aty za przejazd Karawankentunnel w Austrii mo\u017cna u nas szybko i \u0142atwo kupi\u0107 online. Bez sklejania, bez stresu. Obowi\u0105zuje natychmiast","robots":{"index":"index","follow":"follow","max-snippet":"max-snippet:-1","max-image-preview":"max-image-preview:large","max-video-preview":"max-video-preview:-1"},"canonical":"https:\/\/tollscout.eu\/pl\/oplata-za-przejazd-tunelem-karawanken-w-austrii\/","og_locale":"pl_PL","og_type":"article","og_title":"Kup op\u0142at\u0119 za przejazd Karawankentunnel w Austrii online \u2013 obowi\u0105zuje natychmiast","og_description":"Op\u0142aty za przejazd Karawankentunnel w Austrii mo\u017cna u nas szybko i \u0142atwo kupi\u0107 online. Bez sklejania, bez stresu. Obowi\u0105zuje natychmiast","og_url":"https:\/\/tollscout.eu\/pl\/oplata-za-przejazd-tunelem-karawanken-w-austrii\/","og_site_name":"Tollscout\u00ae","article_publisher":"https:\/\/facebook.com\/tollscout","article_modified_time":"2024-07-31T23:54:03+00:00","og_image":[{"width":360,"height":92,"url":"https:\/\/tollscout.eu\/wp-content\/uploads\/2023\/08\/logo_color_360x92px.png","type":"image\/png"}],"twitter_card":"summary_large_image","twitter_site":"@tollscout","twitter_misc":{"Szacowany czas czytania":"1 minuta"},"schema":{"@context":"https:\/\/schema.org","@graph":[{"@type":"WebPage","@id":"https:\/\/tollscout.eu\/pl\/oplata-za-przejazd-tunelem-karawanken-w-austrii\/","url":"https:\/\/tollscout.eu\/pl\/oplata-za-przejazd-tunelem-karawanken-w-austrii\/","name":"Kup op\u0142at\u0119 za przejazd Karawankentunnel w Austrii online \u2013 obowi\u0105zuje natychmiast","isPartOf":{"@id":"https:\/\/tollscout.eu\/pl\/#website"},"datePublished":"2023-08-24T15:31:39+00:00","dateModified":"2024-07-31T23:54:03+00:00","description":"Op\u0142aty za przejazd Karawankentunnel w Austrii mo\u017cna u nas szybko i \u0142atwo kupi\u0107 online. Bez sklejania, bez stresu. Obowi\u0105zuje natychmiast","breadcrumb":{"@id":"https:\/\/tollscout.eu\/pl\/oplata-za-przejazd-tunelem-karawanken-w-austrii\/#breadcrumb"},"inLanguage":"pl-PL","potentialAction":[{"@type":"ReadAction","target":["https:\/\/tollscout.eu\/pl\/oplata-za-przejazd-tunelem-karawanken-w-austrii\/"]}]},{"@type":"BreadcrumbList","@id":"https:\/\/tollscout.eu\/pl\/oplata-za-przejazd-tunelem-karawanken-w-austrii\/#breadcrumb","itemListElement":[{"@type":"ListItem","position":1,"name":"Startseite","item":"https:\/\/tollscout.eu\/pl\/"},{"@type":"ListItem","position":2,"name":"Op\u0142ata za przejazd tunelem Karawanken w Austrii"}]},{"@type":"WebSite","@id":"https:\/\/tollscout.eu\/pl\/#website","url":"https:\/\/tollscout.eu\/pl\/","name":"Tollscout\u00ae","description":"","publisher":{"@id":"https:\/\/tollscout.eu\/pl\/#organization"},"potentialAction":[{"@type":"SearchAction","target":{"@type":"EntryPoint","urlTemplate":"https:\/\/tollscout.eu\/pl\/?s={search_term_string}"},"query-input":{"@type":"PropertyValueSpecification","valueRequired":true,"valueName":"search_term_string"}}],"inLanguage":"pl-PL"},{"@type":"Organization","@id":"https:\/\/tollscout.eu\/pl\/#organization","name":"TollScout","alternateName":"TollScout","url":"https:\/\/tollscout.eu\/pl\/","logo":{"@type":"ImageObject","inLanguage":"pl-PL","@id":"https:\/\/tollscout.eu\/pl\/#\/schema\/logo\/image\/","url":"https:\/\/tollscout.eu\/wp-content\/uploads\/2023\/11\/logo_social_media_1024.png","contentUrl":"https:\/\/tollscout.eu\/wp-content\/uploads\/2023\/11\/logo_social_media_1024.png","width":1024,"height":1024,"caption":"TollScout"},"image":{"@id":"https:\/\/tollscout.eu\/pl\/#\/schema\/logo\/image\/"},"sameAs":["https:\/\/facebook.com\/tollscout","https:\/\/x.com\/tollscout","https:\/\/instagram.com\/tollscout"]}]}},"uagb_featured_image_src":{"full":false,"thumbnail":false,"medium":false,"medium_large":false,"large":false,"1536x1536":false,"2048x2048":false,"gform-image-choice-sm":false,"gform-image-choice-md":false,"gform-image-choice-lg":false},"uagb_author_info":{"display_name":"Tollscout","author_link":"https:\/\/tollscout.eu\/pl\/author\/m-hemm\/"},"uagb_comment_info":0,"uagb_excerpt":"Op\u0142ata za przejazd tunelem Karawanken w Austrii Op\u0142ata za przejazd tunelem Karawanken w Austrii Tunel Karawanken (w j\u0119zyku s\u0142owe\u0144skim znany [&hellip;]","_links":{"self":[{"href":"https:\/\/tollscout.eu\/pl\/wp-json\/wp\/v2\/pages\/8670","targetHints":{"allow":["GET"]}}],"collection":[{"href":"https:\/\/tollscout.eu\/pl\/wp-json\/wp\/v2\/pages"}],"about":[{"href":"https:\/\/tollscout.eu\/pl\/wp-json\/wp\/v2\/types\/page"}],"author":[{"embeddable":true,"href":"https:\/\/tollscout.eu\/pl\/wp-json\/wp\/v2\/users\/2"}],"replies":[{"embeddable":true,"href":"https:\/\/tollscout.eu\/pl\/wp-json\/wp\/v2\/comments?post=8670"}],"version-history":[{"count":2,"href":"https:\/\/tollscout.eu\/pl\/wp-json\/wp\/v2\/pages\/8670\/revisions"}],"predecessor-version":[{"id":9097,"href":"https:\/\/tollscout.eu\/pl\/wp-json\/wp\/v2\/pages\/8670\/revisions\/9097"}],"wp:attachment":[{"href":"https:\/\/tollscout.eu\/pl\/wp-json\/wp\/v2\/media?parent=8670"}],"curies":[{"name":"wp","href":"https:\/\/api.w.org\/{rel}","templated":true}]}}