{"id":8615,"date":"2023-09-08T12:48:12","date_gmt":"2023-09-08T10:48:12","guid":{"rendered":"https:\/\/tollscout.eu\/kup-cyfrowe-oplaty-za-trasy-online\/"},"modified":"2024-07-31T16:57:06","modified_gmt":"2024-07-31T14:57:06","slug":"kup-cyfrowe-oplaty-za-trasy-online","status":"publish","type":"page","link":"https:\/\/tollscout.eu\/pl\/kup-cyfrowe-oplaty-za-trasy-online\/","title":{"rendered":"Kup cyfrowe op\u0142aty za trasy online"},"content":{"rendered":"\n<div class=\"wp-block-uagb-container uagb-block-c1e2fce7 alignfull uagb-is-root-container\"><div class=\"uagb-container-inner-blocks-wrap\">\n<div class=\"wp-block-uagb-advanced-heading uagb-block-c767fabd\"><h1 class=\"uagb-heading-text\">Kup cyfrowe op\u0142aty za trasy online<\/h1><\/div>\n<\/div><\/div>\n\n<div class=\"wp-block-uagb-container uagb-block-610baaad alignfull uagb-is-root-container\"><div class=\"uagb-container-inner-blocks-wrap\">\n<div class=\"wp-block-uagb-container uagb-block-31b295f2\">\n<div class=\"wp-block-uagb-info-box uagb-block-2a89b7d9 uagb-infobox__content-wrap  uagb-infobox-icon-above-title uagb-infobox-image-valign-top\"><div class=\"uagb-ifb-content\"><div class=\"uagb-ifb-title-wrap\"><h2 class=\"uagb-ifb-title\">Cyfrowa op\u0142ata za tras\u0119 Austria<\/h2><\/div><p class=\"uagb-ifb-desc\">Cyfrowe op\u0142aty drogowe w Austrii to klucz do p\u0142ynnej podr\u00f3\u017cy autostrad\u0105 w sercu Alp. Wygodnie kupowany online, umo\u017cliwia bezstresowe podr\u00f3\u017cowanie, bez irytuj\u0105cych naklejek i ogranicze\u0144 czasowych. Odkryj majestatyczne krajobrazy i historyczne miasta Austrii, podr\u00f3\u017cuj\u0105c bez zmartwie\u0144 po drogach.  <\/p><div class=\"uagb-ifb-button-wrapper wp-block-button\"><a href=\"https:\/\/tollscout.eu\/digitale-streckenmaut-oesterreich\/\" class=\"uagb-infobox-cta-link wp-block-button__link\" target=\"_self\" rel=\"noopener noreferrer\" onclick=\"return true;\" alt=\"\"><span class=\"uagb-inline-editing\">Kup online<\/span><\/a><\/div><\/div><\/div>\n<\/div>\n\n\n\n<div class=\"wp-block-uagb-container uagb-block-7db25ae8\">\n<div class=\"wp-block-uagb-image uagb-block-f23a0025 wp-block-uagb-image--layout-default wp-block-uagb-image--effect-static wp-block-uagb-image--align-none\"><figure class=\"wp-block-uagb-image__figure\"><img decoding=\"async\" srcset=\"https:\/\/tollscout.eu\/wp-content\/uploads\/2024\/02\/nikolett-emmert-0kSrcV46cI4-unsplash-1024x683.jpg ,https:\/\/tollscout.eu\/wp-content\/uploads\/2024\/02\/nikolett-emmert-0kSrcV46cI4-unsplash-scaled.jpg 780w, https:\/\/tollscout.eu\/wp-content\/uploads\/2024\/02\/nikolett-emmert-0kSrcV46cI4-unsplash-scaled.jpg 360w\" sizes=\"auto, (max-width: 480px) 150px\" src=\"https:\/\/tollscout.eu\/wp-content\/uploads\/2024\/02\/nikolett-emmert-0kSrcV46cI4-unsplash-1024x683.jpg\" alt=\"Faaker See w pobli\u017cu Villach w Karyntii, z daleka.\" class=\"uag-image-5315\" width=\"1024\" height=\"683\" title=\"\" loading=\"lazy\"><\/figure><\/div>\n<\/div>\n<\/div><\/div>\n\n<div class=\"wp-block-uagb-container uagb-block-0fa8dc87 alignfull uagb-is-root-container\"><div class=\"uagb-container-inner-blocks-wrap\">\n<div class=\"wp-block-uagb-container uagb-block-aaa491a8\">\n<div class=\"wp-block-uagb-image uagb-block-95ad5af2 wp-block-uagb-image--layout-default wp-block-uagb-image--effect-static wp-block-uagb-image--align-none\"><figure class=\"wp-block-uagb-image__figure\"><img decoding=\"async\" srcset=\"https:\/\/tollscout.eu\/wp-content\/uploads\/2024\/02\/louismoto-PuUzm0Npxz4-unsplash-1024x767.jpg ,https:\/\/tollscout.eu\/wp-content\/uploads\/2024\/02\/louismoto-PuUzm0Npxz4-unsplash-scaled.jpg 780w, https:\/\/tollscout.eu\/wp-content\/uploads\/2024\/02\/louismoto-PuUzm0Npxz4-unsplash-scaled.jpg 360w\" sizes=\"auto, (max-width: 480px) 150px\" src=\"https:\/\/tollscout.eu\/wp-content\/uploads\/2024\/02\/louismoto-PuUzm0Npxz4-unsplash-1024x767.jpg\" alt=\"Droga na stepie S\u0142owenii\" class=\"uag-image-5320\" width=\"1024\" height=\"767\" title=\"\" loading=\"lazy\"><\/figure><\/div>\n<\/div>\n\n\n\n<div class=\"wp-block-uagb-container uagb-block-273f62cc\">\n<div class=\"wp-block-uagb-info-box uagb-block-f179cbd3 uagb-infobox__content-wrap  uagb-infobox-icon-above-title uagb-infobox-image-valign-top\"><div class=\"uagb-ifb-content\"><div class=\"uagb-ifb-title-wrap\"><h2 class=\"uagb-ifb-title\">Cyfrowa op\u0142ata za tras\u0119 S\u0142owenia<\/h2><\/div><p class=\"uagb-ifb-desc\">Cyfrowe pobieranie op\u0142at za trasy w S\u0142owenii otwiera drzwi do niezapomnianych przyg\u00f3d drogowych w tym zaczarowanym kraju. Zakupiony za pomoc\u0105 kilku klikni\u0119\u0107 online, umo\u017cliwia p\u0142ynn\u0105 jazd\u0119 i dost\u0119p do malowniczych szlak\u00f3w S\u0142owenii. Poznaj r\u00f3\u017cnorodno\u015b\u0107 krajobraz\u00f3w S\u0142owenii i zanurz si\u0119 w jej bogatej kulturze, bez kleju i ogranicze\u0144 czasowych.  <\/p><div class=\"uagb-ifb-button-wrapper wp-block-button\"><a href=\"https:\/\/tollscout.eu\/digitale-vignette-slowenien-online\/\" class=\"uagb-infobox-cta-link wp-block-button__link\" target=\"_self\" rel=\"noopener noreferrer\" onclick=\"return true;\" alt=\"\"><span class=\"uagb-inline-editing\">Wi\u0119cej informacji<\/span><\/a><\/div><\/div><\/div>\n<\/div>\n<\/div><\/div>\n","protected":false},"excerpt":{"rendered":"<p>Kup cyfrowe op\u0142aty za trasy online<\/p>\n","protected":false},"author":2,"featured_media":0,"parent":0,"menu_order":0,"comment_status":"closed","ping_status":"closed","template":"","meta":{"_uag_custom_page_level_css":"","site-sidebar-layout":"no-sidebar","site-content-layout":"","ast-site-content-layout":"normal-width-container","site-content-style":"unboxed","site-sidebar-style":"unboxed","ast-global-header-display":"","ast-banner-title-visibility":"","ast-main-header-display":"","ast-hfb-above-header-display":"","ast-hfb-below-header-display":"","ast-hfb-mobile-header-display":"","site-post-title":"disabled","ast-breadcrumbs-content":"","ast-featured-img":"","footer-sml-layout":"","ast-disable-related-posts":"","theme-transparent-header-meta":"enabled","adv-header-id-meta":"","stick-header-meta":"","header-above-stick-meta":"","header-main-stick-meta":"","header-below-stick-meta":"","astra-migrate-meta-layouts":"default","ast-page-background-enabled":"default","ast-page-background-meta":{"desktop":{"background-color":"var(--ast-global-color-5)","background-image":"","background-repeat":"repeat","background-position":"center center","background-size":"auto","background-attachment":"scroll","background-type":"","background-media":"","overlay-type":"","overlay-color":"","overlay-opacity":"","overlay-gradient":""},"tablet":{"background-color":"","background-image":"","background-repeat":"repeat","background-position":"center center","background-size":"auto","background-attachment":"scroll","background-type":"","background-media":"","overlay-type":"","overlay-color":"","overlay-opacity":"","overlay-gradient":""},"mobile":{"background-color":"","background-image":"","background-repeat":"repeat","background-position":"center center","background-size":"auto","background-attachment":"scroll","background-type":"","background-media":"","overlay-type":"","overlay-color":"","overlay-opacity":"","overlay-gradient":""}},"ast-content-background-meta":{"desktop":{"background-color":"var(--ast-global-color-4)","background-image":"","background-repeat":"repeat","background-position":"center center","background-size":"auto","background-attachment":"scroll","background-type":"","background-media":"","overlay-type":"","overlay-color":"","overlay-opacity":"","overlay-gradient":""},"tablet":{"background-color":"var(--ast-global-color-4)","background-image":"","background-repeat":"repeat","background-position":"center center","background-size":"auto","background-attachment":"scroll","background-type":"","background-media":"","overlay-type":"","overlay-color":"","overlay-opacity":"","overlay-gradient":""},"mobile":{"background-color":"var(--ast-global-color-4)","background-image":"","background-repeat":"repeat","background-position":"center center","background-size":"auto","background-attachment":"scroll","background-type":"","background-media":"","overlay-type":"","overlay-color":"","overlay-opacity":"","overlay-gradient":""}},"footnotes":""},"class_list":["post-8615","page","type-page","status-publish","hentry"],"yoast_head":"<!-- This site is optimized with the Yoast SEO plugin v27.1.1 - https:\/\/yoast.com\/product\/yoast-seo-wordpress\/ -->\n<title>Kup cyfrowe op\u0142aty za trasy online w Europie \u2013 wa\u017cne natychmiast<\/title>\n<meta name=\"description\" content=\"Kupuj cyfrowe op\u0142aty za trasy online dla ca\u0142ej Europy. Zarejestruj cyfrowe op\u0142aty drogowe \u0142atwo, szybko i bezpiecznie. Obowi\u0105zuje natychmiast.\" \/>\n<meta name=\"robots\" content=\"index, follow, max-snippet:-1, max-image-preview:large, max-video-preview:-1\" \/>\n<link rel=\"canonical\" href=\"https:\/\/tollscout.eu\/pl\/kup-cyfrowe-oplaty-za-trasy-online\/\" \/>\n<meta property=\"og:locale\" content=\"pl_PL\" \/>\n<meta property=\"og:type\" content=\"article\" \/>\n<meta property=\"og:title\" content=\"Kup cyfrowe op\u0142aty za trasy online w Europie \u2013 wa\u017cne natychmiast\" \/>\n<meta property=\"og:description\" content=\"Kupuj cyfrowe op\u0142aty za trasy online dla ca\u0142ej Europy. Zarejestruj cyfrowe op\u0142aty drogowe \u0142atwo, szybko i bezpiecznie. Obowi\u0105zuje natychmiast.\" \/>\n<meta property=\"og:url\" content=\"https:\/\/tollscout.eu\/pl\/kup-cyfrowe-oplaty-za-trasy-online\/\" \/>\n<meta property=\"og:site_name\" content=\"Tollscout\u00ae\" \/>\n<meta property=\"article:publisher\" content=\"https:\/\/facebook.com\/tollscout\" \/>\n<meta property=\"article:modified_time\" content=\"2024-07-31T14:57:06+00:00\" \/>\n<meta property=\"og:image\" content=\"https:\/\/tollscout.eu\/wp-content\/uploads\/2024\/02\/nikolett-emmert-0kSrcV46cI4-unsplash-1024x683.jpg\" \/>\n<meta name=\"twitter:card\" content=\"summary_large_image\" \/>\n<meta name=\"twitter:site\" content=\"@tollscout\" \/>\n<meta name=\"twitter:label1\" content=\"Szacowany czas czytania\" \/>\n\t<meta name=\"twitter:data1\" content=\"1 minuta\" \/>\n<script type=\"application\/ld+json\" class=\"yoast-schema-graph\">{\"@context\":\"https:\/\/schema.org\",\"@graph\":[{\"@type\":\"WebPage\",\"@id\":\"https:\/\/tollscout.eu\/pl\/kup-cyfrowe-oplaty-za-trasy-online\/\",\"url\":\"https:\/\/tollscout.eu\/pl\/kup-cyfrowe-oplaty-za-trasy-online\/\",\"name\":\"Kup cyfrowe op\u0142aty za trasy online w Europie \u2013 wa\u017cne natychmiast\",\"isPartOf\":{\"@id\":\"https:\/\/tollscout.eu\/pl\/#website\"},\"primaryImageOfPage\":{\"@id\":\"https:\/\/tollscout.eu\/pl\/kup-cyfrowe-oplaty-za-trasy-online\/#primaryimage\"},\"image\":{\"@id\":\"https:\/\/tollscout.eu\/pl\/kup-cyfrowe-oplaty-za-trasy-online\/#primaryimage\"},\"thumbnailUrl\":\"https:\/\/tollscout.eu\/wp-content\/uploads\/2024\/02\/nikolett-emmert-0kSrcV46cI4-unsplash-1024x683.jpg\",\"datePublished\":\"2023-09-08T10:48:12+00:00\",\"dateModified\":\"2024-07-31T14:57:06+00:00\",\"description\":\"Kupuj cyfrowe op\u0142aty za trasy online dla ca\u0142ej Europy. Zarejestruj cyfrowe op\u0142aty drogowe \u0142atwo, szybko i bezpiecznie. Obowi\u0105zuje natychmiast.\",\"breadcrumb\":{\"@id\":\"https:\/\/tollscout.eu\/pl\/kup-cyfrowe-oplaty-za-trasy-online\/#breadcrumb\"},\"inLanguage\":\"pl-PL\",\"potentialAction\":[{\"@type\":\"ReadAction\",\"target\":[\"https:\/\/tollscout.eu\/pl\/kup-cyfrowe-oplaty-za-trasy-online\/\"]}]},{\"@type\":\"ImageObject\",\"inLanguage\":\"pl-PL\",\"@id\":\"https:\/\/tollscout.eu\/pl\/kup-cyfrowe-oplaty-za-trasy-online\/#primaryimage\",\"url\":\"https:\/\/tollscout.eu\/wp-content\/uploads\/2024\/02\/nikolett-emmert-0kSrcV46cI4-unsplash-1024x683.jpg\",\"contentUrl\":\"https:\/\/tollscout.eu\/wp-content\/uploads\/2024\/02\/nikolett-emmert-0kSrcV46cI4-unsplash-1024x683.jpg\"},{\"@type\":\"BreadcrumbList\",\"@id\":\"https:\/\/tollscout.eu\/pl\/kup-cyfrowe-oplaty-za-trasy-online\/#breadcrumb\",\"itemListElement\":[{\"@type\":\"ListItem\",\"position\":1,\"name\":\"Startseite\",\"item\":\"https:\/\/tollscout.eu\/pl\/\"},{\"@type\":\"ListItem\",\"position\":2,\"name\":\"Kup cyfrowe op\u0142aty za trasy online\"}]},{\"@type\":\"WebSite\",\"@id\":\"https:\/\/tollscout.eu\/pl\/#website\",\"url\":\"https:\/\/tollscout.eu\/pl\/\",\"name\":\"Tollscout\u00ae\",\"description\":\"\",\"publisher\":{\"@id\":\"https:\/\/tollscout.eu\/pl\/#organization\"},\"potentialAction\":[{\"@type\":\"SearchAction\",\"target\":{\"@type\":\"EntryPoint\",\"urlTemplate\":\"https:\/\/tollscout.eu\/pl\/?s={search_term_string}\"},\"query-input\":{\"@type\":\"PropertyValueSpecification\",\"valueRequired\":true,\"valueName\":\"search_term_string\"}}],\"inLanguage\":\"pl-PL\"},{\"@type\":\"Organization\",\"@id\":\"https:\/\/tollscout.eu\/pl\/#organization\",\"name\":\"TollScout\",\"alternateName\":\"TollScout\",\"url\":\"https:\/\/tollscout.eu\/pl\/\",\"logo\":{\"@type\":\"ImageObject\",\"inLanguage\":\"pl-PL\",\"@id\":\"https:\/\/tollscout.eu\/pl\/#\/schema\/logo\/image\/\",\"url\":\"https:\/\/tollscout.eu\/wp-content\/uploads\/2023\/11\/logo_social_media_1024.png\",\"contentUrl\":\"https:\/\/tollscout.eu\/wp-content\/uploads\/2023\/11\/logo_social_media_1024.png\",\"width\":1024,\"height\":1024,\"caption\":\"TollScout\"},\"image\":{\"@id\":\"https:\/\/tollscout.eu\/pl\/#\/schema\/logo\/image\/\"},\"sameAs\":[\"https:\/\/facebook.com\/tollscout\",\"https:\/\/x.com\/tollscout\",\"https:\/\/instagram.com\/tollscout\"]}]}<\/script>\n<!-- \/ Yoast SEO plugin. -->","yoast_head_json":{"title":"Kup cyfrowe op\u0142aty za trasy online w Europie \u2013 wa\u017cne natychmiast","description":"Kupuj cyfrowe op\u0142aty za trasy online dla ca\u0142ej Europy. Zarejestruj cyfrowe op\u0142aty drogowe \u0142atwo, szybko i bezpiecznie. Obowi\u0105zuje natychmiast.","robots":{"index":"index","follow":"follow","max-snippet":"max-snippet:-1","max-image-preview":"max-image-preview:large","max-video-preview":"max-video-preview:-1"},"canonical":"https:\/\/tollscout.eu\/pl\/kup-cyfrowe-oplaty-za-trasy-online\/","og_locale":"pl_PL","og_type":"article","og_title":"Kup cyfrowe op\u0142aty za trasy online w Europie \u2013 wa\u017cne natychmiast","og_description":"Kupuj cyfrowe op\u0142aty za trasy online dla ca\u0142ej Europy. Zarejestruj cyfrowe op\u0142aty drogowe \u0142atwo, szybko i bezpiecznie. Obowi\u0105zuje natychmiast.","og_url":"https:\/\/tollscout.eu\/pl\/kup-cyfrowe-oplaty-za-trasy-online\/","og_site_name":"Tollscout\u00ae","article_publisher":"https:\/\/facebook.com\/tollscout","article_modified_time":"2024-07-31T14:57:06+00:00","og_image":[{"url":"https:\/\/tollscout.eu\/wp-content\/uploads\/2024\/02\/nikolett-emmert-0kSrcV46cI4-unsplash-1024x683.jpg","type":"","width":"","height":""}],"twitter_card":"summary_large_image","twitter_site":"@tollscout","twitter_misc":{"Szacowany czas czytania":"1 minuta"},"schema":{"@context":"https:\/\/schema.org","@graph":[{"@type":"WebPage","@id":"https:\/\/tollscout.eu\/pl\/kup-cyfrowe-oplaty-za-trasy-online\/","url":"https:\/\/tollscout.eu\/pl\/kup-cyfrowe-oplaty-za-trasy-online\/","name":"Kup cyfrowe op\u0142aty za trasy online w Europie \u2013 wa\u017cne natychmiast","isPartOf":{"@id":"https:\/\/tollscout.eu\/pl\/#website"},"primaryImageOfPage":{"@id":"https:\/\/tollscout.eu\/pl\/kup-cyfrowe-oplaty-za-trasy-online\/#primaryimage"},"image":{"@id":"https:\/\/tollscout.eu\/pl\/kup-cyfrowe-oplaty-za-trasy-online\/#primaryimage"},"thumbnailUrl":"https:\/\/tollscout.eu\/wp-content\/uploads\/2024\/02\/nikolett-emmert-0kSrcV46cI4-unsplash-1024x683.jpg","datePublished":"2023-09-08T10:48:12+00:00","dateModified":"2024-07-31T14:57:06+00:00","description":"Kupuj cyfrowe op\u0142aty za trasy online dla ca\u0142ej Europy. Zarejestruj cyfrowe op\u0142aty drogowe \u0142atwo, szybko i bezpiecznie. Obowi\u0105zuje natychmiast.","breadcrumb":{"@id":"https:\/\/tollscout.eu\/pl\/kup-cyfrowe-oplaty-za-trasy-online\/#breadcrumb"},"inLanguage":"pl-PL","potentialAction":[{"@type":"ReadAction","target":["https:\/\/tollscout.eu\/pl\/kup-cyfrowe-oplaty-za-trasy-online\/"]}]},{"@type":"ImageObject","inLanguage":"pl-PL","@id":"https:\/\/tollscout.eu\/pl\/kup-cyfrowe-oplaty-za-trasy-online\/#primaryimage","url":"https:\/\/tollscout.eu\/wp-content\/uploads\/2024\/02\/nikolett-emmert-0kSrcV46cI4-unsplash-1024x683.jpg","contentUrl":"https:\/\/tollscout.eu\/wp-content\/uploads\/2024\/02\/nikolett-emmert-0kSrcV46cI4-unsplash-1024x683.jpg"},{"@type":"BreadcrumbList","@id":"https:\/\/tollscout.eu\/pl\/kup-cyfrowe-oplaty-za-trasy-online\/#breadcrumb","itemListElement":[{"@type":"ListItem","position":1,"name":"Startseite","item":"https:\/\/tollscout.eu\/pl\/"},{"@type":"ListItem","position":2,"name":"Kup cyfrowe op\u0142aty za trasy online"}]},{"@type":"WebSite","@id":"https:\/\/tollscout.eu\/pl\/#website","url":"https:\/\/tollscout.eu\/pl\/","name":"Tollscout\u00ae","description":"","publisher":{"@id":"https:\/\/tollscout.eu\/pl\/#organization"},"potentialAction":[{"@type":"SearchAction","target":{"@type":"EntryPoint","urlTemplate":"https:\/\/tollscout.eu\/pl\/?s={search_term_string}"},"query-input":{"@type":"PropertyValueSpecification","valueRequired":true,"valueName":"search_term_string"}}],"inLanguage":"pl-PL"},{"@type":"Organization","@id":"https:\/\/tollscout.eu\/pl\/#organization","name":"TollScout","alternateName":"TollScout","url":"https:\/\/tollscout.eu\/pl\/","logo":{"@type":"ImageObject","inLanguage":"pl-PL","@id":"https:\/\/tollscout.eu\/pl\/#\/schema\/logo\/image\/","url":"https:\/\/tollscout.eu\/wp-content\/uploads\/2023\/11\/logo_social_media_1024.png","contentUrl":"https:\/\/tollscout.eu\/wp-content\/uploads\/2023\/11\/logo_social_media_1024.png","width":1024,"height":1024,"caption":"TollScout"},"image":{"@id":"https:\/\/tollscout.eu\/pl\/#\/schema\/logo\/image\/"},"sameAs":["https:\/\/facebook.com\/tollscout","https:\/\/x.com\/tollscout","https:\/\/instagram.com\/tollscout"]}]}},"uagb_featured_image_src":{"full":false,"thumbnail":false,"medium":false,"medium_large":false,"large":false,"1536x1536":false,"2048x2048":false,"gform-image-choice-sm":false,"gform-image-choice-md":false,"gform-image-choice-lg":false},"uagb_author_info":{"display_name":"Tollscout","author_link":"https:\/\/tollscout.eu\/pl\/author\/m-hemm\/"},"uagb_comment_info":0,"uagb_excerpt":"Kup cyfrowe op\u0142aty za trasy online","_links":{"self":[{"href":"https:\/\/tollscout.eu\/pl\/wp-json\/wp\/v2\/pages\/8615","targetHints":{"allow":["GET"]}}],"collection":[{"href":"https:\/\/tollscout.eu\/pl\/wp-json\/wp\/v2\/pages"}],"about":[{"href":"https:\/\/tollscout.eu\/pl\/wp-json\/wp\/v2\/types\/page"}],"author":[{"embeddable":true,"href":"https:\/\/tollscout.eu\/pl\/wp-json\/wp\/v2\/users\/2"}],"replies":[{"embeddable":true,"href":"https:\/\/tollscout.eu\/pl\/wp-json\/wp\/v2\/comments?post=8615"}],"version-history":[{"count":1,"href":"https:\/\/tollscout.eu\/pl\/wp-json\/wp\/v2\/pages\/8615\/revisions"}],"predecessor-version":[{"id":8616,"href":"https:\/\/tollscout.eu\/pl\/wp-json\/wp\/v2\/pages\/8615\/revisions\/8616"}],"wp:attachment":[{"href":"https:\/\/tollscout.eu\/pl\/wp-json\/wp\/v2\/media?parent=8615"}],"curies":[{"name":"wp","href":"https:\/\/api.w.org\/{rel}","templated":true}]}}