{"id":8613,"date":"2023-08-25T12:00:01","date_gmt":"2023-08-25T10:00:01","guid":{"rendered":"https:\/\/tollscout.eu\/brenner-oplaty-drogowe\/"},"modified":"2024-08-01T01:57:21","modified_gmt":"2024-07-31T23:57:21","slug":"brenner-oplaty-drogowe","status":"publish","type":"page","link":"https:\/\/tollscout.eu\/pl\/brenner-oplaty-drogowe\/","title":{"rendered":"Brenner op\u0142aty drogowe"},"content":{"rendered":"\n<div class=\"wp-block-uagb-container uagb-block-c1e2fce7 alignfull uagb-is-root-container\"><div class=\"uagb-container-inner-blocks-wrap\">\n<div class=\"wp-block-uagb-advanced-heading uagb-block-c767fabd\"><h1 class=\"uagb-heading-text\">Brenner op\u0142aty drogowe online Austria<\/h1><\/div>\n<\/div><\/div>\n\n<div class=\"wp-block-uagb-container uagb-block-03d628be alignfull uagb-is-root-container\"><div class=\"uagb-container-inner-blocks-wrap\">\n<div id=\"app\" data-context=\"at\"><\/div>\n<\/div><\/div>\n\n<div class=\"wp-block-uagb-container uagb-block-f356067b alignfull uagb-is-root-container\"><div class=\"uagb-container-inner-blocks-wrap\">\n<div class=\"wp-block-uagb-advanced-heading uagb-block-e02782db\"><h2 class=\"uagb-heading-text\">Brenner op\u0142aty drogowe online Austria<\/h2><p class=\"uagb-desc-text\">Autostrada Brenner A 13, b\u0119d\u0105ca cz\u0119\u015bci\u0105 europejskiej trasy 45, przebiega przez Tyrol i stanowi integraln\u0105 cz\u0119\u015b\u0107 autostrady Brenner, kt\u00f3ra zosta\u0142a zbudowana w latach 60. XX wieku i jest uwa\u017cana za jedn\u0105 z pierwszych autostrad g\u00f3rskich na \u015bwiecie. Jest to austriacki odcinek autostrady Brenner. 5 kwietnia 1971 roku zosta\u0142 oficjalnie otwarty dla ruchu pomi\u0119dzy Austri\u0105 i W\u0142ochami. Autostrada A 13 biegnie z Innsbrucka (w\u0119ze\u0142 Inntal Autobahn A 12) przez Wipptal do prze\u0142\u0119czy Brenner, kt\u00f3ra od 1920 r. stanowi granic\u0119 mi\u0119dzy W\u0142ochami a Austri\u0105 zgodnie z traktatem z Saint-Germain. Kolejny odcinek na terytorium W\u0142och nazywany jest autostrad\u0105 A 22, Brenner Autostrada\/Autostrada del Brennero lub po prostu Autobrennero.    <\/p><\/div>\n<\/div><\/div>\n\n<div class=\"wp-block-uagb-container uagb-block-7efd3c31 alignfull uagb-is-root-container\"><div class=\"uagb-container-inner-blocks-wrap\">\n<div class=\"wp-block-uagb-advanced-heading uagb-block-4602874c\"><h2 class=\"uagb-heading-text\">FAQ<\/h2><p class=\"uagb-desc-text\">Tutaj odpowiemy na wszystkie pytania dotycz\u0105ce Brenner Toll Austria<\/p><\/div>\n\n\n<div class=\"wp-block-uagb-faq uagb-faq__outer-wrap uagb-block-4fe496d4 uagb-faq-icon-row-reverse uagb-faq-layout-accordion uagb-faq-expand-first-false uagb-faq-inactive-other-true uagb-faq__wrap uagb-buttons-layout-wrap uagb-faq-equal-height     \" data-faqtoggle=\"true\" role=\"tablist\"><div class=\"wp-block-uagb-faq-child uagb-faq-child__outer-wrap uagb-faq-item uagb-block-1a70522e \" role=\"tab\" tabindex=\"0\"><div class=\"uagb-faq-questions-button uagb-faq-questions\">\t\t\t<span class=\"uagb-icon uagb-faq-icon-wrap\">\n\t\t\t\t\t\t\t<\/span>\n\t\t\t\t\t\t<span class=\"uagb-icon-active uagb-faq-icon-wrap\">\n\t\t\t\t\t\t\t\t<svg xmlns=\"https:\/\/www.w3.org\/2000\/svg\" viewBox= \"0 0 320 512\"><path d=\"M9.39 265.4l127.1-128C143.6 131.1 151.8 128 160 128s16.38 3.125 22.63 9.375l127.1 128c9.156 9.156 11.9 22.91 6.943 34.88S300.9 320 287.1 320H32.01c-12.94 0-24.62-7.781-29.58-19.75S.2333 274.5 9.39 265.4z\"><\/path><\/svg>\n\t\t\t\t\t\t\t<\/span>\n\t\t\t<h3 class=\"uagb-question\">Ile kosztuje przejazd Brenner w Austrii? <\/h3><\/div><div class=\"uagb-faq-content\"><p>Op\u0142aty za przejazd autostrad\u0105 Brenner (A13) mog\u0105 si\u0119 r\u00f3\u017cni\u0107 w zale\u017cno\u015bci od rodzaju pojazdu, pory roku i odcinka trasy. Warto sprawdzi\u0107 aktualne taryfy na oficjalnej stronie operatora lub w punktach poboru op\u0142at, gdy\u017c mog\u0105 one ulega\u0107 zmianom. Op\u0142aty s\u0105 zazwyczaj obliczane na podstawie przebiegu i kategorii pojazdu, przy czym r\u00f3\u017cne ceny dotycz\u0105 samochod\u00f3w osobowych, pojazd\u00f3w kempingowych, ci\u0119\u017car\u00f3wek i autobus\u00f3w. Do uiszczania op\u0142aty za przejazd autostrad\u0105 Brenner mo\u017cliwe jest r\u00f3wnie\u017c skorzystanie z r\u00f3\u017cnych mo\u017cliwo\u015bci p\u0142atno\u015bci, takich jak got\u00f3wka lub elektroniczne systemy poboru op\u0142at.   <\/p><\/div><\/div><div class=\"wp-block-uagb-faq-child uagb-faq-child__outer-wrap uagb-faq-item uagb-block-bd4b64b2 \" role=\"tab\" tabindex=\"0\"><div class=\"uagb-faq-questions-button uagb-faq-questions\">\t\t\t<span class=\"uagb-icon uagb-faq-icon-wrap\">\n\t\t\t\t\t\t\t<\/span>\n\t\t\t\t\t\t<span class=\"uagb-icon-active uagb-faq-icon-wrap\">\n\t\t\t\t\t\t\t\t<svg xmlns=\"https:\/\/www.w3.org\/2000\/svg\" viewBox= \"0 0 320 512\"><path d=\"M9.39 265.4l127.1-128C143.6 131.1 151.8 128 160 128s16.38 3.125 22.63 9.375l127.1 128c9.156 9.156 11.9 22.91 6.943 34.88S300.9 320 287.1 320H32.01c-12.94 0-24.62-7.781-29.58-19.75S.2333 274.5 9.39 265.4z\"><\/path><\/svg>\n\t\t\t\t\t\t\t<\/span>\n\t\t\t<h3 class=\"uagb-question\">Jak ui\u015bci\u0107 op\u0142at\u0119 za przejazd na prze\u0142\u0119czy Brenner? <\/h3><\/div><div class=\"uagb-faq-content\"><p>Op\u0142at\u0119 cyfrow\u0105 za austriack\u0105 cz\u0119\u015b\u0107 autostrady Brenner A13 mo\u017cna kupi\u0107 zar\u00f3wno u nas online, jak i offline, na stacjach poboru op\u0142at i stacjach benzynowych. Zakupy online nie s\u0105 mo\u017cliwe na w\u0142oskim odcinku autostrady A22 Brenner. Dzieje si\u0119 tak dlatego, \u017ce Austria i W\u0142ochy maj\u0105 r\u00f3\u017cne systemy op\u0142at drogowych. Z tego powodu op\u0142at\u0119 nale\u017cy ui\u015bci\u0107 w punkcie poboru op\u0142at.   <\/p><\/div><\/div><div class=\"wp-block-uagb-faq-child uagb-faq-child__outer-wrap uagb-faq-item uagb-block-49ae175a \" role=\"tab\" tabindex=\"0\"><div class=\"uagb-faq-questions-button uagb-faq-questions\">\t\t\t<span class=\"uagb-icon uagb-faq-icon-wrap\">\n\t\t\t\t\t\t\t<\/span>\n\t\t\t\t\t\t<span class=\"uagb-icon-active uagb-faq-icon-wrap\">\n\t\t\t\t\t\t\t\t<svg xmlns=\"https:\/\/www.w3.org\/2000\/svg\" viewBox= \"0 0 320 512\"><path d=\"M9.39 265.4l127.1-128C143.6 131.1 151.8 128 160 128s16.38 3.125 22.63 9.375l127.1 128c9.156 9.156 11.9 22.91 6.943 34.88S300.9 320 287.1 320H32.01c-12.94 0-24.62-7.781-29.58-19.75S.2333 274.5 9.39 265.4z\"><\/path><\/svg>\n\t\t\t\t\t\t\t<\/span>\n\t\t\t<h3 class=\"uagb-question\">Gdzie pobierana jest op\u0142ata za przejazd Brenner?<\/h3><\/div><div class=\"uagb-faq-content\"><p>Op\u0142at\u0119 za przejazd w\u0142oskim odcinkiem autostrady Brenner, <a href=\"https:\/\/de.wikipedia.org\/wiki\/Autostrada_A22\">Autostrad\u0105 A22<\/a>, pobiera si\u0119 w punktach poboru op\u0142at zlokalizowanych wzd\u0142u\u017c autostrady. Kierowcy, kt\u00f3rzy chc\u0105 korzysta\u0107 z autostrady, na tych stacjach maj\u0105 obowi\u0105zek uiszcza\u0107 op\u0142at\u0119. Nie ma mo\u017cliwo\u015bci p\u0142atno\u015bci online ani przedp\u0142aty op\u0142aty drogowej. Op\u0142at\u0119 za przejazd <a href=\"https:\/\/de.wikipedia.org\/wiki\/Brenner_Autobahn\">austriackiej cz\u0119\u015bci autostrady Brenner A13<\/a> mo\u017cna kupi\u0107 zar\u00f3wno w trybie offline, jak i online w naszym sklepie internetowym.   <\/p><\/div><\/div><div class=\"wp-block-uagb-faq-child uagb-faq-child__outer-wrap uagb-faq-item uagb-block-c7b6f203 \" role=\"tab\" tabindex=\"0\"><div class=\"uagb-faq-questions-button uagb-faq-questions\">\t\t\t<span class=\"uagb-icon uagb-faq-icon-wrap\">\n\t\t\t\t\t\t\t<\/span>\n\t\t\t\t\t\t<span class=\"uagb-icon-active uagb-faq-icon-wrap\">\n\t\t\t\t\t\t\t\t<svg xmlns=\"https:\/\/www.w3.org\/2000\/svg\" viewBox= \"0 0 320 512\"><path d=\"M9.39 265.4l127.1-128C143.6 131.1 151.8 128 160 128s16.38 3.125 22.63 9.375l127.1 128c9.156 9.156 11.9 22.91 6.943 34.88S300.9 320 287.1 320H32.01c-12.94 0-24.62-7.781-29.58-19.75S.2333 274.5 9.39 265.4z\"><\/path><\/svg>\n\t\t\t\t\t\t\t<\/span>\n\t\t\t<h3 class=\"uagb-question\">Jakiej winiety lub op\u0142aty za tras\u0119 potrzebuj\u0119 na Brenner?<\/h3><\/div><div class=\"uagb-faq-content\"><p>To, jakie winiety i\/lub op\u0142aty za przejazd s\u0105 wymagane w przypadku prze\u0142\u0119czy Brenner, zale\u017cy od punktu pocz\u0105tkowego i docelowego. W zale\u017cno\u015bci od tego, w kt\u00f3ry zak\u0105tek Europy chcesz dotrze\u0107 do miejsc za Brennerem, wymagane winiety i op\u0142aty za przejazd r\u00f3\u017cni\u0105 si\u0119. W naszym sklepie internetowym mo\u017cesz kupi\u0107 <a href=\"https:\/\/tollscout.eu\/digitale-vignette-oestehttps:\/\/tollscout.eu\/digitale-vignette-oesterreich-online\/rreich-online\/\">winiety na Austri\u0119<\/a>, S\u0142oweni\u0119, Szwajcari\u0119, Rumuni\u0119, Bu\u0142gari\u0119, S\u0142owacj\u0119, W\u0119gry i Czechy. U nas dost\u0119pne s\u0105 r\u00f3wnie\u017c op\u0142aty za przejazdy do Austrii.    <\/p><\/div><\/div><div class=\"wp-block-uagb-faq-child uagb-faq-child__outer-wrap uagb-faq-item uagb-block-66a7673f \" role=\"tab\" tabindex=\"0\"><div class=\"uagb-faq-questions-button uagb-faq-questions\">\t\t\t<span class=\"uagb-icon uagb-faq-icon-wrap\">\n\t\t\t\t\t\t\t<\/span>\n\t\t\t\t\t\t<span class=\"uagb-icon-active uagb-faq-icon-wrap\">\n\t\t\t\t\t\t\t\t<svg xmlns=\"https:\/\/www.w3.org\/2000\/svg\" viewBox= \"0 0 320 512\"><path d=\"M9.39 265.4l127.1-128C143.6 131.1 151.8 128 160 128s16.38 3.125 22.63 9.375l127.1 128c9.156 9.156 11.9 22.91 6.943 34.88S300.9 320 287.1 320H32.01c-12.94 0-24.62-7.781-29.58-19.75S.2333 274.5 9.39 265.4z\"><\/path><\/svg>\n\t\t\t\t\t\t\t<\/span>\n\t\t\t<h3 class=\"uagb-question\">Ile kosztuje przejazd Brenner do Bolzano?<\/h3><\/div><div class=\"uagb-faq-content\"><p>Nie mo\u017cna og\u00f3lnie powiedzie\u0107, jaka b\u0119dzie op\u0142ata za przejazd przez prze\u0142\u0119cz Brenner do Bolzano, poniewa\u017c zale\u017cy to od tego, sk\u0105d pochodzisz. Je\u015bli jedziesz z Niemiec lub Austrii przez prze\u0142\u0119cz Brenner w kierunku Bolzano, zazwyczaj b\u0119dziesz musia\u0142 ui\u015bci\u0107 austriack\u0105 winiet\u0119 oraz op\u0142aty za przejazd austriackiej cz\u0119\u015bci autostrady Brenner A13 i w\u0142oskiej autostrady Brenner A22.  <\/p><\/div><\/div><div class=\"wp-block-uagb-faq-child uagb-faq-child__outer-wrap uagb-faq-item uagb-block-fe87bb9c \" role=\"tab\" tabindex=\"0\"><div class=\"uagb-faq-questions-button uagb-faq-questions\">\t\t\t<span class=\"uagb-icon uagb-faq-icon-wrap\">\n\t\t\t\t\t\t\t<\/span>\n\t\t\t\t\t\t<span class=\"uagb-icon-active uagb-faq-icon-wrap\">\n\t\t\t\t\t\t\t\t<svg xmlns=\"https:\/\/www.w3.org\/2000\/svg\" viewBox= \"0 0 320 512\"><path d=\"M9.39 265.4l127.1-128C143.6 131.1 151.8 128 160 128s16.38 3.125 22.63 9.375l127.1 128c9.156 9.156 11.9 22.91 6.943 34.88S300.9 320 287.1 320H32.01c-12.94 0-24.62-7.781-29.58-19.75S.2333 274.5 9.39 265.4z\"><\/path><\/svg>\n\t\t\t\t\t\t\t<\/span>\n\t\t\t<h3 class=\"uagb-question\">Ile p\u0142acicie za przejazd nad jezioro Garda?<\/h3><\/div><div class=\"uagb-faq-content\"><p>Je\u015bli chodzi o op\u0142aty za przejazd przez prze\u0142\u0119cz Brenner do jeziora Garda, nie ma og\u00f3lnej odpowiedzi, poniewa\u017c zale\u017cy to od kierunku, z kt\u00f3rego jedziesz. Je\u015bli jedziesz z Niemiec lub Austrii przez prze\u0142\u0119cz Brenner w kierunku jeziora Garda, zazwyczaj b\u0119dziesz musia\u0142 ui\u015bci\u0107 austriack\u0105 winiet\u0119 oraz op\u0142aty za przejazd austriackiej cz\u0119\u015bci autostrady Brenner A13 i w\u0142oskiej autostrady Brenner A22. <\/p><\/div><\/div><\/div><\/div><\/div>\n","protected":false},"excerpt":{"rendered":"<p>Brenner op\u0142aty drogowe online Austria Brenner op\u0142aty drogowe online Austria Autostrada Brenner A 13, b\u0119d\u0105ca cz\u0119\u015bci\u0105 europejskiej trasy 45, przebiega [&hellip;]<\/p>\n","protected":false},"author":2,"featured_media":0,"parent":0,"menu_order":0,"comment_status":"closed","ping_status":"closed","template":"","meta":{"_uag_custom_page_level_css":"","site-sidebar-layout":"no-sidebar","site-content-layout":"","ast-site-content-layout":"normal-width-container","site-content-style":"unboxed","site-sidebar-style":"unboxed","ast-global-header-display":"","ast-banner-title-visibility":"","ast-main-header-display":"","ast-hfb-above-header-display":"","ast-hfb-below-header-display":"","ast-hfb-mobile-header-display":"","site-post-title":"disabled","ast-breadcrumbs-content":"","ast-featured-img":"","footer-sml-layout":"","ast-disable-related-posts":"","theme-transparent-header-meta":"enabled","adv-header-id-meta":"","stick-header-meta":"","header-above-stick-meta":"","header-main-stick-meta":"","header-below-stick-meta":"","astra-migrate-meta-layouts":"default","ast-page-background-enabled":"default","ast-page-background-meta":{"desktop":{"background-color":"var(--ast-global-color-5)","background-image":"","background-repeat":"repeat","background-position":"center center","background-size":"auto","background-attachment":"scroll","background-type":"","background-media":"","overlay-type":"","overlay-color":"","overlay-opacity":"","overlay-gradient":""},"tablet":{"background-color":"","background-image":"","background-repeat":"repeat","background-position":"center center","background-size":"auto","background-attachment":"scroll","background-type":"","background-media":"","overlay-type":"","overlay-color":"","overlay-opacity":"","overlay-gradient":""},"mobile":{"background-color":"","background-image":"","background-repeat":"repeat","background-position":"center center","background-size":"auto","background-attachment":"scroll","background-type":"","background-media":"","overlay-type":"","overlay-color":"","overlay-opacity":"","overlay-gradient":""}},"ast-content-background-meta":{"desktop":{"background-color":"var(--ast-global-color-4)","background-image":"","background-repeat":"repeat","background-position":"center center","background-size":"auto","background-attachment":"scroll","background-type":"","background-media":"","overlay-type":"","overlay-color":"","overlay-opacity":"","overlay-gradient":""},"tablet":{"background-color":"var(--ast-global-color-4)","background-image":"","background-repeat":"repeat","background-position":"center center","background-size":"auto","background-attachment":"scroll","background-type":"","background-media":"","overlay-type":"","overlay-color":"","overlay-opacity":"","overlay-gradient":""},"mobile":{"background-color":"var(--ast-global-color-4)","background-image":"","background-repeat":"repeat","background-position":"center center","background-size":"auto","background-attachment":"scroll","background-type":"","background-media":"","overlay-type":"","overlay-color":"","overlay-opacity":"","overlay-gradient":""}},"footnotes":""},"class_list":["post-8613","page","type-page","status-publish","hentry"],"yoast_head":"<!-- This site is optimized with the Yoast SEO plugin v27.1.1 - https:\/\/yoast.com\/product\/yoast-seo-wordpress\/ -->\n<title>Brenner op\u0142aty drogowe online Austria - Obowi\u0105zuje natychmiast<\/title>\n<meta name=\"description\" content=\"Brenner op\u0142aty drogowe online Austria. Kup cyfrow\u0105 op\u0142at\u0119 za autostrad\u0119 A13 Brenner szybko i \u0142atwo online. Obowi\u0105zuje natychmiast.\" \/>\n<meta name=\"robots\" content=\"index, follow, max-snippet:-1, max-image-preview:large, max-video-preview:-1\" \/>\n<link rel=\"canonical\" href=\"https:\/\/tollscout.eu\/pl\/brenner-oplaty-drogowe\/\" \/>\n<meta property=\"og:locale\" content=\"pl_PL\" \/>\n<meta property=\"og:type\" content=\"article\" \/>\n<meta property=\"og:title\" content=\"Brenner op\u0142aty drogowe online Austria - Obowi\u0105zuje natychmiast\" \/>\n<meta property=\"og:description\" content=\"Brenner op\u0142aty drogowe online Austria. Kup cyfrow\u0105 op\u0142at\u0119 za autostrad\u0119 A13 Brenner szybko i \u0142atwo online. Obowi\u0105zuje natychmiast.\" \/>\n<meta property=\"og:url\" content=\"https:\/\/tollscout.eu\/pl\/brenner-oplaty-drogowe\/\" \/>\n<meta property=\"og:site_name\" content=\"Tollscout\u00ae\" \/>\n<meta property=\"article:publisher\" content=\"https:\/\/facebook.com\/tollscout\" \/>\n<meta property=\"article:modified_time\" content=\"2024-07-31T23:57:21+00:00\" \/>\n<meta property=\"og:image\" content=\"https:\/\/tollscout.eu\/wp-content\/uploads\/2023\/08\/logo_color_360x92px.png\" \/>\n<meta name=\"twitter:card\" content=\"summary_large_image\" \/>\n<meta name=\"twitter:image\" content=\"https:\/\/tollscout.eu\/wp-content\/uploads\/2023\/08\/logo_color_360x92px.png\" \/>\n<meta name=\"twitter:site\" content=\"@tollscout\" \/>\n<meta name=\"twitter:label1\" content=\"Szacowany czas czytania\" \/>\n\t<meta name=\"twitter:data1\" content=\"1 minuta\" \/>\n<script type=\"application\/ld+json\" class=\"yoast-schema-graph\">{\"@context\":\"https:\/\/schema.org\",\"@graph\":[{\"@type\":\"WebPage\",\"@id\":\"https:\/\/tollscout.eu\/pl\/brenner-oplaty-drogowe\/\",\"url\":\"https:\/\/tollscout.eu\/pl\/brenner-oplaty-drogowe\/\",\"name\":\"Brenner op\u0142aty drogowe online Austria - Obowi\u0105zuje natychmiast\",\"isPartOf\":{\"@id\":\"https:\/\/tollscout.eu\/pl\/#website\"},\"datePublished\":\"2023-08-25T10:00:01+00:00\",\"dateModified\":\"2024-07-31T23:57:21+00:00\",\"description\":\"Brenner op\u0142aty drogowe online Austria. Kup cyfrow\u0105 op\u0142at\u0119 za autostrad\u0119 A13 Brenner szybko i \u0142atwo online. Obowi\u0105zuje natychmiast.\",\"breadcrumb\":{\"@id\":\"https:\/\/tollscout.eu\/pl\/brenner-oplaty-drogowe\/#breadcrumb\"},\"inLanguage\":\"pl-PL\",\"potentialAction\":[{\"@type\":\"ReadAction\",\"target\":[\"https:\/\/tollscout.eu\/pl\/brenner-oplaty-drogowe\/\"]}]},{\"@type\":\"BreadcrumbList\",\"@id\":\"https:\/\/tollscout.eu\/pl\/brenner-oplaty-drogowe\/#breadcrumb\",\"itemListElement\":[{\"@type\":\"ListItem\",\"position\":1,\"name\":\"Startseite\",\"item\":\"https:\/\/tollscout.eu\/pl\/\"},{\"@type\":\"ListItem\",\"position\":2,\"name\":\"Brenner op\u0142aty drogowe\"}]},{\"@type\":\"WebSite\",\"@id\":\"https:\/\/tollscout.eu\/pl\/#website\",\"url\":\"https:\/\/tollscout.eu\/pl\/\",\"name\":\"Tollscout\u00ae\",\"description\":\"\",\"publisher\":{\"@id\":\"https:\/\/tollscout.eu\/pl\/#organization\"},\"potentialAction\":[{\"@type\":\"SearchAction\",\"target\":{\"@type\":\"EntryPoint\",\"urlTemplate\":\"https:\/\/tollscout.eu\/pl\/?s={search_term_string}\"},\"query-input\":{\"@type\":\"PropertyValueSpecification\",\"valueRequired\":true,\"valueName\":\"search_term_string\"}}],\"inLanguage\":\"pl-PL\"},{\"@type\":\"Organization\",\"@id\":\"https:\/\/tollscout.eu\/pl\/#organization\",\"name\":\"TollScout\",\"alternateName\":\"TollScout\",\"url\":\"https:\/\/tollscout.eu\/pl\/\",\"logo\":{\"@type\":\"ImageObject\",\"inLanguage\":\"pl-PL\",\"@id\":\"https:\/\/tollscout.eu\/pl\/#\/schema\/logo\/image\/\",\"url\":\"https:\/\/tollscout.eu\/wp-content\/uploads\/2023\/11\/logo_social_media_1024.png\",\"contentUrl\":\"https:\/\/tollscout.eu\/wp-content\/uploads\/2023\/11\/logo_social_media_1024.png\",\"width\":1024,\"height\":1024,\"caption\":\"TollScout\"},\"image\":{\"@id\":\"https:\/\/tollscout.eu\/pl\/#\/schema\/logo\/image\/\"},\"sameAs\":[\"https:\/\/facebook.com\/tollscout\",\"https:\/\/x.com\/tollscout\",\"https:\/\/instagram.com\/tollscout\"]}]}<\/script>\n<!-- \/ Yoast SEO plugin. -->","yoast_head_json":{"title":"Brenner op\u0142aty drogowe online Austria - Obowi\u0105zuje natychmiast","description":"Brenner op\u0142aty drogowe online Austria. Kup cyfrow\u0105 op\u0142at\u0119 za autostrad\u0119 A13 Brenner szybko i \u0142atwo online. Obowi\u0105zuje natychmiast.","robots":{"index":"index","follow":"follow","max-snippet":"max-snippet:-1","max-image-preview":"max-image-preview:large","max-video-preview":"max-video-preview:-1"},"canonical":"https:\/\/tollscout.eu\/pl\/brenner-oplaty-drogowe\/","og_locale":"pl_PL","og_type":"article","og_title":"Brenner op\u0142aty drogowe online Austria - Obowi\u0105zuje natychmiast","og_description":"Brenner op\u0142aty drogowe online Austria. Kup cyfrow\u0105 op\u0142at\u0119 za autostrad\u0119 A13 Brenner szybko i \u0142atwo online. Obowi\u0105zuje natychmiast.","og_url":"https:\/\/tollscout.eu\/pl\/brenner-oplaty-drogowe\/","og_site_name":"Tollscout\u00ae","article_publisher":"https:\/\/facebook.com\/tollscout","article_modified_time":"2024-07-31T23:57:21+00:00","og_image":[{"url":"https:\/\/tollscout.eu\/wp-content\/uploads\/2023\/08\/logo_color_360x92px.png","type":"","width":"","height":""}],"twitter_card":"summary_large_image","twitter_image":"https:\/\/tollscout.eu\/wp-content\/uploads\/2023\/08\/logo_color_360x92px.png","twitter_site":"@tollscout","twitter_misc":{"Szacowany czas czytania":"1 minuta"},"schema":{"@context":"https:\/\/schema.org","@graph":[{"@type":"WebPage","@id":"https:\/\/tollscout.eu\/pl\/brenner-oplaty-drogowe\/","url":"https:\/\/tollscout.eu\/pl\/brenner-oplaty-drogowe\/","name":"Brenner op\u0142aty drogowe online Austria - Obowi\u0105zuje natychmiast","isPartOf":{"@id":"https:\/\/tollscout.eu\/pl\/#website"},"datePublished":"2023-08-25T10:00:01+00:00","dateModified":"2024-07-31T23:57:21+00:00","description":"Brenner op\u0142aty drogowe online Austria. Kup cyfrow\u0105 op\u0142at\u0119 za autostrad\u0119 A13 Brenner szybko i \u0142atwo online. Obowi\u0105zuje natychmiast.","breadcrumb":{"@id":"https:\/\/tollscout.eu\/pl\/brenner-oplaty-drogowe\/#breadcrumb"},"inLanguage":"pl-PL","potentialAction":[{"@type":"ReadAction","target":["https:\/\/tollscout.eu\/pl\/brenner-oplaty-drogowe\/"]}]},{"@type":"BreadcrumbList","@id":"https:\/\/tollscout.eu\/pl\/brenner-oplaty-drogowe\/#breadcrumb","itemListElement":[{"@type":"ListItem","position":1,"name":"Startseite","item":"https:\/\/tollscout.eu\/pl\/"},{"@type":"ListItem","position":2,"name":"Brenner op\u0142aty drogowe"}]},{"@type":"WebSite","@id":"https:\/\/tollscout.eu\/pl\/#website","url":"https:\/\/tollscout.eu\/pl\/","name":"Tollscout\u00ae","description":"","publisher":{"@id":"https:\/\/tollscout.eu\/pl\/#organization"},"potentialAction":[{"@type":"SearchAction","target":{"@type":"EntryPoint","urlTemplate":"https:\/\/tollscout.eu\/pl\/?s={search_term_string}"},"query-input":{"@type":"PropertyValueSpecification","valueRequired":true,"valueName":"search_term_string"}}],"inLanguage":"pl-PL"},{"@type":"Organization","@id":"https:\/\/tollscout.eu\/pl\/#organization","name":"TollScout","alternateName":"TollScout","url":"https:\/\/tollscout.eu\/pl\/","logo":{"@type":"ImageObject","inLanguage":"pl-PL","@id":"https:\/\/tollscout.eu\/pl\/#\/schema\/logo\/image\/","url":"https:\/\/tollscout.eu\/wp-content\/uploads\/2023\/11\/logo_social_media_1024.png","contentUrl":"https:\/\/tollscout.eu\/wp-content\/uploads\/2023\/11\/logo_social_media_1024.png","width":1024,"height":1024,"caption":"TollScout"},"image":{"@id":"https:\/\/tollscout.eu\/pl\/#\/schema\/logo\/image\/"},"sameAs":["https:\/\/facebook.com\/tollscout","https:\/\/x.com\/tollscout","https:\/\/instagram.com\/tollscout"]}]}},"uagb_featured_image_src":{"full":false,"thumbnail":false,"medium":false,"medium_large":false,"large":false,"1536x1536":false,"2048x2048":false,"gform-image-choice-sm":false,"gform-image-choice-md":false,"gform-image-choice-lg":false},"uagb_author_info":{"display_name":"Tollscout","author_link":"https:\/\/tollscout.eu\/pl\/author\/m-hemm\/"},"uagb_comment_info":0,"uagb_excerpt":"Brenner op\u0142aty drogowe online Austria Brenner op\u0142aty drogowe online Austria Autostrada Brenner A 13, b\u0119d\u0105ca cz\u0119\u015bci\u0105 europejskiej trasy 45, przebiega [&hellip;]","_links":{"self":[{"href":"https:\/\/tollscout.eu\/pl\/wp-json\/wp\/v2\/pages\/8613","targetHints":{"allow":["GET"]}}],"collection":[{"href":"https:\/\/tollscout.eu\/pl\/wp-json\/wp\/v2\/pages"}],"about":[{"href":"https:\/\/tollscout.eu\/pl\/wp-json\/wp\/v2\/types\/page"}],"author":[{"embeddable":true,"href":"https:\/\/tollscout.eu\/pl\/wp-json\/wp\/v2\/users\/2"}],"replies":[{"embeddable":true,"href":"https:\/\/tollscout.eu\/pl\/wp-json\/wp\/v2\/comments?post=8613"}],"version-history":[{"count":2,"href":"https:\/\/tollscout.eu\/pl\/wp-json\/wp\/v2\/pages\/8613\/revisions"}],"predecessor-version":[{"id":9108,"href":"https:\/\/tollscout.eu\/pl\/wp-json\/wp\/v2\/pages\/8613\/revisions\/9108"}],"wp:attachment":[{"href":"https:\/\/tollscout.eu\/pl\/wp-json\/wp\/v2\/media?parent=8613"}],"curies":[{"name":"wp","href":"https:\/\/api.w.org\/{rel}","templated":true}]}}