{"id":9765,"date":"2023-08-24T17:48:25","date_gmt":"2023-08-24T15:48:25","guid":{"rendered":"https:\/\/tollscout.eu\/tauerntunnel-veiavgift-oesterrike\/"},"modified":"2024-08-25T20:18:47","modified_gmt":"2024-08-25T18:18:47","slug":"tauerntunnel-veiavgift-oesterrike","status":"publish","type":"page","link":"https:\/\/tollscout.eu\/no\/tauerntunnel-veiavgift-oesterrike\/","title":{"rendered":"Tauerntunnel Veiavgift \u00d8sterrike"},"content":{"rendered":"\n<div class=\"wp-block-uagb-container uagb-block-c1e2fce7 alignfull uagb-is-root-container\"><div class=\"uagb-container-inner-blocks-wrap\">\n<div class=\"wp-block-uagb-advanced-heading uagb-block-c767fabd\"><h1 class=\"uagb-heading-text\">Tauerntunnel Veiavgift \u00d8sterrike<\/h1><\/div>\n<\/div><\/div>\n\n<div class=\"wp-block-uagb-container uagb-block-f0fe747c alignfull uagb-is-root-container\"><div class=\"uagb-container-inner-blocks-wrap\">\n<div id=\"app\" data-context=\"at\"><\/div>\n<\/div><\/div>\n\n<div class=\"wp-block-uagb-container uagb-block-f356067b alignfull uagb-is-root-container\"><div class=\"uagb-container-inner-blocks-wrap\">\n<div class=\"wp-block-uagb-advanced-heading uagb-block-e02782db\"><h2 class=\"uagb-heading-text\">Tauerntunnel Veiavgift \u00d8sterrike<\/h2><p class=\"uagb-desc-text\">Tauerntunnelen er en 6546 meter lang veitunnel p\u00e5 Tauern Autobahn A 10. Sammen med Katschbergtunnelen utgj\u00f8r den en avgj\u00f8rende del av forbindelsen mellom Villach og Salzburg. Passasjen mellom Katschberg- og Tauern-tunnelen, inkludert reisen gjennom begge tunnelene, er klassifisert som en spesiell bomvei og krever en avgift p\u00e5 13,50 euro. Denne ruten er, som alle andre spesielle bomruter i \u00d8sterrike, unntatt fra vignettkravet.   <\/p><\/div>\n<\/div><\/div>\n\n<div class=\"wp-block-uagb-container uagb-block-7efd3c31 alignfull uagb-is-root-container\"><div class=\"uagb-container-inner-blocks-wrap\">\n<div class=\"wp-block-uagb-advanced-heading uagb-block-4602874c\"><h2 class=\"uagb-heading-text\">FAQ<\/h2><p class=\"uagb-desc-text\">Her svarer vi p\u00e5 alle sp\u00f8rsm\u00e5l om Tauern Tunnel-avgiften \u00d8sterrike.<\/p><\/div>\n\n\n<div class=\"wp-block-uagb-faq uagb-faq__outer-wrap uagb-block-4fe496d4 uagb-faq-icon-row-reverse uagb-faq-layout-accordion uagb-faq-expand-first-false uagb-faq-inactive-other-true uagb-faq__wrap uagb-buttons-layout-wrap uagb-faq-equal-height     \" data-faqtoggle=\"true\" role=\"tablist\"><div class=\"wp-block-uagb-faq-child uagb-faq-child__outer-wrap uagb-faq-item uagb-block-1a70522e wp-block-uagb-faq-child uagb-faq-child__outer-wrap uagb-faq-item uagb-block-1a70522e\" role=\"tab\" tabindex=\"0\"><div class=\"uagb-faq-questions-button uagb-faq-questions\">\t\t\t<span class=\"uagb-icon uagb-faq-icon-wrap\">\n\t\t\t\t\t\t\t<\/span>\n\t\t\t\t\t\t<span class=\"uagb-icon-active uagb-faq-icon-wrap\">\n\t\t\t\t\t\t\t\t<svg xmlns=\"https:\/\/www.w3.org\/2000\/svg\" viewBox= \"0 0 320 512\"><path d=\"M9.39 265.4l127.1-128C143.6 131.1 151.8 128 160 128s16.38 3.125 22.63 9.375l127.1 128c9.156 9.156 11.9 22.91 6.943 34.88S300.9 320 287.1 320H32.01c-12.94 0-24.62-7.781-29.58-19.75S.2333 274.5 9.39 265.4z\"><\/path><\/svg>\n\t\t\t\t\t\t\t<\/span>\n\t\t\t<h3 class=\"uagb-question\"><strong>N\u00e5r ble Tauern-tunnelen \u00e5pnet for trafikk?<\/strong><\/h3><\/div><div class=\"uagb-faq-content\"><p>Tauern-tunnelen, i likhet med <a href=\"https:\/\/tollscout.eu\/no\/katschbergtunnel-veiavgift-oesterrike\/\">Katschberg-tunnelen<\/a>, var opprinnelig planlagt som en to-r\u00f8rs motorveitunnel. Av \u00f8konomiske \u00e5rsaker og p\u00e5 grunn av lavere trafikkmengder enn forventet, ble imidlertid bare ett av de to r\u00f8rene, som er 6.401 meter langt, ferdigstilt i 1975. Planene for det andre r\u00f8ret ble midlertidig forlatt i 1988.  <\/p><\/div><\/div><div class=\"wp-block-uagb-faq-child uagb-faq-child__outer-wrap uagb-faq-item uagb-block-bd4b64b2 \" role=\"tab\" tabindex=\"0\"><div class=\"uagb-faq-questions-button uagb-faq-questions\">\t\t\t<span class=\"uagb-icon uagb-faq-icon-wrap\">\n\t\t\t\t\t\t\t<\/span>\n\t\t\t\t\t\t<span class=\"uagb-icon-active uagb-faq-icon-wrap\">\n\t\t\t\t\t\t\t\t<svg xmlns=\"https:\/\/www.w3.org\/2000\/svg\" viewBox= \"0 0 320 512\"><path d=\"M9.39 265.4l127.1-128C143.6 131.1 151.8 128 160 128s16.38 3.125 22.63 9.375l127.1 128c9.156 9.156 11.9 22.91 6.943 34.88S300.9 320 287.1 320H32.01c-12.94 0-24.62-7.781-29.58-19.75S.2333 274.5 9.39 265.4z\"><\/path><\/svg>\n\t\t\t\t\t\t\t<\/span>\n\t\t\t<h3 class=\"uagb-question\"><strong>Hvor lang er Tauerntunnelen (A10 Tauernautobahn)?<\/strong><\/h3><\/div><div class=\"uagb-faq-content\"><p>Det f\u00f8rste r\u00f8ret til Tauern-tunnelen ble ferdigstilt i 1975 og er 6401 meter langt. Det andre r\u00f8ret, som ble ferdigstilt i 2010, er 6546 meter langt.  <\/p><\/div><\/div><div class=\"wp-block-uagb-faq-child uagb-faq-child__outer-wrap uagb-faq-item uagb-block-49ae175a \" role=\"tab\" tabindex=\"0\"><div class=\"uagb-faq-questions-button uagb-faq-questions\">\t\t\t<span class=\"uagb-icon uagb-faq-icon-wrap\">\n\t\t\t\t\t\t\t<\/span>\n\t\t\t\t\t\t<span class=\"uagb-icon-active uagb-faq-icon-wrap\">\n\t\t\t\t\t\t\t\t<svg xmlns=\"https:\/\/www.w3.org\/2000\/svg\" viewBox= \"0 0 320 512\"><path d=\"M9.39 265.4l127.1-128C143.6 131.1 151.8 128 160 128s16.38 3.125 22.63 9.375l127.1 128c9.156 9.156 11.9 22.91 6.943 34.88S300.9 320 287.1 320H32.01c-12.94 0-24.62-7.781-29.58-19.75S.2333 274.5 9.39 265.4z\"><\/path><\/svg>\n\t\t\t\t\t\t\t<\/span>\n\t\t\t<h3 class=\"uagb-question\"><strong>Hvorfor er Tauern-tunnelen unntatt fra vignettkravet?<\/strong><\/h3><\/div><div class=\"uagb-faq-content\"><p>Tauerntunnelen er en strekning av traseen som er unntatt fra vignettkravet, men som er p\u00e5lagt en s\u00e6rskilt avgift. Ruteavgiften for Tauernautobahn A10 kan kj\u00f8pes raskt og enkelt p\u00e5 nett via v\u00e5r nettbutikk. <\/p><\/div><\/div><div class=\"wp-block-uagb-faq-child uagb-faq-child__outer-wrap uagb-faq-item uagb-block-c7b6f203 \" role=\"tab\" tabindex=\"0\"><div class=\"uagb-faq-questions-button uagb-faq-questions\">\t\t\t<span class=\"uagb-icon uagb-faq-icon-wrap\">\n\t\t\t\t\t\t\t<\/span>\n\t\t\t\t\t\t<span class=\"uagb-icon-active uagb-faq-icon-wrap\">\n\t\t\t\t\t\t\t\t<svg xmlns=\"https:\/\/www.w3.org\/2000\/svg\" viewBox= \"0 0 320 512\"><path d=\"M9.39 265.4l127.1-128C143.6 131.1 151.8 128 160 128s16.38 3.125 22.63 9.375l127.1 128c9.156 9.156 11.9 22.91 6.943 34.88S300.9 320 287.1 320H32.01c-12.94 0-24.62-7.781-29.58-19.75S.2333 274.5 9.39 265.4z\"><\/path><\/svg>\n\t\t\t\t\t\t\t<\/span>\n\t\t\t<h3 class=\"uagb-question\"><strong>Hvor mye koster Tauern-tunnelen i \u00d8sterrike?<\/strong><\/h3><\/div><div class=\"uagb-faq-content\"><p>Kostnaden for en enveis tur gjennom Tauern-tunnelen er \u20ac13,50 (fra 2023).<\/p><\/div><\/div><div class=\"wp-block-uagb-faq-child uagb-faq-child__outer-wrap uagb-faq-item uagb-block-66a7673f \" role=\"tab\" tabindex=\"0\"><div class=\"uagb-faq-questions-button uagb-faq-questions\">\t\t\t<span class=\"uagb-icon uagb-faq-icon-wrap\">\n\t\t\t\t\t\t\t<\/span>\n\t\t\t\t\t\t<span class=\"uagb-icon-active uagb-faq-icon-wrap\">\n\t\t\t\t\t\t\t\t<svg xmlns=\"https:\/\/www.w3.org\/2000\/svg\" viewBox= \"0 0 320 512\"><path d=\"M9.39 265.4l127.1-128C143.6 131.1 151.8 128 160 128s16.38 3.125 22.63 9.375l127.1 128c9.156 9.156 11.9 22.91 6.943 34.88S300.9 320 287.1 320H32.01c-12.94 0-24.62-7.781-29.58-19.75S.2333 274.5 9.39 265.4z\"><\/path><\/svg>\n\t\t\t\t\t\t\t<\/span>\n\t\t\t<h3 class=\"uagb-question\"><strong>Hvor lang tid tar reisen gjennom Tauern-tunnelen?<\/strong><\/h3><\/div><div class=\"uagb-faq-content\"><p>Reisen gjennom Tauern-tunnelen tar omtrent 12 minutter.<\/p><\/div><\/div><div class=\"wp-block-uagb-faq-child uagb-faq-child__outer-wrap uagb-faq-item uagb-block-33295dba \" role=\"tab\" tabindex=\"0\"><div class=\"uagb-faq-questions-button uagb-faq-questions\">\t\t\t<span class=\"uagb-icon uagb-faq-icon-wrap\">\n\t\t\t\t\t\t\t<\/span>\n\t\t\t\t\t\t<span class=\"uagb-icon-active uagb-faq-icon-wrap\">\n\t\t\t\t\t\t\t\t<svg xmlns=\"https:\/\/www.w3.org\/2000\/svg\" viewBox= \"0 0 320 512\"><path d=\"M9.39 265.4l127.1-128C143.6 131.1 151.8 128 160 128s16.38 3.125 22.63 9.375l127.1 128c9.156 9.156 11.9 22.91 6.943 34.88S300.9 320 287.1 320H32.01c-12.94 0-24.62-7.781-29.58-19.75S.2333 274.5 9.39 265.4z\"><\/path><\/svg>\n\t\t\t\t\t\t\t<\/span>\n\t\t\t<h3 class=\"uagb-question\"><strong><strong>Hvor bred og h\u00f8y er Tauern-tunnelen?<\/strong><\/strong><\/h3><\/div><div class=\"uagb-faq-content\"><p>Bredden p\u00e5 det f\u00f8rste og andre r\u00f8ret er 7,50 meter. H\u00f8yden p\u00e5 <a href=\"https:\/\/de.wikipedia.org\/wiki\/Tauerntunnel_(Autobahn)\">Tauern-tunnelen<\/a> er 4,70 meter. <\/p><\/div><\/div><\/div><\/div><\/div>\n","protected":false},"excerpt":{"rendered":"<p>Tauerntunnel Veiavgift \u00d8sterrike Tauerntunnel Veiavgift \u00d8sterrike Tauerntunnelen er en 6546 meter lang veitunnel p\u00e5 Tauern Autobahn A 10. Sammen med [&hellip;]<\/p>\n","protected":false},"author":2,"featured_media":0,"parent":0,"menu_order":0,"comment_status":"closed","ping_status":"closed","template":"","meta":{"_uag_custom_page_level_css":"","site-sidebar-layout":"no-sidebar","site-content-layout":"","ast-site-content-layout":"normal-width-container","site-content-style":"unboxed","site-sidebar-style":"unboxed","ast-global-header-display":"","ast-banner-title-visibility":"","ast-main-header-display":"","ast-hfb-above-header-display":"","ast-hfb-below-header-display":"","ast-hfb-mobile-header-display":"","site-post-title":"disabled","ast-breadcrumbs-content":"","ast-featured-img":"","footer-sml-layout":"","ast-disable-related-posts":"","theme-transparent-header-meta":"enabled","adv-header-id-meta":"","stick-header-meta":"","header-above-stick-meta":"","header-main-stick-meta":"","header-below-stick-meta":"","astra-migrate-meta-layouts":"default","ast-page-background-enabled":"default","ast-page-background-meta":{"desktop":{"background-color":"var(--ast-global-color-5)","background-image":"","background-repeat":"repeat","background-position":"center center","background-size":"auto","background-attachment":"scroll","background-type":"","background-media":"","overlay-type":"","overlay-color":"","overlay-opacity":"","overlay-gradient":""},"tablet":{"background-color":"","background-image":"","background-repeat":"repeat","background-position":"center center","background-size":"auto","background-attachment":"scroll","background-type":"","background-media":"","overlay-type":"","overlay-color":"","overlay-opacity":"","overlay-gradient":""},"mobile":{"background-color":"","background-image":"","background-repeat":"repeat","background-position":"center center","background-size":"auto","background-attachment":"scroll","background-type":"","background-media":"","overlay-type":"","overlay-color":"","overlay-opacity":"","overlay-gradient":""}},"ast-content-background-meta":{"desktop":{"background-color":"var(--ast-global-color-4)","background-image":"","background-repeat":"repeat","background-position":"center center","background-size":"auto","background-attachment":"scroll","background-type":"","background-media":"","overlay-type":"","overlay-color":"","overlay-opacity":"","overlay-gradient":""},"tablet":{"background-color":"var(--ast-global-color-4)","background-image":"","background-repeat":"repeat","background-position":"center center","background-size":"auto","background-attachment":"scroll","background-type":"","background-media":"","overlay-type":"","overlay-color":"","overlay-opacity":"","overlay-gradient":""},"mobile":{"background-color":"var(--ast-global-color-4)","background-image":"","background-repeat":"repeat","background-position":"center center","background-size":"auto","background-attachment":"scroll","background-type":"","background-media":"","overlay-type":"","overlay-color":"","overlay-opacity":"","overlay-gradient":""}},"footnotes":""},"class_list":["post-9765","page","type-page","status-publish","hentry"],"yoast_head":"<!-- This site is optimized with the Yoast SEO plugin v27.1.1 - https:\/\/yoast.com\/product\/yoast-seo-wordpress\/ -->\n<title>Tauern Tunnel Veiavgift \u00d8sterrike - Kj\u00f8p digital veiavgift<\/title>\n<meta name=\"description\" content=\"Tauerntunnel bompenger \u00d8sterrike. Kj\u00f8p digital veiavgift for Tauern-motorveien raskt og enkelt p\u00e5 nett i v\u00e5r nettbutikk. Gyldig umiddelbart\" \/>\n<meta name=\"robots\" content=\"index, follow, max-snippet:-1, max-image-preview:large, max-video-preview:-1\" \/>\n<link rel=\"canonical\" href=\"https:\/\/tollscout.eu\/no\/tauerntunnel-veiavgift-oesterrike\/\" \/>\n<meta property=\"og:locale\" content=\"nb_NO\" \/>\n<meta property=\"og:type\" content=\"article\" \/>\n<meta property=\"og:title\" content=\"Tauern Tunnel Veiavgift \u00d8sterrike - Kj\u00f8p digital veiavgift\" \/>\n<meta property=\"og:description\" content=\"Tauerntunnel bompenger \u00d8sterrike. Kj\u00f8p digital veiavgift for Tauern-motorveien raskt og enkelt p\u00e5 nett i v\u00e5r nettbutikk. Gyldig umiddelbart\" \/>\n<meta property=\"og:url\" content=\"https:\/\/tollscout.eu\/no\/tauerntunnel-veiavgift-oesterrike\/\" \/>\n<meta property=\"og:site_name\" content=\"Tollscout\u00ae\" \/>\n<meta property=\"article:publisher\" content=\"https:\/\/facebook.com\/tollscout\" \/>\n<meta property=\"article:modified_time\" content=\"2024-08-25T18:18:47+00:00\" \/>\n<meta property=\"og:image\" content=\"https:\/\/tollscout.eu\/wp-content\/uploads\/2023\/08\/logo_color_360x92px.png\" \/>\n\t<meta property=\"og:image:width\" content=\"360\" \/>\n\t<meta property=\"og:image:height\" content=\"92\" \/>\n\t<meta property=\"og:image:type\" content=\"image\/png\" \/>\n<meta name=\"twitter:card\" content=\"summary_large_image\" \/>\n<meta name=\"twitter:site\" content=\"@tollscout\" \/>\n<script type=\"application\/ld+json\" class=\"yoast-schema-graph\">{\"@context\":\"https:\/\/schema.org\",\"@graph\":[{\"@type\":\"WebPage\",\"@id\":\"https:\/\/tollscout.eu\/no\/tauerntunnel-veiavgift-oesterrike\/\",\"url\":\"https:\/\/tollscout.eu\/no\/tauerntunnel-veiavgift-oesterrike\/\",\"name\":\"Tauern Tunnel Veiavgift \u00d8sterrike - Kj\u00f8p digital veiavgift\",\"isPartOf\":{\"@id\":\"https:\/\/tollscout.eu\/no\/#website\"},\"datePublished\":\"2023-08-24T15:48:25+00:00\",\"dateModified\":\"2024-08-25T18:18:47+00:00\",\"description\":\"Tauerntunnel bompenger \u00d8sterrike. Kj\u00f8p digital veiavgift for Tauern-motorveien raskt og enkelt p\u00e5 nett i v\u00e5r nettbutikk. Gyldig umiddelbart\",\"breadcrumb\":{\"@id\":\"https:\/\/tollscout.eu\/no\/tauerntunnel-veiavgift-oesterrike\/#breadcrumb\"},\"inLanguage\":\"nb-NO\",\"potentialAction\":[{\"@type\":\"ReadAction\",\"target\":[\"https:\/\/tollscout.eu\/no\/tauerntunnel-veiavgift-oesterrike\/\"]}]},{\"@type\":\"BreadcrumbList\",\"@id\":\"https:\/\/tollscout.eu\/no\/tauerntunnel-veiavgift-oesterrike\/#breadcrumb\",\"itemListElement\":[{\"@type\":\"ListItem\",\"position\":1,\"name\":\"Startseite\",\"item\":\"https:\/\/tollscout.eu\/no\/\"},{\"@type\":\"ListItem\",\"position\":2,\"name\":\"Tauerntunnel Veiavgift \u00d8sterrike\"}]},{\"@type\":\"WebSite\",\"@id\":\"https:\/\/tollscout.eu\/no\/#website\",\"url\":\"https:\/\/tollscout.eu\/no\/\",\"name\":\"Tollscout\u00ae\",\"description\":\"\",\"publisher\":{\"@id\":\"https:\/\/tollscout.eu\/no\/#organization\"},\"potentialAction\":[{\"@type\":\"SearchAction\",\"target\":{\"@type\":\"EntryPoint\",\"urlTemplate\":\"https:\/\/tollscout.eu\/no\/?s={search_term_string}\"},\"query-input\":{\"@type\":\"PropertyValueSpecification\",\"valueRequired\":true,\"valueName\":\"search_term_string\"}}],\"inLanguage\":\"nb-NO\"},{\"@type\":\"Organization\",\"@id\":\"https:\/\/tollscout.eu\/no\/#organization\",\"name\":\"TollScout\",\"alternateName\":\"TollScout\",\"url\":\"https:\/\/tollscout.eu\/no\/\",\"logo\":{\"@type\":\"ImageObject\",\"inLanguage\":\"nb-NO\",\"@id\":\"https:\/\/tollscout.eu\/no\/#\/schema\/logo\/image\/\",\"url\":\"https:\/\/tollscout.eu\/wp-content\/uploads\/2023\/11\/logo_social_media_1024.png\",\"contentUrl\":\"https:\/\/tollscout.eu\/wp-content\/uploads\/2023\/11\/logo_social_media_1024.png\",\"width\":1024,\"height\":1024,\"caption\":\"TollScout\"},\"image\":{\"@id\":\"https:\/\/tollscout.eu\/no\/#\/schema\/logo\/image\/\"},\"sameAs\":[\"https:\/\/facebook.com\/tollscout\",\"https:\/\/x.com\/tollscout\",\"https:\/\/instagram.com\/tollscout\"]}]}<\/script>\n<!-- \/ Yoast SEO plugin. -->","yoast_head_json":{"title":"Tauern Tunnel Veiavgift \u00d8sterrike - Kj\u00f8p digital veiavgift","description":"Tauerntunnel bompenger \u00d8sterrike. Kj\u00f8p digital veiavgift for Tauern-motorveien raskt og enkelt p\u00e5 nett i v\u00e5r nettbutikk. Gyldig umiddelbart","robots":{"index":"index","follow":"follow","max-snippet":"max-snippet:-1","max-image-preview":"max-image-preview:large","max-video-preview":"max-video-preview:-1"},"canonical":"https:\/\/tollscout.eu\/no\/tauerntunnel-veiavgift-oesterrike\/","og_locale":"nb_NO","og_type":"article","og_title":"Tauern Tunnel Veiavgift \u00d8sterrike - Kj\u00f8p digital veiavgift","og_description":"Tauerntunnel bompenger \u00d8sterrike. Kj\u00f8p digital veiavgift for Tauern-motorveien raskt og enkelt p\u00e5 nett i v\u00e5r nettbutikk. Gyldig umiddelbart","og_url":"https:\/\/tollscout.eu\/no\/tauerntunnel-veiavgift-oesterrike\/","og_site_name":"Tollscout\u00ae","article_publisher":"https:\/\/facebook.com\/tollscout","article_modified_time":"2024-08-25T18:18:47+00:00","og_image":[{"width":360,"height":92,"url":"https:\/\/tollscout.eu\/wp-content\/uploads\/2023\/08\/logo_color_360x92px.png","type":"image\/png"}],"twitter_card":"summary_large_image","twitter_site":"@tollscout","schema":{"@context":"https:\/\/schema.org","@graph":[{"@type":"WebPage","@id":"https:\/\/tollscout.eu\/no\/tauerntunnel-veiavgift-oesterrike\/","url":"https:\/\/tollscout.eu\/no\/tauerntunnel-veiavgift-oesterrike\/","name":"Tauern Tunnel Veiavgift \u00d8sterrike - Kj\u00f8p digital veiavgift","isPartOf":{"@id":"https:\/\/tollscout.eu\/no\/#website"},"datePublished":"2023-08-24T15:48:25+00:00","dateModified":"2024-08-25T18:18:47+00:00","description":"Tauerntunnel bompenger \u00d8sterrike. Kj\u00f8p digital veiavgift for Tauern-motorveien raskt og enkelt p\u00e5 nett i v\u00e5r nettbutikk. Gyldig umiddelbart","breadcrumb":{"@id":"https:\/\/tollscout.eu\/no\/tauerntunnel-veiavgift-oesterrike\/#breadcrumb"},"inLanguage":"nb-NO","potentialAction":[{"@type":"ReadAction","target":["https:\/\/tollscout.eu\/no\/tauerntunnel-veiavgift-oesterrike\/"]}]},{"@type":"BreadcrumbList","@id":"https:\/\/tollscout.eu\/no\/tauerntunnel-veiavgift-oesterrike\/#breadcrumb","itemListElement":[{"@type":"ListItem","position":1,"name":"Startseite","item":"https:\/\/tollscout.eu\/no\/"},{"@type":"ListItem","position":2,"name":"Tauerntunnel Veiavgift \u00d8sterrike"}]},{"@type":"WebSite","@id":"https:\/\/tollscout.eu\/no\/#website","url":"https:\/\/tollscout.eu\/no\/","name":"Tollscout\u00ae","description":"","publisher":{"@id":"https:\/\/tollscout.eu\/no\/#organization"},"potentialAction":[{"@type":"SearchAction","target":{"@type":"EntryPoint","urlTemplate":"https:\/\/tollscout.eu\/no\/?s={search_term_string}"},"query-input":{"@type":"PropertyValueSpecification","valueRequired":true,"valueName":"search_term_string"}}],"inLanguage":"nb-NO"},{"@type":"Organization","@id":"https:\/\/tollscout.eu\/no\/#organization","name":"TollScout","alternateName":"TollScout","url":"https:\/\/tollscout.eu\/no\/","logo":{"@type":"ImageObject","inLanguage":"nb-NO","@id":"https:\/\/tollscout.eu\/no\/#\/schema\/logo\/image\/","url":"https:\/\/tollscout.eu\/wp-content\/uploads\/2023\/11\/logo_social_media_1024.png","contentUrl":"https:\/\/tollscout.eu\/wp-content\/uploads\/2023\/11\/logo_social_media_1024.png","width":1024,"height":1024,"caption":"TollScout"},"image":{"@id":"https:\/\/tollscout.eu\/no\/#\/schema\/logo\/image\/"},"sameAs":["https:\/\/facebook.com\/tollscout","https:\/\/x.com\/tollscout","https:\/\/instagram.com\/tollscout"]}]}},"uagb_featured_image_src":{"full":false,"thumbnail":false,"medium":false,"medium_large":false,"large":false,"1536x1536":false,"2048x2048":false,"gform-image-choice-sm":false,"gform-image-choice-md":false,"gform-image-choice-lg":false},"uagb_author_info":{"display_name":"Tollscout","author_link":"https:\/\/tollscout.eu\/no\/author\/m-hemm\/"},"uagb_comment_info":0,"uagb_excerpt":"Tauerntunnel Veiavgift \u00d8sterrike Tauerntunnel Veiavgift \u00d8sterrike Tauerntunnelen er en 6546 meter lang veitunnel p\u00e5 Tauern Autobahn A 10. Sammen med [&hellip;]","_links":{"self":[{"href":"https:\/\/tollscout.eu\/no\/wp-json\/wp\/v2\/pages\/9765","targetHints":{"allow":["GET"]}}],"collection":[{"href":"https:\/\/tollscout.eu\/no\/wp-json\/wp\/v2\/pages"}],"about":[{"href":"https:\/\/tollscout.eu\/no\/wp-json\/wp\/v2\/types\/page"}],"author":[{"embeddable":true,"href":"https:\/\/tollscout.eu\/no\/wp-json\/wp\/v2\/users\/2"}],"replies":[{"embeddable":true,"href":"https:\/\/tollscout.eu\/no\/wp-json\/wp\/v2\/comments?post=9765"}],"version-history":[{"count":1,"href":"https:\/\/tollscout.eu\/no\/wp-json\/wp\/v2\/pages\/9765\/revisions"}],"predecessor-version":[{"id":9766,"href":"https:\/\/tollscout.eu\/no\/wp-json\/wp\/v2\/pages\/9765\/revisions\/9766"}],"wp:attachment":[{"href":"https:\/\/tollscout.eu\/no\/wp-json\/wp\/v2\/media?parent=9765"}],"curies":[{"name":"wp","href":"https:\/\/api.w.org\/{rel}","templated":true}]}}