{"id":9692,"date":"2023-08-25T12:00:01","date_gmt":"2023-08-25T10:00:01","guid":{"rendered":"https:\/\/tollscout.eu\/brenner-bompenger-oesterrike\/"},"modified":"2024-08-22T10:21:57","modified_gmt":"2024-08-22T08:21:57","slug":"brenner-bompenger-oesterrike","status":"publish","type":"page","link":"https:\/\/tollscout.eu\/no\/brenner-bompenger-oesterrike\/","title":{"rendered":"Brenner Veiavgift \u00d8sterrike"},"content":{"rendered":"\n<div class=\"wp-block-uagb-container uagb-block-c1e2fce7 alignfull uagb-is-root-container\"><div class=\"uagb-container-inner-blocks-wrap\">\n<div class=\"wp-block-uagb-advanced-heading uagb-block-c767fabd\"><h1 class=\"uagb-heading-text\">Brenner Veiavgift Online \u00d8sterrike<\/h1><\/div>\n<\/div><\/div>\n\n<div class=\"wp-block-uagb-container uagb-block-03d628be alignfull uagb-is-root-container\"><div class=\"uagb-container-inner-blocks-wrap\">\n<div id=\"app\" data-context=\"at\"><\/div>\n<\/div><\/div>\n\n<div class=\"wp-block-uagb-container uagb-block-f356067b alignfull uagb-is-root-container\"><div class=\"uagb-container-inner-blocks-wrap\">\n<div class=\"wp-block-uagb-advanced-heading uagb-block-e02782db\"><h2 class=\"uagb-heading-text\">Brenner Veiavgift Online \u00d8sterrike<\/h2><p class=\"uagb-desc-text\">Brennermotorveien A 13, en del av European Route 45, strekker seg gjennom Tyrol og er en integrert del av Brennermotorveien, som ble bygget p\u00e5 1960-tallet og regnes som en av de f\u00f8rste fjellmotorveiene i verden. Det er den \u00f8sterrikske delen av Brenner Autobahn. 5. april 1971 ble hun offisielt \u00e5pnet for trafikk mellom \u00d8sterrike og Italia. A 13 g\u00e5r fra Innsbruck (kryss Inntal Autobahn A 12) gjennom Wipptal til Brennerpasset, som har dannet grensen mellom Italia og \u00d8sterrike siden 1920 i henhold til Saint-Germain-traktaten. Den p\u00e5f\u00f8lgende delen p\u00e5 italiensk territorium blir referert til som A 22, Brennermotorveien\/Autostrada del Brennero eller bare Autobrennero.    <\/p><\/div>\n<\/div><\/div>\n\n<div class=\"wp-block-uagb-container uagb-block-7efd3c31 alignfull uagb-is-root-container\"><div class=\"uagb-container-inner-blocks-wrap\">\n<div class=\"wp-block-uagb-advanced-heading uagb-block-4602874c\"><h2 class=\"uagb-heading-text\">FAQ<\/h2><p class=\"uagb-desc-text\">Her svarer vi p\u00e5 alle sp\u00f8rsm\u00e5l om Brenner Toll \u00d8sterrike<\/p><\/div>\n\n\n<div class=\"wp-block-uagb-faq uagb-faq__outer-wrap uagb-block-4fe496d4 uagb-faq-icon-row-reverse uagb-faq-layout-accordion uagb-faq-expand-first-false uagb-faq-inactive-other-true uagb-faq__wrap uagb-buttons-layout-wrap uagb-faq-equal-height     \" data-faqtoggle=\"true\" role=\"tablist\"><div class=\"wp-block-uagb-faq-child uagb-faq-child__outer-wrap uagb-faq-item uagb-block-1a70522e \" role=\"tab\" tabindex=\"0\"><div class=\"uagb-faq-questions-button uagb-faq-questions\">\t\t\t<span class=\"uagb-icon uagb-faq-icon-wrap\">\n\t\t\t\t\t\t\t<\/span>\n\t\t\t\t\t\t<span class=\"uagb-icon-active uagb-faq-icon-wrap\">\n\t\t\t\t\t\t\t\t<svg xmlns=\"https:\/\/www.w3.org\/2000\/svg\" viewBox= \"0 0 320 512\"><path d=\"M9.39 265.4l127.1-128C143.6 131.1 151.8 128 160 128s16.38 3.125 22.63 9.375l127.1 128c9.156 9.156 11.9 22.91 6.943 34.88S300.9 320 287.1 320H32.01c-12.94 0-24.62-7.781-29.58-19.75S.2333 274.5 9.39 265.4z\"><\/path><\/svg>\n\t\t\t\t\t\t\t<\/span>\n\t\t\t<h3 class=\"uagb-question\">Hvor mye koster Brenner-toppen i \u00d8sterrike? <\/h3><\/div><div class=\"uagb-faq-content\"><p>Bompengeavgiftene for Brenner-motorveien (A13) kan variere avhengig av kj\u00f8ret\u00f8ytype, tid p\u00e5 \u00e5ret og rutestrekning. Det anbefales \u00e5 sjekke gjeldende tariffer p\u00e5 operat\u00f8rens offisielle nettsted eller ved bomstasjoner, da de kan endres. Gebyrer beregnes vanligvis basert p\u00e5 kj\u00f8relengde og kj\u00f8ret\u00f8ykategori, med forskjellige satser som gjelder for biler, bobiler, lastebiler og busser. Det er ogs\u00e5 mulig \u00e5 bruke ulike betalingsm\u00e5ter som kontanter eller elektroniske bompengesystemer for \u00e5 betale bompenger p\u00e5 Brennermotorveien.   <\/p><\/div><\/div><div class=\"wp-block-uagb-faq-child uagb-faq-child__outer-wrap uagb-faq-item uagb-block-bd4b64b2 \" role=\"tab\" tabindex=\"0\"><div class=\"uagb-faq-questions-button uagb-faq-questions\">\t\t\t<span class=\"uagb-icon uagb-faq-icon-wrap\">\n\t\t\t\t\t\t\t<\/span>\n\t\t\t\t\t\t<span class=\"uagb-icon-active uagb-faq-icon-wrap\">\n\t\t\t\t\t\t\t\t<svg xmlns=\"https:\/\/www.w3.org\/2000\/svg\" viewBox= \"0 0 320 512\"><path d=\"M9.39 265.4l127.1-128C143.6 131.1 151.8 128 160 128s16.38 3.125 22.63 9.375l127.1 128c9.156 9.156 11.9 22.91 6.943 34.88S300.9 320 287.1 320H32.01c-12.94 0-24.62-7.781-29.58-19.75S.2333 274.5 9.39 265.4z\"><\/path><\/svg>\n\t\t\t\t\t\t\t<\/span>\n\t\t\t<h3 class=\"uagb-question\">Hvordan betaler du veiavgiften ved Brennerpasset? <\/h3><\/div><div class=\"uagb-faq-content\"><p>Den digitale veiavgiften for den \u00f8sterrikske delen av Brenner Autobahn A13 kan kj\u00f8pes b\u00e5de online fra oss og offline p\u00e5 bom- og bensinstasjoner. Kj\u00f8p p\u00e5 nett er ikke mulig for den italienske delen av motorveien A22 Brenner. Dette er fordi \u00d8sterrike og Italia har ulike bompengesystemer. Av den grunn skal bompengen betales i bomstasjonen.   <\/p><\/div><\/div><div class=\"wp-block-uagb-faq-child uagb-faq-child__outer-wrap uagb-faq-item uagb-block-49ae175a \" role=\"tab\" tabindex=\"0\"><div class=\"uagb-faq-questions-button uagb-faq-questions\">\t\t\t<span class=\"uagb-icon uagb-faq-icon-wrap\">\n\t\t\t\t\t\t\t<\/span>\n\t\t\t\t\t\t<span class=\"uagb-icon-active uagb-faq-icon-wrap\">\n\t\t\t\t\t\t\t\t<svg xmlns=\"https:\/\/www.w3.org\/2000\/svg\" viewBox= \"0 0 320 512\"><path d=\"M9.39 265.4l127.1-128C143.6 131.1 151.8 128 160 128s16.38 3.125 22.63 9.375l127.1 128c9.156 9.156 11.9 22.91 6.943 34.88S300.9 320 287.1 320H32.01c-12.94 0-24.62-7.781-29.58-19.75S.2333 274.5 9.39 265.4z\"><\/path><\/svg>\n\t\t\t\t\t\t\t<\/span>\n\t\t\t<h3 class=\"uagb-question\">Hvor betales Brenner-avgiften?<\/h3><\/div><div class=\"uagb-faq-content\"><p>Bompengene p\u00e5 den italienske delen av Brenner-motorveien, <a href=\"https:\/\/de.wikipedia.org\/wiki\/Autostrada_A22\">Autostrada A22<\/a>, betales ved bomstasjoner langs motorveien. Sj\u00e5f\u00f8rer m\u00e5 betale en avgift p\u00e5 disse stasjonene for \u00e5 bruke motorveien. Det er ingen mulighet til \u00e5 betale online eller forh\u00e5ndsbetale bompengegebyret. Ruteavgiften for den <a href=\"https:\/\/de.wikipedia.org\/wiki\/Brenner_Autobahn\">\u00f8sterrikske delen av Brenner Autobahn A13<\/a> kan kj\u00f8pes b\u00e5de offline og online i v\u00e5r nettbutikk.   <\/p><\/div><\/div><div class=\"wp-block-uagb-faq-child uagb-faq-child__outer-wrap uagb-faq-item uagb-block-c7b6f203 \" role=\"tab\" tabindex=\"0\"><div class=\"uagb-faq-questions-button uagb-faq-questions\">\t\t\t<span class=\"uagb-icon uagb-faq-icon-wrap\">\n\t\t\t\t\t\t\t<\/span>\n\t\t\t\t\t\t<span class=\"uagb-icon-active uagb-faq-icon-wrap\">\n\t\t\t\t\t\t\t\t<svg xmlns=\"https:\/\/www.w3.org\/2000\/svg\" viewBox= \"0 0 320 512\"><path d=\"M9.39 265.4l127.1-128C143.6 131.1 151.8 128 160 128s16.38 3.125 22.63 9.375l127.1 128c9.156 9.156 11.9 22.91 6.943 34.88S300.9 320 287.1 320H32.01c-12.94 0-24.62-7.781-29.58-19.75S.2333 274.5 9.39 265.4z\"><\/path><\/svg>\n\t\t\t\t\t\t\t<\/span>\n\t\t\t<h3 class=\"uagb-question\">Hvilken vignett eller veiavgift trenger jeg for Brenner?<\/h3><\/div><div class=\"uagb-faq-content\"><p>Hvilke vignetter og\/eller veiavgifter som kreves for Brennerpasset avhenger av start og destinasjon. Avhengig av hvilket hj\u00f8rne av Europa du \u00f8nsker \u00e5 n\u00e5 destinasjoner etter Brenner, varierer de n\u00f8dvendige vignetter og veiavgifter. Du kan kj\u00f8pe <a href=\"https:\/\/tollscout.eu\/digitale-vignette-oestehttps:\/\/tollscout.eu\/digitale-vignette-oesterreich-online\/rreich-online\/\">vignetter for \u00d8sterrike<\/a>, Slovenia, Sveits, Romania, Bulgaria, Slovakia, Ungarn og Tsjekkia i v\u00e5r nettbutikk. Ruteavgifter for \u00d8sterrike er ogs\u00e5 tilgjengelig fra oss.    <\/p><\/div><\/div><div class=\"wp-block-uagb-faq-child uagb-faq-child__outer-wrap uagb-faq-item uagb-block-66a7673f \" role=\"tab\" tabindex=\"0\"><div class=\"uagb-faq-questions-button uagb-faq-questions\">\t\t\t<span class=\"uagb-icon uagb-faq-icon-wrap\">\n\t\t\t\t\t\t\t<\/span>\n\t\t\t\t\t\t<span class=\"uagb-icon-active uagb-faq-icon-wrap\">\n\t\t\t\t\t\t\t\t<svg xmlns=\"https:\/\/www.w3.org\/2000\/svg\" viewBox= \"0 0 320 512\"><path d=\"M9.39 265.4l127.1-128C143.6 131.1 151.8 128 160 128s16.38 3.125 22.63 9.375l127.1 128c9.156 9.156 11.9 22.91 6.943 34.88S300.9 320 287.1 320H32.01c-12.94 0-24.62-7.781-29.58-19.75S.2333 274.5 9.39 265.4z\"><\/path><\/svg>\n\t\t\t\t\t\t\t<\/span>\n\t\t\t<h3 class=\"uagb-question\">Hvor mye koster Brenner-avgiften til Bolzano?<\/h3><\/div><div class=\"uagb-faq-content\"><p>Du kan ikke si generelt hva veiavgiften blir over Brennerpasset til Bolzano, da det avhenger av hvor du kommer fra. Hvis du kj\u00f8rer fra Tyskland eller \u00d8sterrike via Brennerpasset mot Bolzano, m\u00e5 du vanligvis betale en \u00f8sterriksk vignett samt veiavgifter for den \u00f8sterrikske delen av Brenner Autobahn A13 og den italienske Brenner Autobahn A22.  <\/p><\/div><\/div><div class=\"wp-block-uagb-faq-child uagb-faq-child__outer-wrap uagb-faq-item uagb-block-fe87bb9c \" role=\"tab\" tabindex=\"0\"><div class=\"uagb-faq-questions-button uagb-faq-questions\">\t\t\t<span class=\"uagb-icon uagb-faq-icon-wrap\">\n\t\t\t\t\t\t\t<\/span>\n\t\t\t\t\t\t<span class=\"uagb-icon-active uagb-faq-icon-wrap\">\n\t\t\t\t\t\t\t\t<svg xmlns=\"https:\/\/www.w3.org\/2000\/svg\" viewBox= \"0 0 320 512\"><path d=\"M9.39 265.4l127.1-128C143.6 131.1 151.8 128 160 128s16.38 3.125 22.63 9.375l127.1 128c9.156 9.156 11.9 22.91 6.943 34.88S300.9 320 287.1 320H32.01c-12.94 0-24.62-7.781-29.58-19.75S.2333 274.5 9.39 265.4z\"><\/path><\/svg>\n\t\t\t\t\t\t\t<\/span>\n\t\t\t<h3 class=\"uagb-question\">Hvor mye veiavgift betaler du til Gardasj\u00f8en?<\/h3><\/div><div class=\"uagb-faq-content\"><p>N\u00e5r det gjelder bomavgiften over Brennerpasset til Gardasj\u00f8en, er det ikke noe generelt svar da det avhenger av hvilken retning du kommer fra. Hvis du kj\u00f8rer fra Tyskland eller \u00d8sterrike over Brennerpasset mot Gardasj\u00f8en, m\u00e5 du vanligvis betale en \u00f8sterriksk vignett samt veiavgifter for den \u00f8sterrikske delen av Brenner Autobahn A13 og den italienske Brenner Autobahn A22. <\/p><\/div><\/div><\/div><\/div><\/div>\n","protected":false},"excerpt":{"rendered":"<p>Brenner Veiavgift Online \u00d8sterrike Brenner Veiavgift Online \u00d8sterrike Brennermotorveien A 13, en del av European Route 45, strekker seg gjennom [&hellip;]<\/p>\n","protected":false},"author":2,"featured_media":0,"parent":0,"menu_order":0,"comment_status":"closed","ping_status":"closed","template":"","meta":{"_uag_custom_page_level_css":"","site-sidebar-layout":"no-sidebar","site-content-layout":"","ast-site-content-layout":"normal-width-container","site-content-style":"unboxed","site-sidebar-style":"unboxed","ast-global-header-display":"","ast-banner-title-visibility":"","ast-main-header-display":"","ast-hfb-above-header-display":"","ast-hfb-below-header-display":"","ast-hfb-mobile-header-display":"","site-post-title":"disabled","ast-breadcrumbs-content":"","ast-featured-img":"","footer-sml-layout":"","ast-disable-related-posts":"","theme-transparent-header-meta":"enabled","adv-header-id-meta":"","stick-header-meta":"","header-above-stick-meta":"","header-main-stick-meta":"","header-below-stick-meta":"","astra-migrate-meta-layouts":"default","ast-page-background-enabled":"default","ast-page-background-meta":{"desktop":{"background-color":"var(--ast-global-color-5)","background-image":"","background-repeat":"repeat","background-position":"center center","background-size":"auto","background-attachment":"scroll","background-type":"","background-media":"","overlay-type":"","overlay-color":"","overlay-opacity":"","overlay-gradient":""},"tablet":{"background-color":"","background-image":"","background-repeat":"repeat","background-position":"center center","background-size":"auto","background-attachment":"scroll","background-type":"","background-media":"","overlay-type":"","overlay-color":"","overlay-opacity":"","overlay-gradient":""},"mobile":{"background-color":"","background-image":"","background-repeat":"repeat","background-position":"center center","background-size":"auto","background-attachment":"scroll","background-type":"","background-media":"","overlay-type":"","overlay-color":"","overlay-opacity":"","overlay-gradient":""}},"ast-content-background-meta":{"desktop":{"background-color":"var(--ast-global-color-4)","background-image":"","background-repeat":"repeat","background-position":"center center","background-size":"auto","background-attachment":"scroll","background-type":"","background-media":"","overlay-type":"","overlay-color":"","overlay-opacity":"","overlay-gradient":""},"tablet":{"background-color":"var(--ast-global-color-4)","background-image":"","background-repeat":"repeat","background-position":"center center","background-size":"auto","background-attachment":"scroll","background-type":"","background-media":"","overlay-type":"","overlay-color":"","overlay-opacity":"","overlay-gradient":""},"mobile":{"background-color":"var(--ast-global-color-4)","background-image":"","background-repeat":"repeat","background-position":"center center","background-size":"auto","background-attachment":"scroll","background-type":"","background-media":"","overlay-type":"","overlay-color":"","overlay-opacity":"","overlay-gradient":""}},"footnotes":""},"class_list":["post-9692","page","type-page","status-publish","hentry"],"yoast_head":"<!-- This site is optimized with the Yoast SEO plugin v27.1.1 - https:\/\/yoast.com\/product\/yoast-seo-wordpress\/ -->\n<title>Brenner Veiavgift Online \u00d8sterrike - Gyldig umiddelbart<\/title>\n<meta name=\"description\" content=\"Brenner Veiavgift Online \u00d8sterrike. Kj\u00f8p den digitale veiavgiften for motorvei A13 Brenner raskt og enkelt p\u00e5 nettet. Gyldig umiddelbart.\" \/>\n<meta name=\"robots\" content=\"index, follow, max-snippet:-1, max-image-preview:large, max-video-preview:-1\" \/>\n<link rel=\"canonical\" href=\"https:\/\/tollscout.eu\/no\/brenner-bompenger-oesterrike\/\" \/>\n<meta property=\"og:locale\" content=\"nb_NO\" \/>\n<meta property=\"og:type\" content=\"article\" \/>\n<meta property=\"og:title\" content=\"Brenner Veiavgift Online \u00d8sterrike - Gyldig umiddelbart\" \/>\n<meta property=\"og:description\" content=\"Brenner Veiavgift Online \u00d8sterrike. Kj\u00f8p den digitale veiavgiften for motorvei A13 Brenner raskt og enkelt p\u00e5 nettet. Gyldig umiddelbart.\" \/>\n<meta property=\"og:url\" content=\"https:\/\/tollscout.eu\/no\/brenner-bompenger-oesterrike\/\" \/>\n<meta property=\"og:site_name\" content=\"Tollscout\u00ae\" \/>\n<meta property=\"article:publisher\" content=\"https:\/\/facebook.com\/tollscout\" \/>\n<meta property=\"article:modified_time\" content=\"2024-08-22T08:21:57+00:00\" \/>\n<meta property=\"og:image\" content=\"https:\/\/tollscout.eu\/wp-content\/uploads\/2023\/08\/logo_color_360x92px.png\" \/>\n<meta name=\"twitter:card\" content=\"summary_large_image\" \/>\n<meta name=\"twitter:image\" content=\"https:\/\/tollscout.eu\/wp-content\/uploads\/2023\/08\/logo_color_360x92px.png\" \/>\n<meta name=\"twitter:site\" content=\"@tollscout\" \/>\n<meta name=\"twitter:label1\" content=\"Ansl. lesetid\" \/>\n\t<meta name=\"twitter:data1\" content=\"1 minutt\" \/>\n<script type=\"application\/ld+json\" class=\"yoast-schema-graph\">{\"@context\":\"https:\/\/schema.org\",\"@graph\":[{\"@type\":\"WebPage\",\"@id\":\"https:\/\/tollscout.eu\/no\/brenner-bompenger-oesterrike\/\",\"url\":\"https:\/\/tollscout.eu\/no\/brenner-bompenger-oesterrike\/\",\"name\":\"Brenner Veiavgift Online \u00d8sterrike - Gyldig umiddelbart\",\"isPartOf\":{\"@id\":\"https:\/\/tollscout.eu\/no\/#website\"},\"datePublished\":\"2023-08-25T10:00:01+00:00\",\"dateModified\":\"2024-08-22T08:21:57+00:00\",\"description\":\"Brenner Veiavgift Online \u00d8sterrike. Kj\u00f8p den digitale veiavgiften for motorvei A13 Brenner raskt og enkelt p\u00e5 nettet. Gyldig umiddelbart.\",\"breadcrumb\":{\"@id\":\"https:\/\/tollscout.eu\/no\/brenner-bompenger-oesterrike\/#breadcrumb\"},\"inLanguage\":\"nb-NO\",\"potentialAction\":[{\"@type\":\"ReadAction\",\"target\":[\"https:\/\/tollscout.eu\/no\/brenner-bompenger-oesterrike\/\"]}]},{\"@type\":\"BreadcrumbList\",\"@id\":\"https:\/\/tollscout.eu\/no\/brenner-bompenger-oesterrike\/#breadcrumb\",\"itemListElement\":[{\"@type\":\"ListItem\",\"position\":1,\"name\":\"Startseite\",\"item\":\"https:\/\/tollscout.eu\/no\/\"},{\"@type\":\"ListItem\",\"position\":2,\"name\":\"Brenner Veiavgift \u00d8sterrike\"}]},{\"@type\":\"WebSite\",\"@id\":\"https:\/\/tollscout.eu\/no\/#website\",\"url\":\"https:\/\/tollscout.eu\/no\/\",\"name\":\"Tollscout\u00ae\",\"description\":\"\",\"publisher\":{\"@id\":\"https:\/\/tollscout.eu\/no\/#organization\"},\"potentialAction\":[{\"@type\":\"SearchAction\",\"target\":{\"@type\":\"EntryPoint\",\"urlTemplate\":\"https:\/\/tollscout.eu\/no\/?s={search_term_string}\"},\"query-input\":{\"@type\":\"PropertyValueSpecification\",\"valueRequired\":true,\"valueName\":\"search_term_string\"}}],\"inLanguage\":\"nb-NO\"},{\"@type\":\"Organization\",\"@id\":\"https:\/\/tollscout.eu\/no\/#organization\",\"name\":\"TollScout\",\"alternateName\":\"TollScout\",\"url\":\"https:\/\/tollscout.eu\/no\/\",\"logo\":{\"@type\":\"ImageObject\",\"inLanguage\":\"nb-NO\",\"@id\":\"https:\/\/tollscout.eu\/no\/#\/schema\/logo\/image\/\",\"url\":\"https:\/\/tollscout.eu\/wp-content\/uploads\/2023\/11\/logo_social_media_1024.png\",\"contentUrl\":\"https:\/\/tollscout.eu\/wp-content\/uploads\/2023\/11\/logo_social_media_1024.png\",\"width\":1024,\"height\":1024,\"caption\":\"TollScout\"},\"image\":{\"@id\":\"https:\/\/tollscout.eu\/no\/#\/schema\/logo\/image\/\"},\"sameAs\":[\"https:\/\/facebook.com\/tollscout\",\"https:\/\/x.com\/tollscout\",\"https:\/\/instagram.com\/tollscout\"]}]}<\/script>\n<!-- \/ Yoast SEO plugin. -->","yoast_head_json":{"title":"Brenner Veiavgift Online \u00d8sterrike - Gyldig umiddelbart","description":"Brenner Veiavgift Online \u00d8sterrike. Kj\u00f8p den digitale veiavgiften for motorvei A13 Brenner raskt og enkelt p\u00e5 nettet. Gyldig umiddelbart.","robots":{"index":"index","follow":"follow","max-snippet":"max-snippet:-1","max-image-preview":"max-image-preview:large","max-video-preview":"max-video-preview:-1"},"canonical":"https:\/\/tollscout.eu\/no\/brenner-bompenger-oesterrike\/","og_locale":"nb_NO","og_type":"article","og_title":"Brenner Veiavgift Online \u00d8sterrike - Gyldig umiddelbart","og_description":"Brenner Veiavgift Online \u00d8sterrike. Kj\u00f8p den digitale veiavgiften for motorvei A13 Brenner raskt og enkelt p\u00e5 nettet. Gyldig umiddelbart.","og_url":"https:\/\/tollscout.eu\/no\/brenner-bompenger-oesterrike\/","og_site_name":"Tollscout\u00ae","article_publisher":"https:\/\/facebook.com\/tollscout","article_modified_time":"2024-08-22T08:21:57+00:00","og_image":[{"url":"https:\/\/tollscout.eu\/wp-content\/uploads\/2023\/08\/logo_color_360x92px.png","type":"","width":"","height":""}],"twitter_card":"summary_large_image","twitter_image":"https:\/\/tollscout.eu\/wp-content\/uploads\/2023\/08\/logo_color_360x92px.png","twitter_site":"@tollscout","twitter_misc":{"Ansl. lesetid":"1 minutt"},"schema":{"@context":"https:\/\/schema.org","@graph":[{"@type":"WebPage","@id":"https:\/\/tollscout.eu\/no\/brenner-bompenger-oesterrike\/","url":"https:\/\/tollscout.eu\/no\/brenner-bompenger-oesterrike\/","name":"Brenner Veiavgift Online \u00d8sterrike - Gyldig umiddelbart","isPartOf":{"@id":"https:\/\/tollscout.eu\/no\/#website"},"datePublished":"2023-08-25T10:00:01+00:00","dateModified":"2024-08-22T08:21:57+00:00","description":"Brenner Veiavgift Online \u00d8sterrike. Kj\u00f8p den digitale veiavgiften for motorvei A13 Brenner raskt og enkelt p\u00e5 nettet. Gyldig umiddelbart.","breadcrumb":{"@id":"https:\/\/tollscout.eu\/no\/brenner-bompenger-oesterrike\/#breadcrumb"},"inLanguage":"nb-NO","potentialAction":[{"@type":"ReadAction","target":["https:\/\/tollscout.eu\/no\/brenner-bompenger-oesterrike\/"]}]},{"@type":"BreadcrumbList","@id":"https:\/\/tollscout.eu\/no\/brenner-bompenger-oesterrike\/#breadcrumb","itemListElement":[{"@type":"ListItem","position":1,"name":"Startseite","item":"https:\/\/tollscout.eu\/no\/"},{"@type":"ListItem","position":2,"name":"Brenner Veiavgift \u00d8sterrike"}]},{"@type":"WebSite","@id":"https:\/\/tollscout.eu\/no\/#website","url":"https:\/\/tollscout.eu\/no\/","name":"Tollscout\u00ae","description":"","publisher":{"@id":"https:\/\/tollscout.eu\/no\/#organization"},"potentialAction":[{"@type":"SearchAction","target":{"@type":"EntryPoint","urlTemplate":"https:\/\/tollscout.eu\/no\/?s={search_term_string}"},"query-input":{"@type":"PropertyValueSpecification","valueRequired":true,"valueName":"search_term_string"}}],"inLanguage":"nb-NO"},{"@type":"Organization","@id":"https:\/\/tollscout.eu\/no\/#organization","name":"TollScout","alternateName":"TollScout","url":"https:\/\/tollscout.eu\/no\/","logo":{"@type":"ImageObject","inLanguage":"nb-NO","@id":"https:\/\/tollscout.eu\/no\/#\/schema\/logo\/image\/","url":"https:\/\/tollscout.eu\/wp-content\/uploads\/2023\/11\/logo_social_media_1024.png","contentUrl":"https:\/\/tollscout.eu\/wp-content\/uploads\/2023\/11\/logo_social_media_1024.png","width":1024,"height":1024,"caption":"TollScout"},"image":{"@id":"https:\/\/tollscout.eu\/no\/#\/schema\/logo\/image\/"},"sameAs":["https:\/\/facebook.com\/tollscout","https:\/\/x.com\/tollscout","https:\/\/instagram.com\/tollscout"]}]}},"uagb_featured_image_src":{"full":false,"thumbnail":false,"medium":false,"medium_large":false,"large":false,"1536x1536":false,"2048x2048":false,"gform-image-choice-sm":false,"gform-image-choice-md":false,"gform-image-choice-lg":false},"uagb_author_info":{"display_name":"Tollscout","author_link":"https:\/\/tollscout.eu\/no\/author\/m-hemm\/"},"uagb_comment_info":0,"uagb_excerpt":"Brenner Veiavgift Online \u00d8sterrike Brenner Veiavgift Online \u00d8sterrike Brennermotorveien A 13, en del av European Route 45, strekker seg gjennom [&hellip;]","_links":{"self":[{"href":"https:\/\/tollscout.eu\/no\/wp-json\/wp\/v2\/pages\/9692","targetHints":{"allow":["GET"]}}],"collection":[{"href":"https:\/\/tollscout.eu\/no\/wp-json\/wp\/v2\/pages"}],"about":[{"href":"https:\/\/tollscout.eu\/no\/wp-json\/wp\/v2\/types\/page"}],"author":[{"embeddable":true,"href":"https:\/\/tollscout.eu\/no\/wp-json\/wp\/v2\/users\/2"}],"replies":[{"embeddable":true,"href":"https:\/\/tollscout.eu\/no\/wp-json\/wp\/v2\/comments?post=9692"}],"version-history":[{"count":5,"href":"https:\/\/tollscout.eu\/no\/wp-json\/wp\/v2\/pages\/9692\/revisions"}],"predecessor-version":[{"id":9699,"href":"https:\/\/tollscout.eu\/no\/wp-json\/wp\/v2\/pages\/9692\/revisions\/9699"}],"wp:attachment":[{"href":"https:\/\/tollscout.eu\/no\/wp-json\/wp\/v2\/media?parent=9692"}],"curies":[{"name":"wp","href":"https:\/\/api.w.org\/{rel}","templated":true}]}}