{"id":6319,"date":"2023-08-25T12:00:01","date_gmt":"2023-08-25T10:00:01","guid":{"rendered":"https:\/\/tollscout.eu\/brennertol-oostenrijk\/"},"modified":"2024-08-01T01:55:56","modified_gmt":"2024-07-31T23:55:56","slug":"brennertol-oostenrijk","status":"publish","type":"page","link":"https:\/\/tollscout.eu\/nl\/brennertol-oostenrijk\/","title":{"rendered":"Brennertol Oostenrijk"},"content":{"rendered":"\n<div class=\"wp-block-uagb-container uagb-block-c1e2fce7 alignfull uagb-is-root-container\"><div class=\"uagb-container-inner-blocks-wrap\">\n<div class=\"wp-block-uagb-advanced-heading uagb-block-c767fabd\"><h1 class=\"uagb-heading-text\">Brenner-tol online Oostenrijk<\/h1><\/div>\n<\/div><\/div>\n\n<div class=\"wp-block-uagb-container uagb-block-03d628be alignfull uagb-is-root-container\"><div class=\"uagb-container-inner-blocks-wrap\">\n<div id=\"app\" data-context=\"at\"><\/div>\n<\/div><\/div>\n\n<div class=\"wp-block-uagb-container uagb-block-f356067b alignfull uagb-is-root-container\"><div class=\"uagb-container-inner-blocks-wrap\">\n<div class=\"wp-block-uagb-advanced-heading uagb-block-e02782db\"><h2 class=\"uagb-heading-text\">Brenner-tol online Oostenrijk<\/h2><p class=\"uagb-desc-text\">De Brenner-snelweg A 13, onderdeel van de Europese Route 45, strekt zich uit door Tirol en is een integraal onderdeel van de Brenner-snelweg, die in de jaren zestig werd aangelegd en wordt beschouwd als een van de eerste bergsnelwegen ter wereld. Het is het Oostenrijkse deel van de Brenner Autobahn. Op 5 april 1971 werd ze officieel geopend voor het verkeer tussen Oostenrijk en Itali\u00eb. De A 13 loopt van Innsbruck (knooppunt Inntal Autobahn A 12) via het Wipptal naar de Brennerpas, die sinds 1920 volgens het Verdrag van Saint-Germain de grens vormt tussen Itali\u00eb en Oostenrijk. Het daaropvolgende gedeelte op Italiaans grondgebied wordt de A 22, Brenner-snelweg \/ Autostrada del Brennero of kortweg Autobrennero genoemd.    <\/p><\/div>\n<\/div><\/div>\n\n<div class=\"wp-block-uagb-container uagb-block-7efd3c31 alignfull uagb-is-root-container\"><div class=\"uagb-container-inner-blocks-wrap\">\n<div class=\"wp-block-uagb-advanced-heading uagb-block-4602874c\"><h2 class=\"uagb-heading-text\">FAQ<\/h2><p class=\"uagb-desc-text\">Hier beantwoorden wij alle vragen over de Brenner Tol Oostenrijk.\u200b<\/p><\/div>\n\n\n<div class=\"wp-block-uagb-faq uagb-faq__outer-wrap uagb-block-4fe496d4 uagb-faq-icon-row-reverse uagb-faq-layout-accordion uagb-faq-expand-first-false uagb-faq-inactive-other-true uagb-faq__wrap uagb-buttons-layout-wrap uagb-faq-equal-height     \" data-faqtoggle=\"true\" role=\"tablist\"><div class=\"wp-block-uagb-faq-child uagb-faq-child__outer-wrap uagb-faq-item uagb-block-1a70522e \" role=\"tab\" tabindex=\"0\"><div class=\"uagb-faq-questions-button uagb-faq-questions\">\t\t\t<span class=\"uagb-icon uagb-faq-icon-wrap\">\n\t\t\t\t\t\t\t<\/span>\n\t\t\t\t\t\t<span class=\"uagb-icon-active uagb-faq-icon-wrap\">\n\t\t\t\t\t\t\t\t<svg xmlns=\"https:\/\/www.w3.org\/2000\/svg\" viewBox= \"0 0 320 512\"><path d=\"M9.39 265.4l127.1-128C143.6 131.1 151.8 128 160 128s16.38 3.125 22.63 9.375l127.1 128c9.156 9.156 11.9 22.91 6.943 34.88S300.9 320 287.1 320H32.01c-12.94 0-24.62-7.781-29.58-19.75S.2333 274.5 9.39 265.4z\"><\/path><\/svg>\n\t\t\t\t\t\t\t<\/span>\n\t\t\t<h3 class=\"uagb-question\">Hoeveel kost de Brenner-tol in Oostenrijk? <\/h3><\/div><div class=\"uagb-faq-content\"><p>De toltarieven voor de Brenner-snelweg (A13) kunnen vari\u00ebren, afhankelijk van het voertuigtype, de tijd van het jaar en het trajectgedeelte. Het is raadzaam om de actuele tarieven te controleren op de offici\u00eble website van de exploitant of bij tolpoortjes, aangezien deze aan verandering onderhevig zijn. De kosten worden doorgaans berekend op basis van het aantal kilometers en de voertuigcategorie, waarbij verschillende prijzen van toepassing zijn op auto&#8217;s, campers, vrachtwagens en bussen. Het is ook mogelijk om verschillende betalingsmogelijkheden te gebruiken, zoals contant geld of elektronische tolsystemen, om de tol op de Brenner-snelweg te betalen.   <\/p><\/div><\/div><div class=\"wp-block-uagb-faq-child uagb-faq-child__outer-wrap uagb-faq-item uagb-block-bd4b64b2 \" role=\"tab\" tabindex=\"0\"><div class=\"uagb-faq-questions-button uagb-faq-questions\">\t\t\t<span class=\"uagb-icon uagb-faq-icon-wrap\">\n\t\t\t\t\t\t\t<\/span>\n\t\t\t\t\t\t<span class=\"uagb-icon-active uagb-faq-icon-wrap\">\n\t\t\t\t\t\t\t\t<svg xmlns=\"https:\/\/www.w3.org\/2000\/svg\" viewBox= \"0 0 320 512\"><path d=\"M9.39 265.4l127.1-128C143.6 131.1 151.8 128 160 128s16.38 3.125 22.63 9.375l127.1 128c9.156 9.156 11.9 22.91 6.943 34.88S300.9 320 287.1 320H32.01c-12.94 0-24.62-7.781-29.58-19.75S.2333 274.5 9.39 265.4z\"><\/path><\/svg>\n\t\t\t\t\t\t\t<\/span>\n\t\t\t<h3 class=\"uagb-question\">Hoe betaal je de tol op de Brennerpas? <\/h3><\/div><div class=\"uagb-faq-content\"><p>De digitale routetol voor het Oostenrijkse deel van de Brenner Autobahn A13 kunt u zowel online bij ons als offline bij tol- en tankstations kopen. Online aankopen zijn niet mogelijk voor het Italiaanse deel van de Brenner-snelweg A22. Dit komt omdat Oostenrijk en Itali\u00eb verschillende tolsystemen hebben. Om deze reden moet de tol bij het tolhuisje worden betaald.   <\/p><\/div><\/div><div class=\"wp-block-uagb-faq-child uagb-faq-child__outer-wrap uagb-faq-item uagb-block-49ae175a \" role=\"tab\" tabindex=\"0\"><div class=\"uagb-faq-questions-button uagb-faq-questions\">\t\t\t<span class=\"uagb-icon uagb-faq-icon-wrap\">\n\t\t\t\t\t\t\t<\/span>\n\t\t\t\t\t\t<span class=\"uagb-icon-active uagb-faq-icon-wrap\">\n\t\t\t\t\t\t\t\t<svg xmlns=\"https:\/\/www.w3.org\/2000\/svg\" viewBox= \"0 0 320 512\"><path d=\"M9.39 265.4l127.1-128C143.6 131.1 151.8 128 160 128s16.38 3.125 22.63 9.375l127.1 128c9.156 9.156 11.9 22.91 6.943 34.88S300.9 320 287.1 320H32.01c-12.94 0-24.62-7.781-29.58-19.75S.2333 274.5 9.39 265.4z\"><\/path><\/svg>\n\t\t\t\t\t\t\t<\/span>\n\t\t\t<h3 class=\"uagb-question\">Waar wordt de Brenner-tol betaald?<\/h3><\/div><div class=\"uagb-faq-content\"><p>De tol op het Italiaanse deel van de Brenner-snelweg, de <a href=\"https:\/\/de.wikipedia.org\/wiki\/Autostrada_A22\">Autostrada A22<\/a>, wordt betaald bij tolstations langs de snelweg. Chauffeurs moeten op deze stations een vergoeding betalen om van de snelweg gebruik te kunnen maken. Er is geen mogelijkheid om online te betalen of de tolkosten vooraf te betalen. De tol voor het <a href=\"https:\/\/de.wikipedia.org\/wiki\/Brenner_Autobahn\">Oostenrijkse deel van de Brenner Autobahn A13<\/a> kunt u zowel offline als online in onze onlineshop kopen.<\/p><\/div><\/div><div class=\"wp-block-uagb-faq-child uagb-faq-child__outer-wrap uagb-faq-item uagb-block-c7b6f203 \" role=\"tab\" tabindex=\"0\"><div class=\"uagb-faq-questions-button uagb-faq-questions\">\t\t\t<span class=\"uagb-icon uagb-faq-icon-wrap\">\n\t\t\t\t\t\t\t<\/span>\n\t\t\t\t\t\t<span class=\"uagb-icon-active uagb-faq-icon-wrap\">\n\t\t\t\t\t\t\t\t<svg xmlns=\"https:\/\/www.w3.org\/2000\/svg\" viewBox= \"0 0 320 512\"><path d=\"M9.39 265.4l127.1-128C143.6 131.1 151.8 128 160 128s16.38 3.125 22.63 9.375l127.1 128c9.156 9.156 11.9 22.91 6.943 34.88S300.9 320 287.1 320H32.01c-12.94 0-24.62-7.781-29.58-19.75S.2333 274.5 9.39 265.4z\"><\/path><\/svg>\n\t\t\t\t\t\t\t<\/span>\n\t\t\t<h3 class=\"uagb-question\">Welk vignet of trajecttol heb ik nodig voor de Brenner?<\/h3><\/div><div class=\"uagb-faq-content\"><p>Welke vignetten en\/of tolgelden nodig zijn voor de Brennerpas is afhankelijk van de start- en bestemming. Afhankelijk van in welke hoek van Europa je bestemmingen na de Brenner wilt bereiken, verschillen de benodigde vignetten en routetol. In onze onlineshop kunt u <a href=\"https:\/\/tollscout.eu\/digitale-vignette-oestehttps:\/\/tollscout.eu\/digitale-vignette-oesterreich-online\/rreich-online\/\">vignetten kopen voor Oostenrijk<\/a>, Sloveni\u00eb, Zwitserland, Roemeni\u00eb, Bulgarije, Slowakije, Hongarije en Tsjechi\u00eb. Routetol voor Oostenrijk kunt u ook bij ons verkrijgen.    <\/p><\/div><\/div><div class=\"wp-block-uagb-faq-child uagb-faq-child__outer-wrap uagb-faq-item uagb-block-66a7673f \" role=\"tab\" tabindex=\"0\"><div class=\"uagb-faq-questions-button uagb-faq-questions\">\t\t\t<span class=\"uagb-icon uagb-faq-icon-wrap\">\n\t\t\t\t\t\t\t<\/span>\n\t\t\t\t\t\t<span class=\"uagb-icon-active uagb-faq-icon-wrap\">\n\t\t\t\t\t\t\t\t<svg xmlns=\"https:\/\/www.w3.org\/2000\/svg\" viewBox= \"0 0 320 512\"><path d=\"M9.39 265.4l127.1-128C143.6 131.1 151.8 128 160 128s16.38 3.125 22.63 9.375l127.1 128c9.156 9.156 11.9 22.91 6.943 34.88S300.9 320 287.1 320H32.01c-12.94 0-24.62-7.781-29.58-19.75S.2333 274.5 9.39 265.4z\"><\/path><\/svg>\n\t\t\t\t\t\t\t<\/span>\n\t\t\t<h3 class=\"uagb-question\">Hoeveel kost de Brenner-tol naar Bolzano?<\/h3><\/div><div class=\"uagb-faq-content\"><p>Je kunt niet in algemene termen zeggen wat de tol zal zijn over de Brennerpas naar Bolzano, omdat dit afhangt van waar je vandaan komt. Als u vanuit Duitsland of Oostenrijk via de Brennerpas richting Bolzano rijdt, moet u naast tol voor het Oostenrijkse deel van de Brenner Autobahn A13 en de Italiaanse Brenner Autobahn A22 meestal een Oostenrijks vignet betalen.  <\/p><\/div><\/div><div class=\"wp-block-uagb-faq-child uagb-faq-child__outer-wrap uagb-faq-item uagb-block-fe87bb9c \" role=\"tab\" tabindex=\"0\"><div class=\"uagb-faq-questions-button uagb-faq-questions\">\t\t\t<span class=\"uagb-icon uagb-faq-icon-wrap\">\n\t\t\t\t\t\t\t<\/span>\n\t\t\t\t\t\t<span class=\"uagb-icon-active uagb-faq-icon-wrap\">\n\t\t\t\t\t\t\t\t<svg xmlns=\"https:\/\/www.w3.org\/2000\/svg\" viewBox= \"0 0 320 512\"><path d=\"M9.39 265.4l127.1-128C143.6 131.1 151.8 128 160 128s16.38 3.125 22.63 9.375l127.1 128c9.156 9.156 11.9 22.91 6.943 34.88S300.9 320 287.1 320H32.01c-12.94 0-24.62-7.781-29.58-19.75S.2333 274.5 9.39 265.4z\"><\/path><\/svg>\n\t\t\t\t\t\t\t<\/span>\n\t\t\t<h3 class=\"uagb-question\">Hoeveel tol betaalt u aan het Gardameer?<\/h3><\/div><div class=\"uagb-faq-content\"><p>Wat betreft de tol over de Brennerpas naar het Gardameer is er geen algemeen antwoord, omdat dit afhangt van de richting waar je vandaan komt. Als u vanuit Duitsland of Oostenrijk over de Brennerpas richting het Gardameer rijdt, moet u voor het Oostenrijkse deel van de Brenner Autobahn A13 en de Italiaanse Brenner Autobahn A22 meestal een Oostenrijks vignet betalen. <\/p><\/div><\/div><\/div><\/div><\/div>\n","protected":false},"excerpt":{"rendered":"<p>Brenner-tol online Oostenrijk Brenner-tol online Oostenrijk De Brenner-snelweg A 13, onderdeel van de Europese Route 45, strekt zich uit door [&hellip;]<\/p>\n","protected":false},"author":2,"featured_media":0,"parent":0,"menu_order":0,"comment_status":"closed","ping_status":"closed","template":"","meta":{"_uag_custom_page_level_css":"","site-sidebar-layout":"no-sidebar","site-content-layout":"","ast-site-content-layout":"normal-width-container","site-content-style":"unboxed","site-sidebar-style":"unboxed","ast-global-header-display":"","ast-banner-title-visibility":"","ast-main-header-display":"","ast-hfb-above-header-display":"","ast-hfb-below-header-display":"","ast-hfb-mobile-header-display":"","site-post-title":"disabled","ast-breadcrumbs-content":"","ast-featured-img":"","footer-sml-layout":"","ast-disable-related-posts":"","theme-transparent-header-meta":"enabled","adv-header-id-meta":"","stick-header-meta":"","header-above-stick-meta":"","header-main-stick-meta":"","header-below-stick-meta":"","astra-migrate-meta-layouts":"default","ast-page-background-enabled":"default","ast-page-background-meta":{"desktop":{"background-color":"var(--ast-global-color-5)","background-image":"","background-repeat":"repeat","background-position":"center center","background-size":"auto","background-attachment":"scroll","background-type":"","background-media":"","overlay-type":"","overlay-color":"","overlay-opacity":"","overlay-gradient":""},"tablet":{"background-color":"","background-image":"","background-repeat":"repeat","background-position":"center center","background-size":"auto","background-attachment":"scroll","background-type":"","background-media":"","overlay-type":"","overlay-color":"","overlay-opacity":"","overlay-gradient":""},"mobile":{"background-color":"","background-image":"","background-repeat":"repeat","background-position":"center center","background-size":"auto","background-attachment":"scroll","background-type":"","background-media":"","overlay-type":"","overlay-color":"","overlay-opacity":"","overlay-gradient":""}},"ast-content-background-meta":{"desktop":{"background-color":"var(--ast-global-color-4)","background-image":"","background-repeat":"repeat","background-position":"center center","background-size":"auto","background-attachment":"scroll","background-type":"","background-media":"","overlay-type":"","overlay-color":"","overlay-opacity":"","overlay-gradient":""},"tablet":{"background-color":"var(--ast-global-color-4)","background-image":"","background-repeat":"repeat","background-position":"center center","background-size":"auto","background-attachment":"scroll","background-type":"","background-media":"","overlay-type":"","overlay-color":"","overlay-opacity":"","overlay-gradient":""},"mobile":{"background-color":"var(--ast-global-color-4)","background-image":"","background-repeat":"repeat","background-position":"center center","background-size":"auto","background-attachment":"scroll","background-type":"","background-media":"","overlay-type":"","overlay-color":"","overlay-opacity":"","overlay-gradient":""}},"footnotes":""},"class_list":["post-6319","page","type-page","status-publish","hentry"],"yoast_head":"<!-- This site is optimized with the Yoast SEO plugin v27.1.1 - https:\/\/yoast.com\/product\/yoast-seo-wordpress\/ -->\n<title>Brenner Toll Online Oostenrijk - Direct geldig<\/title>\n<meta name=\"description\" content=\"Brenner-tol online Oostenrijk. Koop de digitale routetol voor de Brennersnelweg A13 snel en eenvoudig online. Direct geldig.\" \/>\n<meta name=\"robots\" content=\"index, follow, max-snippet:-1, max-image-preview:large, max-video-preview:-1\" \/>\n<link rel=\"canonical\" href=\"https:\/\/tollscout.eu\/nl\/brennertol-oostenrijk\/\" \/>\n<meta property=\"og:locale\" content=\"nl_NL\" \/>\n<meta property=\"og:type\" content=\"article\" \/>\n<meta property=\"og:title\" content=\"Brenner Toll Online Oostenrijk - Direct geldig\" \/>\n<meta property=\"og:description\" content=\"Brenner-tol online Oostenrijk. Koop de digitale routetol voor de Brennersnelweg A13 snel en eenvoudig online. Direct geldig.\" \/>\n<meta property=\"og:url\" content=\"https:\/\/tollscout.eu\/nl\/brennertol-oostenrijk\/\" \/>\n<meta property=\"og:site_name\" content=\"Tollscout\u00ae\" \/>\n<meta property=\"article:publisher\" content=\"https:\/\/facebook.com\/tollscout\" \/>\n<meta property=\"article:modified_time\" content=\"2024-07-31T23:55:56+00:00\" \/>\n<meta property=\"og:image\" content=\"https:\/\/tollscout.eu\/wp-content\/uploads\/2023\/08\/logo_color_360x92px.png\" \/>\n<meta name=\"twitter:card\" content=\"summary_large_image\" \/>\n<meta name=\"twitter:image\" content=\"https:\/\/tollscout.eu\/wp-content\/uploads\/2023\/08\/logo_color_360x92px.png\" \/>\n<meta name=\"twitter:site\" content=\"@tollscout\" \/>\n<meta name=\"twitter:label1\" content=\"Geschatte leestijd\" \/>\n\t<meta name=\"twitter:data1\" content=\"1 minuut\" \/>\n<script type=\"application\/ld+json\" class=\"yoast-schema-graph\">{\"@context\":\"https:\/\/schema.org\",\"@graph\":[{\"@type\":\"WebPage\",\"@id\":\"https:\/\/tollscout.eu\/nl\/brennertol-oostenrijk\/\",\"url\":\"https:\/\/tollscout.eu\/nl\/brennertol-oostenrijk\/\",\"name\":\"Brenner Toll Online Oostenrijk - Direct geldig\",\"isPartOf\":{\"@id\":\"https:\/\/tollscout.eu\/nl\/#website\"},\"datePublished\":\"2023-08-25T10:00:01+00:00\",\"dateModified\":\"2024-07-31T23:55:56+00:00\",\"description\":\"Brenner-tol online Oostenrijk. Koop de digitale routetol voor de Brennersnelweg A13 snel en eenvoudig online. Direct geldig.\",\"breadcrumb\":{\"@id\":\"https:\/\/tollscout.eu\/nl\/brennertol-oostenrijk\/#breadcrumb\"},\"inLanguage\":\"nl-NL\",\"potentialAction\":[{\"@type\":\"ReadAction\",\"target\":[\"https:\/\/tollscout.eu\/nl\/brennertol-oostenrijk\/\"]}]},{\"@type\":\"BreadcrumbList\",\"@id\":\"https:\/\/tollscout.eu\/nl\/brennertol-oostenrijk\/#breadcrumb\",\"itemListElement\":[{\"@type\":\"ListItem\",\"position\":1,\"name\":\"Startseite\",\"item\":\"https:\/\/tollscout.eu\/nl\/\"},{\"@type\":\"ListItem\",\"position\":2,\"name\":\"Brennertol Oostenrijk\"}]},{\"@type\":\"WebSite\",\"@id\":\"https:\/\/tollscout.eu\/nl\/#website\",\"url\":\"https:\/\/tollscout.eu\/nl\/\",\"name\":\"Tollscout\u00ae\",\"description\":\"\",\"publisher\":{\"@id\":\"https:\/\/tollscout.eu\/nl\/#organization\"},\"potentialAction\":[{\"@type\":\"SearchAction\",\"target\":{\"@type\":\"EntryPoint\",\"urlTemplate\":\"https:\/\/tollscout.eu\/nl\/?s={search_term_string}\"},\"query-input\":{\"@type\":\"PropertyValueSpecification\",\"valueRequired\":true,\"valueName\":\"search_term_string\"}}],\"inLanguage\":\"nl-NL\"},{\"@type\":\"Organization\",\"@id\":\"https:\/\/tollscout.eu\/nl\/#organization\",\"name\":\"TollScout\",\"alternateName\":\"TollScout\",\"url\":\"https:\/\/tollscout.eu\/nl\/\",\"logo\":{\"@type\":\"ImageObject\",\"inLanguage\":\"nl-NL\",\"@id\":\"https:\/\/tollscout.eu\/nl\/#\/schema\/logo\/image\/\",\"url\":\"https:\/\/tollscout.eu\/wp-content\/uploads\/2023\/11\/logo_social_media_1024.png\",\"contentUrl\":\"https:\/\/tollscout.eu\/wp-content\/uploads\/2023\/11\/logo_social_media_1024.png\",\"width\":1024,\"height\":1024,\"caption\":\"TollScout\"},\"image\":{\"@id\":\"https:\/\/tollscout.eu\/nl\/#\/schema\/logo\/image\/\"},\"sameAs\":[\"https:\/\/facebook.com\/tollscout\",\"https:\/\/x.com\/tollscout\",\"https:\/\/instagram.com\/tollscout\"]}]}<\/script>\n<!-- \/ Yoast SEO plugin. -->","yoast_head_json":{"title":"Brenner Toll Online Oostenrijk - Direct geldig","description":"Brenner-tol online Oostenrijk. Koop de digitale routetol voor de Brennersnelweg A13 snel en eenvoudig online. Direct geldig.","robots":{"index":"index","follow":"follow","max-snippet":"max-snippet:-1","max-image-preview":"max-image-preview:large","max-video-preview":"max-video-preview:-1"},"canonical":"https:\/\/tollscout.eu\/nl\/brennertol-oostenrijk\/","og_locale":"nl_NL","og_type":"article","og_title":"Brenner Toll Online Oostenrijk - Direct geldig","og_description":"Brenner-tol online Oostenrijk. Koop de digitale routetol voor de Brennersnelweg A13 snel en eenvoudig online. Direct geldig.","og_url":"https:\/\/tollscout.eu\/nl\/brennertol-oostenrijk\/","og_site_name":"Tollscout\u00ae","article_publisher":"https:\/\/facebook.com\/tollscout","article_modified_time":"2024-07-31T23:55:56+00:00","og_image":[{"url":"https:\/\/tollscout.eu\/wp-content\/uploads\/2023\/08\/logo_color_360x92px.png","type":"","width":"","height":""}],"twitter_card":"summary_large_image","twitter_image":"https:\/\/tollscout.eu\/wp-content\/uploads\/2023\/08\/logo_color_360x92px.png","twitter_site":"@tollscout","twitter_misc":{"Geschatte leestijd":"1 minuut"},"schema":{"@context":"https:\/\/schema.org","@graph":[{"@type":"WebPage","@id":"https:\/\/tollscout.eu\/nl\/brennertol-oostenrijk\/","url":"https:\/\/tollscout.eu\/nl\/brennertol-oostenrijk\/","name":"Brenner Toll Online Oostenrijk - Direct geldig","isPartOf":{"@id":"https:\/\/tollscout.eu\/nl\/#website"},"datePublished":"2023-08-25T10:00:01+00:00","dateModified":"2024-07-31T23:55:56+00:00","description":"Brenner-tol online Oostenrijk. Koop de digitale routetol voor de Brennersnelweg A13 snel en eenvoudig online. Direct geldig.","breadcrumb":{"@id":"https:\/\/tollscout.eu\/nl\/brennertol-oostenrijk\/#breadcrumb"},"inLanguage":"nl-NL","potentialAction":[{"@type":"ReadAction","target":["https:\/\/tollscout.eu\/nl\/brennertol-oostenrijk\/"]}]},{"@type":"BreadcrumbList","@id":"https:\/\/tollscout.eu\/nl\/brennertol-oostenrijk\/#breadcrumb","itemListElement":[{"@type":"ListItem","position":1,"name":"Startseite","item":"https:\/\/tollscout.eu\/nl\/"},{"@type":"ListItem","position":2,"name":"Brennertol Oostenrijk"}]},{"@type":"WebSite","@id":"https:\/\/tollscout.eu\/nl\/#website","url":"https:\/\/tollscout.eu\/nl\/","name":"Tollscout\u00ae","description":"","publisher":{"@id":"https:\/\/tollscout.eu\/nl\/#organization"},"potentialAction":[{"@type":"SearchAction","target":{"@type":"EntryPoint","urlTemplate":"https:\/\/tollscout.eu\/nl\/?s={search_term_string}"},"query-input":{"@type":"PropertyValueSpecification","valueRequired":true,"valueName":"search_term_string"}}],"inLanguage":"nl-NL"},{"@type":"Organization","@id":"https:\/\/tollscout.eu\/nl\/#organization","name":"TollScout","alternateName":"TollScout","url":"https:\/\/tollscout.eu\/nl\/","logo":{"@type":"ImageObject","inLanguage":"nl-NL","@id":"https:\/\/tollscout.eu\/nl\/#\/schema\/logo\/image\/","url":"https:\/\/tollscout.eu\/wp-content\/uploads\/2023\/11\/logo_social_media_1024.png","contentUrl":"https:\/\/tollscout.eu\/wp-content\/uploads\/2023\/11\/logo_social_media_1024.png","width":1024,"height":1024,"caption":"TollScout"},"image":{"@id":"https:\/\/tollscout.eu\/nl\/#\/schema\/logo\/image\/"},"sameAs":["https:\/\/facebook.com\/tollscout","https:\/\/x.com\/tollscout","https:\/\/instagram.com\/tollscout"]}]}},"uagb_featured_image_src":{"full":false,"thumbnail":false,"medium":false,"medium_large":false,"large":false,"1536x1536":false,"2048x2048":false,"gform-image-choice-sm":false,"gform-image-choice-md":false,"gform-image-choice-lg":false},"uagb_author_info":{"display_name":"Tollscout","author_link":"https:\/\/tollscout.eu\/nl\/author\/m-hemm\/"},"uagb_comment_info":0,"uagb_excerpt":"Brenner-tol online Oostenrijk Brenner-tol online Oostenrijk De Brenner-snelweg A 13, onderdeel van de Europese Route 45, strekt zich uit door [&hellip;]","_links":{"self":[{"href":"https:\/\/tollscout.eu\/nl\/wp-json\/wp\/v2\/pages\/6319","targetHints":{"allow":["GET"]}}],"collection":[{"href":"https:\/\/tollscout.eu\/nl\/wp-json\/wp\/v2\/pages"}],"about":[{"href":"https:\/\/tollscout.eu\/nl\/wp-json\/wp\/v2\/types\/page"}],"author":[{"embeddable":true,"href":"https:\/\/tollscout.eu\/nl\/wp-json\/wp\/v2\/users\/2"}],"replies":[{"embeddable":true,"href":"https:\/\/tollscout.eu\/nl\/wp-json\/wp\/v2\/comments?post=6319"}],"version-history":[{"count":5,"href":"https:\/\/tollscout.eu\/nl\/wp-json\/wp\/v2\/pages\/6319\/revisions"}],"predecessor-version":[{"id":9103,"href":"https:\/\/tollscout.eu\/nl\/wp-json\/wp\/v2\/pages\/6319\/revisions\/9103"}],"wp:attachment":[{"href":"https:\/\/tollscout.eu\/nl\/wp-json\/wp\/v2\/media?parent=6319"}],"curies":[{"name":"wp","href":"https:\/\/api.w.org\/{rel}","templated":true}]}}