{"id":6160,"date":"2023-08-25T12:00:01","date_gmt":"2023-08-25T10:00:01","guid":{"rendered":"https:\/\/tollscout.eu\/pedaggio-del-brennero-in-austria\/"},"modified":"2024-08-01T01:55:58","modified_gmt":"2024-07-31T23:55:58","slug":"pedaggio-del-brennero-in-austria","status":"publish","type":"page","link":"https:\/\/tollscout.eu\/it\/pedaggio-del-brennero-in-austria\/","title":{"rendered":"Pedaggio del Brennero in Austria"},"content":{"rendered":"\n<div class=\"wp-block-uagb-container uagb-block-c1e2fce7 alignfull uagb-is-root-container\"><div class=\"uagb-container-inner-blocks-wrap\">\n<div class=\"wp-block-uagb-advanced-heading uagb-block-c767fabd\"><h1 class=\"uagb-heading-text\">Pedaggio del Brennero online Austria<\/h1><\/div>\n<\/div><\/div>\n\n<div class=\"wp-block-uagb-container uagb-block-03d628be alignfull uagb-is-root-container\"><div class=\"uagb-container-inner-blocks-wrap\">\n<div id=\"app\" data-context=\"at\"><\/div>\n<\/div><\/div>\n\n<div class=\"wp-block-uagb-container uagb-block-f356067b alignfull uagb-is-root-container\"><div class=\"uagb-container-inner-blocks-wrap\">\n<div class=\"wp-block-uagb-advanced-heading uagb-block-e02782db\"><h2 class=\"uagb-heading-text\">Pedaggio del Brennero online Austria<\/h2><p class=\"uagb-desc-text\">L&#8217;autostrada del Brennero A 13, parte della strada europea 45, si estende attraverso il Tirolo ed \u00e8 parte integrante dell&#8217;autostrada del Brennero, costruita negli anni &#8217;60 ed \u00e8 considerata una delle prime autostrade di montagna al mondo. \u00c8 il tratto austriaco dell&#8217;autostrada del Brennero. Il 5 aprile 1971 fu ufficialmente aperta al traffico tra Austria e Italia. La A 13 va da Innsbruck (raccordo autostradale Inntal A 12) attraverso la Wipptal fino al Passo del Brennero, che secondo il Trattato di Saint-Germain dal 1920 segna il confine tra Italia e Austria. Il successivo tratto in territorio italiano \u00e8 denominato A 22, Autostrada del Brennero\/Autostrada del Brennero o semplicemente Autobrennero.    <\/p><\/div>\n<\/div><\/div>\n\n<div class=\"wp-block-uagb-container uagb-block-7efd3c31 alignfull uagb-is-root-container\"><div class=\"uagb-container-inner-blocks-wrap\">\n<div class=\"wp-block-uagb-advanced-heading uagb-block-4602874c\"><h2 class=\"uagb-heading-text\">FAQ<\/h2><p class=\"uagb-desc-text\">Qui rispondiamo a tutte le domande sul pedaggio del Brennero in Austria.\u200b<\/p><\/div>\n\n\n<div class=\"wp-block-uagb-faq uagb-faq__outer-wrap uagb-block-4fe496d4 uagb-faq-icon-row-reverse uagb-faq-layout-accordion uagb-faq-expand-first-false uagb-faq-inactive-other-true uagb-faq__wrap uagb-buttons-layout-wrap uagb-faq-equal-height     \" data-faqtoggle=\"true\" role=\"tablist\"><div class=\"wp-block-uagb-faq-child uagb-faq-child__outer-wrap uagb-faq-item uagb-block-1a70522e \" role=\"tab\" tabindex=\"0\"><div class=\"uagb-faq-questions-button uagb-faq-questions\">\t\t\t<span class=\"uagb-icon uagb-faq-icon-wrap\">\n\t\t\t\t\t\t\t<\/span>\n\t\t\t\t\t\t<span class=\"uagb-icon-active uagb-faq-icon-wrap\">\n\t\t\t\t\t\t\t\t<svg xmlns=\"https:\/\/www.w3.org\/2000\/svg\" viewBox= \"0 0 320 512\"><path d=\"M9.39 265.4l127.1-128C143.6 131.1 151.8 128 160 128s16.38 3.125 22.63 9.375l127.1 128c9.156 9.156 11.9 22.91 6.943 34.88S300.9 320 287.1 320H32.01c-12.94 0-24.62-7.781-29.58-19.75S.2333 274.5 9.39 265.4z\"><\/path><\/svg>\n\t\t\t\t\t\t\t<\/span>\n\t\t\t<h3 class=\"uagb-question\">Quanto costa il pedaggio del Brennero in Austria? <\/h3><\/div><div class=\"uagb-faq-content\"><p>I pedaggi per l&#8217;autostrada del Brennero (A13) possono variare a seconda del tipo di veicolo, del periodo dell&#8217;anno e della tratta. Si consiglia di verificare le tariffe in vigore sul sito ufficiale dell&#8217;operatore o presso i caselli autostradali, poich\u00e9 sono soggette a modifiche. Le tariffe vengono generalmente calcolate in base al chilometraggio e alla categoria del veicolo, con prezzi diversi applicati ad auto, camper, camion e autobus. Per pagare il pedaggio sull&#8217;autostrada del Brennero \u00e8 anche possibile utilizzare diverse modalit\u00e0 di pagamento come contanti o sistemi di pedaggio elettronici.   <\/p><\/div><\/div><div class=\"wp-block-uagb-faq-child uagb-faq-child__outer-wrap uagb-faq-item uagb-block-bd4b64b2 \" role=\"tab\" tabindex=\"0\"><div class=\"uagb-faq-questions-button uagb-faq-questions\">\t\t\t<span class=\"uagb-icon uagb-faq-icon-wrap\">\n\t\t\t\t\t\t\t<\/span>\n\t\t\t\t\t\t<span class=\"uagb-icon-active uagb-faq-icon-wrap\">\n\t\t\t\t\t\t\t\t<svg xmlns=\"https:\/\/www.w3.org\/2000\/svg\" viewBox= \"0 0 320 512\"><path d=\"M9.39 265.4l127.1-128C143.6 131.1 151.8 128 160 128s16.38 3.125 22.63 9.375l127.1 128c9.156 9.156 11.9 22.91 6.943 34.88S300.9 320 287.1 320H32.01c-12.94 0-24.62-7.781-29.58-19.75S.2333 274.5 9.39 265.4z\"><\/path><\/svg>\n\t\t\t\t\t\t\t<\/span>\n\t\t\t<h3 class=\"uagb-question\">Come si paga il pedaggio al Brennero? <\/h3><\/div><div class=\"uagb-faq-content\"><p>Il pedaggio digitale per la parte austriaca dell&#8217;autostrada del Brennero A13 pu\u00f2 essere acquistato sia online da noi che offline presso i caselli e i distributori di benzina. Non \u00e8 possibile effettuare acquisti online per il tratto italiano dell&#8217;Autostrada A22 del Brennero. Questo perch\u00e9 Austria e Italia hanno sistemi di pedaggio diversi. Per questo motivo il pedaggio dovr\u00e0 essere pagato al casello autostradale.   <\/p><\/div><\/div><div class=\"wp-block-uagb-faq-child uagb-faq-child__outer-wrap uagb-faq-item uagb-block-49ae175a \" role=\"tab\" tabindex=\"0\"><div class=\"uagb-faq-questions-button uagb-faq-questions\">\t\t\t<span class=\"uagb-icon uagb-faq-icon-wrap\">\n\t\t\t\t\t\t\t<\/span>\n\t\t\t\t\t\t<span class=\"uagb-icon-active uagb-faq-icon-wrap\">\n\t\t\t\t\t\t\t\t<svg xmlns=\"https:\/\/www.w3.org\/2000\/svg\" viewBox= \"0 0 320 512\"><path d=\"M9.39 265.4l127.1-128C143.6 131.1 151.8 128 160 128s16.38 3.125 22.63 9.375l127.1 128c9.156 9.156 11.9 22.91 6.943 34.88S300.9 320 287.1 320H32.01c-12.94 0-24.62-7.781-29.58-19.75S.2333 274.5 9.39 265.4z\"><\/path><\/svg>\n\t\t\t\t\t\t\t<\/span>\n\t\t\t<h3 class=\"uagb-question\">Dove si paga il pedaggio del Brennero?<\/h3><\/div><div class=\"uagb-faq-content\"><p>Il pedaggio sul tratto italiano dell&#8217;Autostrada del Brennero, <a href=\"https:\/\/de.wikipedia.org\/wiki\/Autostrada_A22\">l&#8217;Autostrada A22<\/a>, viene pagato presso i caselli ubicati lungo l&#8217;autostrada. I conducenti sono tenuti a pagare una tariffa in queste stazioni per poter utilizzare l&#8217;autostrada. Non \u00e8 possibile pagare online o pagare anticipatamente il pedaggio. Il pedaggio per <a href=\"https:\/\/de.wikipedia.org\/wiki\/Brenner_Autobahn\">la parte austriaca dell&#8217;autostrada del Brennero A13<\/a> pu\u00f2 essere acquistato sia offline che online nel nostro negozio online.<\/p><\/div><\/div><div class=\"wp-block-uagb-faq-child uagb-faq-child__outer-wrap uagb-faq-item uagb-block-c7b6f203 \" role=\"tab\" tabindex=\"0\"><div class=\"uagb-faq-questions-button uagb-faq-questions\">\t\t\t<span class=\"uagb-icon uagb-faq-icon-wrap\">\n\t\t\t\t\t\t\t<\/span>\n\t\t\t\t\t\t<span class=\"uagb-icon-active uagb-faq-icon-wrap\">\n\t\t\t\t\t\t\t\t<svg xmlns=\"https:\/\/www.w3.org\/2000\/svg\" viewBox= \"0 0 320 512\"><path d=\"M9.39 265.4l127.1-128C143.6 131.1 151.8 128 160 128s16.38 3.125 22.63 9.375l127.1 128c9.156 9.156 11.9 22.91 6.943 34.88S300.9 320 287.1 320H32.01c-12.94 0-24.62-7.781-29.58-19.75S.2333 274.5 9.39 265.4z\"><\/path><\/svg>\n\t\t\t\t\t\t\t<\/span>\n\t\t\t<h3 class=\"uagb-question\">Di quale vignetta o pedaggio ho bisogno per il Brennero?<\/h3><\/div><div class=\"uagb-faq-content\"><p>Quali vignette e\/o pedaggi sono necessari per il Brennero dipende dalla partenza e dalla destinazione. A seconda dell&#8217;angolo d&#8217;Europa che si desidera raggiungere dopo il Brennero, le vignette necessarie e i pedaggi stradali differiscono. Nel nostro negozio online potete acquistare le <a href=\"https:\/\/tollscout.eu\/digitale-vignette-oestehttps:\/\/tollscout.eu\/digitale-vignette-oesterreich-online\/rreich-online\/\">vignette per Austria<\/a>, Slovenia, Svizzera, Romania, Bulgaria, Slovacchia, Ungheria e Repubblica Ceca. Da noi sono disponibili anche i pedaggi stradali per l&#8217;Austria.    <\/p><\/div><\/div><div class=\"wp-block-uagb-faq-child uagb-faq-child__outer-wrap uagb-faq-item uagb-block-66a7673f \" role=\"tab\" tabindex=\"0\"><div class=\"uagb-faq-questions-button uagb-faq-questions\">\t\t\t<span class=\"uagb-icon uagb-faq-icon-wrap\">\n\t\t\t\t\t\t\t<\/span>\n\t\t\t\t\t\t<span class=\"uagb-icon-active uagb-faq-icon-wrap\">\n\t\t\t\t\t\t\t\t<svg xmlns=\"https:\/\/www.w3.org\/2000\/svg\" viewBox= \"0 0 320 512\"><path d=\"M9.39 265.4l127.1-128C143.6 131.1 151.8 128 160 128s16.38 3.125 22.63 9.375l127.1 128c9.156 9.156 11.9 22.91 6.943 34.88S300.9 320 287.1 320H32.01c-12.94 0-24.62-7.781-29.58-19.75S.2333 274.5 9.39 265.4z\"><\/path><\/svg>\n\t\t\t\t\t\t\t<\/span>\n\t\t\t<h3 class=\"uagb-question\">Quanto costa il pedaggio del Brennero a Bolzano?<\/h3><\/div><div class=\"uagb-faq-content\"><p>Non si pu\u00f2 dire in termini generali quale sar\u00e0 il pedaggio dal Brennero a Bolzano, perch\u00e9 dipende da dove si viene. Chi guida dalla Germania o dall&#8217;Austria attraverso il Brennero in direzione Bolzano, di solito dovr\u00e0 pagare una vignetta austriaca e i pedaggi per la parte austriaca dell&#8217;autostrada del Brennero A13 e per l&#8217;autostrada italiana del Brennero A22.  <\/p><\/div><\/div><div class=\"wp-block-uagb-faq-child uagb-faq-child__outer-wrap uagb-faq-item uagb-block-fe87bb9c \" role=\"tab\" tabindex=\"0\"><div class=\"uagb-faq-questions-button uagb-faq-questions\">\t\t\t<span class=\"uagb-icon uagb-faq-icon-wrap\">\n\t\t\t\t\t\t\t<\/span>\n\t\t\t\t\t\t<span class=\"uagb-icon-active uagb-faq-icon-wrap\">\n\t\t\t\t\t\t\t\t<svg xmlns=\"https:\/\/www.w3.org\/2000\/svg\" viewBox= \"0 0 320 512\"><path d=\"M9.39 265.4l127.1-128C143.6 131.1 151.8 128 160 128s16.38 3.125 22.63 9.375l127.1 128c9.156 9.156 11.9 22.91 6.943 34.88S300.9 320 287.1 320H32.01c-12.94 0-24.62-7.781-29.58-19.75S.2333 274.5 9.39 265.4z\"><\/path><\/svg>\n\t\t\t\t\t\t\t<\/span>\n\t\t\t<h3 class=\"uagb-question\">Quanto si paga il pedaggio al Lago di Garda?<\/h3><\/div><div class=\"uagb-faq-content\"><p>Per quanto riguarda il pedaggio dal Brennero al Lago di Garda non esiste una risposta generale perch\u00e9 dipende dalla direzione da cui si proviene. Se guidi dalla Germania o dall&#8217;Austria attraverso il Brennero in direzione del Lago di Garda, di solito dovrai pagare una vignetta austriaca e i pedaggi per la parte austriaca dell&#8217;autostrada del Brennero A13 e dell&#8217;autostrada italiana del Brennero A22. <\/p><\/div><\/div><\/div><\/div><\/div>\n","protected":false},"excerpt":{"rendered":"<p>Pedaggio del Brennero online Austria Pedaggio del Brennero online Austria L&#8217;autostrada del Brennero A 13, parte della strada europea 45, [&hellip;]<\/p>\n","protected":false},"author":2,"featured_media":0,"parent":0,"menu_order":0,"comment_status":"closed","ping_status":"closed","template":"","meta":{"_uag_custom_page_level_css":"","site-sidebar-layout":"no-sidebar","site-content-layout":"","ast-site-content-layout":"normal-width-container","site-content-style":"unboxed","site-sidebar-style":"unboxed","ast-global-header-display":"","ast-banner-title-visibility":"","ast-main-header-display":"","ast-hfb-above-header-display":"","ast-hfb-below-header-display":"","ast-hfb-mobile-header-display":"","site-post-title":"disabled","ast-breadcrumbs-content":"","ast-featured-img":"","footer-sml-layout":"","ast-disable-related-posts":"","theme-transparent-header-meta":"enabled","adv-header-id-meta":"","stick-header-meta":"","header-above-stick-meta":"","header-main-stick-meta":"","header-below-stick-meta":"","astra-migrate-meta-layouts":"default","ast-page-background-enabled":"default","ast-page-background-meta":{"desktop":{"background-color":"var(--ast-global-color-5)","background-image":"","background-repeat":"repeat","background-position":"center center","background-size":"auto","background-attachment":"scroll","background-type":"","background-media":"","overlay-type":"","overlay-color":"","overlay-opacity":"","overlay-gradient":""},"tablet":{"background-color":"","background-image":"","background-repeat":"repeat","background-position":"center center","background-size":"auto","background-attachment":"scroll","background-type":"","background-media":"","overlay-type":"","overlay-color":"","overlay-opacity":"","overlay-gradient":""},"mobile":{"background-color":"","background-image":"","background-repeat":"repeat","background-position":"center center","background-size":"auto","background-attachment":"scroll","background-type":"","background-media":"","overlay-type":"","overlay-color":"","overlay-opacity":"","overlay-gradient":""}},"ast-content-background-meta":{"desktop":{"background-color":"var(--ast-global-color-4)","background-image":"","background-repeat":"repeat","background-position":"center center","background-size":"auto","background-attachment":"scroll","background-type":"","background-media":"","overlay-type":"","overlay-color":"","overlay-opacity":"","overlay-gradient":""},"tablet":{"background-color":"var(--ast-global-color-4)","background-image":"","background-repeat":"repeat","background-position":"center center","background-size":"auto","background-attachment":"scroll","background-type":"","background-media":"","overlay-type":"","overlay-color":"","overlay-opacity":"","overlay-gradient":""},"mobile":{"background-color":"var(--ast-global-color-4)","background-image":"","background-repeat":"repeat","background-position":"center center","background-size":"auto","background-attachment":"scroll","background-type":"","background-media":"","overlay-type":"","overlay-color":"","overlay-opacity":"","overlay-gradient":""}},"footnotes":""},"class_list":["post-6160","page","type-page","status-publish","hentry"],"yoast_head":"<!-- This site is optimized with the Yoast SEO plugin v27.1.1 - https:\/\/yoast.com\/product\/yoast-seo-wordpress\/ -->\n<title>Pedaggio Brennero Online Austria - Valido immediatamente<\/title>\n<meta name=\"description\" content=\"Pedaggio del Brennero online Austria. Acquista online in modo semplice e veloce il pedaggio digitale dell&#039;Autostrada del Brennero A13. Valido immediatamente.\" \/>\n<meta name=\"robots\" content=\"index, follow, max-snippet:-1, max-image-preview:large, max-video-preview:-1\" \/>\n<link rel=\"canonical\" href=\"https:\/\/tollscout.eu\/it\/pedaggio-del-brennero-in-austria\/\" \/>\n<meta property=\"og:locale\" content=\"it_IT\" \/>\n<meta property=\"og:type\" content=\"article\" \/>\n<meta property=\"og:title\" content=\"Pedaggio Brennero Online Austria - Valido immediatamente\" \/>\n<meta property=\"og:description\" content=\"Pedaggio del Brennero online Austria. Acquista online in modo semplice e veloce il pedaggio digitale dell&#039;Autostrada del Brennero A13. Valido immediatamente.\" \/>\n<meta property=\"og:url\" content=\"https:\/\/tollscout.eu\/it\/pedaggio-del-brennero-in-austria\/\" \/>\n<meta property=\"og:site_name\" content=\"Tollscout\u00ae\" \/>\n<meta property=\"article:publisher\" content=\"https:\/\/facebook.com\/tollscout\" \/>\n<meta property=\"article:modified_time\" content=\"2024-07-31T23:55:58+00:00\" \/>\n<meta property=\"og:image\" content=\"https:\/\/tollscout.eu\/wp-content\/uploads\/2023\/08\/logo_color_360x92px.png\" \/>\n<meta name=\"twitter:card\" content=\"summary_large_image\" \/>\n<meta name=\"twitter:image\" content=\"https:\/\/tollscout.eu\/wp-content\/uploads\/2023\/08\/logo_color_360x92px.png\" \/>\n<meta name=\"twitter:site\" content=\"@tollscout\" \/>\n<meta name=\"twitter:label1\" content=\"Tempo di lettura stimato\" \/>\n\t<meta name=\"twitter:data1\" content=\"1 minuto\" \/>\n<script type=\"application\/ld+json\" class=\"yoast-schema-graph\">{\"@context\":\"https:\/\/schema.org\",\"@graph\":[{\"@type\":\"WebPage\",\"@id\":\"https:\/\/tollscout.eu\/it\/pedaggio-del-brennero-in-austria\/\",\"url\":\"https:\/\/tollscout.eu\/it\/pedaggio-del-brennero-in-austria\/\",\"name\":\"Pedaggio Brennero Online Austria - Valido immediatamente\",\"isPartOf\":{\"@id\":\"https:\/\/tollscout.eu\/it\/#website\"},\"datePublished\":\"2023-08-25T10:00:01+00:00\",\"dateModified\":\"2024-07-31T23:55:58+00:00\",\"description\":\"Pedaggio del Brennero online Austria. Acquista online in modo semplice e veloce il pedaggio digitale dell'Autostrada del Brennero A13. Valido immediatamente.\",\"breadcrumb\":{\"@id\":\"https:\/\/tollscout.eu\/it\/pedaggio-del-brennero-in-austria\/#breadcrumb\"},\"inLanguage\":\"it-IT\",\"potentialAction\":[{\"@type\":\"ReadAction\",\"target\":[\"https:\/\/tollscout.eu\/it\/pedaggio-del-brennero-in-austria\/\"]}]},{\"@type\":\"BreadcrumbList\",\"@id\":\"https:\/\/tollscout.eu\/it\/pedaggio-del-brennero-in-austria\/#breadcrumb\",\"itemListElement\":[{\"@type\":\"ListItem\",\"position\":1,\"name\":\"Startseite\",\"item\":\"https:\/\/tollscout.eu\/it\/\"},{\"@type\":\"ListItem\",\"position\":2,\"name\":\"Pedaggio del Brennero in Austria\"}]},{\"@type\":\"WebSite\",\"@id\":\"https:\/\/tollscout.eu\/it\/#website\",\"url\":\"https:\/\/tollscout.eu\/it\/\",\"name\":\"Tollscout\u00ae\",\"description\":\"\",\"publisher\":{\"@id\":\"https:\/\/tollscout.eu\/it\/#organization\"},\"potentialAction\":[{\"@type\":\"SearchAction\",\"target\":{\"@type\":\"EntryPoint\",\"urlTemplate\":\"https:\/\/tollscout.eu\/it\/?s={search_term_string}\"},\"query-input\":{\"@type\":\"PropertyValueSpecification\",\"valueRequired\":true,\"valueName\":\"search_term_string\"}}],\"inLanguage\":\"it-IT\"},{\"@type\":\"Organization\",\"@id\":\"https:\/\/tollscout.eu\/it\/#organization\",\"name\":\"TollScout\",\"alternateName\":\"TollScout\",\"url\":\"https:\/\/tollscout.eu\/it\/\",\"logo\":{\"@type\":\"ImageObject\",\"inLanguage\":\"it-IT\",\"@id\":\"https:\/\/tollscout.eu\/it\/#\/schema\/logo\/image\/\",\"url\":\"https:\/\/tollscout.eu\/wp-content\/uploads\/2023\/11\/logo_social_media_1024.png\",\"contentUrl\":\"https:\/\/tollscout.eu\/wp-content\/uploads\/2023\/11\/logo_social_media_1024.png\",\"width\":1024,\"height\":1024,\"caption\":\"TollScout\"},\"image\":{\"@id\":\"https:\/\/tollscout.eu\/it\/#\/schema\/logo\/image\/\"},\"sameAs\":[\"https:\/\/facebook.com\/tollscout\",\"https:\/\/x.com\/tollscout\",\"https:\/\/instagram.com\/tollscout\"]}]}<\/script>\n<!-- \/ Yoast SEO plugin. -->","yoast_head_json":{"title":"Pedaggio Brennero Online Austria - Valido immediatamente","description":"Pedaggio del Brennero online Austria. Acquista online in modo semplice e veloce il pedaggio digitale dell'Autostrada del Brennero A13. Valido immediatamente.","robots":{"index":"index","follow":"follow","max-snippet":"max-snippet:-1","max-image-preview":"max-image-preview:large","max-video-preview":"max-video-preview:-1"},"canonical":"https:\/\/tollscout.eu\/it\/pedaggio-del-brennero-in-austria\/","og_locale":"it_IT","og_type":"article","og_title":"Pedaggio Brennero Online Austria - Valido immediatamente","og_description":"Pedaggio del Brennero online Austria. Acquista online in modo semplice e veloce il pedaggio digitale dell'Autostrada del Brennero A13. Valido immediatamente.","og_url":"https:\/\/tollscout.eu\/it\/pedaggio-del-brennero-in-austria\/","og_site_name":"Tollscout\u00ae","article_publisher":"https:\/\/facebook.com\/tollscout","article_modified_time":"2024-07-31T23:55:58+00:00","og_image":[{"url":"https:\/\/tollscout.eu\/wp-content\/uploads\/2023\/08\/logo_color_360x92px.png","type":"","width":"","height":""}],"twitter_card":"summary_large_image","twitter_image":"https:\/\/tollscout.eu\/wp-content\/uploads\/2023\/08\/logo_color_360x92px.png","twitter_site":"@tollscout","twitter_misc":{"Tempo di lettura stimato":"1 minuto"},"schema":{"@context":"https:\/\/schema.org","@graph":[{"@type":"WebPage","@id":"https:\/\/tollscout.eu\/it\/pedaggio-del-brennero-in-austria\/","url":"https:\/\/tollscout.eu\/it\/pedaggio-del-brennero-in-austria\/","name":"Pedaggio Brennero Online Austria - Valido immediatamente","isPartOf":{"@id":"https:\/\/tollscout.eu\/it\/#website"},"datePublished":"2023-08-25T10:00:01+00:00","dateModified":"2024-07-31T23:55:58+00:00","description":"Pedaggio del Brennero online Austria. Acquista online in modo semplice e veloce il pedaggio digitale dell'Autostrada del Brennero A13. Valido immediatamente.","breadcrumb":{"@id":"https:\/\/tollscout.eu\/it\/pedaggio-del-brennero-in-austria\/#breadcrumb"},"inLanguage":"it-IT","potentialAction":[{"@type":"ReadAction","target":["https:\/\/tollscout.eu\/it\/pedaggio-del-brennero-in-austria\/"]}]},{"@type":"BreadcrumbList","@id":"https:\/\/tollscout.eu\/it\/pedaggio-del-brennero-in-austria\/#breadcrumb","itemListElement":[{"@type":"ListItem","position":1,"name":"Startseite","item":"https:\/\/tollscout.eu\/it\/"},{"@type":"ListItem","position":2,"name":"Pedaggio del Brennero in Austria"}]},{"@type":"WebSite","@id":"https:\/\/tollscout.eu\/it\/#website","url":"https:\/\/tollscout.eu\/it\/","name":"Tollscout\u00ae","description":"","publisher":{"@id":"https:\/\/tollscout.eu\/it\/#organization"},"potentialAction":[{"@type":"SearchAction","target":{"@type":"EntryPoint","urlTemplate":"https:\/\/tollscout.eu\/it\/?s={search_term_string}"},"query-input":{"@type":"PropertyValueSpecification","valueRequired":true,"valueName":"search_term_string"}}],"inLanguage":"it-IT"},{"@type":"Organization","@id":"https:\/\/tollscout.eu\/it\/#organization","name":"TollScout","alternateName":"TollScout","url":"https:\/\/tollscout.eu\/it\/","logo":{"@type":"ImageObject","inLanguage":"it-IT","@id":"https:\/\/tollscout.eu\/it\/#\/schema\/logo\/image\/","url":"https:\/\/tollscout.eu\/wp-content\/uploads\/2023\/11\/logo_social_media_1024.png","contentUrl":"https:\/\/tollscout.eu\/wp-content\/uploads\/2023\/11\/logo_social_media_1024.png","width":1024,"height":1024,"caption":"TollScout"},"image":{"@id":"https:\/\/tollscout.eu\/it\/#\/schema\/logo\/image\/"},"sameAs":["https:\/\/facebook.com\/tollscout","https:\/\/x.com\/tollscout","https:\/\/instagram.com\/tollscout"]}]}},"uagb_featured_image_src":{"full":false,"thumbnail":false,"medium":false,"medium_large":false,"large":false,"1536x1536":false,"2048x2048":false,"gform-image-choice-sm":false,"gform-image-choice-md":false,"gform-image-choice-lg":false},"uagb_author_info":{"display_name":"Tollscout","author_link":"https:\/\/tollscout.eu\/it\/author\/m-hemm\/"},"uagb_comment_info":0,"uagb_excerpt":"Pedaggio del Brennero online Austria Pedaggio del Brennero online Austria L&#8217;autostrada del Brennero A 13, parte della strada europea 45, [&hellip;]","_links":{"self":[{"href":"https:\/\/tollscout.eu\/it\/wp-json\/wp\/v2\/pages\/6160","targetHints":{"allow":["GET"]}}],"collection":[{"href":"https:\/\/tollscout.eu\/it\/wp-json\/wp\/v2\/pages"}],"about":[{"href":"https:\/\/tollscout.eu\/it\/wp-json\/wp\/v2\/types\/page"}],"author":[{"embeddable":true,"href":"https:\/\/tollscout.eu\/it\/wp-json\/wp\/v2\/users\/2"}],"replies":[{"embeddable":true,"href":"https:\/\/tollscout.eu\/it\/wp-json\/wp\/v2\/comments?post=6160"}],"version-history":[{"count":3,"href":"https:\/\/tollscout.eu\/it\/wp-json\/wp\/v2\/pages\/6160\/revisions"}],"predecessor-version":[{"id":9105,"href":"https:\/\/tollscout.eu\/it\/wp-json\/wp\/v2\/pages\/6160\/revisions\/9105"}],"wp:attachment":[{"href":"https:\/\/tollscout.eu\/it\/wp-json\/wp\/v2\/media?parent=6160"}],"curies":[{"name":"wp","href":"https:\/\/api.w.org\/{rel}","templated":true}]}}