{"id":10234,"date":"2025-06-16T15:36:22","date_gmt":"2025-06-16T13:36:22","guid":{"rendered":"https:\/\/tollscout.eu\/dispositivo-di-telepedaggio-di-tollscout\/"},"modified":"2025-06-16T17:35:56","modified_gmt":"2025-06-16T15:35:56","slug":"dispositivo-di-telepedaggio-di-tollscout","status":"publish","type":"page","link":"https:\/\/tollscout.eu\/it\/dispositivo-di-telepedaggio-di-tollscout\/","title":{"rendered":"Dispositivo di Telepedaggio di tollscout"},"content":{"rendered":"\n<div class=\"wp-block-uagb-container uagb-block-c1e2fce7 alignfull uagb-is-root-container\"><div class=\"uagb-container-inner-blocks-wrap\">\n<div class=\"wp-block-uagb-advanced-heading uagb-block-c767fabd\"><h1 class=\"uagb-heading-text\">Dispositivo di Telepedaggio di tollscout<strong>\u00ae<\/strong><\/h1><\/div>\n<\/div><\/div>\n\n<div class=\"wp-block-uagb-container uagb-block-f356067b alignfull uagb-is-root-container\"><div class=\"uagb-container-inner-blocks-wrap\">\n<div class=\"wp-block-uagb-advanced-heading uagb-block-e02782db\"><h2 class=\"uagb-heading-text\">Il dispositivo per il pedaggio di tollscout<strong>\u00ae<\/strong> sar\u00e0 disponibile nel 2025<\/h2><p class=\"uagb-desc-text\">Il nuovo box per il pedaggio tollscout\u00ae sar\u00e0 lanciato nel 2025: il compagno perfetto per la massima comodit\u00e0 nei viaggi in Italia, Spagna, Portogallo, Francia e Croazia. Sperimenta il pagamento del pedaggio in modo semplice e automatico, senza stress n\u00e9 tempi di attesa. Approfitta dei migliori prezzi, della spedizione espressa e del nostro supporto premium, che ti offre assistenza personalizzata in ogni momento. Con il box per il pedaggio tollscout\u00ae, pagare il pedaggio diventa un gioco da ragazzi: rilassato, veloce e affidabile.    <\/p><\/div>\n\n\n\n<div class=\"wp-block-uagb-advanced-heading uagb-block-d7a60986\"><h3 class=\"uagb-heading-text\">Non perderti l&#8217;inizio e iscriviti alla nostra newsletter.<\/h3><\/div>\n\n\n\n<div id=\"app\" data-context=\"newsletterSignup\"><\/div>\n<\/div><\/div>\n\n<div class=\"wp-block-uagb-container uagb-block-7efd3c31 alignfull uagb-is-root-container\"><div class=\"uagb-container-inner-blocks-wrap\">\n<div class=\"wp-block-uagb-advanced-heading uagb-block-4602874c\"><h2 class=\"uagb-heading-text\">FAQ<\/h2><p class=\"uagb-desc-text\">Qui troverai le risposte pi\u00f9 importanti sul box pedaggio tollscout\u00ae: dalla semplicit\u00e0 di ordinazione alla copertura nazionale, dai vantaggi alla nostra assistenza premium. Scopri come viaggiare comodamente e velocemente in Italia, Spagna, Portogallo, Francia e Croazia con il box pedaggio, senza fermate intermedie e con la migliore assistenza. Dai un&#8217;occhiata e inizia il tuo prossimo viaggio in tutta tranquillit\u00e0!   <\/p><\/div>\n\n\n<div class=\"wp-block-uagb-faq uagb-faq__outer-wrap uagb-block-4fe496d4 uagb-faq-icon-row-reverse uagb-faq-layout-accordion uagb-faq-expand-first-false uagb-faq-inactive-other-true uagb-faq__wrap uagb-buttons-layout-wrap uagb-faq-equal-height     \" data-faqtoggle=\"true\" role=\"tablist\"><div class=\"wp-block-uagb-faq-child uagb-faq-child__outer-wrap uagb-faq-item uagb-block-1a70522e \" role=\"tab\" tabindex=\"0\"><div class=\"uagb-faq-questions-button uagb-faq-questions\">\t\t\t<span class=\"uagb-icon uagb-faq-icon-wrap\">\n\t\t\t\t\t\t\t<\/span>\n\t\t\t\t\t\t<span class=\"uagb-icon-active uagb-faq-icon-wrap\">\n\t\t\t\t\t\t\t\t<svg xmlns=\"https:\/\/www.w3.org\/2000\/svg\" viewBox= \"0 0 320 512\"><path d=\"M9.39 265.4l127.1-128C143.6 131.1 151.8 128 160 128s16.38 3.125 22.63 9.375l127.1 128c9.156 9.156 11.9 22.91 6.943 34.88S300.9 320 287.1 320H32.01c-12.94 0-24.62-7.781-29.58-19.75S.2333 274.5 9.39 265.4z\"><\/path><\/svg>\n\t\t\t\t\t\t\t<\/span>\n\t\t\t<span class=\"uagb-question\">Cos&#8217;\u00e8 un dispositivo a pedaggio?<\/span><\/div><div class=\"uagb-faq-content\"><p>Un box di pedaggio \u00e8 un dispositivo elettronico installato a bordo di un veicolo che registra e addebita automaticamente i pedaggi. Non appena il veicolo entra in una strada o autostrada a pedaggio, il box comunica in modalit\u00e0 wireless con il sistema di riscossione del rispettivo Paese. Il pedaggio viene registrato automaticamente e successivamente addebitato sul metodo di pagamento registrato. Il conducente non deve fermarsi, ritirare il biglietto o avere contanti a portata di mano. I box di pedaggio sono particolarmente utili quando si viaggia attraverso pi\u00f9 Paesi, poich\u00e9 possono funzionare anche oltre confine a seconda del fornitore. Sono utilizzati principalmente in Paesi come Francia, Italia, Spagna, Portogallo, Austria e Croazia.      <\/p><\/div><\/div><div class=\"wp-block-uagb-faq-child uagb-faq-child__outer-wrap uagb-faq-item uagb-block-bd4b64b2 \" role=\"tab\" tabindex=\"0\"><div class=\"uagb-faq-questions-button uagb-faq-questions\">\t\t\t<span class=\"uagb-icon uagb-faq-icon-wrap\">\n\t\t\t\t\t\t\t<\/span>\n\t\t\t\t\t\t<span class=\"uagb-icon-active uagb-faq-icon-wrap\">\n\t\t\t\t\t\t\t\t<svg xmlns=\"https:\/\/www.w3.org\/2000\/svg\" viewBox= \"0 0 320 512\"><path d=\"M9.39 265.4l127.1-128C143.6 131.1 151.8 128 160 128s16.38 3.125 22.63 9.375l127.1 128c9.156 9.156 11.9 22.91 6.943 34.88S300.9 320 287.1 320H32.01c-12.94 0-24.62-7.781-29.58-19.75S.2333 274.5 9.39 265.4z\"><\/path><\/svg>\n\t\t\t\t\t\t\t<\/span>\n\t\t\t<span class=\"uagb-question\">Come funziona un box per il pedaggio?<\/span><\/div><div class=\"uagb-faq-content\"><p>Un casello autostradale rileva automaticamente l&#8217;ingresso di un veicolo in una strada, un ponte o una galleria a pedaggio, attivando cos\u00ec il relativo pedaggio. \u00c8 installato a bordo del veicolo, solitamente dietro il parabrezza, e comunica con i sistemi di pedaggio del rispettivo Paese. La riscossione avviene senza contatto, senza che il conducente debba fermarsi o pagare manualmente. A seconda del Paese e del sistema di pedaggio, vengono utilizzati diversi metodi tecnici, principalmente DSRC e GNSS.<br>Con il sistema <strong>DSRC (Dedicated Short-Range Communication)<\/strong>, il casello autostradale comunica in modalit\u00e0 wireless con un trasmettitore presso il casello. Non appena il veicolo attraversa il casello, il sistema riconosce il casello, registra il passaggio e assegna il pedaggio all&#8217;account dell&#8217;utente. Questo sistema \u00e8 utilizzato, ad esempio, in Francia, Italia e Spagna. \u00c8 particolarmente adatto per percorsi con caselli fissi.<br>Con il sistema <strong>GNSS (Global Navigation Satellite System)<\/strong>, la riscossione del pedaggio \u00e8 satellitare. Il casello autostradale utilizza il GPS per determinare la distanza percorsa e trasmette regolarmente i dati all&#8217;operatore. Questo sistema \u00e8 utilizzato principalmente in paesi come Germania e Austria per camion e veicoli di grandi dimensioni, dove il pedaggio viene riscosso in base al percorso e non in un luogo fisso.         <\/p><\/div><\/div><div class=\"wp-block-uagb-faq-child uagb-faq-child__outer-wrap uagb-faq-item uagb-block-2885a5f3 \" role=\"tab\" tabindex=\"0\"><div class=\"uagb-faq-questions-button uagb-faq-questions\">\t\t\t<span class=\"uagb-icon uagb-faq-icon-wrap\">\n\t\t\t\t\t\t\t<\/span>\n\t\t\t\t\t\t<span class=\"uagb-icon-active uagb-faq-icon-wrap\">\n\t\t\t\t\t\t\t\t<svg xmlns=\"https:\/\/www.w3.org\/2000\/svg\" viewBox= \"0 0 320 512\"><path d=\"M9.39 265.4l127.1-128C143.6 131.1 151.8 128 160 128s16.38 3.125 22.63 9.375l127.1 128c9.156 9.156 11.9 22.91 6.943 34.88S300.9 320 287.1 320H32.01c-12.94 0-24.62-7.781-29.58-19.75S.2333 274.5 9.39 265.4z\"><\/path><\/svg>\n\t\t\t\t\t\t\t<\/span>\n\t\t\t<span class=\"uagb-question\">Ci sono diversi dispositivi autostradali?<\/span><\/div><div class=\"uagb-faq-content\"><p>S\u00ec, esistono diversi box di pedaggio che variano a seconda del tipo di veicolo, del Paese di utilizzo e dell&#8217;equipaggiamento tecnico. I box di pedaggio standard sono generalmente utilizzati per auto e camper di altezza inferiore a 3 metri e sono validi in diversi Paesi, come Francia, Italia, Spagna, Portogallo e Croazia. I veicoli pi\u00f9 grandi, come i camper di altezza superiore a 3 metri o i camion, richiedono box speciali che offrono funzioni aggiuntive, come l&#8217;inserimento manuale del numero di assi per un calcolo corretto del pedaggio, ad esempio in Austria. Esistono anche differenze tecnologiche: alcuni sistemi funzionano con la <strong>tecnologia radio (DSRC)<\/strong>, mentre altri utilizzano il <strong>posizionamento satellitare (GNSS)<\/strong>, soprattutto per i camion. Anche la copertura nazionale varia a seconda del fornitore. Alcuni box di pedaggio sono validi solo a livello nazionale, mentre altri sono validi oltre confine.      <\/p><\/div><\/div><div class=\"wp-block-uagb-faq-child uagb-faq-child__outer-wrap uagb-faq-item uagb-block-49ae175a \" role=\"tab\" tabindex=\"0\"><div class=\"uagb-faq-questions-button uagb-faq-questions\">\t\t\t<span class=\"uagb-icon uagb-faq-icon-wrap\">\n\t\t\t\t\t\t\t<\/span>\n\t\t\t\t\t\t<span class=\"uagb-icon-active uagb-faq-icon-wrap\">\n\t\t\t\t\t\t\t\t<svg xmlns=\"https:\/\/www.w3.org\/2000\/svg\" viewBox= \"0 0 320 512\"><path d=\"M9.39 265.4l127.1-128C143.6 131.1 151.8 128 160 128s16.38 3.125 22.63 9.375l127.1 128c9.156 9.156 11.9 22.91 6.943 34.88S300.9 320 287.1 320H32.01c-12.94 0-24.62-7.781-29.58-19.75S.2333 274.5 9.39 265.4z\"><\/path><\/svg>\n\t\t\t\t\t\t\t<\/span>\n\t\t\t<span class=\"uagb-question\">Quali paesi sono coperti dal dispositivo a pedaggio? <\/span><\/div><div class=\"uagb-faq-content\"><p>Il box tollscout<strong>\u00ae<\/strong> pu\u00f2 essere utilizzato in diversi paesi europei. Funziona su tutte le autostrade a pedaggio in <strong>Francia<\/strong>, <strong>Spagna<\/strong>, <strong>Portogallo <\/strong>e <strong>Italia<\/strong>. Anche la <strong>Croazia <\/strong>sar\u00e0 supportata a partire dall&#8217;estate 2025. In Croazia, il box \u00e8 attualmente attivo solo sulle tratte gestite dal principale gestore di pedaggi, Hrvatske autoceste d.o.o. (HAC); altre tratte seguiranno in seguito. Si prega di notare che in alcuni paesi potrebbero essere richiesti box speciali per i veicoli di altezza superiore a 3 metri o con pi\u00f9 di due assi. In Francia, ad esempio, i veicoli di peso superiore a 3,5 tonnellate o di altezza superiore a 3 metri richiedono un box per veicoli pesanti.     <\/p><\/div><\/div><div class=\"wp-block-uagb-faq-child uagb-faq-child__outer-wrap uagb-faq-item uagb-block-b69848c8 \" role=\"tab\" tabindex=\"0\"><div class=\"uagb-faq-questions-button uagb-faq-questions\">\t\t\t<span class=\"uagb-icon uagb-faq-icon-wrap\">\n\t\t\t\t\t\t\t<\/span>\n\t\t\t\t\t\t<span class=\"uagb-icon-active uagb-faq-icon-wrap\">\n\t\t\t\t\t\t\t\t<svg xmlns=\"https:\/\/www.w3.org\/2000\/svg\" viewBox= \"0 0 320 512\"><path d=\"M9.39 265.4l127.1-128C143.6 131.1 151.8 128 160 128s16.38 3.125 22.63 9.375l127.1 128c9.156 9.156 11.9 22.91 6.943 34.88S300.9 320 287.1 320H32.01c-12.94 0-24.62-7.781-29.58-19.75S.2333 274.5 9.39 265.4z\"><\/path><\/svg>\n\t\t\t\t\t\t\t<\/span>\n\t\t\t<span class=\"uagb-question\">Quali vantaggi offre il box per il pedaggio?<\/span><\/div><div class=\"uagb-faq-content\"><p>Il casello autostradale offre numerosi vantaggi: consente di attraversare i caselli in modo rapido e comodo, senza dover fermarsi o portare contanti. Questo fa risparmiare tempo ed evita lunghe code. La fatturazione \u00e8 automatica e trasparente, solitamente tramite conto cliente o addebito diretto. Inoltre, spesso \u00e8 possibile utilizzare il casello autostradale per viaggiare in pi\u00f9 Paesi senza dover acquistare biglietti separati. Questo lo rende particolarmente comodo per chi guida spesso, chi viaggia per lavoro e chi \u00e8 in vacanza. L&#8217;utilizzo del casello autostradale riduce anche lo stress della guida, poich\u00e9 non \u00e8 necessario preoccuparsi di pagare sul posto.      <\/p><\/div><\/div><div class=\"wp-block-uagb-faq-child uagb-faq-child__outer-wrap uagb-faq-item uagb-block-c7b6f203 \" role=\"tab\" tabindex=\"0\"><div class=\"uagb-faq-questions-button uagb-faq-questions\">\t\t\t<span class=\"uagb-icon uagb-faq-icon-wrap\">\n\t\t\t\t\t\t\t<\/span>\n\t\t\t\t\t\t<span class=\"uagb-icon-active uagb-faq-icon-wrap\">\n\t\t\t\t\t\t\t\t<svg xmlns=\"https:\/\/www.w3.org\/2000\/svg\" viewBox= \"0 0 320 512\"><path d=\"M9.39 265.4l127.1-128C143.6 131.1 151.8 128 160 128s16.38 3.125 22.63 9.375l127.1 128c9.156 9.156 11.9 22.91 6.943 34.88S300.9 320 287.1 320H32.01c-12.94 0-24.62-7.781-29.58-19.75S.2333 274.5 9.39 265.4z\"><\/path><\/svg>\n\t\t\t\t\t\t\t<\/span>\n\t\t\t<span class=\"uagb-question\">Come posso ottenere il box per il pedaggio?<\/span><\/div><div class=\"uagb-faq-content\"><p>Puoi acquistare il box per il pedaggio direttamente da tollscout<strong>\u00ae<\/strong>: ordinalo comodamente online e senza problemi. tollscout<strong>\u00ae<\/strong> offre una procedura d&#8217;ordine semplice e intuitiva, che ti consente di ordinare il tuo box per il pedaggio da casa o in viaggio. Dopo l&#8217;ordine, il box verr\u00e0 consegnato in modo rapido e sicuro a casa tua o all&#8217;indirizzo desiderato. In questo modo, puoi pianificare il tuo viaggio senza pensieri e sei perfettamente attrezzato per pagare il pedaggio nei paesi supportati in modo comodo e senza soste. Inoltre, tollscout<strong>\u00ae<\/strong> offre un servizio clienti affidabile che ti assister\u00e0 per qualsiasi domanda sul box per il pedaggio.     <\/p><\/div><\/div><div class=\"wp-block-uagb-faq-child uagb-faq-child__outer-wrap uagb-faq-item uagb-block-66a7673f \" role=\"tab\" tabindex=\"0\"><div class=\"uagb-faq-questions-button uagb-faq-questions\">\t\t\t<span class=\"uagb-icon uagb-faq-icon-wrap\">\n\t\t\t\t\t\t\t<\/span>\n\t\t\t\t\t\t<span class=\"uagb-icon-active uagb-faq-icon-wrap\">\n\t\t\t\t\t\t\t\t<svg xmlns=\"https:\/\/www.w3.org\/2000\/svg\" viewBox= \"0 0 320 512\"><path d=\"M9.39 265.4l127.1-128C143.6 131.1 151.8 128 160 128s16.38 3.125 22.63 9.375l127.1 128c9.156 9.156 11.9 22.91 6.943 34.88S300.9 320 287.1 320H32.01c-12.94 0-24.62-7.781-29.58-19.75S.2333 274.5 9.39 265.4z\"><\/path><\/svg>\n\t\t\t\t\t\t\t<\/span>\n\t\t\t<span class=\"uagb-question\">Dove posso acquistare il box per il pedaggio?<\/span><\/div><div class=\"uagb-faq-content\"><p>Puoi acquistare il box per il pedaggio direttamente da tollscout<strong>\u00ae<\/strong>: online, in modo rapido e semplice. Ordina comodamente da casa o in viaggio e il tuo box per il pedaggio ti verr\u00e0 consegnato in modo sicuro e affidabile. Grazie alla nostra consegna espressa, riceverai il box entro 1-2 giorni lavorativi, cos\u00ec sarai pronto per il tuo prossimo viaggio. Questo ti far\u00e0 risparmiare lunghi tempi di attesa e ti permetter\u00e0 di pagare il pedaggio comodamente e senza interruzioni. Il nostro cordiale servizio clienti \u00e8 sempre a tua disposizione per qualsiasi domanda o supporto.     <\/p><\/div><\/div><\/div><\/div><\/div>\n","protected":false},"excerpt":{"rendered":"<p>Dispositivo di Telepedaggio di tollscout\u00ae Il dispositivo per il pedaggio di tollscout\u00ae sar\u00e0 disponibile nel 2025 Il nuovo box per [&hellip;]<\/p>\n","protected":false},"author":2,"featured_media":0,"parent":0,"menu_order":0,"comment_status":"closed","ping_status":"closed","template":"","meta":{"_uag_custom_page_level_css":"","site-sidebar-layout":"default","site-content-layout":"","ast-site-content-layout":"normal-width-container","site-content-style":"unboxed","site-sidebar-style":"default","ast-global-header-display":"","ast-banner-title-visibility":"","ast-main-header-display":"","ast-hfb-above-header-display":"","ast-hfb-below-header-display":"","ast-hfb-mobile-header-display":"","site-post-title":"disabled","ast-breadcrumbs-content":"","ast-featured-img":"","footer-sml-layout":"","ast-disable-related-posts":"","theme-transparent-header-meta":"enabled","adv-header-id-meta":"","stick-header-meta":"","header-above-stick-meta":"","header-main-stick-meta":"","header-below-stick-meta":"","astra-migrate-meta-layouts":"default","ast-page-background-enabled":"default","ast-page-background-meta":{"desktop":{"background-color":"var(--ast-global-color-5)","background-image":"","background-repeat":"repeat","background-position":"center center","background-size":"auto","background-attachment":"scroll","background-type":"","background-media":"","overlay-type":"","overlay-color":"","overlay-opacity":"","overlay-gradient":""},"tablet":{"background-color":"","background-image":"","background-repeat":"repeat","background-position":"center center","background-size":"auto","background-attachment":"scroll","background-type":"","background-media":"","overlay-type":"","overlay-color":"","overlay-opacity":"","overlay-gradient":""},"mobile":{"background-color":"","background-image":"","background-repeat":"repeat","background-position":"center center","background-size":"auto","background-attachment":"scroll","background-type":"","background-media":"","overlay-type":"","overlay-color":"","overlay-opacity":"","overlay-gradient":""}},"ast-content-background-meta":{"desktop":{"background-color":"var(--ast-global-color-4)","background-image":"","background-repeat":"repeat","background-position":"center center","background-size":"auto","background-attachment":"scroll","background-type":"","background-media":"","overlay-type":"","overlay-color":"","overlay-opacity":"","overlay-gradient":""},"tablet":{"background-color":"var(--ast-global-color-4)","background-image":"","background-repeat":"repeat","background-position":"center center","background-size":"auto","background-attachment":"scroll","background-type":"","background-media":"","overlay-type":"","overlay-color":"","overlay-opacity":"","overlay-gradient":""},"mobile":{"background-color":"var(--ast-global-color-4)","background-image":"","background-repeat":"repeat","background-position":"center center","background-size":"auto","background-attachment":"scroll","background-type":"","background-media":"","overlay-type":"","overlay-color":"","overlay-opacity":"","overlay-gradient":""}},"footnotes":""},"class_list":["post-10234","page","type-page","status-publish","hentry"],"yoast_head":"<!-- This site is optimized with the Yoast SEO plugin v27.1.1 - https:\/\/yoast.com\/product\/yoast-seo-wordpress\/ -->\n<title>Dispositivo di Telepedaggio di tollscout\u00ae - Disponibile dal 2025!<\/title>\n<meta name=\"description\" content=\"Il dispositivo per il pedaggio di tollscout\u00ae sar\u00e0 disponibile dal 2025. Registrati subito e non perdere il lancio. Spedizione espressa gratuita inclusa.\" \/>\n<meta name=\"robots\" content=\"index, follow, max-snippet:-1, max-image-preview:large, max-video-preview:-1\" \/>\n<link rel=\"canonical\" href=\"https:\/\/tollscout.eu\/it\/dispositivo-di-telepedaggio-di-tollscout\/\" \/>\n<meta property=\"og:locale\" content=\"it_IT\" \/>\n<meta property=\"og:type\" content=\"article\" \/>\n<meta property=\"og:title\" content=\"Dispositivo di Telepedaggio di tollscout\u00ae - Disponibile dal 2025!\" \/>\n<meta property=\"og:description\" content=\"Il dispositivo per il pedaggio di tollscout\u00ae sar\u00e0 disponibile dal 2025. Registrati subito e non perdere il lancio. Spedizione espressa gratuita inclusa.\" \/>\n<meta property=\"og:url\" content=\"https:\/\/tollscout.eu\/it\/dispositivo-di-telepedaggio-di-tollscout\/\" \/>\n<meta property=\"og:site_name\" content=\"Tollscout\u00ae\" \/>\n<meta property=\"article:publisher\" content=\"https:\/\/facebook.com\/tollscout\" \/>\n<meta property=\"article:modified_time\" content=\"2025-06-16T15:35:56+00:00\" \/>\n<meta property=\"og:image\" content=\"https:\/\/tollscout.eu\/wp-content\/uploads\/2023\/08\/logo_color_360x92px.png\" \/>\n\t<meta property=\"og:image:width\" content=\"360\" \/>\n\t<meta property=\"og:image:height\" content=\"92\" \/>\n\t<meta property=\"og:image:type\" content=\"image\/png\" \/>\n<meta name=\"twitter:card\" content=\"summary_large_image\" \/>\n<meta name=\"twitter:site\" content=\"@tollscout\" \/>\n<meta name=\"twitter:label1\" content=\"Tempo di lettura stimato\" \/>\n\t<meta name=\"twitter:data1\" content=\"1 minuto\" \/>\n<script type=\"application\/ld+json\" class=\"yoast-schema-graph\">{\"@context\":\"https:\/\/schema.org\",\"@graph\":[{\"@type\":\"WebPage\",\"@id\":\"https:\/\/tollscout.eu\/it\/dispositivo-di-telepedaggio-di-tollscout\/\",\"url\":\"https:\/\/tollscout.eu\/it\/dispositivo-di-telepedaggio-di-tollscout\/\",\"name\":\"Dispositivo di Telepedaggio di tollscout\u00ae - Disponibile dal 2025!\",\"isPartOf\":{\"@id\":\"https:\/\/tollscout.eu\/it\/#website\"},\"datePublished\":\"2025-06-16T13:36:22+00:00\",\"dateModified\":\"2025-06-16T15:35:56+00:00\",\"description\":\"Il dispositivo per il pedaggio di tollscout\u00ae sar\u00e0 disponibile dal 2025. Registrati subito e non perdere il lancio. Spedizione espressa gratuita inclusa.\",\"breadcrumb\":{\"@id\":\"https:\/\/tollscout.eu\/it\/dispositivo-di-telepedaggio-di-tollscout\/#breadcrumb\"},\"inLanguage\":\"it-IT\",\"potentialAction\":[{\"@type\":\"ReadAction\",\"target\":[\"https:\/\/tollscout.eu\/it\/dispositivo-di-telepedaggio-di-tollscout\/\"]}]},{\"@type\":\"BreadcrumbList\",\"@id\":\"https:\/\/tollscout.eu\/it\/dispositivo-di-telepedaggio-di-tollscout\/#breadcrumb\",\"itemListElement\":[{\"@type\":\"ListItem\",\"position\":1,\"name\":\"Startseite\",\"item\":\"https:\/\/tollscout.eu\/it\/\"},{\"@type\":\"ListItem\",\"position\":2,\"name\":\"Dispositivo di Telepedaggio di tollscout\"}]},{\"@type\":\"WebSite\",\"@id\":\"https:\/\/tollscout.eu\/it\/#website\",\"url\":\"https:\/\/tollscout.eu\/it\/\",\"name\":\"Tollscout\u00ae\",\"description\":\"\",\"publisher\":{\"@id\":\"https:\/\/tollscout.eu\/it\/#organization\"},\"potentialAction\":[{\"@type\":\"SearchAction\",\"target\":{\"@type\":\"EntryPoint\",\"urlTemplate\":\"https:\/\/tollscout.eu\/it\/?s={search_term_string}\"},\"query-input\":{\"@type\":\"PropertyValueSpecification\",\"valueRequired\":true,\"valueName\":\"search_term_string\"}}],\"inLanguage\":\"it-IT\"},{\"@type\":\"Organization\",\"@id\":\"https:\/\/tollscout.eu\/it\/#organization\",\"name\":\"TollScout\",\"alternateName\":\"TollScout\",\"url\":\"https:\/\/tollscout.eu\/it\/\",\"logo\":{\"@type\":\"ImageObject\",\"inLanguage\":\"it-IT\",\"@id\":\"https:\/\/tollscout.eu\/it\/#\/schema\/logo\/image\/\",\"url\":\"https:\/\/tollscout.eu\/wp-content\/uploads\/2023\/11\/logo_social_media_1024.png\",\"contentUrl\":\"https:\/\/tollscout.eu\/wp-content\/uploads\/2023\/11\/logo_social_media_1024.png\",\"width\":1024,\"height\":1024,\"caption\":\"TollScout\"},\"image\":{\"@id\":\"https:\/\/tollscout.eu\/it\/#\/schema\/logo\/image\/\"},\"sameAs\":[\"https:\/\/facebook.com\/tollscout\",\"https:\/\/x.com\/tollscout\",\"https:\/\/instagram.com\/tollscout\"]}]}<\/script>\n<!-- \/ Yoast SEO plugin. -->","yoast_head_json":{"title":"Dispositivo di Telepedaggio di tollscout\u00ae - Disponibile dal 2025!","description":"Il dispositivo per il pedaggio di tollscout\u00ae sar\u00e0 disponibile dal 2025. Registrati subito e non perdere il lancio. Spedizione espressa gratuita inclusa.","robots":{"index":"index","follow":"follow","max-snippet":"max-snippet:-1","max-image-preview":"max-image-preview:large","max-video-preview":"max-video-preview:-1"},"canonical":"https:\/\/tollscout.eu\/it\/dispositivo-di-telepedaggio-di-tollscout\/","og_locale":"it_IT","og_type":"article","og_title":"Dispositivo di Telepedaggio di tollscout\u00ae - Disponibile dal 2025!","og_description":"Il dispositivo per il pedaggio di tollscout\u00ae sar\u00e0 disponibile dal 2025. Registrati subito e non perdere il lancio. Spedizione espressa gratuita inclusa.","og_url":"https:\/\/tollscout.eu\/it\/dispositivo-di-telepedaggio-di-tollscout\/","og_site_name":"Tollscout\u00ae","article_publisher":"https:\/\/facebook.com\/tollscout","article_modified_time":"2025-06-16T15:35:56+00:00","og_image":[{"width":360,"height":92,"url":"https:\/\/tollscout.eu\/wp-content\/uploads\/2023\/08\/logo_color_360x92px.png","type":"image\/png"}],"twitter_card":"summary_large_image","twitter_site":"@tollscout","twitter_misc":{"Tempo di lettura stimato":"1 minuto"},"schema":{"@context":"https:\/\/schema.org","@graph":[{"@type":"WebPage","@id":"https:\/\/tollscout.eu\/it\/dispositivo-di-telepedaggio-di-tollscout\/","url":"https:\/\/tollscout.eu\/it\/dispositivo-di-telepedaggio-di-tollscout\/","name":"Dispositivo di Telepedaggio di tollscout\u00ae - Disponibile dal 2025!","isPartOf":{"@id":"https:\/\/tollscout.eu\/it\/#website"},"datePublished":"2025-06-16T13:36:22+00:00","dateModified":"2025-06-16T15:35:56+00:00","description":"Il dispositivo per il pedaggio di tollscout\u00ae sar\u00e0 disponibile dal 2025. Registrati subito e non perdere il lancio. Spedizione espressa gratuita inclusa.","breadcrumb":{"@id":"https:\/\/tollscout.eu\/it\/dispositivo-di-telepedaggio-di-tollscout\/#breadcrumb"},"inLanguage":"it-IT","potentialAction":[{"@type":"ReadAction","target":["https:\/\/tollscout.eu\/it\/dispositivo-di-telepedaggio-di-tollscout\/"]}]},{"@type":"BreadcrumbList","@id":"https:\/\/tollscout.eu\/it\/dispositivo-di-telepedaggio-di-tollscout\/#breadcrumb","itemListElement":[{"@type":"ListItem","position":1,"name":"Startseite","item":"https:\/\/tollscout.eu\/it\/"},{"@type":"ListItem","position":2,"name":"Dispositivo di Telepedaggio di tollscout"}]},{"@type":"WebSite","@id":"https:\/\/tollscout.eu\/it\/#website","url":"https:\/\/tollscout.eu\/it\/","name":"Tollscout\u00ae","description":"","publisher":{"@id":"https:\/\/tollscout.eu\/it\/#organization"},"potentialAction":[{"@type":"SearchAction","target":{"@type":"EntryPoint","urlTemplate":"https:\/\/tollscout.eu\/it\/?s={search_term_string}"},"query-input":{"@type":"PropertyValueSpecification","valueRequired":true,"valueName":"search_term_string"}}],"inLanguage":"it-IT"},{"@type":"Organization","@id":"https:\/\/tollscout.eu\/it\/#organization","name":"TollScout","alternateName":"TollScout","url":"https:\/\/tollscout.eu\/it\/","logo":{"@type":"ImageObject","inLanguage":"it-IT","@id":"https:\/\/tollscout.eu\/it\/#\/schema\/logo\/image\/","url":"https:\/\/tollscout.eu\/wp-content\/uploads\/2023\/11\/logo_social_media_1024.png","contentUrl":"https:\/\/tollscout.eu\/wp-content\/uploads\/2023\/11\/logo_social_media_1024.png","width":1024,"height":1024,"caption":"TollScout"},"image":{"@id":"https:\/\/tollscout.eu\/it\/#\/schema\/logo\/image\/"},"sameAs":["https:\/\/facebook.com\/tollscout","https:\/\/x.com\/tollscout","https:\/\/instagram.com\/tollscout"]}]}},"uagb_featured_image_src":{"full":false,"thumbnail":false,"medium":false,"medium_large":false,"large":false,"1536x1536":false,"2048x2048":false,"gform-image-choice-sm":false,"gform-image-choice-md":false,"gform-image-choice-lg":false},"uagb_author_info":{"display_name":"Tollscout","author_link":"https:\/\/tollscout.eu\/it\/author\/m-hemm\/"},"uagb_comment_info":0,"uagb_excerpt":"Dispositivo di Telepedaggio di tollscout\u00ae Il dispositivo per il pedaggio di tollscout\u00ae sar\u00e0 disponibile nel 2025 Il nuovo box per [&hellip;]","_links":{"self":[{"href":"https:\/\/tollscout.eu\/it\/wp-json\/wp\/v2\/pages\/10234","targetHints":{"allow":["GET"]}}],"collection":[{"href":"https:\/\/tollscout.eu\/it\/wp-json\/wp\/v2\/pages"}],"about":[{"href":"https:\/\/tollscout.eu\/it\/wp-json\/wp\/v2\/types\/page"}],"author":[{"embeddable":true,"href":"https:\/\/tollscout.eu\/it\/wp-json\/wp\/v2\/users\/2"}],"replies":[{"embeddable":true,"href":"https:\/\/tollscout.eu\/it\/wp-json\/wp\/v2\/comments?post=10234"}],"version-history":[{"count":1,"href":"https:\/\/tollscout.eu\/it\/wp-json\/wp\/v2\/pages\/10234\/revisions"}],"predecessor-version":[{"id":10235,"href":"https:\/\/tollscout.eu\/it\/wp-json\/wp\/v2\/pages\/10234\/revisions\/10235"}],"wp:attachment":[{"href":"https:\/\/tollscout.eu\/it\/wp-json\/wp\/v2\/media?parent=10234"}],"curies":[{"name":"wp","href":"https:\/\/api.w.org\/{rel}","templated":true}]}}