{"id":9512,"date":"2024-08-06T12:17:44","date_gmt":"2024-08-06T10:17:44","guid":{"rendered":"https:\/\/tollscout.eu\/newsletter\/"},"modified":"2024-08-07T12:39:28","modified_gmt":"2024-08-07T10:39:28","slug":"newsletter","status":"publish","type":"page","link":"https:\/\/tollscout.eu\/hu\/newsletter\/","title":{"rendered":"Newsletter"},"content":{"rendered":"\n<div class=\"wp-block-uagb-container uagb-block-c1e2fce7 alignfull uagb-is-root-container\"><div class=\"uagb-container-inner-blocks-wrap\">\n<div class=\"wp-block-uagb-advanced-heading uagb-block-c767fabd\"><h1 class=\"uagb-heading-text\">Vignetta h\u00edrlev\u00e9l<\/h1><\/div>\n<\/div><\/div>\n\n<div class=\"wp-block-uagb-container uagb-block-f356067b alignfull uagb-is-root-container\"><div class=\"uagb-container-inner-blocks-wrap\">\n<div class=\"wp-block-uagb-advanced-heading uagb-block-e02782db\"><h2 class=\"uagb-heading-text\">Iratkozzon fel h\u00edrlevel\u00fcnkre!<\/h2><\/div>\n<\/div><\/div>\n\n<div class=\"wp-block-uagb-container uagb-block-e15c9e9d alignfull uagb-is-root-container\"><div class=\"uagb-container-inner-blocks-wrap\">\n<div id=\"app\" data-context=\"newsletterSignup\"><\/div>\n<\/div><\/div>\n\n<div class=\"wp-block-uagb-container uagb-block-e14bf70a alignfull uagb-is-root-container\"><div class=\"uagb-container-inner-blocks-wrap\">\n<p>Vignetta h\u00edrlevel\u00fcnkkel mindig naprak\u00e9sz marad. T\u00e1j\u00e9koztatjuk szolg\u00e1ltat\u00e1sainkat \u00e9rint\u0151 v\u00e1ltoz\u00e1sokr\u00f3l \u00e9s \u00faj\u00edt\u00e1sokr\u00f3l, valamint az adott orsz\u00e1gok hivatalos \u00fatd\u00edjhat\u00f3s\u00e1gait.  <br\/><br\/>Tiszteletben tartjuk az \u00e9rtelmes tartalom \u00e9s inform\u00e1ci\u00f3 ir\u00e1nti v\u00e1gy\u00e1t. Ez\u00e9rt nem kell agg\u00f3dnia a spam miatt.  <br\/><br\/>Mi is t\u00f6r\u0151d\u00fcnk az adatv\u00e9delemmel. Az \u00d6n \u00e1ltal megadott adatokat szigor\u00faan bizalmasan kezelj\u00fck. E-mail c\u00edm\u00e9t semmilyen m\u00e1s c\u00e9lra nem haszn\u00e1ljuk fel, \u00e9s nem adjuk ki harmadik f\u00e9lnek.   <\/p>\n<\/div><\/div>\n","protected":false},"excerpt":{"rendered":"<p>Vignetta h\u00edrlev\u00e9l Iratkozzon fel h\u00edrlevel\u00fcnkre! Vignetta h\u00edrlevel\u00fcnkkel mindig naprak\u00e9sz marad. T\u00e1j\u00e9koztatjuk szolg\u00e1ltat\u00e1sainkat \u00e9rint\u0151 v\u00e1ltoz\u00e1sokr\u00f3l \u00e9s \u00faj\u00edt\u00e1sokr\u00f3l, valamint az adott orsz\u00e1gok [&hellip;]<\/p>\n","protected":false},"author":2,"featured_media":0,"parent":0,"menu_order":0,"comment_status":"closed","ping_status":"closed","template":"","meta":{"_uag_custom_page_level_css":"","site-sidebar-layout":"no-sidebar","site-content-layout":"","ast-site-content-layout":"normal-width-container","site-content-style":"unboxed","site-sidebar-style":"unboxed","ast-global-header-display":"","ast-banner-title-visibility":"","ast-main-header-display":"","ast-hfb-above-header-display":"","ast-hfb-below-header-display":"","ast-hfb-mobile-header-display":"","site-post-title":"disabled","ast-breadcrumbs-content":"","ast-featured-img":"","footer-sml-layout":"","ast-disable-related-posts":"","theme-transparent-header-meta":"enabled","adv-header-id-meta":"","stick-header-meta":"","header-above-stick-meta":"","header-main-stick-meta":"","header-below-stick-meta":"","astra-migrate-meta-layouts":"default","ast-page-background-enabled":"default","ast-page-background-meta":{"desktop":{"background-color":"var(--ast-global-color-5)","background-image":"","background-repeat":"repeat","background-position":"center center","background-size":"auto","background-attachment":"scroll","background-type":"","background-media":"","overlay-type":"","overlay-color":"","overlay-opacity":"","overlay-gradient":""},"tablet":{"background-color":"","background-image":"","background-repeat":"repeat","background-position":"center center","background-size":"auto","background-attachment":"scroll","background-type":"","background-media":"","overlay-type":"","overlay-color":"","overlay-opacity":"","overlay-gradient":""},"mobile":{"background-color":"","background-image":"","background-repeat":"repeat","background-position":"center center","background-size":"auto","background-attachment":"scroll","background-type":"","background-media":"","overlay-type":"","overlay-color":"","overlay-opacity":"","overlay-gradient":""}},"ast-content-background-meta":{"desktop":{"background-color":"var(--ast-global-color-4)","background-image":"","background-repeat":"repeat","background-position":"center center","background-size":"auto","background-attachment":"scroll","background-type":"","background-media":"","overlay-type":"","overlay-color":"","overlay-opacity":"","overlay-gradient":""},"tablet":{"background-color":"var(--ast-global-color-4)","background-image":"","background-repeat":"repeat","background-position":"center center","background-size":"auto","background-attachment":"scroll","background-type":"","background-media":"","overlay-type":"","overlay-color":"","overlay-opacity":"","overlay-gradient":""},"mobile":{"background-color":"var(--ast-global-color-4)","background-image":"","background-repeat":"repeat","background-position":"center center","background-size":"auto","background-attachment":"scroll","background-type":"","background-media":"","overlay-type":"","overlay-color":"","overlay-opacity":"","overlay-gradient":""}},"footnotes":""},"class_list":["post-9512","page","type-page","status-publish","hentry"],"yoast_head":"<!-- This site is optimized with the Yoast SEO plugin v27.1.1 - https:\/\/yoast.com\/product\/yoast-seo-wordpress\/ -->\n<title>Matric\u00e1s h\u00edrlev\u00e9l - inform\u00e1ci\u00f3k a digit\u00e1lis matric\u00e1k t\u00e9m\u00e1j\u00e1ban<\/title>\n<meta name=\"description\" content=\"Iratkozzon fel matric\u00e1s h\u00edrlevel\u00fcnkre, \u00e9s maradjon naprak\u00e9sz a digit\u00e1lis matric\u00e1kr\u00f3l \u00e9s az eur\u00f3pai \u00fatd\u00edjakr\u00f3l.\" \/>\n<meta name=\"robots\" content=\"index, follow, max-snippet:-1, max-image-preview:large, max-video-preview:-1\" \/>\n<link rel=\"canonical\" href=\"https:\/\/tollscout.eu\/hu\/newsletter\/\" \/>\n<meta property=\"og:locale\" content=\"hu_HU\" \/>\n<meta property=\"og:type\" content=\"article\" \/>\n<meta property=\"og:title\" content=\"Matric\u00e1s h\u00edrlev\u00e9l - inform\u00e1ci\u00f3k a digit\u00e1lis matric\u00e1k t\u00e9m\u00e1j\u00e1ban\" \/>\n<meta property=\"og:description\" content=\"Iratkozzon fel matric\u00e1s h\u00edrlevel\u00fcnkre, \u00e9s maradjon naprak\u00e9sz a digit\u00e1lis matric\u00e1kr\u00f3l \u00e9s az eur\u00f3pai \u00fatd\u00edjakr\u00f3l.\" \/>\n<meta property=\"og:url\" content=\"https:\/\/tollscout.eu\/hu\/newsletter\/\" \/>\n<meta property=\"og:site_name\" content=\"Tollscout\u00ae\" \/>\n<meta property=\"article:publisher\" content=\"https:\/\/facebook.com\/tollscout\" \/>\n<meta property=\"article:modified_time\" content=\"2024-08-07T10:39:28+00:00\" \/>\n<meta property=\"og:image\" content=\"https:\/\/tollscout.eu\/wp-content\/uploads\/2023\/08\/logo_color_360x92px.png\" \/>\n\t<meta property=\"og:image:width\" content=\"360\" \/>\n\t<meta property=\"og:image:height\" content=\"92\" \/>\n\t<meta property=\"og:image:type\" content=\"image\/png\" \/>\n<meta name=\"twitter:card\" content=\"summary_large_image\" \/>\n<meta name=\"twitter:site\" content=\"@tollscout\" \/>\n<meta name=\"twitter:label1\" content=\"Becs\u00fclt olvas\u00e1si id\u0151\" \/>\n\t<meta name=\"twitter:data1\" content=\"1 perc\" \/>\n<script type=\"application\/ld+json\" class=\"yoast-schema-graph\">{\"@context\":\"https:\/\/schema.org\",\"@graph\":[{\"@type\":\"WebPage\",\"@id\":\"https:\/\/tollscout.eu\/hu\/newsletter\/\",\"url\":\"https:\/\/tollscout.eu\/hu\/newsletter\/\",\"name\":\"Matric\u00e1s h\u00edrlev\u00e9l - inform\u00e1ci\u00f3k a digit\u00e1lis matric\u00e1k t\u00e9m\u00e1j\u00e1ban\",\"isPartOf\":{\"@id\":\"https:\/\/tollscout.eu\/hu\/#website\"},\"datePublished\":\"2024-08-06T10:17:44+00:00\",\"dateModified\":\"2024-08-07T10:39:28+00:00\",\"description\":\"Iratkozzon fel matric\u00e1s h\u00edrlevel\u00fcnkre, \u00e9s maradjon naprak\u00e9sz a digit\u00e1lis matric\u00e1kr\u00f3l \u00e9s az eur\u00f3pai \u00fatd\u00edjakr\u00f3l.\",\"breadcrumb\":{\"@id\":\"https:\/\/tollscout.eu\/hu\/newsletter\/#breadcrumb\"},\"inLanguage\":\"hu\",\"potentialAction\":[{\"@type\":\"ReadAction\",\"target\":[\"https:\/\/tollscout.eu\/hu\/newsletter\/\"]}]},{\"@type\":\"BreadcrumbList\",\"@id\":\"https:\/\/tollscout.eu\/hu\/newsletter\/#breadcrumb\",\"itemListElement\":[{\"@type\":\"ListItem\",\"position\":1,\"name\":\"Startseite\",\"item\":\"https:\/\/tollscout.eu\/hu\/\"},{\"@type\":\"ListItem\",\"position\":2,\"name\":\"Newsletter\"}]},{\"@type\":\"WebSite\",\"@id\":\"https:\/\/tollscout.eu\/hu\/#website\",\"url\":\"https:\/\/tollscout.eu\/hu\/\",\"name\":\"Tollscout\u00ae\",\"description\":\"\",\"publisher\":{\"@id\":\"https:\/\/tollscout.eu\/hu\/#organization\"},\"potentialAction\":[{\"@type\":\"SearchAction\",\"target\":{\"@type\":\"EntryPoint\",\"urlTemplate\":\"https:\/\/tollscout.eu\/hu\/?s={search_term_string}\"},\"query-input\":{\"@type\":\"PropertyValueSpecification\",\"valueRequired\":true,\"valueName\":\"search_term_string\"}}],\"inLanguage\":\"hu\"},{\"@type\":\"Organization\",\"@id\":\"https:\/\/tollscout.eu\/hu\/#organization\",\"name\":\"TollScout\",\"alternateName\":\"TollScout\",\"url\":\"https:\/\/tollscout.eu\/hu\/\",\"logo\":{\"@type\":\"ImageObject\",\"inLanguage\":\"hu\",\"@id\":\"https:\/\/tollscout.eu\/hu\/#\/schema\/logo\/image\/\",\"url\":\"https:\/\/tollscout.eu\/wp-content\/uploads\/2023\/11\/logo_social_media_1024.png\",\"contentUrl\":\"https:\/\/tollscout.eu\/wp-content\/uploads\/2023\/11\/logo_social_media_1024.png\",\"width\":1024,\"height\":1024,\"caption\":\"TollScout\"},\"image\":{\"@id\":\"https:\/\/tollscout.eu\/hu\/#\/schema\/logo\/image\/\"},\"sameAs\":[\"https:\/\/facebook.com\/tollscout\",\"https:\/\/x.com\/tollscout\",\"https:\/\/instagram.com\/tollscout\"]}]}<\/script>\n<!-- \/ Yoast SEO plugin. -->","yoast_head_json":{"title":"Matric\u00e1s h\u00edrlev\u00e9l - inform\u00e1ci\u00f3k a digit\u00e1lis matric\u00e1k t\u00e9m\u00e1j\u00e1ban","description":"Iratkozzon fel matric\u00e1s h\u00edrlevel\u00fcnkre, \u00e9s maradjon naprak\u00e9sz a digit\u00e1lis matric\u00e1kr\u00f3l \u00e9s az eur\u00f3pai \u00fatd\u00edjakr\u00f3l.","robots":{"index":"index","follow":"follow","max-snippet":"max-snippet:-1","max-image-preview":"max-image-preview:large","max-video-preview":"max-video-preview:-1"},"canonical":"https:\/\/tollscout.eu\/hu\/newsletter\/","og_locale":"hu_HU","og_type":"article","og_title":"Matric\u00e1s h\u00edrlev\u00e9l - inform\u00e1ci\u00f3k a digit\u00e1lis matric\u00e1k t\u00e9m\u00e1j\u00e1ban","og_description":"Iratkozzon fel matric\u00e1s h\u00edrlevel\u00fcnkre, \u00e9s maradjon naprak\u00e9sz a digit\u00e1lis matric\u00e1kr\u00f3l \u00e9s az eur\u00f3pai \u00fatd\u00edjakr\u00f3l.","og_url":"https:\/\/tollscout.eu\/hu\/newsletter\/","og_site_name":"Tollscout\u00ae","article_publisher":"https:\/\/facebook.com\/tollscout","article_modified_time":"2024-08-07T10:39:28+00:00","og_image":[{"width":360,"height":92,"url":"https:\/\/tollscout.eu\/wp-content\/uploads\/2023\/08\/logo_color_360x92px.png","type":"image\/png"}],"twitter_card":"summary_large_image","twitter_site":"@tollscout","twitter_misc":{"Becs\u00fclt olvas\u00e1si id\u0151":"1 perc"},"schema":{"@context":"https:\/\/schema.org","@graph":[{"@type":"WebPage","@id":"https:\/\/tollscout.eu\/hu\/newsletter\/","url":"https:\/\/tollscout.eu\/hu\/newsletter\/","name":"Matric\u00e1s h\u00edrlev\u00e9l - inform\u00e1ci\u00f3k a digit\u00e1lis matric\u00e1k t\u00e9m\u00e1j\u00e1ban","isPartOf":{"@id":"https:\/\/tollscout.eu\/hu\/#website"},"datePublished":"2024-08-06T10:17:44+00:00","dateModified":"2024-08-07T10:39:28+00:00","description":"Iratkozzon fel matric\u00e1s h\u00edrlevel\u00fcnkre, \u00e9s maradjon naprak\u00e9sz a digit\u00e1lis matric\u00e1kr\u00f3l \u00e9s az eur\u00f3pai \u00fatd\u00edjakr\u00f3l.","breadcrumb":{"@id":"https:\/\/tollscout.eu\/hu\/newsletter\/#breadcrumb"},"inLanguage":"hu","potentialAction":[{"@type":"ReadAction","target":["https:\/\/tollscout.eu\/hu\/newsletter\/"]}]},{"@type":"BreadcrumbList","@id":"https:\/\/tollscout.eu\/hu\/newsletter\/#breadcrumb","itemListElement":[{"@type":"ListItem","position":1,"name":"Startseite","item":"https:\/\/tollscout.eu\/hu\/"},{"@type":"ListItem","position":2,"name":"Newsletter"}]},{"@type":"WebSite","@id":"https:\/\/tollscout.eu\/hu\/#website","url":"https:\/\/tollscout.eu\/hu\/","name":"Tollscout\u00ae","description":"","publisher":{"@id":"https:\/\/tollscout.eu\/hu\/#organization"},"potentialAction":[{"@type":"SearchAction","target":{"@type":"EntryPoint","urlTemplate":"https:\/\/tollscout.eu\/hu\/?s={search_term_string}"},"query-input":{"@type":"PropertyValueSpecification","valueRequired":true,"valueName":"search_term_string"}}],"inLanguage":"hu"},{"@type":"Organization","@id":"https:\/\/tollscout.eu\/hu\/#organization","name":"TollScout","alternateName":"TollScout","url":"https:\/\/tollscout.eu\/hu\/","logo":{"@type":"ImageObject","inLanguage":"hu","@id":"https:\/\/tollscout.eu\/hu\/#\/schema\/logo\/image\/","url":"https:\/\/tollscout.eu\/wp-content\/uploads\/2023\/11\/logo_social_media_1024.png","contentUrl":"https:\/\/tollscout.eu\/wp-content\/uploads\/2023\/11\/logo_social_media_1024.png","width":1024,"height":1024,"caption":"TollScout"},"image":{"@id":"https:\/\/tollscout.eu\/hu\/#\/schema\/logo\/image\/"},"sameAs":["https:\/\/facebook.com\/tollscout","https:\/\/x.com\/tollscout","https:\/\/instagram.com\/tollscout"]}]}},"uagb_featured_image_src":{"full":false,"thumbnail":false,"medium":false,"medium_large":false,"large":false,"1536x1536":false,"2048x2048":false,"gform-image-choice-sm":false,"gform-image-choice-md":false,"gform-image-choice-lg":false},"uagb_author_info":{"display_name":"Tollscout","author_link":"https:\/\/tollscout.eu\/hu\/author\/m-hemm\/"},"uagb_comment_info":0,"uagb_excerpt":"Vignetta h\u00edrlev\u00e9l Iratkozzon fel h\u00edrlevel\u00fcnkre! Vignetta h\u00edrlevel\u00fcnkkel mindig naprak\u00e9sz marad. T\u00e1j\u00e9koztatjuk szolg\u00e1ltat\u00e1sainkat \u00e9rint\u0151 v\u00e1ltoz\u00e1sokr\u00f3l \u00e9s \u00faj\u00edt\u00e1sokr\u00f3l, valamint az adott orsz\u00e1gok [&hellip;]","_links":{"self":[{"href":"https:\/\/tollscout.eu\/hu\/wp-json\/wp\/v2\/pages\/9512","targetHints":{"allow":["GET"]}}],"collection":[{"href":"https:\/\/tollscout.eu\/hu\/wp-json\/wp\/v2\/pages"}],"about":[{"href":"https:\/\/tollscout.eu\/hu\/wp-json\/wp\/v2\/types\/page"}],"author":[{"embeddable":true,"href":"https:\/\/tollscout.eu\/hu\/wp-json\/wp\/v2\/users\/2"}],"replies":[{"embeddable":true,"href":"https:\/\/tollscout.eu\/hu\/wp-json\/wp\/v2\/comments?post=9512"}],"version-history":[{"count":2,"href":"https:\/\/tollscout.eu\/hu\/wp-json\/wp\/v2\/pages\/9512\/revisions"}],"predecessor-version":[{"id":9571,"href":"https:\/\/tollscout.eu\/hu\/wp-json\/wp\/v2\/pages\/9512\/revisions\/9571"}],"wp:attachment":[{"href":"https:\/\/tollscout.eu\/hu\/wp-json\/wp\/v2\/media?parent=9512"}],"curies":[{"name":"wp","href":"https:\/\/api.w.org\/{rel}","templated":true}]}}