{"id":5436,"date":"2023-08-25T11:52:28","date_gmt":"2023-08-25T09:52:28","guid":{"rendered":"https:\/\/tollscout.eu\/katschbergalagut-fizetos-ausztria\/"},"modified":"2024-08-01T01:50:15","modified_gmt":"2024-07-31T23:50:15","slug":"katschbergalagut-fizetos-ausztria","status":"publish","type":"page","link":"https:\/\/tollscout.eu\/hu\/katschbergalagut-fizetos-ausztria\/","title":{"rendered":"Katschbergalag\u00fat fizet\u0151s Ausztria"},"content":{"rendered":"\n<div class=\"wp-block-uagb-container uagb-block-c1e2fce7 alignfull uagb-is-root-container\"><div class=\"uagb-container-inner-blocks-wrap\">\n<div class=\"wp-block-uagb-advanced-heading uagb-block-c767fabd\"><h1 class=\"uagb-heading-text\">Katschbergalag\u00fat fizet\u0151s Ausztria<\/h1><\/div>\n<\/div><\/div>\n\n<div class=\"wp-block-uagb-container uagb-block-7d404a70 alignfull uagb-is-root-container\"><div class=\"uagb-container-inner-blocks-wrap\">\n<div id=\"app\" data-context=\"at\"><\/div>\n<\/div><\/div>\n\n<div class=\"wp-block-uagb-container uagb-block-f356067b alignfull uagb-is-root-container\"><div class=\"uagb-container-inner-blocks-wrap\">\n<div class=\"wp-block-uagb-advanced-heading uagb-block-32bca494\"><h2 class=\"uagb-heading-text\">Katschbergalag\u00fat fizet\u0151s Ausztria (A 10 Tauern aut\u00f3p\u00e1lya)<\/h2><\/div>\n\n\n\n<p class=\"has-text-align-center\">A Katschberg-alag\u00fat 5898 m\u00e9ter hossz\u00fa, \u00e9s a Tauern Autobahn (A 10) r\u00e9sze. Hat\u00e1ralag\u00fatk\u00e9nt is funkcion\u00e1l az osztr\u00e1k Karintia \u00e9s Salzburg sz\u00f6vets\u00e9gi tartom\u00e1nyok k\u00f6z\u00f6tt. Ez az alag\u00fat d\u00f6nt\u0151 szerepet j\u00e1tszik a karintiai Katschtalnak a Katschbergen kereszt\u00fcl t\u00f6rt\u00e9n\u0151 \u00f6sszek\u00f6t\u00e9s\u00e9ben a salzburgi Lungauval. Ez\u00e9rt nagy jelent\u0151s\u00e9ge van a Villachb\u00f3l Salzburgba vezet\u0151 k\u00f6zleked\u00e9si \u00fatvonal szempontj\u00e1b\u00f3l. A Katschberg-alag\u00fat \u00e9s a <a href=\"https:\/\/tollscout.eu\/hu\/a-tauerntunnel-dija-ausztria\/\">Tauern-alag\u00fat k\u00f6z\u00f6tti<\/a> szakaszok, bele\u00e9rtve a mindk\u00e9t alag\u00faton val\u00f3 \u00e1thalad\u00e1st, \u00fagynevezett speci\u00e1lis d\u00edjk\u00f6teles \u00fatvonalak k\u00f6z\u00e9 tartoznak. Ez azt jelenti, hogy mentes\u00fclnek a matrica-k\u00f6telezetts\u00e9g al\u00f3l, mint az \u00f6sszes t\u00f6bbi speci\u00e1lis d\u00edjk\u00f6teles \u00fat Ausztri\u00e1ban.      <\/p>\n<\/div><\/div>\n\n<div class=\"wp-block-uagb-container uagb-block-7efd3c31 alignfull uagb-is-root-container\"><div class=\"uagb-container-inner-blocks-wrap\">\n<div class=\"wp-block-uagb-advanced-heading uagb-block-4602874c\"><h2 class=\"uagb-heading-text\">GYIK<\/h2><p class=\"uagb-desc-text\">Itt v\u00e1laszolunk minden k\u00e9rd\u00e9sre az ausztriai Katschberg-alag\u00fat d\u00edj\u00e1val kapcsolatban<\/p><\/div>\n\n\n<div class=\"wp-block-uagb-faq uagb-faq__outer-wrap uagb-block-4fe496d4 uagb-faq-icon-row-reverse uagb-faq-layout-accordion uagb-faq-expand-first-false uagb-faq-inactive-other-true uagb-faq__wrap uagb-buttons-layout-wrap uagb-faq-equal-height     \" data-faqtoggle=\"true\" role=\"tablist\"><div class=\"wp-block-uagb-faq-child uagb-faq-child__outer-wrap uagb-faq-item uagb-block-1a70522e \" role=\"tab\" tabindex=\"0\"><div class=\"uagb-faq-questions-button uagb-faq-questions\">\t\t\t<span class=\"uagb-icon uagb-faq-icon-wrap\">\n\t\t\t\t\t\t\t<\/span>\n\t\t\t\t\t\t<span class=\"uagb-icon-active uagb-faq-icon-wrap\">\n\t\t\t\t\t\t\t\t<svg xmlns=\"https:\/\/www.w3.org\/2000\/svg\" viewBox= \"0 0 320 512\"><path d=\"M9.39 265.4l127.1-128C143.6 131.1 151.8 128 160 128s16.38 3.125 22.63 9.375l127.1 128c9.156 9.156 11.9 22.91 6.943 34.88S300.9 320 287.1 320H32.01c-12.94 0-24.62-7.781-29.58-19.75S.2333 274.5 9.39 265.4z\"><\/path><\/svg>\n\t\t\t\t\t\t\t<\/span>\n\t\t\t<h3 class=\"uagb-question\">Mikor nyitott\u00e1k meg a forgalom el\u0151tt a Katschberg-alagutat?<\/h3><\/div><div class=\"uagb-faq-content\"><p>A Katschberg-alag\u00fat els\u0151 cs\u00f6v\u00e9t 1974. december 21-\u00e9n adt\u00e1k \u00e1t a forgalomnak. A Katschberg-alagutat kezdett\u0151l fogva k\u00e9tcs\u00f6ves alag\u00fatnak tervezt\u00e9k. 1988-ban azonban a m\u00e1sodik cs\u0151 tervez\u00e9se k\u00f6lts\u00e9g- \u00e9s kisebb forgalom miatt le\u00e1llt. Az \u00e9p\u00edtkez\u00e9s csak 2004-ben folytat\u00f3dott, \u00e9s 2009 \u00e1prilis\u00e1ban adt\u00e1k \u00e1t a forgalomnak.    <\/p><\/div><\/div><div class=\"wp-block-uagb-faq-child uagb-faq-child__outer-wrap uagb-faq-item uagb-block-bd4b64b2 \" role=\"tab\" tabindex=\"0\"><div class=\"uagb-faq-questions-button uagb-faq-questions\">\t\t\t<span class=\"uagb-icon uagb-faq-icon-wrap\">\n\t\t\t\t\t\t\t<\/span>\n\t\t\t\t\t\t<span class=\"uagb-icon-active uagb-faq-icon-wrap\">\n\t\t\t\t\t\t\t\t<svg xmlns=\"https:\/\/www.w3.org\/2000\/svg\" viewBox= \"0 0 320 512\"><path d=\"M9.39 265.4l127.1-128C143.6 131.1 151.8 128 160 128s16.38 3.125 22.63 9.375l127.1 128c9.156 9.156 11.9 22.91 6.943 34.88S300.9 320 287.1 320H32.01c-12.94 0-24.62-7.781-29.58-19.75S.2333 274.5 9.39 265.4z\"><\/path><\/svg>\n\t\t\t\t\t\t\t<\/span>\n\t\t\t<h3 class=\"uagb-question\">Milyen hossz\u00fa a Katschberg-alag\u00fat (A10 Tauernautobahn)?<\/h3><\/div><div class=\"uagb-faq-content\"><p>A Katschberg-alag\u00fat els\u0151 cs\u0151je (nyugati cs\u0151) 5898 m\u00e9ter hossz\u00fa, \u00e9s \u00f6sszek\u00f6ti a karintiai Katschtalt a <a href=\"https:\/\/de.wikipedia.org\/wiki\/Katschberg\">Katschbergen<\/a> kereszt\u00fcl a salzburgi Lungauval. A Katschberg-alag\u00fat m\u00e1sodik cs\u00f6ve (keleti cs\u0151) 5565 m\u00e9ter hossz\u00fa. A Katschbergalag\u00fat \u00e9s a Tauerntunnel a Tauernautobahn (A10) azon szakaszai, amelyek mentesek a matricak\u00f6telezetts\u00e9g al\u00f3l, de k\u00fcl\u00f6n d\u00edjk\u00f6telesek.<\/p><\/div><\/div><div class=\"wp-block-uagb-faq-child uagb-faq-child__outer-wrap uagb-faq-item uagb-block-49ae175a \" role=\"tab\" tabindex=\"0\"><div class=\"uagb-faq-questions-button uagb-faq-questions\">\t\t\t<span class=\"uagb-icon uagb-faq-icon-wrap\">\n\t\t\t\t\t\t\t<\/span>\n\t\t\t\t\t\t<span class=\"uagb-icon-active uagb-faq-icon-wrap\">\n\t\t\t\t\t\t\t\t<svg xmlns=\"https:\/\/www.w3.org\/2000\/svg\" viewBox= \"0 0 320 512\"><path d=\"M9.39 265.4l127.1-128C143.6 131.1 151.8 128 160 128s16.38 3.125 22.63 9.375l127.1 128c9.156 9.156 11.9 22.91 6.943 34.88S300.9 320 287.1 320H32.01c-12.94 0-24.62-7.781-29.58-19.75S.2333 274.5 9.39 265.4z\"><\/path><\/svg>\n\t\t\t\t\t\t\t<\/span>\n\t\t\t<h3 class=\"uagb-question\">Mi\u00e9rt mentes\u00fcl a Katschberg-alag\u00fat a matricak\u00f6telezetts\u00e9g al\u00f3l? <\/h3><\/div><div class=\"uagb-faq-content\"><p>A Katschberg-alag\u00fat az \u00fatvonal azon szakasza, amely mentes\u00fcl a matrica-k\u00f6telezetts\u00e9g al\u00f3l, de k\u00fcl\u00f6n d\u00edjk\u00f6teles. A Tauernautobahn A10 \u00fatd\u00edja gyorsan \u00e9s k\u00e9nyelmesen megv\u00e1s\u00e1rolhat\u00f3 online web\u00e1ruh\u00e1zunkon kereszt\u00fcl. <\/p><\/div><\/div><div class=\"wp-block-uagb-faq-child uagb-faq-child__outer-wrap uagb-faq-item uagb-block-c7b6f203 \" role=\"tab\" tabindex=\"0\"><div class=\"uagb-faq-questions-button uagb-faq-questions\">\t\t\t<span class=\"uagb-icon uagb-faq-icon-wrap\">\n\t\t\t\t\t\t\t<\/span>\n\t\t\t\t\t\t<span class=\"uagb-icon-active uagb-faq-icon-wrap\">\n\t\t\t\t\t\t\t\t<svg xmlns=\"https:\/\/www.w3.org\/2000\/svg\" viewBox= \"0 0 320 512\"><path d=\"M9.39 265.4l127.1-128C143.6 131.1 151.8 128 160 128s16.38 3.125 22.63 9.375l127.1 128c9.156 9.156 11.9 22.91 6.943 34.88S300.9 320 287.1 320H32.01c-12.94 0-24.62-7.781-29.58-19.75S.2333 274.5 9.39 265.4z\"><\/path><\/svg>\n\t\t\t\t\t\t\t<\/span>\n\t\t\t<h3 class=\"uagb-question\">Mennyibe ker\u00fcl a Katschberg-alag\u00fat d\u00edja Ausztri\u00e1ban? <\/h3><\/div><div class=\"uagb-faq-content\"><p>A Katschberg-alag\u00faton val\u00f3 egyszeri \u00e1thalad\u00e1s k\u00f6lts\u00e9ge 13,50 eur\u00f3 (2023-t\u00f3l).<\/p><\/div><\/div><div class=\"wp-block-uagb-faq-child uagb-faq-child__outer-wrap uagb-faq-item uagb-block-66a7673f \" role=\"tab\" tabindex=\"0\"><div class=\"uagb-faq-questions-button uagb-faq-questions\">\t\t\t<span class=\"uagb-icon uagb-faq-icon-wrap\">\n\t\t\t\t\t\t\t<\/span>\n\t\t\t\t\t\t<span class=\"uagb-icon-active uagb-faq-icon-wrap\">\n\t\t\t\t\t\t\t\t<svg xmlns=\"https:\/\/www.w3.org\/2000\/svg\" viewBox= \"0 0 320 512\"><path d=\"M9.39 265.4l127.1-128C143.6 131.1 151.8 128 160 128s16.38 3.125 22.63 9.375l127.1 128c9.156 9.156 11.9 22.91 6.943 34.88S300.9 320 287.1 320H32.01c-12.94 0-24.62-7.781-29.58-19.75S.2333 274.5 9.39 265.4z\"><\/path><\/svg>\n\t\t\t\t\t\t\t<\/span>\n\t\t\t<h3 class=\"uagb-question\">Mennyi ideig tart az utaz\u00e1s a Katschberg-alag\u00faton kereszt\u00fcl?<\/h3><\/div><div class=\"uagb-faq-content\"><p>Az \u00fat a Katschberg alag\u00faton k\u00f6r\u00fclbel\u00fcl 10 percet vesz ig\u00e9nybe.<\/p><\/div><\/div><div class=\"wp-block-uagb-faq-child uagb-faq-child__outer-wrap uagb-faq-item uagb-block-88984a11 \" role=\"tab\" tabindex=\"0\"><div class=\"uagb-faq-questions-button uagb-faq-questions\">\t\t\t<span class=\"uagb-icon uagb-faq-icon-wrap\">\n\t\t\t\t\t\t\t<\/span>\n\t\t\t\t\t\t<span class=\"uagb-icon-active uagb-faq-icon-wrap\">\n\t\t\t\t\t\t\t\t<svg xmlns=\"https:\/\/www.w3.org\/2000\/svg\" viewBox= \"0 0 320 512\"><path d=\"M9.39 265.4l127.1-128C143.6 131.1 151.8 128 160 128s16.38 3.125 22.63 9.375l127.1 128c9.156 9.156 11.9 22.91 6.943 34.88S300.9 320 287.1 320H32.01c-12.94 0-24.62-7.781-29.58-19.75S.2333 274.5 9.39 265.4z\"><\/path><\/svg>\n\t\t\t\t\t\t\t<\/span>\n\t\t\t<h3 class=\"uagb-question\">Milyen sz\u00e9les \u00e9s magas a Katschberg-alag\u00fat?<\/h3><\/div><div class=\"uagb-faq-content\"><p>A keleti \u00e9s nyugati cs\u00f6vek \u00fatsz\u00e9less\u00e9ge 7,50 m\u00e9ter. A Katschberg alag\u00fat magass\u00e1ga 4,70 m\u00e9ter. <\/p><\/div><\/div><\/div><\/div><\/div>\n","protected":false},"excerpt":{"rendered":"<p>Katschbergalag\u00fat fizet\u0151s Ausztria Katschbergalag\u00fat fizet\u0151s Ausztria (A 10 Tauern aut\u00f3p\u00e1lya) A Katschberg-alag\u00fat 5898 m\u00e9ter hossz\u00fa, \u00e9s a Tauern Autobahn (A [&hellip;]<\/p>\n","protected":false},"author":2,"featured_media":0,"parent":0,"menu_order":0,"comment_status":"closed","ping_status":"closed","template":"","meta":{"_uag_custom_page_level_css":"","site-sidebar-layout":"no-sidebar","site-content-layout":"","ast-site-content-layout":"normal-width-container","site-content-style":"unboxed","site-sidebar-style":"unboxed","ast-global-header-display":"","ast-banner-title-visibility":"","ast-main-header-display":"","ast-hfb-above-header-display":"","ast-hfb-below-header-display":"","ast-hfb-mobile-header-display":"","site-post-title":"disabled","ast-breadcrumbs-content":"","ast-featured-img":"","footer-sml-layout":"","ast-disable-related-posts":"","theme-transparent-header-meta":"enabled","adv-header-id-meta":"","stick-header-meta":"","header-above-stick-meta":"","header-main-stick-meta":"","header-below-stick-meta":"","astra-migrate-meta-layouts":"set","ast-page-background-enabled":"default","ast-page-background-meta":{"desktop":{"background-color":"var(--ast-global-color-5)","background-image":"","background-repeat":"repeat","background-position":"center center","background-size":"auto","background-attachment":"scroll","background-type":"","background-media":"","overlay-type":"","overlay-color":"","overlay-opacity":"","overlay-gradient":""},"tablet":{"background-color":"","background-image":"","background-repeat":"repeat","background-position":"center center","background-size":"auto","background-attachment":"scroll","background-type":"","background-media":"","overlay-type":"","overlay-color":"","overlay-opacity":"","overlay-gradient":""},"mobile":{"background-color":"","background-image":"","background-repeat":"repeat","background-position":"center center","background-size":"auto","background-attachment":"scroll","background-type":"","background-media":"","overlay-type":"","overlay-color":"","overlay-opacity":"","overlay-gradient":""}},"ast-content-background-meta":{"desktop":{"background-color":"var(--ast-global-color-4)","background-image":"","background-repeat":"repeat","background-position":"center center","background-size":"auto","background-attachment":"scroll","background-type":"","background-media":"","overlay-type":"","overlay-color":"","overlay-opacity":"","overlay-gradient":""},"tablet":{"background-color":"var(--ast-global-color-4)","background-image":"","background-repeat":"repeat","background-position":"center center","background-size":"auto","background-attachment":"scroll","background-type":"","background-media":"","overlay-type":"","overlay-color":"","overlay-opacity":"","overlay-gradient":""},"mobile":{"background-color":"var(--ast-global-color-4)","background-image":"","background-repeat":"repeat","background-position":"center center","background-size":"auto","background-attachment":"scroll","background-type":"","background-media":"","overlay-type":"","overlay-color":"","overlay-opacity":"","overlay-gradient":""}},"footnotes":""},"class_list":["post-5436","page","type-page","status-publish","hentry"],"yoast_head":"<!-- This site is optimized with the Yoast SEO plugin v27.1.1 - https:\/\/yoast.com\/product\/yoast-seo-wordpress\/ -->\n<title>Katschbergtunnel \u00fatd\u00edj Ausztria \u2013 Digit\u00e1lis \u00fatd\u00edj<\/title>\n<meta name=\"description\" content=\"V\u00e1s\u00e1rolja meg gyorsan \u00e9s k\u00e9nyelmesen az A10-es Tauern aut\u00f3p\u00e1ly\u00e1n a Katschbergtunnel Ausztria d\u00edjk\u00f6teles Ausztri\u00e1t online \u00fczlet\u00fcnkben. Azonnal \u00e9rv\u00e9nyes.\" \/>\n<meta name=\"robots\" content=\"index, follow, max-snippet:-1, max-image-preview:large, max-video-preview:-1\" \/>\n<link rel=\"canonical\" href=\"https:\/\/tollscout.eu\/hu\/katschbergalagut-fizetos-ausztria\/\" \/>\n<meta property=\"og:locale\" content=\"hu_HU\" \/>\n<meta property=\"og:type\" content=\"article\" \/>\n<meta property=\"og:title\" content=\"Katschbergtunnel \u00fatd\u00edj Ausztria \u2013 Digit\u00e1lis \u00fatd\u00edj\" \/>\n<meta property=\"og:description\" content=\"V\u00e1s\u00e1rolja meg gyorsan \u00e9s k\u00e9nyelmesen az A10-es Tauern aut\u00f3p\u00e1ly\u00e1n a Katschbergtunnel Ausztria d\u00edjk\u00f6teles Ausztri\u00e1t online \u00fczlet\u00fcnkben. Azonnal \u00e9rv\u00e9nyes.\" \/>\n<meta property=\"og:url\" content=\"https:\/\/tollscout.eu\/hu\/katschbergalagut-fizetos-ausztria\/\" \/>\n<meta property=\"og:site_name\" content=\"Tollscout\u00ae\" \/>\n<meta property=\"article:publisher\" content=\"https:\/\/facebook.com\/tollscout\" \/>\n<meta property=\"article:modified_time\" content=\"2024-07-31T23:50:15+00:00\" \/>\n<meta property=\"og:image\" content=\"https:\/\/tollscout.eu\/wp-content\/uploads\/2023\/08\/logo_color_360x92px.png\" \/>\n\t<meta property=\"og:image:width\" content=\"360\" \/>\n\t<meta property=\"og:image:height\" content=\"92\" \/>\n\t<meta property=\"og:image:type\" content=\"image\/png\" \/>\n<meta name=\"twitter:card\" content=\"summary_large_image\" \/>\n<meta name=\"twitter:site\" content=\"@tollscout\" \/>\n<meta name=\"twitter:label1\" content=\"Becs\u00fclt olvas\u00e1si id\u0151\" \/>\n\t<meta name=\"twitter:data1\" content=\"2 perc\" \/>\n<script type=\"application\/ld+json\" class=\"yoast-schema-graph\">{\"@context\":\"https:\/\/schema.org\",\"@graph\":[{\"@type\":\"WebPage\",\"@id\":\"https:\/\/tollscout.eu\/hu\/katschbergalagut-fizetos-ausztria\/\",\"url\":\"https:\/\/tollscout.eu\/hu\/katschbergalagut-fizetos-ausztria\/\",\"name\":\"Katschbergtunnel \u00fatd\u00edj Ausztria \u2013 Digit\u00e1lis \u00fatd\u00edj\",\"isPartOf\":{\"@id\":\"https:\/\/tollscout.eu\/hu\/#website\"},\"datePublished\":\"2023-08-25T09:52:28+00:00\",\"dateModified\":\"2024-07-31T23:50:15+00:00\",\"description\":\"V\u00e1s\u00e1rolja meg gyorsan \u00e9s k\u00e9nyelmesen az A10-es Tauern aut\u00f3p\u00e1ly\u00e1n a Katschbergtunnel Ausztria d\u00edjk\u00f6teles Ausztri\u00e1t online \u00fczlet\u00fcnkben. Azonnal \u00e9rv\u00e9nyes.\",\"breadcrumb\":{\"@id\":\"https:\/\/tollscout.eu\/hu\/katschbergalagut-fizetos-ausztria\/#breadcrumb\"},\"inLanguage\":\"hu\",\"potentialAction\":[{\"@type\":\"ReadAction\",\"target\":[\"https:\/\/tollscout.eu\/hu\/katschbergalagut-fizetos-ausztria\/\"]}]},{\"@type\":\"BreadcrumbList\",\"@id\":\"https:\/\/tollscout.eu\/hu\/katschbergalagut-fizetos-ausztria\/#breadcrumb\",\"itemListElement\":[{\"@type\":\"ListItem\",\"position\":1,\"name\":\"Startseite\",\"item\":\"https:\/\/tollscout.eu\/hu\/\"},{\"@type\":\"ListItem\",\"position\":2,\"name\":\"Katschbergalag\u00fat fizet\u0151s Ausztria\"}]},{\"@type\":\"WebSite\",\"@id\":\"https:\/\/tollscout.eu\/hu\/#website\",\"url\":\"https:\/\/tollscout.eu\/hu\/\",\"name\":\"Tollscout\u00ae\",\"description\":\"\",\"publisher\":{\"@id\":\"https:\/\/tollscout.eu\/hu\/#organization\"},\"potentialAction\":[{\"@type\":\"SearchAction\",\"target\":{\"@type\":\"EntryPoint\",\"urlTemplate\":\"https:\/\/tollscout.eu\/hu\/?s={search_term_string}\"},\"query-input\":{\"@type\":\"PropertyValueSpecification\",\"valueRequired\":true,\"valueName\":\"search_term_string\"}}],\"inLanguage\":\"hu\"},{\"@type\":\"Organization\",\"@id\":\"https:\/\/tollscout.eu\/hu\/#organization\",\"name\":\"TollScout\",\"alternateName\":\"TollScout\",\"url\":\"https:\/\/tollscout.eu\/hu\/\",\"logo\":{\"@type\":\"ImageObject\",\"inLanguage\":\"hu\",\"@id\":\"https:\/\/tollscout.eu\/hu\/#\/schema\/logo\/image\/\",\"url\":\"https:\/\/tollscout.eu\/wp-content\/uploads\/2023\/11\/logo_social_media_1024.png\",\"contentUrl\":\"https:\/\/tollscout.eu\/wp-content\/uploads\/2023\/11\/logo_social_media_1024.png\",\"width\":1024,\"height\":1024,\"caption\":\"TollScout\"},\"image\":{\"@id\":\"https:\/\/tollscout.eu\/hu\/#\/schema\/logo\/image\/\"},\"sameAs\":[\"https:\/\/facebook.com\/tollscout\",\"https:\/\/x.com\/tollscout\",\"https:\/\/instagram.com\/tollscout\"]}]}<\/script>\n<!-- \/ Yoast SEO plugin. -->","yoast_head_json":{"title":"Katschbergtunnel \u00fatd\u00edj Ausztria \u2013 Digit\u00e1lis \u00fatd\u00edj","description":"V\u00e1s\u00e1rolja meg gyorsan \u00e9s k\u00e9nyelmesen az A10-es Tauern aut\u00f3p\u00e1ly\u00e1n a Katschbergtunnel Ausztria d\u00edjk\u00f6teles Ausztri\u00e1t online \u00fczlet\u00fcnkben. Azonnal \u00e9rv\u00e9nyes.","robots":{"index":"index","follow":"follow","max-snippet":"max-snippet:-1","max-image-preview":"max-image-preview:large","max-video-preview":"max-video-preview:-1"},"canonical":"https:\/\/tollscout.eu\/hu\/katschbergalagut-fizetos-ausztria\/","og_locale":"hu_HU","og_type":"article","og_title":"Katschbergtunnel \u00fatd\u00edj Ausztria \u2013 Digit\u00e1lis \u00fatd\u00edj","og_description":"V\u00e1s\u00e1rolja meg gyorsan \u00e9s k\u00e9nyelmesen az A10-es Tauern aut\u00f3p\u00e1ly\u00e1n a Katschbergtunnel Ausztria d\u00edjk\u00f6teles Ausztri\u00e1t online \u00fczlet\u00fcnkben. Azonnal \u00e9rv\u00e9nyes.","og_url":"https:\/\/tollscout.eu\/hu\/katschbergalagut-fizetos-ausztria\/","og_site_name":"Tollscout\u00ae","article_publisher":"https:\/\/facebook.com\/tollscout","article_modified_time":"2024-07-31T23:50:15+00:00","og_image":[{"width":360,"height":92,"url":"https:\/\/tollscout.eu\/wp-content\/uploads\/2023\/08\/logo_color_360x92px.png","type":"image\/png"}],"twitter_card":"summary_large_image","twitter_site":"@tollscout","twitter_misc":{"Becs\u00fclt olvas\u00e1si id\u0151":"2 perc"},"schema":{"@context":"https:\/\/schema.org","@graph":[{"@type":"WebPage","@id":"https:\/\/tollscout.eu\/hu\/katschbergalagut-fizetos-ausztria\/","url":"https:\/\/tollscout.eu\/hu\/katschbergalagut-fizetos-ausztria\/","name":"Katschbergtunnel \u00fatd\u00edj Ausztria \u2013 Digit\u00e1lis \u00fatd\u00edj","isPartOf":{"@id":"https:\/\/tollscout.eu\/hu\/#website"},"datePublished":"2023-08-25T09:52:28+00:00","dateModified":"2024-07-31T23:50:15+00:00","description":"V\u00e1s\u00e1rolja meg gyorsan \u00e9s k\u00e9nyelmesen az A10-es Tauern aut\u00f3p\u00e1ly\u00e1n a Katschbergtunnel Ausztria d\u00edjk\u00f6teles Ausztri\u00e1t online \u00fczlet\u00fcnkben. Azonnal \u00e9rv\u00e9nyes.","breadcrumb":{"@id":"https:\/\/tollscout.eu\/hu\/katschbergalagut-fizetos-ausztria\/#breadcrumb"},"inLanguage":"hu","potentialAction":[{"@type":"ReadAction","target":["https:\/\/tollscout.eu\/hu\/katschbergalagut-fizetos-ausztria\/"]}]},{"@type":"BreadcrumbList","@id":"https:\/\/tollscout.eu\/hu\/katschbergalagut-fizetos-ausztria\/#breadcrumb","itemListElement":[{"@type":"ListItem","position":1,"name":"Startseite","item":"https:\/\/tollscout.eu\/hu\/"},{"@type":"ListItem","position":2,"name":"Katschbergalag\u00fat fizet\u0151s Ausztria"}]},{"@type":"WebSite","@id":"https:\/\/tollscout.eu\/hu\/#website","url":"https:\/\/tollscout.eu\/hu\/","name":"Tollscout\u00ae","description":"","publisher":{"@id":"https:\/\/tollscout.eu\/hu\/#organization"},"potentialAction":[{"@type":"SearchAction","target":{"@type":"EntryPoint","urlTemplate":"https:\/\/tollscout.eu\/hu\/?s={search_term_string}"},"query-input":{"@type":"PropertyValueSpecification","valueRequired":true,"valueName":"search_term_string"}}],"inLanguage":"hu"},{"@type":"Organization","@id":"https:\/\/tollscout.eu\/hu\/#organization","name":"TollScout","alternateName":"TollScout","url":"https:\/\/tollscout.eu\/hu\/","logo":{"@type":"ImageObject","inLanguage":"hu","@id":"https:\/\/tollscout.eu\/hu\/#\/schema\/logo\/image\/","url":"https:\/\/tollscout.eu\/wp-content\/uploads\/2023\/11\/logo_social_media_1024.png","contentUrl":"https:\/\/tollscout.eu\/wp-content\/uploads\/2023\/11\/logo_social_media_1024.png","width":1024,"height":1024,"caption":"TollScout"},"image":{"@id":"https:\/\/tollscout.eu\/hu\/#\/schema\/logo\/image\/"},"sameAs":["https:\/\/facebook.com\/tollscout","https:\/\/x.com\/tollscout","https:\/\/instagram.com\/tollscout"]}]}},"uagb_featured_image_src":{"full":false,"thumbnail":false,"medium":false,"medium_large":false,"large":false,"1536x1536":false,"2048x2048":false,"gform-image-choice-sm":false,"gform-image-choice-md":false,"gform-image-choice-lg":false},"uagb_author_info":{"display_name":"Tollscout","author_link":"https:\/\/tollscout.eu\/hu\/author\/m-hemm\/"},"uagb_comment_info":0,"uagb_excerpt":"Katschbergalag\u00fat fizet\u0151s Ausztria Katschbergalag\u00fat fizet\u0151s Ausztria (A 10 Tauern aut\u00f3p\u00e1lya) A Katschberg-alag\u00fat 5898 m\u00e9ter hossz\u00fa, \u00e9s a Tauern Autobahn (A [&hellip;]","_links":{"self":[{"href":"https:\/\/tollscout.eu\/hu\/wp-json\/wp\/v2\/pages\/5436","targetHints":{"allow":["GET"]}}],"collection":[{"href":"https:\/\/tollscout.eu\/hu\/wp-json\/wp\/v2\/pages"}],"about":[{"href":"https:\/\/tollscout.eu\/hu\/wp-json\/wp\/v2\/types\/page"}],"author":[{"embeddable":true,"href":"https:\/\/tollscout.eu\/hu\/wp-json\/wp\/v2\/users\/2"}],"replies":[{"embeddable":true,"href":"https:\/\/tollscout.eu\/hu\/wp-json\/wp\/v2\/comments?post=5436"}],"version-history":[{"count":11,"href":"https:\/\/tollscout.eu\/hu\/wp-json\/wp\/v2\/pages\/5436\/revisions"}],"predecessor-version":[{"id":9081,"href":"https:\/\/tollscout.eu\/hu\/wp-json\/wp\/v2\/pages\/5436\/revisions\/9081"}],"wp:attachment":[{"href":"https:\/\/tollscout.eu\/hu\/wp-json\/wp\/v2\/media?parent=5436"}],"curies":[{"name":"wp","href":"https:\/\/api.w.org\/{rel}","templated":true}]}}