{"id":5402,"date":"2023-08-25T12:00:01","date_gmt":"2023-08-25T10:00:01","guid":{"rendered":"https:\/\/tollscout.eu\/brenner-fizeto-ausztriat\/"},"modified":"2024-08-01T01:55:58","modified_gmt":"2024-07-31T23:55:58","slug":"brenner-fizeto-ausztriat","status":"publish","type":"page","link":"https:\/\/tollscout.eu\/hu\/brenner-fizeto-ausztriat\/","title":{"rendered":"Brenner fizet\u0151 Ausztri\u00e1t"},"content":{"rendered":"\n<div class=\"wp-block-uagb-container uagb-block-c1e2fce7 alignfull uagb-is-root-container\"><div class=\"uagb-container-inner-blocks-wrap\">\n<div class=\"wp-block-uagb-advanced-heading uagb-block-c767fabd\"><h1 class=\"uagb-heading-text\">Brenner \u00fatd\u00edj online Ausztria<\/h1><\/div>\n<\/div><\/div>\n\n<div class=\"wp-block-uagb-container uagb-block-03d628be alignfull uagb-is-root-container\"><div class=\"uagb-container-inner-blocks-wrap\">\n<div id=\"app\" data-context=\"at\"><\/div>\n<\/div><\/div>\n\n<div class=\"wp-block-uagb-container uagb-block-f356067b alignfull uagb-is-root-container\"><div class=\"uagb-container-inner-blocks-wrap\">\n<div class=\"wp-block-uagb-advanced-heading uagb-block-e02782db\"><h2 class=\"uagb-heading-text\">Brenner \u00fatd\u00edj online Ausztria<\/h2><p class=\"uagb-desc-text\">Az A 13-as Brenner aut\u00f3p\u00e1lya, amely a 45-\u00f6s eur\u00f3pai \u00fat r\u00e9sze, Tirolon kereszt\u00fcl h\u00faz\u00f3dik, \u00e9s az 1960-as \u00e9vekben \u00e9p\u00fclt Brenner aut\u00f3p\u00e1lya szerves r\u00e9sze, amelyet a vil\u00e1g egyik els\u0151 hegyi aut\u00f3p\u00e1ly\u00e1jak\u00e9nt tartanak sz\u00e1mon. A Brenner Autobahn osztr\u00e1k szakasza. 1971. \u00e1prilis 5-\u00e9n hivatalosan is megnyitott\u00e1k az Ausztria \u00e9s Olaszorsz\u00e1g k\u00f6z\u00f6tti forgalom sz\u00e1m\u00e1ra. Az A 13-as Innsbruckb\u00f3l (Inntal Autobahn A 12 csom\u00f3pont) a Wipptalon \u00e1t a Brenner-h\u00e1g\u00f3ig vezet, amely a Saint-Germain-i Szerz\u0151d\u00e9s \u00e9rtelm\u00e9ben 1920 \u00f3ta alkotja Olaszorsz\u00e1g \u00e9s Ausztria hat\u00e1r\u00e1t. A k\u00f6vetkez\u0151 szakaszt olasz ter\u00fcleten A 22-nek, Brenner Aut\u00f3p\u00e1lya\/Autostrada del Brennero vagy egyszer\u0171en Autobrennero n\u00e9ven emlegetik.    <\/p><\/div>\n<\/div><\/div>\n\n<div class=\"wp-block-uagb-container uagb-block-7efd3c31 alignfull uagb-is-root-container\"><div class=\"uagb-container-inner-blocks-wrap\">\n<div class=\"wp-block-uagb-advanced-heading uagb-block-4602874c\"><h2 class=\"uagb-heading-text\">GYIK<\/h2><p class=\"uagb-desc-text\">Itt v\u00e1laszolunk minden k\u00e9rd\u00e9sre a Brenner Toll Austria-val kapcsolatban.<\/p><\/div>\n\n\n<div class=\"wp-block-uagb-faq uagb-faq__outer-wrap uagb-block-4fe496d4 uagb-faq-icon-row-reverse uagb-faq-layout-accordion uagb-faq-expand-first-false uagb-faq-inactive-other-true uagb-faq__wrap uagb-buttons-layout-wrap uagb-faq-equal-height     \" data-faqtoggle=\"true\" role=\"tablist\"><div class=\"wp-block-uagb-faq-child uagb-faq-child__outer-wrap uagb-faq-item uagb-block-1a70522e \" role=\"tab\" tabindex=\"0\"><div class=\"uagb-faq-questions-button uagb-faq-questions\">\t\t\t<span class=\"uagb-icon uagb-faq-icon-wrap\">\n\t\t\t\t\t\t\t<\/span>\n\t\t\t\t\t\t<span class=\"uagb-icon-active uagb-faq-icon-wrap\">\n\t\t\t\t\t\t\t\t<svg xmlns=\"https:\/\/www.w3.org\/2000\/svg\" viewBox= \"0 0 320 512\"><path d=\"M9.39 265.4l127.1-128C143.6 131.1 151.8 128 160 128s16.38 3.125 22.63 9.375l127.1 128c9.156 9.156 11.9 22.91 6.943 34.88S300.9 320 287.1 320H32.01c-12.94 0-24.62-7.781-29.58-19.75S.2333 274.5 9.39 265.4z\"><\/path><\/svg>\n\t\t\t\t\t\t\t<\/span>\n\t\t\t<h3 class=\"uagb-question\">Mennyibe ker\u00fcl a Brenner \u00fatd\u00edj Ausztri\u00e1ban? <\/h3><\/div><div class=\"uagb-faq-content\"><p>A Brenner aut\u00f3p\u00e1lya (A13) d\u00edjai j\u00e1rm\u0171t\u00edpust\u00f3l, \u00e9vszakt\u00f3l \u00e9s \u00fatvonalszakaszt\u00f3l f\u00fcgg\u0151en v\u00e1ltozhatnak. Az aktu\u00e1lis tarif\u00e1kat c\u00e9lszer\u0171 az \u00fczemeltet\u0151 hivatalos honlapj\u00e1n vagy az \u00fatd\u00edjp\u00e9nzt\u00e1rakban ellen\u0151rizni, mivel azok v\u00e1ltozhatnak. A d\u00edjakat jellemz\u0151en a fut\u00e1steljes\u00edtm\u00e9ny \u00e9s a j\u00e1rm\u0171kateg\u00f3ria alapj\u00e1n sz\u00e1m\u00edtj\u00e1k ki, az aut\u00f3kra, lak\u00f3aut\u00f3kra, teheraut\u00f3kra \u00e9s buszokra elt\u00e9r\u0151 \u00e1rak vonatkoznak. A Brenner aut\u00f3p\u00e1ly\u00e1n k\u00fcl\u00f6nf\u00e9le fizet\u00e9si m\u00f3dok, p\u00e9ld\u00e1ul k\u00e9szp\u00e9nz vagy elektronikus \u00fatd\u00edjbeszed\u00e9si rendszerek is ig\u00e9nybe vehet\u0151k.   <\/p><\/div><\/div><div class=\"wp-block-uagb-faq-child uagb-faq-child__outer-wrap uagb-faq-item uagb-block-bd4b64b2 \" role=\"tab\" tabindex=\"0\"><div class=\"uagb-faq-questions-button uagb-faq-questions\">\t\t\t<span class=\"uagb-icon uagb-faq-icon-wrap\">\n\t\t\t\t\t\t\t<\/span>\n\t\t\t\t\t\t<span class=\"uagb-icon-active uagb-faq-icon-wrap\">\n\t\t\t\t\t\t\t\t<svg xmlns=\"https:\/\/www.w3.org\/2000\/svg\" viewBox= \"0 0 320 512\"><path d=\"M9.39 265.4l127.1-128C143.6 131.1 151.8 128 160 128s16.38 3.125 22.63 9.375l127.1 128c9.156 9.156 11.9 22.91 6.943 34.88S300.9 320 287.1 320H32.01c-12.94 0-24.62-7.781-29.58-19.75S.2333 274.5 9.39 265.4z\"><\/path><\/svg>\n\t\t\t\t\t\t\t<\/span>\n\t\t\t<h3 class=\"uagb-question\">Hogyan kell fizetni az \u00fatd\u00edjat a Brenner-h\u00e1g\u00f3n\u00e1l? <\/h3><\/div><div class=\"uagb-faq-content\"><p>A Brenner Autobahn A13 osztr\u00e1k r\u00e9sz\u00e9nek digit\u00e1lis \u00fatd\u00edja online is megv\u00e1s\u00e1rolhat\u00f3 n\u00e1lunk, illetve offline az \u00fatd\u00edj- \u00e9s benzinkutakn\u00e1l. Az A22-es Brenner aut\u00f3p\u00e1lya olasz szakasz\u00e1n nem lehet online v\u00e1s\u00e1rolni. Ennek az az oka, hogy Ausztri\u00e1ban \u00e9s Olaszorsz\u00e1gban elt\u00e9r\u0151 az \u00fatd\u00edjrendszer. Emiatt az \u00fatd\u00edjat az \u00fatd\u00edjp\u00e9nzt\u00e1rban kell megfizetni.   <\/p><\/div><\/div><div class=\"wp-block-uagb-faq-child uagb-faq-child__outer-wrap uagb-faq-item uagb-block-49ae175a \" role=\"tab\" tabindex=\"0\"><div class=\"uagb-faq-questions-button uagb-faq-questions\">\t\t\t<span class=\"uagb-icon uagb-faq-icon-wrap\">\n\t\t\t\t\t\t\t<\/span>\n\t\t\t\t\t\t<span class=\"uagb-icon-active uagb-faq-icon-wrap\">\n\t\t\t\t\t\t\t\t<svg xmlns=\"https:\/\/www.w3.org\/2000\/svg\" viewBox= \"0 0 320 512\"><path d=\"M9.39 265.4l127.1-128C143.6 131.1 151.8 128 160 128s16.38 3.125 22.63 9.375l127.1 128c9.156 9.156 11.9 22.91 6.943 34.88S300.9 320 287.1 320H32.01c-12.94 0-24.62-7.781-29.58-19.75S.2333 274.5 9.39 265.4z\"><\/path><\/svg>\n\t\t\t\t\t\t\t<\/span>\n\t\t\t<h3 class=\"uagb-question\">Hol fizetik a Brenner-\u00fatd\u00edjat?<\/h3><\/div><div class=\"uagb-faq-content\"><p>A Brenner aut\u00f3p\u00e1lya olaszorsz\u00e1gi szakasz\u00e1n, az <a href=\"https:\/\/de.wikipedia.org\/wiki\/Autostrada_A22\">Autostrada A22<\/a>-n az aut\u00f3p\u00e1lya ment\u00e9n elhelyezked\u0151 fizet\u0151\u00e1llom\u00e1sokon kell fizetni. A j\u00e1rm\u0171vezet\u0151knek ezeken az \u00e1llom\u00e1sokon d\u00edjat kell fizetni\u00fck az aut\u00f3p\u00e1lya haszn\u00e1lat\u00e1\u00e9rt. Nincs lehet\u0151s\u00e9g online fizet\u00e9sre vagy az \u00fatd\u00edj el\u0151refizet\u00e9s\u00e9re. <a href=\"https:\/\/de.wikipedia.org\/wiki\/Brenner_Autobahn\">A Brenner Autobahn A13 osztr\u00e1k r\u00e9sz\u00e9nek<\/a> \u00fatd\u00edja offline \u00e9s online is megv\u00e1s\u00e1rolhat\u00f3 online boltunkban.<\/p><\/div><\/div><div class=\"wp-block-uagb-faq-child uagb-faq-child__outer-wrap uagb-faq-item uagb-block-c7b6f203 \" role=\"tab\" tabindex=\"0\"><div class=\"uagb-faq-questions-button uagb-faq-questions\">\t\t\t<span class=\"uagb-icon uagb-faq-icon-wrap\">\n\t\t\t\t\t\t\t<\/span>\n\t\t\t\t\t\t<span class=\"uagb-icon-active uagb-faq-icon-wrap\">\n\t\t\t\t\t\t\t\t<svg xmlns=\"https:\/\/www.w3.org\/2000\/svg\" viewBox= \"0 0 320 512\"><path d=\"M9.39 265.4l127.1-128C143.6 131.1 151.8 128 160 128s16.38 3.125 22.63 9.375l127.1 128c9.156 9.156 11.9 22.91 6.943 34.88S300.9 320 287.1 320H32.01c-12.94 0-24.62-7.781-29.58-19.75S.2333 274.5 9.39 265.4z\"><\/path><\/svg>\n\t\t\t\t\t\t\t<\/span>\n\t\t\t<h3 class=\"uagb-question\">Milyen matric\u00e1ra vagy \u00fatd\u00edjra van sz\u00fcks\u00e9gem a Brennerhez?<\/h3><\/div><div class=\"uagb-faq-content\"><p>A Brenner-h\u00e1g\u00f3hoz sz\u00fcks\u00e9ges matric\u00e1k \u00e9s\/vagy \u00fatd\u00edjak az indul\u00e1st\u00f3l \u00e9s a c\u00e9l\u00e1llom\u00e1st\u00f3l f\u00fcggenek. Att\u00f3l f\u00fcgg\u0151en, hogy a Brenner ut\u00e1n Eur\u00f3pa melyik sark\u00e1ba szeretne eljutni, a sz\u00fcks\u00e9ges matric\u00e1k \u00e9s \u00fatd\u00edjak elt\u00e9r\u0151ek. Web\u00e1ruh\u00e1zunkban v\u00e1s\u00e1rolhat <a href=\"https:\/\/tollscout.eu\/digitale-vignette-oestehttps:\/\/tollscout.eu\/digitale-vignette-oesterreich-online\/rreich-online\/\">matric\u00e1kat Ausztria<\/a>, Szlov\u00e9nia, Sv\u00e1jc, Rom\u00e1nia, Bulg\u00e1ria, Szlov\u00e1kia, Magyarorsz\u00e1g \u00e9s Csehorsz\u00e1g sz\u00e1m\u00e1ra. Ausztri\u00e1ra vonatkoz\u00f3 \u00fatd\u00edjak is el\u00e9rhet\u0151ek t\u0151l\u00fcnk.    <\/p><\/div><\/div><div class=\"wp-block-uagb-faq-child uagb-faq-child__outer-wrap uagb-faq-item uagb-block-66a7673f \" role=\"tab\" tabindex=\"0\"><div class=\"uagb-faq-questions-button uagb-faq-questions\">\t\t\t<span class=\"uagb-icon uagb-faq-icon-wrap\">\n\t\t\t\t\t\t\t<\/span>\n\t\t\t\t\t\t<span class=\"uagb-icon-active uagb-faq-icon-wrap\">\n\t\t\t\t\t\t\t\t<svg xmlns=\"https:\/\/www.w3.org\/2000\/svg\" viewBox= \"0 0 320 512\"><path d=\"M9.39 265.4l127.1-128C143.6 131.1 151.8 128 160 128s16.38 3.125 22.63 9.375l127.1 128c9.156 9.156 11.9 22.91 6.943 34.88S300.9 320 287.1 320H32.01c-12.94 0-24.62-7.781-29.58-19.75S.2333 274.5 9.39 265.4z\"><\/path><\/svg>\n\t\t\t\t\t\t\t<\/span>\n\t\t\t<h3 class=\"uagb-question\">Mennyibe ker\u00fcl a Brenner-\u00fatd\u00edj Bolzan\u00f3ba?<\/h3><\/div><div class=\"uagb-faq-content\"><p>Nem lehet \u00e1ltal\u00e1noss\u00e1gban megmondani, hogy mekkora lesz az \u00fatd\u00edj a Brenner-h\u00e1g\u00f3n Bolzan\u00f3ig, mivel ez att\u00f3l f\u00fcgg, honnan \u00e9rkezel. Ha N\u00e9metorsz\u00e1gb\u00f3l vagy Ausztri\u00e1b\u00f3l a Brenner-h\u00e1g\u00f3n kereszt\u00fcl vezet Bolzano fel\u00e9, \u00e1ltal\u00e1ban osztr\u00e1k matric\u00e1t, valamint \u00fatd\u00edjat kell fizetnie az A13-as Brenner Autobahn \u00e9s az olasz Brenner Autobahn A22 osztr\u00e1k r\u00e9sz\u00e9n.  <\/p><\/div><\/div><div class=\"wp-block-uagb-faq-child uagb-faq-child__outer-wrap uagb-faq-item uagb-block-fe87bb9c \" role=\"tab\" tabindex=\"0\"><div class=\"uagb-faq-questions-button uagb-faq-questions\">\t\t\t<span class=\"uagb-icon uagb-faq-icon-wrap\">\n\t\t\t\t\t\t\t<\/span>\n\t\t\t\t\t\t<span class=\"uagb-icon-active uagb-faq-icon-wrap\">\n\t\t\t\t\t\t\t\t<svg xmlns=\"https:\/\/www.w3.org\/2000\/svg\" viewBox= \"0 0 320 512\"><path d=\"M9.39 265.4l127.1-128C143.6 131.1 151.8 128 160 128s16.38 3.125 22.63 9.375l127.1 128c9.156 9.156 11.9 22.91 6.943 34.88S300.9 320 287.1 320H32.01c-12.94 0-24.62-7.781-29.58-19.75S.2333 274.5 9.39 265.4z\"><\/path><\/svg>\n\t\t\t\t\t\t\t<\/span>\n\t\t\t<h3 class=\"uagb-question\">Mennyi \u00fatd\u00edjat fizet a Garda-t\u00f3\u00e9rt?<\/h3><\/div><div class=\"uagb-faq-content\"><p>Ami a Brenner-h\u00e1g\u00f3 \u00e9s a Garda-t\u00f3 d\u00edj\u00e1t illeti, nincs \u00e1ltal\u00e1nos v\u00e1lasz, mivel ez att\u00f3l f\u00fcgg, hogy melyik ir\u00e1nyb\u00f3l \u00e9rkezik. Ha N\u00e9metorsz\u00e1gb\u00f3l vagy Ausztri\u00e1b\u00f3l a Brenner-h\u00e1g\u00f3n \u00e1t a Garda-t\u00f3 fel\u00e9 vezet, \u00e1ltal\u00e1ban osztr\u00e1k matric\u00e1t, valamint \u00fatd\u00edjat kell fizetnie a Brenner Autobahn A13 \u00e9s az olasz Brenner Autobahn A22 osztr\u00e1k r\u00e9sz\u00e9n. <\/p><\/div><\/div><\/div><\/div><\/div>\n","protected":false},"excerpt":{"rendered":"<p>Brenner \u00fatd\u00edj online Ausztria Brenner \u00fatd\u00edj online Ausztria Az A 13-as Brenner aut\u00f3p\u00e1lya, amely a 45-\u00f6s eur\u00f3pai \u00fat r\u00e9sze, Tirolon [&hellip;]<\/p>\n","protected":false},"author":2,"featured_media":0,"parent":0,"menu_order":0,"comment_status":"closed","ping_status":"closed","template":"","meta":{"_uag_custom_page_level_css":"","site-sidebar-layout":"no-sidebar","site-content-layout":"","ast-site-content-layout":"normal-width-container","site-content-style":"unboxed","site-sidebar-style":"unboxed","ast-global-header-display":"","ast-banner-title-visibility":"","ast-main-header-display":"","ast-hfb-above-header-display":"","ast-hfb-below-header-display":"","ast-hfb-mobile-header-display":"","site-post-title":"disabled","ast-breadcrumbs-content":"","ast-featured-img":"","footer-sml-layout":"","ast-disable-related-posts":"","theme-transparent-header-meta":"enabled","adv-header-id-meta":"","stick-header-meta":"","header-above-stick-meta":"","header-main-stick-meta":"","header-below-stick-meta":"","astra-migrate-meta-layouts":"set","ast-page-background-enabled":"default","ast-page-background-meta":{"desktop":{"background-color":"var(--ast-global-color-5)","background-image":"","background-repeat":"repeat","background-position":"center center","background-size":"auto","background-attachment":"scroll","background-type":"","background-media":"","overlay-type":"","overlay-color":"","overlay-opacity":"","overlay-gradient":""},"tablet":{"background-color":"","background-image":"","background-repeat":"repeat","background-position":"center center","background-size":"auto","background-attachment":"scroll","background-type":"","background-media":"","overlay-type":"","overlay-color":"","overlay-opacity":"","overlay-gradient":""},"mobile":{"background-color":"","background-image":"","background-repeat":"repeat","background-position":"center center","background-size":"auto","background-attachment":"scroll","background-type":"","background-media":"","overlay-type":"","overlay-color":"","overlay-opacity":"","overlay-gradient":""}},"ast-content-background-meta":{"desktop":{"background-color":"var(--ast-global-color-4)","background-image":"","background-repeat":"repeat","background-position":"center center","background-size":"auto","background-attachment":"scroll","background-type":"","background-media":"","overlay-type":"","overlay-color":"","overlay-opacity":"","overlay-gradient":""},"tablet":{"background-color":"var(--ast-global-color-4)","background-image":"","background-repeat":"repeat","background-position":"center center","background-size":"auto","background-attachment":"scroll","background-type":"","background-media":"","overlay-type":"","overlay-color":"","overlay-opacity":"","overlay-gradient":""},"mobile":{"background-color":"var(--ast-global-color-4)","background-image":"","background-repeat":"repeat","background-position":"center center","background-size":"auto","background-attachment":"scroll","background-type":"","background-media":"","overlay-type":"","overlay-color":"","overlay-opacity":"","overlay-gradient":""}},"footnotes":""},"class_list":["post-5402","page","type-page","status-publish","hentry"],"yoast_head":"<!-- This site is optimized with the Yoast SEO plugin v27.1.1 - https:\/\/yoast.com\/product\/yoast-seo-wordpress\/ -->\n<title>Brenner Toll Online Austria - Azonnal \u00e9rv\u00e9nyes<\/title>\n<meta name=\"description\" content=\"Brenner \u00fatd\u00edj online Ausztria. V\u00e1s\u00e1rolja meg gyorsan \u00e9s egyszer\u0171en online az A13-as Brenner aut\u00f3p\u00e1lya digit\u00e1lis \u00fatd\u00edj\u00e1t. Azonnal \u00e9rv\u00e9nyes.\" \/>\n<meta name=\"robots\" content=\"index, follow, max-snippet:-1, max-image-preview:large, max-video-preview:-1\" \/>\n<link rel=\"canonical\" href=\"https:\/\/tollscout.eu\/hu\/brenner-fizeto-ausztriat\/\" \/>\n<meta property=\"og:locale\" content=\"hu_HU\" \/>\n<meta property=\"og:type\" content=\"article\" \/>\n<meta property=\"og:title\" content=\"Brenner Toll Online Austria - Azonnal \u00e9rv\u00e9nyes\" \/>\n<meta property=\"og:description\" content=\"Brenner \u00fatd\u00edj online Ausztria. V\u00e1s\u00e1rolja meg gyorsan \u00e9s egyszer\u0171en online az A13-as Brenner aut\u00f3p\u00e1lya digit\u00e1lis \u00fatd\u00edj\u00e1t. Azonnal \u00e9rv\u00e9nyes.\" \/>\n<meta property=\"og:url\" content=\"https:\/\/tollscout.eu\/hu\/brenner-fizeto-ausztriat\/\" \/>\n<meta property=\"og:site_name\" content=\"Tollscout\u00ae\" \/>\n<meta property=\"article:publisher\" content=\"https:\/\/facebook.com\/tollscout\" \/>\n<meta property=\"article:modified_time\" content=\"2024-07-31T23:55:58+00:00\" \/>\n<meta property=\"og:image\" content=\"https:\/\/tollscout.eu\/wp-content\/uploads\/2023\/08\/logo_color_360x92px.png\" \/>\n<meta name=\"twitter:card\" content=\"summary_large_image\" \/>\n<meta name=\"twitter:image\" content=\"https:\/\/tollscout.eu\/wp-content\/uploads\/2023\/08\/logo_color_360x92px.png\" \/>\n<meta name=\"twitter:site\" content=\"@tollscout\" \/>\n<meta name=\"twitter:label1\" content=\"Becs\u00fclt olvas\u00e1si id\u0151\" \/>\n\t<meta name=\"twitter:data1\" content=\"3 perc\" \/>\n<script type=\"application\/ld+json\" class=\"yoast-schema-graph\">{\"@context\":\"https:\/\/schema.org\",\"@graph\":[{\"@type\":\"WebPage\",\"@id\":\"https:\/\/tollscout.eu\/hu\/brenner-fizeto-ausztriat\/\",\"url\":\"https:\/\/tollscout.eu\/hu\/brenner-fizeto-ausztriat\/\",\"name\":\"Brenner Toll Online Austria - Azonnal \u00e9rv\u00e9nyes\",\"isPartOf\":{\"@id\":\"https:\/\/tollscout.eu\/hu\/#website\"},\"datePublished\":\"2023-08-25T10:00:01+00:00\",\"dateModified\":\"2024-07-31T23:55:58+00:00\",\"description\":\"Brenner \u00fatd\u00edj online Ausztria. V\u00e1s\u00e1rolja meg gyorsan \u00e9s egyszer\u0171en online az A13-as Brenner aut\u00f3p\u00e1lya digit\u00e1lis \u00fatd\u00edj\u00e1t. Azonnal \u00e9rv\u00e9nyes.\",\"breadcrumb\":{\"@id\":\"https:\/\/tollscout.eu\/hu\/brenner-fizeto-ausztriat\/#breadcrumb\"},\"inLanguage\":\"hu\",\"potentialAction\":[{\"@type\":\"ReadAction\",\"target\":[\"https:\/\/tollscout.eu\/hu\/brenner-fizeto-ausztriat\/\"]}]},{\"@type\":\"BreadcrumbList\",\"@id\":\"https:\/\/tollscout.eu\/hu\/brenner-fizeto-ausztriat\/#breadcrumb\",\"itemListElement\":[{\"@type\":\"ListItem\",\"position\":1,\"name\":\"Startseite\",\"item\":\"https:\/\/tollscout.eu\/hu\/\"},{\"@type\":\"ListItem\",\"position\":2,\"name\":\"Brenner fizet\u0151 Ausztri\u00e1t\"}]},{\"@type\":\"WebSite\",\"@id\":\"https:\/\/tollscout.eu\/hu\/#website\",\"url\":\"https:\/\/tollscout.eu\/hu\/\",\"name\":\"Tollscout\u00ae\",\"description\":\"\",\"publisher\":{\"@id\":\"https:\/\/tollscout.eu\/hu\/#organization\"},\"potentialAction\":[{\"@type\":\"SearchAction\",\"target\":{\"@type\":\"EntryPoint\",\"urlTemplate\":\"https:\/\/tollscout.eu\/hu\/?s={search_term_string}\"},\"query-input\":{\"@type\":\"PropertyValueSpecification\",\"valueRequired\":true,\"valueName\":\"search_term_string\"}}],\"inLanguage\":\"hu\"},{\"@type\":\"Organization\",\"@id\":\"https:\/\/tollscout.eu\/hu\/#organization\",\"name\":\"TollScout\",\"alternateName\":\"TollScout\",\"url\":\"https:\/\/tollscout.eu\/hu\/\",\"logo\":{\"@type\":\"ImageObject\",\"inLanguage\":\"hu\",\"@id\":\"https:\/\/tollscout.eu\/hu\/#\/schema\/logo\/image\/\",\"url\":\"https:\/\/tollscout.eu\/wp-content\/uploads\/2023\/11\/logo_social_media_1024.png\",\"contentUrl\":\"https:\/\/tollscout.eu\/wp-content\/uploads\/2023\/11\/logo_social_media_1024.png\",\"width\":1024,\"height\":1024,\"caption\":\"TollScout\"},\"image\":{\"@id\":\"https:\/\/tollscout.eu\/hu\/#\/schema\/logo\/image\/\"},\"sameAs\":[\"https:\/\/facebook.com\/tollscout\",\"https:\/\/x.com\/tollscout\",\"https:\/\/instagram.com\/tollscout\"]}]}<\/script>\n<!-- \/ Yoast SEO plugin. -->","yoast_head_json":{"title":"Brenner Toll Online Austria - Azonnal \u00e9rv\u00e9nyes","description":"Brenner \u00fatd\u00edj online Ausztria. V\u00e1s\u00e1rolja meg gyorsan \u00e9s egyszer\u0171en online az A13-as Brenner aut\u00f3p\u00e1lya digit\u00e1lis \u00fatd\u00edj\u00e1t. Azonnal \u00e9rv\u00e9nyes.","robots":{"index":"index","follow":"follow","max-snippet":"max-snippet:-1","max-image-preview":"max-image-preview:large","max-video-preview":"max-video-preview:-1"},"canonical":"https:\/\/tollscout.eu\/hu\/brenner-fizeto-ausztriat\/","og_locale":"hu_HU","og_type":"article","og_title":"Brenner Toll Online Austria - Azonnal \u00e9rv\u00e9nyes","og_description":"Brenner \u00fatd\u00edj online Ausztria. V\u00e1s\u00e1rolja meg gyorsan \u00e9s egyszer\u0171en online az A13-as Brenner aut\u00f3p\u00e1lya digit\u00e1lis \u00fatd\u00edj\u00e1t. Azonnal \u00e9rv\u00e9nyes.","og_url":"https:\/\/tollscout.eu\/hu\/brenner-fizeto-ausztriat\/","og_site_name":"Tollscout\u00ae","article_publisher":"https:\/\/facebook.com\/tollscout","article_modified_time":"2024-07-31T23:55:58+00:00","og_image":[{"url":"https:\/\/tollscout.eu\/wp-content\/uploads\/2023\/08\/logo_color_360x92px.png","type":"","width":"","height":""}],"twitter_card":"summary_large_image","twitter_image":"https:\/\/tollscout.eu\/wp-content\/uploads\/2023\/08\/logo_color_360x92px.png","twitter_site":"@tollscout","twitter_misc":{"Becs\u00fclt olvas\u00e1si id\u0151":"3 perc"},"schema":{"@context":"https:\/\/schema.org","@graph":[{"@type":"WebPage","@id":"https:\/\/tollscout.eu\/hu\/brenner-fizeto-ausztriat\/","url":"https:\/\/tollscout.eu\/hu\/brenner-fizeto-ausztriat\/","name":"Brenner Toll Online Austria - Azonnal \u00e9rv\u00e9nyes","isPartOf":{"@id":"https:\/\/tollscout.eu\/hu\/#website"},"datePublished":"2023-08-25T10:00:01+00:00","dateModified":"2024-07-31T23:55:58+00:00","description":"Brenner \u00fatd\u00edj online Ausztria. V\u00e1s\u00e1rolja meg gyorsan \u00e9s egyszer\u0171en online az A13-as Brenner aut\u00f3p\u00e1lya digit\u00e1lis \u00fatd\u00edj\u00e1t. Azonnal \u00e9rv\u00e9nyes.","breadcrumb":{"@id":"https:\/\/tollscout.eu\/hu\/brenner-fizeto-ausztriat\/#breadcrumb"},"inLanguage":"hu","potentialAction":[{"@type":"ReadAction","target":["https:\/\/tollscout.eu\/hu\/brenner-fizeto-ausztriat\/"]}]},{"@type":"BreadcrumbList","@id":"https:\/\/tollscout.eu\/hu\/brenner-fizeto-ausztriat\/#breadcrumb","itemListElement":[{"@type":"ListItem","position":1,"name":"Startseite","item":"https:\/\/tollscout.eu\/hu\/"},{"@type":"ListItem","position":2,"name":"Brenner fizet\u0151 Ausztri\u00e1t"}]},{"@type":"WebSite","@id":"https:\/\/tollscout.eu\/hu\/#website","url":"https:\/\/tollscout.eu\/hu\/","name":"Tollscout\u00ae","description":"","publisher":{"@id":"https:\/\/tollscout.eu\/hu\/#organization"},"potentialAction":[{"@type":"SearchAction","target":{"@type":"EntryPoint","urlTemplate":"https:\/\/tollscout.eu\/hu\/?s={search_term_string}"},"query-input":{"@type":"PropertyValueSpecification","valueRequired":true,"valueName":"search_term_string"}}],"inLanguage":"hu"},{"@type":"Organization","@id":"https:\/\/tollscout.eu\/hu\/#organization","name":"TollScout","alternateName":"TollScout","url":"https:\/\/tollscout.eu\/hu\/","logo":{"@type":"ImageObject","inLanguage":"hu","@id":"https:\/\/tollscout.eu\/hu\/#\/schema\/logo\/image\/","url":"https:\/\/tollscout.eu\/wp-content\/uploads\/2023\/11\/logo_social_media_1024.png","contentUrl":"https:\/\/tollscout.eu\/wp-content\/uploads\/2023\/11\/logo_social_media_1024.png","width":1024,"height":1024,"caption":"TollScout"},"image":{"@id":"https:\/\/tollscout.eu\/hu\/#\/schema\/logo\/image\/"},"sameAs":["https:\/\/facebook.com\/tollscout","https:\/\/x.com\/tollscout","https:\/\/instagram.com\/tollscout"]}]}},"uagb_featured_image_src":{"full":false,"thumbnail":false,"medium":false,"medium_large":false,"large":false,"1536x1536":false,"2048x2048":false,"gform-image-choice-sm":false,"gform-image-choice-md":false,"gform-image-choice-lg":false},"uagb_author_info":{"display_name":"Tollscout","author_link":"https:\/\/tollscout.eu\/hu\/author\/m-hemm\/"},"uagb_comment_info":0,"uagb_excerpt":"Brenner \u00fatd\u00edj online Ausztria Brenner \u00fatd\u00edj online Ausztria Az A 13-as Brenner aut\u00f3p\u00e1lya, amely a 45-\u00f6s eur\u00f3pai \u00fat r\u00e9sze, Tirolon [&hellip;]","_links":{"self":[{"href":"https:\/\/tollscout.eu\/hu\/wp-json\/wp\/v2\/pages\/5402","targetHints":{"allow":["GET"]}}],"collection":[{"href":"https:\/\/tollscout.eu\/hu\/wp-json\/wp\/v2\/pages"}],"about":[{"href":"https:\/\/tollscout.eu\/hu\/wp-json\/wp\/v2\/types\/page"}],"author":[{"embeddable":true,"href":"https:\/\/tollscout.eu\/hu\/wp-json\/wp\/v2\/users\/2"}],"replies":[{"embeddable":true,"href":"https:\/\/tollscout.eu\/hu\/wp-json\/wp\/v2\/comments?post=5402"}],"version-history":[{"count":6,"href":"https:\/\/tollscout.eu\/hu\/wp-json\/wp\/v2\/pages\/5402\/revisions"}],"predecessor-version":[{"id":9106,"href":"https:\/\/tollscout.eu\/hu\/wp-json\/wp\/v2\/pages\/5402\/revisions\/9106"}],"wp:attachment":[{"href":"https:\/\/tollscout.eu\/hu\/wp-json\/wp\/v2\/media?parent=5402"}],"curies":[{"name":"wp","href":"https:\/\/api.w.org\/{rel}","templated":true}]}}