{"id":5383,"date":"2023-09-08T12:48:12","date_gmt":"2023-09-08T10:48:12","guid":{"rendered":"https:\/\/tollscout.eu\/vasaroljon-digitalis-utdijat-online\/"},"modified":"2024-07-31T05:59:14","modified_gmt":"2024-07-31T03:59:14","slug":"vasaroljon-digitalis-utdijat-online","status":"publish","type":"page","link":"https:\/\/tollscout.eu\/hu\/vasaroljon-digitalis-utdijat-online\/","title":{"rendered":"V\u00e1s\u00e1roljon digit\u00e1lis \u00fatd\u00edjat online"},"content":{"rendered":"\n<div class=\"wp-block-uagb-container uagb-block-c1e2fce7 alignfull uagb-is-root-container\"><div class=\"uagb-container-inner-blocks-wrap\">\n<div class=\"wp-block-uagb-advanced-heading uagb-block-c767fabd\"><h1 class=\"uagb-heading-text\">V\u00e1s\u00e1roljon digit\u00e1lis \u00fatd\u00edjat online<\/h1><\/div>\n<\/div><\/div>\n\n<div class=\"wp-block-uagb-container uagb-block-610baaad alignfull uagb-is-root-container\"><div class=\"uagb-container-inner-blocks-wrap\">\n<div class=\"wp-block-uagb-container uagb-block-31b295f2\">\n<div class=\"wp-block-uagb-info-box uagb-block-2a89b7d9 uagb-infobox__content-wrap  uagb-infobox-icon-above-title uagb-infobox-image-valign-top\"><div class=\"uagb-ifb-content\"><div class=\"uagb-ifb-title-wrap\"><h2 class=\"uagb-ifb-title\">Digit\u00e1lis \u00fatd\u00edj Ausztria<\/h2><\/div><p class=\"uagb-ifb-desc\">A digit\u00e1lis \u00fatd\u00edjas Ausztria kulcsa a z\u00f6kken\u0151mentes aut\u00f3p\u00e1ly\u00e1s utaz\u00e1sokhoz az Alpok sz\u00edv\u00e9ben. K\u00e9nyelmesen online megv\u00e1s\u00e1rolhat\u00f3, stresszmentes utaz\u00e1st tesz lehet\u0151v\u00e9, bosszant\u00f3 matric\u00e1k \u00e9s id\u0151korl\u00e1tok n\u00e9lk\u00fcl. Fedezze fel Ausztria fens\u00e9ges t\u00e1jait \u00e9s t\u00f6rt\u00e9nelmi v\u00e1rosait, mik\u00f6zben gondtalanul utazik az utakon.  <\/p><div class=\"uagb-ifb-button-wrapper wp-block-button\"><a href=\"https:\/\/tollscout.eu\/digitale-streckenmaut-oesterreich\/\" class=\"uagb-infobox-cta-link wp-block-button__link\" target=\"_self\" rel=\"noopener noreferrer\" onclick=\"return true;\" alt=\"\"><span class=\"uagb-inline-editing\">Online v\u00e1s\u00e1rl\u00e1s<\/span><\/a><\/div><\/div><\/div>\n<\/div>\n\n\n\n<div class=\"wp-block-uagb-container uagb-block-7db25ae8\">\n<div class=\"wp-block-uagb-image uagb-block-f23a0025 wp-block-uagb-image--layout-default wp-block-uagb-image--effect-static wp-block-uagb-image--align-none\"><figure class=\"wp-block-uagb-image__figure\"><img decoding=\"async\" srcset=\"https:\/\/tollscout.eu\/wp-content\/uploads\/2024\/02\/nikolett-emmert-0kSrcV46cI4-unsplash-1024x683.jpg ,https:\/\/tollscout.eu\/wp-content\/uploads\/2024\/02\/nikolett-emmert-0kSrcV46cI4-unsplash-scaled.jpg 780w, https:\/\/tollscout.eu\/wp-content\/uploads\/2024\/02\/nikolett-emmert-0kSrcV46cI4-unsplash-scaled.jpg 360w\" sizes=\"auto, (max-width: 480px) 150px\" src=\"https:\/\/tollscout.eu\/wp-content\/uploads\/2024\/02\/nikolett-emmert-0kSrcV46cI4-unsplash-1024x683.jpg\" alt=\"Faaker See Villach k\u00f6zel\u00e9ben, Karinti\u00e1ban, a t\u00e1volb\u00f3l.\" class=\"uag-image-5315\" width=\"1024\" height=\"683\" title=\"\" loading=\"lazy\"><\/figure><\/div>\n<\/div>\n<\/div><\/div>\n\n<div class=\"wp-block-uagb-container uagb-block-0fa8dc87 alignfull uagb-is-root-container\"><div class=\"uagb-container-inner-blocks-wrap\">\n<div class=\"wp-block-uagb-container uagb-block-aaa491a8\">\n<div class=\"wp-block-uagb-image uagb-block-95ad5af2 wp-block-uagb-image--layout-default wp-block-uagb-image--effect-static wp-block-uagb-image--align-none\"><figure class=\"wp-block-uagb-image__figure\"><img decoding=\"async\" srcset=\"https:\/\/tollscout.eu\/wp-content\/uploads\/2024\/02\/louismoto-PuUzm0Npxz4-unsplash-1024x767.jpg ,https:\/\/tollscout.eu\/wp-content\/uploads\/2024\/02\/louismoto-PuUzm0Npxz4-unsplash-scaled.jpg 780w, https:\/\/tollscout.eu\/wp-content\/uploads\/2024\/02\/louismoto-PuUzm0Npxz4-unsplash-scaled.jpg 360w\" sizes=\"auto, (max-width: 480px) 150px\" src=\"https:\/\/tollscout.eu\/wp-content\/uploads\/2024\/02\/louismoto-PuUzm0Npxz4-unsplash-1024x767.jpg\" alt=\"Egy \u00fat Szlov\u00e9nia sztyepp\u00e9n\" class=\"uag-image-5320\" width=\"1024\" height=\"767\" title=\"\" loading=\"lazy\"><\/figure><\/div>\n<\/div>\n\n\n\n<div class=\"wp-block-uagb-container uagb-block-273f62cc\">\n<div class=\"wp-block-uagb-info-box uagb-block-f179cbd3 uagb-infobox__content-wrap  uagb-infobox-icon-above-title uagb-infobox-image-valign-top\"><div class=\"uagb-ifb-content\"><div class=\"uagb-ifb-title-wrap\"><h2 class=\"uagb-ifb-title\">Digit\u00e1lis \u00fatd\u00edj Szlov\u00e9nia<\/h2><\/div><p class=\"uagb-ifb-desc\">A Szlov\u00e9nia digit\u00e1lis \u00fatd\u00edjfizet\u00e9se feledhetetlen \u00fati kalandokat nyit meg ebben az elvar\u00e1zsolt orsz\u00e1gban. N\u00e9h\u00e1ny online kattint\u00e1ssal megv\u00e1s\u00e1rolva z\u00f6kken\u0151mentes utaz\u00e1st tesz lehet\u0151v\u00e9, \u00e9s hozz\u00e1f\u00e9r\u00e9st biztos\u00edt Szlov\u00e9nia fest\u0151i \u00f6sv\u00e9nyeihez. Fedezze fel Szlov\u00e9nia t\u00e1jainak soksz\u00edn\u0171s\u00e9g\u00e9t, \u00e9s mer\u00fclj\u00f6n el gazdag kult\u00far\u00e1j\u00e1ban, ragaszt\u00f3 \u00e9s id\u0151korl\u00e1t n\u00e9lk\u00fcl.  <\/p><div class=\"uagb-ifb-button-wrapper wp-block-button\"><a href=\"https:\/\/tollscout.eu\/digitale-vignette-slowenien-online\/\" class=\"uagb-infobox-cta-link wp-block-button__link\" target=\"_self\" rel=\"noopener noreferrer\" onclick=\"return true;\" alt=\"\"><span class=\"uagb-inline-editing\">T\u00f6bb inform\u00e1ci\u00f3<\/span><\/a><\/div><\/div><\/div>\n<\/div>\n<\/div><\/div>\n","protected":false},"excerpt":{"rendered":"<p>V\u00e1s\u00e1roljon digit\u00e1lis \u00fatd\u00edjat online<\/p>\n","protected":false},"author":2,"featured_media":0,"parent":0,"menu_order":0,"comment_status":"closed","ping_status":"closed","template":"","meta":{"_uag_custom_page_level_css":"","site-sidebar-layout":"no-sidebar","site-content-layout":"","ast-site-content-layout":"normal-width-container","site-content-style":"unboxed","site-sidebar-style":"unboxed","ast-global-header-display":"","ast-banner-title-visibility":"","ast-main-header-display":"","ast-hfb-above-header-display":"","ast-hfb-below-header-display":"","ast-hfb-mobile-header-display":"","site-post-title":"disabled","ast-breadcrumbs-content":"","ast-featured-img":"","footer-sml-layout":"","ast-disable-related-posts":"","theme-transparent-header-meta":"enabled","adv-header-id-meta":"","stick-header-meta":"","header-above-stick-meta":"","header-main-stick-meta":"","header-below-stick-meta":"","astra-migrate-meta-layouts":"set","ast-page-background-enabled":"default","ast-page-background-meta":{"desktop":{"background-color":"var(--ast-global-color-5)","background-image":"","background-repeat":"repeat","background-position":"center center","background-size":"auto","background-attachment":"scroll","background-type":"","background-media":"","overlay-type":"","overlay-color":"","overlay-opacity":"","overlay-gradient":""},"tablet":{"background-color":"","background-image":"","background-repeat":"repeat","background-position":"center center","background-size":"auto","background-attachment":"scroll","background-type":"","background-media":"","overlay-type":"","overlay-color":"","overlay-opacity":"","overlay-gradient":""},"mobile":{"background-color":"","background-image":"","background-repeat":"repeat","background-position":"center center","background-size":"auto","background-attachment":"scroll","background-type":"","background-media":"","overlay-type":"","overlay-color":"","overlay-opacity":"","overlay-gradient":""}},"ast-content-background-meta":{"desktop":{"background-color":"var(--ast-global-color-4)","background-image":"","background-repeat":"repeat","background-position":"center center","background-size":"auto","background-attachment":"scroll","background-type":"","background-media":"","overlay-type":"","overlay-color":"","overlay-opacity":"","overlay-gradient":""},"tablet":{"background-color":"var(--ast-global-color-4)","background-image":"","background-repeat":"repeat","background-position":"center center","background-size":"auto","background-attachment":"scroll","background-type":"","background-media":"","overlay-type":"","overlay-color":"","overlay-opacity":"","overlay-gradient":""},"mobile":{"background-color":"var(--ast-global-color-4)","background-image":"","background-repeat":"repeat","background-position":"center center","background-size":"auto","background-attachment":"scroll","background-type":"","background-media":"","overlay-type":"","overlay-color":"","overlay-opacity":"","overlay-gradient":""}},"footnotes":""},"class_list":["post-5383","page","type-page","status-publish","hentry"],"yoast_head":"<!-- This site is optimized with the Yoast SEO plugin v27.1.1 - https:\/\/yoast.com\/product\/yoast-seo-wordpress\/ -->\n<title>V\u00e1s\u00e1roljon digit\u00e1lis \u00fatd\u00edjat online Eur\u00f3p\u00e1ban \u2013 Azonnal \u00e9rv\u00e9nyes<\/title>\n<meta name=\"description\" content=\"V\u00e1s\u00e1roljon digit\u00e1lis \u00fatd\u00edjat online eg\u00e9sz Eur\u00f3p\u00e1ra. Regisztr\u00e1ljon digit\u00e1lis \u00fatd\u00edjakat egyszer\u0171en, gyorsan \u00e9s biztons\u00e1gosan. Azonnal \u00e9rv\u00e9nyes.\" \/>\n<meta name=\"robots\" content=\"index, follow, max-snippet:-1, max-image-preview:large, max-video-preview:-1\" \/>\n<link rel=\"canonical\" href=\"https:\/\/tollscout.eu\/hu\/vasaroljon-digitalis-utdijat-online\/\" \/>\n<meta property=\"og:locale\" content=\"hu_HU\" \/>\n<meta property=\"og:type\" content=\"article\" \/>\n<meta property=\"og:title\" content=\"V\u00e1s\u00e1roljon digit\u00e1lis \u00fatd\u00edjat online Eur\u00f3p\u00e1ban \u2013 Azonnal \u00e9rv\u00e9nyes\" \/>\n<meta property=\"og:description\" content=\"V\u00e1s\u00e1roljon digit\u00e1lis \u00fatd\u00edjat online eg\u00e9sz Eur\u00f3p\u00e1ra. Regisztr\u00e1ljon digit\u00e1lis \u00fatd\u00edjakat egyszer\u0171en, gyorsan \u00e9s biztons\u00e1gosan. Azonnal \u00e9rv\u00e9nyes.\" \/>\n<meta property=\"og:url\" content=\"https:\/\/tollscout.eu\/hu\/vasaroljon-digitalis-utdijat-online\/\" \/>\n<meta property=\"og:site_name\" content=\"Tollscout\u00ae\" \/>\n<meta property=\"article:publisher\" content=\"https:\/\/facebook.com\/tollscout\" \/>\n<meta property=\"article:modified_time\" content=\"2024-07-31T03:59:14+00:00\" \/>\n<meta property=\"og:image\" content=\"https:\/\/tollscout.eu\/wp-content\/uploads\/2024\/02\/nikolett-emmert-0kSrcV46cI4-unsplash-1024x683.jpg\" \/>\n<meta name=\"twitter:card\" content=\"summary_large_image\" \/>\n<meta name=\"twitter:site\" content=\"@tollscout\" \/>\n<meta name=\"twitter:label1\" content=\"Becs\u00fclt olvas\u00e1si id\u0151\" \/>\n\t<meta name=\"twitter:data1\" content=\"1 perc\" \/>\n<script type=\"application\/ld+json\" class=\"yoast-schema-graph\">{\"@context\":\"https:\/\/schema.org\",\"@graph\":[{\"@type\":\"WebPage\",\"@id\":\"https:\/\/tollscout.eu\/hu\/vasaroljon-digitalis-utdijat-online\/\",\"url\":\"https:\/\/tollscout.eu\/hu\/vasaroljon-digitalis-utdijat-online\/\",\"name\":\"V\u00e1s\u00e1roljon digit\u00e1lis \u00fatd\u00edjat online Eur\u00f3p\u00e1ban \u2013 Azonnal \u00e9rv\u00e9nyes\",\"isPartOf\":{\"@id\":\"https:\/\/tollscout.eu\/hu\/#website\"},\"primaryImageOfPage\":{\"@id\":\"https:\/\/tollscout.eu\/hu\/vasaroljon-digitalis-utdijat-online\/#primaryimage\"},\"image\":{\"@id\":\"https:\/\/tollscout.eu\/hu\/vasaroljon-digitalis-utdijat-online\/#primaryimage\"},\"thumbnailUrl\":\"https:\/\/tollscout.eu\/wp-content\/uploads\/2024\/02\/nikolett-emmert-0kSrcV46cI4-unsplash-1024x683.jpg\",\"datePublished\":\"2023-09-08T10:48:12+00:00\",\"dateModified\":\"2024-07-31T03:59:14+00:00\",\"description\":\"V\u00e1s\u00e1roljon digit\u00e1lis \u00fatd\u00edjat online eg\u00e9sz Eur\u00f3p\u00e1ra. Regisztr\u00e1ljon digit\u00e1lis \u00fatd\u00edjakat egyszer\u0171en, gyorsan \u00e9s biztons\u00e1gosan. Azonnal \u00e9rv\u00e9nyes.\",\"breadcrumb\":{\"@id\":\"https:\/\/tollscout.eu\/hu\/vasaroljon-digitalis-utdijat-online\/#breadcrumb\"},\"inLanguage\":\"hu\",\"potentialAction\":[{\"@type\":\"ReadAction\",\"target\":[\"https:\/\/tollscout.eu\/hu\/vasaroljon-digitalis-utdijat-online\/\"]}]},{\"@type\":\"ImageObject\",\"inLanguage\":\"hu\",\"@id\":\"https:\/\/tollscout.eu\/hu\/vasaroljon-digitalis-utdijat-online\/#primaryimage\",\"url\":\"https:\/\/tollscout.eu\/wp-content\/uploads\/2024\/02\/nikolett-emmert-0kSrcV46cI4-unsplash-1024x683.jpg\",\"contentUrl\":\"https:\/\/tollscout.eu\/wp-content\/uploads\/2024\/02\/nikolett-emmert-0kSrcV46cI4-unsplash-1024x683.jpg\"},{\"@type\":\"BreadcrumbList\",\"@id\":\"https:\/\/tollscout.eu\/hu\/vasaroljon-digitalis-utdijat-online\/#breadcrumb\",\"itemListElement\":[{\"@type\":\"ListItem\",\"position\":1,\"name\":\"Startseite\",\"item\":\"https:\/\/tollscout.eu\/hu\/\"},{\"@type\":\"ListItem\",\"position\":2,\"name\":\"V\u00e1s\u00e1roljon digit\u00e1lis \u00fatd\u00edjat online\"}]},{\"@type\":\"WebSite\",\"@id\":\"https:\/\/tollscout.eu\/hu\/#website\",\"url\":\"https:\/\/tollscout.eu\/hu\/\",\"name\":\"Tollscout\u00ae\",\"description\":\"\",\"publisher\":{\"@id\":\"https:\/\/tollscout.eu\/hu\/#organization\"},\"potentialAction\":[{\"@type\":\"SearchAction\",\"target\":{\"@type\":\"EntryPoint\",\"urlTemplate\":\"https:\/\/tollscout.eu\/hu\/?s={search_term_string}\"},\"query-input\":{\"@type\":\"PropertyValueSpecification\",\"valueRequired\":true,\"valueName\":\"search_term_string\"}}],\"inLanguage\":\"hu\"},{\"@type\":\"Organization\",\"@id\":\"https:\/\/tollscout.eu\/hu\/#organization\",\"name\":\"TollScout\",\"alternateName\":\"TollScout\",\"url\":\"https:\/\/tollscout.eu\/hu\/\",\"logo\":{\"@type\":\"ImageObject\",\"inLanguage\":\"hu\",\"@id\":\"https:\/\/tollscout.eu\/hu\/#\/schema\/logo\/image\/\",\"url\":\"https:\/\/tollscout.eu\/wp-content\/uploads\/2023\/11\/logo_social_media_1024.png\",\"contentUrl\":\"https:\/\/tollscout.eu\/wp-content\/uploads\/2023\/11\/logo_social_media_1024.png\",\"width\":1024,\"height\":1024,\"caption\":\"TollScout\"},\"image\":{\"@id\":\"https:\/\/tollscout.eu\/hu\/#\/schema\/logo\/image\/\"},\"sameAs\":[\"https:\/\/facebook.com\/tollscout\",\"https:\/\/x.com\/tollscout\",\"https:\/\/instagram.com\/tollscout\"]}]}<\/script>\n<!-- \/ Yoast SEO plugin. -->","yoast_head_json":{"title":"V\u00e1s\u00e1roljon digit\u00e1lis \u00fatd\u00edjat online Eur\u00f3p\u00e1ban \u2013 Azonnal \u00e9rv\u00e9nyes","description":"V\u00e1s\u00e1roljon digit\u00e1lis \u00fatd\u00edjat online eg\u00e9sz Eur\u00f3p\u00e1ra. Regisztr\u00e1ljon digit\u00e1lis \u00fatd\u00edjakat egyszer\u0171en, gyorsan \u00e9s biztons\u00e1gosan. Azonnal \u00e9rv\u00e9nyes.","robots":{"index":"index","follow":"follow","max-snippet":"max-snippet:-1","max-image-preview":"max-image-preview:large","max-video-preview":"max-video-preview:-1"},"canonical":"https:\/\/tollscout.eu\/hu\/vasaroljon-digitalis-utdijat-online\/","og_locale":"hu_HU","og_type":"article","og_title":"V\u00e1s\u00e1roljon digit\u00e1lis \u00fatd\u00edjat online Eur\u00f3p\u00e1ban \u2013 Azonnal \u00e9rv\u00e9nyes","og_description":"V\u00e1s\u00e1roljon digit\u00e1lis \u00fatd\u00edjat online eg\u00e9sz Eur\u00f3p\u00e1ra. Regisztr\u00e1ljon digit\u00e1lis \u00fatd\u00edjakat egyszer\u0171en, gyorsan \u00e9s biztons\u00e1gosan. Azonnal \u00e9rv\u00e9nyes.","og_url":"https:\/\/tollscout.eu\/hu\/vasaroljon-digitalis-utdijat-online\/","og_site_name":"Tollscout\u00ae","article_publisher":"https:\/\/facebook.com\/tollscout","article_modified_time":"2024-07-31T03:59:14+00:00","og_image":[{"url":"https:\/\/tollscout.eu\/wp-content\/uploads\/2024\/02\/nikolett-emmert-0kSrcV46cI4-unsplash-1024x683.jpg","type":"","width":"","height":""}],"twitter_card":"summary_large_image","twitter_site":"@tollscout","twitter_misc":{"Becs\u00fclt olvas\u00e1si id\u0151":"1 perc"},"schema":{"@context":"https:\/\/schema.org","@graph":[{"@type":"WebPage","@id":"https:\/\/tollscout.eu\/hu\/vasaroljon-digitalis-utdijat-online\/","url":"https:\/\/tollscout.eu\/hu\/vasaroljon-digitalis-utdijat-online\/","name":"V\u00e1s\u00e1roljon digit\u00e1lis \u00fatd\u00edjat online Eur\u00f3p\u00e1ban \u2013 Azonnal \u00e9rv\u00e9nyes","isPartOf":{"@id":"https:\/\/tollscout.eu\/hu\/#website"},"primaryImageOfPage":{"@id":"https:\/\/tollscout.eu\/hu\/vasaroljon-digitalis-utdijat-online\/#primaryimage"},"image":{"@id":"https:\/\/tollscout.eu\/hu\/vasaroljon-digitalis-utdijat-online\/#primaryimage"},"thumbnailUrl":"https:\/\/tollscout.eu\/wp-content\/uploads\/2024\/02\/nikolett-emmert-0kSrcV46cI4-unsplash-1024x683.jpg","datePublished":"2023-09-08T10:48:12+00:00","dateModified":"2024-07-31T03:59:14+00:00","description":"V\u00e1s\u00e1roljon digit\u00e1lis \u00fatd\u00edjat online eg\u00e9sz Eur\u00f3p\u00e1ra. Regisztr\u00e1ljon digit\u00e1lis \u00fatd\u00edjakat egyszer\u0171en, gyorsan \u00e9s biztons\u00e1gosan. Azonnal \u00e9rv\u00e9nyes.","breadcrumb":{"@id":"https:\/\/tollscout.eu\/hu\/vasaroljon-digitalis-utdijat-online\/#breadcrumb"},"inLanguage":"hu","potentialAction":[{"@type":"ReadAction","target":["https:\/\/tollscout.eu\/hu\/vasaroljon-digitalis-utdijat-online\/"]}]},{"@type":"ImageObject","inLanguage":"hu","@id":"https:\/\/tollscout.eu\/hu\/vasaroljon-digitalis-utdijat-online\/#primaryimage","url":"https:\/\/tollscout.eu\/wp-content\/uploads\/2024\/02\/nikolett-emmert-0kSrcV46cI4-unsplash-1024x683.jpg","contentUrl":"https:\/\/tollscout.eu\/wp-content\/uploads\/2024\/02\/nikolett-emmert-0kSrcV46cI4-unsplash-1024x683.jpg"},{"@type":"BreadcrumbList","@id":"https:\/\/tollscout.eu\/hu\/vasaroljon-digitalis-utdijat-online\/#breadcrumb","itemListElement":[{"@type":"ListItem","position":1,"name":"Startseite","item":"https:\/\/tollscout.eu\/hu\/"},{"@type":"ListItem","position":2,"name":"V\u00e1s\u00e1roljon digit\u00e1lis \u00fatd\u00edjat online"}]},{"@type":"WebSite","@id":"https:\/\/tollscout.eu\/hu\/#website","url":"https:\/\/tollscout.eu\/hu\/","name":"Tollscout\u00ae","description":"","publisher":{"@id":"https:\/\/tollscout.eu\/hu\/#organization"},"potentialAction":[{"@type":"SearchAction","target":{"@type":"EntryPoint","urlTemplate":"https:\/\/tollscout.eu\/hu\/?s={search_term_string}"},"query-input":{"@type":"PropertyValueSpecification","valueRequired":true,"valueName":"search_term_string"}}],"inLanguage":"hu"},{"@type":"Organization","@id":"https:\/\/tollscout.eu\/hu\/#organization","name":"TollScout","alternateName":"TollScout","url":"https:\/\/tollscout.eu\/hu\/","logo":{"@type":"ImageObject","inLanguage":"hu","@id":"https:\/\/tollscout.eu\/hu\/#\/schema\/logo\/image\/","url":"https:\/\/tollscout.eu\/wp-content\/uploads\/2023\/11\/logo_social_media_1024.png","contentUrl":"https:\/\/tollscout.eu\/wp-content\/uploads\/2023\/11\/logo_social_media_1024.png","width":1024,"height":1024,"caption":"TollScout"},"image":{"@id":"https:\/\/tollscout.eu\/hu\/#\/schema\/logo\/image\/"},"sameAs":["https:\/\/facebook.com\/tollscout","https:\/\/x.com\/tollscout","https:\/\/instagram.com\/tollscout"]}]}},"uagb_featured_image_src":{"full":false,"thumbnail":false,"medium":false,"medium_large":false,"large":false,"1536x1536":false,"2048x2048":false,"gform-image-choice-sm":false,"gform-image-choice-md":false,"gform-image-choice-lg":false},"uagb_author_info":{"display_name":"Tollscout","author_link":"https:\/\/tollscout.eu\/hu\/author\/m-hemm\/"},"uagb_comment_info":0,"uagb_excerpt":"V\u00e1s\u00e1roljon digit\u00e1lis \u00fatd\u00edjat online","_links":{"self":[{"href":"https:\/\/tollscout.eu\/hu\/wp-json\/wp\/v2\/pages\/5383","targetHints":{"allow":["GET"]}}],"collection":[{"href":"https:\/\/tollscout.eu\/hu\/wp-json\/wp\/v2\/pages"}],"about":[{"href":"https:\/\/tollscout.eu\/hu\/wp-json\/wp\/v2\/types\/page"}],"author":[{"embeddable":true,"href":"https:\/\/tollscout.eu\/hu\/wp-json\/wp\/v2\/users\/2"}],"replies":[{"embeddable":true,"href":"https:\/\/tollscout.eu\/hu\/wp-json\/wp\/v2\/comments?post=5383"}],"version-history":[{"count":5,"href":"https:\/\/tollscout.eu\/hu\/wp-json\/wp\/v2\/pages\/5383\/revisions"}],"predecessor-version":[{"id":8274,"href":"https:\/\/tollscout.eu\/hu\/wp-json\/wp\/v2\/pages\/5383\/revisions\/8274"}],"wp:attachment":[{"href":"https:\/\/tollscout.eu\/hu\/wp-json\/wp\/v2\/media?parent=5383"}],"curies":[{"name":"wp","href":"https:\/\/api.w.org\/{rel}","templated":true}]}}