{"id":5450,"date":"2023-08-24T17:48:25","date_gmt":"2023-08-24T15:48:25","guid":{"rendered":"https:\/\/tollscout.eu\/tauerntunnel-naplata-austrija\/"},"modified":"2024-08-01T01:46:26","modified_gmt":"2024-07-31T23:46:26","slug":"tauerntunnel-naplata-austrija","status":"publish","type":"page","link":"https:\/\/tollscout.eu\/hr\/tauerntunnel-naplata-austrija\/","title":{"rendered":"Tauerntunnel naplata Austrija"},"content":{"rendered":"\n<div class=\"wp-block-uagb-container uagb-block-c1e2fce7 alignfull uagb-is-root-container\"><div class=\"uagb-container-inner-blocks-wrap\">\n<div class=\"wp-block-uagb-advanced-heading uagb-block-c767fabd\"><h1 class=\"uagb-heading-text\">Tauerntunnel naplata Austrija<\/h1><\/div>\n<\/div><\/div>\n\n<div class=\"wp-block-uagb-container uagb-block-f0fe747c alignfull uagb-is-root-container\"><div class=\"uagb-container-inner-blocks-wrap\">\n<div id=\"app\" data-context=\"at\"><\/div>\n<\/div><\/div>\n\n<div class=\"wp-block-uagb-container uagb-block-f356067b alignfull uagb-is-root-container\"><div class=\"uagb-container-inner-blocks-wrap\">\n<div class=\"wp-block-uagb-advanced-heading uagb-block-e02782db\"><h2 class=\"uagb-heading-text\">Tauerntunnel naplata Austrija<\/h2><p class=\"uagb-desc-text\">Tunel Tauern je 6.546 metara dug cestovni tunel na Tauern Autobahnu A 10. Zajedno s tunelom Katschberg \u010dini klju\u010dni dio veze izme\u0111u Villacha i Salzburga. Prolaz izme\u0111u tunela Katschberg i Tauern, uklju\u010duju\u0107i vo\u017enju kroz oba tunela, klasificiran je kao posebna cestarina i zahtijeva naknadu od 13,50 eura. Ova je ruta, kao i sve druge rute s posebnom naplatom cestarine u Austriji, izuzeta od obveze vinjete.   <\/p><\/div>\n<\/div><\/div>\n\n<div class=\"wp-block-uagb-container uagb-block-7efd3c31 alignfull uagb-is-root-container\"><div class=\"uagb-container-inner-blocks-wrap\">\n<div class=\"wp-block-uagb-advanced-heading uagb-block-4602874c\"><h2 class=\"uagb-heading-text\">\u010cPP<\/h2><p class=\"uagb-desc-text\">Ovdje odgovaramo na sva pitanja o naplati tunela Tauern u Austriji.\u200b<\/p><\/div>\n\n\n<div class=\"wp-block-uagb-faq uagb-faq__outer-wrap uagb-block-4fe496d4 uagb-faq-icon-row-reverse uagb-faq-layout-accordion uagb-faq-expand-first-false uagb-faq-inactive-other-true uagb-faq__wrap uagb-buttons-layout-wrap uagb-faq-equal-height     \" data-faqtoggle=\"true\" role=\"tablist\"><div class=\"wp-block-uagb-faq-child uagb-faq-child__outer-wrap uagb-faq-item uagb-block-1a70522e wp-block-uagb-faq-child uagb-faq-child__outer-wrap uagb-faq-item uagb-block-1a70522e\" role=\"tab\" tabindex=\"0\"><div class=\"uagb-faq-questions-button uagb-faq-questions\">\t\t\t<span class=\"uagb-icon uagb-faq-icon-wrap\">\n\t\t\t\t\t\t\t<\/span>\n\t\t\t\t\t\t<span class=\"uagb-icon-active uagb-faq-icon-wrap\">\n\t\t\t\t\t\t\t\t<svg xmlns=\"https:\/\/www.w3.org\/2000\/svg\" viewBox= \"0 0 320 512\"><path d=\"M9.39 265.4l127.1-128C143.6 131.1 151.8 128 160 128s16.38 3.125 22.63 9.375l127.1 128c9.156 9.156 11.9 22.91 6.943 34.88S300.9 320 287.1 320H32.01c-12.94 0-24.62-7.781-29.58-19.75S.2333 274.5 9.39 265.4z\"><\/path><\/svg>\n\t\t\t\t\t\t\t<\/span>\n\t\t\t<h3 class=\"uagb-question\"><strong>Kada je tunel Tauern pu\u0161ten u promet?<\/strong><\/h3><\/div><div class=\"uagb-faq-content\"><p>Tunel Tauern, kao i <a href=\"https:\/\/tollscout.eu\/hr\/katschbergtunnel-naplata-austrija\/\">tunel Katschberg<\/a>, izvorno je planiran kao dvocijevni tunel za autocestu. Me\u0111utim, zbog financijskih razloga i zbog manjeg prometa od o\u010dekivanog, 1975. godine dovr\u0161ena je samo jedna od dvije cijevi, duga\u010dka 6401 metar. Planovi za drugu cijev privremeno su napu\u0161teni 1988.<\/p><\/div><\/div><div class=\"wp-block-uagb-faq-child uagb-faq-child__outer-wrap uagb-faq-item uagb-block-bd4b64b2 \" role=\"tab\" tabindex=\"0\"><div class=\"uagb-faq-questions-button uagb-faq-questions\">\t\t\t<span class=\"uagb-icon uagb-faq-icon-wrap\">\n\t\t\t\t\t\t\t<\/span>\n\t\t\t\t\t\t<span class=\"uagb-icon-active uagb-faq-icon-wrap\">\n\t\t\t\t\t\t\t\t<svg xmlns=\"https:\/\/www.w3.org\/2000\/svg\" viewBox= \"0 0 320 512\"><path d=\"M9.39 265.4l127.1-128C143.6 131.1 151.8 128 160 128s16.38 3.125 22.63 9.375l127.1 128c9.156 9.156 11.9 22.91 6.943 34.88S300.9 320 287.1 320H32.01c-12.94 0-24.62-7.781-29.58-19.75S.2333 274.5 9.39 265.4z\"><\/path><\/svg>\n\t\t\t\t\t\t\t<\/span>\n\t\t\t<h3 class=\"uagb-question\"><strong>Koliko je dug Tauerntunnel (A10 Tauernautobahn)?<\/strong><\/h3><\/div><div class=\"uagb-faq-content\"><p>Prva cijev tunela Tauern dovr\u0161ena je 1975. godine i duga je 6401 metar. Druga cijev, koja je dovr\u0161ena 2010. godine, duga je 6546 metara.  <\/p><\/div><\/div><div class=\"wp-block-uagb-faq-child uagb-faq-child__outer-wrap uagb-faq-item uagb-block-49ae175a \" role=\"tab\" tabindex=\"0\"><div class=\"uagb-faq-questions-button uagb-faq-questions\">\t\t\t<span class=\"uagb-icon uagb-faq-icon-wrap\">\n\t\t\t\t\t\t\t<\/span>\n\t\t\t\t\t\t<span class=\"uagb-icon-active uagb-faq-icon-wrap\">\n\t\t\t\t\t\t\t\t<svg xmlns=\"https:\/\/www.w3.org\/2000\/svg\" viewBox= \"0 0 320 512\"><path d=\"M9.39 265.4l127.1-128C143.6 131.1 151.8 128 160 128s16.38 3.125 22.63 9.375l127.1 128c9.156 9.156 11.9 22.91 6.943 34.88S300.9 320 287.1 320H32.01c-12.94 0-24.62-7.781-29.58-19.75S.2333 274.5 9.39 265.4z\"><\/path><\/svg>\n\t\t\t\t\t\t\t<\/span>\n\t\t\t<h3 class=\"uagb-question\"><strong>Za\u0161to je tunel Tauern izuzet od obveze vinjete?<\/strong><\/h3><\/div><div class=\"uagb-faq-content\"><p>Tunel Tauern dio je rute koji je izuzet od obveze pla\u0107anja vinjete, ali podlije\u017ee posebnoj cestarini. Cestarinu za Tauernautobahn A10 mo\u017eete kupiti brzo i povoljno online putem na\u0161e web trgovine. <\/p><\/div><\/div><div class=\"wp-block-uagb-faq-child uagb-faq-child__outer-wrap uagb-faq-item uagb-block-c7b6f203 \" role=\"tab\" tabindex=\"0\"><div class=\"uagb-faq-questions-button uagb-faq-questions\">\t\t\t<span class=\"uagb-icon uagb-faq-icon-wrap\">\n\t\t\t\t\t\t\t<\/span>\n\t\t\t\t\t\t<span class=\"uagb-icon-active uagb-faq-icon-wrap\">\n\t\t\t\t\t\t\t\t<svg xmlns=\"https:\/\/www.w3.org\/2000\/svg\" viewBox= \"0 0 320 512\"><path d=\"M9.39 265.4l127.1-128C143.6 131.1 151.8 128 160 128s16.38 3.125 22.63 9.375l127.1 128c9.156 9.156 11.9 22.91 6.943 34.88S300.9 320 287.1 320H32.01c-12.94 0-24.62-7.781-29.58-19.75S.2333 274.5 9.39 265.4z\"><\/path><\/svg>\n\t\t\t\t\t\t\t<\/span>\n\t\t\t<h3 class=\"uagb-question\"><strong>Koliko ko\u0161ta cestarina za tunel Tauern u Austriji?<\/strong><\/h3><\/div><div class=\"uagb-faq-content\"><p>Cijena jednosmjernog putovanja kroz tunel Tauern iznosi 13,50 \u20ac (od 2023.).<\/p><\/div><\/div><div class=\"wp-block-uagb-faq-child uagb-faq-child__outer-wrap uagb-faq-item uagb-block-66a7673f \" role=\"tab\" tabindex=\"0\"><div class=\"uagb-faq-questions-button uagb-faq-questions\">\t\t\t<span class=\"uagb-icon uagb-faq-icon-wrap\">\n\t\t\t\t\t\t\t<\/span>\n\t\t\t\t\t\t<span class=\"uagb-icon-active uagb-faq-icon-wrap\">\n\t\t\t\t\t\t\t\t<svg xmlns=\"https:\/\/www.w3.org\/2000\/svg\" viewBox= \"0 0 320 512\"><path d=\"M9.39 265.4l127.1-128C143.6 131.1 151.8 128 160 128s16.38 3.125 22.63 9.375l127.1 128c9.156 9.156 11.9 22.91 6.943 34.88S300.9 320 287.1 320H32.01c-12.94 0-24.62-7.781-29.58-19.75S.2333 274.5 9.39 265.4z\"><\/path><\/svg>\n\t\t\t\t\t\t\t<\/span>\n\t\t\t<h3 class=\"uagb-question\"><strong>Koliko traje putovanje kroz tunel Tauern?<\/strong><\/h3><\/div><div class=\"uagb-faq-content\"><p>Putovanje kroz tunel Tauern traje otprilike 12 minuta.<\/p><\/div><\/div><div class=\"wp-block-uagb-faq-child uagb-faq-child__outer-wrap uagb-faq-item uagb-block-33295dba \" role=\"tab\" tabindex=\"0\"><div class=\"uagb-faq-questions-button uagb-faq-questions\">\t\t\t<span class=\"uagb-icon uagb-faq-icon-wrap\">\n\t\t\t\t\t\t\t<\/span>\n\t\t\t\t\t\t<span class=\"uagb-icon-active uagb-faq-icon-wrap\">\n\t\t\t\t\t\t\t\t<svg xmlns=\"https:\/\/www.w3.org\/2000\/svg\" viewBox= \"0 0 320 512\"><path d=\"M9.39 265.4l127.1-128C143.6 131.1 151.8 128 160 128s16.38 3.125 22.63 9.375l127.1 128c9.156 9.156 11.9 22.91 6.943 34.88S300.9 320 287.1 320H32.01c-12.94 0-24.62-7.781-29.58-19.75S.2333 274.5 9.39 265.4z\"><\/path><\/svg>\n\t\t\t\t\t\t\t<\/span>\n\t\t\t<h3 class=\"uagb-question\"><strong><strong>Koliko je \u0161irok i visok tunel Tauern?<\/strong><\/strong><\/h3><\/div><div class=\"uagb-faq-content\"><p>\u0160irina prve i druge cijevi je 7,50 metara. Visina <a href=\"https:\/\/de.wikipedia.org\/wiki\/Tauerntunnel_(Autobahn)\">tunela Tauern<\/a> je 4,70 metara. <\/p><\/div><\/div><\/div><\/div><\/div>\n","protected":false},"excerpt":{"rendered":"<p>Tauerntunnel naplata Austrija Tauerntunnel naplata Austrija Tunel Tauern je 6.546 metara dug cestovni tunel na Tauern Autobahnu A 10. Zajedno [&hellip;]<\/p>\n","protected":false},"author":2,"featured_media":0,"parent":0,"menu_order":0,"comment_status":"closed","ping_status":"closed","template":"","meta":{"_uag_custom_page_level_css":"","site-sidebar-layout":"no-sidebar","site-content-layout":"","ast-site-content-layout":"normal-width-container","site-content-style":"unboxed","site-sidebar-style":"unboxed","ast-global-header-display":"","ast-banner-title-visibility":"","ast-main-header-display":"","ast-hfb-above-header-display":"","ast-hfb-below-header-display":"","ast-hfb-mobile-header-display":"","site-post-title":"disabled","ast-breadcrumbs-content":"","ast-featured-img":"","footer-sml-layout":"","ast-disable-related-posts":"","theme-transparent-header-meta":"enabled","adv-header-id-meta":"","stick-header-meta":"","header-above-stick-meta":"","header-main-stick-meta":"","header-below-stick-meta":"","astra-migrate-meta-layouts":"set","ast-page-background-enabled":"default","ast-page-background-meta":{"desktop":{"background-color":"var(--ast-global-color-5)","background-image":"","background-repeat":"repeat","background-position":"center center","background-size":"auto","background-attachment":"scroll","background-type":"","background-media":"","overlay-type":"","overlay-color":"","overlay-opacity":"","overlay-gradient":""},"tablet":{"background-color":"","background-image":"","background-repeat":"repeat","background-position":"center center","background-size":"auto","background-attachment":"scroll","background-type":"","background-media":"","overlay-type":"","overlay-color":"","overlay-opacity":"","overlay-gradient":""},"mobile":{"background-color":"","background-image":"","background-repeat":"repeat","background-position":"center center","background-size":"auto","background-attachment":"scroll","background-type":"","background-media":"","overlay-type":"","overlay-color":"","overlay-opacity":"","overlay-gradient":""}},"ast-content-background-meta":{"desktop":{"background-color":"var(--ast-global-color-4)","background-image":"","background-repeat":"repeat","background-position":"center center","background-size":"auto","background-attachment":"scroll","background-type":"","background-media":"","overlay-type":"","overlay-color":"","overlay-opacity":"","overlay-gradient":""},"tablet":{"background-color":"var(--ast-global-color-4)","background-image":"","background-repeat":"repeat","background-position":"center center","background-size":"auto","background-attachment":"scroll","background-type":"","background-media":"","overlay-type":"","overlay-color":"","overlay-opacity":"","overlay-gradient":""},"mobile":{"background-color":"var(--ast-global-color-4)","background-image":"","background-repeat":"repeat","background-position":"center center","background-size":"auto","background-attachment":"scroll","background-type":"","background-media":"","overlay-type":"","overlay-color":"","overlay-opacity":"","overlay-gradient":""}},"footnotes":""},"class_list":["post-5450","page","type-page","status-publish","hentry"],"yoast_head":"<!-- This site is optimized with the Yoast SEO plugin v27.1.1 - https:\/\/yoast.com\/product\/yoast-seo-wordpress\/ -->\n<title>Tauern Tunnel Toll Austria - Kupite digitalnu cestarinu<\/title>\n<meta name=\"description\" content=\"Registrirajte svoju digitalnu vinjetu za Ma\u0111arsku brzo i jednostavno online. Bez lijepljenja, bez stresa. Sigurno i udobno. Vrijedi odmah.\" \/>\n<meta name=\"robots\" content=\"index, follow, max-snippet:-1, max-image-preview:large, max-video-preview:-1\" \/>\n<link rel=\"canonical\" href=\"https:\/\/tollscout.eu\/hr\/tauerntunnel-naplata-austrija\/\" \/>\n<meta property=\"og:locale\" content=\"hr_HR\" \/>\n<meta property=\"og:type\" content=\"article\" \/>\n<meta property=\"og:title\" content=\"Tauern Tunnel Toll Austria - Kupite digitalnu cestarinu\" \/>\n<meta property=\"og:description\" content=\"Registrirajte svoju digitalnu vinjetu za Ma\u0111arsku brzo i jednostavno online. Bez lijepljenja, bez stresa. Sigurno i udobno. Vrijedi odmah.\" \/>\n<meta property=\"og:url\" content=\"https:\/\/tollscout.eu\/hr\/tauerntunnel-naplata-austrija\/\" \/>\n<meta property=\"og:site_name\" content=\"Tollscout\u00ae\" \/>\n<meta property=\"article:publisher\" content=\"https:\/\/facebook.com\/tollscout\" \/>\n<meta property=\"article:modified_time\" content=\"2024-07-31T23:46:26+00:00\" \/>\n<meta property=\"og:image\" content=\"https:\/\/tollscout.eu\/wp-content\/uploads\/2023\/08\/logo_color_360x92px.png\" \/>\n\t<meta property=\"og:image:width\" content=\"360\" \/>\n\t<meta property=\"og:image:height\" content=\"92\" \/>\n\t<meta property=\"og:image:type\" content=\"image\/png\" \/>\n<meta name=\"twitter:card\" content=\"summary_large_image\" \/>\n<meta name=\"twitter:site\" content=\"@tollscout\" \/>\n<meta name=\"twitter:label1\" content=\"Procijenjeno vrijeme \u010ditanja\" \/>\n\t<meta name=\"twitter:data1\" content=\"2 minute\" \/>\n<script type=\"application\/ld+json\" class=\"yoast-schema-graph\">{\"@context\":\"https:\/\/schema.org\",\"@graph\":[{\"@type\":\"WebPage\",\"@id\":\"https:\/\/tollscout.eu\/hr\/tauerntunnel-naplata-austrija\/\",\"url\":\"https:\/\/tollscout.eu\/hr\/tauerntunnel-naplata-austrija\/\",\"name\":\"Tauern Tunnel Toll Austria - Kupite digitalnu cestarinu\",\"isPartOf\":{\"@id\":\"https:\/\/tollscout.eu\/hr\/#website\"},\"datePublished\":\"2023-08-24T15:48:25+00:00\",\"dateModified\":\"2024-07-31T23:46:26+00:00\",\"description\":\"Registrirajte svoju digitalnu vinjetu za Ma\u0111arsku brzo i jednostavno online. Bez lijepljenja, bez stresa. Sigurno i udobno. Vrijedi odmah.\",\"breadcrumb\":{\"@id\":\"https:\/\/tollscout.eu\/hr\/tauerntunnel-naplata-austrija\/#breadcrumb\"},\"inLanguage\":\"hr\",\"potentialAction\":[{\"@type\":\"ReadAction\",\"target\":[\"https:\/\/tollscout.eu\/hr\/tauerntunnel-naplata-austrija\/\"]}]},{\"@type\":\"BreadcrumbList\",\"@id\":\"https:\/\/tollscout.eu\/hr\/tauerntunnel-naplata-austrija\/#breadcrumb\",\"itemListElement\":[{\"@type\":\"ListItem\",\"position\":1,\"name\":\"Startseite\",\"item\":\"https:\/\/tollscout.eu\/hr\/\"},{\"@type\":\"ListItem\",\"position\":2,\"name\":\"Tauerntunnel naplata Austrija\"}]},{\"@type\":\"WebSite\",\"@id\":\"https:\/\/tollscout.eu\/hr\/#website\",\"url\":\"https:\/\/tollscout.eu\/hr\/\",\"name\":\"Tollscout\u00ae\",\"description\":\"\",\"publisher\":{\"@id\":\"https:\/\/tollscout.eu\/hr\/#organization\"},\"potentialAction\":[{\"@type\":\"SearchAction\",\"target\":{\"@type\":\"EntryPoint\",\"urlTemplate\":\"https:\/\/tollscout.eu\/hr\/?s={search_term_string}\"},\"query-input\":{\"@type\":\"PropertyValueSpecification\",\"valueRequired\":true,\"valueName\":\"search_term_string\"}}],\"inLanguage\":\"hr\"},{\"@type\":\"Organization\",\"@id\":\"https:\/\/tollscout.eu\/hr\/#organization\",\"name\":\"TollScout\",\"alternateName\":\"TollScout\",\"url\":\"https:\/\/tollscout.eu\/hr\/\",\"logo\":{\"@type\":\"ImageObject\",\"inLanguage\":\"hr\",\"@id\":\"https:\/\/tollscout.eu\/hr\/#\/schema\/logo\/image\/\",\"url\":\"https:\/\/tollscout.eu\/wp-content\/uploads\/2023\/11\/logo_social_media_1024.png\",\"contentUrl\":\"https:\/\/tollscout.eu\/wp-content\/uploads\/2023\/11\/logo_social_media_1024.png\",\"width\":1024,\"height\":1024,\"caption\":\"TollScout\"},\"image\":{\"@id\":\"https:\/\/tollscout.eu\/hr\/#\/schema\/logo\/image\/\"},\"sameAs\":[\"https:\/\/facebook.com\/tollscout\",\"https:\/\/x.com\/tollscout\",\"https:\/\/instagram.com\/tollscout\"]}]}<\/script>\n<!-- \/ Yoast SEO plugin. -->","yoast_head_json":{"title":"Tauern Tunnel Toll Austria - Kupite digitalnu cestarinu","description":"Registrirajte svoju digitalnu vinjetu za Ma\u0111arsku brzo i jednostavno online. Bez lijepljenja, bez stresa. Sigurno i udobno. Vrijedi odmah.","robots":{"index":"index","follow":"follow","max-snippet":"max-snippet:-1","max-image-preview":"max-image-preview:large","max-video-preview":"max-video-preview:-1"},"canonical":"https:\/\/tollscout.eu\/hr\/tauerntunnel-naplata-austrija\/","og_locale":"hr_HR","og_type":"article","og_title":"Tauern Tunnel Toll Austria - Kupite digitalnu cestarinu","og_description":"Registrirajte svoju digitalnu vinjetu za Ma\u0111arsku brzo i jednostavno online. Bez lijepljenja, bez stresa. Sigurno i udobno. Vrijedi odmah.","og_url":"https:\/\/tollscout.eu\/hr\/tauerntunnel-naplata-austrija\/","og_site_name":"Tollscout\u00ae","article_publisher":"https:\/\/facebook.com\/tollscout","article_modified_time":"2024-07-31T23:46:26+00:00","og_image":[{"width":360,"height":92,"url":"https:\/\/tollscout.eu\/wp-content\/uploads\/2023\/08\/logo_color_360x92px.png","type":"image\/png"}],"twitter_card":"summary_large_image","twitter_site":"@tollscout","twitter_misc":{"Procijenjeno vrijeme \u010ditanja":"2 minute"},"schema":{"@context":"https:\/\/schema.org","@graph":[{"@type":"WebPage","@id":"https:\/\/tollscout.eu\/hr\/tauerntunnel-naplata-austrija\/","url":"https:\/\/tollscout.eu\/hr\/tauerntunnel-naplata-austrija\/","name":"Tauern Tunnel Toll Austria - Kupite digitalnu cestarinu","isPartOf":{"@id":"https:\/\/tollscout.eu\/hr\/#website"},"datePublished":"2023-08-24T15:48:25+00:00","dateModified":"2024-07-31T23:46:26+00:00","description":"Registrirajte svoju digitalnu vinjetu za Ma\u0111arsku brzo i jednostavno online. Bez lijepljenja, bez stresa. Sigurno i udobno. Vrijedi odmah.","breadcrumb":{"@id":"https:\/\/tollscout.eu\/hr\/tauerntunnel-naplata-austrija\/#breadcrumb"},"inLanguage":"hr","potentialAction":[{"@type":"ReadAction","target":["https:\/\/tollscout.eu\/hr\/tauerntunnel-naplata-austrija\/"]}]},{"@type":"BreadcrumbList","@id":"https:\/\/tollscout.eu\/hr\/tauerntunnel-naplata-austrija\/#breadcrumb","itemListElement":[{"@type":"ListItem","position":1,"name":"Startseite","item":"https:\/\/tollscout.eu\/hr\/"},{"@type":"ListItem","position":2,"name":"Tauerntunnel naplata Austrija"}]},{"@type":"WebSite","@id":"https:\/\/tollscout.eu\/hr\/#website","url":"https:\/\/tollscout.eu\/hr\/","name":"Tollscout\u00ae","description":"","publisher":{"@id":"https:\/\/tollscout.eu\/hr\/#organization"},"potentialAction":[{"@type":"SearchAction","target":{"@type":"EntryPoint","urlTemplate":"https:\/\/tollscout.eu\/hr\/?s={search_term_string}"},"query-input":{"@type":"PropertyValueSpecification","valueRequired":true,"valueName":"search_term_string"}}],"inLanguage":"hr"},{"@type":"Organization","@id":"https:\/\/tollscout.eu\/hr\/#organization","name":"TollScout","alternateName":"TollScout","url":"https:\/\/tollscout.eu\/hr\/","logo":{"@type":"ImageObject","inLanguage":"hr","@id":"https:\/\/tollscout.eu\/hr\/#\/schema\/logo\/image\/","url":"https:\/\/tollscout.eu\/wp-content\/uploads\/2023\/11\/logo_social_media_1024.png","contentUrl":"https:\/\/tollscout.eu\/wp-content\/uploads\/2023\/11\/logo_social_media_1024.png","width":1024,"height":1024,"caption":"TollScout"},"image":{"@id":"https:\/\/tollscout.eu\/hr\/#\/schema\/logo\/image\/"},"sameAs":["https:\/\/facebook.com\/tollscout","https:\/\/x.com\/tollscout","https:\/\/instagram.com\/tollscout"]}]}},"uagb_featured_image_src":{"full":false,"thumbnail":false,"medium":false,"medium_large":false,"large":false,"1536x1536":false,"2048x2048":false,"gform-image-choice-sm":false,"gform-image-choice-md":false,"gform-image-choice-lg":false},"uagb_author_info":{"display_name":"Tollscout","author_link":"https:\/\/tollscout.eu\/hr\/author\/m-hemm\/"},"uagb_comment_info":0,"uagb_excerpt":"Tauerntunnel naplata Austrija Tauerntunnel naplata Austrija Tunel Tauern je 6.546 metara dug cestovni tunel na Tauern Autobahnu A 10. Zajedno [&hellip;]","_links":{"self":[{"href":"https:\/\/tollscout.eu\/hr\/wp-json\/wp\/v2\/pages\/5450","targetHints":{"allow":["GET"]}}],"collection":[{"href":"https:\/\/tollscout.eu\/hr\/wp-json\/wp\/v2\/pages"}],"about":[{"href":"https:\/\/tollscout.eu\/hr\/wp-json\/wp\/v2\/types\/page"}],"author":[{"embeddable":true,"href":"https:\/\/tollscout.eu\/hr\/wp-json\/wp\/v2\/users\/2"}],"replies":[{"embeddable":true,"href":"https:\/\/tollscout.eu\/hr\/wp-json\/wp\/v2\/comments?post=5450"}],"version-history":[{"count":8,"href":"https:\/\/tollscout.eu\/hr\/wp-json\/wp\/v2\/pages\/5450\/revisions"}],"predecessor-version":[{"id":9067,"href":"https:\/\/tollscout.eu\/hr\/wp-json\/wp\/v2\/pages\/5450\/revisions\/9067"}],"wp:attachment":[{"href":"https:\/\/tollscout.eu\/hr\/wp-json\/wp\/v2\/media?parent=5450"}],"curies":[{"name":"wp","href":"https:\/\/api.w.org\/{rel}","templated":true}]}}