{"id":5413,"date":"2023-08-24T17:31:39","date_gmt":"2023-08-24T15:31:39","guid":{"rendered":"https:\/\/tollscout.eu\/tunel-karavanke-naplata-austrija\/"},"modified":"2024-08-01T01:52:39","modified_gmt":"2024-07-31T23:52:39","slug":"tunel-karavanke-naplata-austrija","status":"publish","type":"page","link":"https:\/\/tollscout.eu\/hr\/tunel-karavanke-naplata-austrija\/","title":{"rendered":"Tunel Karavanke naplata Austrija"},"content":{"rendered":"\n<div class=\"wp-block-uagb-container uagb-block-c1e2fce7 alignfull uagb-is-root-container\"><div class=\"uagb-container-inner-blocks-wrap\">\n<div class=\"wp-block-uagb-advanced-heading uagb-block-c767fabd\"><h1 class=\"uagb-heading-text\">Tunel Karavanke naplata Austrija<\/h1><\/div>\n<\/div><\/div>\n\n<div class=\"wp-block-uagb-container uagb-block-dc200595 alignfull uagb-is-root-container\"><div class=\"uagb-container-inner-blocks-wrap\">\n<div id=\"app\" data-context=\"at\"><\/div>\n<\/div><\/div>\n\n<div class=\"wp-block-uagb-container uagb-block-f356067b alignfull uagb-is-root-container\"><div class=\"uagb-container-inner-blocks-wrap\">\n<div class=\"wp-block-uagb-advanced-heading uagb-block-e02782db\"><h2 class=\"uagb-heading-text\">Tunel Karavanke naplata Austrija<\/h2><p class=\"uagb-desc-text\">Tunel Karavanke (poznat i kao Predor Karavanke na slovenskom) prote\u017ee se na gotovo 8 kilometara na granici izme\u0111u Austrije i Slovenije. Povezuje austrijsku Karawanken Autobahn sa slovenskom Autocestom A2 u smjeru Ljubljane. Tunel prolazi izme\u0111u gradova Jesenice i Rosenbach, dijela Sankt Jakob im Rosental, i prelazi preko planinskog lanca Karawanken, koji je dio ju\u017enih Vapnena\u010dkih Alpa.  <\/p><\/div>\n<\/div><\/div>\n\n<div class=\"wp-block-uagb-container uagb-block-7efd3c31 alignfull uagb-is-root-container\"><div class=\"uagb-container-inner-blocks-wrap\">\n<div class=\"wp-block-uagb-advanced-heading uagb-block-4602874c\"><h2 class=\"uagb-heading-text\">\u010cPP<\/h2><p class=\"uagb-desc-text\">Ovdje odgovaramo na sva pitanja o naplati tunela Karavanke u Austriji.\u200b<\/p><\/div>\n\n\n<div class=\"wp-block-uagb-faq uagb-faq__outer-wrap uagb-block-4fe496d4 uagb-faq-icon-row-reverse uagb-faq-layout-accordion uagb-faq-expand-first-false uagb-faq-inactive-other-true uagb-faq__wrap uagb-buttons-layout-wrap uagb-faq-equal-height     \" data-faqtoggle=\"true\" role=\"tablist\"><div class=\"wp-block-uagb-faq-child uagb-faq-child__outer-wrap uagb-faq-item uagb-block-1a70522e \" role=\"tab\" tabindex=\"0\"><div class=\"uagb-faq-questions-button uagb-faq-questions\">\t\t\t<span class=\"uagb-icon uagb-faq-icon-wrap\">\n\t\t\t\t\t\t\t<\/span>\n\t\t\t\t\t\t<span class=\"uagb-icon-active uagb-faq-icon-wrap\">\n\t\t\t\t\t\t\t\t<svg xmlns=\"https:\/\/www.w3.org\/2000\/svg\" viewBox= \"0 0 320 512\"><path d=\"M9.39 265.4l127.1-128C143.6 131.1 151.8 128 160 128s16.38 3.125 22.63 9.375l127.1 128c9.156 9.156 11.9 22.91 6.943 34.88S300.9 320 287.1 320H32.01c-12.94 0-24.62-7.781-29.58-19.75S.2333 274.5 9.39 265.4z\"><\/path><\/svg>\n\t\t\t\t\t\t\t<\/span>\n\t\t\t<h3 class=\"uagb-question\"><strong>Kada je Karavan\u010dki tunel pu\u0161ten u promet?<\/strong><\/h3><\/div><div class=\"uagb-faq-content\"><p>Izgradnja zapadne cijevi Karavan\u010dkog tunela zapo\u010dela je 12. kolovoza 1986. godine, nakon \u0161to su ve\u0107 bili unaprijed napravljeni planovi izgradnje tunela. Dovr\u0161en je 1991. Radovi na izgradnji isto\u010dne cijevi zapo\u010deli su 2018. Predvi\u0111eno je da \u0107e biti zavr\u0161eni do 2025. Nakon \u0161to se dovr\u0161i isto\u010dna cijev, bit \u0107e u potpunosti obnovljena zapadna cijev. Obje cijevi bit \u0107e ponovno pu\u0161tene u rad 2027. godine.     <\/p><\/div><\/div><div class=\"wp-block-uagb-faq-child uagb-faq-child__outer-wrap uagb-faq-item uagb-block-bd4b64b2 \" role=\"tab\" tabindex=\"0\"><div class=\"uagb-faq-questions-button uagb-faq-questions\">\t\t\t<span class=\"uagb-icon uagb-faq-icon-wrap\">\n\t\t\t\t\t\t\t<\/span>\n\t\t\t\t\t\t<span class=\"uagb-icon-active uagb-faq-icon-wrap\">\n\t\t\t\t\t\t\t\t<svg xmlns=\"https:\/\/www.w3.org\/2000\/svg\" viewBox= \"0 0 320 512\"><path d=\"M9.39 265.4l127.1-128C143.6 131.1 151.8 128 160 128s16.38 3.125 22.63 9.375l127.1 128c9.156 9.156 11.9 22.91 6.943 34.88S300.9 320 287.1 320H32.01c-12.94 0-24.62-7.781-29.58-19.75S.2333 274.5 9.39 265.4z\"><\/path><\/svg>\n\t\t\t\t\t\t\t<\/span>\n\t\t\t<h3 class=\"uagb-question\"><strong>Koliko je duga\u010dak tunel Karavanke (autocesta A11 Karavanke)?<\/strong><\/h3><\/div><div class=\"uagb-faq-content\"><p>Zapadna cijev tunela Karavanke duga je 7.864 metra i povezuje austrijsku autocestu Karavanke sa slovenskom Autocestom A2 u smjeru <a href=\"https:\/\/de.wikipedia.org\/wiki\/Ljubljana\">Ljubljane<\/a>. Tunel Karawanken je dio autoceste Karawanken Autobahn (A11) koji je izuzet od obveze pla\u0107anja vinjete, ali podlije\u017ee posebnoj cestarini. <\/p><\/div><\/div><div class=\"wp-block-uagb-faq-child uagb-faq-child__outer-wrap uagb-faq-item uagb-block-49ae175a wp-block-uagb-faq-child uagb-faq-child__outer-wrap uagb-faq-item uagb-block-49ae175a\" role=\"tab\" tabindex=\"0\"><div class=\"uagb-faq-questions-button uagb-faq-questions\">\t\t\t<span class=\"uagb-icon uagb-faq-icon-wrap\">\n\t\t\t\t\t\t\t<\/span>\n\t\t\t\t\t\t<span class=\"uagb-icon-active uagb-faq-icon-wrap\">\n\t\t\t\t\t\t\t\t<svg xmlns=\"https:\/\/www.w3.org\/2000\/svg\" viewBox= \"0 0 320 512\"><path d=\"M9.39 265.4l127.1-128C143.6 131.1 151.8 128 160 128s16.38 3.125 22.63 9.375l127.1 128c9.156 9.156 11.9 22.91 6.943 34.88S300.9 320 287.1 320H32.01c-12.94 0-24.62-7.781-29.58-19.75S.2333 274.5 9.39 265.4z\"><\/path><\/svg>\n\t\t\t\t\t\t\t<\/span>\n\t\t\t<h3 class=\"uagb-question\"><strong>Za\u0161to je Karavan\u010dki tunel izuzet od obveze vinjete?<\/strong><\/h3><\/div><div class=\"uagb-faq-content\"><p>Tunel Karavanke dio je rute koji je izuzet od obveze pla\u0107anja vinjete, ali podlije\u017ee posebnoj cestarini. Cestarinu za Karawankenautobahn A11 i <a href=\"https:\/\/tollscout.eu\/hr\/tauerntunnel-naplata-austrija\/\">Tauernautobahn A10<\/a> mo\u017eete kupiti brzo i povoljno online putem na\u0161e internetske trgovine. <\/p><\/div><\/div><div class=\"wp-block-uagb-faq-child uagb-faq-child__outer-wrap uagb-faq-item uagb-block-c7b6f203 \" role=\"tab\" tabindex=\"0\"><div class=\"uagb-faq-questions-button uagb-faq-questions\">\t\t\t<span class=\"uagb-icon uagb-faq-icon-wrap\">\n\t\t\t\t\t\t\t<\/span>\n\t\t\t\t\t\t<span class=\"uagb-icon-active uagb-faq-icon-wrap\">\n\t\t\t\t\t\t\t\t<svg xmlns=\"https:\/\/www.w3.org\/2000\/svg\" viewBox= \"0 0 320 512\"><path d=\"M9.39 265.4l127.1-128C143.6 131.1 151.8 128 160 128s16.38 3.125 22.63 9.375l127.1 128c9.156 9.156 11.9 22.91 6.943 34.88S300.9 320 287.1 320H32.01c-12.94 0-24.62-7.781-29.58-19.75S.2333 274.5 9.39 265.4z\"><\/path><\/svg>\n\t\t\t\t\t\t\t<\/span>\n\t\t\t<h3 class=\"uagb-question\"><strong>Koliko ko\u0161ta cestarina u tunelu Karavanke u Austriji?<\/strong><\/h3><\/div><div class=\"uagb-faq-content\"><p>Cijena jednog prolaska kroz tunel Karavanke iznosi 7,80 eura (od 2023. godine).<\/p><\/div><\/div><div class=\"wp-block-uagb-faq-child uagb-faq-child__outer-wrap uagb-faq-item uagb-block-66a7673f \" role=\"tab\" tabindex=\"0\"><div class=\"uagb-faq-questions-button uagb-faq-questions\">\t\t\t<span class=\"uagb-icon uagb-faq-icon-wrap\">\n\t\t\t\t\t\t\t<\/span>\n\t\t\t\t\t\t<span class=\"uagb-icon-active uagb-faq-icon-wrap\">\n\t\t\t\t\t\t\t\t<svg xmlns=\"https:\/\/www.w3.org\/2000\/svg\" viewBox= \"0 0 320 512\"><path d=\"M9.39 265.4l127.1-128C143.6 131.1 151.8 128 160 128s16.38 3.125 22.63 9.375l127.1 128c9.156 9.156 11.9 22.91 6.943 34.88S300.9 320 287.1 320H32.01c-12.94 0-24.62-7.781-29.58-19.75S.2333 274.5 9.39 265.4z\"><\/path><\/svg>\n\t\t\t\t\t\t\t<\/span>\n\t\t\t<h3 class=\"uagb-question\"><strong>Koliko traje putovanje kroz Karavan\u010dki tunel?<\/strong><\/h3><\/div><div class=\"uagb-faq-content\"><p>Vo\u017enja kroz Karavan\u010dki tunel traje oko 10 minuta.<\/p><\/div><\/div><div class=\"wp-block-uagb-faq-child uagb-faq-child__outer-wrap uagb-faq-item uagb-block-24d1f8b5 \" role=\"tab\" tabindex=\"0\"><div class=\"uagb-faq-questions-button uagb-faq-questions\">\t\t\t<span class=\"uagb-icon uagb-faq-icon-wrap\">\n\t\t\t\t\t\t\t<\/span>\n\t\t\t\t\t\t<span class=\"uagb-icon-active uagb-faq-icon-wrap\">\n\t\t\t\t\t\t\t\t<svg xmlns=\"https:\/\/www.w3.org\/2000\/svg\" viewBox= \"0 0 320 512\"><path d=\"M9.39 265.4l127.1-128C143.6 131.1 151.8 128 160 128s16.38 3.125 22.63 9.375l127.1 128c9.156 9.156 11.9 22.91 6.943 34.88S300.9 320 287.1 320H32.01c-12.94 0-24.62-7.781-29.58-19.75S.2333 274.5 9.39 265.4z\"><\/path><\/svg>\n\t\t\t\t\t\t\t<\/span>\n\t\t\t<h3 class=\"uagb-question\"><strong><strong>Koliko je \u0161irok i visok Karavan\u010dki tunel?<\/strong><\/strong><\/h3><\/div><div class=\"uagb-faq-content\"><p>\u0160irina kolovoza isto\u010dne i zapadne cijevi je 7,50 metara. Visina Karavan\u010dkog tunela je 4,70 metara. <\/p><\/div><\/div><\/div><\/div><\/div>\n","protected":false},"excerpt":{"rendered":"<p>Tunel Karavanke naplata Austrija Tunel Karavanke naplata Austrija Tunel Karavanke (poznat i kao Predor Karavanke na slovenskom) prote\u017ee se na [&hellip;]<\/p>\n","protected":false},"author":2,"featured_media":0,"parent":0,"menu_order":0,"comment_status":"closed","ping_status":"closed","template":"","meta":{"_uag_custom_page_level_css":"","site-sidebar-layout":"no-sidebar","site-content-layout":"","ast-site-content-layout":"normal-width-container","site-content-style":"unboxed","site-sidebar-style":"unboxed","ast-global-header-display":"","ast-banner-title-visibility":"","ast-main-header-display":"","ast-hfb-above-header-display":"","ast-hfb-below-header-display":"","ast-hfb-mobile-header-display":"","site-post-title":"disabled","ast-breadcrumbs-content":"","ast-featured-img":"","footer-sml-layout":"","ast-disable-related-posts":"","theme-transparent-header-meta":"enabled","adv-header-id-meta":"","stick-header-meta":"","header-above-stick-meta":"","header-main-stick-meta":"","header-below-stick-meta":"","astra-migrate-meta-layouts":"set","ast-page-background-enabled":"default","ast-page-background-meta":{"desktop":{"background-color":"var(--ast-global-color-5)","background-image":"","background-repeat":"repeat","background-position":"center center","background-size":"auto","background-attachment":"scroll","background-type":"","background-media":"","overlay-type":"","overlay-color":"","overlay-opacity":"","overlay-gradient":""},"tablet":{"background-color":"","background-image":"","background-repeat":"repeat","background-position":"center center","background-size":"auto","background-attachment":"scroll","background-type":"","background-media":"","overlay-type":"","overlay-color":"","overlay-opacity":"","overlay-gradient":""},"mobile":{"background-color":"","background-image":"","background-repeat":"repeat","background-position":"center center","background-size":"auto","background-attachment":"scroll","background-type":"","background-media":"","overlay-type":"","overlay-color":"","overlay-opacity":"","overlay-gradient":""}},"ast-content-background-meta":{"desktop":{"background-color":"var(--ast-global-color-4)","background-image":"","background-repeat":"repeat","background-position":"center center","background-size":"auto","background-attachment":"scroll","background-type":"","background-media":"","overlay-type":"","overlay-color":"","overlay-opacity":"","overlay-gradient":""},"tablet":{"background-color":"var(--ast-global-color-4)","background-image":"","background-repeat":"repeat","background-position":"center center","background-size":"auto","background-attachment":"scroll","background-type":"","background-media":"","overlay-type":"","overlay-color":"","overlay-opacity":"","overlay-gradient":""},"mobile":{"background-color":"var(--ast-global-color-4)","background-image":"","background-repeat":"repeat","background-position":"center center","background-size":"auto","background-attachment":"scroll","background-type":"","background-media":"","overlay-type":"","overlay-color":"","overlay-opacity":"","overlay-gradient":""}},"footnotes":""},"class_list":["post-5413","page","type-page","status-publish","hentry"],"yoast_head":"<!-- This site is optimized with the Yoast SEO plugin v27.1.1 - https:\/\/yoast.com\/product\/yoast-seo-wordpress\/ -->\n<title>Kupite cestarinu Karawankentunnel Austria online - vrijedi odmah<\/title>\n<meta name=\"description\" content=\"Cestarinu Karawankentunnel Austria mo\u017eete kupiti brzo i jednostavno online kod nas. Bez lijepljenja, bez stresa. Vrijedi odmah\" \/>\n<meta name=\"robots\" content=\"index, follow, max-snippet:-1, max-image-preview:large, max-video-preview:-1\" \/>\n<link rel=\"canonical\" href=\"https:\/\/tollscout.eu\/hr\/tunel-karavanke-naplata-austrija\/\" \/>\n<meta property=\"og:locale\" content=\"hr_HR\" \/>\n<meta property=\"og:type\" content=\"article\" \/>\n<meta property=\"og:title\" content=\"Kupite cestarinu Karawankentunnel Austria online - vrijedi odmah\" \/>\n<meta property=\"og:description\" content=\"Cestarinu Karawankentunnel Austria mo\u017eete kupiti brzo i jednostavno online kod nas. Bez lijepljenja, bez stresa. Vrijedi odmah\" \/>\n<meta property=\"og:url\" content=\"https:\/\/tollscout.eu\/hr\/tunel-karavanke-naplata-austrija\/\" \/>\n<meta property=\"og:site_name\" content=\"Tollscout\u00ae\" \/>\n<meta property=\"article:publisher\" content=\"https:\/\/facebook.com\/tollscout\" \/>\n<meta property=\"article:modified_time\" content=\"2024-07-31T23:52:39+00:00\" \/>\n<meta property=\"og:image\" content=\"https:\/\/tollscout.eu\/wp-content\/uploads\/2023\/08\/logo_color_360x92px.png\" \/>\n\t<meta property=\"og:image:width\" content=\"360\" \/>\n\t<meta property=\"og:image:height\" content=\"92\" \/>\n\t<meta property=\"og:image:type\" content=\"image\/png\" \/>\n<meta name=\"twitter:card\" content=\"summary_large_image\" \/>\n<meta name=\"twitter:site\" content=\"@tollscout\" \/>\n<meta name=\"twitter:label1\" content=\"Procijenjeno vrijeme \u010ditanja\" \/>\n\t<meta name=\"twitter:data1\" content=\"2 minute\" \/>\n<script type=\"application\/ld+json\" class=\"yoast-schema-graph\">{\"@context\":\"https:\/\/schema.org\",\"@graph\":[{\"@type\":\"WebPage\",\"@id\":\"https:\/\/tollscout.eu\/hr\/tunel-karavanke-naplata-austrija\/\",\"url\":\"https:\/\/tollscout.eu\/hr\/tunel-karavanke-naplata-austrija\/\",\"name\":\"Kupite cestarinu Karawankentunnel Austria online - vrijedi odmah\",\"isPartOf\":{\"@id\":\"https:\/\/tollscout.eu\/hr\/#website\"},\"datePublished\":\"2023-08-24T15:31:39+00:00\",\"dateModified\":\"2024-07-31T23:52:39+00:00\",\"description\":\"Cestarinu Karawankentunnel Austria mo\u017eete kupiti brzo i jednostavno online kod nas. Bez lijepljenja, bez stresa. Vrijedi odmah\",\"breadcrumb\":{\"@id\":\"https:\/\/tollscout.eu\/hr\/tunel-karavanke-naplata-austrija\/#breadcrumb\"},\"inLanguage\":\"hr\",\"potentialAction\":[{\"@type\":\"ReadAction\",\"target\":[\"https:\/\/tollscout.eu\/hr\/tunel-karavanke-naplata-austrija\/\"]}]},{\"@type\":\"BreadcrumbList\",\"@id\":\"https:\/\/tollscout.eu\/hr\/tunel-karavanke-naplata-austrija\/#breadcrumb\",\"itemListElement\":[{\"@type\":\"ListItem\",\"position\":1,\"name\":\"Startseite\",\"item\":\"https:\/\/tollscout.eu\/hr\/\"},{\"@type\":\"ListItem\",\"position\":2,\"name\":\"Tunel Karavanke naplata Austrija\"}]},{\"@type\":\"WebSite\",\"@id\":\"https:\/\/tollscout.eu\/hr\/#website\",\"url\":\"https:\/\/tollscout.eu\/hr\/\",\"name\":\"Tollscout\u00ae\",\"description\":\"\",\"publisher\":{\"@id\":\"https:\/\/tollscout.eu\/hr\/#organization\"},\"potentialAction\":[{\"@type\":\"SearchAction\",\"target\":{\"@type\":\"EntryPoint\",\"urlTemplate\":\"https:\/\/tollscout.eu\/hr\/?s={search_term_string}\"},\"query-input\":{\"@type\":\"PropertyValueSpecification\",\"valueRequired\":true,\"valueName\":\"search_term_string\"}}],\"inLanguage\":\"hr\"},{\"@type\":\"Organization\",\"@id\":\"https:\/\/tollscout.eu\/hr\/#organization\",\"name\":\"TollScout\",\"alternateName\":\"TollScout\",\"url\":\"https:\/\/tollscout.eu\/hr\/\",\"logo\":{\"@type\":\"ImageObject\",\"inLanguage\":\"hr\",\"@id\":\"https:\/\/tollscout.eu\/hr\/#\/schema\/logo\/image\/\",\"url\":\"https:\/\/tollscout.eu\/wp-content\/uploads\/2023\/11\/logo_social_media_1024.png\",\"contentUrl\":\"https:\/\/tollscout.eu\/wp-content\/uploads\/2023\/11\/logo_social_media_1024.png\",\"width\":1024,\"height\":1024,\"caption\":\"TollScout\"},\"image\":{\"@id\":\"https:\/\/tollscout.eu\/hr\/#\/schema\/logo\/image\/\"},\"sameAs\":[\"https:\/\/facebook.com\/tollscout\",\"https:\/\/x.com\/tollscout\",\"https:\/\/instagram.com\/tollscout\"]}]}<\/script>\n<!-- \/ Yoast SEO plugin. -->","yoast_head_json":{"title":"Kupite cestarinu Karawankentunnel Austria online - vrijedi odmah","description":"Cestarinu Karawankentunnel Austria mo\u017eete kupiti brzo i jednostavno online kod nas. Bez lijepljenja, bez stresa. Vrijedi odmah","robots":{"index":"index","follow":"follow","max-snippet":"max-snippet:-1","max-image-preview":"max-image-preview:large","max-video-preview":"max-video-preview:-1"},"canonical":"https:\/\/tollscout.eu\/hr\/tunel-karavanke-naplata-austrija\/","og_locale":"hr_HR","og_type":"article","og_title":"Kupite cestarinu Karawankentunnel Austria online - vrijedi odmah","og_description":"Cestarinu Karawankentunnel Austria mo\u017eete kupiti brzo i jednostavno online kod nas. Bez lijepljenja, bez stresa. Vrijedi odmah","og_url":"https:\/\/tollscout.eu\/hr\/tunel-karavanke-naplata-austrija\/","og_site_name":"Tollscout\u00ae","article_publisher":"https:\/\/facebook.com\/tollscout","article_modified_time":"2024-07-31T23:52:39+00:00","og_image":[{"width":360,"height":92,"url":"https:\/\/tollscout.eu\/wp-content\/uploads\/2023\/08\/logo_color_360x92px.png","type":"image\/png"}],"twitter_card":"summary_large_image","twitter_site":"@tollscout","twitter_misc":{"Procijenjeno vrijeme \u010ditanja":"2 minute"},"schema":{"@context":"https:\/\/schema.org","@graph":[{"@type":"WebPage","@id":"https:\/\/tollscout.eu\/hr\/tunel-karavanke-naplata-austrija\/","url":"https:\/\/tollscout.eu\/hr\/tunel-karavanke-naplata-austrija\/","name":"Kupite cestarinu Karawankentunnel Austria online - vrijedi odmah","isPartOf":{"@id":"https:\/\/tollscout.eu\/hr\/#website"},"datePublished":"2023-08-24T15:31:39+00:00","dateModified":"2024-07-31T23:52:39+00:00","description":"Cestarinu Karawankentunnel Austria mo\u017eete kupiti brzo i jednostavno online kod nas. Bez lijepljenja, bez stresa. Vrijedi odmah","breadcrumb":{"@id":"https:\/\/tollscout.eu\/hr\/tunel-karavanke-naplata-austrija\/#breadcrumb"},"inLanguage":"hr","potentialAction":[{"@type":"ReadAction","target":["https:\/\/tollscout.eu\/hr\/tunel-karavanke-naplata-austrija\/"]}]},{"@type":"BreadcrumbList","@id":"https:\/\/tollscout.eu\/hr\/tunel-karavanke-naplata-austrija\/#breadcrumb","itemListElement":[{"@type":"ListItem","position":1,"name":"Startseite","item":"https:\/\/tollscout.eu\/hr\/"},{"@type":"ListItem","position":2,"name":"Tunel Karavanke naplata Austrija"}]},{"@type":"WebSite","@id":"https:\/\/tollscout.eu\/hr\/#website","url":"https:\/\/tollscout.eu\/hr\/","name":"Tollscout\u00ae","description":"","publisher":{"@id":"https:\/\/tollscout.eu\/hr\/#organization"},"potentialAction":[{"@type":"SearchAction","target":{"@type":"EntryPoint","urlTemplate":"https:\/\/tollscout.eu\/hr\/?s={search_term_string}"},"query-input":{"@type":"PropertyValueSpecification","valueRequired":true,"valueName":"search_term_string"}}],"inLanguage":"hr"},{"@type":"Organization","@id":"https:\/\/tollscout.eu\/hr\/#organization","name":"TollScout","alternateName":"TollScout","url":"https:\/\/tollscout.eu\/hr\/","logo":{"@type":"ImageObject","inLanguage":"hr","@id":"https:\/\/tollscout.eu\/hr\/#\/schema\/logo\/image\/","url":"https:\/\/tollscout.eu\/wp-content\/uploads\/2023\/11\/logo_social_media_1024.png","contentUrl":"https:\/\/tollscout.eu\/wp-content\/uploads\/2023\/11\/logo_social_media_1024.png","width":1024,"height":1024,"caption":"TollScout"},"image":{"@id":"https:\/\/tollscout.eu\/hr\/#\/schema\/logo\/image\/"},"sameAs":["https:\/\/facebook.com\/tollscout","https:\/\/x.com\/tollscout","https:\/\/instagram.com\/tollscout"]}]}},"uagb_featured_image_src":{"full":false,"thumbnail":false,"medium":false,"medium_large":false,"large":false,"1536x1536":false,"2048x2048":false,"gform-image-choice-sm":false,"gform-image-choice-md":false,"gform-image-choice-lg":false},"uagb_author_info":{"display_name":"Tollscout","author_link":"https:\/\/tollscout.eu\/hr\/author\/m-hemm\/"},"uagb_comment_info":0,"uagb_excerpt":"Tunel Karavanke naplata Austrija Tunel Karavanke naplata Austrija Tunel Karavanke (poznat i kao Predor Karavanke na slovenskom) prote\u017ee se na [&hellip;]","_links":{"self":[{"href":"https:\/\/tollscout.eu\/hr\/wp-json\/wp\/v2\/pages\/5413","targetHints":{"allow":["GET"]}}],"collection":[{"href":"https:\/\/tollscout.eu\/hr\/wp-json\/wp\/v2\/pages"}],"about":[{"href":"https:\/\/tollscout.eu\/hr\/wp-json\/wp\/v2\/types\/page"}],"author":[{"embeddable":true,"href":"https:\/\/tollscout.eu\/hr\/wp-json\/wp\/v2\/users\/2"}],"replies":[{"embeddable":true,"href":"https:\/\/tollscout.eu\/hr\/wp-json\/wp\/v2\/comments?post=5413"}],"version-history":[{"count":8,"href":"https:\/\/tollscout.eu\/hr\/wp-json\/wp\/v2\/pages\/5413\/revisions"}],"predecessor-version":[{"id":9095,"href":"https:\/\/tollscout.eu\/hr\/wp-json\/wp\/v2\/pages\/5413\/revisions\/9095"}],"wp:attachment":[{"href":"https:\/\/tollscout.eu\/hr\/wp-json\/wp\/v2\/media?parent=5413"}],"curies":[{"name":"wp","href":"https:\/\/api.w.org\/{rel}","templated":true}]}}