{"id":5398,"date":"2023-08-25T12:00:01","date_gmt":"2023-08-25T10:00:01","guid":{"rendered":"https:\/\/tollscout.eu\/brenner-cestarina-austrija\/"},"modified":"2024-08-01T01:31:12","modified_gmt":"2024-07-31T23:31:12","slug":"brenner-cestarina-austrija","status":"publish","type":"page","link":"https:\/\/tollscout.eu\/hr\/brenner-cestarina-austrija\/","title":{"rendered":"Brenner cestarina Austrija"},"content":{"rendered":"\n<div class=\"wp-block-uagb-container uagb-block-c1e2fce7 alignfull uagb-is-root-container\"><div class=\"uagb-container-inner-blocks-wrap\">\n<div class=\"wp-block-uagb-advanced-heading uagb-block-c767fabd\"><h1 class=\"uagb-heading-text\">Brenner naplata putem interneta Austrija<\/h1><\/div>\n<\/div><\/div>\n\n<div class=\"wp-block-uagb-container uagb-block-03d628be alignfull uagb-is-root-container\"><div class=\"uagb-container-inner-blocks-wrap\">\n<div id=\"app\" data-context=\"at\"><\/div>\n<\/div><\/div>\n\n<div class=\"wp-block-uagb-container uagb-block-f356067b alignfull uagb-is-root-container\"><div class=\"uagb-container-inner-blocks-wrap\">\n<div class=\"wp-block-uagb-advanced-heading uagb-block-e02782db\"><h2 class=\"uagb-heading-text\">Brenner naplata putem interneta Austrija<\/h2><p class=\"uagb-desc-text\">Brenner Autocesta A 13, dio European Route 45, prote\u017ee se kroz Tirol i sastavni je dio Brenner Autoceste, koja je izgra\u0111ena 1960-ih godina i smatra se jednom od prvih brdskih autocesta na svijetu. To je austrijski dio Brenner Autobahna. 5. travnja 1971. slu\u017ebeno je pu\u0161tena u promet izme\u0111u Austrije i Italije. A 13 vozi od Innsbrucka (\u010dvori\u0161te Inntal Autobahn A 12) preko Wipptala do prijevoja Brenner, koji \u010dini granicu izme\u0111u Italije i Austrije od 1920. prema Ugovoru iz Saint-Germaina. Sljede\u0107i dio na talijanskom teritoriju naziva se A 22, autocesta Brenner\/Autostrada del Brennero ili jednostavno Autobrennero.    <\/p><\/div>\n<\/div><\/div>\n\n<div class=\"wp-block-uagb-container uagb-block-7efd3c31 alignfull uagb-is-root-container\"><div class=\"uagb-container-inner-blocks-wrap\">\n<div class=\"wp-block-uagb-advanced-heading uagb-block-4602874c\"><h2 class=\"uagb-heading-text\">\u010cPP<\/h2><p class=\"uagb-desc-text\">Ovdje odgovaramo na sva pitanja o cestarini Brenner Austrija.\u200b<\/p><\/div>\n\n\n<div class=\"wp-block-uagb-faq uagb-faq__outer-wrap uagb-block-4fe496d4 uagb-faq-icon-row-reverse uagb-faq-layout-accordion uagb-faq-expand-first-false uagb-faq-inactive-other-true uagb-faq__wrap uagb-buttons-layout-wrap uagb-faq-equal-height     \" data-faqtoggle=\"true\" role=\"tablist\"><div class=\"wp-block-uagb-faq-child uagb-faq-child__outer-wrap uagb-faq-item uagb-block-1a70522e \" role=\"tab\" tabindex=\"0\"><div class=\"uagb-faq-questions-button uagb-faq-questions\">\t\t\t<span class=\"uagb-icon uagb-faq-icon-wrap\">\n\t\t\t\t\t\t\t<\/span>\n\t\t\t\t\t\t<span class=\"uagb-icon-active uagb-faq-icon-wrap\">\n\t\t\t\t\t\t\t\t<svg xmlns=\"https:\/\/www.w3.org\/2000\/svg\" viewBox= \"0 0 320 512\"><path d=\"M9.39 265.4l127.1-128C143.6 131.1 151.8 128 160 128s16.38 3.125 22.63 9.375l127.1 128c9.156 9.156 11.9 22.91 6.943 34.88S300.9 320 287.1 320H32.01c-12.94 0-24.62-7.781-29.58-19.75S.2333 274.5 9.39 265.4z\"><\/path><\/svg>\n\t\t\t\t\t\t\t<\/span>\n\t\t\t<h3 class=\"uagb-question\">Koliko ko\u0161ta cestarina Brenner u Austriji? <\/h3><\/div><div class=\"uagb-faq-content\"><p>Cestarine za autocestu Brenner (A13) mogu varirati ovisno o vrsti vozila, godi\u0161njem dobu i dionici rute. Aktualne tarife preporu\u010dljivo je provjeriti na slu\u017ebenim stranicama operatera ili na naplatnim ku\u0107icama jer su podlo\u017ene promjenama. Naknade se obi\u010dno izra\u010dunavaju na temelju kilometra\u017ee i kategorije vozila, s razli\u010ditim cijenama koje se primjenjuju na automobile, kampere, kamione i autobuse. Za pla\u0107anje cestarine na autocesti Brenner tako\u0111er je mogu\u0107e koristiti razli\u010dite opcije pla\u0107anja poput gotovine ili elektroni\u010dkih sustava naplate cestarine.   <\/p><\/div><\/div><div class=\"wp-block-uagb-faq-child uagb-faq-child__outer-wrap uagb-faq-item uagb-block-bd4b64b2 \" role=\"tab\" tabindex=\"0\"><div class=\"uagb-faq-questions-button uagb-faq-questions\">\t\t\t<span class=\"uagb-icon uagb-faq-icon-wrap\">\n\t\t\t\t\t\t\t<\/span>\n\t\t\t\t\t\t<span class=\"uagb-icon-active uagb-faq-icon-wrap\">\n\t\t\t\t\t\t\t\t<svg xmlns=\"https:\/\/www.w3.org\/2000\/svg\" viewBox= \"0 0 320 512\"><path d=\"M9.39 265.4l127.1-128C143.6 131.1 151.8 128 160 128s16.38 3.125 22.63 9.375l127.1 128c9.156 9.156 11.9 22.91 6.943 34.88S300.9 320 287.1 320H32.01c-12.94 0-24.62-7.781-29.58-19.75S.2333 274.5 9.39 265.4z\"><\/path><\/svg>\n\t\t\t\t\t\t\t<\/span>\n\t\t\t<h3 class=\"uagb-question\">Kako se pla\u0107a cestarina na prijevoju Brenner? <\/h3><\/div><div class=\"uagb-faq-content\"><p>Digitalnu cestarinu za austrijski dio autoceste Brenner Autobahn A13 mo\u017eete kupiti online kod nas i offline na naplatnim i benzinskim postajama. Online kupnja nije mogu\u0107a za talijansku dionicu autoceste A22 Brenner. To je zato \u0161to Austrija i Italija imaju razli\u010dite sustave naplate cestarine. Zbog toga se cestarina mora platiti na naplatnim ku\u0107icama.   <\/p><\/div><\/div><div class=\"wp-block-uagb-faq-child uagb-faq-child__outer-wrap uagb-faq-item uagb-block-49ae175a \" role=\"tab\" tabindex=\"0\"><div class=\"uagb-faq-questions-button uagb-faq-questions\">\t\t\t<span class=\"uagb-icon uagb-faq-icon-wrap\">\n\t\t\t\t\t\t\t<\/span>\n\t\t\t\t\t\t<span class=\"uagb-icon-active uagb-faq-icon-wrap\">\n\t\t\t\t\t\t\t\t<svg xmlns=\"https:\/\/www.w3.org\/2000\/svg\" viewBox= \"0 0 320 512\"><path d=\"M9.39 265.4l127.1-128C143.6 131.1 151.8 128 160 128s16.38 3.125 22.63 9.375l127.1 128c9.156 9.156 11.9 22.91 6.943 34.88S300.9 320 287.1 320H32.01c-12.94 0-24.62-7.781-29.58-19.75S.2333 274.5 9.39 265.4z\"><\/path><\/svg>\n\t\t\t\t\t\t\t<\/span>\n\t\t\t<h3 class=\"uagb-question\">Gdje se pla\u0107a cestarina Brenner?<\/h3><\/div><div class=\"uagb-faq-content\"><p>Cestarina na talijanskoj dionici autoceste Brenner, <a href=\"https:\/\/de.wikipedia.org\/wiki\/Autostrada_A22\">Autostrada A22<\/a>, pla\u0107a se na naplatnim postajama du\u017e autoceste. Voza\u010di moraju platiti naknadu na ovim postajama kako bi mogli koristiti autocestu. Ne postoji mogu\u0107nost pla\u0107anja putem interneta ili pla\u0107anja cestarine unaprijed. Cestarinu za <a href=\"https:\/\/de.wikipedia.org\/wiki\/Brenner_Autobahn\">austrijski dio Brenner Autobahna A13<\/a> mo\u017eete kupiti i offline i online u na\u0161oj online trgovini.<\/p><\/div><\/div><div class=\"wp-block-uagb-faq-child uagb-faq-child__outer-wrap uagb-faq-item uagb-block-c7b6f203 \" role=\"tab\" tabindex=\"0\"><div class=\"uagb-faq-questions-button uagb-faq-questions\">\t\t\t<span class=\"uagb-icon uagb-faq-icon-wrap\">\n\t\t\t\t\t\t\t<\/span>\n\t\t\t\t\t\t<span class=\"uagb-icon-active uagb-faq-icon-wrap\">\n\t\t\t\t\t\t\t\t<svg xmlns=\"https:\/\/www.w3.org\/2000\/svg\" viewBox= \"0 0 320 512\"><path d=\"M9.39 265.4l127.1-128C143.6 131.1 151.8 128 160 128s16.38 3.125 22.63 9.375l127.1 128c9.156 9.156 11.9 22.91 6.943 34.88S300.9 320 287.1 320H32.01c-12.94 0-24.62-7.781-29.58-19.75S.2333 274.5 9.39 265.4z\"><\/path><\/svg>\n\t\t\t\t\t\t\t<\/span>\n\t\t\t<h3 class=\"uagb-question\">Koju vinjetu ili cestarinu trebam za Brenner?<\/h3><\/div><div class=\"uagb-faq-content\"><p>Koje su vinjete i\/ili cestarine potrebne za prijelaz Brenner ovisi o po\u010detku i odredi\u0161tu. Ovisno o tome u koji kut Europe \u017eelite sti\u0107i na odredi\u0161te nakon Brennera, potrebne vinjete i cestarine se razlikuju. U na\u0161oj online trgovini mo\u017eete kupiti <a href=\"https:\/\/tollscout.eu\/digitale-vignette-oestehttps:\/\/tollscout.eu\/digitale-vignette-oesterreich-online\/rreich-online\/\">vinjete za Austriju<\/a>, Sloveniju, \u0160vicarsku, Rumunjsku, Bugarsku, Slova\u010dku, Ma\u0111arsku i \u010ce\u0161ku. Cestarine za Austriju tako\u0111er su dostupne kod nas.    <\/p><\/div><\/div><div class=\"wp-block-uagb-faq-child uagb-faq-child__outer-wrap uagb-faq-item uagb-block-66a7673f \" role=\"tab\" tabindex=\"0\"><div class=\"uagb-faq-questions-button uagb-faq-questions\">\t\t\t<span class=\"uagb-icon uagb-faq-icon-wrap\">\n\t\t\t\t\t\t\t<\/span>\n\t\t\t\t\t\t<span class=\"uagb-icon-active uagb-faq-icon-wrap\">\n\t\t\t\t\t\t\t\t<svg xmlns=\"https:\/\/www.w3.org\/2000\/svg\" viewBox= \"0 0 320 512\"><path d=\"M9.39 265.4l127.1-128C143.6 131.1 151.8 128 160 128s16.38 3.125 22.63 9.375l127.1 128c9.156 9.156 11.9 22.91 6.943 34.88S300.9 320 287.1 320H32.01c-12.94 0-24.62-7.781-29.58-19.75S.2333 274.5 9.39 265.4z\"><\/path><\/svg>\n\t\t\t\t\t\t\t<\/span>\n\t\t\t<h3 class=\"uagb-question\">Koliko napla\u0107uje cestarina Brenner do Bolzana?<\/h3><\/div><div class=\"uagb-faq-content\"><p>Ne mo\u017eete op\u0107enito re\u0107i kolika \u0107e biti cestarina preko prijevoja Brenner do Bolzana, jer ovisi o tome odakle dolazite. Ako vozite iz Njema\u010dke ili Austrije preko prijevoja Brenner prema Bolzanu, obi\u010dno \u0107ete morati platiti austrijsku vinjetu kao i cestarine za austrijski dio Brenner Autobahn A13 i talijanski Brenner Autobahn A22.  <\/p><\/div><\/div><div class=\"wp-block-uagb-faq-child uagb-faq-child__outer-wrap uagb-faq-item uagb-block-fe87bb9c \" role=\"tab\" tabindex=\"0\"><div class=\"uagb-faq-questions-button uagb-faq-questions\">\t\t\t<span class=\"uagb-icon uagb-faq-icon-wrap\">\n\t\t\t\t\t\t\t<\/span>\n\t\t\t\t\t\t<span class=\"uagb-icon-active uagb-faq-icon-wrap\">\n\t\t\t\t\t\t\t\t<svg xmlns=\"https:\/\/www.w3.org\/2000\/svg\" viewBox= \"0 0 320 512\"><path d=\"M9.39 265.4l127.1-128C143.6 131.1 151.8 128 160 128s16.38 3.125 22.63 9.375l127.1 128c9.156 9.156 11.9 22.91 6.943 34.88S300.9 320 287.1 320H32.01c-12.94 0-24.62-7.781-29.58-19.75S.2333 274.5 9.39 265.4z\"><\/path><\/svg>\n\t\t\t\t\t\t\t<\/span>\n\t\t\t<h3 class=\"uagb-question\">Koliko pla\u0107ate cestarinu za jezero Garda?<\/h3><\/div><div class=\"uagb-faq-content\"><p>\u0160to se ti\u010de cestarine preko prijevoja Brenner do jezera Garda, nema generalnog odgovora jer ovisi iz kojeg smjera dolazite. Ako vozite iz Njema\u010dke ili Austrije preko prijevoja Brenner prema jezeru Garda, obi\u010dno \u0107ete morati platiti austrijsku vinjetu kao i cestarine za austrijski dio Brenner Autobahn A13 i talijanski Brenner Autobahn A22. <\/p><\/div><\/div><\/div><\/div><\/div>\n","protected":false},"excerpt":{"rendered":"<p>Brenner naplata putem interneta Austrija Brenner naplata putem interneta Austrija Brenner Autocesta A 13, dio European Route 45, prote\u017ee se [&hellip;]<\/p>\n","protected":false},"author":2,"featured_media":0,"parent":0,"menu_order":0,"comment_status":"closed","ping_status":"closed","template":"","meta":{"_uag_custom_page_level_css":"","site-sidebar-layout":"no-sidebar","site-content-layout":"","ast-site-content-layout":"normal-width-container","site-content-style":"unboxed","site-sidebar-style":"unboxed","ast-global-header-display":"","ast-banner-title-visibility":"","ast-main-header-display":"","ast-hfb-above-header-display":"","ast-hfb-below-header-display":"","ast-hfb-mobile-header-display":"","site-post-title":"disabled","ast-breadcrumbs-content":"","ast-featured-img":"","footer-sml-layout":"","ast-disable-related-posts":"","theme-transparent-header-meta":"enabled","adv-header-id-meta":"","stick-header-meta":"","header-above-stick-meta":"","header-main-stick-meta":"","header-below-stick-meta":"","astra-migrate-meta-layouts":"set","ast-page-background-enabled":"default","ast-page-background-meta":{"desktop":{"background-color":"var(--ast-global-color-5)","background-image":"","background-repeat":"repeat","background-position":"center center","background-size":"auto","background-attachment":"scroll","background-type":"","background-media":"","overlay-type":"","overlay-color":"","overlay-opacity":"","overlay-gradient":""},"tablet":{"background-color":"","background-image":"","background-repeat":"repeat","background-position":"center center","background-size":"auto","background-attachment":"scroll","background-type":"","background-media":"","overlay-type":"","overlay-color":"","overlay-opacity":"","overlay-gradient":""},"mobile":{"background-color":"","background-image":"","background-repeat":"repeat","background-position":"center center","background-size":"auto","background-attachment":"scroll","background-type":"","background-media":"","overlay-type":"","overlay-color":"","overlay-opacity":"","overlay-gradient":""}},"ast-content-background-meta":{"desktop":{"background-color":"var(--ast-global-color-4)","background-image":"","background-repeat":"repeat","background-position":"center center","background-size":"auto","background-attachment":"scroll","background-type":"","background-media":"","overlay-type":"","overlay-color":"","overlay-opacity":"","overlay-gradient":""},"tablet":{"background-color":"var(--ast-global-color-4)","background-image":"","background-repeat":"repeat","background-position":"center center","background-size":"auto","background-attachment":"scroll","background-type":"","background-media":"","overlay-type":"","overlay-color":"","overlay-opacity":"","overlay-gradient":""},"mobile":{"background-color":"var(--ast-global-color-4)","background-image":"","background-repeat":"repeat","background-position":"center center","background-size":"auto","background-attachment":"scroll","background-type":"","background-media":"","overlay-type":"","overlay-color":"","overlay-opacity":"","overlay-gradient":""}},"footnotes":""},"class_list":["post-5398","page","type-page","status-publish","hentry"],"yoast_head":"<!-- This site is optimized with the Yoast SEO plugin v27.1.1 - https:\/\/yoast.com\/product\/yoast-seo-wordpress\/ -->\n<title>Brenner Toll Online Austrija - vrijedi odmah<\/title>\n<meta name=\"description\" content=\"Brenner naplata putem interneta Austrija. Kupite digitalnu cestarinu za autocestu A13 Brenner brzo i jednostavno online. Vrijedi odmah.\" \/>\n<meta name=\"robots\" content=\"index, follow, max-snippet:-1, max-image-preview:large, max-video-preview:-1\" \/>\n<link rel=\"canonical\" href=\"https:\/\/tollscout.eu\/hr\/brenner-cestarina-austrija\/\" \/>\n<meta property=\"og:locale\" content=\"hr_HR\" \/>\n<meta property=\"og:type\" content=\"article\" \/>\n<meta property=\"og:title\" content=\"Brenner Toll Online Austrija - vrijedi odmah\" \/>\n<meta property=\"og:description\" content=\"Brenner naplata putem interneta Austrija. Kupite digitalnu cestarinu za autocestu A13 Brenner brzo i jednostavno online. Vrijedi odmah.\" \/>\n<meta property=\"og:url\" content=\"https:\/\/tollscout.eu\/hr\/brenner-cestarina-austrija\/\" \/>\n<meta property=\"og:site_name\" content=\"Tollscout\u00ae\" \/>\n<meta property=\"article:publisher\" content=\"https:\/\/facebook.com\/tollscout\" \/>\n<meta property=\"article:modified_time\" content=\"2024-07-31T23:31:12+00:00\" \/>\n<meta property=\"og:image\" content=\"https:\/\/tollscout.eu\/wp-content\/uploads\/2023\/08\/logo_color_360x92px.png\" \/>\n<meta name=\"twitter:card\" content=\"summary_large_image\" \/>\n<meta name=\"twitter:image\" content=\"https:\/\/tollscout.eu\/wp-content\/uploads\/2023\/08\/logo_color_360x92px.png\" \/>\n<meta name=\"twitter:site\" content=\"@tollscout\" \/>\n<meta name=\"twitter:label1\" content=\"Procijenjeno vrijeme \u010ditanja\" \/>\n\t<meta name=\"twitter:data1\" content=\"3 minute\" \/>\n<script type=\"application\/ld+json\" class=\"yoast-schema-graph\">{\"@context\":\"https:\/\/schema.org\",\"@graph\":[{\"@type\":\"WebPage\",\"@id\":\"https:\/\/tollscout.eu\/hr\/brenner-cestarina-austrija\/\",\"url\":\"https:\/\/tollscout.eu\/hr\/brenner-cestarina-austrija\/\",\"name\":\"Brenner Toll Online Austrija - vrijedi odmah\",\"isPartOf\":{\"@id\":\"https:\/\/tollscout.eu\/hr\/#website\"},\"datePublished\":\"2023-08-25T10:00:01+00:00\",\"dateModified\":\"2024-07-31T23:31:12+00:00\",\"description\":\"Brenner naplata putem interneta Austrija. Kupite digitalnu cestarinu za autocestu A13 Brenner brzo i jednostavno online. Vrijedi odmah.\",\"breadcrumb\":{\"@id\":\"https:\/\/tollscout.eu\/hr\/brenner-cestarina-austrija\/#breadcrumb\"},\"inLanguage\":\"hr\",\"potentialAction\":[{\"@type\":\"ReadAction\",\"target\":[\"https:\/\/tollscout.eu\/hr\/brenner-cestarina-austrija\/\"]}]},{\"@type\":\"BreadcrumbList\",\"@id\":\"https:\/\/tollscout.eu\/hr\/brenner-cestarina-austrija\/#breadcrumb\",\"itemListElement\":[{\"@type\":\"ListItem\",\"position\":1,\"name\":\"Startseite\",\"item\":\"https:\/\/tollscout.eu\/hr\/\"},{\"@type\":\"ListItem\",\"position\":2,\"name\":\"Brenner cestarina Austrija\"}]},{\"@type\":\"WebSite\",\"@id\":\"https:\/\/tollscout.eu\/hr\/#website\",\"url\":\"https:\/\/tollscout.eu\/hr\/\",\"name\":\"Tollscout\u00ae\",\"description\":\"\",\"publisher\":{\"@id\":\"https:\/\/tollscout.eu\/hr\/#organization\"},\"potentialAction\":[{\"@type\":\"SearchAction\",\"target\":{\"@type\":\"EntryPoint\",\"urlTemplate\":\"https:\/\/tollscout.eu\/hr\/?s={search_term_string}\"},\"query-input\":{\"@type\":\"PropertyValueSpecification\",\"valueRequired\":true,\"valueName\":\"search_term_string\"}}],\"inLanguage\":\"hr\"},{\"@type\":\"Organization\",\"@id\":\"https:\/\/tollscout.eu\/hr\/#organization\",\"name\":\"TollScout\",\"alternateName\":\"TollScout\",\"url\":\"https:\/\/tollscout.eu\/hr\/\",\"logo\":{\"@type\":\"ImageObject\",\"inLanguage\":\"hr\",\"@id\":\"https:\/\/tollscout.eu\/hr\/#\/schema\/logo\/image\/\",\"url\":\"https:\/\/tollscout.eu\/wp-content\/uploads\/2023\/11\/logo_social_media_1024.png\",\"contentUrl\":\"https:\/\/tollscout.eu\/wp-content\/uploads\/2023\/11\/logo_social_media_1024.png\",\"width\":1024,\"height\":1024,\"caption\":\"TollScout\"},\"image\":{\"@id\":\"https:\/\/tollscout.eu\/hr\/#\/schema\/logo\/image\/\"},\"sameAs\":[\"https:\/\/facebook.com\/tollscout\",\"https:\/\/x.com\/tollscout\",\"https:\/\/instagram.com\/tollscout\"]}]}<\/script>\n<!-- \/ Yoast SEO plugin. -->","yoast_head_json":{"title":"Brenner Toll Online Austrija - vrijedi odmah","description":"Brenner naplata putem interneta Austrija. Kupite digitalnu cestarinu za autocestu A13 Brenner brzo i jednostavno online. Vrijedi odmah.","robots":{"index":"index","follow":"follow","max-snippet":"max-snippet:-1","max-image-preview":"max-image-preview:large","max-video-preview":"max-video-preview:-1"},"canonical":"https:\/\/tollscout.eu\/hr\/brenner-cestarina-austrija\/","og_locale":"hr_HR","og_type":"article","og_title":"Brenner Toll Online Austrija - vrijedi odmah","og_description":"Brenner naplata putem interneta Austrija. Kupite digitalnu cestarinu za autocestu A13 Brenner brzo i jednostavno online. Vrijedi odmah.","og_url":"https:\/\/tollscout.eu\/hr\/brenner-cestarina-austrija\/","og_site_name":"Tollscout\u00ae","article_publisher":"https:\/\/facebook.com\/tollscout","article_modified_time":"2024-07-31T23:31:12+00:00","og_image":[{"url":"https:\/\/tollscout.eu\/wp-content\/uploads\/2023\/08\/logo_color_360x92px.png","type":"","width":"","height":""}],"twitter_card":"summary_large_image","twitter_image":"https:\/\/tollscout.eu\/wp-content\/uploads\/2023\/08\/logo_color_360x92px.png","twitter_site":"@tollscout","twitter_misc":{"Procijenjeno vrijeme \u010ditanja":"3 minute"},"schema":{"@context":"https:\/\/schema.org","@graph":[{"@type":"WebPage","@id":"https:\/\/tollscout.eu\/hr\/brenner-cestarina-austrija\/","url":"https:\/\/tollscout.eu\/hr\/brenner-cestarina-austrija\/","name":"Brenner Toll Online Austrija - vrijedi odmah","isPartOf":{"@id":"https:\/\/tollscout.eu\/hr\/#website"},"datePublished":"2023-08-25T10:00:01+00:00","dateModified":"2024-07-31T23:31:12+00:00","description":"Brenner naplata putem interneta Austrija. Kupite digitalnu cestarinu za autocestu A13 Brenner brzo i jednostavno online. Vrijedi odmah.","breadcrumb":{"@id":"https:\/\/tollscout.eu\/hr\/brenner-cestarina-austrija\/#breadcrumb"},"inLanguage":"hr","potentialAction":[{"@type":"ReadAction","target":["https:\/\/tollscout.eu\/hr\/brenner-cestarina-austrija\/"]}]},{"@type":"BreadcrumbList","@id":"https:\/\/tollscout.eu\/hr\/brenner-cestarina-austrija\/#breadcrumb","itemListElement":[{"@type":"ListItem","position":1,"name":"Startseite","item":"https:\/\/tollscout.eu\/hr\/"},{"@type":"ListItem","position":2,"name":"Brenner cestarina Austrija"}]},{"@type":"WebSite","@id":"https:\/\/tollscout.eu\/hr\/#website","url":"https:\/\/tollscout.eu\/hr\/","name":"Tollscout\u00ae","description":"","publisher":{"@id":"https:\/\/tollscout.eu\/hr\/#organization"},"potentialAction":[{"@type":"SearchAction","target":{"@type":"EntryPoint","urlTemplate":"https:\/\/tollscout.eu\/hr\/?s={search_term_string}"},"query-input":{"@type":"PropertyValueSpecification","valueRequired":true,"valueName":"search_term_string"}}],"inLanguage":"hr"},{"@type":"Organization","@id":"https:\/\/tollscout.eu\/hr\/#organization","name":"TollScout","alternateName":"TollScout","url":"https:\/\/tollscout.eu\/hr\/","logo":{"@type":"ImageObject","inLanguage":"hr","@id":"https:\/\/tollscout.eu\/hr\/#\/schema\/logo\/image\/","url":"https:\/\/tollscout.eu\/wp-content\/uploads\/2023\/11\/logo_social_media_1024.png","contentUrl":"https:\/\/tollscout.eu\/wp-content\/uploads\/2023\/11\/logo_social_media_1024.png","width":1024,"height":1024,"caption":"TollScout"},"image":{"@id":"https:\/\/tollscout.eu\/hr\/#\/schema\/logo\/image\/"},"sameAs":["https:\/\/facebook.com\/tollscout","https:\/\/x.com\/tollscout","https:\/\/instagram.com\/tollscout"]}]}},"uagb_featured_image_src":{"full":false,"thumbnail":false,"medium":false,"medium_large":false,"large":false,"1536x1536":false,"2048x2048":false,"gform-image-choice-sm":false,"gform-image-choice-md":false,"gform-image-choice-lg":false},"uagb_author_info":{"display_name":"Tollscout","author_link":"https:\/\/tollscout.eu\/hr\/author\/m-hemm\/"},"uagb_comment_info":0,"uagb_excerpt":"Brenner naplata putem interneta Austrija Brenner naplata putem interneta Austrija Brenner Autocesta A 13, dio European Route 45, prote\u017ee se [&hellip;]","_links":{"self":[{"href":"https:\/\/tollscout.eu\/hr\/wp-json\/wp\/v2\/pages\/5398","targetHints":{"allow":["GET"]}}],"collection":[{"href":"https:\/\/tollscout.eu\/hr\/wp-json\/wp\/v2\/pages"}],"about":[{"href":"https:\/\/tollscout.eu\/hr\/wp-json\/wp\/v2\/types\/page"}],"author":[{"embeddable":true,"href":"https:\/\/tollscout.eu\/hr\/wp-json\/wp\/v2\/users\/2"}],"replies":[{"embeddable":true,"href":"https:\/\/tollscout.eu\/hr\/wp-json\/wp\/v2\/comments?post=5398"}],"version-history":[{"count":6,"href":"https:\/\/tollscout.eu\/hr\/wp-json\/wp\/v2\/pages\/5398\/revisions"}],"predecessor-version":[{"id":8941,"href":"https:\/\/tollscout.eu\/hr\/wp-json\/wp\/v2\/pages\/5398\/revisions\/8941"}],"wp:attachment":[{"href":"https:\/\/tollscout.eu\/hr\/wp-json\/wp\/v2\/media?parent=5398"}],"curies":[{"name":"wp","href":"https:\/\/api.w.org\/{rel}","templated":true}]}}