{"id":9510,"date":"2024-08-06T12:17:44","date_gmt":"2024-08-06T10:17:44","guid":{"rendered":"https:\/\/tollscout.eu\/newsletter\/"},"modified":"2024-08-07T12:38:50","modified_gmt":"2024-08-07T10:38:50","slug":"newsletter","status":"publish","type":"page","link":"https:\/\/tollscout.eu\/fr\/newsletter\/","title":{"rendered":"Newsletter"},"content":{"rendered":"\n<div class=\"wp-block-uagb-container uagb-block-c1e2fce7 alignfull uagb-is-root-container\"><div class=\"uagb-container-inner-blocks-wrap\">\n<div class=\"wp-block-uagb-advanced-heading uagb-block-c767fabd\"><h1 class=\"uagb-heading-text\">Bulletin des vignettes<\/h1><\/div>\n<\/div><\/div>\n\n<div class=\"wp-block-uagb-container uagb-block-f356067b alignfull uagb-is-root-container\"><div class=\"uagb-container-inner-blocks-wrap\">\n<div class=\"wp-block-uagb-advanced-heading uagb-block-e02782db\"><h2 class=\"uagb-heading-text\">Abonnez-vous \u00e0 notre newsletter !<\/h2><\/div>\n<\/div><\/div>\n\n<div class=\"wp-block-uagb-container uagb-block-e15c9e9d alignfull uagb-is-root-container\"><div class=\"uagb-container-inner-blocks-wrap\">\n<div id=\"app\" data-context=\"newsletterSignup\"><\/div>\n<\/div><\/div>\n\n<div class=\"wp-block-uagb-container uagb-block-e14bf70a alignfull uagb-is-root-container\"><div class=\"uagb-container-inner-blocks-wrap\">\n<p>Avec notre newsletter vignette, vous resterez toujours au courant. Nous vous informerons des changements et des innovations de nos services, ainsi que des autorit\u00e9s officielles des p\u00e9ages dans les pays respectifs.  <br\/><br\/>Nous respectons votre d\u00e9sir de contenu et d\u2019informations significatifs. Vous n\u2019avez donc pas \u00e0 vous soucier du spam.  <br\/><br\/>Nous nous soucions \u00e9galement de la protection des donn\u00e9es. Les donn\u00e9es que vous fournissez seront trait\u00e9es de mani\u00e8re strictement confidentielle. Votre adresse e-mail ne sera utilis\u00e9e \u00e0 aucune autre fin ni transmise \u00e0 des tiers.   <\/p>\n<\/div><\/div>\n","protected":false},"excerpt":{"rendered":"<p>Bulletin des vignettes Abonnez-vous \u00e0 notre newsletter ! Avec notre newsletter vignette, vous resterez toujours au courant. Nous vous informerons [&hellip;]<\/p>\n","protected":false},"author":2,"featured_media":0,"parent":0,"menu_order":0,"comment_status":"closed","ping_status":"closed","template":"","meta":{"_uag_custom_page_level_css":"","site-sidebar-layout":"no-sidebar","site-content-layout":"","ast-site-content-layout":"normal-width-container","site-content-style":"unboxed","site-sidebar-style":"unboxed","ast-global-header-display":"","ast-banner-title-visibility":"","ast-main-header-display":"","ast-hfb-above-header-display":"","ast-hfb-below-header-display":"","ast-hfb-mobile-header-display":"","site-post-title":"disabled","ast-breadcrumbs-content":"","ast-featured-img":"","footer-sml-layout":"","ast-disable-related-posts":"","theme-transparent-header-meta":"enabled","adv-header-id-meta":"","stick-header-meta":"","header-above-stick-meta":"","header-main-stick-meta":"","header-below-stick-meta":"","astra-migrate-meta-layouts":"default","ast-page-background-enabled":"default","ast-page-background-meta":{"desktop":{"background-color":"var(--ast-global-color-5)","background-image":"","background-repeat":"repeat","background-position":"center center","background-size":"auto","background-attachment":"scroll","background-type":"","background-media":"","overlay-type":"","overlay-color":"","overlay-opacity":"","overlay-gradient":""},"tablet":{"background-color":"","background-image":"","background-repeat":"repeat","background-position":"center center","background-size":"auto","background-attachment":"scroll","background-type":"","background-media":"","overlay-type":"","overlay-color":"","overlay-opacity":"","overlay-gradient":""},"mobile":{"background-color":"","background-image":"","background-repeat":"repeat","background-position":"center center","background-size":"auto","background-attachment":"scroll","background-type":"","background-media":"","overlay-type":"","overlay-color":"","overlay-opacity":"","overlay-gradient":""}},"ast-content-background-meta":{"desktop":{"background-color":"var(--ast-global-color-4)","background-image":"","background-repeat":"repeat","background-position":"center center","background-size":"auto","background-attachment":"scroll","background-type":"","background-media":"","overlay-type":"","overlay-color":"","overlay-opacity":"","overlay-gradient":""},"tablet":{"background-color":"var(--ast-global-color-4)","background-image":"","background-repeat":"repeat","background-position":"center center","background-size":"auto","background-attachment":"scroll","background-type":"","background-media":"","overlay-type":"","overlay-color":"","overlay-opacity":"","overlay-gradient":""},"mobile":{"background-color":"var(--ast-global-color-4)","background-image":"","background-repeat":"repeat","background-position":"center center","background-size":"auto","background-attachment":"scroll","background-type":"","background-media":"","overlay-type":"","overlay-color":"","overlay-opacity":"","overlay-gradient":""}},"footnotes":""},"class_list":["post-9510","page","type-page","status-publish","hentry"],"yoast_head":"<!-- This site is optimized with the Yoast SEO plugin v27.1.1 - https:\/\/yoast.com\/product\/yoast-seo-wordpress\/ -->\n<title>Newsletter Vignettes - informations sur le th\u00e8me des vignettes num\u00e9riques<\/title>\n<meta name=\"description\" content=\"Abonnez-vous \u00e0 notre newsletter vignettes et restez inform\u00e9 des vignettes num\u00e9riques et des p\u00e9ages routiers en Europe.\" \/>\n<meta name=\"robots\" content=\"index, follow, max-snippet:-1, max-image-preview:large, max-video-preview:-1\" \/>\n<link rel=\"canonical\" href=\"https:\/\/tollscout.eu\/fr\/newsletter\/\" \/>\n<meta property=\"og:locale\" content=\"fr_FR\" \/>\n<meta property=\"og:type\" content=\"article\" \/>\n<meta property=\"og:title\" content=\"Newsletter Vignettes - informations sur le th\u00e8me des vignettes num\u00e9riques\" \/>\n<meta property=\"og:description\" content=\"Abonnez-vous \u00e0 notre newsletter vignettes et restez inform\u00e9 des vignettes num\u00e9riques et des p\u00e9ages routiers en Europe.\" \/>\n<meta property=\"og:url\" content=\"https:\/\/tollscout.eu\/fr\/newsletter\/\" \/>\n<meta property=\"og:site_name\" content=\"Tollscout\u00ae\" \/>\n<meta property=\"article:publisher\" content=\"https:\/\/facebook.com\/tollscout\" \/>\n<meta property=\"article:modified_time\" content=\"2024-08-07T10:38:50+00:00\" \/>\n<meta property=\"og:image\" content=\"https:\/\/tollscout.eu\/wp-content\/uploads\/2023\/08\/logo_color_360x92px.png\" \/>\n\t<meta property=\"og:image:width\" content=\"360\" \/>\n\t<meta property=\"og:image:height\" content=\"92\" \/>\n\t<meta property=\"og:image:type\" content=\"image\/png\" \/>\n<meta name=\"twitter:card\" content=\"summary_large_image\" \/>\n<meta name=\"twitter:site\" content=\"@tollscout\" \/>\n<script type=\"application\/ld+json\" class=\"yoast-schema-graph\">{\"@context\":\"https:\/\/schema.org\",\"@graph\":[{\"@type\":\"WebPage\",\"@id\":\"https:\/\/tollscout.eu\/fr\/newsletter\/\",\"url\":\"https:\/\/tollscout.eu\/fr\/newsletter\/\",\"name\":\"Newsletter Vignettes - informations sur le th\u00e8me des vignettes num\u00e9riques\",\"isPartOf\":{\"@id\":\"https:\/\/tollscout.eu\/fr\/#website\"},\"datePublished\":\"2024-08-06T10:17:44+00:00\",\"dateModified\":\"2024-08-07T10:38:50+00:00\",\"description\":\"Abonnez-vous \u00e0 notre newsletter vignettes et restez inform\u00e9 des vignettes num\u00e9riques et des p\u00e9ages routiers en Europe.\",\"breadcrumb\":{\"@id\":\"https:\/\/tollscout.eu\/fr\/newsletter\/#breadcrumb\"},\"inLanguage\":\"fr-FR\",\"potentialAction\":[{\"@type\":\"ReadAction\",\"target\":[\"https:\/\/tollscout.eu\/fr\/newsletter\/\"]}]},{\"@type\":\"BreadcrumbList\",\"@id\":\"https:\/\/tollscout.eu\/fr\/newsletter\/#breadcrumb\",\"itemListElement\":[{\"@type\":\"ListItem\",\"position\":1,\"name\":\"Startseite\",\"item\":\"https:\/\/tollscout.eu\/fr\/\"},{\"@type\":\"ListItem\",\"position\":2,\"name\":\"Newsletter\"}]},{\"@type\":\"WebSite\",\"@id\":\"https:\/\/tollscout.eu\/fr\/#website\",\"url\":\"https:\/\/tollscout.eu\/fr\/\",\"name\":\"Tollscout\u00ae\",\"description\":\"\",\"publisher\":{\"@id\":\"https:\/\/tollscout.eu\/fr\/#organization\"},\"potentialAction\":[{\"@type\":\"SearchAction\",\"target\":{\"@type\":\"EntryPoint\",\"urlTemplate\":\"https:\/\/tollscout.eu\/fr\/?s={search_term_string}\"},\"query-input\":{\"@type\":\"PropertyValueSpecification\",\"valueRequired\":true,\"valueName\":\"search_term_string\"}}],\"inLanguage\":\"fr-FR\"},{\"@type\":\"Organization\",\"@id\":\"https:\/\/tollscout.eu\/fr\/#organization\",\"name\":\"TollScout\",\"alternateName\":\"TollScout\",\"url\":\"https:\/\/tollscout.eu\/fr\/\",\"logo\":{\"@type\":\"ImageObject\",\"inLanguage\":\"fr-FR\",\"@id\":\"https:\/\/tollscout.eu\/fr\/#\/schema\/logo\/image\/\",\"url\":\"https:\/\/tollscout.eu\/wp-content\/uploads\/2023\/11\/logo_social_media_1024.png\",\"contentUrl\":\"https:\/\/tollscout.eu\/wp-content\/uploads\/2023\/11\/logo_social_media_1024.png\",\"width\":1024,\"height\":1024,\"caption\":\"TollScout\"},\"image\":{\"@id\":\"https:\/\/tollscout.eu\/fr\/#\/schema\/logo\/image\/\"},\"sameAs\":[\"https:\/\/facebook.com\/tollscout\",\"https:\/\/x.com\/tollscout\",\"https:\/\/instagram.com\/tollscout\"]}]}<\/script>\n<!-- \/ Yoast SEO plugin. -->","yoast_head_json":{"title":"Newsletter Vignettes - informations sur le th\u00e8me des vignettes num\u00e9riques","description":"Abonnez-vous \u00e0 notre newsletter vignettes et restez inform\u00e9 des vignettes num\u00e9riques et des p\u00e9ages routiers en Europe.","robots":{"index":"index","follow":"follow","max-snippet":"max-snippet:-1","max-image-preview":"max-image-preview:large","max-video-preview":"max-video-preview:-1"},"canonical":"https:\/\/tollscout.eu\/fr\/newsletter\/","og_locale":"fr_FR","og_type":"article","og_title":"Newsletter Vignettes - informations sur le th\u00e8me des vignettes num\u00e9riques","og_description":"Abonnez-vous \u00e0 notre newsletter vignettes et restez inform\u00e9 des vignettes num\u00e9riques et des p\u00e9ages routiers en Europe.","og_url":"https:\/\/tollscout.eu\/fr\/newsletter\/","og_site_name":"Tollscout\u00ae","article_publisher":"https:\/\/facebook.com\/tollscout","article_modified_time":"2024-08-07T10:38:50+00:00","og_image":[{"width":360,"height":92,"url":"https:\/\/tollscout.eu\/wp-content\/uploads\/2023\/08\/logo_color_360x92px.png","type":"image\/png"}],"twitter_card":"summary_large_image","twitter_site":"@tollscout","schema":{"@context":"https:\/\/schema.org","@graph":[{"@type":"WebPage","@id":"https:\/\/tollscout.eu\/fr\/newsletter\/","url":"https:\/\/tollscout.eu\/fr\/newsletter\/","name":"Newsletter Vignettes - informations sur le th\u00e8me des vignettes num\u00e9riques","isPartOf":{"@id":"https:\/\/tollscout.eu\/fr\/#website"},"datePublished":"2024-08-06T10:17:44+00:00","dateModified":"2024-08-07T10:38:50+00:00","description":"Abonnez-vous \u00e0 notre newsletter vignettes et restez inform\u00e9 des vignettes num\u00e9riques et des p\u00e9ages routiers en Europe.","breadcrumb":{"@id":"https:\/\/tollscout.eu\/fr\/newsletter\/#breadcrumb"},"inLanguage":"fr-FR","potentialAction":[{"@type":"ReadAction","target":["https:\/\/tollscout.eu\/fr\/newsletter\/"]}]},{"@type":"BreadcrumbList","@id":"https:\/\/tollscout.eu\/fr\/newsletter\/#breadcrumb","itemListElement":[{"@type":"ListItem","position":1,"name":"Startseite","item":"https:\/\/tollscout.eu\/fr\/"},{"@type":"ListItem","position":2,"name":"Newsletter"}]},{"@type":"WebSite","@id":"https:\/\/tollscout.eu\/fr\/#website","url":"https:\/\/tollscout.eu\/fr\/","name":"Tollscout\u00ae","description":"","publisher":{"@id":"https:\/\/tollscout.eu\/fr\/#organization"},"potentialAction":[{"@type":"SearchAction","target":{"@type":"EntryPoint","urlTemplate":"https:\/\/tollscout.eu\/fr\/?s={search_term_string}"},"query-input":{"@type":"PropertyValueSpecification","valueRequired":true,"valueName":"search_term_string"}}],"inLanguage":"fr-FR"},{"@type":"Organization","@id":"https:\/\/tollscout.eu\/fr\/#organization","name":"TollScout","alternateName":"TollScout","url":"https:\/\/tollscout.eu\/fr\/","logo":{"@type":"ImageObject","inLanguage":"fr-FR","@id":"https:\/\/tollscout.eu\/fr\/#\/schema\/logo\/image\/","url":"https:\/\/tollscout.eu\/wp-content\/uploads\/2023\/11\/logo_social_media_1024.png","contentUrl":"https:\/\/tollscout.eu\/wp-content\/uploads\/2023\/11\/logo_social_media_1024.png","width":1024,"height":1024,"caption":"TollScout"},"image":{"@id":"https:\/\/tollscout.eu\/fr\/#\/schema\/logo\/image\/"},"sameAs":["https:\/\/facebook.com\/tollscout","https:\/\/x.com\/tollscout","https:\/\/instagram.com\/tollscout"]}]}},"uagb_featured_image_src":{"full":false,"thumbnail":false,"medium":false,"medium_large":false,"large":false,"1536x1536":false,"2048x2048":false,"gform-image-choice-sm":false,"gform-image-choice-md":false,"gform-image-choice-lg":false},"uagb_author_info":{"display_name":"Tollscout","author_link":"https:\/\/tollscout.eu\/fr\/author\/m-hemm\/"},"uagb_comment_info":0,"uagb_excerpt":"Bulletin des vignettes Abonnez-vous \u00e0 notre newsletter ! Avec notre newsletter vignette, vous resterez toujours au courant. Nous vous informerons [&hellip;]","_links":{"self":[{"href":"https:\/\/tollscout.eu\/fr\/wp-json\/wp\/v2\/pages\/9510","targetHints":{"allow":["GET"]}}],"collection":[{"href":"https:\/\/tollscout.eu\/fr\/wp-json\/wp\/v2\/pages"}],"about":[{"href":"https:\/\/tollscout.eu\/fr\/wp-json\/wp\/v2\/types\/page"}],"author":[{"embeddable":true,"href":"https:\/\/tollscout.eu\/fr\/wp-json\/wp\/v2\/users\/2"}],"replies":[{"embeddable":true,"href":"https:\/\/tollscout.eu\/fr\/wp-json\/wp\/v2\/comments?post=9510"}],"version-history":[{"count":2,"href":"https:\/\/tollscout.eu\/fr\/wp-json\/wp\/v2\/pages\/9510\/revisions"}],"predecessor-version":[{"id":9570,"href":"https:\/\/tollscout.eu\/fr\/wp-json\/wp\/v2\/pages\/9510\/revisions\/9570"}],"wp:attachment":[{"href":"https:\/\/tollscout.eu\/fr\/wp-json\/wp\/v2\/media?parent=9510"}],"curies":[{"name":"wp","href":"https:\/\/api.w.org\/{rel}","templated":true}]}}