{"id":7583,"date":"2023-08-25T11:52:28","date_gmt":"2023-08-25T09:52:28","guid":{"rendered":"https:\/\/tollscout.eu\/peage-du-tunnel-du-katschberg-autriche\/"},"modified":"2024-08-01T01:50:15","modified_gmt":"2024-07-31T23:50:15","slug":"peage-du-tunnel-du-katschberg-autriche","status":"publish","type":"page","link":"https:\/\/tollscout.eu\/fr\/peage-du-tunnel-du-katschberg-autriche\/","title":{"rendered":"P\u00e9age du tunnel du Katschberg Autriche"},"content":{"rendered":"\n<div class=\"wp-block-uagb-container uagb-block-c1e2fce7 alignfull uagb-is-root-container\"><div class=\"uagb-container-inner-blocks-wrap\">\n<div class=\"wp-block-uagb-advanced-heading uagb-block-c767fabd\"><h1 class=\"uagb-heading-text\">P\u00e9age du tunnel du Katschberg Autriche<\/h1><\/div>\n<\/div><\/div>\n\n<div class=\"wp-block-uagb-container uagb-block-7d404a70 alignfull uagb-is-root-container\"><div class=\"uagb-container-inner-blocks-wrap\">\n<div id=\"app\" data-context=\"at\"><\/div>\n<\/div><\/div>\n\n<div class=\"wp-block-uagb-container uagb-block-f356067b alignfull uagb-is-root-container\"><div class=\"uagb-container-inner-blocks-wrap\">\n<div class=\"wp-block-uagb-advanced-heading uagb-block-32bca494\"><h2 class=\"uagb-heading-text\">P\u00e9age du tunnel du Katschberg en Autriche (autoroute A 10 Tauern)<\/h2><\/div>\n\n\n\n<p class=\"has-text-align-center\">Le tunnel du Katschberg s&rsquo;\u00e9tend sur une longueur de 5 898 m\u00e8tres et fait partie de l&rsquo;autoroute Tauern (A 10). Il fait \u00e9galement office de tunnel frontalier entre les L\u00e4nder autrichiens de Carinthie et de Salzbourg. Ce tunnel joue un r\u00f4le crucial dans la liaison du Katschtal carinthien via le Katschberg avec le Lungau \u00e0 Salzbourg. Il rev\u00eat donc une grande importance pour la route de circulation de Villach \u00e0 Salzbourg. Les tron\u00e7ons situ\u00e9s entre le tunnel du Katschberg et <a href=\"https:\/\/tollscout.eu\/fr\/peage-du-tunnel-du-tauernt-autriche\/\">le tunnel du Tauern<\/a>, y compris le passage par les deux tunnels eux-m\u00eames, sont class\u00e9s comme itin\u00e9raires \u00e0 p\u00e9age sp\u00e9ciaux. Cela signifie qu&rsquo;ils sont exempt\u00e9s de l&rsquo;obligation de vignette, comme tous les autres itin\u00e9raires \u00e0 p\u00e9age sp\u00e9ciaux en Autriche.      <\/p>\n<\/div><\/div>\n\n<div class=\"wp-block-uagb-container uagb-block-7efd3c31 alignfull uagb-is-root-container\"><div class=\"uagb-container-inner-blocks-wrap\">\n<div class=\"wp-block-uagb-advanced-heading uagb-block-4602874c\"><h2 class=\"uagb-heading-text\">FAQ<\/h2><p class=\"uagb-desc-text\">Nous r\u00e9pondons ici \u00e0 toutes les questions concernant le p\u00e9age du tunnel de Katschberg en Autriche.\u200b<\/p><\/div>\n\n\n<div class=\"wp-block-uagb-faq uagb-faq__outer-wrap uagb-block-4fe496d4 uagb-faq-icon-row-reverse uagb-faq-layout-accordion uagb-faq-expand-first-false uagb-faq-inactive-other-true uagb-faq__wrap uagb-buttons-layout-wrap uagb-faq-equal-height     \" data-faqtoggle=\"true\" role=\"tablist\"><div class=\"wp-block-uagb-faq-child uagb-faq-child__outer-wrap uagb-faq-item uagb-block-1a70522e \" role=\"tab\" tabindex=\"0\"><div class=\"uagb-faq-questions-button uagb-faq-questions\">\t\t\t<span class=\"uagb-icon uagb-faq-icon-wrap\">\n\t\t\t\t\t\t\t<\/span>\n\t\t\t\t\t\t<span class=\"uagb-icon-active uagb-faq-icon-wrap\">\n\t\t\t\t\t\t\t\t<svg xmlns=\"https:\/\/www.w3.org\/2000\/svg\" viewBox= \"0 0 320 512\"><path d=\"M9.39 265.4l127.1-128C143.6 131.1 151.8 128 160 128s16.38 3.125 22.63 9.375l127.1 128c9.156 9.156 11.9 22.91 6.943 34.88S300.9 320 287.1 320H32.01c-12.94 0-24.62-7.781-29.58-19.75S.2333 274.5 9.39 265.4z\"><\/path><\/svg>\n\t\t\t\t\t\t\t<\/span>\n\t\t\t<h3 class=\"uagb-question\">Quand le tunnel du Katschberg a-t-il \u00e9t\u00e9 ouvert \u00e0 la circulation ?<\/h3><\/div><div class=\"uagb-faq-content\"><p>Le premier tube du tunnel du Katschberg a \u00e9t\u00e9 ouvert \u00e0 la circulation le 21 d\u00e9cembre 1974. Le tunnel du Katschberg a \u00e9t\u00e9 con\u00e7u d\u00e8s le d\u00e9part comme un tunnel \u00e0 deux tubes. Cependant, en 1988, les projets du deuxi\u00e8me tube ont \u00e9t\u00e9 arr\u00eat\u00e9s pour des raisons de co\u00fbt et en raison du faible volume de trafic. La construction n&rsquo;a repris qu&rsquo;en 2004 et a \u00e9t\u00e9 ouverte \u00e0 la circulation en avril 2009.    <\/p><\/div><\/div><div class=\"wp-block-uagb-faq-child uagb-faq-child__outer-wrap uagb-faq-item uagb-block-bd4b64b2 \" role=\"tab\" tabindex=\"0\"><div class=\"uagb-faq-questions-button uagb-faq-questions\">\t\t\t<span class=\"uagb-icon uagb-faq-icon-wrap\">\n\t\t\t\t\t\t\t<\/span>\n\t\t\t\t\t\t<span class=\"uagb-icon-active uagb-faq-icon-wrap\">\n\t\t\t\t\t\t\t\t<svg xmlns=\"https:\/\/www.w3.org\/2000\/svg\" viewBox= \"0 0 320 512\"><path d=\"M9.39 265.4l127.1-128C143.6 131.1 151.8 128 160 128s16.38 3.125 22.63 9.375l127.1 128c9.156 9.156 11.9 22.91 6.943 34.88S300.9 320 287.1 320H32.01c-12.94 0-24.62-7.781-29.58-19.75S.2333 274.5 9.39 265.4z\"><\/path><\/svg>\n\t\t\t\t\t\t\t<\/span>\n\t\t\t<h3 class=\"uagb-question\">Quelle est la longueur du tunnel du Katschberg (A10 Tauernautobahn) ?<\/h3><\/div><div class=\"uagb-faq-content\"><p>Le premier tube (tube ouest) du tunnel du Katschberg mesure 5 898 m\u00e8tres de long et relie le Katschtal carinthien via <a href=\"https:\/\/de.wikipedia.org\/wiki\/Katschberg\">le Katschberg<\/a> au Lungau \u00e0 Salzbourg. Le deuxi\u00e8me tube (tube est) du tunnel du Katschberg mesure 5 565 m\u00e8tres de long. Le Katschbergtunnel et le Tauerntunnel sont des tron\u00e7ons du Tauernautobahn (A10) qui sont exempt\u00e9s de l&rsquo;obligation de vignette mais sont soumis \u00e0 un p\u00e9age sp\u00e9cial.<\/p><\/div><\/div><div class=\"wp-block-uagb-faq-child uagb-faq-child__outer-wrap uagb-faq-item uagb-block-49ae175a \" role=\"tab\" tabindex=\"0\"><div class=\"uagb-faq-questions-button uagb-faq-questions\">\t\t\t<span class=\"uagb-icon uagb-faq-icon-wrap\">\n\t\t\t\t\t\t\t<\/span>\n\t\t\t\t\t\t<span class=\"uagb-icon-active uagb-faq-icon-wrap\">\n\t\t\t\t\t\t\t\t<svg xmlns=\"https:\/\/www.w3.org\/2000\/svg\" viewBox= \"0 0 320 512\"><path d=\"M9.39 265.4l127.1-128C143.6 131.1 151.8 128 160 128s16.38 3.125 22.63 9.375l127.1 128c9.156 9.156 11.9 22.91 6.943 34.88S300.9 320 287.1 320H32.01c-12.94 0-24.62-7.781-29.58-19.75S.2333 274.5 9.39 265.4z\"><\/path><\/svg>\n\t\t\t\t\t\t\t<\/span>\n\t\t\t<h3 class=\"uagb-question\">Pourquoi le tunnel du Katschberg est-il exempt\u00e9 de l&rsquo;obligation de vignette ? <\/h3><\/div><div class=\"uagb-faq-content\"><p>Le tunnel du Katschberg est un tron\u00e7on du trac\u00e9 exempt\u00e9 de l&rsquo;obligation de vignette, mais soumis \u00e0 un p\u00e9age sp\u00e9cial. Le p\u00e9age du Tauernautobahn A10 peut \u00eatre achet\u00e9 rapidement et facilement en ligne via notre boutique en ligne. <\/p><\/div><\/div><div class=\"wp-block-uagb-faq-child uagb-faq-child__outer-wrap uagb-faq-item uagb-block-c7b6f203 \" role=\"tab\" tabindex=\"0\"><div class=\"uagb-faq-questions-button uagb-faq-questions\">\t\t\t<span class=\"uagb-icon uagb-faq-icon-wrap\">\n\t\t\t\t\t\t\t<\/span>\n\t\t\t\t\t\t<span class=\"uagb-icon-active uagb-faq-icon-wrap\">\n\t\t\t\t\t\t\t\t<svg xmlns=\"https:\/\/www.w3.org\/2000\/svg\" viewBox= \"0 0 320 512\"><path d=\"M9.39 265.4l127.1-128C143.6 131.1 151.8 128 160 128s16.38 3.125 22.63 9.375l127.1 128c9.156 9.156 11.9 22.91 6.943 34.88S300.9 320 287.1 320H32.01c-12.94 0-24.62-7.781-29.58-19.75S.2333 274.5 9.39 265.4z\"><\/path><\/svg>\n\t\t\t\t\t\t\t<\/span>\n\t\t\t<h3 class=\"uagb-question\">Combien co\u00fbte le p\u00e9age du tunnel du Katschberg en Autriche ? <\/h3><\/div><div class=\"uagb-faq-content\"><p>Le co\u00fbt d&rsquo;un passage simple dans le tunnel du Katschberg est de 13,50 \u20ac (\u00e0 partir de 2023).<\/p><\/div><\/div><div class=\"wp-block-uagb-faq-child uagb-faq-child__outer-wrap uagb-faq-item uagb-block-66a7673f \" role=\"tab\" tabindex=\"0\"><div class=\"uagb-faq-questions-button uagb-faq-questions\">\t\t\t<span class=\"uagb-icon uagb-faq-icon-wrap\">\n\t\t\t\t\t\t\t<\/span>\n\t\t\t\t\t\t<span class=\"uagb-icon-active uagb-faq-icon-wrap\">\n\t\t\t\t\t\t\t\t<svg xmlns=\"https:\/\/www.w3.org\/2000\/svg\" viewBox= \"0 0 320 512\"><path d=\"M9.39 265.4l127.1-128C143.6 131.1 151.8 128 160 128s16.38 3.125 22.63 9.375l127.1 128c9.156 9.156 11.9 22.91 6.943 34.88S300.9 320 287.1 320H32.01c-12.94 0-24.62-7.781-29.58-19.75S.2333 274.5 9.39 265.4z\"><\/path><\/svg>\n\t\t\t\t\t\t\t<\/span>\n\t\t\t<h3 class=\"uagb-question\">Combien de temps dure le trajet dans le tunnel du Katschberg ?<\/h3><\/div><div class=\"uagb-faq-content\"><p>Le trajet \u00e0 travers le tunnel du Katschberg dure environ 10 minutes.<\/p><\/div><\/div><div class=\"wp-block-uagb-faq-child uagb-faq-child__outer-wrap uagb-faq-item uagb-block-88984a11 \" role=\"tab\" tabindex=\"0\"><div class=\"uagb-faq-questions-button uagb-faq-questions\">\t\t\t<span class=\"uagb-icon uagb-faq-icon-wrap\">\n\t\t\t\t\t\t\t<\/span>\n\t\t\t\t\t\t<span class=\"uagb-icon-active uagb-faq-icon-wrap\">\n\t\t\t\t\t\t\t\t<svg xmlns=\"https:\/\/www.w3.org\/2000\/svg\" viewBox= \"0 0 320 512\"><path d=\"M9.39 265.4l127.1-128C143.6 131.1 151.8 128 160 128s16.38 3.125 22.63 9.375l127.1 128c9.156 9.156 11.9 22.91 6.943 34.88S300.9 320 287.1 320H32.01c-12.94 0-24.62-7.781-29.58-19.75S.2333 274.5 9.39 265.4z\"><\/path><\/svg>\n\t\t\t\t\t\t\t<\/span>\n\t\t\t<h3 class=\"uagb-question\">Quelle est la largeur et la hauteur du tunnel du Katschberg ?<\/h3><\/div><div class=\"uagb-faq-content\"><p>La largeur de chauss\u00e9e des tubes est et ouest est de 7,50 m\u00e8tres. La hauteur du tunnel du Katschberg est de 4,70 m\u00e8tres. <\/p><\/div><\/div><\/div><\/div><\/div>\n","protected":false},"excerpt":{"rendered":"<p>P\u00e9age du tunnel du Katschberg Autriche P\u00e9age du tunnel du Katschberg en Autriche (autoroute A 10 Tauern) Le tunnel du [&hellip;]<\/p>\n","protected":false},"author":2,"featured_media":0,"parent":0,"menu_order":0,"comment_status":"closed","ping_status":"closed","template":"","meta":{"_uag_custom_page_level_css":"","site-sidebar-layout":"no-sidebar","site-content-layout":"","ast-site-content-layout":"normal-width-container","site-content-style":"unboxed","site-sidebar-style":"unboxed","ast-global-header-display":"","ast-banner-title-visibility":"","ast-main-header-display":"","ast-hfb-above-header-display":"","ast-hfb-below-header-display":"","ast-hfb-mobile-header-display":"","site-post-title":"disabled","ast-breadcrumbs-content":"","ast-featured-img":"","footer-sml-layout":"","ast-disable-related-posts":"","theme-transparent-header-meta":"enabled","adv-header-id-meta":"","stick-header-meta":"","header-above-stick-meta":"","header-main-stick-meta":"","header-below-stick-meta":"","astra-migrate-meta-layouts":"default","ast-page-background-enabled":"default","ast-page-background-meta":{"desktop":{"background-color":"var(--ast-global-color-5)","background-image":"","background-repeat":"repeat","background-position":"center center","background-size":"auto","background-attachment":"scroll","background-type":"","background-media":"","overlay-type":"","overlay-color":"","overlay-opacity":"","overlay-gradient":""},"tablet":{"background-color":"","background-image":"","background-repeat":"repeat","background-position":"center center","background-size":"auto","background-attachment":"scroll","background-type":"","background-media":"","overlay-type":"","overlay-color":"","overlay-opacity":"","overlay-gradient":""},"mobile":{"background-color":"","background-image":"","background-repeat":"repeat","background-position":"center center","background-size":"auto","background-attachment":"scroll","background-type":"","background-media":"","overlay-type":"","overlay-color":"","overlay-opacity":"","overlay-gradient":""}},"ast-content-background-meta":{"desktop":{"background-color":"var(--ast-global-color-4)","background-image":"","background-repeat":"repeat","background-position":"center center","background-size":"auto","background-attachment":"scroll","background-type":"","background-media":"","overlay-type":"","overlay-color":"","overlay-opacity":"","overlay-gradient":""},"tablet":{"background-color":"var(--ast-global-color-4)","background-image":"","background-repeat":"repeat","background-position":"center center","background-size":"auto","background-attachment":"scroll","background-type":"","background-media":"","overlay-type":"","overlay-color":"","overlay-opacity":"","overlay-gradient":""},"mobile":{"background-color":"var(--ast-global-color-4)","background-image":"","background-repeat":"repeat","background-position":"center center","background-size":"auto","background-attachment":"scroll","background-type":"","background-media":"","overlay-type":"","overlay-color":"","overlay-opacity":"","overlay-gradient":""}},"footnotes":""},"class_list":["post-7583","page","type-page","status-publish","hentry"],"yoast_head":"<!-- This site is optimized with the Yoast SEO plugin v27.1.1 - https:\/\/yoast.com\/product\/yoast-seo-wordpress\/ -->\n<title>P\u00e9age du tunnel du Katschberg Autriche - p\u00e9age num\u00e9rique<\/title>\n<meta name=\"description\" content=\"Achetez le p\u00e9age du tunnel du Katschberg en Autriche sur l&#039;autoroute A10 Tauern rapidement et facilement en ligne dans notre boutique en ligne. Valable imm\u00e9diatement.\" \/>\n<meta name=\"robots\" content=\"index, follow, max-snippet:-1, max-image-preview:large, max-video-preview:-1\" \/>\n<link rel=\"canonical\" href=\"https:\/\/tollscout.eu\/fr\/peage-du-tunnel-du-katschberg-autriche\/\" \/>\n<meta property=\"og:locale\" content=\"fr_FR\" \/>\n<meta property=\"og:type\" content=\"article\" \/>\n<meta property=\"og:title\" content=\"P\u00e9age du tunnel du Katschberg Autriche - p\u00e9age num\u00e9rique\" \/>\n<meta property=\"og:description\" content=\"Achetez le p\u00e9age du tunnel du Katschberg en Autriche sur l&#039;autoroute A10 Tauern rapidement et facilement en ligne dans notre boutique en ligne. Valable imm\u00e9diatement.\" \/>\n<meta property=\"og:url\" content=\"https:\/\/tollscout.eu\/fr\/peage-du-tunnel-du-katschberg-autriche\/\" \/>\n<meta property=\"og:site_name\" content=\"Tollscout\u00ae\" \/>\n<meta property=\"article:publisher\" content=\"https:\/\/facebook.com\/tollscout\" \/>\n<meta property=\"article:modified_time\" content=\"2024-07-31T23:50:15+00:00\" \/>\n<meta property=\"og:image\" content=\"https:\/\/tollscout.eu\/wp-content\/uploads\/2023\/08\/logo_color_360x92px.png\" \/>\n\t<meta property=\"og:image:width\" content=\"360\" \/>\n\t<meta property=\"og:image:height\" content=\"92\" \/>\n\t<meta property=\"og:image:type\" content=\"image\/png\" \/>\n<meta name=\"twitter:card\" content=\"summary_large_image\" \/>\n<meta name=\"twitter:site\" content=\"@tollscout\" \/>\n<meta name=\"twitter:label1\" content=\"Dur\u00e9e de lecture estim\u00e9e\" \/>\n\t<meta name=\"twitter:data1\" content=\"1 minute\" \/>\n<script type=\"application\/ld+json\" class=\"yoast-schema-graph\">{\"@context\":\"https:\/\/schema.org\",\"@graph\":[{\"@type\":\"WebPage\",\"@id\":\"https:\/\/tollscout.eu\/fr\/peage-du-tunnel-du-katschberg-autriche\/\",\"url\":\"https:\/\/tollscout.eu\/fr\/peage-du-tunnel-du-katschberg-autriche\/\",\"name\":\"P\u00e9age du tunnel du Katschberg Autriche - p\u00e9age num\u00e9rique\",\"isPartOf\":{\"@id\":\"https:\/\/tollscout.eu\/fr\/#website\"},\"datePublished\":\"2023-08-25T09:52:28+00:00\",\"dateModified\":\"2024-07-31T23:50:15+00:00\",\"description\":\"Achetez le p\u00e9age du tunnel du Katschberg en Autriche sur l'autoroute A10 Tauern rapidement et facilement en ligne dans notre boutique en ligne. Valable imm\u00e9diatement.\",\"breadcrumb\":{\"@id\":\"https:\/\/tollscout.eu\/fr\/peage-du-tunnel-du-katschberg-autriche\/#breadcrumb\"},\"inLanguage\":\"fr-FR\",\"potentialAction\":[{\"@type\":\"ReadAction\",\"target\":[\"https:\/\/tollscout.eu\/fr\/peage-du-tunnel-du-katschberg-autriche\/\"]}]},{\"@type\":\"BreadcrumbList\",\"@id\":\"https:\/\/tollscout.eu\/fr\/peage-du-tunnel-du-katschberg-autriche\/#breadcrumb\",\"itemListElement\":[{\"@type\":\"ListItem\",\"position\":1,\"name\":\"Startseite\",\"item\":\"https:\/\/tollscout.eu\/fr\/\"},{\"@type\":\"ListItem\",\"position\":2,\"name\":\"P\u00e9age du tunnel du Katschberg Autriche\"}]},{\"@type\":\"WebSite\",\"@id\":\"https:\/\/tollscout.eu\/fr\/#website\",\"url\":\"https:\/\/tollscout.eu\/fr\/\",\"name\":\"Tollscout\u00ae\",\"description\":\"\",\"publisher\":{\"@id\":\"https:\/\/tollscout.eu\/fr\/#organization\"},\"potentialAction\":[{\"@type\":\"SearchAction\",\"target\":{\"@type\":\"EntryPoint\",\"urlTemplate\":\"https:\/\/tollscout.eu\/fr\/?s={search_term_string}\"},\"query-input\":{\"@type\":\"PropertyValueSpecification\",\"valueRequired\":true,\"valueName\":\"search_term_string\"}}],\"inLanguage\":\"fr-FR\"},{\"@type\":\"Organization\",\"@id\":\"https:\/\/tollscout.eu\/fr\/#organization\",\"name\":\"TollScout\",\"alternateName\":\"TollScout\",\"url\":\"https:\/\/tollscout.eu\/fr\/\",\"logo\":{\"@type\":\"ImageObject\",\"inLanguage\":\"fr-FR\",\"@id\":\"https:\/\/tollscout.eu\/fr\/#\/schema\/logo\/image\/\",\"url\":\"https:\/\/tollscout.eu\/wp-content\/uploads\/2023\/11\/logo_social_media_1024.png\",\"contentUrl\":\"https:\/\/tollscout.eu\/wp-content\/uploads\/2023\/11\/logo_social_media_1024.png\",\"width\":1024,\"height\":1024,\"caption\":\"TollScout\"},\"image\":{\"@id\":\"https:\/\/tollscout.eu\/fr\/#\/schema\/logo\/image\/\"},\"sameAs\":[\"https:\/\/facebook.com\/tollscout\",\"https:\/\/x.com\/tollscout\",\"https:\/\/instagram.com\/tollscout\"]}]}<\/script>\n<!-- \/ Yoast SEO plugin. -->","yoast_head_json":{"title":"P\u00e9age du tunnel du Katschberg Autriche - p\u00e9age num\u00e9rique","description":"Achetez le p\u00e9age du tunnel du Katschberg en Autriche sur l'autoroute A10 Tauern rapidement et facilement en ligne dans notre boutique en ligne. Valable imm\u00e9diatement.","robots":{"index":"index","follow":"follow","max-snippet":"max-snippet:-1","max-image-preview":"max-image-preview:large","max-video-preview":"max-video-preview:-1"},"canonical":"https:\/\/tollscout.eu\/fr\/peage-du-tunnel-du-katschberg-autriche\/","og_locale":"fr_FR","og_type":"article","og_title":"P\u00e9age du tunnel du Katschberg Autriche - p\u00e9age num\u00e9rique","og_description":"Achetez le p\u00e9age du tunnel du Katschberg en Autriche sur l'autoroute A10 Tauern rapidement et facilement en ligne dans notre boutique en ligne. Valable imm\u00e9diatement.","og_url":"https:\/\/tollscout.eu\/fr\/peage-du-tunnel-du-katschberg-autriche\/","og_site_name":"Tollscout\u00ae","article_publisher":"https:\/\/facebook.com\/tollscout","article_modified_time":"2024-07-31T23:50:15+00:00","og_image":[{"width":360,"height":92,"url":"https:\/\/tollscout.eu\/wp-content\/uploads\/2023\/08\/logo_color_360x92px.png","type":"image\/png"}],"twitter_card":"summary_large_image","twitter_site":"@tollscout","twitter_misc":{"Dur\u00e9e de lecture estim\u00e9e":"1 minute"},"schema":{"@context":"https:\/\/schema.org","@graph":[{"@type":"WebPage","@id":"https:\/\/tollscout.eu\/fr\/peage-du-tunnel-du-katschberg-autriche\/","url":"https:\/\/tollscout.eu\/fr\/peage-du-tunnel-du-katschberg-autriche\/","name":"P\u00e9age du tunnel du Katschberg Autriche - p\u00e9age num\u00e9rique","isPartOf":{"@id":"https:\/\/tollscout.eu\/fr\/#website"},"datePublished":"2023-08-25T09:52:28+00:00","dateModified":"2024-07-31T23:50:15+00:00","description":"Achetez le p\u00e9age du tunnel du Katschberg en Autriche sur l'autoroute A10 Tauern rapidement et facilement en ligne dans notre boutique en ligne. Valable imm\u00e9diatement.","breadcrumb":{"@id":"https:\/\/tollscout.eu\/fr\/peage-du-tunnel-du-katschberg-autriche\/#breadcrumb"},"inLanguage":"fr-FR","potentialAction":[{"@type":"ReadAction","target":["https:\/\/tollscout.eu\/fr\/peage-du-tunnel-du-katschberg-autriche\/"]}]},{"@type":"BreadcrumbList","@id":"https:\/\/tollscout.eu\/fr\/peage-du-tunnel-du-katschberg-autriche\/#breadcrumb","itemListElement":[{"@type":"ListItem","position":1,"name":"Startseite","item":"https:\/\/tollscout.eu\/fr\/"},{"@type":"ListItem","position":2,"name":"P\u00e9age du tunnel du Katschberg Autriche"}]},{"@type":"WebSite","@id":"https:\/\/tollscout.eu\/fr\/#website","url":"https:\/\/tollscout.eu\/fr\/","name":"Tollscout\u00ae","description":"","publisher":{"@id":"https:\/\/tollscout.eu\/fr\/#organization"},"potentialAction":[{"@type":"SearchAction","target":{"@type":"EntryPoint","urlTemplate":"https:\/\/tollscout.eu\/fr\/?s={search_term_string}"},"query-input":{"@type":"PropertyValueSpecification","valueRequired":true,"valueName":"search_term_string"}}],"inLanguage":"fr-FR"},{"@type":"Organization","@id":"https:\/\/tollscout.eu\/fr\/#organization","name":"TollScout","alternateName":"TollScout","url":"https:\/\/tollscout.eu\/fr\/","logo":{"@type":"ImageObject","inLanguage":"fr-FR","@id":"https:\/\/tollscout.eu\/fr\/#\/schema\/logo\/image\/","url":"https:\/\/tollscout.eu\/wp-content\/uploads\/2023\/11\/logo_social_media_1024.png","contentUrl":"https:\/\/tollscout.eu\/wp-content\/uploads\/2023\/11\/logo_social_media_1024.png","width":1024,"height":1024,"caption":"TollScout"},"image":{"@id":"https:\/\/tollscout.eu\/fr\/#\/schema\/logo\/image\/"},"sameAs":["https:\/\/facebook.com\/tollscout","https:\/\/x.com\/tollscout","https:\/\/instagram.com\/tollscout"]}]}},"uagb_featured_image_src":{"full":false,"thumbnail":false,"medium":false,"medium_large":false,"large":false,"1536x1536":false,"2048x2048":false,"gform-image-choice-sm":false,"gform-image-choice-md":false,"gform-image-choice-lg":false},"uagb_author_info":{"display_name":"Tollscout","author_link":"https:\/\/tollscout.eu\/fr\/author\/m-hemm\/"},"uagb_comment_info":0,"uagb_excerpt":"P\u00e9age du tunnel du Katschberg Autriche P\u00e9age du tunnel du Katschberg en Autriche (autoroute A 10 Tauern) Le tunnel du [&hellip;]","_links":{"self":[{"href":"https:\/\/tollscout.eu\/fr\/wp-json\/wp\/v2\/pages\/7583","targetHints":{"allow":["GET"]}}],"collection":[{"href":"https:\/\/tollscout.eu\/fr\/wp-json\/wp\/v2\/pages"}],"about":[{"href":"https:\/\/tollscout.eu\/fr\/wp-json\/wp\/v2\/types\/page"}],"author":[{"embeddable":true,"href":"https:\/\/tollscout.eu\/fr\/wp-json\/wp\/v2\/users\/2"}],"replies":[{"embeddable":true,"href":"https:\/\/tollscout.eu\/fr\/wp-json\/wp\/v2\/comments?post=7583"}],"version-history":[{"count":3,"href":"https:\/\/tollscout.eu\/fr\/wp-json\/wp\/v2\/pages\/7583\/revisions"}],"predecessor-version":[{"id":9074,"href":"https:\/\/tollscout.eu\/fr\/wp-json\/wp\/v2\/pages\/7583\/revisions\/9074"}],"wp:attachment":[{"href":"https:\/\/tollscout.eu\/fr\/wp-json\/wp\/v2\/media?parent=7583"}],"curies":[{"name":"wp","href":"https:\/\/api.w.org\/{rel}","templated":true}]}}