{"id":7579,"date":"2023-08-24T17:31:39","date_gmt":"2023-08-24T15:31:39","guid":{"rendered":"https:\/\/tollscout.eu\/peage-du-tunnel-des-karawanken-autriche\/"},"modified":"2024-08-01T01:52:39","modified_gmt":"2024-07-31T23:52:39","slug":"peage-du-tunnel-des-karawanken-autriche","status":"publish","type":"page","link":"https:\/\/tollscout.eu\/fr\/peage-du-tunnel-des-karawanken-autriche\/","title":{"rendered":"P\u00e9age du tunnel des Karawanken Autriche"},"content":{"rendered":"\n<div class=\"wp-block-uagb-container uagb-block-c1e2fce7 alignfull uagb-is-root-container\"><div class=\"uagb-container-inner-blocks-wrap\">\n<div class=\"wp-block-uagb-advanced-heading uagb-block-c767fabd\"><h1 class=\"uagb-heading-text\">P\u00e9age du tunnel des Karawanken Autriche<\/h1><\/div>\n<\/div><\/div>\n\n<div class=\"wp-block-uagb-container uagb-block-dc200595 alignfull uagb-is-root-container\"><div class=\"uagb-container-inner-blocks-wrap\">\n<div id=\"app\" data-context=\"at\"><\/div>\n<\/div><\/div>\n\n<div class=\"wp-block-uagb-container uagb-block-f356067b alignfull uagb-is-root-container\"><div class=\"uagb-container-inner-blocks-wrap\">\n<div class=\"wp-block-uagb-advanced-heading uagb-block-e02782db\"><h2 class=\"uagb-heading-text\">P\u00e9age du tunnel des Karawanken Autriche<\/h2><p class=\"uagb-desc-text\">Le tunnel des Karawanken (\u00e9galement connu sous le nom de Predor Karavanke en slov\u00e8ne) s&rsquo;\u00e9tend sur pr\u00e8s de 8 kilom\u00e8tres \u00e0 la fronti\u00e8re entre l&rsquo;Autriche et la Slov\u00e9nie. Il relie l&rsquo;autoroute autrichienne Karawanken \u00e0 l&rsquo;Avtocesta A2 slov\u00e8ne en direction de Ljubljana. Le tunnel passe entre les villes de Jesenice et Rosenbach, qui font partie de Sankt Jakob im Rosental, et traverse la cha\u00eene de montagnes des Karawanken, qui fait partie des Alpes calcaires du sud.  <\/p><\/div>\n<\/div><\/div>\n\n<div class=\"wp-block-uagb-container uagb-block-7efd3c31 alignfull uagb-is-root-container\"><div class=\"uagb-container-inner-blocks-wrap\">\n<div class=\"wp-block-uagb-advanced-heading uagb-block-4602874c\"><h2 class=\"uagb-heading-text\">FAQ<\/h2><p class=\"uagb-desc-text\">Nous r\u00e9pondons ici \u00e0 toutes les questions concernant le p\u00e9age du tunnel des Karawanken en Autriche.\u200b<\/p><\/div>\n\n\n<div class=\"wp-block-uagb-faq uagb-faq__outer-wrap uagb-block-4fe496d4 uagb-faq-icon-row-reverse uagb-faq-layout-accordion uagb-faq-expand-first-false uagb-faq-inactive-other-true uagb-faq__wrap uagb-buttons-layout-wrap uagb-faq-equal-height     \" data-faqtoggle=\"true\" role=\"tablist\"><div class=\"wp-block-uagb-faq-child uagb-faq-child__outer-wrap uagb-faq-item uagb-block-1a70522e \" role=\"tab\" tabindex=\"0\"><div class=\"uagb-faq-questions-button uagb-faq-questions\">\t\t\t<span class=\"uagb-icon uagb-faq-icon-wrap\">\n\t\t\t\t\t\t\t<\/span>\n\t\t\t\t\t\t<span class=\"uagb-icon-active uagb-faq-icon-wrap\">\n\t\t\t\t\t\t\t\t<svg xmlns=\"https:\/\/www.w3.org\/2000\/svg\" viewBox= \"0 0 320 512\"><path d=\"M9.39 265.4l127.1-128C143.6 131.1 151.8 128 160 128s16.38 3.125 22.63 9.375l127.1 128c9.156 9.156 11.9 22.91 6.943 34.88S300.9 320 287.1 320H32.01c-12.94 0-24.62-7.781-29.58-19.75S.2333 274.5 9.39 265.4z\"><\/path><\/svg>\n\t\t\t\t\t\t\t<\/span>\n\t\t\t<h3 class=\"uagb-question\"><strong>Quand le tunnel des Karawanken a-t-il \u00e9t\u00e9 ouvert \u00e0 la circulation ?<\/strong><\/h3><\/div><div class=\"uagb-faq-content\"><p>La construction du tube ouest du tunnel Karawanken a commenc\u00e9 le 12 ao\u00fbt 1986, apr\u00e8s que les plans de construction du tunnel aient d\u00e9j\u00e0 \u00e9t\u00e9 \u00e9labor\u00e9s \u00e0 l&rsquo;avance. Il a \u00e9t\u00e9 achev\u00e9 en 1991. Les travaux de construction du tube est ont d\u00e9but\u00e9 en 2018. Ils devraient \u00eatre achev\u00e9s d&rsquo;ici 2025. Une fois le tube est termin\u00e9, le tube ouest sera enti\u00e8rement r\u00e9nov\u00e9. Les deux tubes seront \u00e0 nouveau op\u00e9rationnels en 2027.     <\/p><\/div><\/div><div class=\"wp-block-uagb-faq-child uagb-faq-child__outer-wrap uagb-faq-item uagb-block-bd4b64b2 \" role=\"tab\" tabindex=\"0\"><div class=\"uagb-faq-questions-button uagb-faq-questions\">\t\t\t<span class=\"uagb-icon uagb-faq-icon-wrap\">\n\t\t\t\t\t\t\t<\/span>\n\t\t\t\t\t\t<span class=\"uagb-icon-active uagb-faq-icon-wrap\">\n\t\t\t\t\t\t\t\t<svg xmlns=\"https:\/\/www.w3.org\/2000\/svg\" viewBox= \"0 0 320 512\"><path d=\"M9.39 265.4l127.1-128C143.6 131.1 151.8 128 160 128s16.38 3.125 22.63 9.375l127.1 128c9.156 9.156 11.9 22.91 6.943 34.88S300.9 320 287.1 320H32.01c-12.94 0-24.62-7.781-29.58-19.75S.2333 274.5 9.39 265.4z\"><\/path><\/svg>\n\t\t\t\t\t\t\t<\/span>\n\t\t\t<h3 class=\"uagb-question\"><strong>Quelle est la longueur du tunnel Karawanken (autoroute A11 Karawanken) ?<\/strong><\/h3><\/div><div class=\"uagb-faq-content\"><p>Le tube ouest du tunnel des Karawanken mesure 7 864 m\u00e8tres de long et relie l&rsquo;autoroute autrichienne des Karawanken \u00e0 l&rsquo;Avtocesta A2 slov\u00e8ne en direction de <a href=\"https:\/\/de.wikipedia.org\/wiki\/Ljubljana\">Ljubljana<\/a>. Le tunnel des Karawanken est un tron\u00e7on de l&rsquo;autoroute des Karawanken (A11) exempt\u00e9 de l&rsquo;obligation de vignette mais soumis \u00e0 un p\u00e9age sp\u00e9cial. <\/p><\/div><\/div><div class=\"wp-block-uagb-faq-child uagb-faq-child__outer-wrap uagb-faq-item uagb-block-49ae175a wp-block-uagb-faq-child uagb-faq-child__outer-wrap uagb-faq-item uagb-block-49ae175a\" role=\"tab\" tabindex=\"0\"><div class=\"uagb-faq-questions-button uagb-faq-questions\">\t\t\t<span class=\"uagb-icon uagb-faq-icon-wrap\">\n\t\t\t\t\t\t\t<\/span>\n\t\t\t\t\t\t<span class=\"uagb-icon-active uagb-faq-icon-wrap\">\n\t\t\t\t\t\t\t\t<svg xmlns=\"https:\/\/www.w3.org\/2000\/svg\" viewBox= \"0 0 320 512\"><path d=\"M9.39 265.4l127.1-128C143.6 131.1 151.8 128 160 128s16.38 3.125 22.63 9.375l127.1 128c9.156 9.156 11.9 22.91 6.943 34.88S300.9 320 287.1 320H32.01c-12.94 0-24.62-7.781-29.58-19.75S.2333 274.5 9.39 265.4z\"><\/path><\/svg>\n\t\t\t\t\t\t\t<\/span>\n\t\t\t<h3 class=\"uagb-question\"><strong>Pourquoi le tunnel des Karawanken est-il exempt\u00e9 de l&rsquo;obligation de vignette ?<\/strong><\/h3><\/div><div class=\"uagb-faq-content\"><p>Le tunnel des Karawanken est un tron\u00e7on du trac\u00e9 exempt\u00e9 de l&rsquo;obligation de vignette, mais soumis \u00e0 un p\u00e9age sp\u00e9cial. Les p\u00e9ages pour la Karawankenautobahn A11 et la <a href=\"https:\/\/tollscout.eu\/fr\/peage-du-tunnel-du-tauernt-autriche\/\">Tauernautobahn A10<\/a> peuvent \u00eatre achet\u00e9s rapidement et facilement en ligne via notre boutique en ligne. <\/p><\/div><\/div><div class=\"wp-block-uagb-faq-child uagb-faq-child__outer-wrap uagb-faq-item uagb-block-c7b6f203 \" role=\"tab\" tabindex=\"0\"><div class=\"uagb-faq-questions-button uagb-faq-questions\">\t\t\t<span class=\"uagb-icon uagb-faq-icon-wrap\">\n\t\t\t\t\t\t\t<\/span>\n\t\t\t\t\t\t<span class=\"uagb-icon-active uagb-faq-icon-wrap\">\n\t\t\t\t\t\t\t\t<svg xmlns=\"https:\/\/www.w3.org\/2000\/svg\" viewBox= \"0 0 320 512\"><path d=\"M9.39 265.4l127.1-128C143.6 131.1 151.8 128 160 128s16.38 3.125 22.63 9.375l127.1 128c9.156 9.156 11.9 22.91 6.943 34.88S300.9 320 287.1 320H32.01c-12.94 0-24.62-7.781-29.58-19.75S.2333 274.5 9.39 265.4z\"><\/path><\/svg>\n\t\t\t\t\t\t\t<\/span>\n\t\t\t<h3 class=\"uagb-question\"><strong>Combien co\u00fbte le p\u00e9age du tunnel des Karawanken en Autriche ?<\/strong><\/h3><\/div><div class=\"uagb-faq-content\"><p>Le co\u00fbt d&rsquo;un simple passage dans le tunnel Karawanken est de 7,80 \u20ac (\u00e0 partir de 2023).<\/p><\/div><\/div><div class=\"wp-block-uagb-faq-child uagb-faq-child__outer-wrap uagb-faq-item uagb-block-66a7673f \" role=\"tab\" tabindex=\"0\"><div class=\"uagb-faq-questions-button uagb-faq-questions\">\t\t\t<span class=\"uagb-icon uagb-faq-icon-wrap\">\n\t\t\t\t\t\t\t<\/span>\n\t\t\t\t\t\t<span class=\"uagb-icon-active uagb-faq-icon-wrap\">\n\t\t\t\t\t\t\t\t<svg xmlns=\"https:\/\/www.w3.org\/2000\/svg\" viewBox= \"0 0 320 512\"><path d=\"M9.39 265.4l127.1-128C143.6 131.1 151.8 128 160 128s16.38 3.125 22.63 9.375l127.1 128c9.156 9.156 11.9 22.91 6.943 34.88S300.9 320 287.1 320H32.01c-12.94 0-24.62-7.781-29.58-19.75S.2333 274.5 9.39 265.4z\"><\/path><\/svg>\n\t\t\t\t\t\t\t<\/span>\n\t\t\t<h3 class=\"uagb-question\"><strong>Combien de temps dure le trajet \u00e0 travers le tunnel des Karawanken ?<\/strong><\/h3><\/div><div class=\"uagb-faq-content\"><p>Le trajet \u00e0 travers le tunnel Karawanken dure environ 10 minutes.<\/p><\/div><\/div><div class=\"wp-block-uagb-faq-child uagb-faq-child__outer-wrap uagb-faq-item uagb-block-24d1f8b5 \" role=\"tab\" tabindex=\"0\"><div class=\"uagb-faq-questions-button uagb-faq-questions\">\t\t\t<span class=\"uagb-icon uagb-faq-icon-wrap\">\n\t\t\t\t\t\t\t<\/span>\n\t\t\t\t\t\t<span class=\"uagb-icon-active uagb-faq-icon-wrap\">\n\t\t\t\t\t\t\t\t<svg xmlns=\"https:\/\/www.w3.org\/2000\/svg\" viewBox= \"0 0 320 512\"><path d=\"M9.39 265.4l127.1-128C143.6 131.1 151.8 128 160 128s16.38 3.125 22.63 9.375l127.1 128c9.156 9.156 11.9 22.91 6.943 34.88S300.9 320 287.1 320H32.01c-12.94 0-24.62-7.781-29.58-19.75S.2333 274.5 9.39 265.4z\"><\/path><\/svg>\n\t\t\t\t\t\t\t<\/span>\n\t\t\t<h3 class=\"uagb-question\"><strong><strong>Quelle est la largeur et la hauteur du tunnel des Karawanken ?<\/strong><\/strong><\/h3><\/div><div class=\"uagb-faq-content\"><p>La largeur de chauss\u00e9e des tubes est et ouest est de 7,50 m\u00e8tres. La hauteur du tunnel Karawanken est de 4,70 m\u00e8tres. <\/p><\/div><\/div><\/div><\/div><\/div>\n","protected":false},"excerpt":{"rendered":"<p>P\u00e9age du tunnel des Karawanken Autriche P\u00e9age du tunnel des Karawanken Autriche Le tunnel des Karawanken (\u00e9galement connu sous le [&hellip;]<\/p>\n","protected":false},"author":2,"featured_media":0,"parent":0,"menu_order":0,"comment_status":"closed","ping_status":"closed","template":"","meta":{"_uag_custom_page_level_css":"","site-sidebar-layout":"no-sidebar","site-content-layout":"","ast-site-content-layout":"normal-width-container","site-content-style":"unboxed","site-sidebar-style":"unboxed","ast-global-header-display":"","ast-banner-title-visibility":"","ast-main-header-display":"","ast-hfb-above-header-display":"","ast-hfb-below-header-display":"","ast-hfb-mobile-header-display":"","site-post-title":"disabled","ast-breadcrumbs-content":"","ast-featured-img":"","footer-sml-layout":"","ast-disable-related-posts":"","theme-transparent-header-meta":"enabled","adv-header-id-meta":"","stick-header-meta":"","header-above-stick-meta":"","header-main-stick-meta":"","header-below-stick-meta":"","astra-migrate-meta-layouts":"default","ast-page-background-enabled":"default","ast-page-background-meta":{"desktop":{"background-color":"var(--ast-global-color-5)","background-image":"","background-repeat":"repeat","background-position":"center center","background-size":"auto","background-attachment":"scroll","background-type":"","background-media":"","overlay-type":"","overlay-color":"","overlay-opacity":"","overlay-gradient":""},"tablet":{"background-color":"","background-image":"","background-repeat":"repeat","background-position":"center center","background-size":"auto","background-attachment":"scroll","background-type":"","background-media":"","overlay-type":"","overlay-color":"","overlay-opacity":"","overlay-gradient":""},"mobile":{"background-color":"","background-image":"","background-repeat":"repeat","background-position":"center center","background-size":"auto","background-attachment":"scroll","background-type":"","background-media":"","overlay-type":"","overlay-color":"","overlay-opacity":"","overlay-gradient":""}},"ast-content-background-meta":{"desktop":{"background-color":"var(--ast-global-color-4)","background-image":"","background-repeat":"repeat","background-position":"center center","background-size":"auto","background-attachment":"scroll","background-type":"","background-media":"","overlay-type":"","overlay-color":"","overlay-opacity":"","overlay-gradient":""},"tablet":{"background-color":"var(--ast-global-color-4)","background-image":"","background-repeat":"repeat","background-position":"center center","background-size":"auto","background-attachment":"scroll","background-type":"","background-media":"","overlay-type":"","overlay-color":"","overlay-opacity":"","overlay-gradient":""},"mobile":{"background-color":"var(--ast-global-color-4)","background-image":"","background-repeat":"repeat","background-position":"center center","background-size":"auto","background-attachment":"scroll","background-type":"","background-media":"","overlay-type":"","overlay-color":"","overlay-opacity":"","overlay-gradient":""}},"footnotes":""},"class_list":["post-7579","page","type-page","status-publish","hentry"],"yoast_head":"<!-- This site is optimized with the Yoast SEO plugin v27.1.1 - https:\/\/yoast.com\/product\/yoast-seo-wordpress\/ -->\n<title>Achetez le p\u00e9age Karawankentunnel Autriche en ligne - valable imm\u00e9diatement<\/title>\n<meta name=\"description\" content=\"Le p\u00e9age du Karawankentunnel Autriche peut \u00eatre achet\u00e9 rapidement et facilement en ligne chez nous. Pas de collage, pas de stress. Valable imm\u00e9diatement\" \/>\n<meta name=\"robots\" content=\"index, follow, max-snippet:-1, max-image-preview:large, max-video-preview:-1\" \/>\n<link rel=\"canonical\" href=\"https:\/\/tollscout.eu\/fr\/peage-du-tunnel-des-karawanken-autriche\/\" \/>\n<meta property=\"og:locale\" content=\"fr_FR\" \/>\n<meta property=\"og:type\" content=\"article\" \/>\n<meta property=\"og:title\" content=\"Achetez le p\u00e9age Karawankentunnel Autriche en ligne - valable imm\u00e9diatement\" \/>\n<meta property=\"og:description\" content=\"Le p\u00e9age du Karawankentunnel Autriche peut \u00eatre achet\u00e9 rapidement et facilement en ligne chez nous. Pas de collage, pas de stress. Valable imm\u00e9diatement\" \/>\n<meta property=\"og:url\" content=\"https:\/\/tollscout.eu\/fr\/peage-du-tunnel-des-karawanken-autriche\/\" \/>\n<meta property=\"og:site_name\" content=\"Tollscout\u00ae\" \/>\n<meta property=\"article:publisher\" content=\"https:\/\/facebook.com\/tollscout\" \/>\n<meta property=\"article:modified_time\" content=\"2024-07-31T23:52:39+00:00\" \/>\n<meta property=\"og:image\" content=\"https:\/\/tollscout.eu\/wp-content\/uploads\/2023\/08\/logo_color_360x92px.png\" \/>\n\t<meta property=\"og:image:width\" content=\"360\" \/>\n\t<meta property=\"og:image:height\" content=\"92\" \/>\n\t<meta property=\"og:image:type\" content=\"image\/png\" \/>\n<meta name=\"twitter:card\" content=\"summary_large_image\" \/>\n<meta name=\"twitter:site\" content=\"@tollscout\" \/>\n<meta name=\"twitter:label1\" content=\"Dur\u00e9e de lecture estim\u00e9e\" \/>\n\t<meta name=\"twitter:data1\" content=\"1 minute\" \/>\n<script type=\"application\/ld+json\" class=\"yoast-schema-graph\">{\"@context\":\"https:\/\/schema.org\",\"@graph\":[{\"@type\":\"WebPage\",\"@id\":\"https:\/\/tollscout.eu\/fr\/peage-du-tunnel-des-karawanken-autriche\/\",\"url\":\"https:\/\/tollscout.eu\/fr\/peage-du-tunnel-des-karawanken-autriche\/\",\"name\":\"Achetez le p\u00e9age Karawankentunnel Autriche en ligne - valable imm\u00e9diatement\",\"isPartOf\":{\"@id\":\"https:\/\/tollscout.eu\/fr\/#website\"},\"datePublished\":\"2023-08-24T15:31:39+00:00\",\"dateModified\":\"2024-07-31T23:52:39+00:00\",\"description\":\"Le p\u00e9age du Karawankentunnel Autriche peut \u00eatre achet\u00e9 rapidement et facilement en ligne chez nous. Pas de collage, pas de stress. Valable imm\u00e9diatement\",\"breadcrumb\":{\"@id\":\"https:\/\/tollscout.eu\/fr\/peage-du-tunnel-des-karawanken-autriche\/#breadcrumb\"},\"inLanguage\":\"fr-FR\",\"potentialAction\":[{\"@type\":\"ReadAction\",\"target\":[\"https:\/\/tollscout.eu\/fr\/peage-du-tunnel-des-karawanken-autriche\/\"]}]},{\"@type\":\"BreadcrumbList\",\"@id\":\"https:\/\/tollscout.eu\/fr\/peage-du-tunnel-des-karawanken-autriche\/#breadcrumb\",\"itemListElement\":[{\"@type\":\"ListItem\",\"position\":1,\"name\":\"Startseite\",\"item\":\"https:\/\/tollscout.eu\/fr\/\"},{\"@type\":\"ListItem\",\"position\":2,\"name\":\"P\u00e9age du tunnel des Karawanken Autriche\"}]},{\"@type\":\"WebSite\",\"@id\":\"https:\/\/tollscout.eu\/fr\/#website\",\"url\":\"https:\/\/tollscout.eu\/fr\/\",\"name\":\"Tollscout\u00ae\",\"description\":\"\",\"publisher\":{\"@id\":\"https:\/\/tollscout.eu\/fr\/#organization\"},\"potentialAction\":[{\"@type\":\"SearchAction\",\"target\":{\"@type\":\"EntryPoint\",\"urlTemplate\":\"https:\/\/tollscout.eu\/fr\/?s={search_term_string}\"},\"query-input\":{\"@type\":\"PropertyValueSpecification\",\"valueRequired\":true,\"valueName\":\"search_term_string\"}}],\"inLanguage\":\"fr-FR\"},{\"@type\":\"Organization\",\"@id\":\"https:\/\/tollscout.eu\/fr\/#organization\",\"name\":\"TollScout\",\"alternateName\":\"TollScout\",\"url\":\"https:\/\/tollscout.eu\/fr\/\",\"logo\":{\"@type\":\"ImageObject\",\"inLanguage\":\"fr-FR\",\"@id\":\"https:\/\/tollscout.eu\/fr\/#\/schema\/logo\/image\/\",\"url\":\"https:\/\/tollscout.eu\/wp-content\/uploads\/2023\/11\/logo_social_media_1024.png\",\"contentUrl\":\"https:\/\/tollscout.eu\/wp-content\/uploads\/2023\/11\/logo_social_media_1024.png\",\"width\":1024,\"height\":1024,\"caption\":\"TollScout\"},\"image\":{\"@id\":\"https:\/\/tollscout.eu\/fr\/#\/schema\/logo\/image\/\"},\"sameAs\":[\"https:\/\/facebook.com\/tollscout\",\"https:\/\/x.com\/tollscout\",\"https:\/\/instagram.com\/tollscout\"]}]}<\/script>\n<!-- \/ Yoast SEO plugin. -->","yoast_head_json":{"title":"Achetez le p\u00e9age Karawankentunnel Autriche en ligne - valable imm\u00e9diatement","description":"Le p\u00e9age du Karawankentunnel Autriche peut \u00eatre achet\u00e9 rapidement et facilement en ligne chez nous. Pas de collage, pas de stress. Valable imm\u00e9diatement","robots":{"index":"index","follow":"follow","max-snippet":"max-snippet:-1","max-image-preview":"max-image-preview:large","max-video-preview":"max-video-preview:-1"},"canonical":"https:\/\/tollscout.eu\/fr\/peage-du-tunnel-des-karawanken-autriche\/","og_locale":"fr_FR","og_type":"article","og_title":"Achetez le p\u00e9age Karawankentunnel Autriche en ligne - valable imm\u00e9diatement","og_description":"Le p\u00e9age du Karawankentunnel Autriche peut \u00eatre achet\u00e9 rapidement et facilement en ligne chez nous. Pas de collage, pas de stress. Valable imm\u00e9diatement","og_url":"https:\/\/tollscout.eu\/fr\/peage-du-tunnel-des-karawanken-autriche\/","og_site_name":"Tollscout\u00ae","article_publisher":"https:\/\/facebook.com\/tollscout","article_modified_time":"2024-07-31T23:52:39+00:00","og_image":[{"width":360,"height":92,"url":"https:\/\/tollscout.eu\/wp-content\/uploads\/2023\/08\/logo_color_360x92px.png","type":"image\/png"}],"twitter_card":"summary_large_image","twitter_site":"@tollscout","twitter_misc":{"Dur\u00e9e de lecture estim\u00e9e":"1 minute"},"schema":{"@context":"https:\/\/schema.org","@graph":[{"@type":"WebPage","@id":"https:\/\/tollscout.eu\/fr\/peage-du-tunnel-des-karawanken-autriche\/","url":"https:\/\/tollscout.eu\/fr\/peage-du-tunnel-des-karawanken-autriche\/","name":"Achetez le p\u00e9age Karawankentunnel Autriche en ligne - valable imm\u00e9diatement","isPartOf":{"@id":"https:\/\/tollscout.eu\/fr\/#website"},"datePublished":"2023-08-24T15:31:39+00:00","dateModified":"2024-07-31T23:52:39+00:00","description":"Le p\u00e9age du Karawankentunnel Autriche peut \u00eatre achet\u00e9 rapidement et facilement en ligne chez nous. Pas de collage, pas de stress. Valable imm\u00e9diatement","breadcrumb":{"@id":"https:\/\/tollscout.eu\/fr\/peage-du-tunnel-des-karawanken-autriche\/#breadcrumb"},"inLanguage":"fr-FR","potentialAction":[{"@type":"ReadAction","target":["https:\/\/tollscout.eu\/fr\/peage-du-tunnel-des-karawanken-autriche\/"]}]},{"@type":"BreadcrumbList","@id":"https:\/\/tollscout.eu\/fr\/peage-du-tunnel-des-karawanken-autriche\/#breadcrumb","itemListElement":[{"@type":"ListItem","position":1,"name":"Startseite","item":"https:\/\/tollscout.eu\/fr\/"},{"@type":"ListItem","position":2,"name":"P\u00e9age du tunnel des Karawanken Autriche"}]},{"@type":"WebSite","@id":"https:\/\/tollscout.eu\/fr\/#website","url":"https:\/\/tollscout.eu\/fr\/","name":"Tollscout\u00ae","description":"","publisher":{"@id":"https:\/\/tollscout.eu\/fr\/#organization"},"potentialAction":[{"@type":"SearchAction","target":{"@type":"EntryPoint","urlTemplate":"https:\/\/tollscout.eu\/fr\/?s={search_term_string}"},"query-input":{"@type":"PropertyValueSpecification","valueRequired":true,"valueName":"search_term_string"}}],"inLanguage":"fr-FR"},{"@type":"Organization","@id":"https:\/\/tollscout.eu\/fr\/#organization","name":"TollScout","alternateName":"TollScout","url":"https:\/\/tollscout.eu\/fr\/","logo":{"@type":"ImageObject","inLanguage":"fr-FR","@id":"https:\/\/tollscout.eu\/fr\/#\/schema\/logo\/image\/","url":"https:\/\/tollscout.eu\/wp-content\/uploads\/2023\/11\/logo_social_media_1024.png","contentUrl":"https:\/\/tollscout.eu\/wp-content\/uploads\/2023\/11\/logo_social_media_1024.png","width":1024,"height":1024,"caption":"TollScout"},"image":{"@id":"https:\/\/tollscout.eu\/fr\/#\/schema\/logo\/image\/"},"sameAs":["https:\/\/facebook.com\/tollscout","https:\/\/x.com\/tollscout","https:\/\/instagram.com\/tollscout"]}]}},"uagb_featured_image_src":{"full":false,"thumbnail":false,"medium":false,"medium_large":false,"large":false,"1536x1536":false,"2048x2048":false,"gform-image-choice-sm":false,"gform-image-choice-md":false,"gform-image-choice-lg":false},"uagb_author_info":{"display_name":"Tollscout","author_link":"https:\/\/tollscout.eu\/fr\/author\/m-hemm\/"},"uagb_comment_info":0,"uagb_excerpt":"P\u00e9age du tunnel des Karawanken Autriche P\u00e9age du tunnel des Karawanken Autriche Le tunnel des Karawanken (\u00e9galement connu sous le [&hellip;]","_links":{"self":[{"href":"https:\/\/tollscout.eu\/fr\/wp-json\/wp\/v2\/pages\/7579","targetHints":{"allow":["GET"]}}],"collection":[{"href":"https:\/\/tollscout.eu\/fr\/wp-json\/wp\/v2\/pages"}],"about":[{"href":"https:\/\/tollscout.eu\/fr\/wp-json\/wp\/v2\/types\/page"}],"author":[{"embeddable":true,"href":"https:\/\/tollscout.eu\/fr\/wp-json\/wp\/v2\/users\/2"}],"replies":[{"embeddable":true,"href":"https:\/\/tollscout.eu\/fr\/wp-json\/wp\/v2\/comments?post=7579"}],"version-history":[{"count":3,"href":"https:\/\/tollscout.eu\/fr\/wp-json\/wp\/v2\/pages\/7579\/revisions"}],"predecessor-version":[{"id":9087,"href":"https:\/\/tollscout.eu\/fr\/wp-json\/wp\/v2\/pages\/7579\/revisions\/9087"}],"wp:attachment":[{"href":"https:\/\/tollscout.eu\/fr\/wp-json\/wp\/v2\/media?parent=7579"}],"curies":[{"name":"wp","href":"https:\/\/api.w.org\/{rel}","templated":true}]}}