{"id":7106,"date":"2023-08-25T12:00:01","date_gmt":"2023-08-25T10:00:01","guid":{"rendered":"https:\/\/tollscout.eu\/peage-du-brenner-autriche\/"},"modified":"2024-08-01T01:55:56","modified_gmt":"2024-07-31T23:55:56","slug":"telepeage-du-brenner-autriche","status":"publish","type":"page","link":"https:\/\/tollscout.eu\/fr\/telepeage-du-brenner-autriche\/","title":{"rendered":"P\u00e9age du Brenner Autriche"},"content":{"rendered":"\n<div class=\"wp-block-uagb-container uagb-block-c1e2fce7 alignfull uagb-is-root-container\"><div class=\"uagb-container-inner-blocks-wrap\">\n<div class=\"wp-block-uagb-advanced-heading uagb-block-c767fabd\"><h1 class=\"uagb-heading-text\">P\u00e9age du Brenner en ligne Autriche<\/h1><\/div>\n<\/div><\/div>\n\n<div class=\"wp-block-uagb-container uagb-block-03d628be alignfull uagb-is-root-container\"><div class=\"uagb-container-inner-blocks-wrap\">\n<div id=\"app\" data-context=\"at\"><\/div>\n<\/div><\/div>\n\n<div class=\"wp-block-uagb-container uagb-block-f356067b alignfull uagb-is-root-container\"><div class=\"uagb-container-inner-blocks-wrap\">\n<div class=\"wp-block-uagb-advanced-heading uagb-block-e02782db\"><h2 class=\"uagb-heading-text\">P\u00e9age du Brenner en ligne Autriche<\/h2><p class=\"uagb-desc-text\">L&rsquo;autoroute du Brenner A 13, qui fait partie de la route europ\u00e9enne 45, traverse le Tyrol et fait partie int\u00e9grante de l&rsquo;autoroute du Brenner, construite dans les ann\u00e9es 1960 et consid\u00e9r\u00e9e comme l&rsquo;une des premi\u00e8res autoroutes de montagne au monde. Il s&rsquo;agit du tron\u00e7on autrichien de l&rsquo;autoroute du Brenner. Le 5 avril 1971, il fut officiellement ouvert au trafic entre l&rsquo;Autriche et l&rsquo;Italie. L&rsquo;A 13 part d&rsquo;Innsbruck (sortie Inntal Autobahn A 12) en passant par le Wipptal jusqu&rsquo;au col du Brenner, qui constitue depuis 1920 la fronti\u00e8re entre l&rsquo;Italie et l&rsquo;Autriche selon le trait\u00e9 de Saint-Germain. Le tron\u00e7on suivant sur le territoire italien est appel\u00e9 A 22, Brenner Motorway\/Autostrada del Brennero ou simplement Autobrennero.    <\/p><\/div>\n<\/div><\/div>\n\n<div class=\"wp-block-uagb-container uagb-block-7efd3c31 alignfull uagb-is-root-container\"><div class=\"uagb-container-inner-blocks-wrap\">\n<div class=\"wp-block-uagb-advanced-heading uagb-block-4602874c\"><h2 class=\"uagb-heading-text\">FAQ<\/h2><p class=\"uagb-desc-text\">Nous r\u00e9pondons ici \u00e0 toutes les questions concernant le p\u00e9age du Brenner en Autriche.<\/p><\/div>\n\n\n<div class=\"wp-block-uagb-faq uagb-faq__outer-wrap uagb-block-4fe496d4 uagb-faq-icon-row-reverse uagb-faq-layout-accordion uagb-faq-expand-first-false uagb-faq-inactive-other-true uagb-faq__wrap uagb-buttons-layout-wrap uagb-faq-equal-height     \" data-faqtoggle=\"true\" role=\"tablist\"><div class=\"wp-block-uagb-faq-child uagb-faq-child__outer-wrap uagb-faq-item uagb-block-1a70522e \" role=\"tab\" tabindex=\"0\"><div class=\"uagb-faq-questions-button uagb-faq-questions\">\t\t\t<span class=\"uagb-icon uagb-faq-icon-wrap\">\n\t\t\t\t\t\t\t<\/span>\n\t\t\t\t\t\t<span class=\"uagb-icon-active uagb-faq-icon-wrap\">\n\t\t\t\t\t\t\t\t<svg xmlns=\"https:\/\/www.w3.org\/2000\/svg\" viewBox= \"0 0 320 512\"><path d=\"M9.39 265.4l127.1-128C143.6 131.1 151.8 128 160 128s16.38 3.125 22.63 9.375l127.1 128c9.156 9.156 11.9 22.91 6.943 34.88S300.9 320 287.1 320H32.01c-12.94 0-24.62-7.781-29.58-19.75S.2333 274.5 9.39 265.4z\"><\/path><\/svg>\n\t\t\t\t\t\t\t<\/span>\n\t\t\t<h3 class=\"uagb-question\">Combien co\u00fbte le p\u00e9age du Brenner en Autriche ? <\/h3><\/div><div class=\"uagb-faq-content\"><p>Les tarifs de p\u00e9age pour l&rsquo;autoroute du Brenner (A13) peuvent varier en fonction du type de v\u00e9hicule, de la p\u00e9riode de l&rsquo;ann\u00e9e et du tron\u00e7on d&rsquo;itin\u00e9raire. Il est conseill\u00e9 de v\u00e9rifier les tarifs en vigueur sur le site officiel de l&rsquo;op\u00e9rateur ou aux p\u00e9ages, car ils sont susceptibles de changer. Les frais sont g\u00e9n\u00e9ralement calcul\u00e9s en fonction du kilom\u00e9trage et de la cat\u00e9gorie du v\u00e9hicule, avec des prix diff\u00e9rents s&rsquo;appliquant aux voitures, camping-cars, camions et bus. Il est \u00e9galement possible d&rsquo;utiliser diverses options de paiement telles que les esp\u00e8ces ou les syst\u00e8mes de p\u00e9age \u00e9lectronique pour payer le p\u00e9age sur l&rsquo;autoroute du Brenner.   <\/p><\/div><\/div><div class=\"wp-block-uagb-faq-child uagb-faq-child__outer-wrap uagb-faq-item uagb-block-bd4b64b2 \" role=\"tab\" tabindex=\"0\"><div class=\"uagb-faq-questions-button uagb-faq-questions\">\t\t\t<span class=\"uagb-icon uagb-faq-icon-wrap\">\n\t\t\t\t\t\t\t<\/span>\n\t\t\t\t\t\t<span class=\"uagb-icon-active uagb-faq-icon-wrap\">\n\t\t\t\t\t\t\t\t<svg xmlns=\"https:\/\/www.w3.org\/2000\/svg\" viewBox= \"0 0 320 512\"><path d=\"M9.39 265.4l127.1-128C143.6 131.1 151.8 128 160 128s16.38 3.125 22.63 9.375l127.1 128c9.156 9.156 11.9 22.91 6.943 34.88S300.9 320 287.1 320H32.01c-12.94 0-24.62-7.781-29.58-19.75S.2333 274.5 9.39 265.4z\"><\/path><\/svg>\n\t\t\t\t\t\t\t<\/span>\n\t\t\t<h3 class=\"uagb-question\">Comment payer le p\u00e9age du Brenner? <\/h3><\/div><div class=\"uagb-faq-content\"><p>Le p\u00e9age num\u00e9rique pour la partie autrichienne de l&rsquo;autoroute du Brenner A13 peut \u00eatre achet\u00e9 aussi bien en ligne chez nous que hors ligne aupr\u00e8s des p\u00e9ages et des stations-service. Les achats en ligne ne sont pas possibles pour le tron\u00e7on italien de l&rsquo;autoroute A22 du Brenner. En effet, l&rsquo;Autriche et l&rsquo;Italie ont des syst\u00e8mes de p\u00e9age diff\u00e9rents. Pour cette raison, le p\u00e9age doit \u00eatre pay\u00e9 au p\u00e9age.   <\/p><\/div><\/div><div class=\"wp-block-uagb-faq-child uagb-faq-child__outer-wrap uagb-faq-item uagb-block-49ae175a \" role=\"tab\" tabindex=\"0\"><div class=\"uagb-faq-questions-button uagb-faq-questions\">\t\t\t<span class=\"uagb-icon uagb-faq-icon-wrap\">\n\t\t\t\t\t\t\t<\/span>\n\t\t\t\t\t\t<span class=\"uagb-icon-active uagb-faq-icon-wrap\">\n\t\t\t\t\t\t\t\t<svg xmlns=\"https:\/\/www.w3.org\/2000\/svg\" viewBox= \"0 0 320 512\"><path d=\"M9.39 265.4l127.1-128C143.6 131.1 151.8 128 160 128s16.38 3.125 22.63 9.375l127.1 128c9.156 9.156 11.9 22.91 6.943 34.88S300.9 320 287.1 320H32.01c-12.94 0-24.62-7.781-29.58-19.75S.2333 274.5 9.39 265.4z\"><\/path><\/svg>\n\t\t\t\t\t\t\t<\/span>\n\t\t\t<h3 class=\"uagb-question\">O\u00f9 payer le p\u00e9age du Brenner?<\/h3><\/div><div class=\"uagb-faq-content\"><p>Les p\u00e9ages sur le tron\u00e7on italien de l&rsquo;autoroute du Brenner, <a href=\"https:\/\/de.wikipedia.org\/wiki\/Autostrada_A22\">l&rsquo;Autostrada A22<\/a>, sont pay\u00e9s aux gares de p\u00e9age situ\u00e9es le long de l&rsquo;autoroute. Les conducteurs de v\u00e9hicules sont oblig\u00e9s de payer une taxe \u00e0 ces stations pour pouvoir utiliser l&rsquo;autoroute. Il n&rsquo;existe pas d&rsquo;option de paiement en ligne ou de pr\u00e9paiement des p\u00e9ages. Le p\u00e9age pour <a href=\"https:\/\/de.wikipedia.org\/wiki\/Brenner_Autobahn\">la partie autrichienne de l&rsquo;autoroute A13 du Brenner<\/a> peut \u00eatre achet\u00e9 hors ligne ou en ligne dans notre boutique en ligne.<\/p><\/div><\/div><div class=\"wp-block-uagb-faq-child uagb-faq-child__outer-wrap uagb-faq-item uagb-block-c7b6f203 \" role=\"tab\" tabindex=\"0\"><div class=\"uagb-faq-questions-button uagb-faq-questions\">\t\t\t<span class=\"uagb-icon uagb-faq-icon-wrap\">\n\t\t\t\t\t\t\t<\/span>\n\t\t\t\t\t\t<span class=\"uagb-icon-active uagb-faq-icon-wrap\">\n\t\t\t\t\t\t\t\t<svg xmlns=\"https:\/\/www.w3.org\/2000\/svg\" viewBox= \"0 0 320 512\"><path d=\"M9.39 265.4l127.1-128C143.6 131.1 151.8 128 160 128s16.38 3.125 22.63 9.375l127.1 128c9.156 9.156 11.9 22.91 6.943 34.88S300.9 320 287.1 320H32.01c-12.94 0-24.62-7.781-29.58-19.75S.2333 274.5 9.39 265.4z\"><\/path><\/svg>\n\t\t\t\t\t\t\t<\/span>\n\t\t\t<h3 class=\"uagb-question\">De quelle vignette ou de quel p\u00e9age routier ai-je besoin pour traverser le Brenner?<\/h3><\/div><div class=\"uagb-faq-content\"><p>Les vignettes et\/ou p\u00e9ages d&rsquo;itin\u00e9raire n\u00e9cessaires pour le col du Brenner d\u00e9pendent du point de d\u00e9part et de la destination. Selon la r\u00e9gion d&rsquo;Europe dans laquelle vous souhaitez atteindre des destinations apr\u00e8s le Brenner, les vignettes et les p\u00e9ages n\u00e9cessaires diff\u00e8rent. Vous pouvez acheter des <a href=\"https:\/\/tollscout.eu\/digitale-vignette-oestehttps:\/\/tollscout.eu\/digitale-vignette-oesterreich-online\/rreich-online\/\">vignettes pour l&rsquo;Autriche<\/a>, la Slov\u00e9nie, la Suisse, la Roumanie, la Bulgarie, la Slovaquie, la Hongrie et la R\u00e9publique tch\u00e8que dans notre boutique en ligne. Les p\u00e9ages routiers pour l&rsquo;Autriche sont \u00e9galement disponibles chez nous.    <\/p><\/div><\/div><div class=\"wp-block-uagb-faq-child uagb-faq-child__outer-wrap uagb-faq-item uagb-block-66a7673f \" role=\"tab\" tabindex=\"0\"><div class=\"uagb-faq-questions-button uagb-faq-questions\">\t\t\t<span class=\"uagb-icon uagb-faq-icon-wrap\">\n\t\t\t\t\t\t\t<\/span>\n\t\t\t\t\t\t<span class=\"uagb-icon-active uagb-faq-icon-wrap\">\n\t\t\t\t\t\t\t\t<svg xmlns=\"https:\/\/www.w3.org\/2000\/svg\" viewBox= \"0 0 320 512\"><path d=\"M9.39 265.4l127.1-128C143.6 131.1 151.8 128 160 128s16.38 3.125 22.63 9.375l127.1 128c9.156 9.156 11.9 22.91 6.943 34.88S300.9 320 287.1 320H32.01c-12.94 0-24.62-7.781-29.58-19.75S.2333 274.5 9.39 265.4z\"><\/path><\/svg>\n\t\t\t\t\t\t\t<\/span>\n\t\t\t<h3 class=\"uagb-question\">Combien co\u00fbte le p\u00e9age du Brenner jusqu&rsquo;\u00e0 Bolzano?<\/h3><\/div><div class=\"uagb-faq-content\"><p>Il n&rsquo;est pas possible de dire de mani\u00e8re g\u00e9n\u00e9rale quel sera le prix du p\u00e9age pour traverser le col du Brenner jusqu&rsquo;\u00e0 Bolzano, car cela d\u00e9pend d&rsquo;o\u00f9 l&rsquo;on vient. Si vous conduisez depuis l&rsquo;Allemagne ou l&rsquo;Autriche via le col du Brenner en direction de Bolzano, vous devrez g\u00e9n\u00e9ralement payer une vignette autrichienne ainsi que des p\u00e9ages pour la partie autrichienne de l&rsquo;autoroute du Brenner A13 et de l&rsquo;autoroute italienne du Brenner A22.  <\/p><\/div><\/div><div class=\"wp-block-uagb-faq-child uagb-faq-child__outer-wrap uagb-faq-item uagb-block-fe87bb9c \" role=\"tab\" tabindex=\"0\"><div class=\"uagb-faq-questions-button uagb-faq-questions\">\t\t\t<span class=\"uagb-icon uagb-faq-icon-wrap\">\n\t\t\t\t\t\t\t<\/span>\n\t\t\t\t\t\t<span class=\"uagb-icon-active uagb-faq-icon-wrap\">\n\t\t\t\t\t\t\t\t<svg xmlns=\"https:\/\/www.w3.org\/2000\/svg\" viewBox= \"0 0 320 512\"><path d=\"M9.39 265.4l127.1-128C143.6 131.1 151.8 128 160 128s16.38 3.125 22.63 9.375l127.1 128c9.156 9.156 11.9 22.91 6.943 34.88S300.9 320 287.1 320H32.01c-12.94 0-24.62-7.781-29.58-19.75S.2333 274.5 9.39 265.4z\"><\/path><\/svg>\n\t\t\t\t\t\t\t<\/span>\n\t\t\t<h3 class=\"uagb-question\">Combien de p\u00e9ages faut-il payer jusqu&rsquo;au lac de Garde?<\/h3><\/div><div class=\"uagb-faq-content\"><p>En ce qui concerne le p\u00e9age du col du Brenner jusqu&rsquo;au lac de Garde, il n&rsquo;y a pas de r\u00e9ponse g\u00e9n\u00e9rale car cela d\u00e9pend de la direction d&rsquo;o\u00f9 l&rsquo;on vient. Si vous conduisez depuis l&rsquo;Allemagne ou l&rsquo;Autriche par le col du Brenner en direction du lac de Garde, vous devrez g\u00e9n\u00e9ralement payer une vignette autrichienne ainsi que des p\u00e9ages pour la partie autrichienne de l&rsquo;autoroute du Brenner A13 et de l&rsquo;autoroute italienne du Brenner A22. <\/p><\/div><\/div><\/div><\/div><\/div>\n","protected":false},"excerpt":{"rendered":"<p>P\u00e9age du Brenner en ligne Autriche P\u00e9age du Brenner en ligne Autriche L&rsquo;autoroute du Brenner A 13, qui fait partie [&hellip;]<\/p>\n","protected":false},"author":2,"featured_media":0,"parent":0,"menu_order":0,"comment_status":"closed","ping_status":"closed","template":"","meta":{"_uag_custom_page_level_css":"","site-sidebar-layout":"no-sidebar","site-content-layout":"","ast-site-content-layout":"normal-width-container","site-content-style":"unboxed","site-sidebar-style":"unboxed","ast-global-header-display":"","ast-banner-title-visibility":"","ast-main-header-display":"","ast-hfb-above-header-display":"","ast-hfb-below-header-display":"","ast-hfb-mobile-header-display":"","site-post-title":"disabled","ast-breadcrumbs-content":"","ast-featured-img":"","footer-sml-layout":"","ast-disable-related-posts":"","theme-transparent-header-meta":"enabled","adv-header-id-meta":"","stick-header-meta":"","header-above-stick-meta":"","header-main-stick-meta":"","header-below-stick-meta":"","astra-migrate-meta-layouts":"default","ast-page-background-enabled":"default","ast-page-background-meta":{"desktop":{"background-color":"var(--ast-global-color-5)","background-image":"","background-repeat":"repeat","background-position":"center center","background-size":"auto","background-attachment":"scroll","background-type":"","background-media":"","overlay-type":"","overlay-color":"","overlay-opacity":"","overlay-gradient":""},"tablet":{"background-color":"","background-image":"","background-repeat":"repeat","background-position":"center center","background-size":"auto","background-attachment":"scroll","background-type":"","background-media":"","overlay-type":"","overlay-color":"","overlay-opacity":"","overlay-gradient":""},"mobile":{"background-color":"","background-image":"","background-repeat":"repeat","background-position":"center center","background-size":"auto","background-attachment":"scroll","background-type":"","background-media":"","overlay-type":"","overlay-color":"","overlay-opacity":"","overlay-gradient":""}},"ast-content-background-meta":{"desktop":{"background-color":"var(--ast-global-color-4)","background-image":"","background-repeat":"repeat","background-position":"center center","background-size":"auto","background-attachment":"scroll","background-type":"","background-media":"","overlay-type":"","overlay-color":"","overlay-opacity":"","overlay-gradient":""},"tablet":{"background-color":"var(--ast-global-color-4)","background-image":"","background-repeat":"repeat","background-position":"center center","background-size":"auto","background-attachment":"scroll","background-type":"","background-media":"","overlay-type":"","overlay-color":"","overlay-opacity":"","overlay-gradient":""},"mobile":{"background-color":"var(--ast-global-color-4)","background-image":"","background-repeat":"repeat","background-position":"center center","background-size":"auto","background-attachment":"scroll","background-type":"","background-media":"","overlay-type":"","overlay-color":"","overlay-opacity":"","overlay-gradient":""}},"footnotes":""},"class_list":["post-7106","page","type-page","status-publish","hentry"],"yoast_head":"<!-- This site is optimized with the Yoast SEO plugin v27.1.1 - https:\/\/yoast.com\/product\/yoast-seo-wordpress\/ -->\n<title>P\u00e9age du Brenner en ligne Autriche - Valable imm\u00e9diatement<\/title>\n<meta name=\"description\" content=\"P\u00e9age du Brenner en ligne Autriche. Achetez rapidement et facilement en ligne le p\u00e9age num\u00e9rique de l&#039;autoroute A13 du Brenner. Valable imm\u00e9diatement.\" \/>\n<meta name=\"robots\" content=\"index, follow, max-snippet:-1, max-image-preview:large, max-video-preview:-1\" \/>\n<link rel=\"canonical\" href=\"https:\/\/tollscout.eu\/fr\/telepeage-du-brenner-autriche\/\" \/>\n<meta property=\"og:locale\" content=\"fr_FR\" \/>\n<meta property=\"og:type\" content=\"article\" \/>\n<meta property=\"og:title\" content=\"P\u00e9age du Brenner en ligne Autriche - Valable imm\u00e9diatement\" \/>\n<meta property=\"og:description\" content=\"P\u00e9age du Brenner en ligne Autriche. Achetez rapidement et facilement en ligne le p\u00e9age num\u00e9rique de l&#039;autoroute A13 du Brenner. Valable imm\u00e9diatement.\" \/>\n<meta property=\"og:url\" content=\"https:\/\/tollscout.eu\/fr\/telepeage-du-brenner-autriche\/\" \/>\n<meta property=\"og:site_name\" content=\"Tollscout\u00ae\" \/>\n<meta property=\"article:publisher\" content=\"https:\/\/facebook.com\/tollscout\" \/>\n<meta property=\"article:modified_time\" content=\"2024-07-31T23:55:56+00:00\" \/>\n<meta property=\"og:image\" content=\"https:\/\/tollscout.eu\/wp-content\/uploads\/2023\/08\/logo_color_360x92px.png\" \/>\n<meta name=\"twitter:card\" content=\"summary_large_image\" \/>\n<meta name=\"twitter:image\" content=\"https:\/\/tollscout.eu\/wp-content\/uploads\/2023\/08\/logo_color_360x92px.png\" \/>\n<meta name=\"twitter:site\" content=\"@tollscout\" \/>\n<meta name=\"twitter:label1\" content=\"Dur\u00e9e de lecture estim\u00e9e\" \/>\n\t<meta name=\"twitter:data1\" content=\"1 minute\" \/>\n<script type=\"application\/ld+json\" class=\"yoast-schema-graph\">{\"@context\":\"https:\/\/schema.org\",\"@graph\":[{\"@type\":\"WebPage\",\"@id\":\"https:\/\/tollscout.eu\/fr\/telepeage-du-brenner-autriche\/\",\"url\":\"https:\/\/tollscout.eu\/fr\/telepeage-du-brenner-autriche\/\",\"name\":\"P\u00e9age du Brenner en ligne Autriche - Valable imm\u00e9diatement\",\"isPartOf\":{\"@id\":\"https:\/\/tollscout.eu\/fr\/#website\"},\"datePublished\":\"2023-08-25T10:00:01+00:00\",\"dateModified\":\"2024-07-31T23:55:56+00:00\",\"description\":\"P\u00e9age du Brenner en ligne Autriche. Achetez rapidement et facilement en ligne le p\u00e9age num\u00e9rique de l'autoroute A13 du Brenner. Valable imm\u00e9diatement.\",\"breadcrumb\":{\"@id\":\"https:\/\/tollscout.eu\/fr\/telepeage-du-brenner-autriche\/#breadcrumb\"},\"inLanguage\":\"fr-FR\",\"potentialAction\":[{\"@type\":\"ReadAction\",\"target\":[\"https:\/\/tollscout.eu\/fr\/telepeage-du-brenner-autriche\/\"]}]},{\"@type\":\"BreadcrumbList\",\"@id\":\"https:\/\/tollscout.eu\/fr\/telepeage-du-brenner-autriche\/#breadcrumb\",\"itemListElement\":[{\"@type\":\"ListItem\",\"position\":1,\"name\":\"Startseite\",\"item\":\"https:\/\/tollscout.eu\/fr\/\"},{\"@type\":\"ListItem\",\"position\":2,\"name\":\"P\u00e9age du Brenner Autriche\"}]},{\"@type\":\"WebSite\",\"@id\":\"https:\/\/tollscout.eu\/fr\/#website\",\"url\":\"https:\/\/tollscout.eu\/fr\/\",\"name\":\"Tollscout\u00ae\",\"description\":\"\",\"publisher\":{\"@id\":\"https:\/\/tollscout.eu\/fr\/#organization\"},\"potentialAction\":[{\"@type\":\"SearchAction\",\"target\":{\"@type\":\"EntryPoint\",\"urlTemplate\":\"https:\/\/tollscout.eu\/fr\/?s={search_term_string}\"},\"query-input\":{\"@type\":\"PropertyValueSpecification\",\"valueRequired\":true,\"valueName\":\"search_term_string\"}}],\"inLanguage\":\"fr-FR\"},{\"@type\":\"Organization\",\"@id\":\"https:\/\/tollscout.eu\/fr\/#organization\",\"name\":\"TollScout\",\"alternateName\":\"TollScout\",\"url\":\"https:\/\/tollscout.eu\/fr\/\",\"logo\":{\"@type\":\"ImageObject\",\"inLanguage\":\"fr-FR\",\"@id\":\"https:\/\/tollscout.eu\/fr\/#\/schema\/logo\/image\/\",\"url\":\"https:\/\/tollscout.eu\/wp-content\/uploads\/2023\/11\/logo_social_media_1024.png\",\"contentUrl\":\"https:\/\/tollscout.eu\/wp-content\/uploads\/2023\/11\/logo_social_media_1024.png\",\"width\":1024,\"height\":1024,\"caption\":\"TollScout\"},\"image\":{\"@id\":\"https:\/\/tollscout.eu\/fr\/#\/schema\/logo\/image\/\"},\"sameAs\":[\"https:\/\/facebook.com\/tollscout\",\"https:\/\/x.com\/tollscout\",\"https:\/\/instagram.com\/tollscout\"]}]}<\/script>\n<!-- \/ Yoast SEO plugin. -->","yoast_head_json":{"title":"P\u00e9age du Brenner en ligne Autriche - Valable imm\u00e9diatement","description":"P\u00e9age du Brenner en ligne Autriche. Achetez rapidement et facilement en ligne le p\u00e9age num\u00e9rique de l'autoroute A13 du Brenner. Valable imm\u00e9diatement.","robots":{"index":"index","follow":"follow","max-snippet":"max-snippet:-1","max-image-preview":"max-image-preview:large","max-video-preview":"max-video-preview:-1"},"canonical":"https:\/\/tollscout.eu\/fr\/telepeage-du-brenner-autriche\/","og_locale":"fr_FR","og_type":"article","og_title":"P\u00e9age du Brenner en ligne Autriche - Valable imm\u00e9diatement","og_description":"P\u00e9age du Brenner en ligne Autriche. Achetez rapidement et facilement en ligne le p\u00e9age num\u00e9rique de l'autoroute A13 du Brenner. Valable imm\u00e9diatement.","og_url":"https:\/\/tollscout.eu\/fr\/telepeage-du-brenner-autriche\/","og_site_name":"Tollscout\u00ae","article_publisher":"https:\/\/facebook.com\/tollscout","article_modified_time":"2024-07-31T23:55:56+00:00","og_image":[{"url":"https:\/\/tollscout.eu\/wp-content\/uploads\/2023\/08\/logo_color_360x92px.png","type":"","width":"","height":""}],"twitter_card":"summary_large_image","twitter_image":"https:\/\/tollscout.eu\/wp-content\/uploads\/2023\/08\/logo_color_360x92px.png","twitter_site":"@tollscout","twitter_misc":{"Dur\u00e9e de lecture estim\u00e9e":"1 minute"},"schema":{"@context":"https:\/\/schema.org","@graph":[{"@type":"WebPage","@id":"https:\/\/tollscout.eu\/fr\/telepeage-du-brenner-autriche\/","url":"https:\/\/tollscout.eu\/fr\/telepeage-du-brenner-autriche\/","name":"P\u00e9age du Brenner en ligne Autriche - Valable imm\u00e9diatement","isPartOf":{"@id":"https:\/\/tollscout.eu\/fr\/#website"},"datePublished":"2023-08-25T10:00:01+00:00","dateModified":"2024-07-31T23:55:56+00:00","description":"P\u00e9age du Brenner en ligne Autriche. Achetez rapidement et facilement en ligne le p\u00e9age num\u00e9rique de l'autoroute A13 du Brenner. Valable imm\u00e9diatement.","breadcrumb":{"@id":"https:\/\/tollscout.eu\/fr\/telepeage-du-brenner-autriche\/#breadcrumb"},"inLanguage":"fr-FR","potentialAction":[{"@type":"ReadAction","target":["https:\/\/tollscout.eu\/fr\/telepeage-du-brenner-autriche\/"]}]},{"@type":"BreadcrumbList","@id":"https:\/\/tollscout.eu\/fr\/telepeage-du-brenner-autriche\/#breadcrumb","itemListElement":[{"@type":"ListItem","position":1,"name":"Startseite","item":"https:\/\/tollscout.eu\/fr\/"},{"@type":"ListItem","position":2,"name":"P\u00e9age du Brenner Autriche"}]},{"@type":"WebSite","@id":"https:\/\/tollscout.eu\/fr\/#website","url":"https:\/\/tollscout.eu\/fr\/","name":"Tollscout\u00ae","description":"","publisher":{"@id":"https:\/\/tollscout.eu\/fr\/#organization"},"potentialAction":[{"@type":"SearchAction","target":{"@type":"EntryPoint","urlTemplate":"https:\/\/tollscout.eu\/fr\/?s={search_term_string}"},"query-input":{"@type":"PropertyValueSpecification","valueRequired":true,"valueName":"search_term_string"}}],"inLanguage":"fr-FR"},{"@type":"Organization","@id":"https:\/\/tollscout.eu\/fr\/#organization","name":"TollScout","alternateName":"TollScout","url":"https:\/\/tollscout.eu\/fr\/","logo":{"@type":"ImageObject","inLanguage":"fr-FR","@id":"https:\/\/tollscout.eu\/fr\/#\/schema\/logo\/image\/","url":"https:\/\/tollscout.eu\/wp-content\/uploads\/2023\/11\/logo_social_media_1024.png","contentUrl":"https:\/\/tollscout.eu\/wp-content\/uploads\/2023\/11\/logo_social_media_1024.png","width":1024,"height":1024,"caption":"TollScout"},"image":{"@id":"https:\/\/tollscout.eu\/fr\/#\/schema\/logo\/image\/"},"sameAs":["https:\/\/facebook.com\/tollscout","https:\/\/x.com\/tollscout","https:\/\/instagram.com\/tollscout"]}]}},"uagb_featured_image_src":{"full":false,"thumbnail":false,"medium":false,"medium_large":false,"large":false,"1536x1536":false,"2048x2048":false,"gform-image-choice-sm":false,"gform-image-choice-md":false,"gform-image-choice-lg":false},"uagb_author_info":{"display_name":"Tollscout","author_link":"https:\/\/tollscout.eu\/fr\/author\/m-hemm\/"},"uagb_comment_info":0,"uagb_excerpt":"P\u00e9age du Brenner en ligne Autriche P\u00e9age du Brenner en ligne Autriche L&rsquo;autoroute du Brenner A 13, qui fait partie [&hellip;]","_links":{"self":[{"href":"https:\/\/tollscout.eu\/fr\/wp-json\/wp\/v2\/pages\/7106","targetHints":{"allow":["GET"]}}],"collection":[{"href":"https:\/\/tollscout.eu\/fr\/wp-json\/wp\/v2\/pages"}],"about":[{"href":"https:\/\/tollscout.eu\/fr\/wp-json\/wp\/v2\/types\/page"}],"author":[{"embeddable":true,"href":"https:\/\/tollscout.eu\/fr\/wp-json\/wp\/v2\/users\/2"}],"replies":[{"embeddable":true,"href":"https:\/\/tollscout.eu\/fr\/wp-json\/wp\/v2\/comments?post=7106"}],"version-history":[{"count":3,"href":"https:\/\/tollscout.eu\/fr\/wp-json\/wp\/v2\/pages\/7106\/revisions"}],"predecessor-version":[{"id":9100,"href":"https:\/\/tollscout.eu\/fr\/wp-json\/wp\/v2\/pages\/7106\/revisions\/9100"}],"wp:attachment":[{"href":"https:\/\/tollscout.eu\/fr\/wp-json\/wp\/v2\/media?parent=7106"}],"curies":[{"name":"wp","href":"https:\/\/api.w.org\/{rel}","templated":true}]}}