{"id":7985,"date":"2023-08-25T11:52:28","date_gmt":"2023-08-25T09:52:28","guid":{"rendered":"https:\/\/tollscout.eu\/katschbergtunnel-vejafgift-oestrig\/"},"modified":"2024-08-01T01:50:33","modified_gmt":"2024-07-31T23:50:33","slug":"katschbergtunnel-vejafgift-oestrig","status":"publish","type":"page","link":"https:\/\/tollscout.eu\/da\/katschbergtunnel-vejafgift-oestrig\/","title":{"rendered":"Katschbergtunnel vejafgift \u00d8strig"},"content":{"rendered":"\n<div class=\"wp-block-uagb-container uagb-block-c1e2fce7 alignfull uagb-is-root-container\"><div class=\"uagb-container-inner-blocks-wrap\">\n<div class=\"wp-block-uagb-advanced-heading uagb-block-c767fabd\"><h1 class=\"uagb-heading-text\">Katschbergtunnel vejafgift \u00d8strig<\/h1><\/div>\n<\/div><\/div>\n\n<div class=\"wp-block-uagb-container uagb-block-7d404a70 alignfull uagb-is-root-container\"><div class=\"uagb-container-inner-blocks-wrap\">\n<div id=\"app\" data-context=\"at\"><\/div>\n<\/div><\/div>\n\n<div class=\"wp-block-uagb-container uagb-block-f356067b alignfull uagb-is-root-container\"><div class=\"uagb-container-inner-blocks-wrap\">\n<div class=\"wp-block-uagb-advanced-heading uagb-block-32bca494\"><h2 class=\"uagb-heading-text\">Katschbergtunnel vejafgift \u00d8strig (A 10 Tauern motorvej)<\/h2><\/div>\n\n\n\n<p class=\"has-text-align-center\">Katschbergtunnelen str\u00e6kker sig over en l\u00e6ngde p\u00e5 5.898 meter og er en del af Tauern Autobahn (A 10). Den fungerer ogs\u00e5 som en gr\u00e6nsetunnel mellem de \u00f8strigske forbundsstater K\u00e4rnten og Salzburg. Denne tunnel spiller en afg\u00f8rende rolle for at forbinde K\u00e4rnten Katschtal via Katschberg med Lungau i Salzburg. Den har derfor stor betydning for trafikruten fra Villach til Salzburg. Str\u00e6kningerne mellem Katschbergtunnelen og <a href=\"https:\/\/tollscout.eu\/da\/tauerntunnel-vejafgift-oestrig\/\">Tauerntunnelen<\/a>, inklusive passagen gennem selve begge tunneler, er klassificeret som s\u00e5kaldte s\u00e6rlige betalingsveje. Det betyder, at de er undtaget fra vignetkravet, ligesom alle andre s\u00e6rlige betalingsveje i \u00d8strig.      <\/p>\n<\/div><\/div>\n\n<div class=\"wp-block-uagb-container uagb-block-7efd3c31 alignfull uagb-is-root-container\"><div class=\"uagb-container-inner-blocks-wrap\">\n<div class=\"wp-block-uagb-advanced-heading uagb-block-4602874c\"><h2 class=\"uagb-heading-text\">FAQ<\/h2><p class=\"uagb-desc-text\">Her besvarer vi alle sp\u00f8rgsm\u00e5l om Katschberg-tunnelen i \u00d8strig<\/p><\/div>\n\n\n<div class=\"wp-block-uagb-faq uagb-faq__outer-wrap uagb-block-4fe496d4 uagb-faq-icon-row-reverse uagb-faq-layout-accordion uagb-faq-expand-first-false uagb-faq-inactive-other-true uagb-faq__wrap uagb-buttons-layout-wrap uagb-faq-equal-height     \" data-faqtoggle=\"true\" role=\"tablist\"><div class=\"wp-block-uagb-faq-child uagb-faq-child__outer-wrap uagb-faq-item uagb-block-1a70522e \" role=\"tab\" tabindex=\"0\"><div class=\"uagb-faq-questions-button uagb-faq-questions\">\t\t\t<span class=\"uagb-icon uagb-faq-icon-wrap\">\n\t\t\t\t\t\t\t<\/span>\n\t\t\t\t\t\t<span class=\"uagb-icon-active uagb-faq-icon-wrap\">\n\t\t\t\t\t\t\t\t<svg xmlns=\"https:\/\/www.w3.org\/2000\/svg\" viewBox= \"0 0 320 512\"><path d=\"M9.39 265.4l127.1-128C143.6 131.1 151.8 128 160 128s16.38 3.125 22.63 9.375l127.1 128c9.156 9.156 11.9 22.91 6.943 34.88S300.9 320 287.1 320H32.01c-12.94 0-24.62-7.781-29.58-19.75S.2333 274.5 9.39 265.4z\"><\/path><\/svg>\n\t\t\t\t\t\t\t<\/span>\n\t\t\t<h3 class=\"uagb-question\">Hvorn\u00e5r blev Katschbergtunnelen \u00e5bnet for trafik?<\/h3><\/div><div class=\"uagb-faq-content\"><p>Katschbergtunnelens f\u00f8rste r\u00f8r blev \u00e5bnet for trafik den 21. december 1974. Katschbergtunnelen var fra starten planlagt som en to-r\u00f8rs tunnel. Men i 1988 blev planerne for det andet r\u00f8r stoppet af omkostningsm\u00e6ssige \u00e5rsager og p\u00e5 grund af den lavere trafikm\u00e6ngde. Byggeriet blev f\u00f8rst genoptaget i 2004 og blev \u00e5bnet for trafik i april 2009.    <\/p><\/div><\/div><div class=\"wp-block-uagb-faq-child uagb-faq-child__outer-wrap uagb-faq-item uagb-block-bd4b64b2 \" role=\"tab\" tabindex=\"0\"><div class=\"uagb-faq-questions-button uagb-faq-questions\">\t\t\t<span class=\"uagb-icon uagb-faq-icon-wrap\">\n\t\t\t\t\t\t\t<\/span>\n\t\t\t\t\t\t<span class=\"uagb-icon-active uagb-faq-icon-wrap\">\n\t\t\t\t\t\t\t\t<svg xmlns=\"https:\/\/www.w3.org\/2000\/svg\" viewBox= \"0 0 320 512\"><path d=\"M9.39 265.4l127.1-128C143.6 131.1 151.8 128 160 128s16.38 3.125 22.63 9.375l127.1 128c9.156 9.156 11.9 22.91 6.943 34.88S300.9 320 287.1 320H32.01c-12.94 0-24.62-7.781-29.58-19.75S.2333 274.5 9.39 265.4z\"><\/path><\/svg>\n\t\t\t\t\t\t\t<\/span>\n\t\t\t<h3 class=\"uagb-question\">Hvor lang er Katschbergtunnelen (A10 Tauernautobahn)?<\/h3><\/div><div class=\"uagb-faq-content\"><p>Katschbergtunnelens f\u00f8rste r\u00f8r (vestr\u00f8r) er 5.898 meter langt og forbinder K\u00e4rnten Katschtal gennem <a href=\"https:\/\/de.wikipedia.org\/wiki\/Katschberg\">Katschberg <\/a>med Lungau i Salzburg. Katschbergtunnelens andet r\u00f8r (\u00f8str\u00f8r) er 5.565 meter langt. Katschbergtunnelen og Tauerntunnelen er str\u00e6kninger af Tauernautobahn (A10), der er undtaget fra vignetkravet, men som p\u00e5l\u00e6gges en s\u00e6rlig vejafgift.  <\/p><\/div><\/div><div class=\"wp-block-uagb-faq-child uagb-faq-child__outer-wrap uagb-faq-item uagb-block-49ae175a \" role=\"tab\" tabindex=\"0\"><div class=\"uagb-faq-questions-button uagb-faq-questions\">\t\t\t<span class=\"uagb-icon uagb-faq-icon-wrap\">\n\t\t\t\t\t\t\t<\/span>\n\t\t\t\t\t\t<span class=\"uagb-icon-active uagb-faq-icon-wrap\">\n\t\t\t\t\t\t\t\t<svg xmlns=\"https:\/\/www.w3.org\/2000\/svg\" viewBox= \"0 0 320 512\"><path d=\"M9.39 265.4l127.1-128C143.6 131.1 151.8 128 160 128s16.38 3.125 22.63 9.375l127.1 128c9.156 9.156 11.9 22.91 6.943 34.88S300.9 320 287.1 320H32.01c-12.94 0-24.62-7.781-29.58-19.75S.2333 274.5 9.39 265.4z\"><\/path><\/svg>\n\t\t\t\t\t\t\t<\/span>\n\t\t\t<h3 class=\"uagb-question\">Hvorfor er Katschbergtunnelen undtaget fra vignetkravet? <\/h3><\/div><div class=\"uagb-faq-content\"><p>Katschbergtunnelen er en str\u00e6kning af ruten, der er undtaget fra vignetkravet, men er p\u00e5lagt en s\u00e6rlig vejafgift. Ruteafgiften for Tauernautobahn A10 kan k\u00f8bes hurtigt og bekvemt online via vores online shop. <\/p><\/div><\/div><div class=\"wp-block-uagb-faq-child uagb-faq-child__outer-wrap uagb-faq-item uagb-block-c7b6f203 \" role=\"tab\" tabindex=\"0\"><div class=\"uagb-faq-questions-button uagb-faq-questions\">\t\t\t<span class=\"uagb-icon uagb-faq-icon-wrap\">\n\t\t\t\t\t\t\t<\/span>\n\t\t\t\t\t\t<span class=\"uagb-icon-active uagb-faq-icon-wrap\">\n\t\t\t\t\t\t\t\t<svg xmlns=\"https:\/\/www.w3.org\/2000\/svg\" viewBox= \"0 0 320 512\"><path d=\"M9.39 265.4l127.1-128C143.6 131.1 151.8 128 160 128s16.38 3.125 22.63 9.375l127.1 128c9.156 9.156 11.9 22.91 6.943 34.88S300.9 320 287.1 320H32.01c-12.94 0-24.62-7.781-29.58-19.75S.2333 274.5 9.39 265.4z\"><\/path><\/svg>\n\t\t\t\t\t\t\t<\/span>\n\t\t\t<h3 class=\"uagb-question\">Hvor meget koster Katschbergtunnel-vejafgiften i \u00d8strig? <\/h3><\/div><div class=\"uagb-faq-content\"><p>Prisen for en enkelt passage gennem Katschbergtunnelen er \u20ac13,50 (fra 2023).<\/p><\/div><\/div><div class=\"wp-block-uagb-faq-child uagb-faq-child__outer-wrap uagb-faq-item uagb-block-66a7673f \" role=\"tab\" tabindex=\"0\"><div class=\"uagb-faq-questions-button uagb-faq-questions\">\t\t\t<span class=\"uagb-icon uagb-faq-icon-wrap\">\n\t\t\t\t\t\t\t<\/span>\n\t\t\t\t\t\t<span class=\"uagb-icon-active uagb-faq-icon-wrap\">\n\t\t\t\t\t\t\t\t<svg xmlns=\"https:\/\/www.w3.org\/2000\/svg\" viewBox= \"0 0 320 512\"><path d=\"M9.39 265.4l127.1-128C143.6 131.1 151.8 128 160 128s16.38 3.125 22.63 9.375l127.1 128c9.156 9.156 11.9 22.91 6.943 34.88S300.9 320 287.1 320H32.01c-12.94 0-24.62-7.781-29.58-19.75S.2333 274.5 9.39 265.4z\"><\/path><\/svg>\n\t\t\t\t\t\t\t<\/span>\n\t\t\t<h3 class=\"uagb-question\">Hvor lang tid tager turen gennem Katschbergtunnelen?<\/h3><\/div><div class=\"uagb-faq-content\"><p>Turen gennem Katschberg-tunnelen tager omkring 10 minutter.<\/p><\/div><\/div><div class=\"wp-block-uagb-faq-child uagb-faq-child__outer-wrap uagb-faq-item uagb-block-88984a11 \" role=\"tab\" tabindex=\"0\"><div class=\"uagb-faq-questions-button uagb-faq-questions\">\t\t\t<span class=\"uagb-icon uagb-faq-icon-wrap\">\n\t\t\t\t\t\t\t<\/span>\n\t\t\t\t\t\t<span class=\"uagb-icon-active uagb-faq-icon-wrap\">\n\t\t\t\t\t\t\t\t<svg xmlns=\"https:\/\/www.w3.org\/2000\/svg\" viewBox= \"0 0 320 512\"><path d=\"M9.39 265.4l127.1-128C143.6 131.1 151.8 128 160 128s16.38 3.125 22.63 9.375l127.1 128c9.156 9.156 11.9 22.91 6.943 34.88S300.9 320 287.1 320H32.01c-12.94 0-24.62-7.781-29.58-19.75S.2333 274.5 9.39 265.4z\"><\/path><\/svg>\n\t\t\t\t\t\t\t<\/span>\n\t\t\t<h3 class=\"uagb-question\">Hvor bred og h\u00f8j er Katschbergtunnelen?<\/h3><\/div><div class=\"uagb-faq-content\"><p>K\u00f8rebanebredden p\u00e5 det \u00f8stlige og det vestlige r\u00f8r er 7,50 meter. H\u00f8jden af Katschberg-tunnelen er 4,70 meter. <\/p><\/div><\/div><\/div><\/div><\/div>\n","protected":false},"excerpt":{"rendered":"<p>Katschbergtunnel vejafgift \u00d8strig Katschbergtunnel vejafgift \u00d8strig (A 10 Tauern motorvej) Katschbergtunnelen str\u00e6kker sig over en l\u00e6ngde p\u00e5 5.898 meter og [&hellip;]<\/p>\n","protected":false},"author":2,"featured_media":0,"parent":0,"menu_order":0,"comment_status":"closed","ping_status":"closed","template":"","meta":{"_uag_custom_page_level_css":"","site-sidebar-layout":"no-sidebar","site-content-layout":"","ast-site-content-layout":"normal-width-container","site-content-style":"unboxed","site-sidebar-style":"unboxed","ast-global-header-display":"","ast-banner-title-visibility":"","ast-main-header-display":"","ast-hfb-above-header-display":"","ast-hfb-below-header-display":"","ast-hfb-mobile-header-display":"","site-post-title":"disabled","ast-breadcrumbs-content":"","ast-featured-img":"","footer-sml-layout":"","ast-disable-related-posts":"","theme-transparent-header-meta":"enabled","adv-header-id-meta":"","stick-header-meta":"","header-above-stick-meta":"","header-main-stick-meta":"","header-below-stick-meta":"","astra-migrate-meta-layouts":"default","ast-page-background-enabled":"default","ast-page-background-meta":{"desktop":{"background-color":"var(--ast-global-color-5)","background-image":"","background-repeat":"repeat","background-position":"center center","background-size":"auto","background-attachment":"scroll","background-type":"","background-media":"","overlay-type":"","overlay-color":"","overlay-opacity":"","overlay-gradient":""},"tablet":{"background-color":"","background-image":"","background-repeat":"repeat","background-position":"center center","background-size":"auto","background-attachment":"scroll","background-type":"","background-media":"","overlay-type":"","overlay-color":"","overlay-opacity":"","overlay-gradient":""},"mobile":{"background-color":"","background-image":"","background-repeat":"repeat","background-position":"center center","background-size":"auto","background-attachment":"scroll","background-type":"","background-media":"","overlay-type":"","overlay-color":"","overlay-opacity":"","overlay-gradient":""}},"ast-content-background-meta":{"desktop":{"background-color":"var(--ast-global-color-4)","background-image":"","background-repeat":"repeat","background-position":"center center","background-size":"auto","background-attachment":"scroll","background-type":"","background-media":"","overlay-type":"","overlay-color":"","overlay-opacity":"","overlay-gradient":""},"tablet":{"background-color":"var(--ast-global-color-4)","background-image":"","background-repeat":"repeat","background-position":"center center","background-size":"auto","background-attachment":"scroll","background-type":"","background-media":"","overlay-type":"","overlay-color":"","overlay-opacity":"","overlay-gradient":""},"mobile":{"background-color":"var(--ast-global-color-4)","background-image":"","background-repeat":"repeat","background-position":"center center","background-size":"auto","background-attachment":"scroll","background-type":"","background-media":"","overlay-type":"","overlay-color":"","overlay-opacity":"","overlay-gradient":""}},"footnotes":""},"class_list":["post-7985","page","type-page","status-publish","hentry"],"yoast_head":"<!-- This site is optimized with the Yoast SEO plugin v27.1.1 - https:\/\/yoast.com\/product\/yoast-seo-wordpress\/ -->\n<title>Katschbergtunnel-afgift \u00d8strig - digital vejafgift<\/title>\n<meta name=\"description\" content=\"K\u00f8b Katschbergtunnel-afgiften \u00d8strig p\u00e5 motorvej A10 Tauern hurtigt og bekvemt online i vores online shop. G\u00e6lder med det samme.\" \/>\n<meta name=\"robots\" content=\"index, follow, max-snippet:-1, max-image-preview:large, max-video-preview:-1\" \/>\n<link rel=\"canonical\" href=\"https:\/\/tollscout.eu\/da\/katschbergtunnel-vejafgift-oestrig\/\" \/>\n<meta property=\"og:locale\" content=\"da_DK\" \/>\n<meta property=\"og:type\" content=\"article\" \/>\n<meta property=\"og:title\" content=\"Katschbergtunnel-afgift \u00d8strig - digital vejafgift\" \/>\n<meta property=\"og:description\" content=\"K\u00f8b Katschbergtunnel-afgiften \u00d8strig p\u00e5 motorvej A10 Tauern hurtigt og bekvemt online i vores online shop. G\u00e6lder med det samme.\" \/>\n<meta property=\"og:url\" content=\"https:\/\/tollscout.eu\/da\/katschbergtunnel-vejafgift-oestrig\/\" \/>\n<meta property=\"og:site_name\" content=\"Tollscout\u00ae\" \/>\n<meta property=\"article:publisher\" content=\"https:\/\/facebook.com\/tollscout\" \/>\n<meta property=\"article:modified_time\" content=\"2024-07-31T23:50:33+00:00\" \/>\n<meta property=\"og:image\" content=\"https:\/\/tollscout.eu\/wp-content\/uploads\/2023\/08\/logo_color_360x92px.png\" \/>\n\t<meta property=\"og:image:width\" content=\"360\" \/>\n\t<meta property=\"og:image:height\" content=\"92\" \/>\n\t<meta property=\"og:image:type\" content=\"image\/png\" \/>\n<meta name=\"twitter:card\" content=\"summary_large_image\" \/>\n<meta name=\"twitter:site\" content=\"@tollscout\" \/>\n<meta name=\"twitter:label1\" content=\"Estimeret l\u00e6setid\" \/>\n\t<meta name=\"twitter:data1\" content=\"1 minut\" \/>\n<script type=\"application\/ld+json\" class=\"yoast-schema-graph\">{\"@context\":\"https:\/\/schema.org\",\"@graph\":[{\"@type\":\"WebPage\",\"@id\":\"https:\/\/tollscout.eu\/da\/katschbergtunnel-vejafgift-oestrig\/\",\"url\":\"https:\/\/tollscout.eu\/da\/katschbergtunnel-vejafgift-oestrig\/\",\"name\":\"Katschbergtunnel-afgift \u00d8strig - digital vejafgift\",\"isPartOf\":{\"@id\":\"https:\/\/tollscout.eu\/da\/#website\"},\"datePublished\":\"2023-08-25T09:52:28+00:00\",\"dateModified\":\"2024-07-31T23:50:33+00:00\",\"description\":\"K\u00f8b Katschbergtunnel-afgiften \u00d8strig p\u00e5 motorvej A10 Tauern hurtigt og bekvemt online i vores online shop. G\u00e6lder med det samme.\",\"breadcrumb\":{\"@id\":\"https:\/\/tollscout.eu\/da\/katschbergtunnel-vejafgift-oestrig\/#breadcrumb\"},\"inLanguage\":\"da-DK\",\"potentialAction\":[{\"@type\":\"ReadAction\",\"target\":[\"https:\/\/tollscout.eu\/da\/katschbergtunnel-vejafgift-oestrig\/\"]}]},{\"@type\":\"BreadcrumbList\",\"@id\":\"https:\/\/tollscout.eu\/da\/katschbergtunnel-vejafgift-oestrig\/#breadcrumb\",\"itemListElement\":[{\"@type\":\"ListItem\",\"position\":1,\"name\":\"Startseite\",\"item\":\"https:\/\/tollscout.eu\/da\/\"},{\"@type\":\"ListItem\",\"position\":2,\"name\":\"Katschbergtunnel vejafgift \u00d8strig\"}]},{\"@type\":\"WebSite\",\"@id\":\"https:\/\/tollscout.eu\/da\/#website\",\"url\":\"https:\/\/tollscout.eu\/da\/\",\"name\":\"Tollscout\u00ae\",\"description\":\"\",\"publisher\":{\"@id\":\"https:\/\/tollscout.eu\/da\/#organization\"},\"potentialAction\":[{\"@type\":\"SearchAction\",\"target\":{\"@type\":\"EntryPoint\",\"urlTemplate\":\"https:\/\/tollscout.eu\/da\/?s={search_term_string}\"},\"query-input\":{\"@type\":\"PropertyValueSpecification\",\"valueRequired\":true,\"valueName\":\"search_term_string\"}}],\"inLanguage\":\"da-DK\"},{\"@type\":\"Organization\",\"@id\":\"https:\/\/tollscout.eu\/da\/#organization\",\"name\":\"TollScout\",\"alternateName\":\"TollScout\",\"url\":\"https:\/\/tollscout.eu\/da\/\",\"logo\":{\"@type\":\"ImageObject\",\"inLanguage\":\"da-DK\",\"@id\":\"https:\/\/tollscout.eu\/da\/#\/schema\/logo\/image\/\",\"url\":\"https:\/\/tollscout.eu\/wp-content\/uploads\/2023\/11\/logo_social_media_1024.png\",\"contentUrl\":\"https:\/\/tollscout.eu\/wp-content\/uploads\/2023\/11\/logo_social_media_1024.png\",\"width\":1024,\"height\":1024,\"caption\":\"TollScout\"},\"image\":{\"@id\":\"https:\/\/tollscout.eu\/da\/#\/schema\/logo\/image\/\"},\"sameAs\":[\"https:\/\/facebook.com\/tollscout\",\"https:\/\/x.com\/tollscout\",\"https:\/\/instagram.com\/tollscout\"]}]}<\/script>\n<!-- \/ Yoast SEO plugin. -->","yoast_head_json":{"title":"Katschbergtunnel-afgift \u00d8strig - digital vejafgift","description":"K\u00f8b Katschbergtunnel-afgiften \u00d8strig p\u00e5 motorvej A10 Tauern hurtigt og bekvemt online i vores online shop. G\u00e6lder med det samme.","robots":{"index":"index","follow":"follow","max-snippet":"max-snippet:-1","max-image-preview":"max-image-preview:large","max-video-preview":"max-video-preview:-1"},"canonical":"https:\/\/tollscout.eu\/da\/katschbergtunnel-vejafgift-oestrig\/","og_locale":"da_DK","og_type":"article","og_title":"Katschbergtunnel-afgift \u00d8strig - digital vejafgift","og_description":"K\u00f8b Katschbergtunnel-afgiften \u00d8strig p\u00e5 motorvej A10 Tauern hurtigt og bekvemt online i vores online shop. G\u00e6lder med det samme.","og_url":"https:\/\/tollscout.eu\/da\/katschbergtunnel-vejafgift-oestrig\/","og_site_name":"Tollscout\u00ae","article_publisher":"https:\/\/facebook.com\/tollscout","article_modified_time":"2024-07-31T23:50:33+00:00","og_image":[{"width":360,"height":92,"url":"https:\/\/tollscout.eu\/wp-content\/uploads\/2023\/08\/logo_color_360x92px.png","type":"image\/png"}],"twitter_card":"summary_large_image","twitter_site":"@tollscout","twitter_misc":{"Estimeret l\u00e6setid":"1 minut"},"schema":{"@context":"https:\/\/schema.org","@graph":[{"@type":"WebPage","@id":"https:\/\/tollscout.eu\/da\/katschbergtunnel-vejafgift-oestrig\/","url":"https:\/\/tollscout.eu\/da\/katschbergtunnel-vejafgift-oestrig\/","name":"Katschbergtunnel-afgift \u00d8strig - digital vejafgift","isPartOf":{"@id":"https:\/\/tollscout.eu\/da\/#website"},"datePublished":"2023-08-25T09:52:28+00:00","dateModified":"2024-07-31T23:50:33+00:00","description":"K\u00f8b Katschbergtunnel-afgiften \u00d8strig p\u00e5 motorvej A10 Tauern hurtigt og bekvemt online i vores online shop. G\u00e6lder med det samme.","breadcrumb":{"@id":"https:\/\/tollscout.eu\/da\/katschbergtunnel-vejafgift-oestrig\/#breadcrumb"},"inLanguage":"da-DK","potentialAction":[{"@type":"ReadAction","target":["https:\/\/tollscout.eu\/da\/katschbergtunnel-vejafgift-oestrig\/"]}]},{"@type":"BreadcrumbList","@id":"https:\/\/tollscout.eu\/da\/katschbergtunnel-vejafgift-oestrig\/#breadcrumb","itemListElement":[{"@type":"ListItem","position":1,"name":"Startseite","item":"https:\/\/tollscout.eu\/da\/"},{"@type":"ListItem","position":2,"name":"Katschbergtunnel vejafgift \u00d8strig"}]},{"@type":"WebSite","@id":"https:\/\/tollscout.eu\/da\/#website","url":"https:\/\/tollscout.eu\/da\/","name":"Tollscout\u00ae","description":"","publisher":{"@id":"https:\/\/tollscout.eu\/da\/#organization"},"potentialAction":[{"@type":"SearchAction","target":{"@type":"EntryPoint","urlTemplate":"https:\/\/tollscout.eu\/da\/?s={search_term_string}"},"query-input":{"@type":"PropertyValueSpecification","valueRequired":true,"valueName":"search_term_string"}}],"inLanguage":"da-DK"},{"@type":"Organization","@id":"https:\/\/tollscout.eu\/da\/#organization","name":"TollScout","alternateName":"TollScout","url":"https:\/\/tollscout.eu\/da\/","logo":{"@type":"ImageObject","inLanguage":"da-DK","@id":"https:\/\/tollscout.eu\/da\/#\/schema\/logo\/image\/","url":"https:\/\/tollscout.eu\/wp-content\/uploads\/2023\/11\/logo_social_media_1024.png","contentUrl":"https:\/\/tollscout.eu\/wp-content\/uploads\/2023\/11\/logo_social_media_1024.png","width":1024,"height":1024,"caption":"TollScout"},"image":{"@id":"https:\/\/tollscout.eu\/da\/#\/schema\/logo\/image\/"},"sameAs":["https:\/\/facebook.com\/tollscout","https:\/\/x.com\/tollscout","https:\/\/instagram.com\/tollscout"]}]}},"uagb_featured_image_src":{"full":false,"thumbnail":false,"medium":false,"medium_large":false,"large":false,"1536x1536":false,"2048x2048":false,"gform-image-choice-sm":false,"gform-image-choice-md":false,"gform-image-choice-lg":false},"uagb_author_info":{"display_name":"Tollscout","author_link":"https:\/\/tollscout.eu\/da\/author\/m-hemm\/"},"uagb_comment_info":0,"uagb_excerpt":"Katschbergtunnel vejafgift \u00d8strig Katschbergtunnel vejafgift \u00d8strig (A 10 Tauern motorvej) Katschbergtunnelen str\u00e6kker sig over en l\u00e6ngde p\u00e5 5.898 meter og [&hellip;]","_links":{"self":[{"href":"https:\/\/tollscout.eu\/da\/wp-json\/wp\/v2\/pages\/7985","targetHints":{"allow":["GET"]}}],"collection":[{"href":"https:\/\/tollscout.eu\/da\/wp-json\/wp\/v2\/pages"}],"about":[{"href":"https:\/\/tollscout.eu\/da\/wp-json\/wp\/v2\/types\/page"}],"author":[{"embeddable":true,"href":"https:\/\/tollscout.eu\/da\/wp-json\/wp\/v2\/users\/2"}],"replies":[{"embeddable":true,"href":"https:\/\/tollscout.eu\/da\/wp-json\/wp\/v2\/comments?post=7985"}],"version-history":[{"count":2,"href":"https:\/\/tollscout.eu\/da\/wp-json\/wp\/v2\/pages\/7985\/revisions"}],"predecessor-version":[{"id":9083,"href":"https:\/\/tollscout.eu\/da\/wp-json\/wp\/v2\/pages\/7985\/revisions\/9083"}],"wp:attachment":[{"href":"https:\/\/tollscout.eu\/da\/wp-json\/wp\/v2\/media?parent=7985"}],"curies":[{"name":"wp","href":"https:\/\/api.w.org\/{rel}","templated":true}]}}