{"id":7983,"date":"2023-08-24T17:31:39","date_gmt":"2023-08-24T15:31:39","guid":{"rendered":"https:\/\/tollscout.eu\/karawanken-tunnel-vejafgift-oestrig\/"},"modified":"2024-08-01T01:54:57","modified_gmt":"2024-07-31T23:54:57","slug":"karawanken-tunnel-vejafgift-oestrig","status":"publish","type":"page","link":"https:\/\/tollscout.eu\/da\/karawanken-tunnel-vejafgift-oestrig\/","title":{"rendered":"Karawanken Tunnel vejafgift \u00d8strig"},"content":{"rendered":"\n<div class=\"wp-block-uagb-container uagb-block-c1e2fce7 alignfull uagb-is-root-container\"><div class=\"uagb-container-inner-blocks-wrap\">\n<div class=\"wp-block-uagb-advanced-heading uagb-block-c767fabd\"><h1 class=\"uagb-heading-text\">Karawanken Tunnel vejafgift \u00d8strig<\/h1><\/div>\n<\/div><\/div>\n\n<div class=\"wp-block-uagb-container uagb-block-dc200595 alignfull uagb-is-root-container\"><div class=\"uagb-container-inner-blocks-wrap\">\n<div id=\"app\" data-context=\"at\"><\/div>\n<\/div><\/div>\n\n<div class=\"wp-block-uagb-container uagb-block-f356067b alignfull uagb-is-root-container\"><div class=\"uagb-container-inner-blocks-wrap\">\n<div class=\"wp-block-uagb-advanced-heading uagb-block-e02782db\"><h2 class=\"uagb-heading-text\">Karawanken Tunnel vejafgift \u00d8strig<\/h2><p class=\"uagb-desc-text\">Karawanken-tunnelen (ogs\u00e5 kendt som Predor Karavanke p\u00e5 slovensk) str\u00e6kker sig n\u00e6sten 8 kilometer p\u00e5 gr\u00e6nsen mellem \u00d8strig og Slovenien. Den forbinder den \u00f8strigske Karawanken Autobahn med den slovenske Avtocesta A2 i retning af Ljubljana. Tunnelen g\u00e5r mellem byerne Jesenice og Rosenbach, en del af Sankt Jakob im Rosental, og krydser Karawanken-bjergk\u00e6den, som er en del af de sydlige kalkstensalper.  <\/p><\/div>\n<\/div><\/div>\n\n<div class=\"wp-block-uagb-container uagb-block-7efd3c31 alignfull uagb-is-root-container\"><div class=\"uagb-container-inner-blocks-wrap\">\n<div class=\"wp-block-uagb-advanced-heading uagb-block-4602874c\"><h2 class=\"uagb-heading-text\">FAQ<\/h2><p class=\"uagb-desc-text\">Her besvarer vi alle sp\u00f8rgsm\u00e5l om Karawanken Tunnel-afgiften i \u00d8strig.<\/p><\/div>\n\n\n<div class=\"wp-block-uagb-faq uagb-faq__outer-wrap uagb-block-4fe496d4 uagb-faq-icon-row-reverse uagb-faq-layout-accordion uagb-faq-expand-first-false uagb-faq-inactive-other-true uagb-faq__wrap uagb-buttons-layout-wrap uagb-faq-equal-height     \" data-faqtoggle=\"true\" role=\"tablist\"><div class=\"wp-block-uagb-faq-child uagb-faq-child__outer-wrap uagb-faq-item uagb-block-1a70522e \" role=\"tab\" tabindex=\"0\"><div class=\"uagb-faq-questions-button uagb-faq-questions\">\t\t\t<span class=\"uagb-icon uagb-faq-icon-wrap\">\n\t\t\t\t\t\t\t<\/span>\n\t\t\t\t\t\t<span class=\"uagb-icon-active uagb-faq-icon-wrap\">\n\t\t\t\t\t\t\t\t<svg xmlns=\"https:\/\/www.w3.org\/2000\/svg\" viewBox= \"0 0 320 512\"><path d=\"M9.39 265.4l127.1-128C143.6 131.1 151.8 128 160 128s16.38 3.125 22.63 9.375l127.1 128c9.156 9.156 11.9 22.91 6.943 34.88S300.9 320 287.1 320H32.01c-12.94 0-24.62-7.781-29.58-19.75S.2333 274.5 9.39 265.4z\"><\/path><\/svg>\n\t\t\t\t\t\t\t<\/span>\n\t\t\t<h3 class=\"uagb-question\"><strong>Hvorn\u00e5r blev Karawanken-tunnelen \u00e5bnet for trafik?<\/strong><\/h3><\/div><div class=\"uagb-faq-content\"><p>Byggeriet af det vestlige r\u00f8r af Karawanken-tunnelen begyndte den 12. august 1986, efter at planer for tunnelbyggeri allerede var lavet p\u00e5 forh\u00e5nd. Det stod f\u00e6rdigt i 1991. Byggeriet af \u00f8str\u00f8ret begyndte i 2018. Dette er planlagt til at v\u00e6re afsluttet i 2025. Efter at \u00f8str\u00f8ret er f\u00e6rdigbygget, vil vestr\u00f8ret blive totalrenoveret. Begge r\u00f8r frigives til drift igen i 2027.     <\/p><\/div><\/div><div class=\"wp-block-uagb-faq-child uagb-faq-child__outer-wrap uagb-faq-item uagb-block-bd4b64b2 \" role=\"tab\" tabindex=\"0\"><div class=\"uagb-faq-questions-button uagb-faq-questions\">\t\t\t<span class=\"uagb-icon uagb-faq-icon-wrap\">\n\t\t\t\t\t\t\t<\/span>\n\t\t\t\t\t\t<span class=\"uagb-icon-active uagb-faq-icon-wrap\">\n\t\t\t\t\t\t\t\t<svg xmlns=\"https:\/\/www.w3.org\/2000\/svg\" viewBox= \"0 0 320 512\"><path d=\"M9.39 265.4l127.1-128C143.6 131.1 151.8 128 160 128s16.38 3.125 22.63 9.375l127.1 128c9.156 9.156 11.9 22.91 6.943 34.88S300.9 320 287.1 320H32.01c-12.94 0-24.62-7.781-29.58-19.75S.2333 274.5 9.39 265.4z\"><\/path><\/svg>\n\t\t\t\t\t\t\t<\/span>\n\t\t\t<h3 class=\"uagb-question\"><strong>Hvor lang er Karawanken-tunnelen (A11 Karawanken-motorvejen)?<\/strong><\/h3><\/div><div class=\"uagb-faq-content\"><p>Karawanken-tunnelens vestlige r\u00f8r er 7.864 meter langt og forbinder den \u00f8strigske Karawanken Autobahn med den slovenske Avtocesta A2 i retning mod <a href=\"https:\/\/de.wikipedia.org\/wiki\/Ljubljana\">Ljubljana<\/a>. Karawanken Tunnel er en del af Karawanken Autobahn (A11), der er undtaget fra vignetkravet, men er underlagt en s\u00e6rlig vejafgift.  <\/p><\/div><\/div><div class=\"wp-block-uagb-faq-child uagb-faq-child__outer-wrap uagb-faq-item uagb-block-49ae175a wp-block-uagb-faq-child uagb-faq-child__outer-wrap uagb-faq-item uagb-block-49ae175a\" role=\"tab\" tabindex=\"0\"><div class=\"uagb-faq-questions-button uagb-faq-questions\">\t\t\t<span class=\"uagb-icon uagb-faq-icon-wrap\">\n\t\t\t\t\t\t\t<\/span>\n\t\t\t\t\t\t<span class=\"uagb-icon-active uagb-faq-icon-wrap\">\n\t\t\t\t\t\t\t\t<svg xmlns=\"https:\/\/www.w3.org\/2000\/svg\" viewBox= \"0 0 320 512\"><path d=\"M9.39 265.4l127.1-128C143.6 131.1 151.8 128 160 128s16.38 3.125 22.63 9.375l127.1 128c9.156 9.156 11.9 22.91 6.943 34.88S300.9 320 287.1 320H32.01c-12.94 0-24.62-7.781-29.58-19.75S.2333 274.5 9.39 265.4z\"><\/path><\/svg>\n\t\t\t\t\t\t\t<\/span>\n\t\t\t<h3 class=\"uagb-question\"><strong>Hvorfor er Karawanken-tunnelen undtaget fra vignetkravet?<\/strong><\/h3><\/div><div class=\"uagb-faq-content\"><p>Karawanken-tunnelen er en del af ruten, der er undtaget fra vignetkravet, men som p\u00e5l\u00e6gges en s\u00e6rlig vejafgift. Ruteafgiften for Karawankenautobahn A11 og <a href=\"https:\/\/tollscout.eu\/da\/tauerntunnel-vejafgift-oestrig\/\">Tauernautobahn A10<\/a> kan k\u00f8bes hurtigt og bekvemt online via vores online shop. <\/p><\/div><\/div><div class=\"wp-block-uagb-faq-child uagb-faq-child__outer-wrap uagb-faq-item uagb-block-c7b6f203 \" role=\"tab\" tabindex=\"0\"><div class=\"uagb-faq-questions-button uagb-faq-questions\">\t\t\t<span class=\"uagb-icon uagb-faq-icon-wrap\">\n\t\t\t\t\t\t\t<\/span>\n\t\t\t\t\t\t<span class=\"uagb-icon-active uagb-faq-icon-wrap\">\n\t\t\t\t\t\t\t\t<svg xmlns=\"https:\/\/www.w3.org\/2000\/svg\" viewBox= \"0 0 320 512\"><path d=\"M9.39 265.4l127.1-128C143.6 131.1 151.8 128 160 128s16.38 3.125 22.63 9.375l127.1 128c9.156 9.156 11.9 22.91 6.943 34.88S300.9 320 287.1 320H32.01c-12.94 0-24.62-7.781-29.58-19.75S.2333 274.5 9.39 265.4z\"><\/path><\/svg>\n\t\t\t\t\t\t\t<\/span>\n\t\t\t<h3 class=\"uagb-question\"><strong>Hvor meget koster Karawanken Tunnel vejafgift i \u00d8strig?<\/strong><\/h3><\/div><div class=\"uagb-faq-content\"><p>Prisen for en enkelt tur gennem Karawanken-tunnelen er \u20ac7,80 (fra 2023).<\/p><\/div><\/div><div class=\"wp-block-uagb-faq-child uagb-faq-child__outer-wrap uagb-faq-item uagb-block-66a7673f \" role=\"tab\" tabindex=\"0\"><div class=\"uagb-faq-questions-button uagb-faq-questions\">\t\t\t<span class=\"uagb-icon uagb-faq-icon-wrap\">\n\t\t\t\t\t\t\t<\/span>\n\t\t\t\t\t\t<span class=\"uagb-icon-active uagb-faq-icon-wrap\">\n\t\t\t\t\t\t\t\t<svg xmlns=\"https:\/\/www.w3.org\/2000\/svg\" viewBox= \"0 0 320 512\"><path d=\"M9.39 265.4l127.1-128C143.6 131.1 151.8 128 160 128s16.38 3.125 22.63 9.375l127.1 128c9.156 9.156 11.9 22.91 6.943 34.88S300.9 320 287.1 320H32.01c-12.94 0-24.62-7.781-29.58-19.75S.2333 274.5 9.39 265.4z\"><\/path><\/svg>\n\t\t\t\t\t\t\t<\/span>\n\t\t\t<h3 class=\"uagb-question\"><strong>Hvor lang tid tager rejsen gennem Karawanken-tunnelen?<\/strong><\/h3><\/div><div class=\"uagb-faq-content\"><p>Turen gennem Karawanken-tunnelen tager omkring 10 minutter.<\/p><\/div><\/div><div class=\"wp-block-uagb-faq-child uagb-faq-child__outer-wrap uagb-faq-item uagb-block-24d1f8b5 \" role=\"tab\" tabindex=\"0\"><div class=\"uagb-faq-questions-button uagb-faq-questions\">\t\t\t<span class=\"uagb-icon uagb-faq-icon-wrap\">\n\t\t\t\t\t\t\t<\/span>\n\t\t\t\t\t\t<span class=\"uagb-icon-active uagb-faq-icon-wrap\">\n\t\t\t\t\t\t\t\t<svg xmlns=\"https:\/\/www.w3.org\/2000\/svg\" viewBox= \"0 0 320 512\"><path d=\"M9.39 265.4l127.1-128C143.6 131.1 151.8 128 160 128s16.38 3.125 22.63 9.375l127.1 128c9.156 9.156 11.9 22.91 6.943 34.88S300.9 320 287.1 320H32.01c-12.94 0-24.62-7.781-29.58-19.75S.2333 274.5 9.39 265.4z\"><\/path><\/svg>\n\t\t\t\t\t\t\t<\/span>\n\t\t\t<h3 class=\"uagb-question\"><strong><strong>Hvor bred og h\u00f8j er Karawanken-tunnelen?<\/strong><\/strong><\/h3><\/div><div class=\"uagb-faq-content\"><p>K\u00f8rebanebredden p\u00e5 det \u00f8stlige og det vestlige r\u00f8r er 7,50 meter. H\u00f8jden af Karawanken Tunnel er 4,70 meter. <\/p><\/div><\/div><\/div><\/div><\/div>\n","protected":false},"excerpt":{"rendered":"<p>Karawanken Tunnel vejafgift \u00d8strig Karawanken Tunnel vejafgift \u00d8strig Karawanken-tunnelen (ogs\u00e5 kendt som Predor Karavanke p\u00e5 slovensk) str\u00e6kker sig n\u00e6sten 8 [&hellip;]<\/p>\n","protected":false},"author":2,"featured_media":0,"parent":0,"menu_order":0,"comment_status":"closed","ping_status":"closed","template":"","meta":{"_uag_custom_page_level_css":"","site-sidebar-layout":"no-sidebar","site-content-layout":"","ast-site-content-layout":"normal-width-container","site-content-style":"unboxed","site-sidebar-style":"unboxed","ast-global-header-display":"","ast-banner-title-visibility":"","ast-main-header-display":"","ast-hfb-above-header-display":"","ast-hfb-below-header-display":"","ast-hfb-mobile-header-display":"","site-post-title":"disabled","ast-breadcrumbs-content":"","ast-featured-img":"","footer-sml-layout":"","ast-disable-related-posts":"","theme-transparent-header-meta":"enabled","adv-header-id-meta":"","stick-header-meta":"","header-above-stick-meta":"","header-main-stick-meta":"","header-below-stick-meta":"","astra-migrate-meta-layouts":"default","ast-page-background-enabled":"default","ast-page-background-meta":{"desktop":{"background-color":"var(--ast-global-color-5)","background-image":"","background-repeat":"repeat","background-position":"center center","background-size":"auto","background-attachment":"scroll","background-type":"","background-media":"","overlay-type":"","overlay-color":"","overlay-opacity":"","overlay-gradient":""},"tablet":{"background-color":"","background-image":"","background-repeat":"repeat","background-position":"center center","background-size":"auto","background-attachment":"scroll","background-type":"","background-media":"","overlay-type":"","overlay-color":"","overlay-opacity":"","overlay-gradient":""},"mobile":{"background-color":"","background-image":"","background-repeat":"repeat","background-position":"center center","background-size":"auto","background-attachment":"scroll","background-type":"","background-media":"","overlay-type":"","overlay-color":"","overlay-opacity":"","overlay-gradient":""}},"ast-content-background-meta":{"desktop":{"background-color":"var(--ast-global-color-4)","background-image":"","background-repeat":"repeat","background-position":"center center","background-size":"auto","background-attachment":"scroll","background-type":"","background-media":"","overlay-type":"","overlay-color":"","overlay-opacity":"","overlay-gradient":""},"tablet":{"background-color":"var(--ast-global-color-4)","background-image":"","background-repeat":"repeat","background-position":"center center","background-size":"auto","background-attachment":"scroll","background-type":"","background-media":"","overlay-type":"","overlay-color":"","overlay-opacity":"","overlay-gradient":""},"mobile":{"background-color":"var(--ast-global-color-4)","background-image":"","background-repeat":"repeat","background-position":"center center","background-size":"auto","background-attachment":"scroll","background-type":"","background-media":"","overlay-type":"","overlay-color":"","overlay-opacity":"","overlay-gradient":""}},"footnotes":""},"class_list":["post-7983","page","type-page","status-publish","hentry"],"yoast_head":"<!-- This site is optimized with the Yoast SEO plugin v27.1.1 - https:\/\/yoast.com\/product\/yoast-seo-wordpress\/ -->\n<title>K\u00f8b Karawankentunnel vejafgift \u00d8strig online - gyldig med det samme<\/title>\n<meta name=\"description\" content=\"Karawankentunnel toll \u00d8strig kan k\u00f8bes hurtigt og nemt online hos os. Ingen stikning, ingen stress. G\u00e6lder med det samme\" \/>\n<meta name=\"robots\" content=\"index, follow, max-snippet:-1, max-image-preview:large, max-video-preview:-1\" \/>\n<link rel=\"canonical\" href=\"https:\/\/tollscout.eu\/da\/karawanken-tunnel-vejafgift-oestrig\/\" \/>\n<meta property=\"og:locale\" content=\"da_DK\" \/>\n<meta property=\"og:type\" content=\"article\" \/>\n<meta property=\"og:title\" content=\"K\u00f8b Karawankentunnel vejafgift \u00d8strig online - gyldig med det samme\" \/>\n<meta property=\"og:description\" content=\"Karawankentunnel toll \u00d8strig kan k\u00f8bes hurtigt og nemt online hos os. Ingen stikning, ingen stress. G\u00e6lder med det samme\" \/>\n<meta property=\"og:url\" content=\"https:\/\/tollscout.eu\/da\/karawanken-tunnel-vejafgift-oestrig\/\" \/>\n<meta property=\"og:site_name\" content=\"Tollscout\u00ae\" \/>\n<meta property=\"article:publisher\" content=\"https:\/\/facebook.com\/tollscout\" \/>\n<meta property=\"article:modified_time\" content=\"2024-07-31T23:54:57+00:00\" \/>\n<meta property=\"og:image\" content=\"https:\/\/tollscout.eu\/wp-content\/uploads\/2023\/08\/logo_color_360x92px.png\" \/>\n\t<meta property=\"og:image:width\" content=\"360\" \/>\n\t<meta property=\"og:image:height\" content=\"92\" \/>\n\t<meta property=\"og:image:type\" content=\"image\/png\" \/>\n<meta name=\"twitter:card\" content=\"summary_large_image\" \/>\n<meta name=\"twitter:site\" content=\"@tollscout\" \/>\n<script type=\"application\/ld+json\" class=\"yoast-schema-graph\">{\"@context\":\"https:\/\/schema.org\",\"@graph\":[{\"@type\":\"WebPage\",\"@id\":\"https:\/\/tollscout.eu\/da\/karawanken-tunnel-vejafgift-oestrig\/\",\"url\":\"https:\/\/tollscout.eu\/da\/karawanken-tunnel-vejafgift-oestrig\/\",\"name\":\"K\u00f8b Karawankentunnel vejafgift \u00d8strig online - gyldig med det samme\",\"isPartOf\":{\"@id\":\"https:\/\/tollscout.eu\/da\/#website\"},\"datePublished\":\"2023-08-24T15:31:39+00:00\",\"dateModified\":\"2024-07-31T23:54:57+00:00\",\"description\":\"Karawankentunnel toll \u00d8strig kan k\u00f8bes hurtigt og nemt online hos os. Ingen stikning, ingen stress. G\u00e6lder med det samme\",\"breadcrumb\":{\"@id\":\"https:\/\/tollscout.eu\/da\/karawanken-tunnel-vejafgift-oestrig\/#breadcrumb\"},\"inLanguage\":\"da-DK\",\"potentialAction\":[{\"@type\":\"ReadAction\",\"target\":[\"https:\/\/tollscout.eu\/da\/karawanken-tunnel-vejafgift-oestrig\/\"]}]},{\"@type\":\"BreadcrumbList\",\"@id\":\"https:\/\/tollscout.eu\/da\/karawanken-tunnel-vejafgift-oestrig\/#breadcrumb\",\"itemListElement\":[{\"@type\":\"ListItem\",\"position\":1,\"name\":\"Startseite\",\"item\":\"https:\/\/tollscout.eu\/da\/\"},{\"@type\":\"ListItem\",\"position\":2,\"name\":\"Karawanken Tunnel vejafgift \u00d8strig\"}]},{\"@type\":\"WebSite\",\"@id\":\"https:\/\/tollscout.eu\/da\/#website\",\"url\":\"https:\/\/tollscout.eu\/da\/\",\"name\":\"Tollscout\u00ae\",\"description\":\"\",\"publisher\":{\"@id\":\"https:\/\/tollscout.eu\/da\/#organization\"},\"potentialAction\":[{\"@type\":\"SearchAction\",\"target\":{\"@type\":\"EntryPoint\",\"urlTemplate\":\"https:\/\/tollscout.eu\/da\/?s={search_term_string}\"},\"query-input\":{\"@type\":\"PropertyValueSpecification\",\"valueRequired\":true,\"valueName\":\"search_term_string\"}}],\"inLanguage\":\"da-DK\"},{\"@type\":\"Organization\",\"@id\":\"https:\/\/tollscout.eu\/da\/#organization\",\"name\":\"TollScout\",\"alternateName\":\"TollScout\",\"url\":\"https:\/\/tollscout.eu\/da\/\",\"logo\":{\"@type\":\"ImageObject\",\"inLanguage\":\"da-DK\",\"@id\":\"https:\/\/tollscout.eu\/da\/#\/schema\/logo\/image\/\",\"url\":\"https:\/\/tollscout.eu\/wp-content\/uploads\/2023\/11\/logo_social_media_1024.png\",\"contentUrl\":\"https:\/\/tollscout.eu\/wp-content\/uploads\/2023\/11\/logo_social_media_1024.png\",\"width\":1024,\"height\":1024,\"caption\":\"TollScout\"},\"image\":{\"@id\":\"https:\/\/tollscout.eu\/da\/#\/schema\/logo\/image\/\"},\"sameAs\":[\"https:\/\/facebook.com\/tollscout\",\"https:\/\/x.com\/tollscout\",\"https:\/\/instagram.com\/tollscout\"]}]}<\/script>\n<!-- \/ Yoast SEO plugin. -->","yoast_head_json":{"title":"K\u00f8b Karawankentunnel vejafgift \u00d8strig online - gyldig med det samme","description":"Karawankentunnel toll \u00d8strig kan k\u00f8bes hurtigt og nemt online hos os. Ingen stikning, ingen stress. G\u00e6lder med det samme","robots":{"index":"index","follow":"follow","max-snippet":"max-snippet:-1","max-image-preview":"max-image-preview:large","max-video-preview":"max-video-preview:-1"},"canonical":"https:\/\/tollscout.eu\/da\/karawanken-tunnel-vejafgift-oestrig\/","og_locale":"da_DK","og_type":"article","og_title":"K\u00f8b Karawankentunnel vejafgift \u00d8strig online - gyldig med det samme","og_description":"Karawankentunnel toll \u00d8strig kan k\u00f8bes hurtigt og nemt online hos os. Ingen stikning, ingen stress. G\u00e6lder med det samme","og_url":"https:\/\/tollscout.eu\/da\/karawanken-tunnel-vejafgift-oestrig\/","og_site_name":"Tollscout\u00ae","article_publisher":"https:\/\/facebook.com\/tollscout","article_modified_time":"2024-07-31T23:54:57+00:00","og_image":[{"width":360,"height":92,"url":"https:\/\/tollscout.eu\/wp-content\/uploads\/2023\/08\/logo_color_360x92px.png","type":"image\/png"}],"twitter_card":"summary_large_image","twitter_site":"@tollscout","schema":{"@context":"https:\/\/schema.org","@graph":[{"@type":"WebPage","@id":"https:\/\/tollscout.eu\/da\/karawanken-tunnel-vejafgift-oestrig\/","url":"https:\/\/tollscout.eu\/da\/karawanken-tunnel-vejafgift-oestrig\/","name":"K\u00f8b Karawankentunnel vejafgift \u00d8strig online - gyldig med det samme","isPartOf":{"@id":"https:\/\/tollscout.eu\/da\/#website"},"datePublished":"2023-08-24T15:31:39+00:00","dateModified":"2024-07-31T23:54:57+00:00","description":"Karawankentunnel toll \u00d8strig kan k\u00f8bes hurtigt og nemt online hos os. Ingen stikning, ingen stress. G\u00e6lder med det samme","breadcrumb":{"@id":"https:\/\/tollscout.eu\/da\/karawanken-tunnel-vejafgift-oestrig\/#breadcrumb"},"inLanguage":"da-DK","potentialAction":[{"@type":"ReadAction","target":["https:\/\/tollscout.eu\/da\/karawanken-tunnel-vejafgift-oestrig\/"]}]},{"@type":"BreadcrumbList","@id":"https:\/\/tollscout.eu\/da\/karawanken-tunnel-vejafgift-oestrig\/#breadcrumb","itemListElement":[{"@type":"ListItem","position":1,"name":"Startseite","item":"https:\/\/tollscout.eu\/da\/"},{"@type":"ListItem","position":2,"name":"Karawanken Tunnel vejafgift \u00d8strig"}]},{"@type":"WebSite","@id":"https:\/\/tollscout.eu\/da\/#website","url":"https:\/\/tollscout.eu\/da\/","name":"Tollscout\u00ae","description":"","publisher":{"@id":"https:\/\/tollscout.eu\/da\/#organization"},"potentialAction":[{"@type":"SearchAction","target":{"@type":"EntryPoint","urlTemplate":"https:\/\/tollscout.eu\/da\/?s={search_term_string}"},"query-input":{"@type":"PropertyValueSpecification","valueRequired":true,"valueName":"search_term_string"}}],"inLanguage":"da-DK"},{"@type":"Organization","@id":"https:\/\/tollscout.eu\/da\/#organization","name":"TollScout","alternateName":"TollScout","url":"https:\/\/tollscout.eu\/da\/","logo":{"@type":"ImageObject","inLanguage":"da-DK","@id":"https:\/\/tollscout.eu\/da\/#\/schema\/logo\/image\/","url":"https:\/\/tollscout.eu\/wp-content\/uploads\/2023\/11\/logo_social_media_1024.png","contentUrl":"https:\/\/tollscout.eu\/wp-content\/uploads\/2023\/11\/logo_social_media_1024.png","width":1024,"height":1024,"caption":"TollScout"},"image":{"@id":"https:\/\/tollscout.eu\/da\/#\/schema\/logo\/image\/"},"sameAs":["https:\/\/facebook.com\/tollscout","https:\/\/x.com\/tollscout","https:\/\/instagram.com\/tollscout"]}]}},"uagb_featured_image_src":{"full":false,"thumbnail":false,"medium":false,"medium_large":false,"large":false,"1536x1536":false,"2048x2048":false,"gform-image-choice-sm":false,"gform-image-choice-md":false,"gform-image-choice-lg":false},"uagb_author_info":{"display_name":"Tollscout","author_link":"https:\/\/tollscout.eu\/da\/author\/m-hemm\/"},"uagb_comment_info":0,"uagb_excerpt":"Karawanken Tunnel vejafgift \u00d8strig Karawanken Tunnel vejafgift \u00d8strig Karawanken-tunnelen (ogs\u00e5 kendt som Predor Karavanke p\u00e5 slovensk) str\u00e6kker sig n\u00e6sten 8 [&hellip;]","_links":{"self":[{"href":"https:\/\/tollscout.eu\/da\/wp-json\/wp\/v2\/pages\/7983","targetHints":{"allow":["GET"]}}],"collection":[{"href":"https:\/\/tollscout.eu\/da\/wp-json\/wp\/v2\/pages"}],"about":[{"href":"https:\/\/tollscout.eu\/da\/wp-json\/wp\/v2\/types\/page"}],"author":[{"embeddable":true,"href":"https:\/\/tollscout.eu\/da\/wp-json\/wp\/v2\/users\/2"}],"replies":[{"embeddable":true,"href":"https:\/\/tollscout.eu\/da\/wp-json\/wp\/v2\/comments?post=7983"}],"version-history":[{"count":2,"href":"https:\/\/tollscout.eu\/da\/wp-json\/wp\/v2\/pages\/7983\/revisions"}],"predecessor-version":[{"id":9098,"href":"https:\/\/tollscout.eu\/da\/wp-json\/wp\/v2\/pages\/7983\/revisions\/9098"}],"wp:attachment":[{"href":"https:\/\/tollscout.eu\/da\/wp-json\/wp\/v2\/media?parent=7983"}],"curies":[{"name":"wp","href":"https:\/\/api.w.org\/{rel}","templated":true}]}}