{"id":7981,"date":"2023-08-25T12:00:01","date_gmt":"2023-08-25T10:00:01","guid":{"rendered":"https:\/\/tollscout.eu\/brenner-vejafgift-oestrig\/"},"modified":"2024-08-01T01:56:50","modified_gmt":"2024-07-31T23:56:50","slug":"brenner-vejafgift-oestrig","status":"publish","type":"page","link":"https:\/\/tollscout.eu\/da\/brenner-vejafgift-oestrig\/","title":{"rendered":"Brenner vejafgift \u00d8strig"},"content":{"rendered":"\n<div class=\"wp-block-uagb-container uagb-block-c1e2fce7 alignfull uagb-is-root-container\"><div class=\"uagb-container-inner-blocks-wrap\">\n<div class=\"wp-block-uagb-advanced-heading uagb-block-c767fabd\"><h1 class=\"uagb-heading-text\">Brenner vejafgift online \u00d8strig<\/h1><\/div>\n<\/div><\/div>\n\n<div class=\"wp-block-uagb-container uagb-block-03d628be alignfull uagb-is-root-container\"><div class=\"uagb-container-inner-blocks-wrap\">\n<div id=\"app\" data-context=\"at\"><\/div>\n<\/div><\/div>\n\n<div class=\"wp-block-uagb-container uagb-block-f356067b alignfull uagb-is-root-container\"><div class=\"uagb-container-inner-blocks-wrap\">\n<div class=\"wp-block-uagb-advanced-heading uagb-block-e02782db\"><h2 class=\"uagb-heading-text\">Brenner vejafgift online \u00d8strig<\/h2><p class=\"uagb-desc-text\">Brennermotorvejen A 13, en del af den europ\u00e6iske rute 45, str\u00e6kker sig gennem Tyrol og er en integreret del af Brennermotorvejen, som blev bygget i 1960&#8217;erne og regnes for en af de f\u00f8rste bjergmotorveje i verden. Det er den \u00f8strigske del af Brenner Autobahn. Den 5. april 1971 blev hun officielt \u00e5bnet for trafik mellem \u00d8strig og Italien. A 13 l\u00f8ber fra Innsbruck (afkrydsningspunktet Inntal Autobahn A 12) gennem Wipptal til Brennerpasset, som har udgjort gr\u00e6nsen mellem Italien og \u00d8strig siden 1920 i henhold til Saint-Germain-traktaten. Den efterf\u00f8lgende str\u00e6kning p\u00e5 italiensk territorium omtales som A 22, Brennermotorvejen\/Autostrada del Brennero eller blot Autobrennero.    <\/p><\/div>\n<\/div><\/div>\n\n<div class=\"wp-block-uagb-container uagb-block-7efd3c31 alignfull uagb-is-root-container\"><div class=\"uagb-container-inner-blocks-wrap\">\n<div class=\"wp-block-uagb-advanced-heading uagb-block-4602874c\"><h2 class=\"uagb-heading-text\">FAQ<\/h2><p class=\"uagb-desc-text\">Her besvarer vi alle sp\u00f8rgsm\u00e5l om Brenner Toll \u00d8strig.<\/p><\/div>\n\n\n<div class=\"wp-block-uagb-faq uagb-faq__outer-wrap uagb-block-4fe496d4 uagb-faq-icon-row-reverse uagb-faq-layout-accordion uagb-faq-expand-first-false uagb-faq-inactive-other-true uagb-faq__wrap uagb-buttons-layout-wrap uagb-faq-equal-height     \" data-faqtoggle=\"true\" role=\"tablist\"><div class=\"wp-block-uagb-faq-child uagb-faq-child__outer-wrap uagb-faq-item uagb-block-1a70522e \" role=\"tab\" tabindex=\"0\"><div class=\"uagb-faq-questions-button uagb-faq-questions\">\t\t\t<span class=\"uagb-icon uagb-faq-icon-wrap\">\n\t\t\t\t\t\t\t<\/span>\n\t\t\t\t\t\t<span class=\"uagb-icon-active uagb-faq-icon-wrap\">\n\t\t\t\t\t\t\t\t<svg xmlns=\"https:\/\/www.w3.org\/2000\/svg\" viewBox= \"0 0 320 512\"><path d=\"M9.39 265.4l127.1-128C143.6 131.1 151.8 128 160 128s16.38 3.125 22.63 9.375l127.1 128c9.156 9.156 11.9 22.91 6.943 34.88S300.9 320 287.1 320H32.01c-12.94 0-24.62-7.781-29.58-19.75S.2333 274.5 9.39 265.4z\"><\/path><\/svg>\n\t\t\t\t\t\t\t<\/span>\n\t\t\t<h3 class=\"uagb-question\">Hvor meget koster Brenner-vejafgiften i \u00d8strig? <\/h3><\/div><div class=\"uagb-faq-content\"><p>Vejafgifterne for Brenner-motorvejen (A13) kan variere afh\u00e6ngigt af k\u00f8ret\u00f8jstype, \u00e5rstid og ruteafsnit. Det er tilr\u00e5deligt at tjekke de aktuelle takster p\u00e5 operat\u00f8rens officielle hjemmeside eller ved betalingsanl\u00e6g, da de kan \u00e6ndres. Gebyrer beregnes typisk ud fra kilometertal og k\u00f8ret\u00f8jskategori, med forskellige priser, der g\u00e6lder for biler, autocampere, lastbiler og busser. Det er ogs\u00e5 muligt at bruge forskellige betalingsmuligheder s\u00e5som kontanter eller elektroniske bompengesystemer til at betale vejafgiften p\u00e5 Brennermotorvejen.   <\/p><\/div><\/div><div class=\"wp-block-uagb-faq-child uagb-faq-child__outer-wrap uagb-faq-item uagb-block-bd4b64b2 \" role=\"tab\" tabindex=\"0\"><div class=\"uagb-faq-questions-button uagb-faq-questions\">\t\t\t<span class=\"uagb-icon uagb-faq-icon-wrap\">\n\t\t\t\t\t\t\t<\/span>\n\t\t\t\t\t\t<span class=\"uagb-icon-active uagb-faq-icon-wrap\">\n\t\t\t\t\t\t\t\t<svg xmlns=\"https:\/\/www.w3.org\/2000\/svg\" viewBox= \"0 0 320 512\"><path d=\"M9.39 265.4l127.1-128C143.6 131.1 151.8 128 160 128s16.38 3.125 22.63 9.375l127.1 128c9.156 9.156 11.9 22.91 6.943 34.88S300.9 320 287.1 320H32.01c-12.94 0-24.62-7.781-29.58-19.75S.2333 274.5 9.39 265.4z\"><\/path><\/svg>\n\t\t\t\t\t\t\t<\/span>\n\t\t\t<h3 class=\"uagb-question\">Hvordan betaler du vejafgiften ved Brennerpasset? <\/h3><\/div><div class=\"uagb-faq-content\"><p>Den digitale vejafgift for den \u00f8strigske del af Brenner Autobahn A13 kan k\u00f8bes b\u00e5de online hos os og offline p\u00e5 betalings- og tankstationer. Onlinek\u00f8b er ikke muligt for den italienske del af Brenner-motorvejen A22. Det skyldes, at \u00d8strig og Italien har forskellige betalingssystemer. Af denne grund skal vejafgiften betales i betalingsanl\u00e6gget.   <\/p><\/div><\/div><div class=\"wp-block-uagb-faq-child uagb-faq-child__outer-wrap uagb-faq-item uagb-block-49ae175a \" role=\"tab\" tabindex=\"0\"><div class=\"uagb-faq-questions-button uagb-faq-questions\">\t\t\t<span class=\"uagb-icon uagb-faq-icon-wrap\">\n\t\t\t\t\t\t\t<\/span>\n\t\t\t\t\t\t<span class=\"uagb-icon-active uagb-faq-icon-wrap\">\n\t\t\t\t\t\t\t\t<svg xmlns=\"https:\/\/www.w3.org\/2000\/svg\" viewBox= \"0 0 320 512\"><path d=\"M9.39 265.4l127.1-128C143.6 131.1 151.8 128 160 128s16.38 3.125 22.63 9.375l127.1 128c9.156 9.156 11.9 22.91 6.943 34.88S300.9 320 287.1 320H32.01c-12.94 0-24.62-7.781-29.58-19.75S.2333 274.5 9.39 265.4z\"><\/path><\/svg>\n\t\t\t\t\t\t\t<\/span>\n\t\t\t<h3 class=\"uagb-question\">Hvor betales Brenner-afgiften?<\/h3><\/div><div class=\"uagb-faq-content\"><p>Vejafgiften p\u00e5 den italienske del af Brennermotorvejen, <a href=\"https:\/\/de.wikipedia.org\/wiki\/Autostrada_A22\">Autostrada A22<\/a>, betales p\u00e5 betalingsstationer langs motorvejen. Chauff\u00f8rer skal betale et gebyr p\u00e5 disse stationer for at bruge motorvejen. Der er ingen mulighed for at betale online eller forudbetale vejafgiften. Ruteafgiften for den <a href=\"https:\/\/de.wikipedia.org\/wiki\/Brenner_Autobahn\">\u00f8strigske del af Brenner Autobahn A13<\/a> kan k\u00f8bes b\u00e5de offline og online i vores online shop.   <\/p><\/div><\/div><div class=\"wp-block-uagb-faq-child uagb-faq-child__outer-wrap uagb-faq-item uagb-block-c7b6f203 \" role=\"tab\" tabindex=\"0\"><div class=\"uagb-faq-questions-button uagb-faq-questions\">\t\t\t<span class=\"uagb-icon uagb-faq-icon-wrap\">\n\t\t\t\t\t\t\t<\/span>\n\t\t\t\t\t\t<span class=\"uagb-icon-active uagb-faq-icon-wrap\">\n\t\t\t\t\t\t\t\t<svg xmlns=\"https:\/\/www.w3.org\/2000\/svg\" viewBox= \"0 0 320 512\"><path d=\"M9.39 265.4l127.1-128C143.6 131.1 151.8 128 160 128s16.38 3.125 22.63 9.375l127.1 128c9.156 9.156 11.9 22.91 6.943 34.88S300.9 320 287.1 320H32.01c-12.94 0-24.62-7.781-29.58-19.75S.2333 274.5 9.39 265.4z\"><\/path><\/svg>\n\t\t\t\t\t\t\t<\/span>\n\t\t\t<h3 class=\"uagb-question\">Hvilken vignet eller vejafgift skal jeg bruge til Brenner?<\/h3><\/div><div class=\"uagb-faq-content\"><p>Hvilke vignetter og\/eller vejafgifter, der kr\u00e6ves til Brennerpasset, afh\u00e6nger af start og destination. Afh\u00e6ngigt af hvilket hj\u00f8rne af Europa du \u00f8nsker at n\u00e5 destinationer efter Brenner, er de n\u00f8dvendige vignetter og vejafgifter forskellige. Du kan k\u00f8be <a href=\"https:\/\/tollscout.eu\/digitale-vignette-oestehttps:\/\/tollscout.eu\/digitale-vignette-oesterreich-online\/rreich-online\/\">vignetter til \u00d8strig<\/a>, Slovenien, Schweiz, Rum\u00e6nien, Bulgarien, Slovakiet, Ungarn og Tjekkiet i vores online shop. Vejafgifter for \u00d8strig er ogs\u00e5 tilg\u00e6ngelige hos os.    <\/p><\/div><\/div><div class=\"wp-block-uagb-faq-child uagb-faq-child__outer-wrap uagb-faq-item uagb-block-66a7673f \" role=\"tab\" tabindex=\"0\"><div class=\"uagb-faq-questions-button uagb-faq-questions\">\t\t\t<span class=\"uagb-icon uagb-faq-icon-wrap\">\n\t\t\t\t\t\t\t<\/span>\n\t\t\t\t\t\t<span class=\"uagb-icon-active uagb-faq-icon-wrap\">\n\t\t\t\t\t\t\t\t<svg xmlns=\"https:\/\/www.w3.org\/2000\/svg\" viewBox= \"0 0 320 512\"><path d=\"M9.39 265.4l127.1-128C143.6 131.1 151.8 128 160 128s16.38 3.125 22.63 9.375l127.1 128c9.156 9.156 11.9 22.91 6.943 34.88S300.9 320 287.1 320H32.01c-12.94 0-24.62-7.781-29.58-19.75S.2333 274.5 9.39 265.4z\"><\/path><\/svg>\n\t\t\t\t\t\t\t<\/span>\n\t\t\t<h3 class=\"uagb-question\">Hvor meget koster Brenner-afgiften til Bolzano?<\/h3><\/div><div class=\"uagb-faq-content\"><p>Det er ikke muligt generelt at sige, hvad vejafgiften bliver over Brennerpasset til Bolzano, da det afh\u00e6nger af, hvor du kommer fra. K\u00f8rer du fra Tyskland eller \u00d8strig via Brennerpasset mod Bolzano, skal du som regel betale en \u00f8strigsk vignet samt vejafgifter for den \u00f8strigske del af Brenner Autobahn A13 og den italienske Brenner Autobahn A22.  <\/p><\/div><\/div><div class=\"wp-block-uagb-faq-child uagb-faq-child__outer-wrap uagb-faq-item uagb-block-fe87bb9c \" role=\"tab\" tabindex=\"0\"><div class=\"uagb-faq-questions-button uagb-faq-questions\">\t\t\t<span class=\"uagb-icon uagb-faq-icon-wrap\">\n\t\t\t\t\t\t\t<\/span>\n\t\t\t\t\t\t<span class=\"uagb-icon-active uagb-faq-icon-wrap\">\n\t\t\t\t\t\t\t\t<svg xmlns=\"https:\/\/www.w3.org\/2000\/svg\" viewBox= \"0 0 320 512\"><path d=\"M9.39 265.4l127.1-128C143.6 131.1 151.8 128 160 128s16.38 3.125 22.63 9.375l127.1 128c9.156 9.156 11.9 22.91 6.943 34.88S300.9 320 287.1 320H32.01c-12.94 0-24.62-7.781-29.58-19.75S.2333 274.5 9.39 265.4z\"><\/path><\/svg>\n\t\t\t\t\t\t\t<\/span>\n\t\t\t<h3 class=\"uagb-question\">Hvor meget vejafgift betaler du til Gardas\u00f8en?<\/h3><\/div><div class=\"uagb-faq-content\"><p>Hvad ang\u00e5r vejafgiften over Brennerpasset til Gardas\u00f8en, er der ikke noget generelt svar, da det afh\u00e6nger af, hvilken retning du kommer fra. K\u00f8rer du fra Tyskland eller \u00d8strig over Brennerpasset mod Gardas\u00f8en, skal du som regel betale en \u00f8strigsk vignet samt vejafgifter for den \u00f8strigske del af Brenner Autobahn A13 og den italienske Brenner Autobahn A22. <\/p><\/div><\/div><\/div><\/div><\/div>\n","protected":false},"excerpt":{"rendered":"<p>Brenner vejafgift online \u00d8strig Brenner vejafgift online \u00d8strig Brennermotorvejen A 13, en del af den europ\u00e6iske rute 45, str\u00e6kker sig [&hellip;]<\/p>\n","protected":false},"author":2,"featured_media":0,"parent":0,"menu_order":0,"comment_status":"closed","ping_status":"closed","template":"","meta":{"_uag_custom_page_level_css":"","site-sidebar-layout":"no-sidebar","site-content-layout":"","ast-site-content-layout":"normal-width-container","site-content-style":"unboxed","site-sidebar-style":"unboxed","ast-global-header-display":"","ast-banner-title-visibility":"","ast-main-header-display":"","ast-hfb-above-header-display":"","ast-hfb-below-header-display":"","ast-hfb-mobile-header-display":"","site-post-title":"disabled","ast-breadcrumbs-content":"","ast-featured-img":"","footer-sml-layout":"","ast-disable-related-posts":"","theme-transparent-header-meta":"enabled","adv-header-id-meta":"","stick-header-meta":"","header-above-stick-meta":"","header-main-stick-meta":"","header-below-stick-meta":"","astra-migrate-meta-layouts":"default","ast-page-background-enabled":"default","ast-page-background-meta":{"desktop":{"background-color":"var(--ast-global-color-5)","background-image":"","background-repeat":"repeat","background-position":"center center","background-size":"auto","background-attachment":"scroll","background-type":"","background-media":"","overlay-type":"","overlay-color":"","overlay-opacity":"","overlay-gradient":""},"tablet":{"background-color":"","background-image":"","background-repeat":"repeat","background-position":"center center","background-size":"auto","background-attachment":"scroll","background-type":"","background-media":"","overlay-type":"","overlay-color":"","overlay-opacity":"","overlay-gradient":""},"mobile":{"background-color":"","background-image":"","background-repeat":"repeat","background-position":"center center","background-size":"auto","background-attachment":"scroll","background-type":"","background-media":"","overlay-type":"","overlay-color":"","overlay-opacity":"","overlay-gradient":""}},"ast-content-background-meta":{"desktop":{"background-color":"var(--ast-global-color-4)","background-image":"","background-repeat":"repeat","background-position":"center center","background-size":"auto","background-attachment":"scroll","background-type":"","background-media":"","overlay-type":"","overlay-color":"","overlay-opacity":"","overlay-gradient":""},"tablet":{"background-color":"var(--ast-global-color-4)","background-image":"","background-repeat":"repeat","background-position":"center center","background-size":"auto","background-attachment":"scroll","background-type":"","background-media":"","overlay-type":"","overlay-color":"","overlay-opacity":"","overlay-gradient":""},"mobile":{"background-color":"var(--ast-global-color-4)","background-image":"","background-repeat":"repeat","background-position":"center center","background-size":"auto","background-attachment":"scroll","background-type":"","background-media":"","overlay-type":"","overlay-color":"","overlay-opacity":"","overlay-gradient":""}},"footnotes":""},"class_list":["post-7981","page","type-page","status-publish","hentry"],"yoast_head":"<!-- This site is optimized with the Yoast SEO plugin v27.1.1 - https:\/\/yoast.com\/product\/yoast-seo-wordpress\/ -->\n<title>Brenner vejafgift Online \u00d8strig - G\u00e6lder med det samme<\/title>\n<meta name=\"description\" content=\"Brenner vejafgift online \u00d8strig. K\u00f8b den digitale vejafgift for A13 Brenner-motorvejen hurtigt og nemt online. G\u00e6lder med det samme.\" \/>\n<meta name=\"robots\" content=\"index, follow, max-snippet:-1, max-image-preview:large, max-video-preview:-1\" \/>\n<link rel=\"canonical\" href=\"https:\/\/tollscout.eu\/da\/brenner-vejafgift-oestrig\/\" \/>\n<meta property=\"og:locale\" content=\"da_DK\" \/>\n<meta property=\"og:type\" content=\"article\" \/>\n<meta property=\"og:title\" content=\"Brenner vejafgift Online \u00d8strig - G\u00e6lder med det samme\" \/>\n<meta property=\"og:description\" content=\"Brenner vejafgift online \u00d8strig. K\u00f8b den digitale vejafgift for A13 Brenner-motorvejen hurtigt og nemt online. G\u00e6lder med det samme.\" \/>\n<meta property=\"og:url\" content=\"https:\/\/tollscout.eu\/da\/brenner-vejafgift-oestrig\/\" \/>\n<meta property=\"og:site_name\" content=\"Tollscout\u00ae\" \/>\n<meta property=\"article:publisher\" content=\"https:\/\/facebook.com\/tollscout\" \/>\n<meta property=\"article:modified_time\" content=\"2024-07-31T23:56:50+00:00\" \/>\n<meta property=\"og:image\" content=\"https:\/\/tollscout.eu\/wp-content\/uploads\/2023\/08\/logo_color_360x92px.png\" \/>\n<meta name=\"twitter:card\" content=\"summary_large_image\" \/>\n<meta name=\"twitter:image\" content=\"https:\/\/tollscout.eu\/wp-content\/uploads\/2023\/08\/logo_color_360x92px.png\" \/>\n<meta name=\"twitter:site\" content=\"@tollscout\" \/>\n<meta name=\"twitter:label1\" content=\"Estimeret l\u00e6setid\" \/>\n\t<meta name=\"twitter:data1\" content=\"1 minut\" \/>\n<script type=\"application\/ld+json\" class=\"yoast-schema-graph\">{\"@context\":\"https:\/\/schema.org\",\"@graph\":[{\"@type\":\"WebPage\",\"@id\":\"https:\/\/tollscout.eu\/da\/brenner-vejafgift-oestrig\/\",\"url\":\"https:\/\/tollscout.eu\/da\/brenner-vejafgift-oestrig\/\",\"name\":\"Brenner vejafgift Online \u00d8strig - G\u00e6lder med det samme\",\"isPartOf\":{\"@id\":\"https:\/\/tollscout.eu\/da\/#website\"},\"datePublished\":\"2023-08-25T10:00:01+00:00\",\"dateModified\":\"2024-07-31T23:56:50+00:00\",\"description\":\"Brenner vejafgift online \u00d8strig. K\u00f8b den digitale vejafgift for A13 Brenner-motorvejen hurtigt og nemt online. G\u00e6lder med det samme.\",\"breadcrumb\":{\"@id\":\"https:\/\/tollscout.eu\/da\/brenner-vejafgift-oestrig\/#breadcrumb\"},\"inLanguage\":\"da-DK\",\"potentialAction\":[{\"@type\":\"ReadAction\",\"target\":[\"https:\/\/tollscout.eu\/da\/brenner-vejafgift-oestrig\/\"]}]},{\"@type\":\"BreadcrumbList\",\"@id\":\"https:\/\/tollscout.eu\/da\/brenner-vejafgift-oestrig\/#breadcrumb\",\"itemListElement\":[{\"@type\":\"ListItem\",\"position\":1,\"name\":\"Startseite\",\"item\":\"https:\/\/tollscout.eu\/da\/\"},{\"@type\":\"ListItem\",\"position\":2,\"name\":\"Brenner vejafgift \u00d8strig\"}]},{\"@type\":\"WebSite\",\"@id\":\"https:\/\/tollscout.eu\/da\/#website\",\"url\":\"https:\/\/tollscout.eu\/da\/\",\"name\":\"Tollscout\u00ae\",\"description\":\"\",\"publisher\":{\"@id\":\"https:\/\/tollscout.eu\/da\/#organization\"},\"potentialAction\":[{\"@type\":\"SearchAction\",\"target\":{\"@type\":\"EntryPoint\",\"urlTemplate\":\"https:\/\/tollscout.eu\/da\/?s={search_term_string}\"},\"query-input\":{\"@type\":\"PropertyValueSpecification\",\"valueRequired\":true,\"valueName\":\"search_term_string\"}}],\"inLanguage\":\"da-DK\"},{\"@type\":\"Organization\",\"@id\":\"https:\/\/tollscout.eu\/da\/#organization\",\"name\":\"TollScout\",\"alternateName\":\"TollScout\",\"url\":\"https:\/\/tollscout.eu\/da\/\",\"logo\":{\"@type\":\"ImageObject\",\"inLanguage\":\"da-DK\",\"@id\":\"https:\/\/tollscout.eu\/da\/#\/schema\/logo\/image\/\",\"url\":\"https:\/\/tollscout.eu\/wp-content\/uploads\/2023\/11\/logo_social_media_1024.png\",\"contentUrl\":\"https:\/\/tollscout.eu\/wp-content\/uploads\/2023\/11\/logo_social_media_1024.png\",\"width\":1024,\"height\":1024,\"caption\":\"TollScout\"},\"image\":{\"@id\":\"https:\/\/tollscout.eu\/da\/#\/schema\/logo\/image\/\"},\"sameAs\":[\"https:\/\/facebook.com\/tollscout\",\"https:\/\/x.com\/tollscout\",\"https:\/\/instagram.com\/tollscout\"]}]}<\/script>\n<!-- \/ Yoast SEO plugin. -->","yoast_head_json":{"title":"Brenner vejafgift Online \u00d8strig - G\u00e6lder med det samme","description":"Brenner vejafgift online \u00d8strig. K\u00f8b den digitale vejafgift for A13 Brenner-motorvejen hurtigt og nemt online. G\u00e6lder med det samme.","robots":{"index":"index","follow":"follow","max-snippet":"max-snippet:-1","max-image-preview":"max-image-preview:large","max-video-preview":"max-video-preview:-1"},"canonical":"https:\/\/tollscout.eu\/da\/brenner-vejafgift-oestrig\/","og_locale":"da_DK","og_type":"article","og_title":"Brenner vejafgift Online \u00d8strig - G\u00e6lder med det samme","og_description":"Brenner vejafgift online \u00d8strig. K\u00f8b den digitale vejafgift for A13 Brenner-motorvejen hurtigt og nemt online. G\u00e6lder med det samme.","og_url":"https:\/\/tollscout.eu\/da\/brenner-vejafgift-oestrig\/","og_site_name":"Tollscout\u00ae","article_publisher":"https:\/\/facebook.com\/tollscout","article_modified_time":"2024-07-31T23:56:50+00:00","og_image":[{"url":"https:\/\/tollscout.eu\/wp-content\/uploads\/2023\/08\/logo_color_360x92px.png","type":"","width":"","height":""}],"twitter_card":"summary_large_image","twitter_image":"https:\/\/tollscout.eu\/wp-content\/uploads\/2023\/08\/logo_color_360x92px.png","twitter_site":"@tollscout","twitter_misc":{"Estimeret l\u00e6setid":"1 minut"},"schema":{"@context":"https:\/\/schema.org","@graph":[{"@type":"WebPage","@id":"https:\/\/tollscout.eu\/da\/brenner-vejafgift-oestrig\/","url":"https:\/\/tollscout.eu\/da\/brenner-vejafgift-oestrig\/","name":"Brenner vejafgift Online \u00d8strig - G\u00e6lder med det samme","isPartOf":{"@id":"https:\/\/tollscout.eu\/da\/#website"},"datePublished":"2023-08-25T10:00:01+00:00","dateModified":"2024-07-31T23:56:50+00:00","description":"Brenner vejafgift online \u00d8strig. K\u00f8b den digitale vejafgift for A13 Brenner-motorvejen hurtigt og nemt online. G\u00e6lder med det samme.","breadcrumb":{"@id":"https:\/\/tollscout.eu\/da\/brenner-vejafgift-oestrig\/#breadcrumb"},"inLanguage":"da-DK","potentialAction":[{"@type":"ReadAction","target":["https:\/\/tollscout.eu\/da\/brenner-vejafgift-oestrig\/"]}]},{"@type":"BreadcrumbList","@id":"https:\/\/tollscout.eu\/da\/brenner-vejafgift-oestrig\/#breadcrumb","itemListElement":[{"@type":"ListItem","position":1,"name":"Startseite","item":"https:\/\/tollscout.eu\/da\/"},{"@type":"ListItem","position":2,"name":"Brenner vejafgift \u00d8strig"}]},{"@type":"WebSite","@id":"https:\/\/tollscout.eu\/da\/#website","url":"https:\/\/tollscout.eu\/da\/","name":"Tollscout\u00ae","description":"","publisher":{"@id":"https:\/\/tollscout.eu\/da\/#organization"},"potentialAction":[{"@type":"SearchAction","target":{"@type":"EntryPoint","urlTemplate":"https:\/\/tollscout.eu\/da\/?s={search_term_string}"},"query-input":{"@type":"PropertyValueSpecification","valueRequired":true,"valueName":"search_term_string"}}],"inLanguage":"da-DK"},{"@type":"Organization","@id":"https:\/\/tollscout.eu\/da\/#organization","name":"TollScout","alternateName":"TollScout","url":"https:\/\/tollscout.eu\/da\/","logo":{"@type":"ImageObject","inLanguage":"da-DK","@id":"https:\/\/tollscout.eu\/da\/#\/schema\/logo\/image\/","url":"https:\/\/tollscout.eu\/wp-content\/uploads\/2023\/11\/logo_social_media_1024.png","contentUrl":"https:\/\/tollscout.eu\/wp-content\/uploads\/2023\/11\/logo_social_media_1024.png","width":1024,"height":1024,"caption":"TollScout"},"image":{"@id":"https:\/\/tollscout.eu\/da\/#\/schema\/logo\/image\/"},"sameAs":["https:\/\/facebook.com\/tollscout","https:\/\/x.com\/tollscout","https:\/\/instagram.com\/tollscout"]}]}},"uagb_featured_image_src":{"full":false,"thumbnail":false,"medium":false,"medium_large":false,"large":false,"1536x1536":false,"2048x2048":false,"gform-image-choice-sm":false,"gform-image-choice-md":false,"gform-image-choice-lg":false},"uagb_author_info":{"display_name":"Tollscout","author_link":"https:\/\/tollscout.eu\/da\/author\/m-hemm\/"},"uagb_comment_info":0,"uagb_excerpt":"Brenner vejafgift online \u00d8strig Brenner vejafgift online \u00d8strig Brennermotorvejen A 13, en del af den europ\u00e6iske rute 45, str\u00e6kker sig [&hellip;]","_links":{"self":[{"href":"https:\/\/tollscout.eu\/da\/wp-json\/wp\/v2\/pages\/7981","targetHints":{"allow":["GET"]}}],"collection":[{"href":"https:\/\/tollscout.eu\/da\/wp-json\/wp\/v2\/pages"}],"about":[{"href":"https:\/\/tollscout.eu\/da\/wp-json\/wp\/v2\/types\/page"}],"author":[{"embeddable":true,"href":"https:\/\/tollscout.eu\/da\/wp-json\/wp\/v2\/users\/2"}],"replies":[{"embeddable":true,"href":"https:\/\/tollscout.eu\/da\/wp-json\/wp\/v2\/comments?post=7981"}],"version-history":[{"count":2,"href":"https:\/\/tollscout.eu\/da\/wp-json\/wp\/v2\/pages\/7981\/revisions"}],"predecessor-version":[{"id":9107,"href":"https:\/\/tollscout.eu\/da\/wp-json\/wp\/v2\/pages\/7981\/revisions\/9107"}],"wp:attachment":[{"href":"https:\/\/tollscout.eu\/da\/wp-json\/wp\/v2\/media?parent=7981"}],"curies":[{"name":"wp","href":"https:\/\/api.w.org\/{rel}","templated":true}]}}