{"id":9502,"date":"2024-08-06T12:17:44","date_gmt":"2024-08-06T10:17:44","guid":{"rendered":"https:\/\/tollscout.eu\/newsletter\/"},"modified":"2024-08-07T12:37:40","modified_gmt":"2024-08-07T10:37:40","slug":"newsletter","status":"publish","type":"page","link":"https:\/\/tollscout.eu\/cs\/newsletter\/","title":{"rendered":"Newsletter"},"content":{"rendered":"\n<div class=\"wp-block-uagb-container uagb-block-c1e2fce7 alignfull uagb-is-root-container\"><div class=\"uagb-container-inner-blocks-wrap\">\n<div class=\"wp-block-uagb-advanced-heading uagb-block-c767fabd\"><h1 class=\"uagb-heading-text\">Informa\u010dn\u00ed bulletin vin\u011bt<\/h1><\/div>\n<\/div><\/div>\n\n<div class=\"wp-block-uagb-container uagb-block-f356067b alignfull uagb-is-root-container\"><div class=\"uagb-container-inner-blocks-wrap\">\n<div class=\"wp-block-uagb-advanced-heading uagb-block-e02782db\"><h2 class=\"uagb-heading-text\">P\u0159ihlaste se k odb\u011bru na\u0161eho newsletteru!<\/h2><\/div>\n<\/div><\/div>\n\n<div class=\"wp-block-uagb-container uagb-block-e15c9e9d alignfull uagb-is-root-container\"><div class=\"uagb-container-inner-blocks-wrap\">\n<div id=\"app\" data-context=\"newsletterSignup\"><\/div>\n<\/div><\/div>\n\n<div class=\"wp-block-uagb-container uagb-block-e14bf70a alignfull uagb-is-root-container\"><div class=\"uagb-container-inner-blocks-wrap\">\n<p>S na\u0161\u00edm informa\u010dn\u00edm bulletinem budete v\u017edy aktu\u00e1ln\u00ed. Budeme v\u00e1s informovat o zm\u011bn\u00e1ch a inovac\u00edch na\u0161ich slu\u017eeb a tak\u00e9 ofici\u00e1ln\u00edch m\u00fdtn\u00fdch \u00fa\u0159ad\u016f v p\u0159\u00edslu\u0161n\u00fdch zem\u00edch.  <br\/><br\/>Respektujeme va\u0161i touhu po smyslupln\u00e9m obsahu a informac\u00edch. Spamu se proto nemus\u00edte b\u00e1t.  <br\/><br\/>Z\u00e1le\u017e\u00ed n\u00e1m tak\u00e9 na ochran\u011b dat. S \u00fadaji, kter\u00e9 poskytnete, bude nakl\u00e1d\u00e1no jako s p\u0159\u00edsn\u011b d\u016fv\u011brn\u00fdmi. Va\u0161e e-mailov\u00e1 adresa nebude pou\u017eita k \u017e\u00e1dn\u00e9mu jin\u00e9mu \u00fa\u010delu ani p\u0159ed\u00e1na t\u0159et\u00edm stran\u00e1m.   <\/p>\n<\/div><\/div>\n","protected":false},"excerpt":{"rendered":"<p>Informa\u010dn\u00ed bulletin vin\u011bt P\u0159ihlaste se k odb\u011bru na\u0161eho newsletteru! S na\u0161\u00edm informa\u010dn\u00edm bulletinem budete v\u017edy aktu\u00e1ln\u00ed. Budeme v\u00e1s informovat o [&hellip;]<\/p>\n","protected":false},"author":2,"featured_media":0,"parent":0,"menu_order":0,"comment_status":"closed","ping_status":"closed","template":"","meta":{"_uag_custom_page_level_css":"","site-sidebar-layout":"no-sidebar","site-content-layout":"","ast-site-content-layout":"normal-width-container","site-content-style":"unboxed","site-sidebar-style":"unboxed","ast-global-header-display":"","ast-banner-title-visibility":"","ast-main-header-display":"","ast-hfb-above-header-display":"","ast-hfb-below-header-display":"","ast-hfb-mobile-header-display":"","site-post-title":"disabled","ast-breadcrumbs-content":"","ast-featured-img":"","footer-sml-layout":"","ast-disable-related-posts":"","theme-transparent-header-meta":"enabled","adv-header-id-meta":"","stick-header-meta":"","header-above-stick-meta":"","header-main-stick-meta":"","header-below-stick-meta":"","astra-migrate-meta-layouts":"default","ast-page-background-enabled":"default","ast-page-background-meta":{"desktop":{"background-color":"var(--ast-global-color-5)","background-image":"","background-repeat":"repeat","background-position":"center center","background-size":"auto","background-attachment":"scroll","background-type":"","background-media":"","overlay-type":"","overlay-color":"","overlay-opacity":"","overlay-gradient":""},"tablet":{"background-color":"","background-image":"","background-repeat":"repeat","background-position":"center center","background-size":"auto","background-attachment":"scroll","background-type":"","background-media":"","overlay-type":"","overlay-color":"","overlay-opacity":"","overlay-gradient":""},"mobile":{"background-color":"","background-image":"","background-repeat":"repeat","background-position":"center center","background-size":"auto","background-attachment":"scroll","background-type":"","background-media":"","overlay-type":"","overlay-color":"","overlay-opacity":"","overlay-gradient":""}},"ast-content-background-meta":{"desktop":{"background-color":"var(--ast-global-color-4)","background-image":"","background-repeat":"repeat","background-position":"center center","background-size":"auto","background-attachment":"scroll","background-type":"","background-media":"","overlay-type":"","overlay-color":"","overlay-opacity":"","overlay-gradient":""},"tablet":{"background-color":"var(--ast-global-color-4)","background-image":"","background-repeat":"repeat","background-position":"center center","background-size":"auto","background-attachment":"scroll","background-type":"","background-media":"","overlay-type":"","overlay-color":"","overlay-opacity":"","overlay-gradient":""},"mobile":{"background-color":"var(--ast-global-color-4)","background-image":"","background-repeat":"repeat","background-position":"center center","background-size":"auto","background-attachment":"scroll","background-type":"","background-media":"","overlay-type":"","overlay-color":"","overlay-opacity":"","overlay-gradient":""}},"footnotes":""},"class_list":["post-9502","page","type-page","status-publish","hentry"],"yoast_head":"<!-- This site is optimized with the Yoast SEO plugin v27.1.1 - https:\/\/yoast.com\/product\/yoast-seo-wordpress\/ -->\n<title>Vignette bulletin- informace k t\u00e9matu digit\u00e1ln\u00edch vin\u011bt<\/title>\n<meta name=\"description\" content=\"P\u0159ihlaste se k odb\u011bru na\u0161eho informa\u010dn\u00edho bulletinu a z\u00edskejte aktu\u00e1ln\u00ed informace o digit\u00e1ln\u00edch d\u00e1lni\u010dn\u00edch zn\u00e1mk\u00e1ch a m\u00fdtn\u00e9m v Evrop\u011b.\" \/>\n<meta name=\"robots\" content=\"index, follow, max-snippet:-1, max-image-preview:large, max-video-preview:-1\" \/>\n<link rel=\"canonical\" href=\"https:\/\/tollscout.eu\/cs\/newsletter\/\" \/>\n<meta property=\"og:locale\" content=\"cs_CZ\" \/>\n<meta property=\"og:type\" content=\"article\" \/>\n<meta property=\"og:title\" content=\"Vignette bulletin- informace k t\u00e9matu digit\u00e1ln\u00edch vin\u011bt\" \/>\n<meta property=\"og:description\" content=\"P\u0159ihlaste se k odb\u011bru na\u0161eho informa\u010dn\u00edho bulletinu a z\u00edskejte aktu\u00e1ln\u00ed informace o digit\u00e1ln\u00edch d\u00e1lni\u010dn\u00edch zn\u00e1mk\u00e1ch a m\u00fdtn\u00e9m v Evrop\u011b.\" \/>\n<meta property=\"og:url\" content=\"https:\/\/tollscout.eu\/cs\/newsletter\/\" \/>\n<meta property=\"og:site_name\" content=\"Tollscout\u00ae\" \/>\n<meta property=\"article:publisher\" content=\"https:\/\/facebook.com\/tollscout\" \/>\n<meta property=\"article:modified_time\" content=\"2024-08-07T10:37:40+00:00\" \/>\n<meta property=\"og:image\" content=\"https:\/\/tollscout.eu\/wp-content\/uploads\/2023\/08\/logo_color_360x92px.png\" \/>\n\t<meta property=\"og:image:width\" content=\"360\" \/>\n\t<meta property=\"og:image:height\" content=\"92\" \/>\n\t<meta property=\"og:image:type\" content=\"image\/png\" \/>\n<meta name=\"twitter:card\" content=\"summary_large_image\" \/>\n<meta name=\"twitter:site\" content=\"@tollscout\" \/>\n<meta name=\"twitter:label1\" content=\"Odhadovan\u00e1 doba \u010dten\u00ed\" \/>\n\t<meta name=\"twitter:data1\" content=\"1 minuta\" \/>\n<script type=\"application\/ld+json\" class=\"yoast-schema-graph\">{\"@context\":\"https:\/\/schema.org\",\"@graph\":[{\"@type\":\"WebPage\",\"@id\":\"https:\/\/tollscout.eu\/cs\/newsletter\/\",\"url\":\"https:\/\/tollscout.eu\/cs\/newsletter\/\",\"name\":\"Vignette bulletin- informace k t\u00e9matu digit\u00e1ln\u00edch vin\u011bt\",\"isPartOf\":{\"@id\":\"https:\/\/tollscout.eu\/cs\/#website\"},\"datePublished\":\"2024-08-06T10:17:44+00:00\",\"dateModified\":\"2024-08-07T10:37:40+00:00\",\"description\":\"P\u0159ihlaste se k odb\u011bru na\u0161eho informa\u010dn\u00edho bulletinu a z\u00edskejte aktu\u00e1ln\u00ed informace o digit\u00e1ln\u00edch d\u00e1lni\u010dn\u00edch zn\u00e1mk\u00e1ch a m\u00fdtn\u00e9m v Evrop\u011b.\",\"breadcrumb\":{\"@id\":\"https:\/\/tollscout.eu\/cs\/newsletter\/#breadcrumb\"},\"inLanguage\":\"cs\",\"potentialAction\":[{\"@type\":\"ReadAction\",\"target\":[\"https:\/\/tollscout.eu\/cs\/newsletter\/\"]}]},{\"@type\":\"BreadcrumbList\",\"@id\":\"https:\/\/tollscout.eu\/cs\/newsletter\/#breadcrumb\",\"itemListElement\":[{\"@type\":\"ListItem\",\"position\":1,\"name\":\"Startseite\",\"item\":\"https:\/\/tollscout.eu\/cs\/\"},{\"@type\":\"ListItem\",\"position\":2,\"name\":\"Newsletter\"}]},{\"@type\":\"WebSite\",\"@id\":\"https:\/\/tollscout.eu\/cs\/#website\",\"url\":\"https:\/\/tollscout.eu\/cs\/\",\"name\":\"Tollscout\u00ae\",\"description\":\"\",\"publisher\":{\"@id\":\"https:\/\/tollscout.eu\/cs\/#organization\"},\"potentialAction\":[{\"@type\":\"SearchAction\",\"target\":{\"@type\":\"EntryPoint\",\"urlTemplate\":\"https:\/\/tollscout.eu\/cs\/?s={search_term_string}\"},\"query-input\":{\"@type\":\"PropertyValueSpecification\",\"valueRequired\":true,\"valueName\":\"search_term_string\"}}],\"inLanguage\":\"cs\"},{\"@type\":\"Organization\",\"@id\":\"https:\/\/tollscout.eu\/cs\/#organization\",\"name\":\"TollScout\",\"alternateName\":\"TollScout\",\"url\":\"https:\/\/tollscout.eu\/cs\/\",\"logo\":{\"@type\":\"ImageObject\",\"inLanguage\":\"cs\",\"@id\":\"https:\/\/tollscout.eu\/cs\/#\/schema\/logo\/image\/\",\"url\":\"https:\/\/tollscout.eu\/wp-content\/uploads\/2023\/11\/logo_social_media_1024.png\",\"contentUrl\":\"https:\/\/tollscout.eu\/wp-content\/uploads\/2023\/11\/logo_social_media_1024.png\",\"width\":1024,\"height\":1024,\"caption\":\"TollScout\"},\"image\":{\"@id\":\"https:\/\/tollscout.eu\/cs\/#\/schema\/logo\/image\/\"},\"sameAs\":[\"https:\/\/facebook.com\/tollscout\",\"https:\/\/x.com\/tollscout\",\"https:\/\/instagram.com\/tollscout\"]}]}<\/script>\n<!-- \/ Yoast SEO plugin. -->","yoast_head_json":{"title":"Vignette bulletin- informace k t\u00e9matu digit\u00e1ln\u00edch vin\u011bt","description":"P\u0159ihlaste se k odb\u011bru na\u0161eho informa\u010dn\u00edho bulletinu a z\u00edskejte aktu\u00e1ln\u00ed informace o digit\u00e1ln\u00edch d\u00e1lni\u010dn\u00edch zn\u00e1mk\u00e1ch a m\u00fdtn\u00e9m v Evrop\u011b.","robots":{"index":"index","follow":"follow","max-snippet":"max-snippet:-1","max-image-preview":"max-image-preview:large","max-video-preview":"max-video-preview:-1"},"canonical":"https:\/\/tollscout.eu\/cs\/newsletter\/","og_locale":"cs_CZ","og_type":"article","og_title":"Vignette bulletin- informace k t\u00e9matu digit\u00e1ln\u00edch vin\u011bt","og_description":"P\u0159ihlaste se k odb\u011bru na\u0161eho informa\u010dn\u00edho bulletinu a z\u00edskejte aktu\u00e1ln\u00ed informace o digit\u00e1ln\u00edch d\u00e1lni\u010dn\u00edch zn\u00e1mk\u00e1ch a m\u00fdtn\u00e9m v Evrop\u011b.","og_url":"https:\/\/tollscout.eu\/cs\/newsletter\/","og_site_name":"Tollscout\u00ae","article_publisher":"https:\/\/facebook.com\/tollscout","article_modified_time":"2024-08-07T10:37:40+00:00","og_image":[{"width":360,"height":92,"url":"https:\/\/tollscout.eu\/wp-content\/uploads\/2023\/08\/logo_color_360x92px.png","type":"image\/png"}],"twitter_card":"summary_large_image","twitter_site":"@tollscout","twitter_misc":{"Odhadovan\u00e1 doba \u010dten\u00ed":"1 minuta"},"schema":{"@context":"https:\/\/schema.org","@graph":[{"@type":"WebPage","@id":"https:\/\/tollscout.eu\/cs\/newsletter\/","url":"https:\/\/tollscout.eu\/cs\/newsletter\/","name":"Vignette bulletin- informace k t\u00e9matu digit\u00e1ln\u00edch vin\u011bt","isPartOf":{"@id":"https:\/\/tollscout.eu\/cs\/#website"},"datePublished":"2024-08-06T10:17:44+00:00","dateModified":"2024-08-07T10:37:40+00:00","description":"P\u0159ihlaste se k odb\u011bru na\u0161eho informa\u010dn\u00edho bulletinu a z\u00edskejte aktu\u00e1ln\u00ed informace o digit\u00e1ln\u00edch d\u00e1lni\u010dn\u00edch zn\u00e1mk\u00e1ch a m\u00fdtn\u00e9m v Evrop\u011b.","breadcrumb":{"@id":"https:\/\/tollscout.eu\/cs\/newsletter\/#breadcrumb"},"inLanguage":"cs","potentialAction":[{"@type":"ReadAction","target":["https:\/\/tollscout.eu\/cs\/newsletter\/"]}]},{"@type":"BreadcrumbList","@id":"https:\/\/tollscout.eu\/cs\/newsletter\/#breadcrumb","itemListElement":[{"@type":"ListItem","position":1,"name":"Startseite","item":"https:\/\/tollscout.eu\/cs\/"},{"@type":"ListItem","position":2,"name":"Newsletter"}]},{"@type":"WebSite","@id":"https:\/\/tollscout.eu\/cs\/#website","url":"https:\/\/tollscout.eu\/cs\/","name":"Tollscout\u00ae","description":"","publisher":{"@id":"https:\/\/tollscout.eu\/cs\/#organization"},"potentialAction":[{"@type":"SearchAction","target":{"@type":"EntryPoint","urlTemplate":"https:\/\/tollscout.eu\/cs\/?s={search_term_string}"},"query-input":{"@type":"PropertyValueSpecification","valueRequired":true,"valueName":"search_term_string"}}],"inLanguage":"cs"},{"@type":"Organization","@id":"https:\/\/tollscout.eu\/cs\/#organization","name":"TollScout","alternateName":"TollScout","url":"https:\/\/tollscout.eu\/cs\/","logo":{"@type":"ImageObject","inLanguage":"cs","@id":"https:\/\/tollscout.eu\/cs\/#\/schema\/logo\/image\/","url":"https:\/\/tollscout.eu\/wp-content\/uploads\/2023\/11\/logo_social_media_1024.png","contentUrl":"https:\/\/tollscout.eu\/wp-content\/uploads\/2023\/11\/logo_social_media_1024.png","width":1024,"height":1024,"caption":"TollScout"},"image":{"@id":"https:\/\/tollscout.eu\/cs\/#\/schema\/logo\/image\/"},"sameAs":["https:\/\/facebook.com\/tollscout","https:\/\/x.com\/tollscout","https:\/\/instagram.com\/tollscout"]}]}},"uagb_featured_image_src":{"full":false,"thumbnail":false,"medium":false,"medium_large":false,"large":false,"1536x1536":false,"2048x2048":false,"gform-image-choice-sm":false,"gform-image-choice-md":false,"gform-image-choice-lg":false},"uagb_author_info":{"display_name":"Tollscout","author_link":"https:\/\/tollscout.eu\/cs\/author\/m-hemm\/"},"uagb_comment_info":0,"uagb_excerpt":"Informa\u010dn\u00ed bulletin vin\u011bt P\u0159ihlaste se k odb\u011bru na\u0161eho newsletteru! S na\u0161\u00edm informa\u010dn\u00edm bulletinem budete v\u017edy aktu\u00e1ln\u00ed. Budeme v\u00e1s informovat o [&hellip;]","_links":{"self":[{"href":"https:\/\/tollscout.eu\/cs\/wp-json\/wp\/v2\/pages\/9502","targetHints":{"allow":["GET"]}}],"collection":[{"href":"https:\/\/tollscout.eu\/cs\/wp-json\/wp\/v2\/pages"}],"about":[{"href":"https:\/\/tollscout.eu\/cs\/wp-json\/wp\/v2\/types\/page"}],"author":[{"embeddable":true,"href":"https:\/\/tollscout.eu\/cs\/wp-json\/wp\/v2\/users\/2"}],"replies":[{"embeddable":true,"href":"https:\/\/tollscout.eu\/cs\/wp-json\/wp\/v2\/comments?post=9502"}],"version-history":[{"count":2,"href":"https:\/\/tollscout.eu\/cs\/wp-json\/wp\/v2\/pages\/9502\/revisions"}],"predecessor-version":[{"id":9566,"href":"https:\/\/tollscout.eu\/cs\/wp-json\/wp\/v2\/pages\/9502\/revisions\/9566"}],"wp:attachment":[{"href":"https:\/\/tollscout.eu\/cs\/wp-json\/wp\/v2\/media?parent=9502"}],"curies":[{"name":"wp","href":"https:\/\/api.w.org\/{rel}","templated":true}]}}