{"id":6882,"date":"2023-08-24T17:48:25","date_gmt":"2023-08-24T15:48:25","guid":{"rendered":"https:\/\/tollscout.eu\/mytne-v-tauernskem-tunelu-rakousko\/"},"modified":"2024-08-01T01:46:26","modified_gmt":"2024-07-31T23:46:26","slug":"mytne-v-tauernskem-tunelu-rakousko","status":"publish","type":"page","link":"https:\/\/tollscout.eu\/cs\/mytne-v-tauernskem-tunelu-rakousko\/","title":{"rendered":"M\u00fdtn\u00e9 v Tauernsk\u00e9m tunelu Rakousko"},"content":{"rendered":"\n<div class=\"wp-block-uagb-container uagb-block-c1e2fce7 alignfull uagb-is-root-container\"><div class=\"uagb-container-inner-blocks-wrap\">\n<div class=\"wp-block-uagb-advanced-heading uagb-block-c767fabd\"><h1 class=\"uagb-heading-text\">M\u00fdtn\u00e9 v Tauernsk\u00e9m tunelu Rakousko<\/h1><\/div>\n<\/div><\/div>\n\n<div class=\"wp-block-uagb-container uagb-block-f0fe747c alignfull uagb-is-root-container\"><div class=\"uagb-container-inner-blocks-wrap\">\n<div id=\"app\" data-context=\"at\"><\/div>\n<\/div><\/div>\n\n<div class=\"wp-block-uagb-container uagb-block-f356067b alignfull uagb-is-root-container\"><div class=\"uagb-container-inner-blocks-wrap\">\n<div class=\"wp-block-uagb-advanced-heading uagb-block-e02782db\"><h2 class=\"uagb-heading-text\">M\u00fdtn\u00e9 v Tauernsk\u00e9m tunelu Rakousko<\/h2><p class=\"uagb-desc-text\">Tauernsk\u00fd tunel je 6 546 metr\u016f dlouh\u00fd silni\u010dn\u00ed tunel na Tauern Autobahn A 10. Spolu s Katschbergsk\u00fdm tunelem tvo\u0159\u00ed z\u00e1sadn\u00ed \u010d\u00e1st spojen\u00ed mezi Villachem a Salcburkem. Pr\u016fjezd mezi tunely Katschberg a Tauern, v\u010detn\u011b cesty ob\u011bma tunely, je klasifikov\u00e1n jako zvl\u00e1\u0161tn\u00ed zpoplatn\u011bn\u00e1 trasa a vy\u017eaduje poplatek 13,50 eur. Tato trasa, stejn\u011b jako v\u0161echny ostatn\u00ed zpoplatn\u011bn\u00e9 trasy v Rakousku, je osvobozena od po\u017eadavku na d\u00e1lni\u010dn\u00ed zn\u00e1mku.   <\/p><\/div>\n<\/div><\/div>\n\n<div class=\"wp-block-uagb-container uagb-block-7efd3c31 alignfull uagb-is-root-container\"><div class=\"uagb-container-inner-blocks-wrap\">\n<div class=\"wp-block-uagb-advanced-heading uagb-block-4602874c\"><h2 class=\"uagb-heading-text\">\u010cASTO KLADEN\u00c9 DOTAZY<\/h2><p class=\"uagb-desc-text\">Zde v\u00e1m odpov\u00edme na v\u0161echny ot\u00e1zky t\u00fdkaj\u00edc\u00ed se m\u00fdtn\u00e9ho v Tauernsk\u00e9m tunelu v Rakousku.<\/p><\/div>\n\n\n<div class=\"wp-block-uagb-faq uagb-faq__outer-wrap uagb-block-4fe496d4 uagb-faq-icon-row-reverse uagb-faq-layout-accordion uagb-faq-expand-first-false uagb-faq-inactive-other-true uagb-faq__wrap uagb-buttons-layout-wrap uagb-faq-equal-height     \" data-faqtoggle=\"true\" role=\"tablist\"><div class=\"wp-block-uagb-faq-child uagb-faq-child__outer-wrap uagb-faq-item uagb-block-1a70522e wp-block-uagb-faq-child uagb-faq-child__outer-wrap uagb-faq-item uagb-block-1a70522e\" role=\"tab\" tabindex=\"0\"><div class=\"uagb-faq-questions-button uagb-faq-questions\">\t\t\t<span class=\"uagb-icon uagb-faq-icon-wrap\">\n\t\t\t\t\t\t\t<\/span>\n\t\t\t\t\t\t<span class=\"uagb-icon-active uagb-faq-icon-wrap\">\n\t\t\t\t\t\t\t\t<svg xmlns=\"https:\/\/www.w3.org\/2000\/svg\" viewBox= \"0 0 320 512\"><path d=\"M9.39 265.4l127.1-128C143.6 131.1 151.8 128 160 128s16.38 3.125 22.63 9.375l127.1 128c9.156 9.156 11.9 22.91 6.943 34.88S300.9 320 287.1 320H32.01c-12.94 0-24.62-7.781-29.58-19.75S.2333 274.5 9.39 265.4z\"><\/path><\/svg>\n\t\t\t\t\t\t\t<\/span>\n\t\t\t<h3 class=\"uagb-question\"><strong>Kdy byl Tauernsk\u00fd tunel otev\u0159en pro dopravu?<\/strong><\/h3><\/div><div class=\"uagb-faq-content\"><p>P\u016fvodn\u011b byl Tauernsk\u00fd tunel, stejn\u011b jako <a href=\"https:\/\/tollscout.eu\/cs\/mytne-v-tunelu-katschberg-rakousko\/\">Katschbersk\u00fd tunel<\/a>, pl\u00e1nov\u00e1n jako dvoutubusov\u00fd d\u00e1lni\u010dn\u00ed tunel. Z finan\u010dn\u00edch d\u016fvod\u016f a kv\u016fli ni\u017e\u0161\u00edmu objemu dopravy, ne\u017e se o\u010dek\u00e1valo, v\u0161ak byla v roce 1975 dokon\u010dena pouze jedna ze dvou trubek o d\u00e9lce 6 401 metr\u016f. Pl\u00e1ny na v\u00fdstavbu druh\u00e9ho tubusu byly v roce 1988 do\u010dasn\u011b zru\u0161eny.<\/p><\/div><\/div><div class=\"wp-block-uagb-faq-child uagb-faq-child__outer-wrap uagb-faq-item uagb-block-bd4b64b2 \" role=\"tab\" tabindex=\"0\"><div class=\"uagb-faq-questions-button uagb-faq-questions\">\t\t\t<span class=\"uagb-icon uagb-faq-icon-wrap\">\n\t\t\t\t\t\t\t<\/span>\n\t\t\t\t\t\t<span class=\"uagb-icon-active uagb-faq-icon-wrap\">\n\t\t\t\t\t\t\t\t<svg xmlns=\"https:\/\/www.w3.org\/2000\/svg\" viewBox= \"0 0 320 512\"><path d=\"M9.39 265.4l127.1-128C143.6 131.1 151.8 128 160 128s16.38 3.125 22.63 9.375l127.1 128c9.156 9.156 11.9 22.91 6.943 34.88S300.9 320 287.1 320H32.01c-12.94 0-24.62-7.781-29.58-19.75S.2333 274.5 9.39 265.4z\"><\/path><\/svg>\n\t\t\t\t\t\t\t<\/span>\n\t\t\t<h3 class=\"uagb-question\"><strong>Jak dlouh\u00fd je Tauernsk\u00fd tunel (Tauernsk\u00e1 d\u00e1lnice A10)?<\/strong><\/h3><\/div><div class=\"uagb-faq-content\"><p>Prvn\u00ed tubus Tauernsk\u00e9ho tunelu byl dokon\u010den v roce 1975 a je dlouh\u00fd 6 401 metr\u016f. Druh\u00fd tubus, kter\u00fd byl dokon\u010den v roce 2010, je dlouh\u00fd 6 546 metr\u016f.  <\/p><\/div><\/div><div class=\"wp-block-uagb-faq-child uagb-faq-child__outer-wrap uagb-faq-item uagb-block-49ae175a \" role=\"tab\" tabindex=\"0\"><div class=\"uagb-faq-questions-button uagb-faq-questions\">\t\t\t<span class=\"uagb-icon uagb-faq-icon-wrap\">\n\t\t\t\t\t\t\t<\/span>\n\t\t\t\t\t\t<span class=\"uagb-icon-active uagb-faq-icon-wrap\">\n\t\t\t\t\t\t\t\t<svg xmlns=\"https:\/\/www.w3.org\/2000\/svg\" viewBox= \"0 0 320 512\"><path d=\"M9.39 265.4l127.1-128C143.6 131.1 151.8 128 160 128s16.38 3.125 22.63 9.375l127.1 128c9.156 9.156 11.9 22.91 6.943 34.88S300.9 320 287.1 320H32.01c-12.94 0-24.62-7.781-29.58-19.75S.2333 274.5 9.39 265.4z\"><\/path><\/svg>\n\t\t\t\t\t\t\t<\/span>\n\t\t\t<h3 class=\"uagb-question\"><strong>Pro\u010d je Tauernsk\u00fd tunel osvobozen od povinnosti platit d\u00e1lni\u010dn\u00ed zn\u00e1mku?<\/strong><\/h3><\/div><div class=\"uagb-faq-content\"><p>Tauern Tunnel je \u00fasek trasy, kter\u00fd je osvobozen od povinnosti d\u00e1lni\u010dn\u00ed zn\u00e1mky, ale podl\u00e9h\u00e1 zvl\u00e1\u0161tn\u00edmu m\u00fdtn\u00e9mu. Tra\u0165ov\u00e9 m\u00fdtn\u00e9 pro Tauernautobahn A10 lze rychle a pohodln\u011b zakoupit online prost\u0159ednictv\u00edm na\u0161eho internetov\u00e9ho obchodu. <\/p><\/div><\/div><div class=\"wp-block-uagb-faq-child uagb-faq-child__outer-wrap uagb-faq-item uagb-block-c7b6f203 \" role=\"tab\" tabindex=\"0\"><div class=\"uagb-faq-questions-button uagb-faq-questions\">\t\t\t<span class=\"uagb-icon uagb-faq-icon-wrap\">\n\t\t\t\t\t\t\t<\/span>\n\t\t\t\t\t\t<span class=\"uagb-icon-active uagb-faq-icon-wrap\">\n\t\t\t\t\t\t\t\t<svg xmlns=\"https:\/\/www.w3.org\/2000\/svg\" viewBox= \"0 0 320 512\"><path d=\"M9.39 265.4l127.1-128C143.6 131.1 151.8 128 160 128s16.38 3.125 22.63 9.375l127.1 128c9.156 9.156 11.9 22.91 6.943 34.88S300.9 320 287.1 320H32.01c-12.94 0-24.62-7.781-29.58-19.75S.2333 274.5 9.39 265.4z\"><\/path><\/svg>\n\t\t\t\t\t\t\t<\/span>\n\t\t\t<h3 class=\"uagb-question\"><strong>Kolik stoj\u00ed m\u00fdtn\u00e9 v rakousk\u00e9m Tauernsk\u00e9m tunelu?<\/strong><\/h3><\/div><div class=\"uagb-faq-content\"><p>Cena jednosm\u011brn\u00e9 j\u00edzdy Tauernsk\u00fdm tunelem je 13,50 eur (od roku 2023).<\/p><\/div><\/div><div class=\"wp-block-uagb-faq-child uagb-faq-child__outer-wrap uagb-faq-item uagb-block-66a7673f \" role=\"tab\" tabindex=\"0\"><div class=\"uagb-faq-questions-button uagb-faq-questions\">\t\t\t<span class=\"uagb-icon uagb-faq-icon-wrap\">\n\t\t\t\t\t\t\t<\/span>\n\t\t\t\t\t\t<span class=\"uagb-icon-active uagb-faq-icon-wrap\">\n\t\t\t\t\t\t\t\t<svg xmlns=\"https:\/\/www.w3.org\/2000\/svg\" viewBox= \"0 0 320 512\"><path d=\"M9.39 265.4l127.1-128C143.6 131.1 151.8 128 160 128s16.38 3.125 22.63 9.375l127.1 128c9.156 9.156 11.9 22.91 6.943 34.88S300.9 320 287.1 320H32.01c-12.94 0-24.62-7.781-29.58-19.75S.2333 274.5 9.39 265.4z\"><\/path><\/svg>\n\t\t\t\t\t\t\t<\/span>\n\t\t\t<h3 class=\"uagb-question\"><strong>Jak dlouho trv\u00e1 cesta Tauernsk\u00fdm tunelem?<\/strong><\/h3><\/div><div class=\"uagb-faq-content\"><p>Cesta Tauernsk\u00fdm tunelem trv\u00e1 p\u0159ibli\u017en\u011b 12 minut.<\/p><\/div><\/div><div class=\"wp-block-uagb-faq-child uagb-faq-child__outer-wrap uagb-faq-item uagb-block-33295dba \" role=\"tab\" tabindex=\"0\"><div class=\"uagb-faq-questions-button uagb-faq-questions\">\t\t\t<span class=\"uagb-icon uagb-faq-icon-wrap\">\n\t\t\t\t\t\t\t<\/span>\n\t\t\t\t\t\t<span class=\"uagb-icon-active uagb-faq-icon-wrap\">\n\t\t\t\t\t\t\t\t<svg xmlns=\"https:\/\/www.w3.org\/2000\/svg\" viewBox= \"0 0 320 512\"><path d=\"M9.39 265.4l127.1-128C143.6 131.1 151.8 128 160 128s16.38 3.125 22.63 9.375l127.1 128c9.156 9.156 11.9 22.91 6.943 34.88S300.9 320 287.1 320H32.01c-12.94 0-24.62-7.781-29.58-19.75S.2333 274.5 9.39 265.4z\"><\/path><\/svg>\n\t\t\t\t\t\t\t<\/span>\n\t\t\t<h3 class=\"uagb-question\"><strong><strong>Jak \u0161irok\u00fd a vysok\u00fd je Tauernsk\u00fd tunel?<\/strong><\/strong><\/h3><\/div><div class=\"uagb-faq-content\"><p>\u0160\u00ed\u0159ka prvn\u00edho a druh\u00e9ho tubusu je 7,50 metru. V\u00fd\u0161ka <a href=\"https:\/\/de.wikipedia.org\/wiki\/Tauerntunnel_(Autobahn)\">Tauernsk\u00e9ho tunelu<\/a> je 4,70 metru. <\/p><\/div><\/div><\/div><\/div><\/div>\n","protected":false},"excerpt":{"rendered":"<p>M\u00fdtn\u00e9 v Tauernsk\u00e9m tunelu Rakousko M\u00fdtn\u00e9 v Tauernsk\u00e9m tunelu Rakousko Tauernsk\u00fd tunel je 6 546 metr\u016f dlouh\u00fd silni\u010dn\u00ed tunel na [&hellip;]<\/p>\n","protected":false},"author":2,"featured_media":0,"parent":0,"menu_order":0,"comment_status":"closed","ping_status":"closed","template":"","meta":{"_uag_custom_page_level_css":"","site-sidebar-layout":"no-sidebar","site-content-layout":"","ast-site-content-layout":"normal-width-container","site-content-style":"unboxed","site-sidebar-style":"unboxed","ast-global-header-display":"","ast-banner-title-visibility":"","ast-main-header-display":"","ast-hfb-above-header-display":"","ast-hfb-below-header-display":"","ast-hfb-mobile-header-display":"","site-post-title":"disabled","ast-breadcrumbs-content":"","ast-featured-img":"","footer-sml-layout":"","ast-disable-related-posts":"","theme-transparent-header-meta":"enabled","adv-header-id-meta":"","stick-header-meta":"","header-above-stick-meta":"","header-main-stick-meta":"","header-below-stick-meta":"","astra-migrate-meta-layouts":"default","ast-page-background-enabled":"default","ast-page-background-meta":{"desktop":{"background-color":"var(--ast-global-color-5)","background-image":"","background-repeat":"repeat","background-position":"center center","background-size":"auto","background-attachment":"scroll","background-type":"","background-media":"","overlay-type":"","overlay-color":"","overlay-opacity":"","overlay-gradient":""},"tablet":{"background-color":"","background-image":"","background-repeat":"repeat","background-position":"center center","background-size":"auto","background-attachment":"scroll","background-type":"","background-media":"","overlay-type":"","overlay-color":"","overlay-opacity":"","overlay-gradient":""},"mobile":{"background-color":"","background-image":"","background-repeat":"repeat","background-position":"center center","background-size":"auto","background-attachment":"scroll","background-type":"","background-media":"","overlay-type":"","overlay-color":"","overlay-opacity":"","overlay-gradient":""}},"ast-content-background-meta":{"desktop":{"background-color":"var(--ast-global-color-4)","background-image":"","background-repeat":"repeat","background-position":"center center","background-size":"auto","background-attachment":"scroll","background-type":"","background-media":"","overlay-type":"","overlay-color":"","overlay-opacity":"","overlay-gradient":""},"tablet":{"background-color":"var(--ast-global-color-4)","background-image":"","background-repeat":"repeat","background-position":"center center","background-size":"auto","background-attachment":"scroll","background-type":"","background-media":"","overlay-type":"","overlay-color":"","overlay-opacity":"","overlay-gradient":""},"mobile":{"background-color":"var(--ast-global-color-4)","background-image":"","background-repeat":"repeat","background-position":"center center","background-size":"auto","background-attachment":"scroll","background-type":"","background-media":"","overlay-type":"","overlay-color":"","overlay-opacity":"","overlay-gradient":""}},"footnotes":""},"class_list":["post-6882","page","type-page","status-publish","hentry"],"yoast_head":"<!-- This site is optimized with the Yoast SEO plugin v27.1.1 - https:\/\/yoast.com\/product\/yoast-seo-wordpress\/ -->\n<title>M\u00fdtn\u00e9 v Tauerntunelu Rakousko - Koupit digit\u00e1ln\u00ed m\u00fdtn\u00e9<\/title>\n<meta name=\"description\" content=\"Tauerntunnel m\u00fdtn\u00e9 Rakousko. Kupte si digit\u00e1ln\u00ed m\u00fdtn\u00e9 pro d\u00e1lnici Tauern rychle a pohodln\u011b online v na\u0161em internetov\u00e9m obchod\u011b. Plat\u00ed ihned\" \/>\n<meta name=\"robots\" content=\"index, follow, max-snippet:-1, max-image-preview:large, max-video-preview:-1\" \/>\n<link rel=\"canonical\" href=\"https:\/\/tollscout.eu\/cs\/mytne-v-tauernskem-tunelu-rakousko\/\" \/>\n<meta property=\"og:locale\" content=\"cs_CZ\" \/>\n<meta property=\"og:type\" content=\"article\" \/>\n<meta property=\"og:title\" content=\"M\u00fdtn\u00e9 v Tauerntunelu Rakousko - Koupit digit\u00e1ln\u00ed m\u00fdtn\u00e9\" \/>\n<meta property=\"og:description\" content=\"Tauerntunnel m\u00fdtn\u00e9 Rakousko. Kupte si digit\u00e1ln\u00ed m\u00fdtn\u00e9 pro d\u00e1lnici Tauern rychle a pohodln\u011b online v na\u0161em internetov\u00e9m obchod\u011b. Plat\u00ed ihned\" \/>\n<meta property=\"og:url\" content=\"https:\/\/tollscout.eu\/cs\/mytne-v-tauernskem-tunelu-rakousko\/\" \/>\n<meta property=\"og:site_name\" content=\"Tollscout\u00ae\" \/>\n<meta property=\"article:publisher\" content=\"https:\/\/facebook.com\/tollscout\" \/>\n<meta property=\"article:modified_time\" content=\"2024-07-31T23:46:26+00:00\" \/>\n<meta property=\"og:image\" content=\"https:\/\/tollscout.eu\/wp-content\/uploads\/2023\/08\/logo_color_360x92px.png\" \/>\n\t<meta property=\"og:image:width\" content=\"360\" \/>\n\t<meta property=\"og:image:height\" content=\"92\" \/>\n\t<meta property=\"og:image:type\" content=\"image\/png\" \/>\n<meta name=\"twitter:card\" content=\"summary_large_image\" \/>\n<meta name=\"twitter:site\" content=\"@tollscout\" \/>\n<meta name=\"twitter:label1\" content=\"Odhadovan\u00e1 doba \u010dten\u00ed\" \/>\n\t<meta name=\"twitter:data1\" content=\"1 minuta\" \/>\n<script type=\"application\/ld+json\" class=\"yoast-schema-graph\">{\"@context\":\"https:\/\/schema.org\",\"@graph\":[{\"@type\":\"WebPage\",\"@id\":\"https:\/\/tollscout.eu\/cs\/mytne-v-tauernskem-tunelu-rakousko\/\",\"url\":\"https:\/\/tollscout.eu\/cs\/mytne-v-tauernskem-tunelu-rakousko\/\",\"name\":\"M\u00fdtn\u00e9 v Tauerntunelu Rakousko - Koupit digit\u00e1ln\u00ed m\u00fdtn\u00e9\",\"isPartOf\":{\"@id\":\"https:\/\/tollscout.eu\/cs\/#website\"},\"datePublished\":\"2023-08-24T15:48:25+00:00\",\"dateModified\":\"2024-07-31T23:46:26+00:00\",\"description\":\"Tauerntunnel m\u00fdtn\u00e9 Rakousko. Kupte si digit\u00e1ln\u00ed m\u00fdtn\u00e9 pro d\u00e1lnici Tauern rychle a pohodln\u011b online v na\u0161em internetov\u00e9m obchod\u011b. Plat\u00ed ihned\",\"breadcrumb\":{\"@id\":\"https:\/\/tollscout.eu\/cs\/mytne-v-tauernskem-tunelu-rakousko\/#breadcrumb\"},\"inLanguage\":\"cs\",\"potentialAction\":[{\"@type\":\"ReadAction\",\"target\":[\"https:\/\/tollscout.eu\/cs\/mytne-v-tauernskem-tunelu-rakousko\/\"]}]},{\"@type\":\"BreadcrumbList\",\"@id\":\"https:\/\/tollscout.eu\/cs\/mytne-v-tauernskem-tunelu-rakousko\/#breadcrumb\",\"itemListElement\":[{\"@type\":\"ListItem\",\"position\":1,\"name\":\"Startseite\",\"item\":\"https:\/\/tollscout.eu\/cs\/\"},{\"@type\":\"ListItem\",\"position\":2,\"name\":\"M\u00fdtn\u00e9 v Tauernsk\u00e9m tunelu Rakousko\"}]},{\"@type\":\"WebSite\",\"@id\":\"https:\/\/tollscout.eu\/cs\/#website\",\"url\":\"https:\/\/tollscout.eu\/cs\/\",\"name\":\"Tollscout\u00ae\",\"description\":\"\",\"publisher\":{\"@id\":\"https:\/\/tollscout.eu\/cs\/#organization\"},\"potentialAction\":[{\"@type\":\"SearchAction\",\"target\":{\"@type\":\"EntryPoint\",\"urlTemplate\":\"https:\/\/tollscout.eu\/cs\/?s={search_term_string}\"},\"query-input\":{\"@type\":\"PropertyValueSpecification\",\"valueRequired\":true,\"valueName\":\"search_term_string\"}}],\"inLanguage\":\"cs\"},{\"@type\":\"Organization\",\"@id\":\"https:\/\/tollscout.eu\/cs\/#organization\",\"name\":\"TollScout\",\"alternateName\":\"TollScout\",\"url\":\"https:\/\/tollscout.eu\/cs\/\",\"logo\":{\"@type\":\"ImageObject\",\"inLanguage\":\"cs\",\"@id\":\"https:\/\/tollscout.eu\/cs\/#\/schema\/logo\/image\/\",\"url\":\"https:\/\/tollscout.eu\/wp-content\/uploads\/2023\/11\/logo_social_media_1024.png\",\"contentUrl\":\"https:\/\/tollscout.eu\/wp-content\/uploads\/2023\/11\/logo_social_media_1024.png\",\"width\":1024,\"height\":1024,\"caption\":\"TollScout\"},\"image\":{\"@id\":\"https:\/\/tollscout.eu\/cs\/#\/schema\/logo\/image\/\"},\"sameAs\":[\"https:\/\/facebook.com\/tollscout\",\"https:\/\/x.com\/tollscout\",\"https:\/\/instagram.com\/tollscout\"]}]}<\/script>\n<!-- \/ Yoast SEO plugin. -->","yoast_head_json":{"title":"M\u00fdtn\u00e9 v Tauerntunelu Rakousko - Koupit digit\u00e1ln\u00ed m\u00fdtn\u00e9","description":"Tauerntunnel m\u00fdtn\u00e9 Rakousko. Kupte si digit\u00e1ln\u00ed m\u00fdtn\u00e9 pro d\u00e1lnici Tauern rychle a pohodln\u011b online v na\u0161em internetov\u00e9m obchod\u011b. Plat\u00ed ihned","robots":{"index":"index","follow":"follow","max-snippet":"max-snippet:-1","max-image-preview":"max-image-preview:large","max-video-preview":"max-video-preview:-1"},"canonical":"https:\/\/tollscout.eu\/cs\/mytne-v-tauernskem-tunelu-rakousko\/","og_locale":"cs_CZ","og_type":"article","og_title":"M\u00fdtn\u00e9 v Tauerntunelu Rakousko - Koupit digit\u00e1ln\u00ed m\u00fdtn\u00e9","og_description":"Tauerntunnel m\u00fdtn\u00e9 Rakousko. Kupte si digit\u00e1ln\u00ed m\u00fdtn\u00e9 pro d\u00e1lnici Tauern rychle a pohodln\u011b online v na\u0161em internetov\u00e9m obchod\u011b. Plat\u00ed ihned","og_url":"https:\/\/tollscout.eu\/cs\/mytne-v-tauernskem-tunelu-rakousko\/","og_site_name":"Tollscout\u00ae","article_publisher":"https:\/\/facebook.com\/tollscout","article_modified_time":"2024-07-31T23:46:26+00:00","og_image":[{"width":360,"height":92,"url":"https:\/\/tollscout.eu\/wp-content\/uploads\/2023\/08\/logo_color_360x92px.png","type":"image\/png"}],"twitter_card":"summary_large_image","twitter_site":"@tollscout","twitter_misc":{"Odhadovan\u00e1 doba \u010dten\u00ed":"1 minuta"},"schema":{"@context":"https:\/\/schema.org","@graph":[{"@type":"WebPage","@id":"https:\/\/tollscout.eu\/cs\/mytne-v-tauernskem-tunelu-rakousko\/","url":"https:\/\/tollscout.eu\/cs\/mytne-v-tauernskem-tunelu-rakousko\/","name":"M\u00fdtn\u00e9 v Tauerntunelu Rakousko - Koupit digit\u00e1ln\u00ed m\u00fdtn\u00e9","isPartOf":{"@id":"https:\/\/tollscout.eu\/cs\/#website"},"datePublished":"2023-08-24T15:48:25+00:00","dateModified":"2024-07-31T23:46:26+00:00","description":"Tauerntunnel m\u00fdtn\u00e9 Rakousko. Kupte si digit\u00e1ln\u00ed m\u00fdtn\u00e9 pro d\u00e1lnici Tauern rychle a pohodln\u011b online v na\u0161em internetov\u00e9m obchod\u011b. Plat\u00ed ihned","breadcrumb":{"@id":"https:\/\/tollscout.eu\/cs\/mytne-v-tauernskem-tunelu-rakousko\/#breadcrumb"},"inLanguage":"cs","potentialAction":[{"@type":"ReadAction","target":["https:\/\/tollscout.eu\/cs\/mytne-v-tauernskem-tunelu-rakousko\/"]}]},{"@type":"BreadcrumbList","@id":"https:\/\/tollscout.eu\/cs\/mytne-v-tauernskem-tunelu-rakousko\/#breadcrumb","itemListElement":[{"@type":"ListItem","position":1,"name":"Startseite","item":"https:\/\/tollscout.eu\/cs\/"},{"@type":"ListItem","position":2,"name":"M\u00fdtn\u00e9 v Tauernsk\u00e9m tunelu Rakousko"}]},{"@type":"WebSite","@id":"https:\/\/tollscout.eu\/cs\/#website","url":"https:\/\/tollscout.eu\/cs\/","name":"Tollscout\u00ae","description":"","publisher":{"@id":"https:\/\/tollscout.eu\/cs\/#organization"},"potentialAction":[{"@type":"SearchAction","target":{"@type":"EntryPoint","urlTemplate":"https:\/\/tollscout.eu\/cs\/?s={search_term_string}"},"query-input":{"@type":"PropertyValueSpecification","valueRequired":true,"valueName":"search_term_string"}}],"inLanguage":"cs"},{"@type":"Organization","@id":"https:\/\/tollscout.eu\/cs\/#organization","name":"TollScout","alternateName":"TollScout","url":"https:\/\/tollscout.eu\/cs\/","logo":{"@type":"ImageObject","inLanguage":"cs","@id":"https:\/\/tollscout.eu\/cs\/#\/schema\/logo\/image\/","url":"https:\/\/tollscout.eu\/wp-content\/uploads\/2023\/11\/logo_social_media_1024.png","contentUrl":"https:\/\/tollscout.eu\/wp-content\/uploads\/2023\/11\/logo_social_media_1024.png","width":1024,"height":1024,"caption":"TollScout"},"image":{"@id":"https:\/\/tollscout.eu\/cs\/#\/schema\/logo\/image\/"},"sameAs":["https:\/\/facebook.com\/tollscout","https:\/\/x.com\/tollscout","https:\/\/instagram.com\/tollscout"]}]}},"uagb_featured_image_src":{"full":false,"thumbnail":false,"medium":false,"medium_large":false,"large":false,"1536x1536":false,"2048x2048":false,"gform-image-choice-sm":false,"gform-image-choice-md":false,"gform-image-choice-lg":false},"uagb_author_info":{"display_name":"Tollscout","author_link":"https:\/\/tollscout.eu\/cs\/author\/m-hemm\/"},"uagb_comment_info":0,"uagb_excerpt":"M\u00fdtn\u00e9 v Tauernsk\u00e9m tunelu Rakousko M\u00fdtn\u00e9 v Tauernsk\u00e9m tunelu Rakousko Tauernsk\u00fd tunel je 6 546 metr\u016f dlouh\u00fd silni\u010dn\u00ed tunel na [&hellip;]","_links":{"self":[{"href":"https:\/\/tollscout.eu\/cs\/wp-json\/wp\/v2\/pages\/6882","targetHints":{"allow":["GET"]}}],"collection":[{"href":"https:\/\/tollscout.eu\/cs\/wp-json\/wp\/v2\/pages"}],"about":[{"href":"https:\/\/tollscout.eu\/cs\/wp-json\/wp\/v2\/types\/page"}],"author":[{"embeddable":true,"href":"https:\/\/tollscout.eu\/cs\/wp-json\/wp\/v2\/users\/2"}],"replies":[{"embeddable":true,"href":"https:\/\/tollscout.eu\/cs\/wp-json\/wp\/v2\/comments?post=6882"}],"version-history":[{"count":6,"href":"https:\/\/tollscout.eu\/cs\/wp-json\/wp\/v2\/pages\/6882\/revisions"}],"predecessor-version":[{"id":9065,"href":"https:\/\/tollscout.eu\/cs\/wp-json\/wp\/v2\/pages\/6882\/revisions\/9065"}],"wp:attachment":[{"href":"https:\/\/tollscout.eu\/cs\/wp-json\/wp\/v2\/media?parent=6882"}],"curies":[{"name":"wp","href":"https:\/\/api.w.org\/{rel}","templated":true}]}}