{"id":6855,"date":"2023-08-25T11:52:28","date_gmt":"2023-08-25T09:52:28","guid":{"rendered":"https:\/\/tollscout.eu\/mytne-v-tunelu-katschberg-rakousko\/"},"modified":"2024-08-01T01:50:15","modified_gmt":"2024-07-31T23:50:15","slug":"mytne-v-tunelu-katschberg-rakousko","status":"publish","type":"page","link":"https:\/\/tollscout.eu\/cs\/mytne-v-tunelu-katschberg-rakousko\/","title":{"rendered":"M\u00fdtn\u00e9 v tunelu Katschberg Rakousko"},"content":{"rendered":"\n<div class=\"wp-block-uagb-container uagb-block-c1e2fce7 alignfull uagb-is-root-container\"><div class=\"uagb-container-inner-blocks-wrap\">\n<div class=\"wp-block-uagb-advanced-heading uagb-block-c767fabd\"><h1 class=\"uagb-heading-text\">M\u00fdtn\u00e9 v tunelu Katschberg Rakousko<\/h1><\/div>\n<\/div><\/div>\n\n<div class=\"wp-block-uagb-container uagb-block-7d404a70 alignfull uagb-is-root-container\"><div class=\"uagb-container-inner-blocks-wrap\">\n<div id=\"app\" data-context=\"at\"><\/div>\n<\/div><\/div>\n\n<div class=\"wp-block-uagb-container uagb-block-f356067b alignfull uagb-is-root-container\"><div class=\"uagb-container-inner-blocks-wrap\">\n<div class=\"wp-block-uagb-advanced-heading uagb-block-32bca494\"><h2 class=\"uagb-heading-text\">M\u00fdtn\u00e9 v tunelu Katschberg Rakousko (d\u00e1lnice A 10 Tauern)<\/h2><\/div>\n\n\n\n<p class=\"has-text-align-center\">Katschbergsk\u00fd tunel se rozprost\u00edr\u00e1 v d\u00e9lce 5 898 metr\u016f a je sou\u010d\u00e1st\u00ed Tauern Autobahn (A 10). Funguje tak\u00e9 jako hrani\u010dn\u00ed tunel mezi rakousk\u00fdmi spolkov\u00fdmi zem\u011bmi Korutany a Salcburkem. Tento tunel hraje z\u00e1sadn\u00ed roli p\u0159i propojen\u00ed korutansk\u00e9ho Katschtalu p\u0159es Katschberg s Lungau v Salcburku. M\u00e1 proto velk\u00fd v\u00fdznam pro dopravn\u00ed cestu z Villachu do Salcburku. \u00daseky mezi Katschbergsk\u00fdm a <a href=\"https:\/\/tollscout.eu\/cs\/mytne-v-tauernskem-tunelu-rakousko\/\">Tauernsk\u00fdm tunelem<\/a>, v\u010detn\u011b pr\u016fjezdu samotn\u00fdmi ob\u011bma tunely, jsou klasifikov\u00e1ny jako tzv. zvl\u00e1\u0161tn\u00ed zpoplatn\u011bn\u00e9 trasy. To znamen\u00e1, \u017ee jsou osvobozeny od po\u017eadavku na d\u00e1lni\u010dn\u00ed zn\u00e1mku, stejn\u011b jako v\u0161echny ostatn\u00ed zpoplatn\u011bn\u00e9 trasy v Rakousku.      <\/p>\n<\/div><\/div>\n\n<div class=\"wp-block-uagb-container uagb-block-7efd3c31 alignfull uagb-is-root-container\"><div class=\"uagb-container-inner-blocks-wrap\">\n<div class=\"wp-block-uagb-advanced-heading uagb-block-4602874c\"><h2 class=\"uagb-heading-text\">\u010cASTO KLADEN\u00c9 DOTAZY<\/h2><p class=\"uagb-desc-text\">Zde v\u00e1m odpov\u00edme na v\u0161echny ot\u00e1zky t\u00fdkaj\u00edc\u00ed se m\u00fdtn\u00e9ho v rakousk\u00e9m tunelu Katschberg.<\/p><\/div>\n\n\n<div class=\"wp-block-uagb-faq uagb-faq__outer-wrap uagb-block-4fe496d4 uagb-faq-icon-row-reverse uagb-faq-layout-accordion uagb-faq-expand-first-false uagb-faq-inactive-other-true uagb-faq__wrap uagb-buttons-layout-wrap uagb-faq-equal-height     \" data-faqtoggle=\"true\" role=\"tablist\"><div class=\"wp-block-uagb-faq-child uagb-faq-child__outer-wrap uagb-faq-item uagb-block-1a70522e \" role=\"tab\" tabindex=\"0\"><div class=\"uagb-faq-questions-button uagb-faq-questions\">\t\t\t<span class=\"uagb-icon uagb-faq-icon-wrap\">\n\t\t\t\t\t\t\t<\/span>\n\t\t\t\t\t\t<span class=\"uagb-icon-active uagb-faq-icon-wrap\">\n\t\t\t\t\t\t\t\t<svg xmlns=\"https:\/\/www.w3.org\/2000\/svg\" viewBox= \"0 0 320 512\"><path d=\"M9.39 265.4l127.1-128C143.6 131.1 151.8 128 160 128s16.38 3.125 22.63 9.375l127.1 128c9.156 9.156 11.9 22.91 6.943 34.88S300.9 320 287.1 320H32.01c-12.94 0-24.62-7.781-29.58-19.75S.2333 274.5 9.39 265.4z\"><\/path><\/svg>\n\t\t\t\t\t\t\t<\/span>\n\t\t\t<h3 class=\"uagb-question\">Kdy byl tunel Katschberg otev\u0159en pro dopravu?<\/h3><\/div><div class=\"uagb-faq-content\"><p>Prvn\u00ed tubus Katschbergsk\u00e9ho tunelu byl otev\u0159en pro provoz 21. prosince 1974. Tunel Katschberg byl od po\u010d\u00e1tku pl\u00e1nov\u00e1n jako dvoutrubkov\u00fd. V roce 1988 v\u0161ak byly pl\u00e1ny na v\u00fdstavbu druh\u00e9ho tubusu z cenov\u00fdch d\u016fvod\u016f a kv\u016fli ni\u017e\u0161\u00ed intenzit\u011b dopravy zastaveny. Stavba byla obnovena a\u017e v roce 2004 a byla uvedena do provozu v dubnu 2009.    <\/p><\/div><\/div><div class=\"wp-block-uagb-faq-child uagb-faq-child__outer-wrap uagb-faq-item uagb-block-bd4b64b2 \" role=\"tab\" tabindex=\"0\"><div class=\"uagb-faq-questions-button uagb-faq-questions\">\t\t\t<span class=\"uagb-icon uagb-faq-icon-wrap\">\n\t\t\t\t\t\t\t<\/span>\n\t\t\t\t\t\t<span class=\"uagb-icon-active uagb-faq-icon-wrap\">\n\t\t\t\t\t\t\t\t<svg xmlns=\"https:\/\/www.w3.org\/2000\/svg\" viewBox= \"0 0 320 512\"><path d=\"M9.39 265.4l127.1-128C143.6 131.1 151.8 128 160 128s16.38 3.125 22.63 9.375l127.1 128c9.156 9.156 11.9 22.91 6.943 34.88S300.9 320 287.1 320H32.01c-12.94 0-24.62-7.781-29.58-19.75S.2333 274.5 9.39 265.4z\"><\/path><\/svg>\n\t\t\t\t\t\t\t<\/span>\n\t\t\t<h3 class=\"uagb-question\">Jak dlouh\u00fd je tunel Katschberg (Tauernsk\u00e1 d\u00e1lnice A10)?<\/h3><\/div><div class=\"uagb-faq-content\"><p>Prvn\u00ed tubus (z\u00e1padn\u00ed tubus) tunelu Katschberg je dlouh\u00fd 5898 metr\u016f a spojuje korutansk\u00e9 \u00fadol\u00ed <a href=\"https:\/\/de.wikipedia.org\/wiki\/Katschberg\">Katschberg<\/a> s \u00fadol\u00edm Salzburg Lungau. Druh\u00fd tubus (v\u00fdchodn\u00ed) tunelu Katschberg je dlouh\u00fd 5565 metr\u016f. Tunel Katschberg a Tauernsk\u00fd tunel jsou \u00faseky Tauernsk\u00e9 d\u00e1lnice (A10), kter\u00e9 jsou osvobozeny od povinnosti platit d\u00e1lni\u010dn\u00ed zn\u00e1mku, ale podl\u00e9haj\u00ed zvl\u00e1\u0161tn\u00edmu m\u00fdtn\u00e9mu.<\/p><\/div><\/div><div class=\"wp-block-uagb-faq-child uagb-faq-child__outer-wrap uagb-faq-item uagb-block-49ae175a \" role=\"tab\" tabindex=\"0\"><div class=\"uagb-faq-questions-button uagb-faq-questions\">\t\t\t<span class=\"uagb-icon uagb-faq-icon-wrap\">\n\t\t\t\t\t\t\t<\/span>\n\t\t\t\t\t\t<span class=\"uagb-icon-active uagb-faq-icon-wrap\">\n\t\t\t\t\t\t\t\t<svg xmlns=\"https:\/\/www.w3.org\/2000\/svg\" viewBox= \"0 0 320 512\"><path d=\"M9.39 265.4l127.1-128C143.6 131.1 151.8 128 160 128s16.38 3.125 22.63 9.375l127.1 128c9.156 9.156 11.9 22.91 6.943 34.88S300.9 320 287.1 320H32.01c-12.94 0-24.62-7.781-29.58-19.75S.2333 274.5 9.39 265.4z\"><\/path><\/svg>\n\t\t\t\t\t\t\t<\/span>\n\t\t\t<h3 class=\"uagb-question\">Pro\u010d je Katschbersk\u00fd tunel vy\u0148at z povinnosti platit d\u00e1lni\u010dn\u00ed zn\u00e1mku? <\/h3><\/div><div class=\"uagb-faq-content\"><p>Tunel Katschberg je \u00fasek trasy, na kter\u00fd se nevztahuje povinnost d\u00e1lni\u010dn\u00ed zn\u00e1mky, ale podl\u00e9h\u00e1 zvl\u00e1\u0161tn\u00edmu m\u00fdtn\u00e9mu. Tra\u0165ov\u00e9 m\u00fdtn\u00e9 pro Tauernautobahn A10 lze rychle a pohodln\u011b zakoupit online prost\u0159ednictv\u00edm na\u0161eho online obchodu. <\/p><\/div><\/div><div class=\"wp-block-uagb-faq-child uagb-faq-child__outer-wrap uagb-faq-item uagb-block-c7b6f203 \" role=\"tab\" tabindex=\"0\"><div class=\"uagb-faq-questions-button uagb-faq-questions\">\t\t\t<span class=\"uagb-icon uagb-faq-icon-wrap\">\n\t\t\t\t\t\t\t<\/span>\n\t\t\t\t\t\t<span class=\"uagb-icon-active uagb-faq-icon-wrap\">\n\t\t\t\t\t\t\t\t<svg xmlns=\"https:\/\/www.w3.org\/2000\/svg\" viewBox= \"0 0 320 512\"><path d=\"M9.39 265.4l127.1-128C143.6 131.1 151.8 128 160 128s16.38 3.125 22.63 9.375l127.1 128c9.156 9.156 11.9 22.91 6.943 34.88S300.9 320 287.1 320H32.01c-12.94 0-24.62-7.781-29.58-19.75S.2333 274.5 9.39 265.4z\"><\/path><\/svg>\n\t\t\t\t\t\t\t<\/span>\n\t\t\t<h3 class=\"uagb-question\">Kolik stoj\u00ed m\u00fdtn\u00e9 v rakousk\u00e9m tunelu Katschberg? <\/h3><\/div><div class=\"uagb-faq-content\"><p>Cena jedn\u00e9 j\u00edzdy tunelem Katschberg je 13,50 EUR (od roku 2023).<\/p><\/div><\/div><div class=\"wp-block-uagb-faq-child uagb-faq-child__outer-wrap uagb-faq-item uagb-block-66a7673f \" role=\"tab\" tabindex=\"0\"><div class=\"uagb-faq-questions-button uagb-faq-questions\">\t\t\t<span class=\"uagb-icon uagb-faq-icon-wrap\">\n\t\t\t\t\t\t\t<\/span>\n\t\t\t\t\t\t<span class=\"uagb-icon-active uagb-faq-icon-wrap\">\n\t\t\t\t\t\t\t\t<svg xmlns=\"https:\/\/www.w3.org\/2000\/svg\" viewBox= \"0 0 320 512\"><path d=\"M9.39 265.4l127.1-128C143.6 131.1 151.8 128 160 128s16.38 3.125 22.63 9.375l127.1 128c9.156 9.156 11.9 22.91 6.943 34.88S300.9 320 287.1 320H32.01c-12.94 0-24.62-7.781-29.58-19.75S.2333 274.5 9.39 265.4z\"><\/path><\/svg>\n\t\t\t\t\t\t\t<\/span>\n\t\t\t<h3 class=\"uagb-question\">Jak dlouho trv\u00e1 cesta tunelem Katschberg?<\/h3><\/div><div class=\"uagb-faq-content\"><p>Cesta tunelem Katschberg trv\u00e1 asi 10 minut.<\/p><\/div><\/div><div class=\"wp-block-uagb-faq-child uagb-faq-child__outer-wrap uagb-faq-item uagb-block-88984a11 \" role=\"tab\" tabindex=\"0\"><div class=\"uagb-faq-questions-button uagb-faq-questions\">\t\t\t<span class=\"uagb-icon uagb-faq-icon-wrap\">\n\t\t\t\t\t\t\t<\/span>\n\t\t\t\t\t\t<span class=\"uagb-icon-active uagb-faq-icon-wrap\">\n\t\t\t\t\t\t\t\t<svg xmlns=\"https:\/\/www.w3.org\/2000\/svg\" viewBox= \"0 0 320 512\"><path d=\"M9.39 265.4l127.1-128C143.6 131.1 151.8 128 160 128s16.38 3.125 22.63 9.375l127.1 128c9.156 9.156 11.9 22.91 6.943 34.88S300.9 320 287.1 320H32.01c-12.94 0-24.62-7.781-29.58-19.75S.2333 274.5 9.39 265.4z\"><\/path><\/svg>\n\t\t\t\t\t\t\t<\/span>\n\t\t\t<h3 class=\"uagb-question\">Jak \u0161irok\u00fd a vysok\u00fd je tunel Katschberg?<\/h3><\/div><div class=\"uagb-faq-content\"><p>\u0160\u00ed\u0159ka vozovky v\u00fdchodn\u00edho a z\u00e1padn\u00edho tubusu je 7,50 metru. V\u00fd\u0161ka tunelu Katschberg je 4,70 metru. <\/p><\/div><\/div><\/div><\/div><\/div>\n","protected":false},"excerpt":{"rendered":"<p>M\u00fdtn\u00e9 v tunelu Katschberg Rakousko M\u00fdtn\u00e9 v tunelu Katschberg Rakousko (d\u00e1lnice A 10 Tauern) Katschbergsk\u00fd tunel se rozprost\u00edr\u00e1 v d\u00e9lce [&hellip;]<\/p>\n","protected":false},"author":2,"featured_media":0,"parent":0,"menu_order":0,"comment_status":"closed","ping_status":"closed","template":"","meta":{"_uag_custom_page_level_css":"","site-sidebar-layout":"no-sidebar","site-content-layout":"","ast-site-content-layout":"normal-width-container","site-content-style":"unboxed","site-sidebar-style":"unboxed","ast-global-header-display":"","ast-banner-title-visibility":"","ast-main-header-display":"","ast-hfb-above-header-display":"","ast-hfb-below-header-display":"","ast-hfb-mobile-header-display":"","site-post-title":"disabled","ast-breadcrumbs-content":"","ast-featured-img":"","footer-sml-layout":"","ast-disable-related-posts":"","theme-transparent-header-meta":"enabled","adv-header-id-meta":"","stick-header-meta":"","header-above-stick-meta":"","header-main-stick-meta":"","header-below-stick-meta":"","astra-migrate-meta-layouts":"default","ast-page-background-enabled":"default","ast-page-background-meta":{"desktop":{"background-color":"var(--ast-global-color-5)","background-image":"","background-repeat":"repeat","background-position":"center center","background-size":"auto","background-attachment":"scroll","background-type":"","background-media":"","overlay-type":"","overlay-color":"","overlay-opacity":"","overlay-gradient":""},"tablet":{"background-color":"","background-image":"","background-repeat":"repeat","background-position":"center center","background-size":"auto","background-attachment":"scroll","background-type":"","background-media":"","overlay-type":"","overlay-color":"","overlay-opacity":"","overlay-gradient":""},"mobile":{"background-color":"","background-image":"","background-repeat":"repeat","background-position":"center center","background-size":"auto","background-attachment":"scroll","background-type":"","background-media":"","overlay-type":"","overlay-color":"","overlay-opacity":"","overlay-gradient":""}},"ast-content-background-meta":{"desktop":{"background-color":"var(--ast-global-color-4)","background-image":"","background-repeat":"repeat","background-position":"center center","background-size":"auto","background-attachment":"scroll","background-type":"","background-media":"","overlay-type":"","overlay-color":"","overlay-opacity":"","overlay-gradient":""},"tablet":{"background-color":"var(--ast-global-color-4)","background-image":"","background-repeat":"repeat","background-position":"center center","background-size":"auto","background-attachment":"scroll","background-type":"","background-media":"","overlay-type":"","overlay-color":"","overlay-opacity":"","overlay-gradient":""},"mobile":{"background-color":"var(--ast-global-color-4)","background-image":"","background-repeat":"repeat","background-position":"center center","background-size":"auto","background-attachment":"scroll","background-type":"","background-media":"","overlay-type":"","overlay-color":"","overlay-opacity":"","overlay-gradient":""}},"footnotes":""},"class_list":["post-6855","page","type-page","status-publish","hentry"],"yoast_head":"<!-- This site is optimized with the Yoast SEO plugin v27.1.1 - https:\/\/yoast.com\/product\/yoast-seo-wordpress\/ -->\n<title>M\u00fdtn\u00e9 v tunelu Katschberg Rakousko - Digit\u00e1ln\u00ed m\u00fdtn\u00e9<\/title>\n<meta name=\"description\" content=\"Kupte si m\u00fdtn\u00e9 Katschbergtunnel Rakousko na d\u00e1lnici A10 Tauern rychle a pohodln\u011b online v na\u0161em internetov\u00e9m obchod\u011b. Plat\u00ed ihned.\" \/>\n<meta name=\"robots\" content=\"index, follow, max-snippet:-1, max-image-preview:large, max-video-preview:-1\" \/>\n<link rel=\"canonical\" href=\"https:\/\/tollscout.eu\/cs\/mytne-v-tunelu-katschberg-rakousko\/\" \/>\n<meta property=\"og:locale\" content=\"cs_CZ\" \/>\n<meta property=\"og:type\" content=\"article\" \/>\n<meta property=\"og:title\" content=\"M\u00fdtn\u00e9 v tunelu Katschberg Rakousko - Digit\u00e1ln\u00ed m\u00fdtn\u00e9\" \/>\n<meta property=\"og:description\" content=\"Kupte si m\u00fdtn\u00e9 Katschbergtunnel Rakousko na d\u00e1lnici A10 Tauern rychle a pohodln\u011b online v na\u0161em internetov\u00e9m obchod\u011b. Plat\u00ed ihned.\" \/>\n<meta property=\"og:url\" content=\"https:\/\/tollscout.eu\/cs\/mytne-v-tunelu-katschberg-rakousko\/\" \/>\n<meta property=\"og:site_name\" content=\"Tollscout\u00ae\" \/>\n<meta property=\"article:publisher\" content=\"https:\/\/facebook.com\/tollscout\" \/>\n<meta property=\"article:modified_time\" content=\"2024-07-31T23:50:15+00:00\" \/>\n<meta property=\"og:image\" content=\"https:\/\/tollscout.eu\/wp-content\/uploads\/2023\/08\/logo_color_360x92px.png\" \/>\n\t<meta property=\"og:image:width\" content=\"360\" \/>\n\t<meta property=\"og:image:height\" content=\"92\" \/>\n\t<meta property=\"og:image:type\" content=\"image\/png\" \/>\n<meta name=\"twitter:card\" content=\"summary_large_image\" \/>\n<meta name=\"twitter:site\" content=\"@tollscout\" \/>\n<meta name=\"twitter:label1\" content=\"Odhadovan\u00e1 doba \u010dten\u00ed\" \/>\n\t<meta name=\"twitter:data1\" content=\"1 minuta\" \/>\n<script type=\"application\/ld+json\" class=\"yoast-schema-graph\">{\"@context\":\"https:\/\/schema.org\",\"@graph\":[{\"@type\":\"WebPage\",\"@id\":\"https:\/\/tollscout.eu\/cs\/mytne-v-tunelu-katschberg-rakousko\/\",\"url\":\"https:\/\/tollscout.eu\/cs\/mytne-v-tunelu-katschberg-rakousko\/\",\"name\":\"M\u00fdtn\u00e9 v tunelu Katschberg Rakousko - Digit\u00e1ln\u00ed m\u00fdtn\u00e9\",\"isPartOf\":{\"@id\":\"https:\/\/tollscout.eu\/cs\/#website\"},\"datePublished\":\"2023-08-25T09:52:28+00:00\",\"dateModified\":\"2024-07-31T23:50:15+00:00\",\"description\":\"Kupte si m\u00fdtn\u00e9 Katschbergtunnel Rakousko na d\u00e1lnici A10 Tauern rychle a pohodln\u011b online v na\u0161em internetov\u00e9m obchod\u011b. Plat\u00ed ihned.\",\"breadcrumb\":{\"@id\":\"https:\/\/tollscout.eu\/cs\/mytne-v-tunelu-katschberg-rakousko\/#breadcrumb\"},\"inLanguage\":\"cs\",\"potentialAction\":[{\"@type\":\"ReadAction\",\"target\":[\"https:\/\/tollscout.eu\/cs\/mytne-v-tunelu-katschberg-rakousko\/\"]}]},{\"@type\":\"BreadcrumbList\",\"@id\":\"https:\/\/tollscout.eu\/cs\/mytne-v-tunelu-katschberg-rakousko\/#breadcrumb\",\"itemListElement\":[{\"@type\":\"ListItem\",\"position\":1,\"name\":\"Startseite\",\"item\":\"https:\/\/tollscout.eu\/cs\/\"},{\"@type\":\"ListItem\",\"position\":2,\"name\":\"M\u00fdtn\u00e9 v tunelu Katschberg Rakousko\"}]},{\"@type\":\"WebSite\",\"@id\":\"https:\/\/tollscout.eu\/cs\/#website\",\"url\":\"https:\/\/tollscout.eu\/cs\/\",\"name\":\"Tollscout\u00ae\",\"description\":\"\",\"publisher\":{\"@id\":\"https:\/\/tollscout.eu\/cs\/#organization\"},\"potentialAction\":[{\"@type\":\"SearchAction\",\"target\":{\"@type\":\"EntryPoint\",\"urlTemplate\":\"https:\/\/tollscout.eu\/cs\/?s={search_term_string}\"},\"query-input\":{\"@type\":\"PropertyValueSpecification\",\"valueRequired\":true,\"valueName\":\"search_term_string\"}}],\"inLanguage\":\"cs\"},{\"@type\":\"Organization\",\"@id\":\"https:\/\/tollscout.eu\/cs\/#organization\",\"name\":\"TollScout\",\"alternateName\":\"TollScout\",\"url\":\"https:\/\/tollscout.eu\/cs\/\",\"logo\":{\"@type\":\"ImageObject\",\"inLanguage\":\"cs\",\"@id\":\"https:\/\/tollscout.eu\/cs\/#\/schema\/logo\/image\/\",\"url\":\"https:\/\/tollscout.eu\/wp-content\/uploads\/2023\/11\/logo_social_media_1024.png\",\"contentUrl\":\"https:\/\/tollscout.eu\/wp-content\/uploads\/2023\/11\/logo_social_media_1024.png\",\"width\":1024,\"height\":1024,\"caption\":\"TollScout\"},\"image\":{\"@id\":\"https:\/\/tollscout.eu\/cs\/#\/schema\/logo\/image\/\"},\"sameAs\":[\"https:\/\/facebook.com\/tollscout\",\"https:\/\/x.com\/tollscout\",\"https:\/\/instagram.com\/tollscout\"]}]}<\/script>\n<!-- \/ Yoast SEO plugin. -->","yoast_head_json":{"title":"M\u00fdtn\u00e9 v tunelu Katschberg Rakousko - Digit\u00e1ln\u00ed m\u00fdtn\u00e9","description":"Kupte si m\u00fdtn\u00e9 Katschbergtunnel Rakousko na d\u00e1lnici A10 Tauern rychle a pohodln\u011b online v na\u0161em internetov\u00e9m obchod\u011b. Plat\u00ed ihned.","robots":{"index":"index","follow":"follow","max-snippet":"max-snippet:-1","max-image-preview":"max-image-preview:large","max-video-preview":"max-video-preview:-1"},"canonical":"https:\/\/tollscout.eu\/cs\/mytne-v-tunelu-katschberg-rakousko\/","og_locale":"cs_CZ","og_type":"article","og_title":"M\u00fdtn\u00e9 v tunelu Katschberg Rakousko - Digit\u00e1ln\u00ed m\u00fdtn\u00e9","og_description":"Kupte si m\u00fdtn\u00e9 Katschbergtunnel Rakousko na d\u00e1lnici A10 Tauern rychle a pohodln\u011b online v na\u0161em internetov\u00e9m obchod\u011b. Plat\u00ed ihned.","og_url":"https:\/\/tollscout.eu\/cs\/mytne-v-tunelu-katschberg-rakousko\/","og_site_name":"Tollscout\u00ae","article_publisher":"https:\/\/facebook.com\/tollscout","article_modified_time":"2024-07-31T23:50:15+00:00","og_image":[{"width":360,"height":92,"url":"https:\/\/tollscout.eu\/wp-content\/uploads\/2023\/08\/logo_color_360x92px.png","type":"image\/png"}],"twitter_card":"summary_large_image","twitter_site":"@tollscout","twitter_misc":{"Odhadovan\u00e1 doba \u010dten\u00ed":"1 minuta"},"schema":{"@context":"https:\/\/schema.org","@graph":[{"@type":"WebPage","@id":"https:\/\/tollscout.eu\/cs\/mytne-v-tunelu-katschberg-rakousko\/","url":"https:\/\/tollscout.eu\/cs\/mytne-v-tunelu-katschberg-rakousko\/","name":"M\u00fdtn\u00e9 v tunelu Katschberg Rakousko - Digit\u00e1ln\u00ed m\u00fdtn\u00e9","isPartOf":{"@id":"https:\/\/tollscout.eu\/cs\/#website"},"datePublished":"2023-08-25T09:52:28+00:00","dateModified":"2024-07-31T23:50:15+00:00","description":"Kupte si m\u00fdtn\u00e9 Katschbergtunnel Rakousko na d\u00e1lnici A10 Tauern rychle a pohodln\u011b online v na\u0161em internetov\u00e9m obchod\u011b. Plat\u00ed ihned.","breadcrumb":{"@id":"https:\/\/tollscout.eu\/cs\/mytne-v-tunelu-katschberg-rakousko\/#breadcrumb"},"inLanguage":"cs","potentialAction":[{"@type":"ReadAction","target":["https:\/\/tollscout.eu\/cs\/mytne-v-tunelu-katschberg-rakousko\/"]}]},{"@type":"BreadcrumbList","@id":"https:\/\/tollscout.eu\/cs\/mytne-v-tunelu-katschberg-rakousko\/#breadcrumb","itemListElement":[{"@type":"ListItem","position":1,"name":"Startseite","item":"https:\/\/tollscout.eu\/cs\/"},{"@type":"ListItem","position":2,"name":"M\u00fdtn\u00e9 v tunelu Katschberg Rakousko"}]},{"@type":"WebSite","@id":"https:\/\/tollscout.eu\/cs\/#website","url":"https:\/\/tollscout.eu\/cs\/","name":"Tollscout\u00ae","description":"","publisher":{"@id":"https:\/\/tollscout.eu\/cs\/#organization"},"potentialAction":[{"@type":"SearchAction","target":{"@type":"EntryPoint","urlTemplate":"https:\/\/tollscout.eu\/cs\/?s={search_term_string}"},"query-input":{"@type":"PropertyValueSpecification","valueRequired":true,"valueName":"search_term_string"}}],"inLanguage":"cs"},{"@type":"Organization","@id":"https:\/\/tollscout.eu\/cs\/#organization","name":"TollScout","alternateName":"TollScout","url":"https:\/\/tollscout.eu\/cs\/","logo":{"@type":"ImageObject","inLanguage":"cs","@id":"https:\/\/tollscout.eu\/cs\/#\/schema\/logo\/image\/","url":"https:\/\/tollscout.eu\/wp-content\/uploads\/2023\/11\/logo_social_media_1024.png","contentUrl":"https:\/\/tollscout.eu\/wp-content\/uploads\/2023\/11\/logo_social_media_1024.png","width":1024,"height":1024,"caption":"TollScout"},"image":{"@id":"https:\/\/tollscout.eu\/cs\/#\/schema\/logo\/image\/"},"sameAs":["https:\/\/facebook.com\/tollscout","https:\/\/x.com\/tollscout","https:\/\/instagram.com\/tollscout"]}]}},"uagb_featured_image_src":{"full":false,"thumbnail":false,"medium":false,"medium_large":false,"large":false,"1536x1536":false,"2048x2048":false,"gform-image-choice-sm":false,"gform-image-choice-md":false,"gform-image-choice-lg":false},"uagb_author_info":{"display_name":"Tollscout","author_link":"https:\/\/tollscout.eu\/cs\/author\/m-hemm\/"},"uagb_comment_info":0,"uagb_excerpt":"M\u00fdtn\u00e9 v tunelu Katschberg Rakousko M\u00fdtn\u00e9 v tunelu Katschberg Rakousko (d\u00e1lnice A 10 Tauern) Katschbergsk\u00fd tunel se rozprost\u00edr\u00e1 v d\u00e9lce [&hellip;]","_links":{"self":[{"href":"https:\/\/tollscout.eu\/cs\/wp-json\/wp\/v2\/pages\/6855","targetHints":{"allow":["GET"]}}],"collection":[{"href":"https:\/\/tollscout.eu\/cs\/wp-json\/wp\/v2\/pages"}],"about":[{"href":"https:\/\/tollscout.eu\/cs\/wp-json\/wp\/v2\/types\/page"}],"author":[{"embeddable":true,"href":"https:\/\/tollscout.eu\/cs\/wp-json\/wp\/v2\/users\/2"}],"replies":[{"embeddable":true,"href":"https:\/\/tollscout.eu\/cs\/wp-json\/wp\/v2\/comments?post=6855"}],"version-history":[{"count":4,"href":"https:\/\/tollscout.eu\/cs\/wp-json\/wp\/v2\/pages\/6855\/revisions"}],"predecessor-version":[{"id":9080,"href":"https:\/\/tollscout.eu\/cs\/wp-json\/wp\/v2\/pages\/6855\/revisions\/9080"}],"wp:attachment":[{"href":"https:\/\/tollscout.eu\/cs\/wp-json\/wp\/v2\/media?parent=6855"}],"curies":[{"name":"wp","href":"https:\/\/api.w.org\/{rel}","templated":true}]}}