{"id":6851,"date":"2023-08-24T17:31:39","date_gmt":"2023-08-24T15:31:39","guid":{"rendered":"https:\/\/tollscout.eu\/mytne-v-tunelu-karawanken-rakousko\/"},"modified":"2024-08-01T01:52:39","modified_gmt":"2024-07-31T23:52:39","slug":"mytne-v-tunelu-karawanken-rakousko","status":"publish","type":"page","link":"https:\/\/tollscout.eu\/cs\/mytne-v-tunelu-karawanken-rakousko\/","title":{"rendered":"M\u00fdtn\u00e9 v tunelu Karawanken Rakousko"},"content":{"rendered":"\n<div class=\"wp-block-uagb-container uagb-block-c1e2fce7 alignfull uagb-is-root-container\"><div class=\"uagb-container-inner-blocks-wrap\">\n<div class=\"wp-block-uagb-advanced-heading uagb-block-c767fabd\"><h1 class=\"uagb-heading-text\">M\u00fdtn\u00e9 v tunelu Karawanken Rakousko<\/h1><\/div>\n<\/div><\/div>\n\n<div class=\"wp-block-uagb-container uagb-block-dc200595 alignfull uagb-is-root-container\"><div class=\"uagb-container-inner-blocks-wrap\">\n<div id=\"app\" data-context=\"at\"><\/div>\n<\/div><\/div>\n\n<div class=\"wp-block-uagb-container uagb-block-f356067b alignfull uagb-is-root-container\"><div class=\"uagb-container-inner-blocks-wrap\">\n<div class=\"wp-block-uagb-advanced-heading uagb-block-e02782db\"><h2 class=\"uagb-heading-text\">M\u00fdtn\u00e9 v tunelu Karawanken Rakousko<\/h2><p class=\"uagb-desc-text\">Tunel Karawanken (slovinsky zn\u00e1m\u00fd tak\u00e9 jako Predor Karavanke) se t\u00e1hne v d\u00e9lce t\u00e9m\u011b\u0159 8 kilometr\u016f na hranici mezi Rakouskem a Slovinskem. Spojuje rakouskou Karawanken Autobahn se slovinskou Avtocestou A2 ve sm\u011bru na Lubla\u0148. Tunel vede mezi m\u011bsty Jesenice a Rosenbach, sou\u010d\u00e1st\u00ed Sankt Jakob im Rosental, a p\u0159ekra\u010duje poho\u0159\u00ed Karawanken, kter\u00e9 je sou\u010d\u00e1st\u00ed ji\u017en\u00edch V\u00e1pencov\u00fdch Alp.  <\/p><\/div>\n<\/div><\/div>\n\n<div class=\"wp-block-uagb-container uagb-block-7efd3c31 alignfull uagb-is-root-container\"><div class=\"uagb-container-inner-blocks-wrap\">\n<div class=\"wp-block-uagb-advanced-heading uagb-block-4602874c\"><h2 class=\"uagb-heading-text\">\u010cASTO KLADEN\u00c9 DOTAZY<\/h2><p class=\"uagb-desc-text\">Zde v\u00e1m odpov\u00edme na v\u0161echny ot\u00e1zky t\u00fdkaj\u00edc\u00ed se m\u00fdtn\u00e9ho v tunelu Karawanken v Rakousku.<\/p><\/div>\n\n\n<div class=\"wp-block-uagb-faq uagb-faq__outer-wrap uagb-block-4fe496d4 uagb-faq-icon-row-reverse uagb-faq-layout-accordion uagb-faq-expand-first-false uagb-faq-inactive-other-true uagb-faq__wrap uagb-buttons-layout-wrap uagb-faq-equal-height     \" data-faqtoggle=\"true\" role=\"tablist\"><div class=\"wp-block-uagb-faq-child uagb-faq-child__outer-wrap uagb-faq-item uagb-block-1a70522e \" role=\"tab\" tabindex=\"0\"><div class=\"uagb-faq-questions-button uagb-faq-questions\">\t\t\t<span class=\"uagb-icon uagb-faq-icon-wrap\">\n\t\t\t\t\t\t\t<\/span>\n\t\t\t\t\t\t<span class=\"uagb-icon-active uagb-faq-icon-wrap\">\n\t\t\t\t\t\t\t\t<svg xmlns=\"https:\/\/www.w3.org\/2000\/svg\" viewBox= \"0 0 320 512\"><path d=\"M9.39 265.4l127.1-128C143.6 131.1 151.8 128 160 128s16.38 3.125 22.63 9.375l127.1 128c9.156 9.156 11.9 22.91 6.943 34.88S300.9 320 287.1 320H32.01c-12.94 0-24.62-7.781-29.58-19.75S.2333 274.5 9.39 265.4z\"><\/path><\/svg>\n\t\t\t\t\t\t\t<\/span>\n\t\t\t<h3 class=\"uagb-question\"><strong>Kdy byl tunel Karawanken otev\u0159en pro dopravu?<\/strong><\/h3><\/div><div class=\"uagb-faq-content\"><p>V\u00fdstavba z\u00e1padn\u00edho tubusu tunelu Karawanken byla zah\u00e1jena 12. srpna 1986 pot\u00e9, co ji\u017e byly p\u0159edem p\u0159ipraveny pl\u00e1ny na v\u00fdstavbu tunelu. Dokon\u010dena byla v roce 1991. Stavebn\u00ed pr\u00e1ce na v\u00fdchodn\u00edm tubusu za\u010daly v roce 2018. Ta by m\u011bla b\u00fdt dokon\u010dena do roku 2025. Po dokon\u010den\u00ed v\u00fdchodn\u00edho tubusu bude kompletn\u011b zrekonstruov\u00e1n z\u00e1padn\u00ed tubus. Oba tubusy budou op\u011bt uvoln\u011bny do provozu v roce 2027.     <\/p><\/div><\/div><div class=\"wp-block-uagb-faq-child uagb-faq-child__outer-wrap uagb-faq-item uagb-block-bd4b64b2 \" role=\"tab\" tabindex=\"0\"><div class=\"uagb-faq-questions-button uagb-faq-questions\">\t\t\t<span class=\"uagb-icon uagb-faq-icon-wrap\">\n\t\t\t\t\t\t\t<\/span>\n\t\t\t\t\t\t<span class=\"uagb-icon-active uagb-faq-icon-wrap\">\n\t\t\t\t\t\t\t\t<svg xmlns=\"https:\/\/www.w3.org\/2000\/svg\" viewBox= \"0 0 320 512\"><path d=\"M9.39 265.4l127.1-128C143.6 131.1 151.8 128 160 128s16.38 3.125 22.63 9.375l127.1 128c9.156 9.156 11.9 22.91 6.943 34.88S300.9 320 287.1 320H32.01c-12.94 0-24.62-7.781-29.58-19.75S.2333 274.5 9.39 265.4z\"><\/path><\/svg>\n\t\t\t\t\t\t\t<\/span>\n\t\t\t<h3 class=\"uagb-question\"><strong>Jak dlouh\u00fd je Karawankensk\u00fd tunel (d\u00e1lnice A11 Karawanken)?<\/strong><\/h3><\/div><div class=\"uagb-faq-content\"><p>Z\u00e1padn\u00ed tubus tunelu Karawanken je dlouh\u00fd 7864 metr\u016f a spojuje rakouskou d\u00e1lnici Karawanken se slovinskou d\u00e1lnic\u00ed A2 ve sm\u011bru na <a href=\"https:\/\/de.wikipedia.org\/wiki\/Ljubljana\">Lubla\u0148<\/a>. Karawankensk\u00fd tunel je \u00fasek d\u00e1lnice Karawanken (A11), kter\u00fd je osvobozen od povinnosti platit d\u00e1lni\u010dn\u00ed zn\u00e1mku, ale podl\u00e9h\u00e1 zvl\u00e1\u0161tn\u00edmu m\u00fdtn\u00e9mu. <\/p><\/div><\/div><div class=\"wp-block-uagb-faq-child uagb-faq-child__outer-wrap uagb-faq-item uagb-block-49ae175a wp-block-uagb-faq-child uagb-faq-child__outer-wrap uagb-faq-item uagb-block-49ae175a\" role=\"tab\" tabindex=\"0\"><div class=\"uagb-faq-questions-button uagb-faq-questions\">\t\t\t<span class=\"uagb-icon uagb-faq-icon-wrap\">\n\t\t\t\t\t\t\t<\/span>\n\t\t\t\t\t\t<span class=\"uagb-icon-active uagb-faq-icon-wrap\">\n\t\t\t\t\t\t\t\t<svg xmlns=\"https:\/\/www.w3.org\/2000\/svg\" viewBox= \"0 0 320 512\"><path d=\"M9.39 265.4l127.1-128C143.6 131.1 151.8 128 160 128s16.38 3.125 22.63 9.375l127.1 128c9.156 9.156 11.9 22.91 6.943 34.88S300.9 320 287.1 320H32.01c-12.94 0-24.62-7.781-29.58-19.75S.2333 274.5 9.39 265.4z\"><\/path><\/svg>\n\t\t\t\t\t\t\t<\/span>\n\t\t\t<h3 class=\"uagb-question\"><strong>Pro\u010d je tunel Karawanken vy\u0148at z povinnosti platit d\u00e1lni\u010dn\u00ed zn\u00e1mku?<\/strong><\/h3><\/div><div class=\"uagb-faq-content\"><p>Tunel Karawanken je \u00fasek trasy, kter\u00fd je vy\u0148at z povinnosti d\u00e1lni\u010dn\u00ed zn\u00e1mky, ale podl\u00e9h\u00e1 zvl\u00e1\u0161tn\u00edmu m\u00fdtn\u00e9mu. Tra\u0165ov\u00e9 m\u00fdtn\u00e9 pro Karawankenautobahn A11 a <a href=\"https:\/\/tollscout.eu\/cs\/mytne-v-tauernskem-tunelu-rakousko\/\">Tauernautobahn A10<\/a> lze rychle a pohodln\u011b zakoupit online prost\u0159ednictv\u00edm na\u0161eho online obchodu. <\/p><\/div><\/div><div class=\"wp-block-uagb-faq-child uagb-faq-child__outer-wrap uagb-faq-item uagb-block-c7b6f203 \" role=\"tab\" tabindex=\"0\"><div class=\"uagb-faq-questions-button uagb-faq-questions\">\t\t\t<span class=\"uagb-icon uagb-faq-icon-wrap\">\n\t\t\t\t\t\t\t<\/span>\n\t\t\t\t\t\t<span class=\"uagb-icon-active uagb-faq-icon-wrap\">\n\t\t\t\t\t\t\t\t<svg xmlns=\"https:\/\/www.w3.org\/2000\/svg\" viewBox= \"0 0 320 512\"><path d=\"M9.39 265.4l127.1-128C143.6 131.1 151.8 128 160 128s16.38 3.125 22.63 9.375l127.1 128c9.156 9.156 11.9 22.91 6.943 34.88S300.9 320 287.1 320H32.01c-12.94 0-24.62-7.781-29.58-19.75S.2333 274.5 9.39 265.4z\"><\/path><\/svg>\n\t\t\t\t\t\t\t<\/span>\n\t\t\t<h3 class=\"uagb-question\"><strong>Kolik stoj\u00ed m\u00fdtn\u00e9 v rakousk\u00e9m tunelu Karawanken?<\/strong><\/h3><\/div><div class=\"uagb-faq-content\"><p>Cena jedn\u00e9 j\u00edzdy tunelem Karawanken je 7,80 EUR (od roku 2023).<\/p><\/div><\/div><div class=\"wp-block-uagb-faq-child uagb-faq-child__outer-wrap uagb-faq-item uagb-block-66a7673f \" role=\"tab\" tabindex=\"0\"><div class=\"uagb-faq-questions-button uagb-faq-questions\">\t\t\t<span class=\"uagb-icon uagb-faq-icon-wrap\">\n\t\t\t\t\t\t\t<\/span>\n\t\t\t\t\t\t<span class=\"uagb-icon-active uagb-faq-icon-wrap\">\n\t\t\t\t\t\t\t\t<svg xmlns=\"https:\/\/www.w3.org\/2000\/svg\" viewBox= \"0 0 320 512\"><path d=\"M9.39 265.4l127.1-128C143.6 131.1 151.8 128 160 128s16.38 3.125 22.63 9.375l127.1 128c9.156 9.156 11.9 22.91 6.943 34.88S300.9 320 287.1 320H32.01c-12.94 0-24.62-7.781-29.58-19.75S.2333 274.5 9.39 265.4z\"><\/path><\/svg>\n\t\t\t\t\t\t\t<\/span>\n\t\t\t<h3 class=\"uagb-question\"><strong>Jak dlouho trv\u00e1 cesta tunelem Karawanken?<\/strong><\/h3><\/div><div class=\"uagb-faq-content\"><p>Cesta tunelem Karawanken trv\u00e1 asi 10 minut.<\/p><\/div><\/div><div class=\"wp-block-uagb-faq-child uagb-faq-child__outer-wrap uagb-faq-item uagb-block-24d1f8b5 \" role=\"tab\" tabindex=\"0\"><div class=\"uagb-faq-questions-button uagb-faq-questions\">\t\t\t<span class=\"uagb-icon uagb-faq-icon-wrap\">\n\t\t\t\t\t\t\t<\/span>\n\t\t\t\t\t\t<span class=\"uagb-icon-active uagb-faq-icon-wrap\">\n\t\t\t\t\t\t\t\t<svg xmlns=\"https:\/\/www.w3.org\/2000\/svg\" viewBox= \"0 0 320 512\"><path d=\"M9.39 265.4l127.1-128C143.6 131.1 151.8 128 160 128s16.38 3.125 22.63 9.375l127.1 128c9.156 9.156 11.9 22.91 6.943 34.88S300.9 320 287.1 320H32.01c-12.94 0-24.62-7.781-29.58-19.75S.2333 274.5 9.39 265.4z\"><\/path><\/svg>\n\t\t\t\t\t\t\t<\/span>\n\t\t\t<h3 class=\"uagb-question\"><strong><strong>Jak \u0161irok\u00fd a vysok\u00fd je tunel Karawanken?<\/strong><\/strong><\/h3><\/div><div class=\"uagb-faq-content\"><p>\u0160\u00ed\u0159ka vozovky v\u00fdchodn\u00edho a z\u00e1padn\u00edho tubusu je 7,50 metru. V\u00fd\u0161ka tunelu Karawanken je 4,70 metru. <\/p><\/div><\/div><\/div><\/div><\/div>\n","protected":false},"excerpt":{"rendered":"<p>M\u00fdtn\u00e9 v tunelu Karawanken Rakousko M\u00fdtn\u00e9 v tunelu Karawanken Rakousko Tunel Karawanken (slovinsky zn\u00e1m\u00fd tak\u00e9 jako Predor Karavanke) se t\u00e1hne [&hellip;]<\/p>\n","protected":false},"author":2,"featured_media":0,"parent":0,"menu_order":0,"comment_status":"closed","ping_status":"closed","template":"","meta":{"_uag_custom_page_level_css":"","site-sidebar-layout":"no-sidebar","site-content-layout":"","ast-site-content-layout":"normal-width-container","site-content-style":"unboxed","site-sidebar-style":"unboxed","ast-global-header-display":"","ast-banner-title-visibility":"","ast-main-header-display":"","ast-hfb-above-header-display":"","ast-hfb-below-header-display":"","ast-hfb-mobile-header-display":"","site-post-title":"disabled","ast-breadcrumbs-content":"","ast-featured-img":"","footer-sml-layout":"","ast-disable-related-posts":"","theme-transparent-header-meta":"enabled","adv-header-id-meta":"","stick-header-meta":"","header-above-stick-meta":"","header-main-stick-meta":"","header-below-stick-meta":"","astra-migrate-meta-layouts":"default","ast-page-background-enabled":"default","ast-page-background-meta":{"desktop":{"background-color":"var(--ast-global-color-5)","background-image":"","background-repeat":"repeat","background-position":"center center","background-size":"auto","background-attachment":"scroll","background-type":"","background-media":"","overlay-type":"","overlay-color":"","overlay-opacity":"","overlay-gradient":""},"tablet":{"background-color":"","background-image":"","background-repeat":"repeat","background-position":"center center","background-size":"auto","background-attachment":"scroll","background-type":"","background-media":"","overlay-type":"","overlay-color":"","overlay-opacity":"","overlay-gradient":""},"mobile":{"background-color":"","background-image":"","background-repeat":"repeat","background-position":"center center","background-size":"auto","background-attachment":"scroll","background-type":"","background-media":"","overlay-type":"","overlay-color":"","overlay-opacity":"","overlay-gradient":""}},"ast-content-background-meta":{"desktop":{"background-color":"var(--ast-global-color-4)","background-image":"","background-repeat":"repeat","background-position":"center center","background-size":"auto","background-attachment":"scroll","background-type":"","background-media":"","overlay-type":"","overlay-color":"","overlay-opacity":"","overlay-gradient":""},"tablet":{"background-color":"var(--ast-global-color-4)","background-image":"","background-repeat":"repeat","background-position":"center center","background-size":"auto","background-attachment":"scroll","background-type":"","background-media":"","overlay-type":"","overlay-color":"","overlay-opacity":"","overlay-gradient":""},"mobile":{"background-color":"var(--ast-global-color-4)","background-image":"","background-repeat":"repeat","background-position":"center center","background-size":"auto","background-attachment":"scroll","background-type":"","background-media":"","overlay-type":"","overlay-color":"","overlay-opacity":"","overlay-gradient":""}},"footnotes":""},"class_list":["post-6851","page","type-page","status-publish","hentry"],"yoast_head":"<!-- This site is optimized with the Yoast SEO plugin v27.1.1 - https:\/\/yoast.com\/product\/yoast-seo-wordpress\/ -->\n<title>M\u00fdtn\u00e9 v tunelu Karawanken Rakousko Koupit online - Plat\u00ed okam\u017eit\u011b<\/title>\n<meta name=\"description\" content=\"Karawankentunnel m\u00fdtn\u00e9 Rakousko u n\u00e1s m\u016f\u017eete rychle a snadno zakoupit online. \u017d\u00e1dn\u00e9 lepen\u00ed, \u017e\u00e1dn\u00fd stres. Plat\u00ed ihned\" \/>\n<meta name=\"robots\" content=\"index, follow, max-snippet:-1, max-image-preview:large, max-video-preview:-1\" \/>\n<link rel=\"canonical\" href=\"https:\/\/tollscout.eu\/cs\/mytne-v-tunelu-karawanken-rakousko\/\" \/>\n<meta property=\"og:locale\" content=\"cs_CZ\" \/>\n<meta property=\"og:type\" content=\"article\" \/>\n<meta property=\"og:title\" content=\"M\u00fdtn\u00e9 v tunelu Karawanken Rakousko Koupit online - Plat\u00ed okam\u017eit\u011b\" \/>\n<meta property=\"og:description\" content=\"Karawankentunnel m\u00fdtn\u00e9 Rakousko u n\u00e1s m\u016f\u017eete rychle a snadno zakoupit online. \u017d\u00e1dn\u00e9 lepen\u00ed, \u017e\u00e1dn\u00fd stres. Plat\u00ed ihned\" \/>\n<meta property=\"og:url\" content=\"https:\/\/tollscout.eu\/cs\/mytne-v-tunelu-karawanken-rakousko\/\" \/>\n<meta property=\"og:site_name\" content=\"Tollscout\u00ae\" \/>\n<meta property=\"article:publisher\" content=\"https:\/\/facebook.com\/tollscout\" \/>\n<meta property=\"article:modified_time\" content=\"2024-07-31T23:52:39+00:00\" \/>\n<meta property=\"og:image\" content=\"https:\/\/tollscout.eu\/wp-content\/uploads\/2023\/08\/logo_color_360x92px.png\" \/>\n\t<meta property=\"og:image:width\" content=\"360\" \/>\n\t<meta property=\"og:image:height\" content=\"92\" \/>\n\t<meta property=\"og:image:type\" content=\"image\/png\" \/>\n<meta name=\"twitter:card\" content=\"summary_large_image\" \/>\n<meta name=\"twitter:site\" content=\"@tollscout\" \/>\n<meta name=\"twitter:label1\" content=\"Odhadovan\u00e1 doba \u010dten\u00ed\" \/>\n\t<meta name=\"twitter:data1\" content=\"1 minuta\" \/>\n<script type=\"application\/ld+json\" class=\"yoast-schema-graph\">{\"@context\":\"https:\/\/schema.org\",\"@graph\":[{\"@type\":\"WebPage\",\"@id\":\"https:\/\/tollscout.eu\/cs\/mytne-v-tunelu-karawanken-rakousko\/\",\"url\":\"https:\/\/tollscout.eu\/cs\/mytne-v-tunelu-karawanken-rakousko\/\",\"name\":\"M\u00fdtn\u00e9 v tunelu Karawanken Rakousko Koupit online - Plat\u00ed okam\u017eit\u011b\",\"isPartOf\":{\"@id\":\"https:\/\/tollscout.eu\/cs\/#website\"},\"datePublished\":\"2023-08-24T15:31:39+00:00\",\"dateModified\":\"2024-07-31T23:52:39+00:00\",\"description\":\"Karawankentunnel m\u00fdtn\u00e9 Rakousko u n\u00e1s m\u016f\u017eete rychle a snadno zakoupit online. \u017d\u00e1dn\u00e9 lepen\u00ed, \u017e\u00e1dn\u00fd stres. Plat\u00ed ihned\",\"breadcrumb\":{\"@id\":\"https:\/\/tollscout.eu\/cs\/mytne-v-tunelu-karawanken-rakousko\/#breadcrumb\"},\"inLanguage\":\"cs\",\"potentialAction\":[{\"@type\":\"ReadAction\",\"target\":[\"https:\/\/tollscout.eu\/cs\/mytne-v-tunelu-karawanken-rakousko\/\"]}]},{\"@type\":\"BreadcrumbList\",\"@id\":\"https:\/\/tollscout.eu\/cs\/mytne-v-tunelu-karawanken-rakousko\/#breadcrumb\",\"itemListElement\":[{\"@type\":\"ListItem\",\"position\":1,\"name\":\"Startseite\",\"item\":\"https:\/\/tollscout.eu\/cs\/\"},{\"@type\":\"ListItem\",\"position\":2,\"name\":\"M\u00fdtn\u00e9 v tunelu Karawanken Rakousko\"}]},{\"@type\":\"WebSite\",\"@id\":\"https:\/\/tollscout.eu\/cs\/#website\",\"url\":\"https:\/\/tollscout.eu\/cs\/\",\"name\":\"Tollscout\u00ae\",\"description\":\"\",\"publisher\":{\"@id\":\"https:\/\/tollscout.eu\/cs\/#organization\"},\"potentialAction\":[{\"@type\":\"SearchAction\",\"target\":{\"@type\":\"EntryPoint\",\"urlTemplate\":\"https:\/\/tollscout.eu\/cs\/?s={search_term_string}\"},\"query-input\":{\"@type\":\"PropertyValueSpecification\",\"valueRequired\":true,\"valueName\":\"search_term_string\"}}],\"inLanguage\":\"cs\"},{\"@type\":\"Organization\",\"@id\":\"https:\/\/tollscout.eu\/cs\/#organization\",\"name\":\"TollScout\",\"alternateName\":\"TollScout\",\"url\":\"https:\/\/tollscout.eu\/cs\/\",\"logo\":{\"@type\":\"ImageObject\",\"inLanguage\":\"cs\",\"@id\":\"https:\/\/tollscout.eu\/cs\/#\/schema\/logo\/image\/\",\"url\":\"https:\/\/tollscout.eu\/wp-content\/uploads\/2023\/11\/logo_social_media_1024.png\",\"contentUrl\":\"https:\/\/tollscout.eu\/wp-content\/uploads\/2023\/11\/logo_social_media_1024.png\",\"width\":1024,\"height\":1024,\"caption\":\"TollScout\"},\"image\":{\"@id\":\"https:\/\/tollscout.eu\/cs\/#\/schema\/logo\/image\/\"},\"sameAs\":[\"https:\/\/facebook.com\/tollscout\",\"https:\/\/x.com\/tollscout\",\"https:\/\/instagram.com\/tollscout\"]}]}<\/script>\n<!-- \/ Yoast SEO plugin. -->","yoast_head_json":{"title":"M\u00fdtn\u00e9 v tunelu Karawanken Rakousko Koupit online - Plat\u00ed okam\u017eit\u011b","description":"Karawankentunnel m\u00fdtn\u00e9 Rakousko u n\u00e1s m\u016f\u017eete rychle a snadno zakoupit online. \u017d\u00e1dn\u00e9 lepen\u00ed, \u017e\u00e1dn\u00fd stres. Plat\u00ed ihned","robots":{"index":"index","follow":"follow","max-snippet":"max-snippet:-1","max-image-preview":"max-image-preview:large","max-video-preview":"max-video-preview:-1"},"canonical":"https:\/\/tollscout.eu\/cs\/mytne-v-tunelu-karawanken-rakousko\/","og_locale":"cs_CZ","og_type":"article","og_title":"M\u00fdtn\u00e9 v tunelu Karawanken Rakousko Koupit online - Plat\u00ed okam\u017eit\u011b","og_description":"Karawankentunnel m\u00fdtn\u00e9 Rakousko u n\u00e1s m\u016f\u017eete rychle a snadno zakoupit online. \u017d\u00e1dn\u00e9 lepen\u00ed, \u017e\u00e1dn\u00fd stres. Plat\u00ed ihned","og_url":"https:\/\/tollscout.eu\/cs\/mytne-v-tunelu-karawanken-rakousko\/","og_site_name":"Tollscout\u00ae","article_publisher":"https:\/\/facebook.com\/tollscout","article_modified_time":"2024-07-31T23:52:39+00:00","og_image":[{"width":360,"height":92,"url":"https:\/\/tollscout.eu\/wp-content\/uploads\/2023\/08\/logo_color_360x92px.png","type":"image\/png"}],"twitter_card":"summary_large_image","twitter_site":"@tollscout","twitter_misc":{"Odhadovan\u00e1 doba \u010dten\u00ed":"1 minuta"},"schema":{"@context":"https:\/\/schema.org","@graph":[{"@type":"WebPage","@id":"https:\/\/tollscout.eu\/cs\/mytne-v-tunelu-karawanken-rakousko\/","url":"https:\/\/tollscout.eu\/cs\/mytne-v-tunelu-karawanken-rakousko\/","name":"M\u00fdtn\u00e9 v tunelu Karawanken Rakousko Koupit online - Plat\u00ed okam\u017eit\u011b","isPartOf":{"@id":"https:\/\/tollscout.eu\/cs\/#website"},"datePublished":"2023-08-24T15:31:39+00:00","dateModified":"2024-07-31T23:52:39+00:00","description":"Karawankentunnel m\u00fdtn\u00e9 Rakousko u n\u00e1s m\u016f\u017eete rychle a snadno zakoupit online. \u017d\u00e1dn\u00e9 lepen\u00ed, \u017e\u00e1dn\u00fd stres. Plat\u00ed ihned","breadcrumb":{"@id":"https:\/\/tollscout.eu\/cs\/mytne-v-tunelu-karawanken-rakousko\/#breadcrumb"},"inLanguage":"cs","potentialAction":[{"@type":"ReadAction","target":["https:\/\/tollscout.eu\/cs\/mytne-v-tunelu-karawanken-rakousko\/"]}]},{"@type":"BreadcrumbList","@id":"https:\/\/tollscout.eu\/cs\/mytne-v-tunelu-karawanken-rakousko\/#breadcrumb","itemListElement":[{"@type":"ListItem","position":1,"name":"Startseite","item":"https:\/\/tollscout.eu\/cs\/"},{"@type":"ListItem","position":2,"name":"M\u00fdtn\u00e9 v tunelu Karawanken Rakousko"}]},{"@type":"WebSite","@id":"https:\/\/tollscout.eu\/cs\/#website","url":"https:\/\/tollscout.eu\/cs\/","name":"Tollscout\u00ae","description":"","publisher":{"@id":"https:\/\/tollscout.eu\/cs\/#organization"},"potentialAction":[{"@type":"SearchAction","target":{"@type":"EntryPoint","urlTemplate":"https:\/\/tollscout.eu\/cs\/?s={search_term_string}"},"query-input":{"@type":"PropertyValueSpecification","valueRequired":true,"valueName":"search_term_string"}}],"inLanguage":"cs"},{"@type":"Organization","@id":"https:\/\/tollscout.eu\/cs\/#organization","name":"TollScout","alternateName":"TollScout","url":"https:\/\/tollscout.eu\/cs\/","logo":{"@type":"ImageObject","inLanguage":"cs","@id":"https:\/\/tollscout.eu\/cs\/#\/schema\/logo\/image\/","url":"https:\/\/tollscout.eu\/wp-content\/uploads\/2023\/11\/logo_social_media_1024.png","contentUrl":"https:\/\/tollscout.eu\/wp-content\/uploads\/2023\/11\/logo_social_media_1024.png","width":1024,"height":1024,"caption":"TollScout"},"image":{"@id":"https:\/\/tollscout.eu\/cs\/#\/schema\/logo\/image\/"},"sameAs":["https:\/\/facebook.com\/tollscout","https:\/\/x.com\/tollscout","https:\/\/instagram.com\/tollscout"]}]}},"uagb_featured_image_src":{"full":false,"thumbnail":false,"medium":false,"medium_large":false,"large":false,"1536x1536":false,"2048x2048":false,"gform-image-choice-sm":false,"gform-image-choice-md":false,"gform-image-choice-lg":false},"uagb_author_info":{"display_name":"Tollscout","author_link":"https:\/\/tollscout.eu\/cs\/author\/m-hemm\/"},"uagb_comment_info":0,"uagb_excerpt":"M\u00fdtn\u00e9 v tunelu Karawanken Rakousko M\u00fdtn\u00e9 v tunelu Karawanken Rakousko Tunel Karawanken (slovinsky zn\u00e1m\u00fd tak\u00e9 jako Predor Karavanke) se t\u00e1hne [&hellip;]","_links":{"self":[{"href":"https:\/\/tollscout.eu\/cs\/wp-json\/wp\/v2\/pages\/6851","targetHints":{"allow":["GET"]}}],"collection":[{"href":"https:\/\/tollscout.eu\/cs\/wp-json\/wp\/v2\/pages"}],"about":[{"href":"https:\/\/tollscout.eu\/cs\/wp-json\/wp\/v2\/types\/page"}],"author":[{"embeddable":true,"href":"https:\/\/tollscout.eu\/cs\/wp-json\/wp\/v2\/users\/2"}],"replies":[{"embeddable":true,"href":"https:\/\/tollscout.eu\/cs\/wp-json\/wp\/v2\/comments?post=6851"}],"version-history":[{"count":6,"href":"https:\/\/tollscout.eu\/cs\/wp-json\/wp\/v2\/pages\/6851\/revisions"}],"predecessor-version":[{"id":9093,"href":"https:\/\/tollscout.eu\/cs\/wp-json\/wp\/v2\/pages\/6851\/revisions\/9093"}],"wp:attachment":[{"href":"https:\/\/tollscout.eu\/cs\/wp-json\/wp\/v2\/media?parent=6851"}],"curies":[{"name":"wp","href":"https:\/\/api.w.org\/{rel}","templated":true}]}}