{"id":6789,"date":"2023-09-08T12:48:12","date_gmt":"2023-09-08T10:48:12","guid":{"rendered":"https:\/\/tollscout.eu\/koupit-digitalni-mytne-online\/"},"modified":"2024-07-31T05:54:08","modified_gmt":"2024-07-31T03:54:08","slug":"koupit-digitalni-mytne-online","status":"publish","type":"page","link":"https:\/\/tollscout.eu\/cs\/koupit-digitalni-mytne-online\/","title":{"rendered":"Koupit digit\u00e1ln\u00ed m\u00fdtn\u00e9 online"},"content":{"rendered":"\n<div class=\"wp-block-uagb-container uagb-block-c1e2fce7 alignfull uagb-is-root-container\"><div class=\"uagb-container-inner-blocks-wrap\">\n<div class=\"wp-block-uagb-advanced-heading uagb-block-c767fabd\"><h1 class=\"uagb-heading-text\">Koupit digit\u00e1ln\u00ed m\u00fdtn\u00e9 online<\/h1><\/div>\n<\/div><\/div>\n\n<div class=\"wp-block-uagb-container uagb-block-610baaad alignfull uagb-is-root-container\"><div class=\"uagb-container-inner-blocks-wrap\">\n<div class=\"wp-block-uagb-container uagb-block-31b295f2\">\n<div class=\"wp-block-uagb-info-box uagb-block-2a89b7d9 uagb-infobox__content-wrap  uagb-infobox-icon-above-title uagb-infobox-image-valign-top\"><div class=\"uagb-ifb-content\"><div class=\"uagb-ifb-title-wrap\"><h2 class=\"uagb-ifb-title\">Digit\u00e1ln\u00ed m\u00fdtn\u00e9 Rakousko<\/h2><\/div><p class=\"uagb-ifb-desc\">Digit\u00e1ln\u00ed d\u00e1lni\u010dn\u00ed m\u00fdtn\u00e9 Rakousko je va\u0161\u00edm kl\u00ed\u010dem k bezprobl\u00e9mov\u00fdm j\u00edzd\u00e1m po d\u00e1lnici v srdci Alp. Pohodln\u011b zakoupen\u00fd online umo\u017e\u0148uje cestov\u00e1n\u00ed bez stresu, bez otravn\u00fdch n\u00e1lepek nebo \u010dasov\u00e9ho omezen\u00ed. Objevte majest\u00e1tn\u00ed rakouskou krajinu a historick\u00e1 m\u011bsta a bez starost\u00ed cestujte po silnic\u00edch.  <\/p><div class=\"uagb-ifb-button-wrapper wp-block-button\"><a href=\"https:\/\/tollscout.eu\/digitale-streckenmaut-oesterreich\/\" class=\"uagb-infobox-cta-link wp-block-button__link\" target=\"_self\" rel=\"noopener noreferrer\" onclick=\"return true;\" alt=\"\"><span class=\"uagb-inline-editing\">Koupit online<\/span><\/a><\/div><\/div><\/div>\n<\/div>\n\n\n\n<div class=\"wp-block-uagb-container uagb-block-7db25ae8\">\n<div class=\"wp-block-uagb-image uagb-block-f23a0025 wp-block-uagb-image--layout-default wp-block-uagb-image--effect-static wp-block-uagb-image--align-none\"><figure class=\"wp-block-uagb-image__figure\"><img decoding=\"async\" srcset=\"https:\/\/tollscout.eu\/wp-content\/uploads\/2024\/02\/nikolett-emmert-0kSrcV46cI4-unsplash-1024x683.jpg ,https:\/\/tollscout.eu\/wp-content\/uploads\/2024\/02\/nikolett-emmert-0kSrcV46cI4-unsplash-scaled.jpg 780w, https:\/\/tollscout.eu\/wp-content\/uploads\/2024\/02\/nikolett-emmert-0kSrcV46cI4-unsplash-scaled.jpg 360w\" sizes=\"auto, (max-width: 480px) 150px\" src=\"https:\/\/tollscout.eu\/wp-content\/uploads\/2024\/02\/nikolett-emmert-0kSrcV46cI4-unsplash-1024x683.jpg\" alt=\"Faaker See pobl\u00ed\u017e Villachu, Korutany, z d\u00e1lky.\" class=\"uag-image-5315\" width=\"1024\" height=\"683\" title=\"\" loading=\"lazy\"><\/figure><\/div>\n<\/div>\n<\/div><\/div>\n\n<div class=\"wp-block-uagb-container uagb-block-0fa8dc87 alignfull uagb-is-root-container\"><div class=\"uagb-container-inner-blocks-wrap\">\n<div class=\"wp-block-uagb-container uagb-block-aaa491a8\">\n<div class=\"wp-block-uagb-image uagb-block-95ad5af2 wp-block-uagb-image--layout-default wp-block-uagb-image--effect-static wp-block-uagb-image--align-none\"><figure class=\"wp-block-uagb-image__figure\"><img decoding=\"async\" srcset=\"https:\/\/tollscout.eu\/wp-content\/uploads\/2024\/02\/louismoto-PuUzm0Npxz4-unsplash-1024x767.jpg ,https:\/\/tollscout.eu\/wp-content\/uploads\/2024\/02\/louismoto-PuUzm0Npxz4-unsplash-scaled.jpg 780w, https:\/\/tollscout.eu\/wp-content\/uploads\/2024\/02\/louismoto-PuUzm0Npxz4-unsplash-scaled.jpg 360w\" sizes=\"auto, (max-width: 480px) 150px\" src=\"https:\/\/tollscout.eu\/wp-content\/uploads\/2024\/02\/louismoto-PuUzm0Npxz4-unsplash-1024x767.jpg\" alt=\"Silnice ve slovinsk\u00e9 stepi\" class=\"uag-image-5320\" width=\"1024\" height=\"767\" title=\"\" loading=\"lazy\"><\/figure><\/div>\n<\/div>\n\n\n\n<div class=\"wp-block-uagb-container uagb-block-273f62cc\">\n<div class=\"wp-block-uagb-info-box uagb-block-f179cbd3 uagb-infobox__content-wrap  uagb-infobox-icon-above-title uagb-infobox-image-valign-top\"><div class=\"uagb-ifb-content\"><div class=\"uagb-ifb-title-wrap\"><h2 class=\"uagb-ifb-title\">Digit\u00e1ln\u00ed m\u00fdtn\u00e9 Slovinsko<\/h2><\/div><p class=\"uagb-ifb-desc\">Digit\u00e1ln\u00ed trasa zpoplatn\u011bn\u00e1 Slovinskem otev\u00edr\u00e1 dve\u0159e nezapomenuteln\u00fdm silni\u010dn\u00edm dobrodru\u017estv\u00edm v t\u00e9to kouzeln\u00e9 zemi. Zakoupen\u00fd n\u011bkolika kliknut\u00edmi online umo\u017e\u0148uje plynul\u00e9 j\u00edzdy a p\u0159\u00edstup ke slovinsk\u00fdm sc\u00e9nick\u00fdm stezk\u00e1m. Prozkoumejte rozmanitost slovinsk\u00e9 krajiny a pono\u0159te se do jej\u00ed bohat\u00e9 kultury bez lepidel a \u010dasov\u00fdch omezen\u00ed.  <\/p><div class=\"uagb-ifb-button-wrapper wp-block-button\"><a href=\"https:\/\/tollscout.eu\/digitale-vignette-slowenien-online\/\" class=\"uagb-infobox-cta-link wp-block-button__link\" target=\"_self\" rel=\"noopener noreferrer\" onclick=\"return true;\" alt=\"\"><span class=\"uagb-inline-editing\">V\u00edce informac\u00ed<\/span><\/a><\/div><\/div><\/div>\n<\/div>\n<\/div><\/div>\n","protected":false},"excerpt":{"rendered":"<p>Koupit digit\u00e1ln\u00ed m\u00fdtn\u00e9 online<\/p>\n","protected":false},"author":2,"featured_media":0,"parent":0,"menu_order":0,"comment_status":"closed","ping_status":"closed","template":"","meta":{"_uag_custom_page_level_css":"","site-sidebar-layout":"no-sidebar","site-content-layout":"","ast-site-content-layout":"normal-width-container","site-content-style":"unboxed","site-sidebar-style":"unboxed","ast-global-header-display":"","ast-banner-title-visibility":"","ast-main-header-display":"","ast-hfb-above-header-display":"","ast-hfb-below-header-display":"","ast-hfb-mobile-header-display":"","site-post-title":"disabled","ast-breadcrumbs-content":"","ast-featured-img":"","footer-sml-layout":"","ast-disable-related-posts":"","theme-transparent-header-meta":"enabled","adv-header-id-meta":"","stick-header-meta":"","header-above-stick-meta":"","header-main-stick-meta":"","header-below-stick-meta":"","astra-migrate-meta-layouts":"default","ast-page-background-enabled":"default","ast-page-background-meta":{"desktop":{"background-color":"var(--ast-global-color-5)","background-image":"","background-repeat":"repeat","background-position":"center center","background-size":"auto","background-attachment":"scroll","background-type":"","background-media":"","overlay-type":"","overlay-color":"","overlay-opacity":"","overlay-gradient":""},"tablet":{"background-color":"","background-image":"","background-repeat":"repeat","background-position":"center center","background-size":"auto","background-attachment":"scroll","background-type":"","background-media":"","overlay-type":"","overlay-color":"","overlay-opacity":"","overlay-gradient":""},"mobile":{"background-color":"","background-image":"","background-repeat":"repeat","background-position":"center center","background-size":"auto","background-attachment":"scroll","background-type":"","background-media":"","overlay-type":"","overlay-color":"","overlay-opacity":"","overlay-gradient":""}},"ast-content-background-meta":{"desktop":{"background-color":"var(--ast-global-color-4)","background-image":"","background-repeat":"repeat","background-position":"center center","background-size":"auto","background-attachment":"scroll","background-type":"","background-media":"","overlay-type":"","overlay-color":"","overlay-opacity":"","overlay-gradient":""},"tablet":{"background-color":"var(--ast-global-color-4)","background-image":"","background-repeat":"repeat","background-position":"center center","background-size":"auto","background-attachment":"scroll","background-type":"","background-media":"","overlay-type":"","overlay-color":"","overlay-opacity":"","overlay-gradient":""},"mobile":{"background-color":"var(--ast-global-color-4)","background-image":"","background-repeat":"repeat","background-position":"center center","background-size":"auto","background-attachment":"scroll","background-type":"","background-media":"","overlay-type":"","overlay-color":"","overlay-opacity":"","overlay-gradient":""}},"footnotes":""},"class_list":["post-6789","page","type-page","status-publish","hentry"],"yoast_head":"<!-- This site is optimized with the Yoast SEO plugin v27.1.1 - https:\/\/yoast.com\/product\/yoast-seo-wordpress\/ -->\n<title>Koupit digit\u00e1ln\u00ed m\u00fdtn\u00e9 online Evropa - Plat\u00ed okam\u017eit\u011b<\/title>\n<meta name=\"description\" content=\"Kupte si digit\u00e1ln\u00ed m\u00fdtn\u00e9 online pro celou Evropu. Zaregistrujte digit\u00e1ln\u00ed m\u00fdtn\u00e9 snadno, rychle a bezpe\u010dn\u011b. Plat\u00ed ihned.\" \/>\n<meta name=\"robots\" content=\"index, follow, max-snippet:-1, max-image-preview:large, max-video-preview:-1\" \/>\n<link rel=\"canonical\" href=\"https:\/\/tollscout.eu\/cs\/koupit-digitalni-mytne-online\/\" \/>\n<meta property=\"og:locale\" content=\"cs_CZ\" \/>\n<meta property=\"og:type\" content=\"article\" \/>\n<meta property=\"og:title\" content=\"Koupit digit\u00e1ln\u00ed m\u00fdtn\u00e9 online Evropa - Plat\u00ed okam\u017eit\u011b\" \/>\n<meta property=\"og:description\" content=\"Kupte si digit\u00e1ln\u00ed m\u00fdtn\u00e9 online pro celou Evropu. Zaregistrujte digit\u00e1ln\u00ed m\u00fdtn\u00e9 snadno, rychle a bezpe\u010dn\u011b. Plat\u00ed ihned.\" \/>\n<meta property=\"og:url\" content=\"https:\/\/tollscout.eu\/cs\/koupit-digitalni-mytne-online\/\" \/>\n<meta property=\"og:site_name\" content=\"Tollscout\u00ae\" \/>\n<meta property=\"article:publisher\" content=\"https:\/\/facebook.com\/tollscout\" \/>\n<meta property=\"article:modified_time\" content=\"2024-07-31T03:54:08+00:00\" \/>\n<meta property=\"og:image\" content=\"https:\/\/tollscout.eu\/wp-content\/uploads\/2024\/02\/nikolett-emmert-0kSrcV46cI4-unsplash-1024x683.jpg\" \/>\n<meta name=\"twitter:card\" content=\"summary_large_image\" \/>\n<meta name=\"twitter:site\" content=\"@tollscout\" \/>\n<meta name=\"twitter:label1\" content=\"Odhadovan\u00e1 doba \u010dten\u00ed\" \/>\n\t<meta name=\"twitter:data1\" content=\"1 minuta\" \/>\n<script type=\"application\/ld+json\" class=\"yoast-schema-graph\">{\"@context\":\"https:\/\/schema.org\",\"@graph\":[{\"@type\":\"WebPage\",\"@id\":\"https:\/\/tollscout.eu\/cs\/koupit-digitalni-mytne-online\/\",\"url\":\"https:\/\/tollscout.eu\/cs\/koupit-digitalni-mytne-online\/\",\"name\":\"Koupit digit\u00e1ln\u00ed m\u00fdtn\u00e9 online Evropa - Plat\u00ed okam\u017eit\u011b\",\"isPartOf\":{\"@id\":\"https:\/\/tollscout.eu\/cs\/#website\"},\"primaryImageOfPage\":{\"@id\":\"https:\/\/tollscout.eu\/cs\/koupit-digitalni-mytne-online\/#primaryimage\"},\"image\":{\"@id\":\"https:\/\/tollscout.eu\/cs\/koupit-digitalni-mytne-online\/#primaryimage\"},\"thumbnailUrl\":\"https:\/\/tollscout.eu\/wp-content\/uploads\/2024\/02\/nikolett-emmert-0kSrcV46cI4-unsplash-1024x683.jpg\",\"datePublished\":\"2023-09-08T10:48:12+00:00\",\"dateModified\":\"2024-07-31T03:54:08+00:00\",\"description\":\"Kupte si digit\u00e1ln\u00ed m\u00fdtn\u00e9 online pro celou Evropu. Zaregistrujte digit\u00e1ln\u00ed m\u00fdtn\u00e9 snadno, rychle a bezpe\u010dn\u011b. Plat\u00ed ihned.\",\"breadcrumb\":{\"@id\":\"https:\/\/tollscout.eu\/cs\/koupit-digitalni-mytne-online\/#breadcrumb\"},\"inLanguage\":\"cs\",\"potentialAction\":[{\"@type\":\"ReadAction\",\"target\":[\"https:\/\/tollscout.eu\/cs\/koupit-digitalni-mytne-online\/\"]}]},{\"@type\":\"ImageObject\",\"inLanguage\":\"cs\",\"@id\":\"https:\/\/tollscout.eu\/cs\/koupit-digitalni-mytne-online\/#primaryimage\",\"url\":\"https:\/\/tollscout.eu\/wp-content\/uploads\/2024\/02\/nikolett-emmert-0kSrcV46cI4-unsplash-1024x683.jpg\",\"contentUrl\":\"https:\/\/tollscout.eu\/wp-content\/uploads\/2024\/02\/nikolett-emmert-0kSrcV46cI4-unsplash-1024x683.jpg\"},{\"@type\":\"BreadcrumbList\",\"@id\":\"https:\/\/tollscout.eu\/cs\/koupit-digitalni-mytne-online\/#breadcrumb\",\"itemListElement\":[{\"@type\":\"ListItem\",\"position\":1,\"name\":\"Startseite\",\"item\":\"https:\/\/tollscout.eu\/cs\/\"},{\"@type\":\"ListItem\",\"position\":2,\"name\":\"Koupit digit\u00e1ln\u00ed m\u00fdtn\u00e9 online\"}]},{\"@type\":\"WebSite\",\"@id\":\"https:\/\/tollscout.eu\/cs\/#website\",\"url\":\"https:\/\/tollscout.eu\/cs\/\",\"name\":\"Tollscout\u00ae\",\"description\":\"\",\"publisher\":{\"@id\":\"https:\/\/tollscout.eu\/cs\/#organization\"},\"potentialAction\":[{\"@type\":\"SearchAction\",\"target\":{\"@type\":\"EntryPoint\",\"urlTemplate\":\"https:\/\/tollscout.eu\/cs\/?s={search_term_string}\"},\"query-input\":{\"@type\":\"PropertyValueSpecification\",\"valueRequired\":true,\"valueName\":\"search_term_string\"}}],\"inLanguage\":\"cs\"},{\"@type\":\"Organization\",\"@id\":\"https:\/\/tollscout.eu\/cs\/#organization\",\"name\":\"TollScout\",\"alternateName\":\"TollScout\",\"url\":\"https:\/\/tollscout.eu\/cs\/\",\"logo\":{\"@type\":\"ImageObject\",\"inLanguage\":\"cs\",\"@id\":\"https:\/\/tollscout.eu\/cs\/#\/schema\/logo\/image\/\",\"url\":\"https:\/\/tollscout.eu\/wp-content\/uploads\/2023\/11\/logo_social_media_1024.png\",\"contentUrl\":\"https:\/\/tollscout.eu\/wp-content\/uploads\/2023\/11\/logo_social_media_1024.png\",\"width\":1024,\"height\":1024,\"caption\":\"TollScout\"},\"image\":{\"@id\":\"https:\/\/tollscout.eu\/cs\/#\/schema\/logo\/image\/\"},\"sameAs\":[\"https:\/\/facebook.com\/tollscout\",\"https:\/\/x.com\/tollscout\",\"https:\/\/instagram.com\/tollscout\"]}]}<\/script>\n<!-- \/ Yoast SEO plugin. -->","yoast_head_json":{"title":"Koupit digit\u00e1ln\u00ed m\u00fdtn\u00e9 online Evropa - Plat\u00ed okam\u017eit\u011b","description":"Kupte si digit\u00e1ln\u00ed m\u00fdtn\u00e9 online pro celou Evropu. Zaregistrujte digit\u00e1ln\u00ed m\u00fdtn\u00e9 snadno, rychle a bezpe\u010dn\u011b. Plat\u00ed ihned.","robots":{"index":"index","follow":"follow","max-snippet":"max-snippet:-1","max-image-preview":"max-image-preview:large","max-video-preview":"max-video-preview:-1"},"canonical":"https:\/\/tollscout.eu\/cs\/koupit-digitalni-mytne-online\/","og_locale":"cs_CZ","og_type":"article","og_title":"Koupit digit\u00e1ln\u00ed m\u00fdtn\u00e9 online Evropa - Plat\u00ed okam\u017eit\u011b","og_description":"Kupte si digit\u00e1ln\u00ed m\u00fdtn\u00e9 online pro celou Evropu. Zaregistrujte digit\u00e1ln\u00ed m\u00fdtn\u00e9 snadno, rychle a bezpe\u010dn\u011b. Plat\u00ed ihned.","og_url":"https:\/\/tollscout.eu\/cs\/koupit-digitalni-mytne-online\/","og_site_name":"Tollscout\u00ae","article_publisher":"https:\/\/facebook.com\/tollscout","article_modified_time":"2024-07-31T03:54:08+00:00","og_image":[{"url":"https:\/\/tollscout.eu\/wp-content\/uploads\/2024\/02\/nikolett-emmert-0kSrcV46cI4-unsplash-1024x683.jpg","type":"","width":"","height":""}],"twitter_card":"summary_large_image","twitter_site":"@tollscout","twitter_misc":{"Odhadovan\u00e1 doba \u010dten\u00ed":"1 minuta"},"schema":{"@context":"https:\/\/schema.org","@graph":[{"@type":"WebPage","@id":"https:\/\/tollscout.eu\/cs\/koupit-digitalni-mytne-online\/","url":"https:\/\/tollscout.eu\/cs\/koupit-digitalni-mytne-online\/","name":"Koupit digit\u00e1ln\u00ed m\u00fdtn\u00e9 online Evropa - Plat\u00ed okam\u017eit\u011b","isPartOf":{"@id":"https:\/\/tollscout.eu\/cs\/#website"},"primaryImageOfPage":{"@id":"https:\/\/tollscout.eu\/cs\/koupit-digitalni-mytne-online\/#primaryimage"},"image":{"@id":"https:\/\/tollscout.eu\/cs\/koupit-digitalni-mytne-online\/#primaryimage"},"thumbnailUrl":"https:\/\/tollscout.eu\/wp-content\/uploads\/2024\/02\/nikolett-emmert-0kSrcV46cI4-unsplash-1024x683.jpg","datePublished":"2023-09-08T10:48:12+00:00","dateModified":"2024-07-31T03:54:08+00:00","description":"Kupte si digit\u00e1ln\u00ed m\u00fdtn\u00e9 online pro celou Evropu. Zaregistrujte digit\u00e1ln\u00ed m\u00fdtn\u00e9 snadno, rychle a bezpe\u010dn\u011b. Plat\u00ed ihned.","breadcrumb":{"@id":"https:\/\/tollscout.eu\/cs\/koupit-digitalni-mytne-online\/#breadcrumb"},"inLanguage":"cs","potentialAction":[{"@type":"ReadAction","target":["https:\/\/tollscout.eu\/cs\/koupit-digitalni-mytne-online\/"]}]},{"@type":"ImageObject","inLanguage":"cs","@id":"https:\/\/tollscout.eu\/cs\/koupit-digitalni-mytne-online\/#primaryimage","url":"https:\/\/tollscout.eu\/wp-content\/uploads\/2024\/02\/nikolett-emmert-0kSrcV46cI4-unsplash-1024x683.jpg","contentUrl":"https:\/\/tollscout.eu\/wp-content\/uploads\/2024\/02\/nikolett-emmert-0kSrcV46cI4-unsplash-1024x683.jpg"},{"@type":"BreadcrumbList","@id":"https:\/\/tollscout.eu\/cs\/koupit-digitalni-mytne-online\/#breadcrumb","itemListElement":[{"@type":"ListItem","position":1,"name":"Startseite","item":"https:\/\/tollscout.eu\/cs\/"},{"@type":"ListItem","position":2,"name":"Koupit digit\u00e1ln\u00ed m\u00fdtn\u00e9 online"}]},{"@type":"WebSite","@id":"https:\/\/tollscout.eu\/cs\/#website","url":"https:\/\/tollscout.eu\/cs\/","name":"Tollscout\u00ae","description":"","publisher":{"@id":"https:\/\/tollscout.eu\/cs\/#organization"},"potentialAction":[{"@type":"SearchAction","target":{"@type":"EntryPoint","urlTemplate":"https:\/\/tollscout.eu\/cs\/?s={search_term_string}"},"query-input":{"@type":"PropertyValueSpecification","valueRequired":true,"valueName":"search_term_string"}}],"inLanguage":"cs"},{"@type":"Organization","@id":"https:\/\/tollscout.eu\/cs\/#organization","name":"TollScout","alternateName":"TollScout","url":"https:\/\/tollscout.eu\/cs\/","logo":{"@type":"ImageObject","inLanguage":"cs","@id":"https:\/\/tollscout.eu\/cs\/#\/schema\/logo\/image\/","url":"https:\/\/tollscout.eu\/wp-content\/uploads\/2023\/11\/logo_social_media_1024.png","contentUrl":"https:\/\/tollscout.eu\/wp-content\/uploads\/2023\/11\/logo_social_media_1024.png","width":1024,"height":1024,"caption":"TollScout"},"image":{"@id":"https:\/\/tollscout.eu\/cs\/#\/schema\/logo\/image\/"},"sameAs":["https:\/\/facebook.com\/tollscout","https:\/\/x.com\/tollscout","https:\/\/instagram.com\/tollscout"]}]}},"uagb_featured_image_src":{"full":false,"thumbnail":false,"medium":false,"medium_large":false,"large":false,"1536x1536":false,"2048x2048":false,"gform-image-choice-sm":false,"gform-image-choice-md":false,"gform-image-choice-lg":false},"uagb_author_info":{"display_name":"Tollscout","author_link":"https:\/\/tollscout.eu\/cs\/author\/m-hemm\/"},"uagb_comment_info":0,"uagb_excerpt":"Koupit digit\u00e1ln\u00ed m\u00fdtn\u00e9 online","_links":{"self":[{"href":"https:\/\/tollscout.eu\/cs\/wp-json\/wp\/v2\/pages\/6789","targetHints":{"allow":["GET"]}}],"collection":[{"href":"https:\/\/tollscout.eu\/cs\/wp-json\/wp\/v2\/pages"}],"about":[{"href":"https:\/\/tollscout.eu\/cs\/wp-json\/wp\/v2\/types\/page"}],"author":[{"embeddable":true,"href":"https:\/\/tollscout.eu\/cs\/wp-json\/wp\/v2\/users\/2"}],"replies":[{"embeddable":true,"href":"https:\/\/tollscout.eu\/cs\/wp-json\/wp\/v2\/comments?post=6789"}],"version-history":[{"count":2,"href":"https:\/\/tollscout.eu\/cs\/wp-json\/wp\/v2\/pages\/6789\/revisions"}],"predecessor-version":[{"id":8269,"href":"https:\/\/tollscout.eu\/cs\/wp-json\/wp\/v2\/pages\/6789\/revisions\/8269"}],"wp:attachment":[{"href":"https:\/\/tollscout.eu\/cs\/wp-json\/wp\/v2\/media?parent=6789"}],"curies":[{"name":"wp","href":"https:\/\/api.w.org\/{rel}","templated":true}]}}