{"id":6785,"date":"2023-08-25T12:00:01","date_gmt":"2023-08-25T10:00:01","guid":{"rendered":"https:\/\/tollscout.eu\/brennerske-myto-rakousko\/"},"modified":"2024-08-01T01:31:23","modified_gmt":"2024-07-31T23:31:23","slug":"brennerske-myto-rakousko","status":"publish","type":"page","link":"https:\/\/tollscout.eu\/cs\/brennerske-myto-rakousko\/","title":{"rendered":"Brennersk\u00e9 m\u00fdto Rakousko"},"content":{"rendered":"\n<div class=\"wp-block-uagb-container uagb-block-c1e2fce7 alignfull uagb-is-root-container\"><div class=\"uagb-container-inner-blocks-wrap\">\n<div class=\"wp-block-uagb-advanced-heading uagb-block-c767fabd\"><h1 class=\"uagb-heading-text\">Brennersk\u00e9 m\u00fdto Online Rakousko.<\/h1><\/div>\n<\/div><\/div>\n\n<div class=\"wp-block-uagb-container uagb-block-03d628be alignfull uagb-is-root-container\"><div class=\"uagb-container-inner-blocks-wrap\">\n<div id=\"app\" data-context=\"at\"><\/div>\n<\/div><\/div>\n\n<div class=\"wp-block-uagb-container uagb-block-f356067b alignfull uagb-is-root-container\"><div class=\"uagb-container-inner-blocks-wrap\">\n<div class=\"wp-block-uagb-advanced-heading uagb-block-e02782db\"><h2 class=\"uagb-heading-text\">Brennersk\u00e9 m\u00fdto Online Rakousko.<\/h2><p class=\"uagb-desc-text\">Brennersk\u00e1 d\u00e1lnice A 13, sou\u010d\u00e1st evropsk\u00e9 silnice 45, se t\u00e1hne Tyrolskem a je ned\u00edlnou sou\u010d\u00e1st\u00ed Brennersk\u00e9 d\u00e1lnice, kter\u00e1 byla postavena v 60. letech minul\u00e9ho stolet\u00ed a je pova\u017eov\u00e1na za jednu z prvn\u00edch horsk\u00fdch d\u00e1lnic na sv\u011bt\u011b. Jedn\u00e1 se o rakousk\u00fd \u00fasek Brennersk\u00e9 d\u00e1lnice. 5. dubna 1971 byla ofici\u00e1ln\u011b otev\u0159ena pro provoz mezi Rakouskem a It\u00e1li\u00ed. A 13 vede z Innsbrucku (k\u0159i\u017eovatka Inntal Autobahn A 12) p\u0159es Wipptal do Brennersk\u00e9ho pr\u016fsmyku, kter\u00fd podle Saint-Germainsk\u00e9 smlouvy tvo\u0159\u00ed od roku 1920 hranici mezi It\u00e1li\u00ed a Rakouskem. N\u00e1sleduj\u00edc\u00ed \u00fasek na italsk\u00e9m \u00fazem\u00ed je ozna\u010dov\u00e1n jako A 22, Brennersk\u00e1 d\u00e1lnice\/Autostrada del Brennero nebo jednodu\u0161e Autobrennero.    <\/p><\/div>\n<\/div><\/div>\n\n<div class=\"wp-block-uagb-container uagb-block-7efd3c31 alignfull uagb-is-root-container\"><div class=\"uagb-container-inner-blocks-wrap\">\n<div class=\"wp-block-uagb-advanced-heading uagb-block-4602874c\"><h2 class=\"uagb-heading-text\">\u010cASTO KLADEN\u00c9 DOTAZY<\/h2><p class=\"uagb-desc-text\">Zde v\u00e1m odpov\u00edme na v\u0161echny ot\u00e1zky t\u00fdkaj\u00edc\u00ed se Brennersk\u00e9ho m\u00fdta v Rakousku.<\/p><\/div>\n\n\n<div class=\"wp-block-uagb-faq uagb-faq__outer-wrap uagb-block-4fe496d4 uagb-faq-icon-row-reverse uagb-faq-layout-accordion uagb-faq-expand-first-false uagb-faq-inactive-other-true uagb-faq__wrap uagb-buttons-layout-wrap uagb-faq-equal-height     \" data-faqtoggle=\"true\" role=\"tablist\"><div class=\"wp-block-uagb-faq-child uagb-faq-child__outer-wrap uagb-faq-item uagb-block-1a70522e \" role=\"tab\" tabindex=\"0\"><div class=\"uagb-faq-questions-button uagb-faq-questions\">\t\t\t<span class=\"uagb-icon uagb-faq-icon-wrap\">\n\t\t\t\t\t\t\t<\/span>\n\t\t\t\t\t\t<span class=\"uagb-icon-active uagb-faq-icon-wrap\">\n\t\t\t\t\t\t\t\t<svg xmlns=\"https:\/\/www.w3.org\/2000\/svg\" viewBox= \"0 0 320 512\"><path d=\"M9.39 265.4l127.1-128C143.6 131.1 151.8 128 160 128s16.38 3.125 22.63 9.375l127.1 128c9.156 9.156 11.9 22.91 6.943 34.88S300.9 320 287.1 320H32.01c-12.94 0-24.62-7.781-29.58-19.75S.2333 274.5 9.39 265.4z\"><\/path><\/svg>\n\t\t\t\t\t\t\t<\/span>\n\t\t\t<h3 class=\"uagb-question\">Kolik stoj\u00ed Brennersk\u00e9 m\u00fdto v Rakousku? <\/h3><\/div><div class=\"uagb-faq-content\"><p>M\u00fdtn\u00e9 na Brennersk\u00e9 d\u00e1lnici (A13) se mohou li\u0161it v z\u00e1vislosti na typu vozidla, ro\u010dn\u00ed dob\u011b a \u00faseku trasy. Aktu\u00e1ln\u00ed tarify je vhodn\u00e9 ov\u011b\u0159it na ofici\u00e1ln\u00edch str\u00e1nk\u00e1ch oper\u00e1tora nebo na m\u00fdtnic\u00edch, proto\u017ee se mohou m\u011bnit. Poplatky se obvykle vypo\u010d\u00edt\u00e1vaj\u00ed na z\u00e1klad\u011b najet\u00fdch kilometr\u016f a kategorie vozidla, p\u0159i\u010dem\u017e r\u016fzn\u00e9 ceny plat\u00ed pro osobn\u00ed automobily, obytn\u00e9 vozy, n\u00e1kladn\u00ed automobily a autobusy. K \u00fahrad\u011b m\u00fdtn\u00e9ho na Brennersk\u00e9 d\u00e1lnici je tak\u00e9 mo\u017en\u00e9 vyu\u017e\u00edt r\u016fzn\u00e9 platebn\u00ed mo\u017enosti, jako je hotovost nebo elektronick\u00e9 m\u00fdtn\u00e9 syst\u00e9my.   <\/p><\/div><\/div><div class=\"wp-block-uagb-faq-child uagb-faq-child__outer-wrap uagb-faq-item uagb-block-bd4b64b2 \" role=\"tab\" tabindex=\"0\"><div class=\"uagb-faq-questions-button uagb-faq-questions\">\t\t\t<span class=\"uagb-icon uagb-faq-icon-wrap\">\n\t\t\t\t\t\t\t<\/span>\n\t\t\t\t\t\t<span class=\"uagb-icon-active uagb-faq-icon-wrap\">\n\t\t\t\t\t\t\t\t<svg xmlns=\"https:\/\/www.w3.org\/2000\/svg\" viewBox= \"0 0 320 512\"><path d=\"M9.39 265.4l127.1-128C143.6 131.1 151.8 128 160 128s16.38 3.125 22.63 9.375l127.1 128c9.156 9.156 11.9 22.91 6.943 34.88S300.9 320 287.1 320H32.01c-12.94 0-24.62-7.781-29.58-19.75S.2333 274.5 9.39 265.4z\"><\/path><\/svg>\n\t\t\t\t\t\t\t<\/span>\n\t\t\t<h3 class=\"uagb-question\">Jak se plat\u00ed m\u00fdtn\u00e9 v Brennersk\u00e9m pr\u016fsmyku? <\/h3><\/div><div class=\"uagb-faq-content\"><p>Digit\u00e1ln\u00ed tra\u0165ov\u00e9 m\u00fdtn\u00e9 pro rakouskou \u010d\u00e1st Brennersk\u00e9 d\u00e1lnice A13 lze zakoupit online u n\u00e1s i offline na m\u00fdtn\u00fdch a \u010derpac\u00edch stanic\u00edch. Online n\u00e1kupy nejsou mo\u017en\u00e9 pro italsk\u00fd \u00fasek brennersk\u00e9 d\u00e1lnice A22. Je to proto, \u017ee Rakousko a It\u00e1lie maj\u00ed odli\u0161n\u00e9 m\u00fdtn\u00e9 syst\u00e9my. Z tohoto d\u016fvodu je nutn\u00e9 m\u00fdtn\u00e9 uhradit na m\u00fdtnici.   <\/p><\/div><\/div><div class=\"wp-block-uagb-faq-child uagb-faq-child__outer-wrap uagb-faq-item uagb-block-49ae175a \" role=\"tab\" tabindex=\"0\"><div class=\"uagb-faq-questions-button uagb-faq-questions\">\t\t\t<span class=\"uagb-icon uagb-faq-icon-wrap\">\n\t\t\t\t\t\t\t<\/span>\n\t\t\t\t\t\t<span class=\"uagb-icon-active uagb-faq-icon-wrap\">\n\t\t\t\t\t\t\t\t<svg xmlns=\"https:\/\/www.w3.org\/2000\/svg\" viewBox= \"0 0 320 512\"><path d=\"M9.39 265.4l127.1-128C143.6 131.1 151.8 128 160 128s16.38 3.125 22.63 9.375l127.1 128c9.156 9.156 11.9 22.91 6.943 34.88S300.9 320 287.1 320H32.01c-12.94 0-24.62-7.781-29.58-19.75S.2333 274.5 9.39 265.4z\"><\/path><\/svg>\n\t\t\t\t\t\t\t<\/span>\n\t\t\t<h3 class=\"uagb-question\">Kde se plat\u00ed Brennerovo m\u00fdto?<\/h3><\/div><div class=\"uagb-faq-content\"><p>M\u00fdtn\u00e9 na italsk\u00e9m \u00faseku brennersk\u00e9 d\u00e1lnice <a href=\"https:\/\/de.wikipedia.org\/wiki\/Autostrada_A22\">Autostrada A22<\/a> se plat\u00ed na m\u00fdtn\u00fdch stanic\u00edch um\u00edst\u011bn\u00fdch pod\u00e9l d\u00e1lnice. Na t\u011bchto stanic\u00edch jsou \u0159idi\u010di povinni zaplatit poplatek za povolen\u00ed k vjezdu na d\u00e1lnici. Neexistuje mo\u017enost platit online ani platit m\u00fdtn\u00e9 p\u0159edem. M\u00fdtn\u00e9 pro <a href=\"https:\/\/de.wikipedia.org\/wiki\/Brenner_Autobahn\">rakousk\u00fd \u00fasek brennersk\u00e9 d\u00e1lnice A13<\/a> lze zakoupit offline i online v na\u0161em internetov\u00e9m obchod\u011b.<\/p><\/div><\/div><div class=\"wp-block-uagb-faq-child uagb-faq-child__outer-wrap uagb-faq-item uagb-block-c7b6f203 \" role=\"tab\" tabindex=\"0\"><div class=\"uagb-faq-questions-button uagb-faq-questions\">\t\t\t<span class=\"uagb-icon uagb-faq-icon-wrap\">\n\t\t\t\t\t\t\t<\/span>\n\t\t\t\t\t\t<span class=\"uagb-icon-active uagb-faq-icon-wrap\">\n\t\t\t\t\t\t\t\t<svg xmlns=\"https:\/\/www.w3.org\/2000\/svg\" viewBox= \"0 0 320 512\"><path d=\"M9.39 265.4l127.1-128C143.6 131.1 151.8 128 160 128s16.38 3.125 22.63 9.375l127.1 128c9.156 9.156 11.9 22.91 6.943 34.88S300.9 320 287.1 320H32.01c-12.94 0-24.62-7.781-29.58-19.75S.2333 274.5 9.39 265.4z\"><\/path><\/svg>\n\t\t\t\t\t\t\t<\/span>\n\t\t\t<h3 class=\"uagb-question\">Jakou d\u00e1lni\u010dn\u00ed zn\u00e1mku nebo m\u00fdtn\u00e9 pot\u0159ebuji pro Brennersk\u00fd pr\u016fsmyk?<\/h3><\/div><div class=\"uagb-faq-content\"><p>Kter\u00e9 d\u00e1lni\u010dn\u00ed zn\u00e1mky a\/nebo poplatky za trasu jsou vy\u017eadov\u00e1ny pro Brennersk\u00fd pr\u016fsmyk, z\u00e1vis\u00ed na za\u010d\u00e1tku a c\u00edli. V z\u00e1vislosti na tom, do kter\u00e9ho koutu Evropy se chcete dostat po Brenneru, se li\u0161\u00ed pot\u0159ebn\u00e9 d\u00e1lni\u010dn\u00ed zn\u00e1mky a poplatky za trasu. V na\u0161em internetov\u00e9m obchod\u011b m\u016f\u017eete zakoupit <a href=\"https:\/\/tollscout.eu\/digitale-vignette-oestehttps:\/\/tollscout.eu\/digitale-vignette-oesterreich-online\/rreich-online\/\">d\u00e1lni\u010dn\u00ed zn\u00e1mky pro Rakousko<\/a>, Slovinsko, \u0160v\u00fdcarsko, Rumunsko, Bulharsko, Slovensko, Ma\u010farsko a \u010ceskou republiku. Trasov\u00e9 m\u00fdtn\u00e9 pro Rakousko jsou k dispozici tak\u00e9 u n\u00e1s.    <\/p><\/div><\/div><div class=\"wp-block-uagb-faq-child uagb-faq-child__outer-wrap uagb-faq-item uagb-block-66a7673f \" role=\"tab\" tabindex=\"0\"><div class=\"uagb-faq-questions-button uagb-faq-questions\">\t\t\t<span class=\"uagb-icon uagb-faq-icon-wrap\">\n\t\t\t\t\t\t\t<\/span>\n\t\t\t\t\t\t<span class=\"uagb-icon-active uagb-faq-icon-wrap\">\n\t\t\t\t\t\t\t\t<svg xmlns=\"https:\/\/www.w3.org\/2000\/svg\" viewBox= \"0 0 320 512\"><path d=\"M9.39 265.4l127.1-128C143.6 131.1 151.8 128 160 128s16.38 3.125 22.63 9.375l127.1 128c9.156 9.156 11.9 22.91 6.943 34.88S300.9 320 287.1 320H32.01c-12.94 0-24.62-7.781-29.58-19.75S.2333 274.5 9.39 265.4z\"><\/path><\/svg>\n\t\t\t\t\t\t\t<\/span>\n\t\t\t<h3 class=\"uagb-question\">Kolik stoj\u00ed Brennersk\u00e9 m\u00fdtn\u00e9 do Bolzana?<\/h3><\/div><div class=\"uagb-faq-content\"><p>Nelze obecn\u011b \u0159\u00edci, jak\u00e9 bude m\u00fdtn\u00e9 p\u0159es Brennersk\u00fd pr\u016fsmyk do Bolzana, proto\u017ee z\u00e1le\u017e\u00ed na tom, odkud poch\u00e1z\u00edte. Pokud pojedete z N\u011bmecka nebo Rakouska p\u0159es Brennersk\u00fd pr\u016fsmyk sm\u011brem na Bolzano, budete obvykle muset zaplatit rakouskou d\u00e1lni\u010dn\u00ed zn\u00e1mku a tak\u00e9 d\u00e1lni\u010dn\u00ed poplatky za rakouskou \u010d\u00e1st Brennersk\u00e9 d\u00e1lnice A13 a italskou Brennerskou d\u00e1lnici A22.  <\/p><\/div><\/div><div class=\"wp-block-uagb-faq-child uagb-faq-child__outer-wrap uagb-faq-item uagb-block-fe87bb9c \" role=\"tab\" tabindex=\"0\"><div class=\"uagb-faq-questions-button uagb-faq-questions\">\t\t\t<span class=\"uagb-icon uagb-faq-icon-wrap\">\n\t\t\t\t\t\t\t<\/span>\n\t\t\t\t\t\t<span class=\"uagb-icon-active uagb-faq-icon-wrap\">\n\t\t\t\t\t\t\t\t<svg xmlns=\"https:\/\/www.w3.org\/2000\/svg\" viewBox= \"0 0 320 512\"><path d=\"M9.39 265.4l127.1-128C143.6 131.1 151.8 128 160 128s16.38 3.125 22.63 9.375l127.1 128c9.156 9.156 11.9 22.91 6.943 34.88S300.9 320 287.1 320H32.01c-12.94 0-24.62-7.781-29.58-19.75S.2333 274.5 9.39 265.4z\"><\/path><\/svg>\n\t\t\t\t\t\t\t<\/span>\n\t\t\t<h3 class=\"uagb-question\">Kolik plat\u00edte m\u00fdtn\u00e9 k jezeru Lago di Garda?<\/h3><\/div><div class=\"uagb-faq-content\"><p>Pokud jde o m\u00fdtn\u00e9 p\u0159es Brennersk\u00fd pr\u016fsmyk k jezeru Garda, neexistuje obecn\u00e1 odpov\u011b\u010f, proto\u017ee z\u00e1le\u017e\u00ed na tom, odkud p\u0159ij\u00ed\u017ed\u00edte. Pokud pojedete z N\u011bmecka nebo Rakouska p\u0159es Brennersk\u00fd pr\u016fsmyk sm\u011brem k jezeru Lago di Garda, budete obvykle muset zaplatit rakouskou d\u00e1lni\u010dn\u00ed zn\u00e1mku a tak\u00e9 m\u00fdtn\u00e9 za rakouskou \u010d\u00e1st Brennersk\u00e9 d\u00e1lnice A13 a italskou Brennerskou d\u00e1lnici A22. <\/p><\/div><\/div><\/div><\/div><\/div>\n","protected":false},"excerpt":{"rendered":"<p>Brennersk\u00e9 m\u00fdto Online Rakousko. Brennersk\u00e9 m\u00fdto Online Rakousko. Brennersk\u00e1 d\u00e1lnice A 13, sou\u010d\u00e1st evropsk\u00e9 silnice 45, se t\u00e1hne Tyrolskem a [&hellip;]<\/p>\n","protected":false},"author":2,"featured_media":0,"parent":0,"menu_order":0,"comment_status":"closed","ping_status":"closed","template":"","meta":{"_uag_custom_page_level_css":"","site-sidebar-layout":"no-sidebar","site-content-layout":"","ast-site-content-layout":"normal-width-container","site-content-style":"unboxed","site-sidebar-style":"unboxed","ast-global-header-display":"","ast-banner-title-visibility":"","ast-main-header-display":"","ast-hfb-above-header-display":"","ast-hfb-below-header-display":"","ast-hfb-mobile-header-display":"","site-post-title":"disabled","ast-breadcrumbs-content":"","ast-featured-img":"","footer-sml-layout":"","ast-disable-related-posts":"","theme-transparent-header-meta":"enabled","adv-header-id-meta":"","stick-header-meta":"","header-above-stick-meta":"","header-main-stick-meta":"","header-below-stick-meta":"","astra-migrate-meta-layouts":"default","ast-page-background-enabled":"default","ast-page-background-meta":{"desktop":{"background-color":"var(--ast-global-color-5)","background-image":"","background-repeat":"repeat","background-position":"center center","background-size":"auto","background-attachment":"scroll","background-type":"","background-media":"","overlay-type":"","overlay-color":"","overlay-opacity":"","overlay-gradient":""},"tablet":{"background-color":"","background-image":"","background-repeat":"repeat","background-position":"center center","background-size":"auto","background-attachment":"scroll","background-type":"","background-media":"","overlay-type":"","overlay-color":"","overlay-opacity":"","overlay-gradient":""},"mobile":{"background-color":"","background-image":"","background-repeat":"repeat","background-position":"center center","background-size":"auto","background-attachment":"scroll","background-type":"","background-media":"","overlay-type":"","overlay-color":"","overlay-opacity":"","overlay-gradient":""}},"ast-content-background-meta":{"desktop":{"background-color":"var(--ast-global-color-4)","background-image":"","background-repeat":"repeat","background-position":"center center","background-size":"auto","background-attachment":"scroll","background-type":"","background-media":"","overlay-type":"","overlay-color":"","overlay-opacity":"","overlay-gradient":""},"tablet":{"background-color":"var(--ast-global-color-4)","background-image":"","background-repeat":"repeat","background-position":"center center","background-size":"auto","background-attachment":"scroll","background-type":"","background-media":"","overlay-type":"","overlay-color":"","overlay-opacity":"","overlay-gradient":""},"mobile":{"background-color":"var(--ast-global-color-4)","background-image":"","background-repeat":"repeat","background-position":"center center","background-size":"auto","background-attachment":"scroll","background-type":"","background-media":"","overlay-type":"","overlay-color":"","overlay-opacity":"","overlay-gradient":""}},"footnotes":""},"class_list":["post-6785","page","type-page","status-publish","hentry"],"yoast_head":"<!-- This site is optimized with the Yoast SEO plugin v27.1.1 - https:\/\/yoast.com\/product\/yoast-seo-wordpress\/ -->\n<title>Brennersk\u00e9 m\u00fdto Online Rakousko. - Plat\u00ed okam\u017eit\u011b<\/title>\n<meta name=\"description\" content=\"Brennersk\u00e9 m\u00fdtn\u00e9 online Rakousko. Kupte si digit\u00e1ln\u00ed d\u00e1lni\u010dn\u00ed m\u00fdtn\u00e9 na Brennerskou d\u00e1lnici A13 snadno a rychle online. Plat\u00ed ihned.\" \/>\n<meta name=\"robots\" content=\"index, follow, max-snippet:-1, max-image-preview:large, max-video-preview:-1\" \/>\n<link rel=\"canonical\" href=\"https:\/\/tollscout.eu\/cs\/brennerske-myto-rakousko\/\" \/>\n<meta property=\"og:locale\" content=\"cs_CZ\" \/>\n<meta property=\"og:type\" content=\"article\" \/>\n<meta property=\"og:title\" content=\"Brennersk\u00e9 m\u00fdto Online Rakousko. - Plat\u00ed okam\u017eit\u011b\" \/>\n<meta property=\"og:description\" content=\"Brennersk\u00e9 m\u00fdtn\u00e9 online Rakousko. Kupte si digit\u00e1ln\u00ed d\u00e1lni\u010dn\u00ed m\u00fdtn\u00e9 na Brennerskou d\u00e1lnici A13 snadno a rychle online. Plat\u00ed ihned.\" \/>\n<meta property=\"og:url\" content=\"https:\/\/tollscout.eu\/cs\/brennerske-myto-rakousko\/\" \/>\n<meta property=\"og:site_name\" content=\"Tollscout\u00ae\" \/>\n<meta property=\"article:publisher\" content=\"https:\/\/facebook.com\/tollscout\" \/>\n<meta property=\"article:modified_time\" content=\"2024-07-31T23:31:23+00:00\" \/>\n<meta property=\"og:image\" content=\"https:\/\/tollscout.eu\/wp-content\/uploads\/2023\/08\/logo_color_360x92px.png\" \/>\n<meta name=\"twitter:card\" content=\"summary_large_image\" \/>\n<meta name=\"twitter:image\" content=\"https:\/\/tollscout.eu\/wp-content\/uploads\/2023\/08\/logo_color_360x92px.png\" \/>\n<meta name=\"twitter:site\" content=\"@tollscout\" \/>\n<meta name=\"twitter:label1\" content=\"Odhadovan\u00e1 doba \u010dten\u00ed\" \/>\n\t<meta name=\"twitter:data1\" content=\"1 minuta\" \/>\n<script type=\"application\/ld+json\" class=\"yoast-schema-graph\">{\"@context\":\"https:\/\/schema.org\",\"@graph\":[{\"@type\":\"WebPage\",\"@id\":\"https:\/\/tollscout.eu\/cs\/brennerske-myto-rakousko\/\",\"url\":\"https:\/\/tollscout.eu\/cs\/brennerske-myto-rakousko\/\",\"name\":\"Brennersk\u00e9 m\u00fdto Online Rakousko. - Plat\u00ed okam\u017eit\u011b\",\"isPartOf\":{\"@id\":\"https:\/\/tollscout.eu\/cs\/#website\"},\"datePublished\":\"2023-08-25T10:00:01+00:00\",\"dateModified\":\"2024-07-31T23:31:23+00:00\",\"description\":\"Brennersk\u00e9 m\u00fdtn\u00e9 online Rakousko. Kupte si digit\u00e1ln\u00ed d\u00e1lni\u010dn\u00ed m\u00fdtn\u00e9 na Brennerskou d\u00e1lnici A13 snadno a rychle online. Plat\u00ed ihned.\",\"breadcrumb\":{\"@id\":\"https:\/\/tollscout.eu\/cs\/brennerske-myto-rakousko\/#breadcrumb\"},\"inLanguage\":\"cs\",\"potentialAction\":[{\"@type\":\"ReadAction\",\"target\":[\"https:\/\/tollscout.eu\/cs\/brennerske-myto-rakousko\/\"]}]},{\"@type\":\"BreadcrumbList\",\"@id\":\"https:\/\/tollscout.eu\/cs\/brennerske-myto-rakousko\/#breadcrumb\",\"itemListElement\":[{\"@type\":\"ListItem\",\"position\":1,\"name\":\"Startseite\",\"item\":\"https:\/\/tollscout.eu\/cs\/\"},{\"@type\":\"ListItem\",\"position\":2,\"name\":\"Brennersk\u00e9 m\u00fdto Rakousko\"}]},{\"@type\":\"WebSite\",\"@id\":\"https:\/\/tollscout.eu\/cs\/#website\",\"url\":\"https:\/\/tollscout.eu\/cs\/\",\"name\":\"Tollscout\u00ae\",\"description\":\"\",\"publisher\":{\"@id\":\"https:\/\/tollscout.eu\/cs\/#organization\"},\"potentialAction\":[{\"@type\":\"SearchAction\",\"target\":{\"@type\":\"EntryPoint\",\"urlTemplate\":\"https:\/\/tollscout.eu\/cs\/?s={search_term_string}\"},\"query-input\":{\"@type\":\"PropertyValueSpecification\",\"valueRequired\":true,\"valueName\":\"search_term_string\"}}],\"inLanguage\":\"cs\"},{\"@type\":\"Organization\",\"@id\":\"https:\/\/tollscout.eu\/cs\/#organization\",\"name\":\"TollScout\",\"alternateName\":\"TollScout\",\"url\":\"https:\/\/tollscout.eu\/cs\/\",\"logo\":{\"@type\":\"ImageObject\",\"inLanguage\":\"cs\",\"@id\":\"https:\/\/tollscout.eu\/cs\/#\/schema\/logo\/image\/\",\"url\":\"https:\/\/tollscout.eu\/wp-content\/uploads\/2023\/11\/logo_social_media_1024.png\",\"contentUrl\":\"https:\/\/tollscout.eu\/wp-content\/uploads\/2023\/11\/logo_social_media_1024.png\",\"width\":1024,\"height\":1024,\"caption\":\"TollScout\"},\"image\":{\"@id\":\"https:\/\/tollscout.eu\/cs\/#\/schema\/logo\/image\/\"},\"sameAs\":[\"https:\/\/facebook.com\/tollscout\",\"https:\/\/x.com\/tollscout\",\"https:\/\/instagram.com\/tollscout\"]}]}<\/script>\n<!-- \/ Yoast SEO plugin. -->","yoast_head_json":{"title":"Brennersk\u00e9 m\u00fdto Online Rakousko. - Plat\u00ed okam\u017eit\u011b","description":"Brennersk\u00e9 m\u00fdtn\u00e9 online Rakousko. Kupte si digit\u00e1ln\u00ed d\u00e1lni\u010dn\u00ed m\u00fdtn\u00e9 na Brennerskou d\u00e1lnici A13 snadno a rychle online. Plat\u00ed ihned.","robots":{"index":"index","follow":"follow","max-snippet":"max-snippet:-1","max-image-preview":"max-image-preview:large","max-video-preview":"max-video-preview:-1"},"canonical":"https:\/\/tollscout.eu\/cs\/brennerske-myto-rakousko\/","og_locale":"cs_CZ","og_type":"article","og_title":"Brennersk\u00e9 m\u00fdto Online Rakousko. - Plat\u00ed okam\u017eit\u011b","og_description":"Brennersk\u00e9 m\u00fdtn\u00e9 online Rakousko. Kupte si digit\u00e1ln\u00ed d\u00e1lni\u010dn\u00ed m\u00fdtn\u00e9 na Brennerskou d\u00e1lnici A13 snadno a rychle online. Plat\u00ed ihned.","og_url":"https:\/\/tollscout.eu\/cs\/brennerske-myto-rakousko\/","og_site_name":"Tollscout\u00ae","article_publisher":"https:\/\/facebook.com\/tollscout","article_modified_time":"2024-07-31T23:31:23+00:00","og_image":[{"url":"https:\/\/tollscout.eu\/wp-content\/uploads\/2023\/08\/logo_color_360x92px.png","type":"","width":"","height":""}],"twitter_card":"summary_large_image","twitter_image":"https:\/\/tollscout.eu\/wp-content\/uploads\/2023\/08\/logo_color_360x92px.png","twitter_site":"@tollscout","twitter_misc":{"Odhadovan\u00e1 doba \u010dten\u00ed":"1 minuta"},"schema":{"@context":"https:\/\/schema.org","@graph":[{"@type":"WebPage","@id":"https:\/\/tollscout.eu\/cs\/brennerske-myto-rakousko\/","url":"https:\/\/tollscout.eu\/cs\/brennerske-myto-rakousko\/","name":"Brennersk\u00e9 m\u00fdto Online Rakousko. - Plat\u00ed okam\u017eit\u011b","isPartOf":{"@id":"https:\/\/tollscout.eu\/cs\/#website"},"datePublished":"2023-08-25T10:00:01+00:00","dateModified":"2024-07-31T23:31:23+00:00","description":"Brennersk\u00e9 m\u00fdtn\u00e9 online Rakousko. Kupte si digit\u00e1ln\u00ed d\u00e1lni\u010dn\u00ed m\u00fdtn\u00e9 na Brennerskou d\u00e1lnici A13 snadno a rychle online. Plat\u00ed ihned.","breadcrumb":{"@id":"https:\/\/tollscout.eu\/cs\/brennerske-myto-rakousko\/#breadcrumb"},"inLanguage":"cs","potentialAction":[{"@type":"ReadAction","target":["https:\/\/tollscout.eu\/cs\/brennerske-myto-rakousko\/"]}]},{"@type":"BreadcrumbList","@id":"https:\/\/tollscout.eu\/cs\/brennerske-myto-rakousko\/#breadcrumb","itemListElement":[{"@type":"ListItem","position":1,"name":"Startseite","item":"https:\/\/tollscout.eu\/cs\/"},{"@type":"ListItem","position":2,"name":"Brennersk\u00e9 m\u00fdto Rakousko"}]},{"@type":"WebSite","@id":"https:\/\/tollscout.eu\/cs\/#website","url":"https:\/\/tollscout.eu\/cs\/","name":"Tollscout\u00ae","description":"","publisher":{"@id":"https:\/\/tollscout.eu\/cs\/#organization"},"potentialAction":[{"@type":"SearchAction","target":{"@type":"EntryPoint","urlTemplate":"https:\/\/tollscout.eu\/cs\/?s={search_term_string}"},"query-input":{"@type":"PropertyValueSpecification","valueRequired":true,"valueName":"search_term_string"}}],"inLanguage":"cs"},{"@type":"Organization","@id":"https:\/\/tollscout.eu\/cs\/#organization","name":"TollScout","alternateName":"TollScout","url":"https:\/\/tollscout.eu\/cs\/","logo":{"@type":"ImageObject","inLanguage":"cs","@id":"https:\/\/tollscout.eu\/cs\/#\/schema\/logo\/image\/","url":"https:\/\/tollscout.eu\/wp-content\/uploads\/2023\/11\/logo_social_media_1024.png","contentUrl":"https:\/\/tollscout.eu\/wp-content\/uploads\/2023\/11\/logo_social_media_1024.png","width":1024,"height":1024,"caption":"TollScout"},"image":{"@id":"https:\/\/tollscout.eu\/cs\/#\/schema\/logo\/image\/"},"sameAs":["https:\/\/facebook.com\/tollscout","https:\/\/x.com\/tollscout","https:\/\/instagram.com\/tollscout"]}]}},"uagb_featured_image_src":{"full":false,"thumbnail":false,"medium":false,"medium_large":false,"large":false,"1536x1536":false,"2048x2048":false,"gform-image-choice-sm":false,"gform-image-choice-md":false,"gform-image-choice-lg":false},"uagb_author_info":{"display_name":"Tollscout","author_link":"https:\/\/tollscout.eu\/cs\/author\/m-hemm\/"},"uagb_comment_info":0,"uagb_excerpt":"Brennersk\u00e9 m\u00fdto Online Rakousko. Brennersk\u00e9 m\u00fdto Online Rakousko. Brennersk\u00e1 d\u00e1lnice A 13, sou\u010d\u00e1st evropsk\u00e9 silnice 45, se t\u00e1hne Tyrolskem a [&hellip;]","_links":{"self":[{"href":"https:\/\/tollscout.eu\/cs\/wp-json\/wp\/v2\/pages\/6785","targetHints":{"allow":["GET"]}}],"collection":[{"href":"https:\/\/tollscout.eu\/cs\/wp-json\/wp\/v2\/pages"}],"about":[{"href":"https:\/\/tollscout.eu\/cs\/wp-json\/wp\/v2\/types\/page"}],"author":[{"embeddable":true,"href":"https:\/\/tollscout.eu\/cs\/wp-json\/wp\/v2\/users\/2"}],"replies":[{"embeddable":true,"href":"https:\/\/tollscout.eu\/cs\/wp-json\/wp\/v2\/comments?post=6785"}],"version-history":[{"count":5,"href":"https:\/\/tollscout.eu\/cs\/wp-json\/wp\/v2\/pages\/6785\/revisions"}],"predecessor-version":[{"id":8942,"href":"https:\/\/tollscout.eu\/cs\/wp-json\/wp\/v2\/pages\/6785\/revisions\/8942"}],"wp:attachment":[{"href":"https:\/\/tollscout.eu\/cs\/wp-json\/wp\/v2\/media?parent=6785"}],"curies":[{"name":"wp","href":"https:\/\/api.w.org\/{rel}","templated":true}]}}